{"id":24018,"date":"2023-11-25T14:51:23","date_gmt":"2023-11-25T13:51:23","guid":{"rendered":"https:\/\/www.cuesystem.com\/predvolby-souboru-cookie\/"},"modified":"2024-11-27T09:24:01","modified_gmt":"2024-11-27T08:24:01","slug":"predvolby-souboru-cookie","status":"publish","type":"page","link":"https:\/\/www.cuesystem.com\/cs\/predvolby-souboru-cookie\/","title":{"rendered":"P\u0159edvolby soubor\u016f cookie"},"content":{"rendered":"\t\t<div data-elementor-type=\"wp-page\" data-elementor-id=\"24018\" class=\"elementor elementor-24018 elementor-4128\" data-elementor-post-type=\"page\">\n\t\t\t\t<div class=\"elementor-element elementor-element-590a57f e-flex e-con-boxed e-con e-parent\" data-id=\"590a57f\" data-element_type=\"container\" data-e-type=\"container\">\n\t\t\t\t\t<div class=\"e-con-inner\">\n\t\t<div class=\"elementor-element elementor-element-5a76344 e-flex e-con-boxed e-con e-child\" data-id=\"5a76344\" data-element_type=\"container\" data-e-type=\"container\">\n\t\t\t\t\t<div class=\"e-con-inner\">\n\t\t<div class=\"elementor-element elementor-element-d983248 e-flex e-con-boxed e-con e-child\" data-id=\"d983248\" data-element_type=\"container\" data-e-type=\"container\">\n\t\t\t\t\t<div class=\"e-con-inner\">\n\t\t\t\t<div class=\"elementor-element elementor-element-6934892 elementor-widget elementor-widget-heading\" data-id=\"6934892\" data-element_type=\"widget\" data-e-type=\"widget\" data-widget_type=\"heading.default\">\n\t\t\t\t<div class=\"elementor-widget-container\">\n\t\t\t\t\t<h3 class=\"elementor-heading-title elementor-size-default\"><span style=\"font-size: 20.8px\">Soubory cookie pou\u017e\u00edv\u00e1me k vylep\u0161en\u00ed z\u00e1\u017eitku na webov\u00fdch str\u00e1nk\u00e1ch.<\/span><\/h3>\t\t\t\t<\/div>\n\t\t\t\t<\/div>\n\t\t\t\t<div class=\"elementor-element elementor-element-c71a68e elementor-widget__width-initial elementor-widget elementor-widget-heading\" data-id=\"c71a68e\" data-element_type=\"widget\" data-e-type=\"widget\" data-widget_type=\"heading.default\">\n\t\t\t\t<div class=\"elementor-widget-container\">\n\t\t\t\t\t<h1 class=\"elementor-heading-title elementor-size-default\">P\u0159edvolby soubor\u016f cookie<\/h1>\t\t\t\t<\/div>\n\t\t\t\t<\/div>\n\t\t\t\t\t<\/div>\n\t\t\t\t<\/div>\n\t\t\t\t\t<\/div>\n\t\t\t\t<\/div>\n\t\t\t\t\t<\/div>\n\t\t\t\t<\/div>\n\t\t<div class=\"elementor-element elementor-element-c688a86 e-flex e-con-boxed e-con e-parent\" data-id=\"c688a86\" data-element_type=\"container\" data-e-type=\"container\">\n\t\t\t\t\t<div class=\"e-con-inner\">\n\t\t<div class=\"elementor-element elementor-element-5362f16 e-grid e-con-boxed e-con e-child\" data-id=\"5362f16\" data-element_type=\"container\" data-e-type=\"container\">\n\t\t\t\t\t<div class=\"e-con-inner\">\n\t\t<div class=\"elementor-element elementor-element-66a0b25 e-con-full e-flex e-con e-child\" data-id=\"66a0b25\" data-element_type=\"container\" data-e-type=\"container\">\n\t\t\t\t<div class=\"elementor-element elementor-element-f42ffd5 elementor-widget elementor-widget-heading\" data-id=\"f42ffd5\" data-element_type=\"widget\" data-e-type=\"widget\" data-widget_type=\"heading.default\">\n\t\t\t\t<div class=\"elementor-widget-container\">\n\t\t\t\t\t<h3 class=\"elementor-heading-title elementor-size-default\"><span style=\"font-size: 20.8px\">\u00davod<\/span><\/h3>\t\t\t\t<\/div>\n\t\t\t\t<\/div>\n\t\t\t\t<div class=\"elementor-element elementor-element-38eba48 elementor-widget elementor-widget-text-editor\" data-id=\"38eba48\" data-element_type=\"widget\" data-e-type=\"widget\" data-widget_type=\"text-editor.default\">\n\t\t\t\t<div class=\"elementor-widget-container\">\n\t\t\t\t\t\t\t\t\t<p><span style=\"text-align: var(--text-align); color: var( --e-global-color-primary ); font-family: var( --e-global-typography-primary-font-family ), Sans-serif; font-size: var( --e-global-typography-primary-font-size ); font-weight: var( --e-global-typography-primary-font-weight );\">Soubor cookie je mal\u00fd datov\u00fd soubor, kter\u00fd webov\u00e9 str\u00e1nky ukl\u00e1daj\u00ed za \u00fa\u010delem rychlej\u0161\u00edho pou\u017e\u00edv\u00e1n\u00ed webov\u00e9 str\u00e1nky. To se d\u011bje prost\u0159ednictv\u00edm webu a ulo\u017een\u00e9ho datov\u00e9ho souboru, kter\u00fd m\u016f\u017ee rozpoznat v\u00e1\u0161 po\u010d\u00edta\u010d p\u0159i p\u0159\u00ed\u0161t\u00ed n\u00e1v\u0161t\u011bv\u011b webu. Soubor cookie nen\u00ed pro v\u00e1\u0161 po\u010d\u00edta\u010d \u0161kodliv\u00fd.<\/span><\/p>\n\t\t\t\t\t\t\t\t<\/div>\n\t\t\t\t<\/div>\n\t\t\t\t<\/div>\n\t\t<div class=\"elementor-element elementor-element-873ece5 e-con-full e-flex e-con e-child\" data-id=\"873ece5\" data-element_type=\"container\" data-e-type=\"container\">\n\t\t\t\t<div class=\"elementor-element elementor-element-14fd189 elementor-widget elementor-widget-heading\" data-id=\"14fd189\" data-element_type=\"widget\" data-e-type=\"widget\" data-widget_type=\"heading.default\">\n\t\t\t\t<div class=\"elementor-widget-container\">\n\t\t\t\t\t<h3 class=\"elementor-heading-title elementor-size-default\"><span style=\"font-size: 20.8px\">Co jsou to soubory cookie?<\/span><\/h3>\t\t\t\t<\/div>\n\t\t\t\t<\/div>\n\t\t\t\t<div class=\"elementor-element elementor-element-335e054 elementor-widget elementor-widget-text-editor\" data-id=\"335e054\" data-element_type=\"widget\" data-e-type=\"widget\" data-widget_type=\"text-editor.default\">\n\t\t\t\t<div class=\"elementor-widget-container\">\n\t\t\t\t\t\t\t\t\t<p>Soubor cookie je mal\u00fd textov\u00fd soubor, kter\u00fd webov\u00e1 str\u00e1nka ulo\u017e\u00ed do va\u0161eho po\u010d\u00edta\u010de nebo mobiln\u00edho za\u0159\u00edzen\u00ed, kdy\u017e ji nav\u0161t\u00edv\u00edte. Umo\u017e\u0148uje webov\u00e9 str\u00e1nce zapamatovat si va\u0161e akce a p\u0159edvolby (nap\u0159\u00edklad p\u0159ihl\u00e1\u0161en\u00ed, jazyk, velikost p\u00edsma a dal\u0161\u00ed p\u0159edvolby zobrazen\u00ed) po ur\u010ditou dobu, tak\u017ee je nemus\u00edte znovu zad\u00e1vat, kdykoli se na web vr\u00e1t\u00edte nebo p\u0159ejdete z jedn\u00e9 str\u00e1nky na druhou.<\/p>\n\t\t\t\t\t\t\t\t<\/div>\n\t\t\t\t<\/div>\n\t\t\t\t<\/div>\n\t\t<div class=\"elementor-element elementor-element-6b8122c e-con-full e-flex e-con e-child\" data-id=\"6b8122c\" data-element_type=\"container\" data-e-type=\"container\">\n\t\t\t\t<div class=\"elementor-element elementor-element-6980d92 elementor-widget elementor-widget-heading\" data-id=\"6980d92\" data-element_type=\"widget\" data-e-type=\"widget\" data-widget_type=\"heading.default\">\n\t\t\t\t<div class=\"elementor-widget-container\">\n\t\t\t\t\t<h3 class=\"elementor-heading-title elementor-size-default\"><span style=\"font-size: 20.8px\">Jak ovl\u00e1dat soubory cookie<\/span><\/h3>\t\t\t\t<\/div>\n\t\t\t\t<\/div>\n\t\t\t\t<div class=\"elementor-element elementor-element-2da2d45 elementor-widget elementor-widget-text-editor\" data-id=\"2da2d45\" data-element_type=\"widget\" data-e-type=\"widget\" data-widget_type=\"text-editor.default\">\n\t\t\t\t<div class=\"elementor-widget-container\">\n\t\t\t\t\t\t\t\t\t<p>Soubory cookie m\u016f\u017eete libovoln\u011b kontrolovat a\/nebo mazat &#8211; podrobnosti naleznete zde. V\u0161echny soubory cookie, kter\u00e9 ji\u017e m\u00e1te v po\u010d\u00edta\u010di, m\u016f\u017eete vymazat a v\u011bt\u0161inu prohl\u00ed\u017ee\u010d\u016f m\u016f\u017eete nastavit tak, aby jejich ukl\u00e1d\u00e1n\u00ed zabr\u00e1nily. Pokud to v\u0161ak ud\u011bl\u00e1te, mo\u017en\u00e1 budete muset p\u0159i ka\u017ed\u00e9 n\u00e1v\u0161t\u011bv\u011b webu ru\u010dn\u011b upravovat n\u011bkter\u00e9 p\u0159edvolby a n\u011bkter\u00e9 slu\u017eby a funkce nemus\u00ed fungovat.<\/p>\n\t\t\t\t\t\t\t\t<\/div>\n\t\t\t\t<\/div>\n\t\t\t\t<\/div>\n\t\t<div class=\"elementor-element elementor-element-310e19c e-con-full e-flex e-con e-child\" data-id=\"310e19c\" data-element_type=\"container\" data-e-type=\"container\">\n\t\t\t\t<\/div>\n\t\t<div class=\"elementor-element elementor-element-5b91d9e e-con-full e-flex e-con e-child\" data-id=\"5b91d9e\" data-element_type=\"container\" data-e-type=\"container\">\n\t\t\t\t<\/div>\n\t\t\t\t\t<\/div>\n\t\t\t\t<\/div>\n\t\t\t\t\t<\/div>\n\t\t\t\t<\/div>\n\t\t\t\t<\/div>\n\t\t","protected":false},"excerpt":{"rendered":"<p>Soubory cookie pou\u017e\u00edv\u00e1me k vylep\u0161en\u00ed z\u00e1\u017eitku na webov\u00fdch str\u00e1nk\u00e1ch. P\u0159edvolby soubor\u016f cookie \u00davod Soubor cookie je mal\u00fd datov\u00fd soubor, kter\u00fd webov\u00e9 str\u00e1nky ukl\u00e1daj\u00ed za \u00fa\u010delem rychlej\u0161\u00edho pou\u017e\u00edv\u00e1n\u00ed webov\u00e9 str\u00e1nky. To se d\u011bje prost\u0159ednictv\u00edm webu a ulo\u017een\u00e9ho datov\u00e9ho souboru, kter\u00fd m\u016f\u017ee rozpoznat v\u00e1\u0161 po\u010d\u00edta\u010d p\u0159i p\u0159\u00ed\u0161t\u00ed n\u00e1v\u0161t\u011bv\u011b webu. Soubor cookie nen\u00ed pro v\u00e1\u0161 po\u010d\u00edta\u010d \u0161kodliv\u00fd. Co <a href=\"https:\/\/www.cuesystem.com\/cs\/predvolby-souboru-cookie\/\" class=\"more-link\">&#8230;<span class=\"screen-reader-text\">  P\u0159edvolby soubor\u016f cookie<\/span><\/a><\/p>\n","protected":false},"author":3,"featured_media":0,"parent":0,"menu_order":471,"comment_status":"closed","ping_status":"closed","template":"","meta":{"_acf_changed":false,"inline_featured_image":false,"footnotes":""},"kategorie":[],"class_list":["post-24018","page","type-page","status-publish","hentry"],"acf":[],"_links":{"self":[{"href":"https:\/\/www.cuesystem.com\/cs\/wp-json\/wp\/v2\/pages\/24018","targetHints":{"allow":["GET"]}}],"collection":[{"href":"https:\/\/www.cuesystem.com\/cs\/wp-json\/wp\/v2\/pages"}],"about":[{"href":"https:\/\/www.cuesystem.com\/cs\/wp-json\/wp\/v2\/types\/page"}],"author":[{"embeddable":true,"href":"https:\/\/www.cuesystem.com\/cs\/wp-json\/wp\/v2\/users\/3"}],"replies":[{"embeddable":true,"href":"https:\/\/www.cuesystem.com\/cs\/wp-json\/wp\/v2\/comments?post=24018"}],"version-history":[{"count":4,"href":"https:\/\/www.cuesystem.com\/cs\/wp-json\/wp\/v2\/pages\/24018\/revisions"}],"predecessor-version":[{"id":27532,"href":"https:\/\/www.cuesystem.com\/cs\/wp-json\/wp\/v2\/pages\/24018\/revisions\/27532"}],"wp:attachment":[{"href":"https:\/\/www.cuesystem.com\/cs\/wp-json\/wp\/v2\/media?parent=24018"}],"wp:term":[{"taxonomy":"kategorie","embeddable":true,"href":"https:\/\/www.cuesystem.com\/cs\/wp-json\/wp\/v2\/kategorie?post=24018"}],"curies":[{"name":"wp","href":"https:\/\/api.w.org\/{rel}","templated":true}]}}