{"id":24053,"date":"2023-12-03T14:32:00","date_gmt":"2023-12-03T13:32:00","guid":{"rendered":"https:\/\/www.cuesystem.com\/maloobchodni-prodej\/"},"modified":"2024-02-28T14:10:24","modified_gmt":"2024-02-28T13:10:24","slug":"maloobchod","status":"publish","type":"page","link":"https:\/\/www.cuesystem.com\/cs\/segmenty\/maloobchod\/","title":{"rendered":"Maloobchod"},"content":{"rendered":"\t\t<div data-elementor-type=\"wp-page\" data-elementor-id=\"24053\" class=\"elementor elementor-24053 elementor-5613\" data-elementor-post-type=\"page\">\n\t\t\t\t<div class=\"elementor-element elementor-element-f8f520b e-flex e-con-boxed e-con e-parent\" data-id=\"f8f520b\" data-element_type=\"container\" data-e-type=\"container\">\n\t\t\t\t\t<div class=\"e-con-inner\">\n\t\t\t\t<div class=\"elementor-element elementor-element-4eaae53 elementor-widget elementor-widget-heading\" data-id=\"4eaae53\" data-element_type=\"widget\" data-e-type=\"widget\" data-widget_type=\"heading.default\">\n\t\t\t\t<div class=\"elementor-widget-container\">\n\t\t\t\t\t<h3 class=\"elementor-heading-title elementor-size-default\">Usnadn\u00edme v\u00e1m \u017eivot<\/h3>\t\t\t\t<\/div>\n\t\t\t\t<\/div>\n\t\t\t\t<div class=\"elementor-element elementor-element-6338dd2 elementor-widget elementor-widget-heading\" data-id=\"6338dd2\" data-element_type=\"widget\" data-e-type=\"widget\" data-widget_type=\"heading.default\">\n\t\t\t\t<div class=\"elementor-widget-container\">\n\t\t\t\t\t<h1 class=\"elementor-heading-title elementor-size-default\">v maloobchodn\u00ed sf\u00e9\u0159e<\/h1>\t\t\t\t<\/div>\n\t\t\t\t<\/div>\n\t\t\t\t\t<\/div>\n\t\t\t\t<\/div>\n\t\t<div class=\"elementor-element elementor-element-3b65534 e-flex e-con-boxed e-con e-parent\" data-id=\"3b65534\" data-element_type=\"container\" data-e-type=\"container\" data-settings=\"{&quot;background_background&quot;:&quot;classic&quot;}\">\n\t\t\t\t\t<div class=\"e-con-inner\">\n\t\t\t\t\t<\/div>\n\t\t\t\t<\/div>\n\t\t<div class=\"elementor-element elementor-element-de5480e e-grid e-con-boxed e-con e-parent\" data-id=\"de5480e\" data-element_type=\"container\" data-e-type=\"container\" data-settings=\"{&quot;background_background&quot;:&quot;classic&quot;}\">\n\t\t\t\t\t<div class=\"e-con-inner\">\n\t\t\t\t<div class=\"elementor-element elementor-element-ea8cb5b elementor-widget elementor-widget-heading\" data-id=\"ea8cb5b\" data-element_type=\"widget\" data-e-type=\"widget\" data-widget_type=\"heading.default\">\n\t\t\t\t<div class=\"elementor-widget-container\">\n\t\t\t\t\t<h3 class=\"elementor-heading-title elementor-size-default\">N\u00e1kupn\u00ed centra<\/h3>\t\t\t\t<\/div>\n\t\t\t\t<\/div>\n\t\t\t\t<div class=\"elementor-element elementor-element-6acf2eb elementor-widget elementor-widget-heading\" data-id=\"6acf2eb\" data-element_type=\"widget\" data-e-type=\"widget\" data-widget_type=\"heading.default\">\n\t\t\t\t<div class=\"elementor-widget-container\">\n\t\t\t\t\t<h3 class=\"elementor-heading-title elementor-size-default\">Komer\u010dn\u00ed galerie<\/h3>\t\t\t\t<\/div>\n\t\t\t\t<\/div>\n\t\t\t\t<div class=\"elementor-element elementor-element-1bec153 elementor-widget elementor-widget-heading\" data-id=\"1bec153\" data-element_type=\"widget\" data-e-type=\"widget\" data-widget_type=\"heading.default\">\n\t\t\t\t<div class=\"elementor-widget-container\">\n\t\t\t\t\t<h3 class=\"elementor-heading-title elementor-size-default\">Obchodn\u00ed centra<\/h3>\t\t\t\t<\/div>\n\t\t\t\t<\/div>\n\t\t\t\t\t<\/div>\n\t\t\t\t<\/div>\n\t\t<div class=\"elementor-element elementor-element-128d959 e-flex e-con-boxed e-con e-parent\" data-id=\"128d959\" data-element_type=\"container\" data-e-type=\"container\">\n\t\t\t\t\t<div class=\"e-con-inner\">\n\t\t<div class=\"elementor-element elementor-element-47720d3 e-flex e-con-boxed e-con e-child\" data-id=\"47720d3\" data-element_type=\"container\" data-e-type=\"container\">\n\t\t\t\t\t<div class=\"e-con-inner\">\n\t\t\t\t<div class=\"elementor-element elementor-element-7fac456 elementor-widget__width-initial elementor-widget elementor-widget-text-editor\" data-id=\"7fac456\" data-element_type=\"widget\" data-e-type=\"widget\" data-widget_type=\"text-editor.default\">\n\t\t\t\t<div class=\"elementor-widget-container\">\n\t\t\t\t\t\t\t\t\t<p><b>Zlep\u0161ete <\/b> <b>z\u00e1\u017eitek z nakupov\u00e1n\u00ed<\/b> v n\u00e1kupn\u00edch centrech, komer\u010dn\u00edch galeri\u00edch a obchodn\u00edch centrech pomoc\u00ed na\u0161ich<b> intuitivn\u00edch naviga\u010dn\u00edch<\/b> a <b>kioskov\u00fdch \u0159e\u0161en\u00ed<\/b>. N\u00e1v\u0161t\u011bvn\u00edci se mohou <b>snadno pohybovat<\/b> po obchodn\u00edm centru pomoc\u00ed <b>u\u017eivatelsky p\u0159\u00edv\u011btiv\u00e9 vnit\u0159n\u00ed navigace<\/b>. Na <b>kiosku <\/b>se zobrazuj\u00ed <b>pl\u00e1ny podla\u017e\u00ed<\/b> a <b>pokyny k cest\u011b<\/b> a pomoc\u00ed <b>QR k\u00f3du lze otev\u0159\u00edt<\/b> <b>v\u00edcejazy\u010dnou mobiln\u00ed naviga\u010dn\u00ed aplikaci<\/b>, kter\u00e1 n\u00e1v\u0161t\u011bvn\u00edkovi pom\u016f\u017ee dostat se do zvolen\u00e9ho<b> c\u00edle<\/b>. Barevn\u011b ozna\u010den\u00e1 <b>dostupnost obchod\u016f<\/b>, informace o <b>otev\u00edrac\u00ed dob\u011b<\/b> a o <b>zb\u00fdvaj\u00edc\u00edm \u010dase do uzav\u0159en\u00ed<\/b> pom\u00e1haj\u00ed p\u0159i pl\u00e1nov\u00e1n\u00ed n\u00e1kupn\u00edch tras. V dob\u011b ne\u010dinnosti se na kiosku mohou <b>zobrazovat<\/b> <b>reklamy <\/b>.<\/p>\n\t\t\t\t\t\t\t\t<\/div>\n\t\t\t\t<\/div>\n\t\t\t\t<div class=\"elementor-element elementor-element-1995952 elementor-widget__width-initial elementor-widget elementor-widget-text-editor\" data-id=\"1995952\" data-element_type=\"widget\" data-e-type=\"widget\" data-widget_type=\"text-editor.default\">\n\t\t\t\t<div class=\"elementor-widget-container\">\n\t\t\t\t\t\t\t\t\t<p>N\u00e1v\u0161t\u011bvn\u00edci mohou vyu\u017e\u00edvat<b> navigaci <\/b>bez nutnosti instalace aplikace nebo zad\u00e1v\u00e1n\u00ed p\u0159ihla\u0161ovac\u00edch \u00fadaj\u016f. Syst\u00e9m je pln\u011b administr\u00e1torsky<b>p\u0159izp\u016fsobiteln\u00fd<\/b> a umo\u017e\u0148uje <b>poskytovat informace na m\u00edru<\/b> pro ka\u017ed\u00e9 m\u00edsto. IT nebo spr\u00e1va budovy maj\u00ed v ruk\u00e1ch<b>plnou administr\u00e1torskou kontrolu<\/b>, co\u017e p\u0159in\u00e1\u0161\u00ed naprostou <b>flexibilitu <\/b>a <b>cenov\u011b efektivn\u00ed spr\u00e1vu<\/b>. A\u0165 u\u017e je n\u00e1\u0161 syst\u00e9m nasazen jako <b>cloudov\u00e9 \u0159e\u0161en\u00ed SaaS <\/b>, nebo nainstalov\u00e1n<b> on-premise<\/b>, <b>p\u0159izp\u016fsob\u00ed se va\u0161im pot\u0159eb\u00e1m<\/b> a nab\u00eddne tak n\u00e1v\u0161t\u011bvn\u00edk\u016fm <b>modern\u00ed dynamick\u00fd n\u00e1stroj,<\/b> kter\u00fd pozvedne nakupov\u00e1n\u00ed <b>na vy\u0161\u0161\u00ed \u00farove\u0148.<\/b><\/p>\n\t\t\t\t\t\t\t\t<\/div>\n\t\t\t\t<\/div>\n\t\t\t\t\t<\/div>\n\t\t\t\t<\/div>\n\t\t\t\t\t<\/div>\n\t\t\t\t<\/div>\n\t\t<div class=\"elementor-element elementor-element-91d37d8 e-flex e-con-boxed e-con e-parent\" data-id=\"91d37d8\" data-element_type=\"container\" data-e-type=\"container\">\n\t\t\t\t\t<div class=\"e-con-inner\">\n\t\t<div class=\"elementor-element elementor-element-d1ef3ed e-con-full e-flex e-con e-child\" data-id=\"d1ef3ed\" data-element_type=\"container\" data-e-type=\"container\">\n\t\t\t\t<div class=\"elementor-element elementor-element-83b2250 elementor-widget elementor-widget-image\" data-id=\"83b2250\" data-element_type=\"widget\" data-e-type=\"widget\" data-widget_type=\"image.default\">\n\t\t\t\t<div class=\"elementor-widget-container\">\n\t\t\t\t\t\t\t\t\t\t\t\t\t\t\t<img fetchpriority=\"high\" decoding=\"async\" width=\"1024\" height=\"683\" src=\"https:\/\/www.cuesystem.com\/wp-content\/uploads\/2024\/01\/retail_navigation-1024x683.webp\" class=\"attachment-large size-large wp-image-24055\" alt=\"\" srcset=\"https:\/\/www.cuesystem.com\/wp-content\/uploads\/2024\/01\/retail_navigation-1024x683.webp 1024w, https:\/\/www.cuesystem.com\/wp-content\/uploads\/2024\/01\/retail_navigation-300x200.webp 300w\" sizes=\"(max-width: 1024px) 100vw, 1024px\" \/>\t\t\t\t\t\t\t\t\t\t\t\t\t\t\t<\/div>\n\t\t\t\t<\/div>\n\t\t\t\t<\/div>\n\t\t<div class=\"elementor-element elementor-element-99f3ffb e-con-full e-flex e-con e-child\" data-id=\"99f3ffb\" data-element_type=\"container\" data-e-type=\"container\">\n\t\t\t\t<div class=\"elementor-element elementor-element-60e9bbc elementor-widget elementor-widget-heading\" data-id=\"60e9bbc\" data-element_type=\"widget\" data-e-type=\"widget\" data-widget_type=\"heading.default\">\n\t\t\t\t<div class=\"elementor-widget-container\">\n\t\t\t\t\t<h2 class=\"elementor-heading-title elementor-size-default\">Navigace<\/h2>\t\t\t\t<\/div>\n\t\t\t\t<\/div>\n\t\t\t\t<div class=\"elementor-element elementor-element-6d4dd61 elementor-widget elementor-widget-text-editor\" data-id=\"6d4dd61\" data-element_type=\"widget\" data-e-type=\"widget\" data-widget_type=\"text-editor.default\">\n\t\t\t\t<div class=\"elementor-widget-container\">\n\t\t\t\t\t\t\t\t\t<p>N\u00e1\u0161 naviga\u010dn\u00ed syst\u00e9m <b>n\u00e1v\u0161t\u011bvn\u00edky po p\u0159\u00edjezdu plynule navede<\/b> z parkovi\u0161t\u011b a\u017e k <b>po\u017eadovan\u00e9mu c\u00edli<\/b>. Sta\u010d\u00ed <b>naskenovat nejbli\u017e\u0161\u00ed QR k\u00f3d<\/b>, vybrat c\u00edl a dostanou jasn\u00e9 <b>pokyny krok za krokem<\/b>.<\/p>\n\t\t\t\t\t\t\t\t<\/div>\n\t\t\t\t<\/div>\n\t\t\t\t<div class=\"elementor-element elementor-element-6befaf5 elementor-align-left elementor-widget elementor-widget-button\" data-id=\"6befaf5\" data-element_type=\"widget\" data-e-type=\"widget\" data-widget_type=\"button.default\">\n\t\t\t\t<div class=\"elementor-widget-container\">\n\t\t\t\t\t\t\t\t\t<div class=\"elementor-button-wrapper\">\n\t\t\t\t\t<a class=\"elementor-button elementor-button-link elementor-size-sm\" href=\"https:\/\/www.cuesystem.com\/cs\/navigace\/\" target=\"_blank\">\n\t\t\t\t\t\t<span class=\"elementor-button-content-wrapper\">\n\t\t\t\t\t\t\t\t\t<span class=\"elementor-button-text\">Prozkoumat NAVIGACI<\/span>\n\t\t\t\t\t<\/span>\n\t\t\t\t\t<\/a>\n\t\t\t\t<\/div>\n\t\t\t\t\t\t\t\t<\/div>\n\t\t\t\t<\/div>\n\t\t\t\t<\/div>\n\t\t\t\t\t<\/div>\n\t\t\t\t<\/div>\n\t\t<div class=\"elementor-element elementor-element-81e34f5 e-flex e-con-boxed e-con e-parent\" data-id=\"81e34f5\" data-element_type=\"container\" data-e-type=\"container\">\n\t\t\t\t\t<div class=\"e-con-inner\">\n\t\t<div class=\"elementor-element elementor-element-2ce7e62 e-con-full e-flex e-con e-child\" data-id=\"2ce7e62\" data-element_type=\"container\" data-e-type=\"container\">\n\t\t\t\t<div class=\"elementor-element elementor-element-7dad4ba elementor-widget elementor-widget-image\" data-id=\"7dad4ba\" data-element_type=\"widget\" data-e-type=\"widget\" data-widget_type=\"image.default\">\n\t\t\t\t<div class=\"elementor-widget-container\">\n\t\t\t\t\t\t\t\t\t\t\t\t\t\t\t<img decoding=\"async\" width=\"1024\" height=\"678\" src=\"https:\/\/www.cuesystem.com\/wp-content\/uploads\/2024\/01\/retail_technical_infra_2-1024x678.webp\" class=\"attachment-large size-large wp-image-24056\" alt=\"\" srcset=\"https:\/\/www.cuesystem.com\/wp-content\/uploads\/2024\/01\/retail_technical_infra_2-1024x678.webp 1024w, https:\/\/www.cuesystem.com\/wp-content\/uploads\/2024\/01\/retail_technical_infra_2-300x199.webp 300w, https:\/\/www.cuesystem.com\/wp-content\/uploads\/2024\/01\/retail_technical_infra_2.webp 1920w\" sizes=\"(max-width: 1024px) 100vw, 1024px\" \/>\t\t\t\t\t\t\t\t\t\t\t\t\t\t\t<\/div>\n\t\t\t\t<\/div>\n\t\t\t\t<\/div>\n\t\t<div class=\"elementor-element elementor-element-ed566f7 e-con-full e-flex e-con e-child\" data-id=\"ed566f7\" data-element_type=\"container\" data-e-type=\"container\">\n\t\t\t\t<div class=\"elementor-element elementor-element-d356d88 elementor-widget elementor-widget-heading\" data-id=\"d356d88\" data-element_type=\"widget\" data-e-type=\"widget\" data-widget_type=\"heading.default\">\n\t\t\t\t<div class=\"elementor-widget-container\">\n\t\t\t\t\t<h2 class=\"elementor-heading-title elementor-size-default\">Technick\u00e1 infrastruktura<\/h2>\t\t\t\t<\/div>\n\t\t\t\t<\/div>\n\t\t\t\t<div class=\"elementor-element elementor-element-86e49f7 elementor-widget elementor-widget-text-editor\" data-id=\"86e49f7\" data-element_type=\"widget\" data-e-type=\"widget\" data-widget_type=\"text-editor.default\">\n\t\t\t\t<div class=\"elementor-widget-container\">\n\t\t\t\t\t\t\t\t\t<p><b>Centralizovan\u00e9 ovl\u00e1d\u00e1n\u00ed<\/b> re\u017eim\u016f zapnut\u00ed\/vypnut\u00ed v\u0161ech <b>displej\u016f<\/b>, <b>naviga\u010dn\u00edch kiosk\u016f<\/b> a osv\u011btlen\u00ed v cel\u00e9m n\u00e1kupn\u00edm centru zaji\u0161\u0165uje efektivn\u00ed spr\u00e1vu a vytv\u00e1\u0159\u00ed synchronizovan\u00e9 prost\u0159ed\u00ed pro lep\u0161\u00ed z\u00e1\u017eitek z nakupov\u00e1n\u00ed.<\/p>\n\t\t\t\t\t\t\t\t<\/div>\n\t\t\t\t<\/div>\n\t\t\t\t<div class=\"elementor-element elementor-element-0f99673 elementor-align-left elementor-widget elementor-widget-button\" data-id=\"0f99673\" data-element_type=\"widget\" data-e-type=\"widget\" data-widget_type=\"button.default\">\n\t\t\t\t<div class=\"elementor-widget-container\">\n\t\t\t\t\t\t\t\t\t<div class=\"elementor-button-wrapper\">\n\t\t\t\t\t<a class=\"elementor-button elementor-button-link elementor-size-sm\" href=\"https:\/\/www.cuesystem.com\/cs\/rizeni\/\" target=\"_blank\">\n\t\t\t\t\t\t<span class=\"elementor-button-content-wrapper\">\n\t\t\t\t\t\t\t\t\t<span class=\"elementor-button-text\">Prozkoumat \u0158\u00cdZEN\u00cd<\/span>\n\t\t\t\t\t<\/span>\n\t\t\t\t\t<\/a>\n\t\t\t\t<\/div>\n\t\t\t\t\t\t\t\t<\/div>\n\t\t\t\t<\/div>\n\t\t\t\t<\/div>\n\t\t\t\t\t<\/div>\n\t\t\t\t<\/div>\n\t\t<div class=\"elementor-element elementor-element-8c2fd00 e-flex e-con-boxed e-con e-parent\" data-id=\"8c2fd00\" data-element_type=\"container\" data-e-type=\"container\">\n\t\t\t\t\t<div class=\"e-con-inner\">\n\t\t<div class=\"elementor-element elementor-element-24476e8 e-con-full e-flex e-con e-child\" data-id=\"24476e8\" data-element_type=\"container\" data-e-type=\"container\">\n\t\t\t\t<div class=\"elementor-element elementor-element-ca54e2c elementor-widget elementor-widget-image\" data-id=\"ca54e2c\" data-element_type=\"widget\" data-e-type=\"widget\" data-widget_type=\"image.default\">\n\t\t\t\t<div class=\"elementor-widget-container\">\n\t\t\t\t\t\t\t\t\t\t\t\t\t\t\t<img decoding=\"async\" width=\"1024\" height=\"683\" src=\"https:\/\/www.cuesystem.com\/wp-content\/uploads\/2024\/01\/retail_back_office_2-1024x683.webp\" class=\"attachment-large size-large wp-image-24057\" alt=\"\" srcset=\"https:\/\/www.cuesystem.com\/wp-content\/uploads\/2024\/01\/retail_back_office_2-1024x683.webp 1024w, https:\/\/www.cuesystem.com\/wp-content\/uploads\/2024\/01\/retail_back_office_2-300x200.webp 300w, https:\/\/www.cuesystem.com\/wp-content\/uploads\/2024\/01\/retail_back_office_2.webp 1920w\" sizes=\"(max-width: 1024px) 100vw, 1024px\" \/>\t\t\t\t\t\t\t\t\t\t\t\t\t\t\t<\/div>\n\t\t\t\t<\/div>\n\t\t\t\t<\/div>\n\t\t<div class=\"elementor-element elementor-element-0d8933c e-con-full e-flex e-con e-child\" data-id=\"0d8933c\" data-element_type=\"container\" data-e-type=\"container\">\n\t\t\t\t<div class=\"elementor-element elementor-element-371d6fe elementor-widget elementor-widget-heading\" data-id=\"371d6fe\" data-element_type=\"widget\" data-e-type=\"widget\" data-widget_type=\"heading.default\">\n\t\t\t\t<div class=\"elementor-widget-container\">\n\t\t\t\t\t<h2 class=\"elementor-heading-title elementor-size-default\">\u0158e\u0161en\u00ed pro back-office n\u00e1kupn\u00edho centra<\/h2>\t\t\t\t<\/div>\n\t\t\t\t<\/div>\n\t\t\t\t<div class=\"elementor-element elementor-element-80a7617 elementor-widget elementor-widget-text-editor\" data-id=\"80a7617\" data-element_type=\"widget\" data-e-type=\"widget\" data-widget_type=\"text-editor.default\">\n\t\t\t\t<div class=\"elementor-widget-container\">\n\t\t\t\t\t\t\t\t\t<p><b>Umo\u017en\u011bte <\/b> <b>veden\u00ed va\u0161eho n\u00e1kupn\u00edho centra<\/b> vyu\u017e\u00edvat na\u0161e<b> efektivn\u00ed back-office \u0159e\u0161en\u00ed<\/b>. Prozkoumejte <b>celou \u0159adu funkc\u00ed<\/b> a <b>zvy\u0161te svou provozn\u00ed efektivitu<\/b>.<\/p>\n\t\t\t\t\t\t\t\t<\/div>\n\t\t\t\t<\/div>\n\t\t\t\t<div class=\"elementor-element elementor-element-5233efd elementor-align-left elementor-widget elementor-widget-button\" data-id=\"5233efd\" data-element_type=\"widget\" data-e-type=\"widget\" data-widget_type=\"button.default\">\n\t\t\t\t<div class=\"elementor-widget-container\">\n\t\t\t\t\t\t\t\t\t<div class=\"elementor-button-wrapper\">\n\t\t\t\t\t<a class=\"elementor-button elementor-button-link elementor-size-sm\" href=\"https:\/\/www.cuesystem.com\/cs\/segmenty\/firmy-a-korporace\/\" target=\"_blank\">\n\t\t\t\t\t\t<span class=\"elementor-button-content-wrapper\">\n\t\t\t\t\t\t\t\t\t<span class=\"elementor-button-text\">\u0158e\u0161en\u00ed pro firmy<\/span>\n\t\t\t\t\t<\/span>\n\t\t\t\t\t<\/a>\n\t\t\t\t<\/div>\n\t\t\t\t\t\t\t\t<\/div>\n\t\t\t\t<\/div>\n\t\t\t\t<div class=\"elementor-element elementor-element-2acfef3 elementor-widget elementor-widget-text-editor\" data-id=\"2acfef3\" data-element_type=\"widget\" data-e-type=\"widget\" data-widget_type=\"text-editor.default\">\n\t\t\t\t<div class=\"elementor-widget-container\">\n\t\t\t\t\t\t\t\t\t<p>N\u00e1\u0161<b> rezerva\u010dn\u00ed syst\u00e9m<\/b> umo\u017e\u0148uje va\u0161im zam\u011bstnanc\u016fm <b>snadno rezervovat<\/b> parkovac\u00ed m\u00edsta, pracovn\u00ed m\u00edsta, zasedac\u00ed m\u00edstnosti a dal\u0161\u00ed sd\u00edlen\u00e9 zdroje.<\/p>\n\t\t\t\t\t\t\t\t<\/div>\n\t\t\t\t<\/div>\n\t\t\t\t<div class=\"elementor-element elementor-element-389430a elementor-align-left elementor-widget elementor-widget-button\" data-id=\"389430a\" data-element_type=\"widget\" data-e-type=\"widget\" data-widget_type=\"button.default\">\n\t\t\t\t<div class=\"elementor-widget-container\">\n\t\t\t\t\t\t\t\t\t<div class=\"elementor-button-wrapper\">\n\t\t\t\t\t<a class=\"elementor-button elementor-button-link elementor-size-sm\" href=\"https:\/\/www.cuesystem.com\/cs\/rezervace\/\" target=\"_blank\">\n\t\t\t\t\t\t<span class=\"elementor-button-content-wrapper\">\n\t\t\t\t\t\t\t\t\t<span class=\"elementor-button-text\">Prozkoumat REZERVACE<\/span>\n\t\t\t\t\t<\/span>\n\t\t\t\t\t<\/a>\n\t\t\t\t<\/div>\n\t\t\t\t\t\t\t\t<\/div>\n\t\t\t\t<\/div>\n\t\t\t\t<\/div>\n\t\t\t\t\t<\/div>\n\t\t\t\t<\/div>\n\t\t\t\t<\/div>\n\t\t","protected":false},"excerpt":{"rendered":"<p>Usnadn\u00edme v\u00e1m \u017eivot v maloobchodn\u00ed sf\u00e9\u0159e N\u00e1kupn\u00ed centra Komer\u010dn\u00ed galerie Obchodn\u00ed centra Zlep\u0161ete z\u00e1\u017eitek z nakupov\u00e1n\u00ed v n\u00e1kupn\u00edch centrech, komer\u010dn\u00edch galeri\u00edch a obchodn\u00edch centrech pomoc\u00ed na\u0161ich intuitivn\u00edch naviga\u010dn\u00edch a kioskov\u00fdch \u0159e\u0161en\u00ed. N\u00e1v\u0161t\u011bvn\u00edci se mohou snadno pohybovat po obchodn\u00edm centru pomoc\u00ed u\u017eivatelsky p\u0159\u00edv\u011btiv\u00e9 vnit\u0159n\u00ed navigace. Na kiosku se zobrazuj\u00ed pl\u00e1ny podla\u017e\u00ed a pokyny k cest\u011b a <a href=\"https:\/\/www.cuesystem.com\/cs\/segmenty\/maloobchod\/\" class=\"more-link\">&#8230;<span class=\"screen-reader-text\">  Maloobchod<\/span><\/a><\/p>\n","protected":false},"author":3,"featured_media":0,"parent":24197,"menu_order":471,"comment_status":"closed","ping_status":"closed","template":"","meta":{"_acf_changed":false,"inline_featured_image":false,"footnotes":""},"kategorie":[],"class_list":["post-24053","page","type-page","status-publish","hentry"],"acf":[],"_links":{"self":[{"href":"https:\/\/www.cuesystem.com\/cs\/wp-json\/wp\/v2\/pages\/24053","targetHints":{"allow":["GET"]}}],"collection":[{"href":"https:\/\/www.cuesystem.com\/cs\/wp-json\/wp\/v2\/pages"}],"about":[{"href":"https:\/\/www.cuesystem.com\/cs\/wp-json\/wp\/v2\/types\/page"}],"author":[{"embeddable":true,"href":"https:\/\/www.cuesystem.com\/cs\/wp-json\/wp\/v2\/users\/3"}],"replies":[{"embeddable":true,"href":"https:\/\/www.cuesystem.com\/cs\/wp-json\/wp\/v2\/comments?post=24053"}],"version-history":[{"count":11,"href":"https:\/\/www.cuesystem.com\/cs\/wp-json\/wp\/v2\/pages\/24053\/revisions"}],"predecessor-version":[{"id":25254,"href":"https:\/\/www.cuesystem.com\/cs\/wp-json\/wp\/v2\/pages\/24053\/revisions\/25254"}],"up":[{"embeddable":true,"href":"https:\/\/www.cuesystem.com\/cs\/wp-json\/wp\/v2\/pages\/24197"}],"wp:attachment":[{"href":"https:\/\/www.cuesystem.com\/cs\/wp-json\/wp\/v2\/media?parent=24053"}],"wp:term":[{"taxonomy":"kategorie","embeddable":true,"href":"https:\/\/www.cuesystem.com\/cs\/wp-json\/wp\/v2\/kategorie?post=24053"}],"curies":[{"name":"wp","href":"https:\/\/api.w.org\/{rel}","templated":true}]}}