{"id":24058,"date":"2023-12-30T18:05:02","date_gmt":"2023-12-30T17:05:02","guid":{"rendered":"https:\/\/www.cuesystem.com\/vyhody\/"},"modified":"2024-02-20T08:47:30","modified_gmt":"2024-02-20T07:47:30","slug":"vyhody","status":"publish","type":"page","link":"https:\/\/www.cuesystem.com\/cs\/rizeni\/vyhody\/","title":{"rendered":"V\u00fdhody"},"content":{"rendered":"\t\t<div data-elementor-type=\"wp-page\" data-elementor-id=\"24058\" class=\"elementor elementor-24058 elementor-18066\" data-elementor-post-type=\"page\">\n\t\t\t\t<div class=\"elementor-element elementor-element-859ae8e e-flex e-con-boxed e-con e-parent\" data-id=\"859ae8e\" data-element_type=\"container\" data-e-type=\"container\">\n\t\t\t\t\t<div class=\"e-con-inner\">\n\t\t\t\t<div class=\"elementor-element elementor-element-20c2bfc elementor-widget elementor-widget-heading\" data-id=\"20c2bfc\" data-element_type=\"widget\" data-e-type=\"widget\" data-widget_type=\"heading.default\">\n\t\t\t\t<div class=\"elementor-widget-container\">\n\t\t\t\t\t<h3 class=\"elementor-heading-title elementor-size-default\">Kontrola<\/h3>\t\t\t\t<\/div>\n\t\t\t\t<\/div>\n\t\t\t\t<div class=\"elementor-element elementor-element-7899f9b elementor-widget elementor-widget-heading\" data-id=\"7899f9b\" data-element_type=\"widget\" data-e-type=\"widget\" data-widget_type=\"heading.default\">\n\t\t\t\t<div class=\"elementor-widget-container\">\n\t\t\t\t\t<h1 class=\"elementor-heading-title elementor-size-default\">V\u00fdhody<\/h1>\t\t\t\t<\/div>\n\t\t\t\t<\/div>\n\t\t\t\t\t<\/div>\n\t\t\t\t<\/div>\n\t\t<div class=\"elementor-element elementor-element-80041b0 e-flex e-con-boxed e-con e-parent\" data-id=\"80041b0\" data-element_type=\"container\" data-e-type=\"container\">\n\t\t\t\t\t<div class=\"e-con-inner\">\n\t\t<div class=\"elementor-element elementor-element-f84aedc e-flex e-con-boxed e-con e-child\" data-id=\"f84aedc\" data-element_type=\"container\" data-e-type=\"container\">\n\t\t\t\t\t<div class=\"e-con-inner\">\n\t\t<div class=\"elementor-element elementor-element-d55e4d5 e-flex e-con-boxed e-con e-child\" data-id=\"d55e4d5\" data-element_type=\"container\" data-e-type=\"container\">\n\t\t\t\t\t<div class=\"e-con-inner\">\n\t\t\t\t<div class=\"elementor-element elementor-element-9683e37 elementor-widget elementor-widget-text-editor\" data-id=\"9683e37\" data-element_type=\"widget\" data-e-type=\"widget\" data-widget_type=\"text-editor.default\">\n\t\t\t\t<div class=\"elementor-widget-container\">\n\t\t\t\t\t\t\t\t\t<p>\u0158\u00eddic\u00ed syst\u00e9my maj\u00ed v <strong>r\u016fzn\u00fdch pr\u016fmyslov\u00fdch odv\u011btv\u00edch a aplikac\u00edch z\u00e1sadn\u00ed v\u00fdznam<\/strong> a p\u0159in\u00e1\u0161ej\u00ed mnoho v\u00fdhod, v\u010detn\u011b vy\u0161\u0161\u00ed efektivity, lep\u0161\u00ed bezpe\u010dnosti, \u00faspory n\u00e1klad\u016f a vy\u0161\u0161\u00ed kvality v\u00fdrobk\u016f, a jsou tak ned\u00edlnou sou\u010d\u00e1st\u00ed r\u016fzn\u00fdch pr\u016fmyslov\u00fdch odv\u011btv\u00ed a aplikac\u00ed.<\/p>\n\t\t\t\t\t\t\t\t<\/div>\n\t\t\t\t<\/div>\n\t\t\t\t\t<\/div>\n\t\t\t\t<\/div>\n\t\t\t\t\t<\/div>\n\t\t\t\t<\/div>\n\t\t\t\t\t<\/div>\n\t\t\t\t<\/div>\n\t\t<div class=\"elementor-element elementor-element-68d58df e-flex e-con-boxed e-con e-parent\" data-id=\"68d58df\" data-element_type=\"container\" data-e-type=\"container\">\n\t\t\t\t\t<div class=\"e-con-inner\">\n\t\t<div class=\"elementor-element elementor-element-be6f32c e-flex e-con-boxed e-con e-child\" data-id=\"be6f32c\" data-element_type=\"container\" data-e-type=\"container\">\n\t\t\t\t\t<div class=\"e-con-inner\">\n\t\t\t\t<div class=\"elementor-element elementor-element-36456fc elementor-widget elementor-widget-heading\" data-id=\"36456fc\" data-element_type=\"widget\" data-e-type=\"widget\" data-widget_type=\"heading.default\">\n\t\t\t\t<div class=\"elementor-widget-container\">\n\t\t\t\t\t<h3 class=\"elementor-heading-title elementor-size-default\">Automatizace a efektivita<\/h3>\t\t\t\t<\/div>\n\t\t\t\t<\/div>\n\t\t\t\t<div class=\"elementor-element elementor-element-18f75f2 elementor-widget elementor-widget-text-editor\" data-id=\"18f75f2\" data-element_type=\"widget\" data-e-type=\"widget\" data-widget_type=\"text-editor.default\">\n\t\t\t\t<div class=\"elementor-widget-container\">\n\t\t\t\t\t\t\t\t\t<p>\u0158\u00eddic\u00ed syst\u00e9my<strong> automatizuj\u00ed procesy<\/strong>, \u010d\u00edm\u017e sni\u017euj\u00ed pot\u0159ebu manu\u00e1ln\u00edch z\u00e1sah\u016f a urychluj\u00ed provoz. Automatizace zaji\u0161\u0165uje konzistentn\u00ed prov\u00e1d\u011bn\u00ed proces\u016f a minimalizuje chyby a odchylky ve v\u00fdstupech.<\/p>\n\t\t\t\t\t\t\t\t<\/div>\n\t\t\t\t<\/div>\n\t\t\t\t\t<\/div>\n\t\t\t\t<\/div>\n\t\t<div class=\"elementor-element elementor-element-5aa6bf0 e-flex e-con-boxed e-con e-child\" data-id=\"5aa6bf0\" data-element_type=\"container\" data-e-type=\"container\">\n\t\t\t\t\t<div class=\"e-con-inner\">\n\t\t\t\t<div class=\"elementor-element elementor-element-6c0c995 elementor-widget elementor-widget-heading\" data-id=\"6c0c995\" data-element_type=\"widget\" data-e-type=\"widget\" data-widget_type=\"heading.default\">\n\t\t\t\t<div class=\"elementor-widget-container\">\n\t\t\t\t\t<h3 class=\"elementor-heading-title elementor-size-default\">P\u0159esnost a preciznost<\/h3>\t\t\t\t<\/div>\n\t\t\t\t<\/div>\n\t\t\t\t<div class=\"elementor-element elementor-element-d47a37c elementor-widget elementor-widget-text-editor\" data-id=\"d47a37c\" data-element_type=\"widget\" data-e-type=\"widget\" data-widget_type=\"text-editor.default\">\n\t\t\t\t<div class=\"elementor-widget-container\">\n\t\t\t\t\t\t\t\t\t<p>\u0158\u00eddic\u00ed syst\u00e9my mohou p\u0159esn\u011b<strong> kontrolovat r\u016fzn\u00e9 parametry<\/strong>, co\u017e vede k p\u0159esn\u00fdm a konzistentn\u00edm v\u00fdsledk\u016fm. \u0158\u00eddic\u00ed syst\u00e9my minimalizuj\u00ed odchylky v procesech a zvy\u0161uj\u00ed tak kvalitu a spolehlivost v\u00fdrobk\u016f a slu\u017eeb.<\/p>\n\t\t\t\t\t\t\t\t<\/div>\n\t\t\t\t<\/div>\n\t\t\t\t\t<\/div>\n\t\t\t\t<\/div>\n\t\t<div class=\"elementor-element elementor-element-f6ced34 e-flex e-con-boxed e-con e-child\" data-id=\"f6ced34\" data-element_type=\"container\" data-e-type=\"container\">\n\t\t\t\t\t<div class=\"e-con-inner\">\n\t\t\t\t<div class=\"elementor-element elementor-element-855e2de elementor-widget elementor-widget-heading\" data-id=\"855e2de\" data-element_type=\"widget\" data-e-type=\"widget\" data-widget_type=\"heading.default\">\n\t\t\t\t<div class=\"elementor-widget-container\">\n\t\t\t\t\t<h3 class=\"elementor-heading-title elementor-size-default\">Zv\u00fd\u0161en\u00e1 bezpe\u010dnost<\/h3>\t\t\t\t<\/div>\n\t\t\t\t<\/div>\n\t\t\t\t<div class=\"elementor-element elementor-element-d60e1b4 elementor-widget elementor-widget-text-editor\" data-id=\"d60e1b4\" data-element_type=\"widget\" data-e-type=\"widget\" data-widget_type=\"text-editor.default\">\n\t\t\t\t<div class=\"elementor-widget-container\">\n\t\t\t\t\t\t\t\t\t<p>\u0158\u00eddic\u00ed syst\u00e9my mohou obsahovat bezpe\u010dnostn\u00ed funkce, jako jsou postupy nouzov\u00e9ho vypnut\u00ed, kter\u00e9 pom\u00e1haj\u00ed <strong>p\u0159edch\u00e1zet nehod\u00e1m<\/strong> nebo zm\u00edr\u0148ovat jejich dopad. Pr\u016fb\u011b\u017en\u00e9 monitorov\u00e1n\u00ed umo\u017e\u0148uje v\u010das odhalit abnormality nebo poruchy, spustit alarm a zabr\u00e1nit potenci\u00e1ln\u00edmu nebezpe\u010d\u00ed.<\/p>\n\t\t\t\t\t\t\t\t<\/div>\n\t\t\t\t<\/div>\n\t\t\t\t\t<\/div>\n\t\t\t\t<\/div>\n\t\t<div class=\"elementor-element elementor-element-ec2b1d6 e-flex e-con-boxed e-con e-child\" data-id=\"ec2b1d6\" data-element_type=\"container\" data-e-type=\"container\">\n\t\t\t\t\t<div class=\"e-con-inner\">\n\t\t\t\t<div class=\"elementor-element elementor-element-a1c83d8 elementor-widget elementor-widget-heading\" data-id=\"a1c83d8\" data-element_type=\"widget\" data-e-type=\"widget\" data-widget_type=\"heading.default\">\n\t\t\t\t<div class=\"elementor-widget-container\">\n\t\t\t\t\t<h3 class=\"elementor-heading-title elementor-size-default\">\u00daspora n\u00e1klad\u016f<\/h3>\t\t\t\t<\/div>\n\t\t\t\t<\/div>\n\t\t\t\t<div class=\"elementor-element elementor-element-a54c37d elementor-widget elementor-widget-text-editor\" data-id=\"a54c37d\" data-element_type=\"widget\" data-e-type=\"widget\" data-widget_type=\"text-editor.default\">\n\t\t\t\t<div class=\"elementor-widget-container\">\n\t\t\t\t\t\t\t\t\t<p>\u0158\u00eddic\u00ed syst\u00e9my mohou <strong>optimalizovat vyu\u017eit\u00ed energie<\/strong>, co\u017e vede k \u00faspor\u00e1m n\u00e1klad\u016f v podob\u011b ni\u017e\u0161\u00ed spot\u0159eby energie. \u00da\u010dinn\u00e1 kontrola proces\u016f pom\u00e1h\u00e1 minimalizovat pl\u00fdtv\u00e1n\u00ed, co\u017e vede ke sn\u00ed\u017een\u00ed n\u00e1klad\u016f na suroviny a zdroje.<\/p>\n\t\t\t\t\t\t\t\t<\/div>\n\t\t\t\t<\/div>\n\t\t\t\t\t<\/div>\n\t\t\t\t<\/div>\n\t\t<div class=\"elementor-element elementor-element-1da0ff5 e-flex e-con-boxed e-con e-child\" data-id=\"1da0ff5\" data-element_type=\"container\" data-e-type=\"container\">\n\t\t\t\t\t<div class=\"e-con-inner\">\n\t\t\t\t<div class=\"elementor-element elementor-element-8c82330 elementor-widget elementor-widget-heading\" data-id=\"8c82330\" data-element_type=\"widget\" data-e-type=\"widget\" data-widget_type=\"heading.default\">\n\t\t\t\t<div class=\"elementor-widget-container\">\n\t\t\t\t\t<h3 class=\"elementor-heading-title elementor-size-default\">Flexibilita a p\u0159izp\u016fsobivost<\/h3>\t\t\t\t<\/div>\n\t\t\t\t<\/div>\n\t\t\t\t<div class=\"elementor-element elementor-element-bdf9a25 elementor-widget elementor-widget-text-editor\" data-id=\"bdf9a25\" data-element_type=\"widget\" data-e-type=\"widget\" data-widget_type=\"text-editor.default\">\n\t\t\t\t<div class=\"elementor-widget-container\">\n\t\t\t\t\t\t\t\t\t<p>\u0158\u00eddic\u00ed syst\u00e9my se mohou p\u0159izp\u016fsobovat m\u011bn\u00edc\u00edm se podm\u00ednk\u00e1m <strong>\u00fapravou parametr\u016f v re\u00e1ln\u00e9m \u010dase<\/strong>, co\u017e zaji\u0161\u0165uje optim\u00e1ln\u00ed v\u00fdkon v r\u016fzn\u00fdch provozn\u00edch prost\u0159ed\u00edch. Pr\u016fb\u011b\u017en\u00e9 monitorov\u00e1n\u00ed umo\u017e\u0148uje identifikovat p\u0159\u00edle\u017eitosti ke zlep\u0161en\u00ed a optimalizaci proces\u016f.<\/p>\n\t\t\t\t\t\t\t\t<\/div>\n\t\t\t\t<\/div>\n\t\t\t\t\t<\/div>\n\t\t\t\t<\/div>\n\t\t<div class=\"elementor-element elementor-element-945f189 e-flex e-con-boxed e-con e-child\" data-id=\"945f189\" data-element_type=\"container\" data-e-type=\"container\">\n\t\t\t\t\t<div class=\"e-con-inner\">\n\t\t\t\t<div class=\"elementor-element elementor-element-8919ada elementor-widget elementor-widget-heading\" data-id=\"8919ada\" data-element_type=\"widget\" data-e-type=\"widget\" data-widget_type=\"heading.default\">\n\t\t\t\t<div class=\"elementor-widget-container\">\n\t\t\t\t\t<h3 class=\"elementor-heading-title elementor-size-default\">Vzd\u00e1len\u00e9 monitorov\u00e1n\u00ed a ovl\u00e1d\u00e1n\u00ed<\/h3>\t\t\t\t<\/div>\n\t\t\t\t<\/div>\n\t\t\t\t<div class=\"elementor-element elementor-element-d111539 elementor-widget elementor-widget-text-editor\" data-id=\"d111539\" data-element_type=\"widget\" data-e-type=\"widget\" data-widget_type=\"text-editor.default\">\n\t\t\t\t<div class=\"elementor-widget-container\">\n\t\t\t\t\t\t\t\t\t<p>Mnoho modern\u00edch \u0159\u00eddic\u00edch syst\u00e9m\u016f umo\u017e\u0148uje vzd\u00e1len\u00e9 monitorov\u00e1n\u00ed a \u0159\u00edzen\u00ed, co\u017e obsluze umo\u017e\u0148uje <strong>\u0159\u00eddit procesy na d\u00e1lku<\/strong>. Vzd\u00e1len\u00fd p\u0159\u00edstup usnad\u0148uje rychlou reakci na probl\u00e9my, minimalizuje prostoje a zvy\u0161uje spolehlivost syst\u00e9mu.<\/p>\n\t\t\t\t\t\t\t\t<\/div>\n\t\t\t\t<\/div>\n\t\t\t\t\t<\/div>\n\t\t\t\t<\/div>\n\t\t<div class=\"elementor-element elementor-element-ee51cd7 e-flex e-con-boxed e-con e-child\" data-id=\"ee51cd7\" data-element_type=\"container\" data-e-type=\"container\">\n\t\t\t\t\t<div class=\"e-con-inner\">\n\t\t\t\t<div class=\"elementor-element elementor-element-2f03c68 elementor-widget elementor-widget-heading\" data-id=\"2f03c68\" data-element_type=\"widget\" data-e-type=\"widget\" data-widget_type=\"heading.default\">\n\t\t\t\t<div class=\"elementor-widget-container\">\n\t\t\t\t\t<h3 class=\"elementor-heading-title elementor-size-default\">Dodr\u017eov\u00e1n\u00ed p\u0159edpis\u016f<\/h3>\t\t\t\t<\/div>\n\t\t\t\t<\/div>\n\t\t\t\t<div class=\"elementor-element elementor-element-8da8ce9 elementor-widget elementor-widget-text-editor\" data-id=\"8da8ce9\" data-element_type=\"widget\" data-e-type=\"widget\" data-widget_type=\"text-editor.default\">\n\t\t\t\t<div class=\"elementor-widget-container\">\n\t\t\t\t\t\t\t\t\t<p>\u0158\u00eddic\u00ed syst\u00e9my mohou vytv\u00e1\u0159et automatick\u00e9 zpr\u00e1vy a dokumentaci, co\u017e napom\u00e1h\u00e1 dodr\u017eov\u00e1n\u00ed pr\u016fmyslov\u00fdch p\u0159edpis\u016f a norem. Zaznamen\u00e1v\u00e1n\u00ed a ukl\u00e1d\u00e1n\u00ed dat z kontroln\u00edch syst\u00e9m\u016f pom\u00e1h\u00e1 p\u0159i<strong> auditech a regula\u010dn\u00edch kontrol\u00e1ch<\/strong>.<\/p>\n\t\t\t\t\t\t\t\t<\/div>\n\t\t\t\t<\/div>\n\t\t\t\t\t<\/div>\n\t\t\t\t<\/div>\n\t\t<div class=\"elementor-element elementor-element-5aaabfa e-flex e-con-boxed e-con e-child\" data-id=\"5aaabfa\" data-element_type=\"container\" data-e-type=\"container\">\n\t\t\t\t\t<div class=\"e-con-inner\">\n\t\t\t\t<div class=\"elementor-element elementor-element-7390185 elementor-widget elementor-widget-heading\" data-id=\"7390185\" data-element_type=\"widget\" data-e-type=\"widget\" data-widget_type=\"heading.default\">\n\t\t\t\t<div class=\"elementor-widget-container\">\n\t\t\t\t\t<h3 class=\"elementor-heading-title elementor-size-default\">Prediktivn\u00ed \u00fadr\u017eba<\/h3>\t\t\t\t<\/div>\n\t\t\t\t<\/div>\n\t\t\t\t<div class=\"elementor-element elementor-element-0645525 elementor-widget elementor-widget-text-editor\" data-id=\"0645525\" data-element_type=\"widget\" data-e-type=\"widget\" data-widget_type=\"text-editor.default\">\n\t\t\t\t<div class=\"elementor-widget-container\">\n\t\t\t\t\t\t\t\t\t<p>\u0158\u00eddic\u00ed syst\u00e9my mohou <strong>obsahovat senzory a monitorovac\u00ed za\u0159\u00edzen\u00ed<\/strong>, kter\u00e1 vyhodnocuj\u00ed stav za\u0159\u00edzen\u00ed, umo\u017e\u0148uj\u00ed prediktivn\u00ed \u00fadr\u017ebu a sni\u017euj\u00ed neo\u010dek\u00e1van\u00e9 prostoje.<\/p>\n\t\t\t\t\t\t\t\t<\/div>\n\t\t\t\t<\/div>\n\t\t\t\t\t<\/div>\n\t\t\t\t<\/div>\n\t\t<div class=\"elementor-element elementor-element-46b695f e-flex e-con-boxed e-con e-child\" data-id=\"46b695f\" data-element_type=\"container\" data-e-type=\"container\">\n\t\t\t\t\t<div class=\"e-con-inner\">\n\t\t\t\t<div class=\"elementor-element elementor-element-e90e022 elementor-widget elementor-widget-heading\" data-id=\"e90e022\" data-element_type=\"widget\" data-e-type=\"widget\" data-widget_type=\"heading.default\">\n\t\t\t\t<div class=\"elementor-widget-container\">\n\t\t\t\t\t<h3 class=\"elementor-heading-title elementor-size-default\">\u0160k\u00e1lovatelnost<\/h3>\t\t\t\t<\/div>\n\t\t\t\t<\/div>\n\t\t\t\t<div class=\"elementor-element elementor-element-9f3c7e6 elementor-widget elementor-widget-text-editor\" data-id=\"9f3c7e6\" data-element_type=\"widget\" data-e-type=\"widget\" data-widget_type=\"text-editor.default\">\n\t\t\t\t<div class=\"elementor-widget-container\">\n\t\t\t\t\t\t\t\t\t<p>\u0158\u00eddic\u00ed syst\u00e9my lze \u010dasto roz\u0161i\u0159ovat nebo sni\u017eovat, aby <strong>se p\u0159izp\u016fsobily zm\u011bn\u00e1m<\/strong> slo\u017eitosti syst\u00e9mu.<\/p>\n\t\t\t\t\t\t\t\t<\/div>\n\t\t\t\t<\/div>\n\t\t\t\t\t<\/div>\n\t\t\t\t<\/div>\n\t\t\t\t\t<\/div>\n\t\t\t\t<\/div>\n\t\t\t\t<\/div>\n\t\t","protected":false},"excerpt":{"rendered":"<p>Kontrola V\u00fdhody \u0158\u00eddic\u00ed syst\u00e9my maj\u00ed v r\u016fzn\u00fdch pr\u016fmyslov\u00fdch odv\u011btv\u00edch a aplikac\u00edch z\u00e1sadn\u00ed v\u00fdznam a p\u0159in\u00e1\u0161ej\u00ed mnoho v\u00fdhod, v\u010detn\u011b vy\u0161\u0161\u00ed efektivity, lep\u0161\u00ed bezpe\u010dnosti, \u00faspory n\u00e1klad\u016f a vy\u0161\u0161\u00ed kvality v\u00fdrobk\u016f, a jsou tak ned\u00edlnou sou\u010d\u00e1st\u00ed r\u016fzn\u00fdch pr\u016fmyslov\u00fdch odv\u011btv\u00ed a aplikac\u00ed. Automatizace a efektivita \u0158\u00eddic\u00ed syst\u00e9my automatizuj\u00ed procesy, \u010d\u00edm\u017e sni\u017euj\u00ed pot\u0159ebu manu\u00e1ln\u00edch z\u00e1sah\u016f a urychluj\u00ed provoz. Automatizace zaji\u0161\u0165uje <a href=\"https:\/\/www.cuesystem.com\/cs\/rizeni\/vyhody\/\" class=\"more-link\">&#8230;<span class=\"screen-reader-text\">  V\u00fdhody<\/span><\/a><\/p>\n","protected":false},"author":3,"featured_media":0,"parent":24503,"menu_order":432,"comment_status":"closed","ping_status":"closed","template":"","meta":{"_acf_changed":false,"inline_featured_image":false,"footnotes":""},"kategorie":[],"class_list":["post-24058","page","type-page","status-publish","hentry"],"acf":[],"_links":{"self":[{"href":"https:\/\/www.cuesystem.com\/cs\/wp-json\/wp\/v2\/pages\/24058","targetHints":{"allow":["GET"]}}],"collection":[{"href":"https:\/\/www.cuesystem.com\/cs\/wp-json\/wp\/v2\/pages"}],"about":[{"href":"https:\/\/www.cuesystem.com\/cs\/wp-json\/wp\/v2\/types\/page"}],"author":[{"embeddable":true,"href":"https:\/\/www.cuesystem.com\/cs\/wp-json\/wp\/v2\/users\/3"}],"replies":[{"embeddable":true,"href":"https:\/\/www.cuesystem.com\/cs\/wp-json\/wp\/v2\/comments?post=24058"}],"version-history":[{"count":4,"href":"https:\/\/www.cuesystem.com\/cs\/wp-json\/wp\/v2\/pages\/24058\/revisions"}],"predecessor-version":[{"id":24955,"href":"https:\/\/www.cuesystem.com\/cs\/wp-json\/wp\/v2\/pages\/24058\/revisions\/24955"}],"up":[{"embeddable":true,"href":"https:\/\/www.cuesystem.com\/cs\/wp-json\/wp\/v2\/pages\/24503"}],"wp:attachment":[{"href":"https:\/\/www.cuesystem.com\/cs\/wp-json\/wp\/v2\/media?parent=24058"}],"wp:term":[{"taxonomy":"kategorie","embeddable":true,"href":"https:\/\/www.cuesystem.com\/cs\/wp-json\/wp\/v2\/kategorie?post=24058"}],"curies":[{"name":"wp","href":"https:\/\/api.w.org\/{rel}","templated":true}]}}