{"id":24067,"date":"2023-12-30T18:39:37","date_gmt":"2023-12-30T17:39:37","guid":{"rendered":"https:\/\/www.cuesystem.com\/vyhody-2\/"},"modified":"2024-02-19T10:11:49","modified_gmt":"2024-02-19T09:11:49","slug":"vyhody-2","status":"publish","type":"page","link":"https:\/\/www.cuesystem.com\/cs\/rezervace\/vyhody-2\/","title":{"rendered":"V\u00fdhody"},"content":{"rendered":"\t\t<div data-elementor-type=\"wp-page\" data-elementor-id=\"24067\" class=\"elementor elementor-24067 elementor-18078\" data-elementor-post-type=\"page\">\n\t\t\t\t<div class=\"elementor-element elementor-element-01d4a1e e-flex e-con-boxed e-con e-parent\" data-id=\"01d4a1e\" data-element_type=\"container\" data-e-type=\"container\">\n\t\t\t\t\t<div class=\"e-con-inner\">\n\t\t\t\t<div class=\"elementor-element elementor-element-90c2b73 elementor-widget elementor-widget-heading\" data-id=\"90c2b73\" data-element_type=\"widget\" data-e-type=\"widget\" data-widget_type=\"heading.default\">\n\t\t\t\t<div class=\"elementor-widget-container\">\n\t\t\t\t\t<h3 class=\"elementor-heading-title elementor-size-default\">Rezerva<\/h3>\t\t\t\t<\/div>\n\t\t\t\t<\/div>\n\t\t\t\t<div class=\"elementor-element elementor-element-2eaab97 elementor-widget elementor-widget-heading\" data-id=\"2eaab97\" data-element_type=\"widget\" data-e-type=\"widget\" data-widget_type=\"heading.default\">\n\t\t\t\t<div class=\"elementor-widget-container\">\n\t\t\t\t\t<h1 class=\"elementor-heading-title elementor-size-default\">V\u00fdhody<\/h1>\t\t\t\t<\/div>\n\t\t\t\t<\/div>\n\t\t\t\t\t<\/div>\n\t\t\t\t<\/div>\n\t\t<div class=\"elementor-element elementor-element-d5e1038 e-flex e-con-boxed e-con e-parent\" data-id=\"d5e1038\" data-element_type=\"container\" data-e-type=\"container\">\n\t\t\t\t\t<div class=\"e-con-inner\">\n\t\t<div class=\"elementor-element elementor-element-ae45596 e-flex e-con-boxed e-con e-child\" data-id=\"ae45596\" data-element_type=\"container\" data-e-type=\"container\">\n\t\t\t\t\t<div class=\"e-con-inner\">\n\t\t<div class=\"elementor-element elementor-element-6af3482 e-flex e-con-boxed e-con e-child\" data-id=\"6af3482\" data-element_type=\"container\" data-e-type=\"container\">\n\t\t\t\t\t<div class=\"e-con-inner\">\n\t\t\t\t<div class=\"elementor-element elementor-element-fa54c07 elementor-widget elementor-widget-text-editor\" data-id=\"fa54c07\" data-element_type=\"widget\" data-e-type=\"widget\" data-widget_type=\"text-editor.default\">\n\t\t\t\t<div class=\"elementor-widget-container\">\n\t\t\t\t\t\t\t\t\t<p>Syst\u00e9my rezervace zdroj\u016f nab\u00edzej\u00ed \u0159adu v\u00fdhod v r\u016fzn\u00fdch oblastech, v\u010detn\u011b pohostinstv\u00ed, dopravy, zdravotnictv\u00ed a dal\u0161\u00edch. P\u0159esto\u017ee syst\u00e9my rezervace zdroj\u016f nab\u00edzej\u00ed \u0159adu v\u00fdhod, je d\u016fle\u017eit\u00e9 vybrat a implementovat syst\u00e9m, kter\u00fd odpov\u00edd\u00e1 konkr\u00e9tn\u00edm pot\u0159eb\u00e1m a c\u00edl\u016fm organizace nebo podniku.<\/p>\n\t\t\t\t\t\t\t\t<\/div>\n\t\t\t\t<\/div>\n\t\t\t\t\t<\/div>\n\t\t\t\t<\/div>\n\t\t\t\t\t<\/div>\n\t\t\t\t<\/div>\n\t\t\t\t\t<\/div>\n\t\t\t\t<\/div>\n\t\t<div class=\"elementor-element elementor-element-ea4e5a1 e-flex e-con-boxed e-con e-parent\" data-id=\"ea4e5a1\" data-element_type=\"container\" data-e-type=\"container\">\n\t\t\t\t\t<div class=\"e-con-inner\">\n\t\t<div class=\"elementor-element elementor-element-5edd1d7 e-flex e-con-boxed e-con e-child\" data-id=\"5edd1d7\" data-element_type=\"container\" data-e-type=\"container\">\n\t\t\t\t\t<div class=\"e-con-inner\">\n\t\t\t\t<div class=\"elementor-element elementor-element-c40fa6e elementor-widget elementor-widget-heading\" data-id=\"c40fa6e\" data-element_type=\"widget\" data-e-type=\"widget\" data-widget_type=\"heading.default\">\n\t\t\t\t<div class=\"elementor-widget-container\">\n\t\t\t\t\t<h3 class=\"elementor-heading-title elementor-size-default\">Optimalizovan\u00e9 vyu\u017eit\u00ed zdroj\u016f<\/h3>\t\t\t\t<\/div>\n\t\t\t\t<\/div>\n\t\t\t\t<div class=\"elementor-element elementor-element-5465859 elementor-widget elementor-widget-text-editor\" data-id=\"5465859\" data-element_type=\"widget\" data-e-type=\"widget\" data-widget_type=\"text-editor.default\">\n\t\t\t\t<div class=\"elementor-widget-container\">\n\t\t\t\t\t\t\t\t\t<p>Syst\u00e9my rezervace zdroj\u016f pom\u00e1haj\u00ed optimalizovat vyu\u017eit\u00ed zdroj\u016f jejich efektivn\u00edm <strong>p\u0159id\u011blov\u00e1n\u00edm na z\u00e1klad\u011b popt\u00e1vky<\/strong>. To m\u016f\u017ee v\u00e9st k lep\u0161\u00ed celkov\u00e9 efektivit\u011b a \u00faspo\u0159e n\u00e1klad\u016f.<\/p>\n\t\t\t\t\t\t\t\t<\/div>\n\t\t\t\t<\/div>\n\t\t\t\t\t<\/div>\n\t\t\t\t<\/div>\n\t\t<div class=\"elementor-element elementor-element-6fbdafd e-flex e-con-boxed e-con e-child\" data-id=\"6fbdafd\" data-element_type=\"container\" data-e-type=\"container\">\n\t\t\t\t\t<div class=\"e-con-inner\">\n\t\t\t\t<div class=\"elementor-element elementor-element-8cdeaf5 elementor-widget elementor-widget-heading\" data-id=\"8cdeaf5\" data-element_type=\"widget\" data-e-type=\"widget\" data-widget_type=\"heading.default\">\n\t\t\t\t<div class=\"elementor-widget-container\">\n\t\t\t\t\t<h3 class=\"elementor-heading-title elementor-size-default\">Zlep\u0161en\u00e1 z\u00e1kaznick\u00e1 zku\u0161enost<\/h3>\t\t\t\t<\/div>\n\t\t\t\t<\/div>\n\t\t\t\t<div class=\"elementor-element elementor-element-c2a1ae4 elementor-widget elementor-widget-text-editor\" data-id=\"c2a1ae4\" data-element_type=\"widget\" data-e-type=\"widget\" data-widget_type=\"text-editor.default\">\n\t\t\t\t<div class=\"elementor-widget-container\">\n\t\t\t\t\t\t\t\t\t<p>Z\u00e1kazn\u00edci si mohou <strong>prost\u0159edky snadno rezervovat p\u0159edem a<\/strong> zajistit si tak <strong>jejich<\/strong> dostupnost v p\u0159\u00edpad\u011b pot\u0159eby. To zlep\u0161uje z\u00e1kaznickou zku\u0161enost t\u00edm, \u017ee zkracuje \u010dekac\u00ed dobu a zaji\u0161\u0165uje hlad\u0161\u00ed pr\u016fb\u011bh procesu.<\/p>\n\t\t\t\t\t\t\t\t<\/div>\n\t\t\t\t<\/div>\n\t\t\t\t\t<\/div>\n\t\t\t\t<\/div>\n\t\t<div class=\"elementor-element elementor-element-3938909 e-flex e-con-boxed e-con e-child\" data-id=\"3938909\" data-element_type=\"container\" data-e-type=\"container\">\n\t\t\t\t\t<div class=\"e-con-inner\">\n\t\t\t\t<div class=\"elementor-element elementor-element-14d1fb3 elementor-widget elementor-widget-heading\" data-id=\"14d1fb3\" data-element_type=\"widget\" data-e-type=\"widget\" data-widget_type=\"heading.default\">\n\t\t\t\t<div class=\"elementor-widget-container\">\n\t\t\t\t\t<h3 class=\"elementor-heading-title elementor-size-default\">\u010casov\u00e1 efektivita<\/h3>\t\t\t\t<\/div>\n\t\t\t\t<\/div>\n\t\t\t\t<div class=\"elementor-element elementor-element-d025bdf elementor-widget elementor-widget-text-editor\" data-id=\"d025bdf\" data-element_type=\"widget\" data-e-type=\"widget\" data-widget_type=\"text-editor.default\">\n\t\t\t\t<div class=\"elementor-widget-container\">\n\t\t\t\t\t\t\t\t\t<p><strong>Automatizovan\u00fd charakter<\/strong> rezerva\u010dn\u00edch syst\u00e9m\u016f \u0161et\u0159\u00ed \u010das z\u00e1kazn\u00edk\u016fm i poskytovatel\u016fm slu\u017eeb. Ru\u010dn\u00ed procesy jsou minimalizov\u00e1ny a transakce lze dokon\u010dit rychle.<\/p>\n\t\t\t\t\t\t\t\t<\/div>\n\t\t\t\t<\/div>\n\t\t\t\t\t<\/div>\n\t\t\t\t<\/div>\n\t\t<div class=\"elementor-element elementor-element-0a62ccf e-flex e-con-boxed e-con e-child\" data-id=\"0a62ccf\" data-element_type=\"container\" data-e-type=\"container\">\n\t\t\t\t\t<div class=\"e-con-inner\">\n\t\t\t\t<div class=\"elementor-element elementor-element-1944896 elementor-widget elementor-widget-heading\" data-id=\"1944896\" data-element_type=\"widget\" data-e-type=\"widget\" data-widget_type=\"heading.default\">\n\t\t\t\t<div class=\"elementor-widget-container\">\n\t\t\t\t\t<h3 class=\"elementor-heading-title elementor-size-default\">Sn\u00ed\u017een\u00ed po\u010dtu p\u0159ebookov\u00e1n\u00ed a konflikt\u016f<\/h3>\t\t\t\t<\/div>\n\t\t\t\t<\/div>\n\t\t\t\t<div class=\"elementor-element elementor-element-be54c55 elementor-widget elementor-widget-text-editor\" data-id=\"be54c55\" data-element_type=\"widget\" data-e-type=\"widget\" data-widget_type=\"text-editor.default\">\n\t\t\t\t<div class=\"elementor-widget-container\">\n\t\t\t\t\t\t\t\t\t<p>Automatizovan\u00e9 rezerva\u010dn\u00ed syst\u00e9my pom\u00e1haj\u00ed p\u0159edch\u00e1zet p\u0159ebukov\u00e1n\u00ed a konflikt\u016fm d\u00edky <strong>\u0159\u00edzen\u00ed dostupnosti zdroj\u016f v re\u00e1ln\u00e9m \u010dase<\/strong>. To sni\u017euje pravd\u011bpodobnost chyb a zaji\u0161\u0165uje p\u0159esn\u011bj\u0161\u00ed zobrazen\u00ed dostupnosti zdroj\u016f.<\/p>\n\t\t\t\t\t\t\t\t<\/div>\n\t\t\t\t<\/div>\n\t\t\t\t\t<\/div>\n\t\t\t\t<\/div>\n\t\t<div class=\"elementor-element elementor-element-a0c205b e-flex e-con-boxed e-con e-child\" data-id=\"a0c205b\" data-element_type=\"container\" data-e-type=\"container\">\n\t\t\t\t\t<div class=\"e-con-inner\">\n\t\t\t\t<div class=\"elementor-element elementor-element-4878f65 elementor-widget elementor-widget-heading\" data-id=\"4878f65\" data-element_type=\"widget\" data-e-type=\"widget\" data-widget_type=\"heading.default\">\n\t\t\t\t<div class=\"elementor-widget-container\">\n\t\t\t\t\t<h3 class=\"elementor-heading-title elementor-size-default\">Vylep\u0161en\u00e9 pl\u00e1nov\u00e1n\u00ed a progn\u00f3zov\u00e1n\u00ed<\/h3>\t\t\t\t<\/div>\n\t\t\t\t<\/div>\n\t\t\t\t<div class=\"elementor-element elementor-element-13778df elementor-widget elementor-widget-text-editor\" data-id=\"13778df\" data-element_type=\"widget\" data-e-type=\"widget\" data-widget_type=\"text-editor.default\">\n\t\t\t\t<div class=\"elementor-widget-container\">\n\t\t\t\t\t\t\t\t\t<p>Podniky mohou vyu\u017e\u00edvat \u00fadaje o rezervac\u00edch k <strong>anal\u00fdze trend\u016f a pl\u00e1nov\u00e1n\u00ed budouc\u00ed popt\u00e1vky<\/strong>. To umo\u017e\u0148uje p\u0159esn\u011bj\u0161\u00ed progn\u00f3zov\u00e1n\u00ed a strategick\u00e9 rozhodov\u00e1n\u00ed.<\/p>\n\t\t\t\t\t\t\t\t<\/div>\n\t\t\t\t<\/div>\n\t\t\t\t\t<\/div>\n\t\t\t\t<\/div>\n\t\t<div class=\"elementor-element elementor-element-8a6c344 e-flex e-con-boxed e-con e-child\" data-id=\"8a6c344\" data-element_type=\"container\" data-e-type=\"container\">\n\t\t\t\t\t<div class=\"e-con-inner\">\n\t\t\t\t<div class=\"elementor-element elementor-element-204d402 elementor-widget elementor-widget-heading\" data-id=\"204d402\" data-element_type=\"widget\" data-e-type=\"widget\" data-widget_type=\"heading.default\">\n\t\t\t\t<div class=\"elementor-widget-container\">\n\t\t\t\t\t<h3 class=\"elementor-heading-title elementor-size-default\">Zjednodu\u0161en\u00fd provoz<\/h3>\t\t\t\t<\/div>\n\t\t\t\t<\/div>\n\t\t\t\t<div class=\"elementor-element elementor-element-62efd79 elementor-widget elementor-widget-text-editor\" data-id=\"62efd79\" data-element_type=\"widget\" data-e-type=\"widget\" data-widget_type=\"text-editor.default\">\n\t\t\t\t<div class=\"elementor-widget-container\">\n\t\t\t\t\t\t\t\t\t<p><strong>Centralizovan\u00fd syst\u00e9m pro spr\u00e1vu rezervac\u00ed<\/strong> zefektiv\u0148uje provoz. To zahrnuje spr\u00e1vu z\u00e1sob, pl\u00e1nov\u00e1n\u00ed zam\u011bstnanc\u016f a dal\u0161\u00ed logistick\u00e9 aspekty.<\/p>\n\t\t\t\t\t\t\t\t<\/div>\n\t\t\t\t<\/div>\n\t\t\t\t\t<\/div>\n\t\t\t\t<\/div>\n\t\t<div class=\"elementor-element elementor-element-9e44382 e-flex e-con-boxed e-con e-child\" data-id=\"9e44382\" data-element_type=\"container\" data-e-type=\"container\">\n\t\t\t\t\t<div class=\"e-con-inner\">\n\t\t\t\t<div class=\"elementor-element elementor-element-a3a3a7a elementor-widget elementor-widget-heading\" data-id=\"a3a3a7a\" data-element_type=\"widget\" data-e-type=\"widget\" data-widget_type=\"heading.default\">\n\t\t\t\t<div class=\"elementor-widget-container\">\n\t\t\t\t\t<h3 class=\"elementor-heading-title elementor-size-default\">Flexibiln\u00ed mo\u017enosti rezervace<\/h3>\t\t\t\t<\/div>\n\t\t\t\t<\/div>\n\t\t\t\t<div class=\"elementor-element elementor-element-e3182db elementor-widget elementor-widget-text-editor\" data-id=\"e3182db\" data-element_type=\"widget\" data-e-type=\"widget\" data-widget_type=\"text-editor.default\">\n\t\t\t\t<div class=\"elementor-widget-container\">\n\t\t\t\t\t\t\t\t\t<p>Mnoho rezerva\u010dn\u00edch syst\u00e9m\u016f nab\u00edz\u00ed flexibiln\u00ed mo\u017enosti rezervace, kter\u00e9 z\u00e1kazn\u00edk\u016fm umo\u017e\u0148uj\u00ed <strong>vybrat si konkr\u00e9tn\u00ed data, \u010dasy a slu\u017eby podle jejich preferenc\u00ed<\/strong>. Tato flexibilita p\u0159isp\u00edv\u00e1 ke spokojenosti z\u00e1kazn\u00edk\u016f.<\/p>\n\t\t\t\t\t\t\t\t<\/div>\n\t\t\t\t<\/div>\n\t\t\t\t\t<\/div>\n\t\t\t\t<\/div>\n\t\t<div class=\"elementor-element elementor-element-9a72444 e-flex e-con-boxed e-con e-child\" data-id=\"9a72444\" data-element_type=\"container\" data-e-type=\"container\">\n\t\t\t\t\t<div class=\"e-con-inner\">\n\t\t\t\t<div class=\"elementor-element elementor-element-bbcb72f elementor-widget elementor-widget-heading\" data-id=\"bbcb72f\" data-element_type=\"widget\" data-e-type=\"widget\" data-widget_type=\"heading.default\">\n\t\t\t\t<div class=\"elementor-widget-container\">\n\t\t\t\t\t<h3 class=\"elementor-heading-title elementor-size-default\">Zv\u00fd\u0161en\u00e9 p\u0159\u00edjmy<\/h3>\t\t\t\t<\/div>\n\t\t\t\t<\/div>\n\t\t\t\t<div class=\"elementor-element elementor-element-b7873b2 elementor-widget elementor-widget-text-editor\" data-id=\"b7873b2\" data-element_type=\"widget\" data-e-type=\"widget\" data-widget_type=\"text-editor.default\">\n\t\t\t\t<div class=\"elementor-widget-container\">\n\t\t\t\t\t\t\t\t\t<p>D\u00edky <strong>lep\u0161\u00edmu p\u0159id\u011blov\u00e1n\u00ed zdroj\u016f<\/strong> a omezen\u00ed p\u0159\u00edpad\u016f <strong>jejich<\/strong> nedostate\u010dn\u00e9ho vyu\u017e\u00edv\u00e1n\u00ed mohou podniky zv\u00fd\u0161it sv\u00e9 p\u0159\u00edjmy. To plat\u00ed zejm\u00e9na pro odv\u011btv\u00ed, kde optimalizace vyu\u017eit\u00ed zdroj\u016f p\u0159\u00edmo ovliv\u0148uje ziskovost.<\/p>\n\t\t\t\t\t\t\t\t<\/div>\n\t\t\t\t<\/div>\n\t\t\t\t\t<\/div>\n\t\t\t\t<\/div>\n\t\t<div class=\"elementor-element elementor-element-3cc6d27 e-flex e-con-boxed e-con e-child\" data-id=\"3cc6d27\" data-element_type=\"container\" data-e-type=\"container\">\n\t\t\t\t\t<div class=\"e-con-inner\">\n\t\t\t\t<div class=\"elementor-element elementor-element-501e7db elementor-widget elementor-widget-heading\" data-id=\"501e7db\" data-element_type=\"widget\" data-e-type=\"widget\" data-widget_type=\"heading.default\">\n\t\t\t\t<div class=\"elementor-widget-container\">\n\t\t\t\t\t<h3 class=\"elementor-heading-title elementor-size-default\">P\u0159\u00edstup k informac\u00edm v re\u00e1ln\u00e9m \u010dase<\/h3>\t\t\t\t<\/div>\n\t\t\t\t<\/div>\n\t\t\t\t<div class=\"elementor-element elementor-element-0d4978c elementor-widget elementor-widget-text-editor\" data-id=\"0d4978c\" data-element_type=\"widget\" data-e-type=\"widget\" data-widget_type=\"text-editor.default\">\n\t\t\t\t<div class=\"elementor-widget-container\">\n\t\t\t\t\t\t\t\t\t<p>U\u017eivatel\u00e9 maj\u00ed p\u0159\u00edstup k informac\u00edm o dostupnosti zdroj\u016f v re\u00e1ln\u00e9m \u010dase, co\u017e jim usnad\u0148uje p\u0159ij\u00edm\u00e1n\u00ed<strong> informovan\u00fdch rozhodnut\u00ed<\/strong>. To je d\u016fle\u017eit\u00e9 zejm\u00e9na v rychl\u00e9m prost\u0159ed\u00ed, kde m\u016f\u017ee doj\u00edt k rychl\u00fdm zm\u011bn\u00e1m.<\/p>\n\t\t\t\t\t\t\t\t<\/div>\n\t\t\t\t<\/div>\n\t\t\t\t\t<\/div>\n\t\t\t\t<\/div>\n\t\t<div class=\"elementor-element elementor-element-c87966c e-flex e-con-boxed e-con e-child\" data-id=\"c87966c\" data-element_type=\"container\" data-e-type=\"container\">\n\t\t\t\t\t<div class=\"e-con-inner\">\n\t\t\t\t<div class=\"elementor-element elementor-element-1ec132e elementor-widget elementor-widget-heading\" data-id=\"1ec132e\" data-element_type=\"widget\" data-e-type=\"widget\" data-widget_type=\"heading.default\">\n\t\t\t\t<div class=\"elementor-widget-container\">\n\t\t\t\t\t<h3 class=\"elementor-heading-title elementor-size-default\">Sb\u011br a anal\u00fdza dat<\/h3>\t\t\t\t<\/div>\n\t\t\t\t<\/div>\n\t\t\t\t<div class=\"elementor-element elementor-element-82c36ea elementor-widget elementor-widget-text-editor\" data-id=\"82c36ea\" data-element_type=\"widget\" data-e-type=\"widget\" data-widget_type=\"text-editor.default\">\n\t\t\t\t<div class=\"elementor-widget-container\">\n\t\t\t\t\t\t\t\t\t<p>Rezerva\u010dn\u00ed syst\u00e9my generuj\u00ed cenn\u00e1 data, kter\u00e1 lze analyzovat a z\u00edskat tak <strong>informace o chov\u00e1n\u00ed z\u00e1kazn\u00edk\u016f, jejich preferenc\u00edch a efektivit\u011b provozu<\/strong>. Tyto \u00fadaje mohou b\u00fdt podkladem pro marketingov\u00e9 strategie, zlep\u0161ov\u00e1n\u00ed slu\u017eeb a roz\u0161i\u0159ov\u00e1n\u00ed podnik\u00e1n\u00ed.<\/p>\n\t\t\t\t\t\t\t\t<\/div>\n\t\t\t\t<\/div>\n\t\t\t\t\t<\/div>\n\t\t\t\t<\/div>\n\t\t<div class=\"elementor-element elementor-element-7195ae6 e-flex e-con-boxed e-con e-child\" data-id=\"7195ae6\" data-element_type=\"container\" data-e-type=\"container\">\n\t\t\t\t\t<div class=\"e-con-inner\">\n\t\t\t\t<div class=\"elementor-element elementor-element-98cc3a5 elementor-widget elementor-widget-heading\" data-id=\"98cc3a5\" data-element_type=\"widget\" data-e-type=\"widget\" data-widget_type=\"heading.default\">\n\t\t\t\t<div class=\"elementor-widget-container\">\n\t\t\t\t\t<h3 class=\"elementor-heading-title elementor-size-default\">Integrace s ostatn\u00edmi syst\u00e9my<\/h3>\t\t\t\t<\/div>\n\t\t\t\t<\/div>\n\t\t\t\t<div class=\"elementor-element elementor-element-76c0253 elementor-widget elementor-widget-text-editor\" data-id=\"76c0253\" data-element_type=\"widget\" data-e-type=\"widget\" data-widget_type=\"text-editor.default\">\n\t\t\t\t<div class=\"elementor-widget-container\">\n\t\t\t\t\t\t\t\t\t<p>Mnoho rezerva\u010dn\u00edch syst\u00e9m\u016f lze integrovat s dal\u0161\u00edmi syst\u00e9my, jako jsou kontroln\u00ed syst\u00e9my, syst\u00e9my pro prodej vstupenek, CRM a faktura\u010dn\u00ed syst\u00e9my, a vytvo\u0159it tak ucelen\u011bj\u0161\u00ed a efektivn\u011bj\u0161\u00ed obchodn\u00ed proces.<\/p>\n\t\t\t\t\t\t\t\t<\/div>\n\t\t\t\t<\/div>\n\t\t\t\t\t<\/div>\n\t\t\t\t<\/div>\n\t\t<div class=\"elementor-element elementor-element-694b656 e-flex e-con-boxed e-con e-child\" data-id=\"694b656\" data-element_type=\"container\" data-e-type=\"container\">\n\t\t\t\t\t<div class=\"e-con-inner\">\n\t\t\t\t<div class=\"elementor-element elementor-element-d655282 elementor-widget elementor-widget-heading\" data-id=\"d655282\" data-element_type=\"widget\" data-e-type=\"widget\" data-widget_type=\"heading.default\">\n\t\t\t\t<div class=\"elementor-widget-container\">\n\t\t\t\t\t<h3 class=\"elementor-heading-title elementor-size-default\">Dodr\u017eov\u00e1n\u00ed p\u0159edpis\u016f a odpov\u011bdnost<\/h3>\t\t\t\t<\/div>\n\t\t\t\t<\/div>\n\t\t\t\t<div class=\"elementor-element elementor-element-4751cbf elementor-widget elementor-widget-text-editor\" data-id=\"4751cbf\" data-element_type=\"widget\" data-e-type=\"widget\" data-widget_type=\"text-editor.default\">\n\t\t\t\t<div class=\"elementor-widget-container\">\n\t\t\t\t\t\t\t\t\t<p>Rezerva\u010dn\u00ed syst\u00e9my mohou pomoci <strong>zajistit dodr\u017eov\u00e1n\u00ed z\u00e1sad a p\u0159edpis\u016f<\/strong>. Poskytuj\u00ed tak\u00e9 z\u00e1znamy o v\u00fdhrad\u00e1ch, co\u017e napom\u00e1h\u00e1 odpov\u011bdnosti a \u0159e\u0161en\u00ed spor\u016f.<\/p>\n\t\t\t\t\t\t\t\t<\/div>\n\t\t\t\t<\/div>\n\t\t\t\t\t<\/div>\n\t\t\t\t<\/div>\n\t\t\t\t\t<\/div>\n\t\t\t\t<\/div>\n\t\t\t\t<\/div>\n\t\t","protected":false},"excerpt":{"rendered":"<p>Rezerva V\u00fdhody Syst\u00e9my rezervace zdroj\u016f nab\u00edzej\u00ed \u0159adu v\u00fdhod v r\u016fzn\u00fdch oblastech, v\u010detn\u011b pohostinstv\u00ed, dopravy, zdravotnictv\u00ed a dal\u0161\u00edch. P\u0159esto\u017ee syst\u00e9my rezervace zdroj\u016f nab\u00edzej\u00ed \u0159adu v\u00fdhod, je d\u016fle\u017eit\u00e9 vybrat a implementovat syst\u00e9m, kter\u00fd odpov\u00edd\u00e1 konkr\u00e9tn\u00edm pot\u0159eb\u00e1m a c\u00edl\u016fm organizace nebo podniku. Optimalizovan\u00e9 vyu\u017eit\u00ed zdroj\u016f Syst\u00e9my rezervace zdroj\u016f pom\u00e1haj\u00ed optimalizovat vyu\u017eit\u00ed zdroj\u016f jejich efektivn\u00edm p\u0159id\u011blov\u00e1n\u00edm na z\u00e1klad\u011b popt\u00e1vky. <a href=\"https:\/\/www.cuesystem.com\/cs\/rezervace\/vyhody-2\/\" class=\"more-link\">&#8230;<span class=\"screen-reader-text\">  V\u00fdhody<\/span><\/a><\/p>\n","protected":false},"author":3,"featured_media":0,"parent":24463,"menu_order":432,"comment_status":"closed","ping_status":"closed","template":"","meta":{"_acf_changed":false,"inline_featured_image":false,"footnotes":""},"kategorie":[],"class_list":["post-24067","page","type-page","status-publish","hentry"],"acf":[],"_links":{"self":[{"href":"https:\/\/www.cuesystem.com\/cs\/wp-json\/wp\/v2\/pages\/24067","targetHints":{"allow":["GET"]}}],"collection":[{"href":"https:\/\/www.cuesystem.com\/cs\/wp-json\/wp\/v2\/pages"}],"about":[{"href":"https:\/\/www.cuesystem.com\/cs\/wp-json\/wp\/v2\/types\/page"}],"author":[{"embeddable":true,"href":"https:\/\/www.cuesystem.com\/cs\/wp-json\/wp\/v2\/users\/3"}],"replies":[{"embeddable":true,"href":"https:\/\/www.cuesystem.com\/cs\/wp-json\/wp\/v2\/comments?post=24067"}],"version-history":[{"count":2,"href":"https:\/\/www.cuesystem.com\/cs\/wp-json\/wp\/v2\/pages\/24067\/revisions"}],"predecessor-version":[{"id":24084,"href":"https:\/\/www.cuesystem.com\/cs\/wp-json\/wp\/v2\/pages\/24067\/revisions\/24084"}],"up":[{"embeddable":true,"href":"https:\/\/www.cuesystem.com\/cs\/wp-json\/wp\/v2\/pages\/24463"}],"wp:attachment":[{"href":"https:\/\/www.cuesystem.com\/cs\/wp-json\/wp\/v2\/media?parent=24067"}],"wp:term":[{"taxonomy":"kategorie","embeddable":true,"href":"https:\/\/www.cuesystem.com\/cs\/wp-json\/wp\/v2\/kategorie?post=24067"}],"curies":[{"name":"wp","href":"https:\/\/api.w.org\/{rel}","templated":true}]}}