{"id":24104,"date":"2023-11-09T21:03:12","date_gmt":"2023-11-09T20:03:12","guid":{"rendered":"https:\/\/www.cuesystem.com\/prohlaseni-gdpr\/"},"modified":"2024-11-13T11:07:08","modified_gmt":"2024-11-13T10:07:08","slug":"prohlaseni-gdpr","status":"publish","type":"page","link":"https:\/\/www.cuesystem.com\/cs\/prohlaseni-gdpr\/","title":{"rendered":"Prohl\u00e1\u0161en\u00ed GDPR"},"content":{"rendered":"\t\t<div data-elementor-type=\"wp-page\" data-elementor-id=\"24104\" class=\"elementor elementor-24104 elementor-1699\" data-elementor-post-type=\"page\">\n\t\t\t\t<div class=\"elementor-element elementor-element-98521df e-flex e-con-boxed e-con e-parent\" data-id=\"98521df\" data-element_type=\"container\" data-e-type=\"container\">\n\t\t\t\t\t<div class=\"e-con-inner\">\n\t\t<div class=\"elementor-element elementor-element-dca3300 e-flex e-con-boxed e-con e-child\" data-id=\"dca3300\" data-element_type=\"container\" data-e-type=\"container\">\n\t\t\t\t\t<div class=\"e-con-inner\">\n\t\t<div class=\"elementor-element elementor-element-5f8b0d8 e-flex e-con-boxed e-con e-child\" data-id=\"5f8b0d8\" data-element_type=\"container\" data-e-type=\"container\">\n\t\t\t\t\t<div class=\"e-con-inner\">\n\t\t\t\t<div class=\"elementor-element elementor-element-9ccd973 elementor-widget elementor-widget-heading\" data-id=\"9ccd973\" data-element_type=\"widget\" data-e-type=\"widget\" data-widget_type=\"heading.default\">\n\t\t\t\t<div class=\"elementor-widget-container\">\n\t\t\t\t\t<h3 class=\"elementor-heading-title elementor-size-default\">Obecn\u00e9 na\u0159\u00edzen\u00ed o ochran\u011b osobn\u00edch \u00fadaj\u016f<\/h3>\t\t\t\t<\/div>\n\t\t\t\t<\/div>\n\t\t\t\t<div class=\"elementor-element elementor-element-c4642c8 elementor-widget__width-initial elementor-widget elementor-widget-heading\" data-id=\"c4642c8\" data-element_type=\"widget\" data-e-type=\"widget\" data-widget_type=\"heading.default\">\n\t\t\t\t<div class=\"elementor-widget-container\">\n\t\t\t\t\t<h1 class=\"elementor-heading-title elementor-size-default\"><span style=\"color: var( --e-global-color-primary );font-family: var( --e-global-typography-5442c9e-font-family ), Sans-serif;font-size: var( --e-global-typography-5442c9e-font-size );font-style: var( --e-global-typography-5442c9e-font-style );font-weight: var( --e-global-typography-5442c9e-font-weight );text-align: var(--text-align)\">Prohl\u00e1\u0161en\u00ed GDPR<\/span><\/h1>\t\t\t\t<\/div>\n\t\t\t\t<\/div>\n\t\t\t\t\t<\/div>\n\t\t\t\t<\/div>\n\t\t\t\t\t<\/div>\n\t\t\t\t<\/div>\n\t\t\t\t\t<\/div>\n\t\t\t\t<\/div>\n\t\t<div class=\"elementor-element elementor-element-ca5b89a e-flex e-con-boxed e-con e-parent\" data-id=\"ca5b89a\" data-element_type=\"container\" data-e-type=\"container\">\n\t\t\t\t\t<div class=\"e-con-inner\">\n\t\t<div class=\"elementor-element elementor-element-5735667 e-flex e-con-boxed e-con e-child\" data-id=\"5735667\" data-element_type=\"container\" data-e-type=\"container\">\n\t\t\t\t\t<div class=\"e-con-inner\">\n\t\t<div class=\"elementor-element elementor-element-9e87cee e-flex e-con-boxed e-con e-child\" data-id=\"9e87cee\" data-element_type=\"container\" data-e-type=\"container\">\n\t\t\t\t\t<div class=\"e-con-inner\">\n\t\t\t\t<div class=\"elementor-element elementor-element-0e1ec40 elementor-widget elementor-widget-text-editor\" data-id=\"0e1ec40\" data-element_type=\"widget\" data-e-type=\"widget\" data-widget_type=\"text-editor.default\">\n\t\t\t\t<div class=\"elementor-widget-container\">\n\t\t\t\t\t\t\t\t\t<p>Obecn\u00e9 na\u0159\u00edzen\u00ed o ochran\u011b osobn\u00edch \u00fadaj\u016f (&#8222;GDPR&#8220;) zav\u00e1d\u00ed do st\u00e1vaj\u00edc\u00edho prost\u0159ed\u00ed ochrany \u00fadaj\u016f v EHP \u0159adu v\u00fdznamn\u00fdch zm\u011bn a roz\u0161i\u0159uje pr\u00e1va fyzick\u00fdch osob t\u00edm, \u017ee jim d\u00e1v\u00e1 v\u011bt\u0161\u00ed kontrolu nad jejich osobn\u00edmi \u00fadaji. Abychom vyhov\u011bli nov\u00fdm po\u017eadavk\u016fm GDPR, p\u0159ipravili jsme na\u0161e prohl\u00e1\u0161en\u00ed o ochran\u011b osobn\u00edch \u00fadaj\u016f. Zde najdete podrobn\u00e9 informace o tom, jak pou\u017e\u00edv\u00e1me a chr\u00e1n\u00edme va\u0161e osobn\u00ed \u00fadaje, a o va\u0161ich pr\u00e1vech v t\u00e9to souvislosti.<\/p>\n<p><a href=\"https:\/\/www.cuesystem.com\/wp-content\/uploads\/2023\/11\/GDPR_PrivacyStatement_EN-1.pdf\" target=\"_blank\" rel=\"noopener\">St\u00e1hnout prohl\u00e1\u0161en\u00ed o ochran\u011b osobn\u00edch \u00fadaj\u016f<\/a><\/p>\n\t\t\t\t\t\t\t\t<\/div>\n\t\t\t\t<\/div>\n\t\t\t\t\t<\/div>\n\t\t\t\t<\/div>\n\t\t\t\t\t<\/div>\n\t\t\t\t<\/div>\n\t\t\t\t\t<\/div>\n\t\t\t\t<\/div>\n\t\t\t\t<\/div>\n\t\t","protected":false},"excerpt":{"rendered":"<p>Obecn\u00e9 na\u0159\u00edzen\u00ed o ochran\u011b osobn\u00edch \u00fadaj\u016f Prohl\u00e1\u0161en\u00ed GDPR Obecn\u00e9 na\u0159\u00edzen\u00ed o ochran\u011b osobn\u00edch \u00fadaj\u016f (&#8222;GDPR&#8220;) zav\u00e1d\u00ed do st\u00e1vaj\u00edc\u00edho prost\u0159ed\u00ed ochrany \u00fadaj\u016f v EHP \u0159adu v\u00fdznamn\u00fdch zm\u011bn a roz\u0161i\u0159uje pr\u00e1va fyzick\u00fdch osob t\u00edm, \u017ee jim d\u00e1v\u00e1 v\u011bt\u0161\u00ed kontrolu nad jejich osobn\u00edmi \u00fadaji. Abychom vyhov\u011bli nov\u00fdm po\u017eadavk\u016fm GDPR, p\u0159ipravili jsme na\u0161e prohl\u00e1\u0161en\u00ed o ochran\u011b osobn\u00edch \u00fadaj\u016f. Zde <a href=\"https:\/\/www.cuesystem.com\/cs\/prohlaseni-gdpr\/\" class=\"more-link\">&#8230;<span class=\"screen-reader-text\">  Prohl\u00e1\u0161en\u00ed GDPR<\/span><\/a><\/p>\n","protected":false},"author":3,"featured_media":0,"parent":0,"menu_order":646,"comment_status":"closed","ping_status":"closed","template":"","meta":{"_acf_changed":false,"inline_featured_image":false,"footnotes":""},"kategorie":[],"class_list":["post-24104","page","type-page","status-publish","hentry"],"acf":[],"_links":{"self":[{"href":"https:\/\/www.cuesystem.com\/cs\/wp-json\/wp\/v2\/pages\/24104","targetHints":{"allow":["GET"]}}],"collection":[{"href":"https:\/\/www.cuesystem.com\/cs\/wp-json\/wp\/v2\/pages"}],"about":[{"href":"https:\/\/www.cuesystem.com\/cs\/wp-json\/wp\/v2\/types\/page"}],"author":[{"embeddable":true,"href":"https:\/\/www.cuesystem.com\/cs\/wp-json\/wp\/v2\/users\/3"}],"replies":[{"embeddable":true,"href":"https:\/\/www.cuesystem.com\/cs\/wp-json\/wp\/v2\/comments?post=24104"}],"version-history":[{"count":15,"href":"https:\/\/www.cuesystem.com\/cs\/wp-json\/wp\/v2\/pages\/24104\/revisions"}],"predecessor-version":[{"id":27379,"href":"https:\/\/www.cuesystem.com\/cs\/wp-json\/wp\/v2\/pages\/24104\/revisions\/27379"}],"wp:attachment":[{"href":"https:\/\/www.cuesystem.com\/cs\/wp-json\/wp\/v2\/media?parent=24104"}],"wp:term":[{"taxonomy":"kategorie","embeddable":true,"href":"https:\/\/www.cuesystem.com\/cs\/wp-json\/wp\/v2\/kategorie?post=24104"}],"curies":[{"name":"wp","href":"https:\/\/api.w.org\/{rel}","templated":true}]}}