{"id":24223,"date":"2023-10-16T12:59:32","date_gmt":"2023-10-16T10:59:32","guid":{"rendered":"https:\/\/www.cuesystem.com\/uspesne-pribehy-zakazniku\/"},"modified":"2024-02-29T10:28:34","modified_gmt":"2024-02-29T09:28:34","slug":"uspesne-projekty","status":"publish","type":"page","link":"https:\/\/www.cuesystem.com\/cs\/sprava\/uspesne-projekty\/","title":{"rendered":"\u00dasp\u011b\u0161n\u00e9 projekty"},"content":{"rendered":"\t\t<div data-elementor-type=\"wp-page\" data-elementor-id=\"24223\" class=\"elementor elementor-24223 elementor-124\" data-elementor-post-type=\"page\">\n\t\t\t\t<div class=\"elementor-element elementor-element-9d0545e e-flex e-con-boxed e-con e-parent\" data-id=\"9d0545e\" data-element_type=\"container\" data-e-type=\"container\" data-settings=\"{&quot;background_background&quot;:&quot;classic&quot;}\">\n\t\t\t\t\t<div class=\"e-con-inner\">\n\t\t\t\t<div class=\"elementor-element elementor-element-a728700 elementor-widget elementor-widget-heading\" data-id=\"a728700\" data-element_type=\"widget\" data-e-type=\"widget\" data-widget_type=\"heading.default\">\n\t\t\t\t<div class=\"elementor-widget-container\">\n\t\t\t\t\t<h3 class=\"elementor-heading-title elementor-size-default\">Spr\u00e1va<\/h3>\t\t\t\t<\/div>\n\t\t\t\t<\/div>\n\t\t\t\t<div class=\"elementor-element elementor-element-6c5f5aa elementor-widget elementor-widget-heading\" data-id=\"6c5f5aa\" data-element_type=\"widget\" data-e-type=\"widget\" data-widget_type=\"heading.default\">\n\t\t\t\t<div class=\"elementor-widget-container\">\n\t\t\t\t\t<h1 class=\"elementor-heading-title elementor-size-default\">\u00dasp\u011b\u0161n\u00e9 projekty<\/h1>\t\t\t\t<\/div>\n\t\t\t\t<\/div>\n\t\t\t\t\t<\/div>\n\t\t\t\t<\/div>\n\t\t<div class=\"elementor-element elementor-element-5bdc4f8 e-flex e-con-boxed e-con e-parent\" data-id=\"5bdc4f8\" data-element_type=\"container\" data-e-type=\"container\">\n\t\t\t\t\t<div class=\"e-con-inner\">\n\t\t\t\t<div class=\"elementor-element elementor-element-78efe6b elementor-widget-divider--view-line elementor-widget elementor-widget-divider\" data-id=\"78efe6b\" data-element_type=\"widget\" data-e-type=\"widget\" data-widget_type=\"divider.default\">\n\t\t\t\t<div class=\"elementor-widget-container\">\n\t\t\t\t\t\t\t<div class=\"elementor-divider\">\n\t\t\t<span class=\"elementor-divider-separator\">\n\t\t\t\t\t\t<\/span>\n\t\t<\/div>\n\t\t\t\t\t\t<\/div>\n\t\t\t\t<\/div>\n\t\t\t\t\t<\/div>\n\t\t\t\t<\/div>\n\t\t\t\t<\/div>\n\t\t","protected":false},"excerpt":{"rendered":"<p>Spr\u00e1va \u00dasp\u011b\u0161n\u00e9 projekty<\/p>\n","protected":false},"author":5,"featured_media":0,"parent":24457,"menu_order":610,"comment_status":"closed","ping_status":"closed","template":"","meta":{"_acf_changed":false,"inline_featured_image":false,"footnotes":""},"kategorie":[],"class_list":["post-24223","page","type-page","status-publish","hentry"],"acf":[],"_links":{"self":[{"href":"https:\/\/www.cuesystem.com\/cs\/wp-json\/wp\/v2\/pages\/24223","targetHints":{"allow":["GET"]}}],"collection":[{"href":"https:\/\/www.cuesystem.com\/cs\/wp-json\/wp\/v2\/pages"}],"about":[{"href":"https:\/\/www.cuesystem.com\/cs\/wp-json\/wp\/v2\/types\/page"}],"author":[{"embeddable":true,"href":"https:\/\/www.cuesystem.com\/cs\/wp-json\/wp\/v2\/users\/5"}],"replies":[{"embeddable":true,"href":"https:\/\/www.cuesystem.com\/cs\/wp-json\/wp\/v2\/comments?post=24223"}],"version-history":[{"count":5,"href":"https:\/\/www.cuesystem.com\/cs\/wp-json\/wp\/v2\/pages\/24223\/revisions"}],"predecessor-version":[{"id":25320,"href":"https:\/\/www.cuesystem.com\/cs\/wp-json\/wp\/v2\/pages\/24223\/revisions\/25320"}],"up":[{"embeddable":true,"href":"https:\/\/www.cuesystem.com\/cs\/wp-json\/wp\/v2\/pages\/24457"}],"wp:attachment":[{"href":"https:\/\/www.cuesystem.com\/cs\/wp-json\/wp\/v2\/media?parent=24223"}],"wp:term":[{"taxonomy":"kategorie","embeddable":true,"href":"https:\/\/www.cuesystem.com\/cs\/wp-json\/wp\/v2\/kategorie?post=24223"}],"curies":[{"name":"wp","href":"https:\/\/api.w.org\/{rel}","templated":true}]}}