{"id":24272,"date":"2023-10-25T07:53:19","date_gmt":"2023-10-25T05:53:19","guid":{"rendered":"https:\/\/www.cuesystem.com\/trhy\/sprava\/"},"modified":"2024-06-04T15:17:13","modified_gmt":"2024-06-04T13:17:13","slug":"verejny-sektor","status":"publish","type":"page","link":"https:\/\/www.cuesystem.com\/cs\/segmenty\/verejny-sektor\/","title":{"rendered":"Ve\u0159ejn\u00fd sektor"},"content":{"rendered":"\t\t<div data-elementor-type=\"wp-page\" data-elementor-id=\"24272\" class=\"elementor elementor-24272 elementor-332\" data-elementor-post-type=\"page\">\n\t\t\t\t<div class=\"elementor-element elementor-element-e548ef2 e-flex e-con-boxed e-con e-parent\" data-id=\"e548ef2\" data-element_type=\"container\" data-e-type=\"container\">\n\t\t\t\t\t<div class=\"e-con-inner\">\n\t\t\t\t<div class=\"elementor-element elementor-element-9460672 elementor-widget elementor-widget-heading\" data-id=\"9460672\" data-element_type=\"widget\" data-e-type=\"widget\" data-widget_type=\"heading.default\">\n\t\t\t\t<div class=\"elementor-widget-container\">\n\t\t\t\t\t<h3 class=\"elementor-heading-title elementor-size-default\">Usnadn\u00edme v\u00e1m \u017eivot<\/h3>\t\t\t\t<\/div>\n\t\t\t\t<\/div>\n\t\t\t\t<div class=\"elementor-element elementor-element-2d5f28b elementor-widget elementor-widget-heading\" data-id=\"2d5f28b\" data-element_type=\"widget\" data-e-type=\"widget\" data-widget_type=\"heading.default\">\n\t\t\t\t<div class=\"elementor-widget-container\">\n\t\t\t\t\t<h1 class=\"elementor-heading-title elementor-size-default\">ve ve\u0159ejn\u00e9m sektoru<\/h1>\t\t\t\t<\/div>\n\t\t\t\t<\/div>\n\t\t\t\t\t<\/div>\n\t\t\t\t<\/div>\n\t\t<div class=\"elementor-element elementor-element-f065fdc e-flex e-con-boxed e-con e-parent\" data-id=\"f065fdc\" data-element_type=\"container\" data-e-type=\"container\" data-settings=\"{&quot;background_background&quot;:&quot;classic&quot;}\">\n\t\t\t\t\t<div class=\"e-con-inner\">\n\t\t\t\t\t<\/div>\n\t\t\t\t<\/div>\n\t\t<div class=\"elementor-element elementor-element-d06bf1d e-grid e-con-boxed e-con e-parent\" data-id=\"d06bf1d\" data-element_type=\"container\" data-e-type=\"container\" data-settings=\"{&quot;background_background&quot;:&quot;classic&quot;}\">\n\t\t\t\t\t<div class=\"e-con-inner\">\n\t\t\t\t<div class=\"elementor-element elementor-element-e51371f elementor-widget elementor-widget-heading\" data-id=\"e51371f\" data-element_type=\"widget\" data-e-type=\"widget\" data-widget_type=\"heading.default\">\n\t\t\t\t<div class=\"elementor-widget-container\">\n\t\t\t\t\t<h3 class=\"elementor-heading-title elementor-size-default\"><span style=\"font-size: 20.8px\">Ve\u0159ejn\u00e1 spr\u00e1va<\/span><\/h3>\t\t\t\t<\/div>\n\t\t\t\t<\/div>\n\t\t\t\t<div class=\"elementor-element elementor-element-3d5a0eb elementor-widget elementor-widget-heading\" data-id=\"3d5a0eb\" data-element_type=\"widget\" data-e-type=\"widget\" data-widget_type=\"heading.default\">\n\t\t\t\t<div class=\"elementor-widget-container\">\n\t\t\t\t\t<h3 class=\"elementor-heading-title elementor-size-default\"><span style=\"font-size: 20.8px\">St\u00e1tn\u00ed spr\u00e1va<\/span><\/h3>\t\t\t\t<\/div>\n\t\t\t\t<\/div>\n\t\t\t\t<div class=\"elementor-element elementor-element-c641803 elementor-widget elementor-widget-heading\" data-id=\"c641803\" data-element_type=\"widget\" data-e-type=\"widget\" data-widget_type=\"heading.default\">\n\t\t\t\t<div class=\"elementor-widget-container\">\n\t\t\t\t\t<h3 class=\"elementor-heading-title elementor-size-default\">Soudnictv\u00ed<\/h3>\t\t\t\t<\/div>\n\t\t\t\t<\/div>\n\t\t\t\t\t<\/div>\n\t\t\t\t<\/div>\n\t\t<div class=\"elementor-element elementor-element-d786d3a e-grid e-con-boxed e-con e-parent\" data-id=\"d786d3a\" data-element_type=\"container\" data-e-type=\"container\">\n\t\t\t\t\t<div class=\"e-con-inner\">\n\t\t\t\t<div class=\"elementor-element elementor-element-2b5bdcf elementor-widget elementor-widget-text-editor\" data-id=\"2b5bdcf\" data-element_type=\"widget\" data-e-type=\"widget\" data-widget_type=\"text-editor.default\">\n\t\t\t\t<div class=\"elementor-widget-container\">\n\t\t\t\t\t\t\t\t\t<p>A\u0165 u\u017e se jedn\u00e1 o <b>st\u00e1tn\u00ed spr\u00e1vu<\/b>, <b>soudnictv\u00ed<\/b> nebo m\u00edstn\u00ed <b>samospr\u00e1vu,<\/b> <b>v\u0161estrann\u00fd syst\u00e9m CUE transformuje<\/b> jejich provoz v oblasti <b>rezervac\u00ed<\/b>, <b>\u0159\u00edzen\u00ed<\/b> a <b>st\u00e1le d\u016fle\u017eit\u011bj\u0161\u00edm <\/b><b>navigov\u00e1n\u00ed<\/b>.<\/p>\n<p>V ka\u017ed\u00e9 vstupn\u00ed hale ocen\u00ed va\u0161i <b>zam\u011bstnanci <\/b>i <b>n\u00e1v\u0161t\u011bvn\u00edci<\/b><b> informa\u010dn\u00ed kiosek <\/b>s <b>multifunk\u010dn\u00edm vyu\u017eit\u00edm<\/b>, stejn\u011b tak jako velkou obrazovku s funkc\u00ed <b>integrovan\u00e9ho p\u0159ehledu<\/b>. Ten <b>poskytuje p\u0159ehled<\/b> o prob\u00edhaj\u00edc\u00edch sch\u016fzk\u00e1ch a celkov\u011b <b>zlep\u0161uje<\/b><b>informovanost<\/b> n\u00e1v\u0161t\u011bvn\u00edk\u016f a zam\u011bstnanc\u016f.<\/p>\n\t\t\t\t\t\t\t\t<\/div>\n\t\t\t\t<\/div>\n\t\t\t\t<div class=\"elementor-element elementor-element-beb372b elementor-widget elementor-widget-text-editor\" data-id=\"beb372b\" data-element_type=\"widget\" data-e-type=\"widget\" data-widget_type=\"text-editor.default\">\n\t\t\t\t<div class=\"elementor-widget-container\">\n\t\t\t\t\t\t\t\t\t<p>N\u00e1\u0161 <b>syst\u00e9mposouv\u00e1 hranice<\/b> a nab\u00edz\u00ed slu\u017eby, jako je<b> p\u0159\u00edm\u00fd p\u0159enos<\/b> ve\u0159ejn\u00fdch zased\u00e1n\u00ed obecn\u00edch zastupitelstev, <b>nahr\u00e1v\u00e1n\u00ed <\/b>jednotliv\u00fdch zased\u00e1n\u00ed a dal\u0161\u00ed <b>funkce souvisej\u00edc\u00ed s AV<\/b>.<\/p>\n<p>Umo\u017e\u0148uje tak\u00e9 prov\u00e1d\u011bt centralizovan\u00fd dohled nad v\u0161emi m\u00edstnostmi v budov\u011b a efektivn\u00ed spr\u00e1vu<b> technologi\u00ed<\/b> ve v\u0161ech prostor\u00e1ch (nap\u0159. centralizovan\u00e9 vyp\u00edn\u00e1n\u00ed elektrick\u00fdch za\u0159\u00edzen\u00ed na noc, v\u010detn\u011b m\u00edstnost\u00ed, kde zam\u011bstnanci mohli zapomenout vypnout n\u011bjak\u00e9 za\u0159\u00edzen\u00ed).<\/p>\n\t\t\t\t\t\t\t\t<\/div>\n\t\t\t\t<\/div>\n\t\t\t\t\t<\/div>\n\t\t\t\t<\/div>\n\t\t<div class=\"elementor-element elementor-element-33e8403 e-flex e-con-boxed e-con e-parent\" data-id=\"33e8403\" data-element_type=\"container\" data-e-type=\"container\">\n\t\t\t\t\t<div class=\"e-con-inner\">\n\t\t<div class=\"elementor-element elementor-element-cccfde6 e-con-full e-flex e-con e-child\" data-id=\"cccfde6\" data-element_type=\"container\" data-e-type=\"container\">\n\t\t\t\t<div class=\"elementor-element elementor-element-5bfe0d4 elementor-widget elementor-widget-image\" data-id=\"5bfe0d4\" data-element_type=\"widget\" data-e-type=\"widget\" data-widget_type=\"image.default\">\n\t\t\t\t<div class=\"elementor-widget-container\">\n\t\t\t\t\t\t\t\t\t\t\t\t\t\t\t<img fetchpriority=\"high\" decoding=\"async\" width=\"1024\" height=\"683\" src=\"https:\/\/www.cuesystem.com\/wp-content\/uploads\/2024\/01\/administration_navigation-1024x683.webp\" class=\"attachment-large size-large wp-image-24274\" alt=\"\" srcset=\"https:\/\/www.cuesystem.com\/wp-content\/uploads\/2024\/01\/administration_navigation-1024x683.webp 1024w, https:\/\/www.cuesystem.com\/wp-content\/uploads\/2024\/01\/administration_navigation-300x200.webp 300w\" sizes=\"(max-width: 1024px) 100vw, 1024px\" \/>\t\t\t\t\t\t\t\t\t\t\t\t\t\t\t<\/div>\n\t\t\t\t<\/div>\n\t\t\t\t<\/div>\n\t\t<div class=\"elementor-element elementor-element-73d8bfc e-con-full e-flex e-con e-child\" data-id=\"73d8bfc\" data-element_type=\"container\" data-e-type=\"container\">\n\t\t\t\t<div class=\"elementor-element elementor-element-8691995 elementor-widget elementor-widget-heading\" data-id=\"8691995\" data-element_type=\"widget\" data-e-type=\"widget\" data-widget_type=\"heading.default\">\n\t\t\t\t<div class=\"elementor-widget-container\">\n\t\t\t\t\t<h2 class=\"elementor-heading-title elementor-size-default\">Navigace<\/h2>\t\t\t\t<\/div>\n\t\t\t\t<\/div>\n\t\t\t\t<div class=\"elementor-element elementor-element-05b2f3e elementor-widget elementor-widget-text-editor\" data-id=\"05b2f3e\" data-element_type=\"widget\" data-e-type=\"widget\" data-widget_type=\"text-editor.default\">\n\t\t\t\t<div class=\"elementor-widget-container\">\n\t\t\t\t\t\t\t\t\t<p>P\u0159i n\u00e1v\u0161t\u011bv\u011b \u00fa\u0159ad\u016f mohou ob\u010dan\u00e9 vyu\u017e\u00edvat<b> vnit\u0159n\u00ed navigaci<\/b> prost\u0159ednictv\u00edm sv\u00fdch <b>chytr\u00fdch telefon\u016f, ani\u017e by si museli instalovat<\/b> aplikaci nebo zad\u00e1vat p\u0159ihla\u0161ovac\u00ed \u00fadaje. Jednoduch\u00fdm <b>naskenov\u00e1n\u00edm <\/b> <b>QR k\u00f3du<\/b> aktivuj\u00ed webovou aplikaci, zadaj\u00ed v\u00fdchoz\u00ed m\u00edsto a pot\u00e9 si vyberou odd\u011blen\u00ed, kde pot\u0159ebuj\u00ed vy\u0159\u00eddit svou agendu. Pokud se odch\u00fdl\u00ed od zvolen\u00e9 trasy, mohou snadno aktualizovat svou polohu naskenov\u00e1n\u00edm jednoho z QR k\u00f3d\u016f rozm\u00edst\u011bn\u00fdch po budov\u011b. Navigace m\u016f\u017ee b\u00fdt <b>u\u017eite\u010dn\u00fdm pr\u016fvodcem<\/b> i pro ob\u010dany s omeznou pohyblivost\u00ed, proto\u017ee dok\u00e1\u017ee vyhledat a nab\u00eddnout dostupnou bezbari\u00e9rovou trasu.<\/p>\n<p><span style=\"text-align: var(--text-align); color: var( --e-global-color-primary ); font-family: var( --e-global-typography-primary-font-family ), Sans-serif; font-size: var( --e-global-typography-primary-font-size ); font-weight: var( --e-global-typography-primary-font-weight );\">Poskytujeme zaj\u00edmav\u00e9 <strong>\u0159e\u0161en\u00ed<\/strong> pro pracovi\u0161t\u011b, kter\u00e1 v r\u00e1mci zpracov\u00e1n\u00ed \u017e\u00e1dosti <strong>p\u0159esm\u011brov\u00e1vaj\u00ed klienty<\/strong> na jin\u00e1 odd\u011blen\u00ed (nap\u0159. na pokladnu, kde ob\u010dan zaplat\u00ed p\u0159\u00edslu\u0161n\u00fd poplatek a pot\u00e9 se vr\u00e1t\u00ed k dokon\u010den\u00ed \u017e\u00e1dosti). Ob\u010dan\u00e9 mohou pomoc\u00ed chytr\u00fdch telefon\u016f <strong>naskenovat<\/strong> <strong>QR k\u00f3d<\/strong>, kter\u00fd okam\u017eit\u011b <strong>spust\u00ed naviga\u010dn\u00ed pokyny<\/strong> z p\u0159\u00edslu\u0161n\u00e9ho odd\u011blen\u00ed k pokladn\u011b. <strong>\u00da\u0159edn\u00edci se tak mohou soust\u0159edit na<\/strong> zpracov\u00e1n\u00ed p\u0159ijat\u00fdch dokument\u016f nebo vy\u0159izov\u00e1n\u00ed jin\u00fdch \u00fakol\u016f, nam\u00edsto aby vysv\u011btlovali, jak se dostat k pokladn\u011b.<\/span><\/p>\n\t\t\t\t\t\t\t\t<\/div>\n\t\t\t\t<\/div>\n\t\t\t\t<div class=\"elementor-element elementor-element-7432167 elementor-align-left elementor-widget elementor-widget-button\" data-id=\"7432167\" data-element_type=\"widget\" data-e-type=\"widget\" data-widget_type=\"button.default\">\n\t\t\t\t<div class=\"elementor-widget-container\">\n\t\t\t\t\t\t\t\t\t<div class=\"elementor-button-wrapper\">\n\t\t\t\t\t<a class=\"elementor-button elementor-button-link elementor-size-sm\" href=\"https:\/\/www.cuesystem.com\/cs\/navigace\/\" target=\"_blank\">\n\t\t\t\t\t\t<span class=\"elementor-button-content-wrapper\">\n\t\t\t\t\t\t\t\t\t<span class=\"elementor-button-text\">Prozkoumat NAVIGACI<\/span>\n\t\t\t\t\t<\/span>\n\t\t\t\t\t<\/a>\n\t\t\t\t<\/div>\n\t\t\t\t\t\t\t\t<\/div>\n\t\t\t\t<\/div>\n\t\t\t\t<\/div>\n\t\t\t\t\t<\/div>\n\t\t\t\t<\/div>\n\t\t<div class=\"elementor-element elementor-element-5bd76fa e-flex e-con-boxed e-con e-parent\" data-id=\"5bd76fa\" data-element_type=\"container\" data-e-type=\"container\">\n\t\t\t\t\t<div class=\"e-con-inner\">\n\t\t<div class=\"elementor-element elementor-element-1afcf72 e-con-full e-flex e-con e-child\" data-id=\"1afcf72\" data-element_type=\"container\" data-e-type=\"container\">\n\t\t\t\t<div class=\"elementor-element elementor-element-37b72ce elementor-widget elementor-widget-image\" data-id=\"37b72ce\" data-element_type=\"widget\" data-e-type=\"widget\" data-widget_type=\"image.default\">\n\t\t\t\t<div class=\"elementor-widget-container\">\n\t\t\t\t\t\t\t\t\t\t\t\t\t\t\t<img decoding=\"async\" width=\"1024\" height=\"682\" src=\"https:\/\/www.cuesystem.com\/wp-content\/uploads\/2024\/01\/administration_meeting_spaces-1024x682.webp\" class=\"attachment-large size-large wp-image-24275\" alt=\"\" srcset=\"https:\/\/www.cuesystem.com\/wp-content\/uploads\/2024\/01\/administration_meeting_spaces-1024x682.webp 1024w, https:\/\/www.cuesystem.com\/wp-content\/uploads\/2024\/01\/administration_meeting_spaces-300x200.webp 300w, https:\/\/www.cuesystem.com\/wp-content\/uploads\/2024\/01\/administration_meeting_spaces.webp 1280w\" sizes=\"(max-width: 1024px) 100vw, 1024px\" \/>\t\t\t\t\t\t\t\t\t\t\t\t\t\t\t<\/div>\n\t\t\t\t<\/div>\n\t\t\t\t<\/div>\n\t\t<div class=\"elementor-element elementor-element-1d0d426 e-con-full e-flex e-con e-child\" data-id=\"1d0d426\" data-element_type=\"container\" data-e-type=\"container\">\n\t\t\t\t<div class=\"elementor-element elementor-element-e5b2bd9 elementor-widget elementor-widget-heading\" data-id=\"e5b2bd9\" data-element_type=\"widget\" data-e-type=\"widget\" data-widget_type=\"heading.default\">\n\t\t\t\t<div class=\"elementor-widget-container\">\n\t\t\t\t\t<h2 class=\"elementor-heading-title elementor-size-default\">Prostory pro setk\u00e1v\u00e1n\u00ed<\/h2>\t\t\t\t<\/div>\n\t\t\t\t<\/div>\n\t\t\t\t<div class=\"elementor-element elementor-element-49707b6 elementor-widget elementor-widget-text-editor\" data-id=\"49707b6\" data-element_type=\"widget\" data-e-type=\"widget\" data-widget_type=\"text-editor.default\">\n\t\t\t\t<div class=\"elementor-widget-container\">\n\t\t\t\t\t\t\t\t\t<p><b>Zjednodu\u0161te <\/b>sv\u00e9 <b>prezentace <\/b>pomoc\u00ed na\u0161eho <b>intuitivn\u00edho ovl\u00e1d\u00e1n\u00ed jedn\u00edm dotykem<\/b>, kter\u00e9 <b>uleh\u010duje<\/b> <b>proces nastaven\u00ed zasedac\u00ed m\u00edstnosti<\/b>. Z jedin\u00e9ho <b>panelu<\/b> m\u016f\u017eete <b>jednodu\u0161e<\/b> <b>spravovat <\/b>ve\u0161ker\u00e9 <b>technick\u00e9 vybaven\u00ed<\/b> v m\u00edstnosti, v\u010detn\u011b audiovizu\u00e1ln\u00ed techniky, projektor\u016f, monitor\u016f, DVD p\u0159ehr\u00e1va\u010d\u016f, osv\u011btlen\u00ed, vyt\u00e1p\u011bn\u00ed, klimatizace, okenn\u00edch \u017ealuzi\u00ed a dal\u0161\u00edch.<\/p>\n<p><span style=\"text-align: var(--text-align); color: var( --e-global-color-primary ); font-family: var( --e-global-typography-primary-font-family ), Sans-serif; font-size: var( --e-global-typography-primary-font-size ); font-weight: var( --e-global-typography-primary-font-weight );\"><strong>P\u0159izp\u016fsobte si<\/strong> sv\u011bteln\u00e9 prost\u0159ed\u00ed pomoc\u00ed <strong>p\u0159ednastaven\u00fdch sv\u011bteln\u00fdch sc\u00e9n<\/strong> pro po\u017eadovanou n\u00e1ladu. Zajist\u011bte si <strong>bezprobl\u00e9mov\u00e9<\/strong> <strong>ovl\u00e1d\u00e1n\u00ed m\u00edstnost\u00ed na d\u00e1lku<\/strong> v p\u0159\u00edpad\u011b technick\u00fdch probl\u00e9m\u016f a vyu\u017eijte <strong>automatickou diagnostiku<\/strong> pro v\u010dasn\u00fd servis. <\/span><span style=\"color: var( --e-global-color-primary ); font-family: var( --e-global-typography-primary-font-family ), Sans-serif; font-size: var( --e-global-typography-primary-font-size ); font-weight: var( --e-global-typography-primary-font-weight ); text-align: var(--text-align);\">Vyzkou\u0161ejte si <strong>pohodl\u00ed<\/strong> na\u0161eho <strong>jednoduch\u00e9ho, ale komplexn\u00edho \u0159e\u0161en\u00ed rezervac\u00ed, kter\u00e9<\/strong> je p\u0159izp\u016fsobeno va\u0161im<strong> specifick\u00fdm pot\u0159eb\u00e1m<\/strong>.<\/span><\/p>\n\t\t\t\t\t\t\t\t<\/div>\n\t\t\t\t<\/div>\n\t\t\t\t<div class=\"elementor-element elementor-element-be663ea elementor-align-left elementor-widget elementor-widget-button\" data-id=\"be663ea\" data-element_type=\"widget\" data-e-type=\"widget\" data-widget_type=\"button.default\">\n\t\t\t\t<div class=\"elementor-widget-container\">\n\t\t\t\t\t\t\t\t\t<div class=\"elementor-button-wrapper\">\n\t\t\t\t\t<a class=\"elementor-button elementor-button-link elementor-size-sm\" href=\"https:\/\/www.cuesystem.com\/cs\/rizeni\/\" target=\"_blank\">\n\t\t\t\t\t\t<span class=\"elementor-button-content-wrapper\">\n\t\t\t\t\t\t\t\t\t<span class=\"elementor-button-text\">Prozkoumat \u0158\u00cdZEN\u00cd<\/span>\n\t\t\t\t\t<\/span>\n\t\t\t\t\t<\/a>\n\t\t\t\t<\/div>\n\t\t\t\t\t\t\t\t<\/div>\n\t\t\t\t<\/div>\n\t\t\t\t<\/div>\n\t\t\t\t\t<\/div>\n\t\t\t\t<\/div>\n\t\t<div class=\"elementor-element elementor-element-cdd5dde e-flex e-con-boxed e-con e-parent\" data-id=\"cdd5dde\" data-element_type=\"container\" data-e-type=\"container\">\n\t\t\t\t\t<div class=\"e-con-inner\">\n\t\t<div class=\"elementor-element elementor-element-c00d54f e-con-full e-flex e-con e-child\" data-id=\"c00d54f\" data-element_type=\"container\" data-e-type=\"container\">\n\t\t\t\t<div class=\"elementor-element elementor-element-2bfcc64 elementor-widget elementor-widget-image\" data-id=\"2bfcc64\" data-element_type=\"widget\" data-e-type=\"widget\" data-widget_type=\"image.default\">\n\t\t\t\t<div class=\"elementor-widget-container\">\n\t\t\t\t\t\t\t\t\t\t\t\t\t\t\t<img decoding=\"async\" width=\"1024\" height=\"683\" src=\"https:\/\/www.cuesystem.com\/wp-content\/uploads\/2024\/01\/administration_courtrooms_2-1024x683.webp\" class=\"attachment-large size-large wp-image-24276\" alt=\"\" srcset=\"https:\/\/www.cuesystem.com\/wp-content\/uploads\/2024\/01\/administration_courtrooms_2-1024x683.webp 1024w, https:\/\/www.cuesystem.com\/wp-content\/uploads\/2024\/01\/administration_courtrooms_2-300x200.webp 300w, https:\/\/www.cuesystem.com\/wp-content\/uploads\/2024\/01\/administration_courtrooms_2.webp 1920w\" sizes=\"(max-width: 1024px) 100vw, 1024px\" \/>\t\t\t\t\t\t\t\t\t\t\t\t\t\t\t<\/div>\n\t\t\t\t<\/div>\n\t\t\t\t<\/div>\n\t\t<div class=\"elementor-element elementor-element-cff8ac4 e-con-full e-flex e-con e-child\" data-id=\"cff8ac4\" data-element_type=\"container\" data-e-type=\"container\">\n\t\t\t\t<div class=\"elementor-element elementor-element-ce39425 elementor-widget elementor-widget-heading\" data-id=\"ce39425\" data-element_type=\"widget\" data-e-type=\"widget\" data-widget_type=\"heading.default\">\n\t\t\t\t<div class=\"elementor-widget-container\">\n\t\t\t\t\t<h2 class=\"elementor-heading-title elementor-size-default\">Soudn\u00ed s\u00edn\u011b<\/h2>\t\t\t\t<\/div>\n\t\t\t\t<\/div>\n\t\t\t\t<div class=\"elementor-element elementor-element-323fcf0 elementor-widget elementor-widget-text-editor\" data-id=\"323fcf0\" data-element_type=\"widget\" data-e-type=\"widget\" data-widget_type=\"text-editor.default\">\n\t\t\t\t<div class=\"elementor-widget-container\">\n\t\t\t\t\t\t\t\t\t<p>Spole\u010dnost CUE nab\u00edz\u00ed <strong>\u0159e\u0161en\u00ed na m\u00edru<\/strong> pro <strong>soudn\u00ed s\u00edn\u011b<\/strong>. N\u00e1\u0161 syst\u00e9m nap\u0159\u00edklad umo\u017e\u0148uje <strong>nahr\u00e1v\u00e1n\u00ed<\/strong> v\u0161ech d\u016fle\u017eit\u00fdch <strong>jedn\u00e1n\u00ed<\/strong>, <strong>ovl\u00e1d\u00e1n\u00ed<\/strong> <strong>hlasovac\u00edch<\/strong> za\u0159\u00edzen\u00ed, <strong>zvuku<\/strong>, <strong>sv\u011btel<\/strong>, <strong>stm\u00edv\u00e1n\u00ed<\/strong> a dal\u0161\u00edch AV technologi\u00ed <strong>p\u0159\u00edmo<\/strong> z <strong>jedin\u00e9ho dotykov\u00e9ho panelu<\/strong>.<\/p>\n\t\t\t\t\t\t\t\t<\/div>\n\t\t\t\t<\/div>\n\t\t\t\t<div class=\"elementor-element elementor-element-e382480 elementor-align-left elementor-widget elementor-widget-button\" data-id=\"e382480\" data-element_type=\"widget\" data-e-type=\"widget\" data-widget_type=\"button.default\">\n\t\t\t\t<div class=\"elementor-widget-container\">\n\t\t\t\t\t\t\t\t\t<div class=\"elementor-button-wrapper\">\n\t\t\t\t\t<a class=\"elementor-button elementor-button-link elementor-size-sm\" href=\"https:\/\/www.cuesystem.com\/cs\/rizeni\/\" target=\"_blank\">\n\t\t\t\t\t\t<span class=\"elementor-button-content-wrapper\">\n\t\t\t\t\t\t\t\t\t<span class=\"elementor-button-text\">Prozkoumat \u0158\u00cdZEN\u00cd<\/span>\n\t\t\t\t\t<\/span>\n\t\t\t\t\t<\/a>\n\t\t\t\t<\/div>\n\t\t\t\t\t\t\t\t<\/div>\n\t\t\t\t<\/div>\n\t\t\t\t<\/div>\n\t\t\t\t\t<\/div>\n\t\t\t\t<\/div>\n\t\t<div class=\"elementor-element elementor-element-754d509 e-flex e-con-boxed e-con e-parent\" data-id=\"754d509\" data-element_type=\"container\" data-e-type=\"container\">\n\t\t\t\t\t<div class=\"e-con-inner\">\n\t\t<div class=\"elementor-element elementor-element-3f7e7d3 e-con-full e-flex e-con e-child\" data-id=\"3f7e7d3\" data-element_type=\"container\" data-e-type=\"container\">\n\t\t\t\t<div class=\"elementor-element elementor-element-bdab11e elementor-widget elementor-widget-image\" data-id=\"bdab11e\" data-element_type=\"widget\" data-e-type=\"widget\" data-widget_type=\"image.default\">\n\t\t\t\t<div class=\"elementor-widget-container\">\n\t\t\t\t\t\t\t\t\t\t\t\t\t\t\t<img loading=\"lazy\" decoding=\"async\" width=\"1024\" height=\"575\" src=\"https:\/\/www.cuesystem.com\/wp-content\/uploads\/2024\/01\/edu_parking-1024x575.webp\" class=\"attachment-large size-large wp-image-24440\" alt=\"\" srcset=\"https:\/\/www.cuesystem.com\/wp-content\/uploads\/2024\/01\/edu_parking-1024x575.webp 1024w, https:\/\/www.cuesystem.com\/wp-content\/uploads\/2024\/01\/edu_parking-300x169.webp 300w\" sizes=\"(max-width: 1024px) 100vw, 1024px\" \/>\t\t\t\t\t\t\t\t\t\t\t\t\t\t\t<\/div>\n\t\t\t\t<\/div>\n\t\t\t\t<\/div>\n\t\t<div class=\"elementor-element elementor-element-652cdbc e-con-full e-flex e-con e-child\" data-id=\"652cdbc\" data-element_type=\"container\" data-e-type=\"container\">\n\t\t\t\t<div class=\"elementor-element elementor-element-90b18c9 elementor-widget elementor-widget-heading\" data-id=\"90b18c9\" data-element_type=\"widget\" data-e-type=\"widget\" data-widget_type=\"heading.default\">\n\t\t\t\t<div class=\"elementor-widget-container\">\n\t\t\t\t\t<h2 class=\"elementor-heading-title elementor-size-default\">Parkov\u00e1n\u00ed<\/h2>\t\t\t\t<\/div>\n\t\t\t\t<\/div>\n\t\t\t\t<div class=\"elementor-element elementor-element-1dd12dd elementor-widget elementor-widget-text-editor\" data-id=\"1dd12dd\" data-element_type=\"widget\" data-e-type=\"widget\" data-widget_type=\"text-editor.default\">\n\t\t\t\t<div class=\"elementor-widget-container\">\n\t\t\t\t\t\t\t\t\t<p><b>Zam\u011bstnanc\u016fm<\/b> nab\u00edz\u00ed n\u00e1\u0161 syst\u00e9m <b>jednoduchou <\/b><b> rezervaci<\/b> parkovac\u00edho m\u00edsta <b>z <\/b>pohodl\u00ed <b>domova<\/b>. O\u010dek\u00e1v\u00e1te n\u00e1v\u0161t\u011bvu? \u017d\u00e1dn\u00fd probl\u00e9m. Parkovac\u00ed m\u00edsto pro n\u011b m\u016f\u017eete jednodu\u0161e rezervovat ze sv\u00e9ho u\u017eivatelsk\u00e9ho \u00fa\u010dtu.<\/p>\n\t\t\t\t\t\t\t\t<\/div>\n\t\t\t\t<\/div>\n\t\t\t\t<div class=\"elementor-element elementor-element-2d9a521 elementor-align-left elementor-widget elementor-widget-button\" data-id=\"2d9a521\" data-element_type=\"widget\" data-e-type=\"widget\" data-widget_type=\"button.default\">\n\t\t\t\t<div class=\"elementor-widget-container\">\n\t\t\t\t\t\t\t\t\t<div class=\"elementor-button-wrapper\">\n\t\t\t\t\t<a class=\"elementor-button elementor-button-link elementor-size-sm\" href=\"https:\/\/www.cuesystem.com\/cs\/rezervace\/\" target=\"_blank\">\n\t\t\t\t\t\t<span class=\"elementor-button-content-wrapper\">\n\t\t\t\t\t\t\t\t\t<span class=\"elementor-button-text\">Prozkoumat REZERVACE<\/span>\n\t\t\t\t\t<\/span>\n\t\t\t\t\t<\/a>\n\t\t\t\t<\/div>\n\t\t\t\t\t\t\t\t<\/div>\n\t\t\t\t<\/div>\n\t\t\t\t<div class=\"elementor-element elementor-element-1501c97 elementor-widget elementor-widget-text-editor\" data-id=\"1501c97\" data-element_type=\"widget\" data-e-type=\"widget\" data-widget_type=\"text-editor.default\">\n\t\t\t\t<div class=\"elementor-widget-container\">\n\t\t\t\t\t\t\t\t\t<p><span style=\"color: var( --e-global-color-primary ); font-family: var( --e-global-typography-primary-font-family ), Sans-serif; font-size: var( --e-global-typography-primary-font-size ); font-weight: var( --e-global-typography-primary-font-weight ); text-align: var(--text-align);\">Pro <strong>hosty<\/strong> zaji\u0161\u0165ujeme <strong>snadnou navigaci<\/strong> <strong>z <\/strong> <strong>parkovi\u0161t\u011b<\/strong> p\u0159\u00edmo <strong>do<\/strong> va\u0161\u00ed <strong>kancel\u00e1\u0159e<\/strong>. Po skon\u010den\u00ed sch\u016fzky nebudou m\u00edt n\u00e1v\u0161t\u011bvn\u00edci probl\u00e9m naj\u00edt m\u00edsto, kde zaparkovali. Na\u0161e navigace je <strong>bez probl\u00e9m\u016f dovede<\/strong> zp\u011bt k jejich vozidlu.<\/span><\/p>\n\t\t\t\t\t\t\t\t<\/div>\n\t\t\t\t<\/div>\n\t\t\t\t<div class=\"elementor-element elementor-element-51968a3 elementor-align-left elementor-widget elementor-widget-button\" data-id=\"51968a3\" data-element_type=\"widget\" data-e-type=\"widget\" data-widget_type=\"button.default\">\n\t\t\t\t<div class=\"elementor-widget-container\">\n\t\t\t\t\t\t\t\t\t<div class=\"elementor-button-wrapper\">\n\t\t\t\t\t<a class=\"elementor-button elementor-button-link elementor-size-sm\" href=\"https:\/\/www.cuesystem.com\/cs\/navigace\/\" target=\"_blank\">\n\t\t\t\t\t\t<span class=\"elementor-button-content-wrapper\">\n\t\t\t\t\t\t\t\t\t<span class=\"elementor-button-text\">Prozkoumat NAVIGACI<\/span>\n\t\t\t\t\t<\/span>\n\t\t\t\t\t<\/a>\n\t\t\t\t<\/div>\n\t\t\t\t\t\t\t\t<\/div>\n\t\t\t\t<\/div>\n\t\t\t\t<\/div>\n\t\t\t\t\t<\/div>\n\t\t\t\t<\/div>\n\t\t\t\t<\/div>\n\t\t","protected":false},"excerpt":{"rendered":"<p>Usnadn\u00edme v\u00e1m \u017eivot ve ve\u0159ejn\u00e9m sektoru Ve\u0159ejn\u00e1 spr\u00e1va St\u00e1tn\u00ed spr\u00e1va Soudnictv\u00ed A\u0165 u\u017e se jedn\u00e1 o st\u00e1tn\u00ed spr\u00e1vu, soudnictv\u00ed nebo m\u00edstn\u00ed samospr\u00e1vu, v\u0161estrann\u00fd syst\u00e9m CUE transformuje jejich provoz v oblasti rezervac\u00ed, \u0159\u00edzen\u00ed a st\u00e1le d\u016fle\u017eit\u011bj\u0161\u00edm navigov\u00e1n\u00ed. V ka\u017ed\u00e9 vstupn\u00ed hale ocen\u00ed va\u0161i zam\u011bstnanci i n\u00e1v\u0161t\u011bvn\u00edci informa\u010dn\u00ed kiosek s multifunk\u010dn\u00edm vyu\u017eit\u00edm, stejn\u011b tak jako velkou obrazovku <a href=\"https:\/\/www.cuesystem.com\/cs\/segmenty\/verejny-sektor\/\" class=\"more-link\">&#8230;<span class=\"screen-reader-text\">  Ve\u0159ejn\u00fd sektor<\/span><\/a><\/p>\n","protected":false},"author":5,"featured_media":0,"parent":24197,"menu_order":500,"comment_status":"closed","ping_status":"closed","template":"","meta":{"_acf_changed":false,"inline_featured_image":false,"footnotes":""},"kategorie":[],"class_list":["post-24272","page","type-page","status-publish","hentry"],"acf":[],"_links":{"self":[{"href":"https:\/\/www.cuesystem.com\/cs\/wp-json\/wp\/v2\/pages\/24272","targetHints":{"allow":["GET"]}}],"collection":[{"href":"https:\/\/www.cuesystem.com\/cs\/wp-json\/wp\/v2\/pages"}],"about":[{"href":"https:\/\/www.cuesystem.com\/cs\/wp-json\/wp\/v2\/types\/page"}],"author":[{"embeddable":true,"href":"https:\/\/www.cuesystem.com\/cs\/wp-json\/wp\/v2\/users\/5"}],"replies":[{"embeddable":true,"href":"https:\/\/www.cuesystem.com\/cs\/wp-json\/wp\/v2\/comments?post=24272"}],"version-history":[{"count":16,"href":"https:\/\/www.cuesystem.com\/cs\/wp-json\/wp\/v2\/pages\/24272\/revisions"}],"predecessor-version":[{"id":26386,"href":"https:\/\/www.cuesystem.com\/cs\/wp-json\/wp\/v2\/pages\/24272\/revisions\/26386"}],"up":[{"embeddable":true,"href":"https:\/\/www.cuesystem.com\/cs\/wp-json\/wp\/v2\/pages\/24197"}],"wp:attachment":[{"href":"https:\/\/www.cuesystem.com\/cs\/wp-json\/wp\/v2\/media?parent=24272"}],"wp:term":[{"taxonomy":"kategorie","embeddable":true,"href":"https:\/\/www.cuesystem.com\/cs\/wp-json\/wp\/v2\/kategorie?post=24272"}],"curies":[{"name":"wp","href":"https:\/\/api.w.org\/{rel}","templated":true}]}}