{"id":24323,"date":"2023-10-16T13:01:04","date_gmt":"2023-10-16T11:01:04","guid":{"rendered":"https:\/\/www.cuesystem.com\/vyhody-3\/"},"modified":"2024-02-21T09:26:35","modified_gmt":"2024-02-21T08:26:35","slug":"vyhody-3","status":"publish","type":"page","link":"https:\/\/www.cuesystem.com\/cs\/analyzy\/vyhody-3\/","title":{"rendered":"V\u00fdhody"},"content":{"rendered":"\t\t<div data-elementor-type=\"wp-page\" data-elementor-id=\"24323\" class=\"elementor elementor-24323 elementor-130\" data-elementor-post-type=\"page\">\n\t\t\t\t<div class=\"elementor-element elementor-element-00951ea e-flex e-con-boxed e-con e-parent\" data-id=\"00951ea\" data-element_type=\"container\" data-e-type=\"container\" data-settings=\"{&quot;background_background&quot;:&quot;classic&quot;}\">\n\t\t\t\t\t<div class=\"e-con-inner\">\n\t\t\t\t<div class=\"elementor-element elementor-element-d4af55f elementor-widget elementor-widget-heading\" data-id=\"d4af55f\" data-element_type=\"widget\" data-e-type=\"widget\" data-widget_type=\"heading.default\">\n\t\t\t\t<div class=\"elementor-widget-container\">\n\t\t\t\t\t<h3 class=\"elementor-heading-title elementor-size-default\">Anal\u00fdzy<\/h3>\t\t\t\t<\/div>\n\t\t\t\t<\/div>\n\t\t\t\t<div class=\"elementor-element elementor-element-59995b1 elementor-widget elementor-widget-heading\" data-id=\"59995b1\" data-element_type=\"widget\" data-e-type=\"widget\" data-widget_type=\"heading.default\">\n\t\t\t\t<div class=\"elementor-widget-container\">\n\t\t\t\t\t<h1 class=\"elementor-heading-title elementor-size-default\">V\u00fdhody<\/h1>\t\t\t\t<\/div>\n\t\t\t\t<\/div>\n\t\t\t\t\t<\/div>\n\t\t\t\t<\/div>\n\t\t<div class=\"elementor-element elementor-element-8d0b7c8 e-flex e-con-boxed e-con e-parent\" data-id=\"8d0b7c8\" data-element_type=\"container\" data-e-type=\"container\">\n\t\t\t\t\t<div class=\"e-con-inner\">\n\t\t<div class=\"elementor-element elementor-element-a6c6ff4 e-flex e-con-boxed e-con e-child\" data-id=\"a6c6ff4\" data-element_type=\"container\" data-e-type=\"container\">\n\t\t\t\t\t<div class=\"e-con-inner\">\n\t\t<div class=\"elementor-element elementor-element-472aadc e-flex e-con-boxed e-con e-child\" data-id=\"472aadc\" data-element_type=\"container\" data-e-type=\"container\">\n\t\t\t\t\t<div class=\"e-con-inner\">\n\t\t\t\t<div class=\"elementor-element elementor-element-1ff0bdb elementor-widget elementor-widget-heading\" data-id=\"1ff0bdb\" data-element_type=\"widget\" data-e-type=\"widget\" data-widget_type=\"heading.default\">\n\t\t\t\t<div class=\"elementor-widget-container\">\n\t\t\t\t\t<h3 class=\"elementor-heading-title elementor-size-default\">Game-changer pro modern\u00ed pracovn\u00ed prostor<\/h3>\t\t\t\t<\/div>\n\t\t\t\t<\/div>\n\t\t\t\t<div class=\"elementor-element elementor-element-1def228 elementor-widget elementor-widget-text-editor\" data-id=\"1def228\" data-element_type=\"widget\" data-e-type=\"widget\" data-widget_type=\"text-editor.default\">\n\t\t\t\t<div class=\"elementor-widget-container\">\n\t\t\t\t\t\t\t\t\t<p>Statistiky vyu\u017eit\u00ed prostor jsou pro firmy p\u0159\u00ednosem, proto\u017ee nab\u00edzej\u00ed poznatky, kter\u00e9 podporuj\u00ed efektivitu, \u00faspory n\u00e1klad\u016f, informovan\u00e9 rozhodov\u00e1n\u00ed, lep\u0161\u00ed zku\u0161enosti zam\u011bstnanc\u016f a iniciativy v oblasti udr\u017eitelnosti.<\/p>\n\t\t\t\t\t\t\t\t<\/div>\n\t\t\t\t<\/div>\n\t\t\t\t\t<\/div>\n\t\t\t\t<\/div>\n\t\t\t\t\t<\/div>\n\t\t\t\t<\/div>\n\t\t\t\t\t<\/div>\n\t\t\t\t<\/div>\n\t\t<div class=\"elementor-element elementor-element-ca0d015 e-flex e-con-boxed e-con e-parent\" data-id=\"ca0d015\" data-element_type=\"container\" data-e-type=\"container\">\n\t\t\t\t\t<div class=\"e-con-inner\">\n\t\t<div class=\"elementor-element elementor-element-93d650a e-flex e-con-boxed e-con e-child\" data-id=\"93d650a\" data-element_type=\"container\" data-e-type=\"container\">\n\t\t\t\t\t<div class=\"e-con-inner\">\n\t\t\t\t<div class=\"elementor-element elementor-element-61fc69f elementor-widget elementor-widget-heading\" data-id=\"61fc69f\" data-element_type=\"widget\" data-e-type=\"widget\" data-widget_type=\"heading.default\">\n\t\t\t\t<div class=\"elementor-widget-container\">\n\t\t\t\t\t<h3 class=\"elementor-heading-title elementor-size-default\"><span style=\"font-size: 20.8px\">Optimalizace prostoru<\/span><\/h3>\t\t\t\t<\/div>\n\t\t\t\t<\/div>\n\t\t\t\t<div class=\"elementor-element elementor-element-1faa53d elementor-widget elementor-widget-text-editor\" data-id=\"1faa53d\" data-element_type=\"widget\" data-e-type=\"widget\" data-widget_type=\"text-editor.default\">\n\t\t\t\t<div class=\"elementor-widget-container\">\n\t\t\t\t\t\t\t\t\t<p>Porozum\u011bn\u00ed zp\u016fsobu vyu\u017eit\u00ed prostor pom\u00e1h\u00e1 <strong>optimalizovat uspo\u0159\u00e1d\u00e1n\u00ed prostor\u016f, rozm\u00edst\u011bn\u00ed stol\u016f a zasedac\u00edch m\u00edstnost\u00ed<\/strong>. Umo\u017e\u0148uje podnik\u016fm m\u011bnit konfiguraci prostor na z\u00e1klad\u011b jejich skute\u010dn\u00e9ho vyu\u017eit\u00ed, \u010d\u00edm\u017e minimalizuje pl\u00fdtv\u00e1n\u00ed m\u00edstem a zvy\u0161uje efektivitu.<\/p>\n\t\t\t\t\t\t\t\t<\/div>\n\t\t\t\t<\/div>\n\t\t\t\t\t<\/div>\n\t\t\t\t<\/div>\n\t\t<div class=\"elementor-element elementor-element-699fb18 e-flex e-con-boxed e-con e-child\" data-id=\"699fb18\" data-element_type=\"container\" data-e-type=\"container\">\n\t\t\t\t\t<div class=\"e-con-inner\">\n\t\t\t\t<div class=\"elementor-element elementor-element-5ddf521 elementor-widget elementor-widget-heading\" data-id=\"5ddf521\" data-element_type=\"widget\" data-e-type=\"widget\" data-widget_type=\"heading.default\">\n\t\t\t\t<div class=\"elementor-widget-container\">\n\t\t\t\t\t<h3 class=\"elementor-heading-title elementor-size-default\"><span style=\"font-size: 20.8px\">Alokace zdroj\u016f<\/span><\/h3>\t\t\t\t<\/div>\n\t\t\t\t<\/div>\n\t\t\t\t<div class=\"elementor-element elementor-element-03f8cc6 elementor-widget elementor-widget-text-editor\" data-id=\"03f8cc6\" data-element_type=\"widget\" data-e-type=\"widget\" data-widget_type=\"text-editor.default\">\n\t\t\t\t<div class=\"elementor-widget-container\">\n\t\t\t\t\t\t\t\t\t<p>Anal\u00fdzou \u00fadaj\u016f o vyu\u017eit\u00ed mohou organizace <strong>efektivn\u011bji alokovat zdroje<\/strong>. To zahrnuje spr\u00e1vu za\u0159\u00edzen\u00ed, vybaven\u00ed a pracovn\u00edch stanic na z\u00e1klad\u011b skute\u010dn\u00e9 popt\u00e1vky, sni\u017eov\u00e1n\u00ed p\u0159ebytk\u016f a optimalizaci vyu\u017eit\u00ed.<\/p>\n\t\t\t\t\t\t\t\t<\/div>\n\t\t\t\t<\/div>\n\t\t\t\t\t<\/div>\n\t\t\t\t<\/div>\n\t\t<div class=\"elementor-element elementor-element-a54707f e-flex e-con-boxed e-con e-child\" data-id=\"a54707f\" data-element_type=\"container\" data-e-type=\"container\">\n\t\t\t\t\t<div class=\"e-con-inner\">\n\t\t\t\t<div class=\"elementor-element elementor-element-3c1e09a elementor-widget elementor-widget-heading\" data-id=\"3c1e09a\" data-element_type=\"widget\" data-e-type=\"widget\" data-widget_type=\"heading.default\">\n\t\t\t\t<div class=\"elementor-widget-container\">\n\t\t\t\t\t<h3 class=\"elementor-heading-title elementor-size-default\"><span style=\"font-size: 20.8px\">Cenov\u00e1 efektivita<\/span><\/h3>\t\t\t\t<\/div>\n\t\t\t\t<\/div>\n\t\t\t\t<div class=\"elementor-element elementor-element-8c0a322 elementor-widget elementor-widget-text-editor\" data-id=\"8c0a322\" data-element_type=\"widget\" data-e-type=\"widget\" data-widget_type=\"text-editor.default\">\n\t\t\t\t<div class=\"elementor-widget-container\">\n\t\t\t\t\t\t\t\t\t<p>Statistiky vyu\u017eit\u00ed pom\u00e1haj\u00ed <strong>identifikovat nedostate\u010dn\u011b vyu\u017e\u00edvan\u00e9 prostory nebo zdroje<\/strong> a pom\u00e1haj\u00ed firm\u00e1m sn\u00ed\u017eit zbyte\u010dn\u00e9 n\u00e1klady spojen\u00e9 s nevyu\u017eit\u00fdm prostorem, spot\u0159ebou energie nebo zdroj\u016f.<\/p>\n\t\t\t\t\t\t\t\t<\/div>\n\t\t\t\t<\/div>\n\t\t\t\t\t<\/div>\n\t\t\t\t<\/div>\n\t\t<div class=\"elementor-element elementor-element-82e97e7 e-flex e-con-boxed e-con e-child\" data-id=\"82e97e7\" data-element_type=\"container\" data-e-type=\"container\">\n\t\t\t\t\t<div class=\"e-con-inner\">\n\t\t\t\t<div class=\"elementor-element elementor-element-e2d604a elementor-widget elementor-widget-heading\" data-id=\"e2d604a\" data-element_type=\"widget\" data-e-type=\"widget\" data-widget_type=\"heading.default\">\n\t\t\t\t<div class=\"elementor-widget-container\">\n\t\t\t\t\t<h3 class=\"elementor-heading-title elementor-size-default\"><span style=\"font-size: 20.8px\">Informovan\u00e9 rozhodov\u00e1n\u00ed<\/span><\/h3>\t\t\t\t<\/div>\n\t\t\t\t<\/div>\n\t\t\t\t<div class=\"elementor-element elementor-element-ebea851 elementor-widget elementor-widget-text-editor\" data-id=\"ebea851\" data-element_type=\"widget\" data-e-type=\"widget\" data-widget_type=\"text-editor.default\">\n\t\t\t\t<div class=\"elementor-widget-container\">\n\t\t\t\t\t\t\t\t\t<p>Poznatky zalo\u017een\u00e9 na datech podporuj\u00ed <strong>informovan\u00e9 rozhodov\u00e1n\u00ed o n\u00e1vrhu pracovn\u00edch prostor, pl\u00e1nech na roz\u0161\u00ed\u0159en\u00ed nebo zm\u011bn\u00e1ch kancel\u00e1\u0159sk\u00fdch politik.<\/strong>. Pom\u00e1h\u00e1 p\u0159i navrhov\u00e1n\u00ed strategi\u00ed optimalizace pracovn\u00edho prostoru a jejich slad\u011bn\u00ed s c\u00edli organizace.<\/p>\n\t\t\t\t\t\t\t\t<\/div>\n\t\t\t\t<\/div>\n\t\t\t\t\t<\/div>\n\t\t\t\t<\/div>\n\t\t<div class=\"elementor-element elementor-element-f507742 e-flex e-con-boxed e-con e-child\" data-id=\"f507742\" data-element_type=\"container\" data-e-type=\"container\">\n\t\t\t\t\t<div class=\"e-con-inner\">\n\t\t\t\t<div class=\"elementor-element elementor-element-0e8fc3e elementor-widget elementor-widget-heading\" data-id=\"0e8fc3e\" data-element_type=\"widget\" data-e-type=\"widget\" data-widget_type=\"heading.default\">\n\t\t\t\t<div class=\"elementor-widget-container\">\n\t\t\t\t\t<h3 class=\"elementor-heading-title elementor-size-default\"><span style=\"font-size: 20.8px\">Produktivita zam\u011bstnanc\u016f<\/span><\/h3>\t\t\t\t<\/div>\n\t\t\t\t<\/div>\n\t\t\t\t<div class=\"elementor-element elementor-element-b862b88 elementor-widget elementor-widget-text-editor\" data-id=\"b862b88\" data-element_type=\"widget\" data-e-type=\"widget\" data-widget_type=\"text-editor.default\">\n\t\t\t\t<div class=\"elementor-widget-container\">\n\t\t\t\t\t\t\t\t\t<p>Statistiky vyu\u017eit\u00ed poskytuj\u00ed <strong>p\u0159ehled o tom, jak zam\u011bstnanci pracuj\u00ed s pracovn\u00edm prostorem<\/strong>, a umo\u017e\u0148uj\u00ed pochopit r\u016fzn\u00e9 styly pr\u00e1ce. Pot\u0159ebuj\u00ed zam\u011bstnanci v\u00edce prostor p\u0159izp\u016fsoben\u00fdch pro spolupr\u00e1ci, nebo sp\u00ed\u0161e pro soust\u0159ed\u011bnou pr\u00e1ci? Tyto znalosti pom\u00e1haj\u00ed vytv\u00e1\u0159et prost\u0159ed\u00ed, kter\u00e9 podporuje produktivitu, a\u0165 u\u017e \u00fapravou prostoru, lep\u0161\u00ed dostupnost\u00ed zdroj\u016f nebo optimalizovan\u00fdm uspo\u0159\u00e1d\u00e1n\u00edm.<\/p>\n\t\t\t\t\t\t\t\t<\/div>\n\t\t\t\t<\/div>\n\t\t\t\t\t<\/div>\n\t\t\t\t<\/div>\n\t\t<div class=\"elementor-element elementor-element-93b86f5 e-flex e-con-boxed e-con e-child\" data-id=\"93b86f5\" data-element_type=\"container\" data-e-type=\"container\">\n\t\t\t\t\t<div class=\"e-con-inner\">\n\t\t\t\t<div class=\"elementor-element elementor-element-28ac8e7 elementor-widget elementor-widget-heading\" data-id=\"28ac8e7\" data-element_type=\"widget\" data-e-type=\"widget\" data-widget_type=\"heading.default\">\n\t\t\t\t<div class=\"elementor-widget-container\">\n\t\t\t\t\t<h3 class=\"elementor-heading-title elementor-size-default\"><span style=\"font-size: 20.8px\">Provozn\u00ed zlep\u0161en\u00ed<\/span><\/h3>\t\t\t\t<\/div>\n\t\t\t\t<\/div>\n\t\t\t\t<div class=\"elementor-element elementor-element-975b3a5 elementor-widget elementor-widget-text-editor\" data-id=\"975b3a5\" data-element_type=\"widget\" data-e-type=\"widget\" data-widget_type=\"text-editor.default\">\n\t\t\t\t<div class=\"elementor-widget-container\">\n\t\t\t\t\t\t\t\t\t<p>Tyto statistiky pom\u00e1haj\u00ed <strong>zdokonalovat provozn\u00ed procesy<\/strong>, jako jsou syst\u00e9my rezervace m\u00edstnost\u00ed, spr\u00e1va za\u0159\u00edzen\u00ed nebo poskytov\u00e1n\u00ed zdroj\u016f, co\u017e vede k hlad\u0161\u00edmu pr\u016fb\u011bhu pr\u00e1ce a vy\u0161\u0161\u00ed provozn\u00ed efektivit\u011b.<\/p>\n\t\t\t\t\t\t\t\t<\/div>\n\t\t\t\t<\/div>\n\t\t\t\t\t<\/div>\n\t\t\t\t<\/div>\n\t\t<div class=\"elementor-element elementor-element-4c64c64 e-flex e-con-boxed e-con e-child\" data-id=\"4c64c64\" data-element_type=\"container\" data-e-type=\"container\">\n\t\t\t\t\t<div class=\"e-con-inner\">\n\t\t\t\t<div class=\"elementor-element elementor-element-d4e77e9 elementor-widget elementor-widget-heading\" data-id=\"d4e77e9\" data-element_type=\"widget\" data-e-type=\"widget\" data-widget_type=\"heading.default\">\n\t\t\t\t<div class=\"elementor-widget-container\">\n\t\t\t\t\t<h3 class=\"elementor-heading-title elementor-size-default\"><span style=\"font-size: 20.8px\">Udr\u017eitelnost \u017eivotn\u00edho prost\u0159ed\u00ed<\/span><\/h3>\t\t\t\t<\/div>\n\t\t\t\t<\/div>\n\t\t\t\t<div class=\"elementor-element elementor-element-8254cc3 elementor-widget elementor-widget-text-editor\" data-id=\"8254cc3\" data-element_type=\"widget\" data-e-type=\"widget\" data-widget_type=\"text-editor.default\">\n\t\t\t\t<div class=\"elementor-widget-container\">\n\t\t\t\t\t\t\t\t\t<p>Pochopen\u00ed vyu\u017eit\u00ed pracovn\u00edho prostoru p\u0159isp\u00edv\u00e1 k <strong>vytv\u00e1\u0159en\u00ed udr\u017eiteln\u011bj\u0161\u00edho prost\u0159ed\u00ed<\/strong> d\u00edky sni\u017eov\u00e1n\u00ed mno\u017estv\u00ed odpadu, optimalizaci spot\u0159eby energie a slad\u011bn\u00ed pot\u0159eb prostoru s c\u00edli ochrany \u017eivotn\u00edho prost\u0159ed\u00ed.<\/p>\n\t\t\t\t\t\t\t\t<\/div>\n\t\t\t\t<\/div>\n\t\t\t\t\t<\/div>\n\t\t\t\t<\/div>\n\t\t\t\t\t<\/div>\n\t\t\t\t<\/div>\n\t\t\t\t<\/div>\n\t\t","protected":false},"excerpt":{"rendered":"<p>Anal\u00fdzy V\u00fdhody Game-changer pro modern\u00ed pracovn\u00ed prostor Statistiky vyu\u017eit\u00ed prostor jsou pro firmy p\u0159\u00ednosem, proto\u017ee nab\u00edzej\u00ed poznatky, kter\u00e9 podporuj\u00ed efektivitu, \u00faspory n\u00e1klad\u016f, informovan\u00e9 rozhodov\u00e1n\u00ed, lep\u0161\u00ed zku\u0161enosti zam\u011bstnanc\u016f a iniciativy v oblasti udr\u017eitelnosti. Optimalizace prostoru Porozum\u011bn\u00ed zp\u016fsobu vyu\u017eit\u00ed prostor pom\u00e1h\u00e1 optimalizovat uspo\u0159\u00e1d\u00e1n\u00ed prostor\u016f, rozm\u00edst\u011bn\u00ed stol\u016f a zasedac\u00edch m\u00edstnost\u00ed. Umo\u017e\u0148uje podnik\u016fm m\u011bnit konfiguraci prostor na z\u00e1klad\u011b jejich <a href=\"https:\/\/www.cuesystem.com\/cs\/analyzy\/vyhody-3\/\" class=\"more-link\">&#8230;<span class=\"screen-reader-text\">  V\u00fdhody<\/span><\/a><\/p>\n","protected":false},"author":5,"featured_media":0,"parent":24352,"menu_order":518,"comment_status":"closed","ping_status":"closed","template":"","meta":{"_acf_changed":false,"inline_featured_image":false,"footnotes":""},"kategorie":[],"class_list":["post-24323","page","type-page","status-publish","hentry"],"acf":[],"_links":{"self":[{"href":"https:\/\/www.cuesystem.com\/cs\/wp-json\/wp\/v2\/pages\/24323","targetHints":{"allow":["GET"]}}],"collection":[{"href":"https:\/\/www.cuesystem.com\/cs\/wp-json\/wp\/v2\/pages"}],"about":[{"href":"https:\/\/www.cuesystem.com\/cs\/wp-json\/wp\/v2\/types\/page"}],"author":[{"embeddable":true,"href":"https:\/\/www.cuesystem.com\/cs\/wp-json\/wp\/v2\/users\/5"}],"replies":[{"embeddable":true,"href":"https:\/\/www.cuesystem.com\/cs\/wp-json\/wp\/v2\/comments?post=24323"}],"version-history":[{"count":5,"href":"https:\/\/www.cuesystem.com\/cs\/wp-json\/wp\/v2\/pages\/24323\/revisions"}],"predecessor-version":[{"id":25193,"href":"https:\/\/www.cuesystem.com\/cs\/wp-json\/wp\/v2\/pages\/24323\/revisions\/25193"}],"up":[{"embeddable":true,"href":"https:\/\/www.cuesystem.com\/cs\/wp-json\/wp\/v2\/pages\/24352"}],"wp:attachment":[{"href":"https:\/\/www.cuesystem.com\/cs\/wp-json\/wp\/v2\/media?parent=24323"}],"wp:term":[{"taxonomy":"kategorie","embeddable":true,"href":"https:\/\/www.cuesystem.com\/cs\/wp-json\/wp\/v2\/kategorie?post=24323"}],"curies":[{"name":"wp","href":"https:\/\/api.w.org\/{rel}","templated":true}]}}