{"id":24443,"date":"2023-10-16T12:58:43","date_gmt":"2023-10-16T10:58:43","guid":{"rendered":"https:\/\/www.cuesystem.com\/vyhody-3\/"},"modified":"2024-02-21T09:23:16","modified_gmt":"2024-02-21T08:23:16","slug":"vyhody-3","status":"publish","type":"page","link":"https:\/\/www.cuesystem.com\/cs\/sprava\/vyhody-3\/","title":{"rendered":"V\u00fdhody"},"content":{"rendered":"\t\t<div data-elementor-type=\"wp-page\" data-elementor-id=\"24443\" class=\"elementor elementor-24443 elementor-120\" data-elementor-post-type=\"page\">\n\t\t\t\t<div class=\"elementor-element elementor-element-cd2e7df e-flex e-con-boxed e-con e-parent\" data-id=\"cd2e7df\" data-element_type=\"container\" data-e-type=\"container\">\n\t\t\t\t\t<div class=\"e-con-inner\">\n\t\t\t\t<div class=\"elementor-element elementor-element-58cbe37 elementor-widget elementor-widget-heading\" data-id=\"58cbe37\" data-element_type=\"widget\" data-e-type=\"widget\" data-widget_type=\"heading.default\">\n\t\t\t\t<div class=\"elementor-widget-container\">\n\t\t\t\t\t<h3 class=\"elementor-heading-title elementor-size-default\">Spr\u00e1va<\/h3>\t\t\t\t<\/div>\n\t\t\t\t<\/div>\n\t\t\t\t<div class=\"elementor-element elementor-element-2f726be elementor-widget elementor-widget-heading\" data-id=\"2f726be\" data-element_type=\"widget\" data-e-type=\"widget\" data-widget_type=\"heading.default\">\n\t\t\t\t<div class=\"elementor-widget-container\">\n\t\t\t\t\t<h1 class=\"elementor-heading-title elementor-size-default\">V\u00fdhody<\/h1>\t\t\t\t<\/div>\n\t\t\t\t<\/div>\n\t\t\t\t\t<\/div>\n\t\t\t\t<\/div>\n\t\t<div class=\"elementor-element elementor-element-3c15c1b e-flex e-con-boxed e-con e-parent\" data-id=\"3c15c1b\" data-element_type=\"container\" data-e-type=\"container\">\n\t\t\t\t\t<div class=\"e-con-inner\">\n\t\t<div class=\"elementor-element elementor-element-93c12c8 e-flex e-con-boxed e-con e-child\" data-id=\"93c12c8\" data-element_type=\"container\" data-e-type=\"container\">\n\t\t\t\t\t<div class=\"e-con-inner\">\n\t\t<div class=\"elementor-element elementor-element-e7a5e69 e-flex e-con-boxed e-con e-child\" data-id=\"e7a5e69\" data-element_type=\"container\" data-e-type=\"container\">\n\t\t\t\t\t<div class=\"e-con-inner\">\n\t\t\t\t<div class=\"elementor-element elementor-element-15c488a elementor-widget elementor-widget-text-editor\" data-id=\"15c488a\" data-element_type=\"widget\" data-e-type=\"widget\" data-widget_type=\"text-editor.default\">\n\t\t\t\t<div class=\"elementor-widget-container\">\n\t\t\t\t\t\t\t\t\t<p>Centr\u00e1ln\u00ed spr\u00e1va za\u0159\u00edzen\u00ed a softwaru zahrnuje <strong>dohled nad v\u00edce za\u0159\u00edzen\u00edmi a softwarov\u00fdmi aplikacemi a jejich ovl\u00e1d\u00e1n\u00ed<\/strong> z centralizovan\u00e9ho m\u00edsta.<\/p>\n<p>Centr\u00e1ln\u00ed spr\u00e1va za\u0159\u00edzen\u00ed a softwaru nab\u00edz\u00ed <strong>\u0159adu v\u00fdhod, kter\u00e9<\/strong> p\u0159isp\u00edvaj\u00ed ke zv\u00fd\u0161en\u00ed efektivity, bezpe\u010dnosti a celkov\u00e9 efektivity organizace. Umo\u017e\u0148uje proaktivn\u011bj\u0161\u00ed a efektivn\u011bj\u0161\u00ed p\u0159\u00edstup ke spr\u00e1v\u011b syst\u00e9mu a pom\u00e1h\u00e1 organizac\u00edm p\u0159izp\u016fsobit se m\u011bn\u00edc\u00edm se po\u017eadavk\u016fm a technologick\u00e9mu pokroku.<\/p>\n\t\t\t\t\t\t\t\t<\/div>\n\t\t\t\t<\/div>\n\t\t\t\t\t<\/div>\n\t\t\t\t<\/div>\n\t\t\t\t\t<\/div>\n\t\t\t\t<\/div>\n\t\t\t\t\t<\/div>\n\t\t\t\t<\/div>\n\t\t<div class=\"elementor-element elementor-element-9e4b400 e-flex e-con-boxed e-con e-parent\" data-id=\"9e4b400\" data-element_type=\"container\" data-e-type=\"container\">\n\t\t\t\t\t<div class=\"e-con-inner\">\n\t\t<div class=\"elementor-element elementor-element-ee50f07 e-flex e-con-boxed e-con e-child\" data-id=\"ee50f07\" data-element_type=\"container\" data-e-type=\"container\">\n\t\t\t\t\t<div class=\"e-con-inner\">\n\t\t\t\t<div class=\"elementor-element elementor-element-d9aaed5 elementor-widget elementor-widget-heading\" data-id=\"d9aaed5\" data-element_type=\"widget\" data-e-type=\"widget\" data-widget_type=\"heading.default\">\n\t\t\t\t<div class=\"elementor-widget-container\">\n\t\t\t\t\t<h3 class=\"elementor-heading-title elementor-size-default\"><span style=\"font-size: 20.8px\">Efektivn\u00ed vyu\u017eit\u00ed zdroj\u016f<\/span><\/h3>\t\t\t\t<\/div>\n\t\t\t\t<\/div>\n\t\t\t\t<div class=\"elementor-element elementor-element-2b43703 elementor-widget elementor-widget-text-editor\" data-id=\"2b43703\" data-element_type=\"widget\" data-e-type=\"widget\" data-widget_type=\"text-editor.default\">\n\t\t\t\t<div class=\"elementor-widget-container\">\n\t\t\t\t\t\t\t\t\t<p>Centralizovan\u00e1 spr\u00e1va umo\u017e\u0148uje <strong>efektivn\u011bj\u0161\u00ed p\u0159id\u011blov\u00e1n\u00ed a vyu\u017e\u00edv\u00e1n\u00ed zdroj\u016f,<\/strong> jako je hardware, softwarov\u00e9 licence a \u0161\u00ed\u0159ka p\u00e1sma s\u00edt\u011b. Spr\u00e1vci mohou tyto zdroje optimalizovat na z\u00e1klad\u011b skute\u010dn\u00fdch pot\u0159eb organizace.<\/p>\n\t\t\t\t\t\t\t\t<\/div>\n\t\t\t\t<\/div>\n\t\t\t\t\t<\/div>\n\t\t\t\t<\/div>\n\t\t<div class=\"elementor-element elementor-element-102323e e-flex e-con-boxed e-con e-child\" data-id=\"102323e\" data-element_type=\"container\" data-e-type=\"container\">\n\t\t\t\t\t<div class=\"e-con-inner\">\n\t\t\t\t<div class=\"elementor-element elementor-element-76df54c elementor-widget elementor-widget-heading\" data-id=\"76df54c\" data-element_type=\"widget\" data-e-type=\"widget\" data-widget_type=\"heading.default\">\n\t\t\t\t<div class=\"elementor-widget-container\">\n\t\t\t\t\t<h3 class=\"elementor-heading-title elementor-size-default\">Zjednodu\u0161en\u00e1 spr\u00e1va aktualizac\u00ed a oprav<\/h3>\t\t\t\t<\/div>\n\t\t\t\t<\/div>\n\t\t\t\t<div class=\"elementor-element elementor-element-97412fe elementor-widget elementor-widget-text-editor\" data-id=\"97412fe\" data-element_type=\"widget\" data-e-type=\"widget\" data-widget_type=\"text-editor.default\">\n\t\t\t\t<div class=\"elementor-widget-container\">\n\t\t\t\t\t\t\t\t\t<p>Centralizovan\u00e1 spr\u00e1va <strong>usnad\u0148uje nasazen\u00ed aktualizac\u00ed, z\u00e1plat a oprav zabezpe\u010den\u00ed<\/strong> ve v\u0161ech za\u0159\u00edzen\u00edch a softwarov\u00fdch aplikac\u00edch. T\u00edm je zaji\u0161t\u011bno, \u017ee syst\u00e9my jsou trvale aktualizov\u00e1ny a chr\u00e1n\u011bny proti zranitelnostem.<\/p>\n\t\t\t\t\t\t\t\t<\/div>\n\t\t\t\t<\/div>\n\t\t\t\t\t<\/div>\n\t\t\t\t<\/div>\n\t\t<div class=\"elementor-element elementor-element-62c6b2d e-flex e-con-boxed e-con e-child\" data-id=\"62c6b2d\" data-element_type=\"container\" data-e-type=\"container\">\n\t\t\t\t\t<div class=\"e-con-inner\">\n\t\t\t\t<div class=\"elementor-element elementor-element-f7ac3a1 elementor-widget elementor-widget-heading\" data-id=\"f7ac3a1\" data-element_type=\"widget\" data-e-type=\"widget\" data-widget_type=\"heading.default\">\n\t\t\t\t<div class=\"elementor-widget-container\">\n\t\t\t\t\t<h3 class=\"elementor-heading-title elementor-size-default\"><span style=\"font-size: 20.8px\">Zkr\u00e1cen\u00ed prostoj\u016f<\/span><\/h3>\t\t\t\t<\/div>\n\t\t\t\t<\/div>\n\t\t\t\t<div class=\"elementor-element elementor-element-be53785 elementor-widget elementor-widget-text-editor\" data-id=\"be53785\" data-element_type=\"widget\" data-e-type=\"widget\" data-widget_type=\"text-editor.default\">\n\t\t\t\t<div class=\"elementor-widget-container\">\n\t\t\t\t\t\t\t\t\t<p>D\u00edky centr\u00e1ln\u00edmu monitorov\u00e1n\u00ed a spr\u00e1v\u011b za\u0159\u00edzen\u00ed a softwaru mohou spr\u00e1vci <strong>rychle identifikovat a \u0159e\u0161it probl\u00e9my<\/strong> a minimalizovat prostoje. Tento proaktivn\u00ed p\u0159\u00edstup pom\u00e1h\u00e1 udr\u017eovat spolehlivost a dostupnost syst\u00e9mu.<\/p>\n\t\t\t\t\t\t\t\t<\/div>\n\t\t\t\t<\/div>\n\t\t\t\t\t<\/div>\n\t\t\t\t<\/div>\n\t\t<div class=\"elementor-element elementor-element-7bafbcf e-flex e-con-boxed e-con e-child\" data-id=\"7bafbcf\" data-element_type=\"container\" data-e-type=\"container\">\n\t\t\t\t\t<div class=\"e-con-inner\">\n\t\t\t\t<div class=\"elementor-element elementor-element-dd09cc3 elementor-widget elementor-widget-heading\" data-id=\"dd09cc3\" data-element_type=\"widget\" data-e-type=\"widget\" data-widget_type=\"heading.default\">\n\t\t\t\t<div class=\"elementor-widget-container\">\n\t\t\t\t\t<h3 class=\"elementor-heading-title elementor-size-default\">Zv\u00fd\u0161en\u00e1 bezpe\u010dnost<\/h3>\t\t\t\t<\/div>\n\t\t\t\t<\/div>\n\t\t\t\t<div class=\"elementor-element elementor-element-bbf3a43 elementor-widget elementor-widget-text-editor\" data-id=\"bbf3a43\" data-element_type=\"widget\" data-e-type=\"widget\" data-widget_type=\"text-editor.default\">\n\t\t\t\t<div class=\"elementor-widget-container\">\n\t\t\t\t\t\t\t\t\t<p>Centralizovan\u00e1 spr\u00e1va umo\u017e\u0148uje prosazovat z\u00e1sady zabezpe\u010den\u00ed a prov\u00e1d\u011bt <strong>konzistentn\u00ed bezpe\u010dnostn\u00ed opat\u0159en\u00ed<\/strong> ve v\u0161ech za\u0159\u00edzen\u00edch a softwaru. Pom\u00e1h\u00e1 zajistit soulad se standardy zabezpe\u010den\u00ed a chr\u00e1n\u00ed p\u0159ed potenci\u00e1ln\u00edmi hrozbami.<\/p>\n\t\t\t\t\t\t\t\t<\/div>\n\t\t\t\t<\/div>\n\t\t\t\t\t<\/div>\n\t\t\t\t<\/div>\n\t\t<div class=\"elementor-element elementor-element-b509697 e-flex e-con-boxed e-con e-child\" data-id=\"b509697\" data-element_type=\"container\" data-e-type=\"container\">\n\t\t\t\t\t<div class=\"e-con-inner\">\n\t\t\t\t<div class=\"elementor-element elementor-element-08555a1 elementor-widget elementor-widget-heading\" data-id=\"08555a1\" data-element_type=\"widget\" data-e-type=\"widget\" data-widget_type=\"heading.default\">\n\t\t\t\t<div class=\"elementor-widget-container\">\n\t\t\t\t\t<h3 class=\"elementor-heading-title elementor-size-default\">Zjednodu\u0161en\u00e9 \u0159e\u0161en\u00ed probl\u00e9m\u016f<\/h3>\t\t\t\t<\/div>\n\t\t\t\t<\/div>\n\t\t\t\t<div class=\"elementor-element elementor-element-39154d0 elementor-widget elementor-widget-text-editor\" data-id=\"39154d0\" data-element_type=\"widget\" data-e-type=\"widget\" data-widget_type=\"text-editor.default\">\n\t\t\t\t<div class=\"elementor-widget-container\">\n\t\t\t\t\t\t\t\t\t<p>\u0158e\u0161en\u00ed probl\u00e9m\u016f je d\u00edky centralizovan\u00e9 spr\u00e1v\u011b efektivn\u011bj\u0161\u00ed, proto\u017ee spr\u00e1vci mohou <strong>vzd\u00e1len\u011b diagnostikovat a \u0159e\u0161it probl\u00e9my<\/strong>, ani\u017e by museli fyzicky p\u0159istupovat ke ka\u017ed\u00e9mu za\u0159\u00edzen\u00ed. To je zvl\u00e1\u0161t\u011b cenn\u00e9 ve velk\u00fdch nebo geograficky rozpt\u00fdlen\u00fdch organizac\u00edch.<\/p>\n\t\t\t\t\t\t\t\t<\/div>\n\t\t\t\t<\/div>\n\t\t\t\t\t<\/div>\n\t\t\t\t<\/div>\n\t\t<div class=\"elementor-element elementor-element-3e9229c e-flex e-con-boxed e-con e-child\" data-id=\"3e9229c\" data-element_type=\"container\" data-e-type=\"container\">\n\t\t\t\t\t<div class=\"e-con-inner\">\n\t\t\t\t<div class=\"elementor-element elementor-element-4a64212 elementor-widget elementor-widget-heading\" data-id=\"4a64212\" data-element_type=\"widget\" data-e-type=\"widget\" data-widget_type=\"heading.default\">\n\t\t\t\t<div class=\"elementor-widget-container\">\n\t\t\t\t\t<h3 class=\"elementor-heading-title elementor-size-default\">\u00daspora n\u00e1klad\u016f<\/h3>\t\t\t\t<\/div>\n\t\t\t\t<\/div>\n\t\t\t\t<div class=\"elementor-element elementor-element-258efaa elementor-widget elementor-widget-text-editor\" data-id=\"258efaa\" data-element_type=\"widget\" data-e-type=\"widget\" data-widget_type=\"text-editor.default\">\n\t\t\t\t<div class=\"elementor-widget-container\">\n\t\t\t\t\t\t\t\t\t<p>Centralizovan\u00e1 spr\u00e1va m\u016f\u017ee v\u00e9st k \u00faspo\u0159e n\u00e1klad\u016f d\u00edky <strong>sn\u00ed\u017een\u00ed pot\u0159eby podpory na m\u00edst\u011b<\/strong>, minimalizaci prostoj\u016f a optimalizaci vyu\u017eit\u00ed zdroj\u016f. Umo\u017e\u0148uje tak\u00e9 lep\u0161\u00ed spr\u00e1vu licenc\u00ed a pom\u00e1h\u00e1 vyhnout se zbyte\u010dn\u00fdm n\u00e1kup\u016fm softwaru.<\/p>\n\t\t\t\t\t\t\t\t<\/div>\n\t\t\t\t<\/div>\n\t\t\t\t\t<\/div>\n\t\t\t\t<\/div>\n\t\t<div class=\"elementor-element elementor-element-ab64c90 e-flex e-con-boxed e-con e-child\" data-id=\"ab64c90\" data-element_type=\"container\" data-e-type=\"container\">\n\t\t\t\t\t<div class=\"e-con-inner\">\n\t\t\t\t<div class=\"elementor-element elementor-element-dbf93af elementor-widget elementor-widget-heading\" data-id=\"dbf93af\" data-element_type=\"widget\" data-e-type=\"widget\" data-widget_type=\"heading.default\">\n\t\t\t\t<div class=\"elementor-widget-container\">\n\t\t\t\t\t<h3 class=\"elementor-heading-title elementor-size-default\">Zv\u00fd\u0161en\u00e1 produktivita<\/h3>\t\t\t\t<\/div>\n\t\t\t\t<\/div>\n\t\t\t\t<div class=\"elementor-element elementor-element-04910ae elementor-widget elementor-widget-text-editor\" data-id=\"04910ae\" data-element_type=\"widget\" data-e-type=\"widget\" data-widget_type=\"text-editor.default\">\n\t\t\t\t<div class=\"elementor-widget-container\">\n\t\t\t\t\t\t\t\t\t<p>U\u017eivatel\u00e9 mohou t\u011b\u017eit ze <strong>spolehliv\u011bj\u0161\u00edho a trvale v\u00fdkonn\u011bj\u0161\u00edho<\/strong> syst\u00e9mu, co\u017e zvy\u0161uje produktivitu. Centralizovan\u00e1 spr\u00e1va pom\u00e1h\u00e1 zajistit, aby zam\u011bstnanci m\u011bli p\u0159\u00edstup k pot\u0159ebn\u00fdm n\u00e1stroj\u016fm a zdroj\u016fm bez p\u0159eru\u0161en\u00ed.<\/p>\n\t\t\t\t\t\t\t\t<\/div>\n\t\t\t\t<\/div>\n\t\t\t\t\t<\/div>\n\t\t\t\t<\/div>\n\t\t<div class=\"elementor-element elementor-element-ae2bfad e-flex e-con-boxed e-con e-child\" data-id=\"ae2bfad\" data-element_type=\"container\" data-e-type=\"container\">\n\t\t\t\t\t<div class=\"e-con-inner\">\n\t\t\t\t<div class=\"elementor-element elementor-element-005b6ad elementor-widget elementor-widget-heading\" data-id=\"005b6ad\" data-element_type=\"widget\" data-e-type=\"widget\" data-widget_type=\"heading.default\">\n\t\t\t\t<div class=\"elementor-widget-container\">\n\t\t\t\t\t<h3 class=\"elementor-heading-title elementor-size-default\">Komplexn\u00ed monitorov\u00e1n\u00ed a pod\u00e1v\u00e1n\u00ed zpr\u00e1v<\/h3>\t\t\t\t<\/div>\n\t\t\t\t<\/div>\n\t\t\t\t<div class=\"elementor-element elementor-element-1f0d536 elementor-widget elementor-widget-text-editor\" data-id=\"1f0d536\" data-element_type=\"widget\" data-e-type=\"widget\" data-widget_type=\"text-editor.default\">\n\t\t\t\t<div class=\"elementor-widget-container\">\n\t\t\t\t\t\t\t\t\t<p>Centralizovan\u00e9 syst\u00e9my \u0159\u00edzen\u00ed \u010dasto poskytuj\u00ed <strong>robustn\u00ed mo\u017enosti monitorov\u00e1n\u00ed a pod\u00e1v\u00e1n\u00ed zpr\u00e1v.<\/strong> Spr\u00e1vci mohou sledovat v\u00fdkon, pou\u017e\u00edv\u00e1n\u00ed a soulad za\u0159\u00edzen\u00ed a softwaru, co\u017e umo\u017e\u0148uje rozhodov\u00e1n\u00ed zalo\u017een\u00e9 na datech.<\/p>\n\t\t\t\t\t\t\t\t<\/div>\n\t\t\t\t<\/div>\n\t\t\t\t\t<\/div>\n\t\t\t\t<\/div>\n\t\t<div class=\"elementor-element elementor-element-43e8f91 e-flex e-con-boxed e-con e-child\" data-id=\"43e8f91\" data-element_type=\"container\" data-e-type=\"container\">\n\t\t\t\t\t<div class=\"e-con-inner\">\n\t\t\t\t<div class=\"elementor-element elementor-element-4d9141b elementor-widget elementor-widget-heading\" data-id=\"4d9141b\" data-element_type=\"widget\" data-e-type=\"widget\" data-widget_type=\"heading.default\">\n\t\t\t\t<div class=\"elementor-widget-container\">\n\t\t\t\t\t<h3 class=\"elementor-heading-title elementor-size-default\">Zjednodu\u0161en\u00e1 spr\u00e1va dodr\u017eov\u00e1n\u00ed p\u0159edpis\u016f<\/h3>\t\t\t\t<\/div>\n\t\t\t\t<\/div>\n\t\t\t\t<div class=\"elementor-element elementor-element-c1d4099 elementor-widget elementor-widget-text-editor\" data-id=\"c1d4099\" data-element_type=\"widget\" data-e-type=\"widget\" data-widget_type=\"text-editor.default\">\n\t\t\t\t<div class=\"elementor-widget-container\">\n\t\t\t\t\t\t\t\t\t<p>Organizace v regulovan\u00fdch odv\u011btv\u00edch mohou vyu\u017e\u00edvat centralizovanou spr\u00e1vu k <strong>prosazov\u00e1n\u00ed a sledov\u00e1n\u00ed dodr\u017eov\u00e1n\u00ed p\u0159edpis\u016f<\/strong> a norem specifick\u00fdch pro dan\u00e9 odv\u011btv\u00ed. T\u00edm je zaji\u0161t\u011bno, \u017ee v\u0161echna za\u0159\u00edzen\u00ed a software spl\u0148uj\u00ed nezbytn\u00e9 po\u017eadavky na shodu.<\/p>\n\t\t\t\t\t\t\t\t<\/div>\n\t\t\t\t<\/div>\n\t\t\t\t\t<\/div>\n\t\t\t\t<\/div>\n\t\t<div class=\"elementor-element elementor-element-13a13d2 e-flex e-con-boxed e-con e-child\" data-id=\"13a13d2\" data-element_type=\"container\" data-e-type=\"container\">\n\t\t\t\t\t<div class=\"e-con-inner\">\n\t\t\t\t<div class=\"elementor-element elementor-element-8297d5a elementor-widget elementor-widget-heading\" data-id=\"8297d5a\" data-element_type=\"widget\" data-e-type=\"widget\" data-widget_type=\"heading.default\">\n\t\t\t\t<div class=\"elementor-widget-container\">\n\t\t\t\t\t<h3 class=\"elementor-heading-title elementor-size-default\">\u0160k\u00e1lovatelnost<\/h3>\t\t\t\t<\/div>\n\t\t\t\t<\/div>\n\t\t\t\t<div class=\"elementor-element elementor-element-f179a0c elementor-widget elementor-widget-text-editor\" data-id=\"f179a0c\" data-element_type=\"widget\" data-e-type=\"widget\" data-widget_type=\"text-editor.default\">\n\t\t\t\t<div class=\"elementor-widget-container\">\n\t\t\t\t\t\t\t\t\t<p>Centralizovan\u00e9 syst\u00e9my spr\u00e1vy jsou navr\u017eeny tak, aby je bylo mo\u017en\u00e9 <strong>\u0161k\u00e1lovat s rostouc\u00edmi pot\u0159ebami<\/strong> organizace. S rostouc\u00edm po\u010dtem za\u0159\u00edzen\u00ed a softwarov\u00fdch aplikac\u00ed je mo\u017en\u00e9 roz\u0161\u00ed\u0159it infrastrukturu centralizovan\u00e9 spr\u00e1vy, aby se p\u0159izp\u016fsobila r\u016fstu.<\/p>\n\t\t\t\t\t\t\t\t<\/div>\n\t\t\t\t<\/div>\n\t\t\t\t\t<\/div>\n\t\t\t\t<\/div>\n\t\t\t\t\t<\/div>\n\t\t\t\t<\/div>\n\t\t\t\t<\/div>\n\t\t","protected":false},"excerpt":{"rendered":"<p>Spr\u00e1va V\u00fdhody Centr\u00e1ln\u00ed spr\u00e1va za\u0159\u00edzen\u00ed a softwaru zahrnuje dohled nad v\u00edce za\u0159\u00edzen\u00edmi a softwarov\u00fdmi aplikacemi a jejich ovl\u00e1d\u00e1n\u00ed z centralizovan\u00e9ho m\u00edsta. Centr\u00e1ln\u00ed spr\u00e1va za\u0159\u00edzen\u00ed a softwaru nab\u00edz\u00ed \u0159adu v\u00fdhod, kter\u00e9 p\u0159isp\u00edvaj\u00ed ke zv\u00fd\u0161en\u00ed efektivity, bezpe\u010dnosti a celkov\u00e9 efektivity organizace. Umo\u017e\u0148uje proaktivn\u011bj\u0161\u00ed a efektivn\u011bj\u0161\u00ed p\u0159\u00edstup ke spr\u00e1v\u011b syst\u00e9mu a pom\u00e1h\u00e1 organizac\u00edm p\u0159izp\u016fsobit se m\u011bn\u00edc\u00edm se po\u017eadavk\u016fm <a href=\"https:\/\/www.cuesystem.com\/cs\/sprava\/vyhody-3\/\" class=\"more-link\">&#8230;<span class=\"screen-reader-text\">  V\u00fdhody<\/span><\/a><\/p>\n","protected":false},"author":5,"featured_media":0,"parent":24457,"menu_order":513,"comment_status":"closed","ping_status":"closed","template":"","meta":{"_acf_changed":false,"inline_featured_image":false,"footnotes":""},"kategorie":[],"class_list":["post-24443","page","type-page","status-publish","hentry"],"acf":[],"_links":{"self":[{"href":"https:\/\/www.cuesystem.com\/cs\/wp-json\/wp\/v2\/pages\/24443","targetHints":{"allow":["GET"]}}],"collection":[{"href":"https:\/\/www.cuesystem.com\/cs\/wp-json\/wp\/v2\/pages"}],"about":[{"href":"https:\/\/www.cuesystem.com\/cs\/wp-json\/wp\/v2\/types\/page"}],"author":[{"embeddable":true,"href":"https:\/\/www.cuesystem.com\/cs\/wp-json\/wp\/v2\/users\/5"}],"replies":[{"embeddable":true,"href":"https:\/\/www.cuesystem.com\/cs\/wp-json\/wp\/v2\/comments?post=24443"}],"version-history":[{"count":4,"href":"https:\/\/www.cuesystem.com\/cs\/wp-json\/wp\/v2\/pages\/24443\/revisions"}],"predecessor-version":[{"id":25183,"href":"https:\/\/www.cuesystem.com\/cs\/wp-json\/wp\/v2\/pages\/24443\/revisions\/25183"}],"up":[{"embeddable":true,"href":"https:\/\/www.cuesystem.com\/cs\/wp-json\/wp\/v2\/pages\/24457"}],"wp:attachment":[{"href":"https:\/\/www.cuesystem.com\/cs\/wp-json\/wp\/v2\/media?parent=24443"}],"wp:term":[{"taxonomy":"kategorie","embeddable":true,"href":"https:\/\/www.cuesystem.com\/cs\/wp-json\/wp\/v2\/kategorie?post=24443"}],"curies":[{"name":"wp","href":"https:\/\/api.w.org\/{rel}","templated":true}]}}