{"id":24571,"date":"2023-10-16T12:52:11","date_gmt":"2023-10-16T10:52:11","guid":{"rendered":"https:\/\/www.cuesystem.com\/navigace-na-strankach\/"},"modified":"2025-06-19T11:07:42","modified_gmt":"2025-06-19T09:07:42","slug":"navigace","status":"publish","type":"page","link":"https:\/\/www.cuesystem.com\/cs\/navigace\/","title":{"rendered":"Navigace"},"content":{"rendered":"\t\t<div data-elementor-type=\"wp-page\" data-elementor-id=\"24571\" class=\"elementor elementor-24571 elementor-104\" data-elementor-post-type=\"page\">\n\t\t\t\t<div class=\"elementor-element elementor-element-00a1f7d e-flex e-con-boxed e-con e-parent\" data-id=\"00a1f7d\" data-element_type=\"container\" data-e-type=\"container\">\n\t\t\t\t\t<div class=\"e-con-inner\">\n\t\t<div class=\"elementor-element elementor-element-ba63575 e-flex e-con-boxed e-con e-child\" data-id=\"ba63575\" data-element_type=\"container\" data-e-type=\"container\">\n\t\t\t\t\t<div class=\"e-con-inner\">\n\t\t\t\t<div class=\"elementor-element elementor-element-36b7d12 elementor-widget elementor-widget-heading\" data-id=\"36b7d12\" data-element_type=\"widget\" data-e-type=\"widget\" data-widget_type=\"heading.default\">\n\t\t\t\t<div class=\"elementor-widget-container\">\n\t\t\t\t\t<h3 class=\"elementor-heading-title elementor-size-default\">Snadn\u00e1 a cenov\u011b dostupn\u00e1 navigace v interi\u00e9ru<\/h3>\t\t\t\t<\/div>\n\t\t\t\t<\/div>\n\t\t\t\t<div class=\"elementor-element elementor-element-e67e088 elementor-widget elementor-widget-heading\" data-id=\"e67e088\" data-element_type=\"widget\" data-e-type=\"widget\" data-widget_type=\"heading.default\">\n\t\t\t\t<div class=\"elementor-widget-container\">\n\t\t\t\t\t<h1 class=\"elementor-heading-title elementor-size-default\">Navigace<\/h1>\t\t\t\t<\/div>\n\t\t\t\t<\/div>\n\t\t\t\t<div class=\"elementor-element elementor-element-60ba489 elementor-icon-list--layout-traditional elementor-list-item-link-full_width elementor-widget elementor-widget-icon-list\" data-id=\"60ba489\" data-element_type=\"widget\" data-e-type=\"widget\" data-widget_type=\"icon-list.default\">\n\t\t\t\t<div class=\"elementor-widget-container\">\n\t\t\t\t\t\t\t<ul class=\"elementor-icon-list-items\">\n\t\t\t\t\t\t\t<li class=\"elementor-icon-list-item\">\n\t\t\t\t\t\t\t\t\t\t\t<span class=\"elementor-icon-list-icon\">\n\t\t\t\t\t\t\t<svg aria-hidden=\"true\" class=\"e-font-icon-svg e-fas-check-circle\" viewBox=\"0 0 512 512\" xmlns=\"http:\/\/www.w3.org\/2000\/svg\"><path d=\"M504 256c0 136.967-111.033 248-248 248S8 392.967 8 256 119.033 8 256 8s248 111.033 248 248zM227.314 387.314l184-184c6.248-6.248 6.248-16.379 0-22.627l-22.627-22.627c-6.248-6.249-16.379-6.249-22.628 0L216 308.118l-70.059-70.059c-6.248-6.248-16.379-6.248-22.628 0l-22.627 22.627c-6.248 6.248-6.248 16.379 0 22.627l104 104c6.249 6.249 16.379 6.249 22.628.001z\"><\/path><\/svg>\t\t\t\t\t\t<\/span>\n\t\t\t\t\t\t\t\t\t\t<span class=\"elementor-icon-list-text\">Jednoduch\u00e9 a intuitivn\u00ed navigov\u00e1n\u00ed po pat\u0159e, budov\u011b \u010di are\u00e1lu<\/span>\n\t\t\t\t\t\t\t\t\t<\/li>\n\t\t\t\t\t\t\t\t<li class=\"elementor-icon-list-item\">\n\t\t\t\t\t\t\t\t\t\t\t<span class=\"elementor-icon-list-icon\">\n\t\t\t\t\t\t\t<svg aria-hidden=\"true\" class=\"e-font-icon-svg e-fas-check-circle\" viewBox=\"0 0 512 512\" xmlns=\"http:\/\/www.w3.org\/2000\/svg\"><path d=\"M504 256c0 136.967-111.033 248-248 248S8 392.967 8 256 119.033 8 256 8s248 111.033 248 248zM227.314 387.314l184-184c6.248-6.248 6.248-16.379 0-22.627l-22.627-22.627c-6.248-6.249-16.379-6.249-22.628 0L216 308.118l-70.059-70.059c-6.248-6.248-16.379-6.248-22.628 0l-22.627 22.627c-6.248 6.248-6.248 16.379 0 22.627l104 104c6.249 6.249 16.379 6.249 22.628.001z\"><\/path><\/svg>\t\t\t\t\t\t<\/span>\n\t\t\t\t\t\t\t\t\t\t<span class=\"elementor-icon-list-text\">Vyhled\u00e1v\u00e1n\u00ed zasedac\u00edch m\u00edstnost\u00ed, parkovi\u0161\u0165, obchod\u016f a dal\u0161\u00edch<\/span>\n\t\t\t\t\t\t\t\t\t<\/li>\n\t\t\t\t\t\t\t\t<li class=\"elementor-icon-list-item\">\n\t\t\t\t\t\t\t\t\t\t\t<span class=\"elementor-icon-list-icon\">\n\t\t\t\t\t\t\t<svg aria-hidden=\"true\" class=\"e-font-icon-svg e-fas-check-circle\" viewBox=\"0 0 512 512\" xmlns=\"http:\/\/www.w3.org\/2000\/svg\"><path d=\"M504 256c0 136.967-111.033 248-248 248S8 392.967 8 256 119.033 8 256 8s248 111.033 248 248zM227.314 387.314l184-184c6.248-6.248 6.248-16.379 0-22.627l-22.627-22.627c-6.248-6.249-16.379-6.249-22.628 0L216 308.118l-70.059-70.059c-6.248-6.248-16.379-6.248-22.628 0l-22.627 22.627c-6.248 6.248-6.248 16.379 0 22.627l104 104c6.249 6.249 16.379 6.249 22.628.001z\"><\/path><\/svg>\t\t\t\t\t\t<\/span>\n\t\t\t\t\t\t\t\t\t\t<span class=\"elementor-icon-list-text\">Nez\u00e1visl\u00e1 webov\u00e1 aplikace bez nutnosti p\u0159ihl\u00e1\u0161en\u00ed<\/span>\n\t\t\t\t\t\t\t\t\t<\/li>\n\t\t\t\t\t\t<\/ul>\n\t\t\t\t\t\t<\/div>\n\t\t\t\t<\/div>\n\t\t\t\t\t<\/div>\n\t\t\t\t<\/div>\n\t\t<div class=\"elementor-element elementor-element-337b88c e-flex e-con-boxed e-con e-child\" data-id=\"337b88c\" data-element_type=\"container\" data-e-type=\"container\">\n\t\t\t\t\t<div class=\"e-con-inner\">\n\t\t\t\t<div class=\"elementor-element elementor-element-ba43d1d elementor-widget elementor-widget-image\" data-id=\"ba43d1d\" data-element_type=\"widget\" data-e-type=\"widget\" data-widget_type=\"image.default\">\n\t\t\t\t<div class=\"elementor-widget-container\">\n\t\t\t\t\t\t\t\t\t\t\t\t\t\t\t<img fetchpriority=\"high\" decoding=\"async\" width=\"1024\" height=\"576\" src=\"https:\/\/www.cuesystem.com\/wp-content\/uploads\/2024\/01\/intro_navigation-1024x576.webp\" class=\"attachment-large size-large wp-image-24159\" alt=\"\" srcset=\"https:\/\/www.cuesystem.com\/wp-content\/uploads\/2024\/01\/intro_navigation-1024x576.webp 1024w, https:\/\/www.cuesystem.com\/wp-content\/uploads\/2024\/01\/intro_navigation-300x169.webp 300w, https:\/\/www.cuesystem.com\/wp-content\/uploads\/2024\/01\/intro_navigation.webp 2048w\" sizes=\"(max-width: 1024px) 100vw, 1024px\" \/>\t\t\t\t\t\t\t\t\t\t\t\t\t\t\t<\/div>\n\t\t\t\t<\/div>\n\t\t\t\t\t<\/div>\n\t\t\t\t<\/div>\n\t\t\t\t\t<\/div>\n\t\t\t\t<\/div>\n\t\t<div class=\"elementor-element elementor-element-5b77fe1 e-flex e-con-boxed e-con e-parent\" data-id=\"5b77fe1\" data-element_type=\"container\" data-e-type=\"container\" data-settings=\"{&quot;background_background&quot;:&quot;classic&quot;}\">\n\t\t\t\t\t<div class=\"e-con-inner\">\n\t\t\t\t<div class=\"elementor-element elementor-element-a70b34f elementor-widget elementor-widget-text-editor\" data-id=\"a70b34f\" data-element_type=\"widget\" data-e-type=\"widget\" data-widget_type=\"text-editor.default\">\n\t\t\t\t<div class=\"elementor-widget-container\">\n\t\t\t\t\t\t\t\t\t<p>Efektivn\u00ed naviga\u010dn\u00ed \u0159e\u0161en\u00ed pro komplexn\u00ed vnit\u0159n\u00ed prostory<\/p>\t\t\t\t\t\t\t\t<\/div>\n\t\t\t\t<\/div>\n\t\t\t\t<div class=\"elementor-element elementor-element-396dd1d elementor-widget elementor-widget-text-editor\" data-id=\"396dd1d\" data-element_type=\"widget\" data-e-type=\"widget\" data-widget_type=\"text-editor.default\">\n\t\t\t\t<div class=\"elementor-widget-container\">\n\t\t\t\t\t\t\t\t\t<p>Orientace v <strong>labyrintu slo\u017eit\u00fdch vnit\u0159n\u00edch prostor<\/strong> m\u016f\u017ee b\u00fdt \u010dasto slo\u017eit\u00e1 a \u010dasov\u011b n\u00e1ro\u010dn\u00e1.<br>Na\u0161e <strong>navigace usnad\u0148uje<\/strong> n\u00e1v\u0161t\u011bvn\u00edk\u016fm orientaci v <strong>r\u016fzn\u00fdch prost\u0159ed\u00edch<\/strong>,<br>od \u00fa\u0159ad\u016f a n\u00e1kupn\u00edch center a\u017e po konferen\u010dn\u00ed centra a nemocnice.<\/p>\t\t\t\t\t\t\t\t<\/div>\n\t\t\t\t<\/div>\n\t\t\t\t\t<\/div>\n\t\t\t\t<\/div>\n\t\t<div class=\"elementor-element elementor-element-455c1a4 e-flex e-con-boxed e-con e-parent\" data-id=\"455c1a4\" data-element_type=\"container\" data-e-type=\"container\">\n\t\t\t\t\t<div class=\"e-con-inner\">\n\t\t<div class=\"elementor-element elementor-element-ff38362 e-flex e-con-boxed e-con e-child\" data-id=\"ff38362\" data-element_type=\"container\" data-e-type=\"container\">\n\t\t\t\t\t<div class=\"e-con-inner\">\n\t\t<div class=\"elementor-element elementor-element-20e694e e-con-full e-flex e-con e-child\" data-id=\"20e694e\" data-element_type=\"container\" data-e-type=\"container\">\n\t\t\t\t<div class=\"elementor-element elementor-element-443e073 elementor-widget elementor-widget-image\" data-id=\"443e073\" data-element_type=\"widget\" data-e-type=\"widget\" data-widget_type=\"image.default\">\n\t\t\t\t<div class=\"elementor-widget-container\">\n\t\t\t\t\t\t\t\t\t\t\t\t\t\t\t<img decoding=\"async\" width=\"1024\" height=\"575\" src=\"https:\/\/www.cuesystem.com\/wp-content\/uploads\/2024\/01\/BuildingComplex02-1024x575.webp\" class=\"attachment-large size-large wp-image-24594\" alt=\"\" srcset=\"https:\/\/www.cuesystem.com\/wp-content\/uploads\/2024\/01\/BuildingComplex02-1024x575.webp 1024w, https:\/\/www.cuesystem.com\/wp-content\/uploads\/2024\/01\/BuildingComplex02-300x168.webp 300w, https:\/\/www.cuesystem.com\/wp-content\/uploads\/2024\/01\/BuildingComplex02.webp 1514w\" sizes=\"(max-width: 1024px) 100vw, 1024px\" \/>\t\t\t\t\t\t\t\t\t\t\t\t\t\t\t<\/div>\n\t\t\t\t<\/div>\n\t\t\t\t<\/div>\n\t\t<div class=\"elementor-element elementor-element-1ce4c6f e-con-full e-flex e-con e-child\" data-id=\"1ce4c6f\" data-element_type=\"container\" data-e-type=\"container\">\n\t\t\t\t<div class=\"elementor-element elementor-element-fbe4b34 elementor-widget elementor-widget-heading\" data-id=\"fbe4b34\" data-element_type=\"widget\" data-e-type=\"widget\" data-widget_type=\"heading.default\">\n\t\t\t\t<div class=\"elementor-widget-container\">\n\t\t\t\t\t<h2 class=\"elementor-heading-title elementor-size-default\">\u0160et\u0159en\u00ed \u010dasu &amp; sn\u00ed\u017een\u00ed stresu<\/h2>\t\t\t\t<\/div>\n\t\t\t\t<\/div>\n\t\t\t\t<div class=\"elementor-element elementor-element-14f62be elementor-widget elementor-widget-text-editor\" data-id=\"14f62be\" data-element_type=\"widget\" data-e-type=\"widget\" data-widget_type=\"text-editor.default\">\n\t\t\t\t<div class=\"elementor-widget-container\">\n\t\t\t\t\t\t\t\t\t<p>Na\u0161e inovativn\u00ed naviga\u010dn\u00ed technologie nejen\u017ee zlep\u0161\u00ed z\u00e1\u017eitek v\u0161ech n\u00e1v\u0161t\u011bvn\u00edk\u016f, ale tak\u00e9 v\u00e1m a va\u0161emu t\u00fdmu umo\u017en\u00ed efektivn\u011b vyu\u017e\u00edvat cenn\u00fd \u010das.<\/p>\t\t\t\t\t\t\t\t<\/div>\n\t\t\t\t<\/div>\n\t\t\t\t<\/div>\n\t\t\t\t\t<\/div>\n\t\t\t\t<\/div>\n\t\t\t\t\t<\/div>\n\t\t\t\t<\/div>\n\t\t<div class=\"elementor-element elementor-element-4548cb0 e-flex e-con-boxed e-con e-parent\" data-id=\"4548cb0\" data-element_type=\"container\" data-e-type=\"container\">\n\t\t\t\t\t<div class=\"e-con-inner\">\n\t\t<div class=\"elementor-element elementor-element-dbe11fa e-flex e-con-boxed e-con e-child\" data-id=\"dbe11fa\" data-element_type=\"container\" data-e-type=\"container\">\n\t\t\t\t\t<div class=\"e-con-inner\">\n\t\t<div class=\"elementor-element elementor-element-80d30c2 e-con-full e-flex e-con e-child\" data-id=\"80d30c2\" data-element_type=\"container\" data-e-type=\"container\">\n\t\t\t\t<div class=\"elementor-element elementor-element-ee355b6 elementor-widget elementor-widget-image\" data-id=\"ee355b6\" data-element_type=\"widget\" data-e-type=\"widget\" data-widget_type=\"image.default\">\n\t\t\t\t<div class=\"elementor-widget-container\">\n\t\t\t\t\t\t\t\t\t\t\t\t\t\t\t<img decoding=\"async\" width=\"768\" height=\"435\" src=\"https:\/\/www.cuesystem.com\/wp-content\/uploads\/2024\/01\/QRcodeScanning.webp\" class=\"attachment-medium_large size-medium_large wp-image-24595\" alt=\"\" srcset=\"https:\/\/www.cuesystem.com\/wp-content\/uploads\/2024\/01\/QRcodeScanning.webp 1511w, https:\/\/www.cuesystem.com\/wp-content\/uploads\/2024\/01\/QRcodeScanning-300x170.webp 300w, https:\/\/www.cuesystem.com\/wp-content\/uploads\/2024\/01\/QRcodeScanning-1024x580.webp 1024w\" sizes=\"(max-width: 768px) 100vw, 768px\" \/>\t\t\t\t\t\t\t\t\t\t\t\t\t\t\t<\/div>\n\t\t\t\t<\/div>\n\t\t\t\t<\/div>\n\t\t<div class=\"elementor-element elementor-element-1f6354e e-con-full e-flex e-con e-child\" data-id=\"1f6354e\" data-element_type=\"container\" data-e-type=\"container\">\n\t\t\t\t<div class=\"elementor-element elementor-element-4d30457 elementor-widget elementor-widget-heading\" data-id=\"4d30457\" data-element_type=\"widget\" data-e-type=\"widget\" data-widget_type=\"heading.default\">\n\t\t\t\t<div class=\"elementor-widget-container\">\n\t\t\t\t\t<h2 class=\"elementor-heading-title elementor-size-default\">Zji\u0161t\u011bn\u00ed aktu\u00e1ln\u00ed polohy pomoc\u00ed QR k\u00f3d\u016f<\/h2>\t\t\t\t<\/div>\n\t\t\t\t<\/div>\n\t\t\t\t<div class=\"elementor-element elementor-element-29585ef elementor-widget elementor-widget-text-editor\" data-id=\"29585ef\" data-element_type=\"widget\" data-e-type=\"widget\" data-widget_type=\"text-editor.default\">\n\t\t\t\t<div class=\"elementor-widget-container\">\n\t\t\t\t\t\t\t\t\t<p>Navigace vyu\u017e\u00edv\u00e1 strategicky rozm\u00edst\u011bn\u00e9 <strong>QR k\u00f3dy<\/strong> na kl\u00ed\u010dov\u00fdch m\u00edstech \u2013 u vchod\u016f, na k\u0159i\u017eovatk\u00e1ch a u bod\u016f z\u00e1jmu. U\u017eivatel\u00e9 pot\u00e9 k bezprobl\u00e9mov\u00e9mu pohybu ve vnit\u0159n\u00edm prost\u0159ed\u00ed nepot\u0159ebuj\u00ed nic v\u00edc ne\u017e sv\u00e9 <strong>mobiln\u00ed telefony<\/strong>. Krom\u011b bezprobl\u00e9mov\u00e9 orientace z\u00edsk\u00e1vaj\u00ed n\u00e1v\u0161t\u011bvn\u00edci nav\u00edc p\u0159\u00edstup k praktick\u00fdm a detailn\u00edm informac\u00edm, jako jsou kontaktn\u00ed \u00fadaje nebo provozn\u00ed doba jednotliv\u00fdch m\u00edst.  <\/p>\t\t\t\t\t\t\t\t<\/div>\n\t\t\t\t<\/div>\n\t\t\t\t<\/div>\n\t\t\t\t\t<\/div>\n\t\t\t\t<\/div>\n\t\t\t\t\t<\/div>\n\t\t\t\t<\/div>\n\t\t<div class=\"elementor-element elementor-element-6552455 e-flex e-con-boxed e-con e-parent\" data-id=\"6552455\" data-element_type=\"container\" data-e-type=\"container\">\n\t\t\t\t\t<div class=\"e-con-inner\">\n\t\t\t\t<div class=\"elementor-element elementor-element-d06c53d elementor-widget elementor-widget-text-editor\" data-id=\"d06c53d\" data-element_type=\"widget\" data-e-type=\"widget\" data-widget_type=\"text-editor.default\">\n\t\t\t\t<div class=\"elementor-widget-container\">\n\t\t\t\t\t\t\t\t\t<p>kl\u00ed\u010dov\u00e9 \u010d\u00e1sti navigace<\/p>\t\t\t\t\t\t\t\t<\/div>\n\t\t\t\t<\/div>\n\t\t<div class=\"elementor-element elementor-element-92024ee e-flex e-con-boxed e-con e-child\" data-id=\"92024ee\" data-element_type=\"container\" data-e-type=\"container\">\n\t\t\t\t\t<div class=\"e-con-inner\">\n\t\t<div class=\"elementor-element elementor-element-cce6207 e-con-full e-flex e-con e-child\" data-id=\"cce6207\" data-element_type=\"container\" data-e-type=\"container\">\n\t\t\t\t<div class=\"elementor-element elementor-element-ca60512 elementor-widget elementor-widget-image\" data-id=\"ca60512\" data-element_type=\"widget\" data-e-type=\"widget\" data-widget_type=\"image.default\">\n\t\t\t\t<div class=\"elementor-widget-container\">\n\t\t\t\t\t\t\t\t\t\t\t\t\t\t\t<img loading=\"lazy\" decoding=\"async\" width=\"1024\" height=\"576\" src=\"https:\/\/www.cuesystem.com\/wp-content\/uploads\/2024\/01\/CUE_Kiosk_FHD-1-1024x576.webp\" class=\"attachment-large size-large wp-image-24596\" alt=\"\" srcset=\"https:\/\/www.cuesystem.com\/wp-content\/uploads\/2024\/01\/CUE_Kiosk_FHD-1-1024x576.webp 1024w, https:\/\/www.cuesystem.com\/wp-content\/uploads\/2024\/01\/CUE_Kiosk_FHD-1-300x169.webp 300w, https:\/\/www.cuesystem.com\/wp-content\/uploads\/2024\/01\/CUE_Kiosk_FHD-1.webp 1920w\" sizes=\"(max-width: 1024px) 100vw, 1024px\" \/>\t\t\t\t\t\t\t\t\t\t\t\t\t\t\t<\/div>\n\t\t\t\t<\/div>\n\t\t\t\t<div class=\"elementor-element elementor-element-5449e55 elementor-widget elementor-widget-heading\" data-id=\"5449e55\" data-element_type=\"widget\" data-e-type=\"widget\" data-widget_type=\"heading.default\">\n\t\t\t\t<div class=\"elementor-widget-container\">\n\t\t\t\t\t<h2 class=\"elementor-heading-title elementor-size-default\">Interaktivn\u00ed kiosek<\/h2>\t\t\t\t<\/div>\n\t\t\t\t<\/div>\n\t\t\t\t<div class=\"elementor-element elementor-element-d5501e4 elementor-widget elementor-widget-text-editor\" data-id=\"d5501e4\" data-element_type=\"widget\" data-e-type=\"widget\" data-widget_type=\"text-editor.default\">\n\t\t\t\t<div class=\"elementor-widget-container\">\n\t\t\t\t\t\t\t\t\t<p>Interaktivn\u00ed naviga\u010dn\u00ed kiosek je \u0161pi\u010dkov\u00fd n\u00e1stroj pro snadnou orientaci v jak\u00e9mkoliv prost\u0159ed\u00ed. D\u00edky rozhran\u00ed s dotykovou obrazovkou mohou u\u017eivatel\u00e9 snadno a intuitivn\u011b z\u00edsk\u00e1vat relevantn\u00ed informace p\u0159esn\u011b podle sv\u00fdch pot\u0159eb a preferenc\u00ed. <\/p>\t\t\t\t\t\t\t\t<\/div>\n\t\t\t\t<\/div>\n\t\t\t\t<div class=\"elementor-element elementor-element-0e494a8 elementor-align-center elementor-widget elementor-widget-button\" data-id=\"0e494a8\" data-element_type=\"widget\" data-e-type=\"widget\" data-widget_type=\"button.default\">\n\t\t\t\t<div class=\"elementor-widget-container\">\n\t\t\t\t\t\t\t\t\t<div class=\"elementor-button-wrapper\">\n\t\t\t\t\t<a class=\"elementor-button elementor-button-link elementor-size-sm\" href=\"https:\/\/www.cuesystem.com\/cs\/navigace\/kiosek-cue\/\">\n\t\t\t\t\t\t<span class=\"elementor-button-content-wrapper\">\n\t\t\t\t\t\t\t\t\t<span class=\"elementor-button-text\">Zjist\u011bte v\u00edce<\/span>\n\t\t\t\t\t<\/span>\n\t\t\t\t\t<\/a>\n\t\t\t\t<\/div>\n\t\t\t\t\t\t\t\t<\/div>\n\t\t\t\t<\/div>\n\t\t\t\t<\/div>\n\t\t<div class=\"elementor-element elementor-element-d341543 e-con-full e-flex e-con e-child\" data-id=\"d341543\" data-element_type=\"container\" data-e-type=\"container\">\n\t\t\t\t<div class=\"elementor-element elementor-element-86ef4c3 elementor-widget elementor-widget-image\" data-id=\"86ef4c3\" data-element_type=\"widget\" data-e-type=\"widget\" data-widget_type=\"image.default\">\n\t\t\t\t<div class=\"elementor-widget-container\">\n\t\t\t\t\t\t\t\t\t\t\t\t\t\t\t<img loading=\"lazy\" decoding=\"async\" width=\"1024\" height=\"576\" src=\"https:\/\/www.cuesystem.com\/wp-content\/uploads\/2024\/02\/CUE_Navigation_FHD-1024x576.webp\" class=\"attachment-large size-large wp-image-24148\" alt=\"\" srcset=\"https:\/\/www.cuesystem.com\/wp-content\/uploads\/2024\/02\/CUE_Navigation_FHD-1024x576.webp 1024w, https:\/\/www.cuesystem.com\/wp-content\/uploads\/2024\/02\/CUE_Navigation_FHD-300x169.webp 300w, https:\/\/www.cuesystem.com\/wp-content\/uploads\/2024\/02\/CUE_Navigation_FHD.webp 1920w\" sizes=\"(max-width: 1024px) 100vw, 1024px\" \/>\t\t\t\t\t\t\t\t\t\t\t\t\t\t\t<\/div>\n\t\t\t\t<\/div>\n\t\t\t\t<div class=\"elementor-element elementor-element-6e73ed3 elementor-widget elementor-widget-heading\" data-id=\"6e73ed3\" data-element_type=\"widget\" data-e-type=\"widget\" data-widget_type=\"heading.default\">\n\t\t\t\t<div class=\"elementor-widget-container\">\n\t\t\t\t\t<h2 class=\"elementor-heading-title elementor-size-default\">Mobiln\u00ed navigace<\/h2>\t\t\t\t<\/div>\n\t\t\t\t<\/div>\n\t\t\t\t<div class=\"elementor-element elementor-element-077d2e9 elementor-widget elementor-widget-text-editor\" data-id=\"077d2e9\" data-element_type=\"widget\" data-e-type=\"widget\" data-widget_type=\"text-editor.default\">\n\t\t\t\t<div class=\"elementor-widget-container\">\n\t\t\t\t\t\t\t\t\t<p>Mobiln\u00ed navigace je webov\u00e1 aplikace, kter\u00e1 u\u017eivatel\u016fm umo\u017e\u0148uje snadno vyhled\u00e1vat cesty a m\u00edsta pomoc\u00ed jejich mobiln\u00edch telefon\u016f. D\u00edky t\u00e9to aplikaci mohou u\u017eivatel\u00e9 rychle a jednodu\u0161e naj\u00edt ve slo\u017eit\u00fdch komplexech budov po\u017eadovan\u00e9 c\u00edle i cesty k nim, a to bez nutnosti p\u0159ihl\u00e1\u0161en\u00ed. <\/p>\t\t\t\t\t\t\t\t<\/div>\n\t\t\t\t<\/div>\n\t\t\t\t<div class=\"elementor-element elementor-element-dd40fd6 elementor-align-center elementor-widget elementor-widget-button\" data-id=\"dd40fd6\" data-element_type=\"widget\" data-e-type=\"widget\" data-widget_type=\"button.default\">\n\t\t\t\t<div class=\"elementor-widget-container\">\n\t\t\t\t\t\t\t\t\t<div class=\"elementor-button-wrapper\">\n\t\t\t\t\t<a class=\"elementor-button elementor-button-link elementor-size-sm\" href=\"https:\/\/www.cuesystem.com\/cs\/navigace\/navigace-cue\/\">\n\t\t\t\t\t\t<span class=\"elementor-button-content-wrapper\">\n\t\t\t\t\t\t\t\t\t<span class=\"elementor-button-text\">Zjist\u011bte v\u00edce<\/span>\n\t\t\t\t\t<\/span>\n\t\t\t\t\t<\/a>\n\t\t\t\t<\/div>\n\t\t\t\t\t\t\t\t<\/div>\n\t\t\t\t<\/div>\n\t\t\t\t<\/div>\n\t\t\t\t\t<\/div>\n\t\t\t\t<\/div>\n\t\t\t\t\t<\/div>\n\t\t\t\t<\/div>\n\t\t<div class=\"elementor-element elementor-element-98363b6 e-flex e-con-boxed e-con e-child\" data-id=\"98363b6\" data-element_type=\"container\" data-e-type=\"container\">\n\t\t\t\t\t<div class=\"e-con-inner\">\n\t\t\t\t\t<\/div>\n\t\t\t\t<\/div>\n\t\t\t\t<\/div>\n\t\t","protected":false},"excerpt":{"rendered":"<p>Snadn\u00e1 a cenov\u011b dostupn\u00e1 navigace v interi\u00e9ru Navigace Jednoduch\u00e9 a intuitivn\u00ed navigov\u00e1n\u00ed po pat\u0159e, budov\u011b \u010di are\u00e1lu Vyhled\u00e1v\u00e1n\u00ed zasedac\u00edch m\u00edstnost\u00ed, parkovi\u0161\u0165, obchod\u016f a dal\u0161\u00edch Nez\u00e1visl\u00e1 webov\u00e1 aplikace bez nutnosti p\u0159ihl\u00e1\u0161en\u00ed Efektivn\u00ed naviga\u010dn\u00ed \u0159e\u0161en\u00ed pro komplexn\u00ed vnit\u0159n\u00ed prostory Orientace v labyrintu slo\u017eit\u00fdch vnit\u0159n\u00edch prostor m\u016f\u017ee b\u00fdt \u010dasto slo\u017eit\u00e1 a \u010dasov\u011b n\u00e1ro\u010dn\u00e1.Na\u0161e navigace usnad\u0148uje n\u00e1v\u0161t\u011bvn\u00edk\u016fm orientaci v <a href=\"https:\/\/www.cuesystem.com\/cs\/navigace\/\" class=\"more-link\">&#8230;<span class=\"screen-reader-text\">  Navigace<\/span><\/a><\/p>\n","protected":false},"author":5,"featured_media":0,"parent":0,"menu_order":704,"comment_status":"closed","ping_status":"closed","template":"","meta":{"_acf_changed":false,"inline_featured_image":false,"footnotes":""},"kategorie":[],"class_list":["post-24571","page","type-page","status-publish","hentry"],"acf":[],"_links":{"self":[{"href":"https:\/\/www.cuesystem.com\/cs\/wp-json\/wp\/v2\/pages\/24571","targetHints":{"allow":["GET"]}}],"collection":[{"href":"https:\/\/www.cuesystem.com\/cs\/wp-json\/wp\/v2\/pages"}],"about":[{"href":"https:\/\/www.cuesystem.com\/cs\/wp-json\/wp\/v2\/types\/page"}],"author":[{"embeddable":true,"href":"https:\/\/www.cuesystem.com\/cs\/wp-json\/wp\/v2\/users\/5"}],"replies":[{"embeddable":true,"href":"https:\/\/www.cuesystem.com\/cs\/wp-json\/wp\/v2\/comments?post=24571"}],"version-history":[{"count":11,"href":"https:\/\/www.cuesystem.com\/cs\/wp-json\/wp\/v2\/pages\/24571\/revisions"}],"predecessor-version":[{"id":31561,"href":"https:\/\/www.cuesystem.com\/cs\/wp-json\/wp\/v2\/pages\/24571\/revisions\/31561"}],"wp:attachment":[{"href":"https:\/\/www.cuesystem.com\/cs\/wp-json\/wp\/v2\/media?parent=24571"}],"wp:term":[{"taxonomy":"kategorie","embeddable":true,"href":"https:\/\/www.cuesystem.com\/cs\/wp-json\/wp\/v2\/kategorie?post=24571"}],"curies":[{"name":"wp","href":"https:\/\/api.w.org\/{rel}","templated":true}]}}