{"id":29858,"date":"2025-03-16T22:05:58","date_gmt":"2025-03-16T21:05:58","guid":{"rendered":"https:\/\/www.cuesystem.com\/pripadove-studie\/blue-style\/"},"modified":"2025-04-15T12:49:07","modified_gmt":"2025-04-15T10:49:07","slug":"blue-style","status":"publish","type":"page","link":"https:\/\/www.cuesystem.com\/cs\/pripadove-studie\/blue-style\/","title":{"rendered":"Blue Style"},"content":{"rendered":"\t\t<div data-elementor-type=\"wp-page\" data-elementor-id=\"29858\" class=\"elementor elementor-29858 elementor-28943\" data-elementor-post-type=\"page\">\n\t\t\t\t<div class=\"elementor-element elementor-element-073907d e-con-full e-flex e-con e-child\" data-id=\"073907d\" data-element_type=\"container\" data-e-type=\"container\">\n\t\t\t\t<div class=\"elementor-element elementor-element-8726b4d elementor-widget elementor-widget-heading\" data-id=\"8726b4d\" data-element_type=\"widget\" data-e-type=\"widget\" data-widget_type=\"heading.default\">\n\t\t\t\t<div class=\"elementor-widget-container\">\n\t\t\t\t\t<h3 class=\"elementor-heading-title elementor-size-default\">P\u0159\u00edpadov\u00e1 studie<\/h3>\t\t\t\t<\/div>\n\t\t\t\t<\/div>\n\t\t\t\t<div class=\"elementor-element elementor-element-d9a498b elementor-widget elementor-widget-heading\" data-id=\"d9a498b\" data-element_type=\"widget\" data-e-type=\"widget\" data-widget_type=\"heading.default\">\n\t\t\t\t<div class=\"elementor-widget-container\">\n\t\t\t\t\t<h1 class=\"elementor-heading-title elementor-size-default\">Blue Style\n\n<\/h1>\t\t\t\t<\/div>\n\t\t\t\t<\/div>\n\t\t\t\t<div class=\"elementor-element elementor-element-fd69374 elementor-widget-divider--view-line elementor-widget elementor-widget-divider\" data-id=\"fd69374\" data-element_type=\"widget\" data-e-type=\"widget\" data-widget_type=\"divider.default\">\n\t\t\t\t<div class=\"elementor-widget-container\">\n\t\t\t\t\t\t\t<div class=\"elementor-divider\">\n\t\t\t<span class=\"elementor-divider-separator\">\n\t\t\t\t\t\t<\/span>\n\t\t<\/div>\n\t\t\t\t\t\t<\/div>\n\t\t\t\t<\/div>\n\t\t<div class=\"elementor-element elementor-element-c573afc e-grid e-con-boxed e-con e-child\" data-id=\"c573afc\" data-element_type=\"container\" data-e-type=\"container\">\n\t\t\t\t\t<div class=\"e-con-inner\">\n\t\t<div class=\"elementor-element elementor-element-97cab95 e-con-full e-flex e-con e-child\" data-id=\"97cab95\" data-element_type=\"container\" data-e-type=\"container\">\n\t\t\t\t<div class=\"elementor-element elementor-element-471dbe2 elementor-widget elementor-widget-heading\" data-id=\"471dbe2\" data-element_type=\"widget\" data-e-type=\"widget\" data-widget_type=\"heading.default\">\n\t\t\t\t<div class=\"elementor-widget-container\">\n\t\t\t\t\t<h2 class=\"elementor-heading-title elementor-size-default\">V\u00fdzva<\/h2>\t\t\t\t<\/div>\n\t\t\t\t<\/div>\n\t\t\t\t<div class=\"elementor-element elementor-element-72eb674 elementor-widget elementor-widget-text-editor\" data-id=\"72eb674\" data-element_type=\"widget\" data-e-type=\"widget\" data-widget_type=\"text-editor.default\">\n\t\t\t\t<div class=\"elementor-widget-container\">\n\t\t\t\t\t\t\t\t\t<p>Jako p\u0159edn\u00ed cestovn\u00ed kancel\u00e1\u0159 cht\u011bla <a href=\"https:\/\/www.blue-style.cz\/\" target=\"_blank\" rel=\"noopener\">Blue Style<\/a> zv\u00fd\u0161it efektivitu sv\u00fdch kancel\u00e1\u0159sk\u00fdch prostor pomoc\u00ed <strong>syst\u00e9mu pro<\/strong> bezprobl\u00e9movou <strong>spr\u00e1vu zasedac\u00edch m\u00edstnost\u00ed<\/strong>. Se <strong>16 zasedac\u00edmi m\u00edstnostmi<\/strong> pot\u0159ebovala spole\u010dnost intuitivn\u00ed a spolehliv\u00e9 \u0159e\u0161en\u00ed, kter\u00e9 by: <\/p><ul><li>Zjednodu\u0161ilo <strong>rezervaci<\/strong> pokoj\u016f <strong>a sledov\u00e1n\u00ed dostupnosti<\/strong><\/li><li><strong>Usnadnilo ovl\u00e1d\u00e1n\u00ed AV syst\u00e9m\u016f<\/strong> v zasedac\u00edch m\u00edstnostech<\/li><li>Zajistilo <strong>zjednodu\u0161en\u00e9 prost\u0159ed\u00ed pro<\/strong> zam\u011bstnance a vedouc\u00ed pracovn\u00edky<\/li><\/ul><p>Integrac\u00ed pokro\u010dil\u00e9ho <strong>\u0159\u00eddic\u00edho a rezerva\u010dn\u00edho syst\u00e9mu<\/strong> se spole\u010dnost <a href=\"https:\/\/www.blue-style.cz\/\" target=\"_blank\" rel=\"noopener\">Blue Style<\/a> sna\u017eila vytvo\u0159it <strong>modern\u00ed<\/strong> a <strong>funk\u010dn\u00ed<\/strong> kancel\u00e1\u0159sk\u00e9 prost\u0159ed\u00ed, kter\u00e9 podporuje produktivitu a spolupr\u00e1ci.<\/p>\t\t\t\t\t\t\t\t<\/div>\n\t\t\t\t<\/div>\n\t\t\t\t<\/div>\n\t\t<div class=\"elementor-element elementor-element-5a8944d e-con-full e-flex e-con e-child\" data-id=\"5a8944d\" data-element_type=\"container\" data-e-type=\"container\">\n\t\t\t\t<div class=\"elementor-element elementor-element-92baff7 elementor-widget elementor-widget-image\" data-id=\"92baff7\" data-element_type=\"widget\" data-e-type=\"widget\" data-widget_type=\"image.default\">\n\t\t\t\t<div class=\"elementor-widget-container\">\n\t\t\t\t\t\t\t\t\t\t\t\t\t\t\t\t<a href=\"https:\/\/www.cuesystem.com\/wp-content\/uploads\/2025\/03\/Snimek-obrazovky-2025-03-10-140944.webp\" data-elementor-open-lightbox=\"yes\" data-e-action-hash=\"#elementor-action%3Aaction%3Dlightbox%26settings%3DeyJpZCI6Mjg5NTgsInVybCI6Imh0dHBzOlwvXC93d3cuY3Vlc3lzdGVtLmNvbVwvd3AtY29udGVudFwvdXBsb2Fkc1wvMjAyNVwvMDNcL1NuaW1lay1vYnJhem92a3ktMjAyNS0wMy0xMC0xNDA5NDQud2VicCJ9\">\n\t\t\t\t\t\t\t<img fetchpriority=\"high\" decoding=\"async\" width=\"1024\" height=\"576\" src=\"https:\/\/www.cuesystem.com\/wp-content\/uploads\/2025\/03\/Snimek-obrazovky-2025-03-10-140944-1024x576.webp\" class=\"attachment-large size-large wp-image-28958\" alt=\"\" srcset=\"https:\/\/www.cuesystem.com\/wp-content\/uploads\/2025\/03\/Snimek-obrazovky-2025-03-10-140944-1024x576.webp 1024w, https:\/\/www.cuesystem.com\/wp-content\/uploads\/2025\/03\/Snimek-obrazovky-2025-03-10-140944-300x169.webp 300w, https:\/\/www.cuesystem.com\/wp-content\/uploads\/2025\/03\/Snimek-obrazovky-2025-03-10-140944.webp 1919w\" sizes=\"(max-width: 1024px) 100vw, 1024px\" \/>\t\t\t\t\t\t\t\t<\/a>\n\t\t\t\t\t\t\t\t\t\t\t\t\t\t\t<\/div>\n\t\t\t\t<\/div>\n\t\t\t\t<div class=\"elementor-element elementor-element-fadf6a6 elementor-widget elementor-widget-image\" data-id=\"fadf6a6\" data-element_type=\"widget\" data-e-type=\"widget\" data-widget_type=\"image.default\">\n\t\t\t\t<div class=\"elementor-widget-container\">\n\t\t\t\t\t\t\t\t\t\t\t\t\t\t\t\t<a href=\"https:\/\/www.cuesystem.com\/wp-content\/uploads\/2025\/03\/Snimek-obrazovky-2025-03-10-141152.webp\" data-elementor-open-lightbox=\"yes\" data-e-action-hash=\"#elementor-action%3Aaction%3Dlightbox%26settings%3DeyJpZCI6Mjg5NjMsInVybCI6Imh0dHBzOlwvXC93d3cuY3Vlc3lzdGVtLmNvbVwvd3AtY29udGVudFwvdXBsb2Fkc1wvMjAyNVwvMDNcL1NuaW1lay1vYnJhem92a3ktMjAyNS0wMy0xMC0xNDExNTIud2VicCJ9\">\n\t\t\t\t\t\t\t<img decoding=\"async\" width=\"1024\" height=\"508\" src=\"https:\/\/www.cuesystem.com\/wp-content\/uploads\/2025\/03\/Snimek-obrazovky-2025-03-10-141152-1024x508.webp\" class=\"attachment-large size-large wp-image-28963\" alt=\"\" srcset=\"https:\/\/www.cuesystem.com\/wp-content\/uploads\/2025\/03\/Snimek-obrazovky-2025-03-10-141152-1024x508.webp 1024w, https:\/\/www.cuesystem.com\/wp-content\/uploads\/2025\/03\/Snimek-obrazovky-2025-03-10-141152-300x149.webp 300w, https:\/\/www.cuesystem.com\/wp-content\/uploads\/2025\/03\/Snimek-obrazovky-2025-03-10-141152.webp 1919w\" sizes=\"(max-width: 1024px) 100vw, 1024px\" \/>\t\t\t\t\t\t\t\t<\/a>\n\t\t\t\t\t\t\t\t\t\t\t\t\t\t\t<\/div>\n\t\t\t\t<\/div>\n\t\t\t\t<\/div>\n\t\t\t\t\t<\/div>\n\t\t\t\t<\/div>\n\t\t<div class=\"elementor-element elementor-element-5c66f66 e-grid e-con-boxed e-con e-child\" data-id=\"5c66f66\" data-element_type=\"container\" data-e-type=\"container\">\n\t\t\t\t\t<div class=\"e-con-inner\">\n\t\t<div class=\"elementor-element elementor-element-e4fde28 e-con-full e-flex e-con e-child\" data-id=\"e4fde28\" data-element_type=\"container\" data-e-type=\"container\">\n\t\t\t\t<div class=\"elementor-element elementor-element-8531687 elementor-widget elementor-widget-image\" data-id=\"8531687\" data-element_type=\"widget\" data-e-type=\"widget\" data-widget_type=\"image.default\">\n\t\t\t\t<div class=\"elementor-widget-container\">\n\t\t\t\t\t\t\t\t\t\t\t\t\t\t\t<img decoding=\"async\" width=\"1024\" height=\"288\" src=\"https:\/\/www.cuesystem.com\/wp-content\/uploads\/2025\/03\/DARK_BLUE-1024x288.webp\" class=\"attachment-large size-large wp-image-28968\" alt=\"\" srcset=\"https:\/\/www.cuesystem.com\/wp-content\/uploads\/2025\/03\/DARK_BLUE-1024x288.webp 1024w, https:\/\/www.cuesystem.com\/wp-content\/uploads\/2025\/03\/DARK_BLUE-300x84.webp 300w, https:\/\/www.cuesystem.com\/wp-content\/uploads\/2025\/03\/DARK_BLUE.webp 1600w\" sizes=\"(max-width: 1024px) 100vw, 1024px\" \/>\t\t\t\t\t\t\t\t\t\t\t\t\t\t\t<\/div>\n\t\t\t\t<\/div>\n\t\t\t\t<\/div>\n\t\t<div class=\"elementor-element elementor-element-39b74d9 e-con-full e-flex e-con e-child\" data-id=\"39b74d9\" data-element_type=\"container\" data-e-type=\"container\">\n\t\t\t\t<div class=\"elementor-element elementor-element-6c40024 elementor-widget elementor-widget-heading\" data-id=\"6c40024\" data-element_type=\"widget\" data-e-type=\"widget\" data-widget_type=\"heading.default\">\n\t\t\t\t<div class=\"elementor-widget-container\">\n\t\t\t\t\t<h2 class=\"elementor-heading-title elementor-size-default\">O spole\u010dnosti Blue Style\n\n<\/h2>\t\t\t\t<\/div>\n\t\t\t\t<\/div>\n\t\t\t\t<div class=\"elementor-element elementor-element-93c25d8 elementor-widget elementor-widget-text-editor\" data-id=\"93c25d8\" data-element_type=\"widget\" data-e-type=\"widget\" data-widget_type=\"text-editor.default\">\n\t\t\t\t<div class=\"elementor-widget-container\">\n\t\t\t\t\t\t\t\t\t<p><a href=\"https:\/\/www.blue-style.cz\/\" target=\"_blank\" rel=\"noopener\">Blue Style<\/a> byla zalo\u017eena v roce 1997 a je jednou z p\u0159edn\u00edch \u010desk\u00fdch <strong>cestovn\u00edch kancel\u00e1\u0159\u00ed<\/strong>, kter\u00e1 nab\u00edz\u00ed dovolenou ve v\u00edce ne\u017e <strong>30 destinac\u00edch po cel\u00e9m sv\u011bt\u011b<\/strong>.<\/p>\n<p>O realizaci projektu se postaral n\u00e1\u0161 <strong>\u010desk\u00fd partner<\/strong> <a href=\"https:\/\/www.avmedia.cz\/en\/\" target=\"_blank\" rel=\"noopener\">AV MEDIA<\/a>.<\/p>\t\t\t\t\t\t\t\t<\/div>\n\t\t\t\t<\/div>\n\t\t\t\t<\/div>\n\t\t\t\t\t<\/div>\n\t\t\t\t<\/div>\n\t\t<div class=\"elementor-element elementor-element-b07a7d8 e-grid e-con-boxed e-con e-child\" data-id=\"b07a7d8\" data-element_type=\"container\" data-e-type=\"container\">\n\t\t\t\t\t<div class=\"e-con-inner\">\n\t\t<div class=\"elementor-element elementor-element-589dde4 e-con-full e-flex e-con e-child\" data-id=\"589dde4\" data-element_type=\"container\" data-e-type=\"container\">\n\t\t\t\t<div class=\"elementor-element elementor-element-e36d1e1 elementor-widget elementor-widget-heading\" data-id=\"e36d1e1\" data-element_type=\"widget\" data-e-type=\"widget\" data-widget_type=\"heading.default\">\n\t\t\t\t<div class=\"elementor-widget-container\">\n\t\t\t\t\t<h2 class=\"elementor-heading-title elementor-size-default\">Na\u0161e p\u0159edsevzet\u00ed<\/h2>\t\t\t\t<\/div>\n\t\t\t\t<\/div>\n\t\t\t\t<div class=\"elementor-element elementor-element-972e000 elementor-widget elementor-widget-text-editor\" data-id=\"972e000\" data-element_type=\"widget\" data-e-type=\"widget\" data-widget_type=\"text-editor.default\">\n\t\t\t\t<div class=\"elementor-widget-container\">\n\t\t\t\t\t\t\t\t\t<p>Spole\u010dnost <a href=\"https:\/\/www.avmedia.cz\/en\/\" target=\"_blank\" rel=\"noopener\">AV MEDIA<\/a> nasadila komplexn\u00ed <strong>\u0159\u00eddic\u00ed a rezerva\u010dn\u00ed syst\u00e9m CUE<\/strong>, aby vyhov\u011bla pot\u0159eb\u00e1m spole\u010dnosti <a href=\"https:\/\/www.blue-style.cz\/\" target=\"_blank\" rel=\"noopener\">Blue Style<\/a>:<\/p>\n<ul>\n<li><strong>Bezprobl\u00e9mov\u00e1 rezervace m\u00edstnost\u00ed<\/strong> &#8211; rezerva\u010dn\u00ed panely <a href=\"https:\/\/docs.cuesystem.com\/space\/PRODUCTS\/604766221\" target=\"_blank\" rel=\"noopener\">touchONE-10-W<\/a> poskytuj\u00ed <strong>jasn\u00fd p\u0159ehled o dostupnosti zasedac\u00edch m\u00edstnost\u00ed<\/strong> a umo\u017e\u0148uj\u00ed zam\u011bstnanc\u016fm snadno rezervovat, prodlu\u017eovat nebo ru\u0161it rezervace.<\/li>\n<li><strong>Inteligentn\u00ed ovl\u00e1d\u00e1n\u00ed zasedac\u00ed m\u00edstnosti<\/strong> &#8211; Panel <a href=\"https:\/\/docs.cuesystem.com\/space\/PRODUCTS\/482934790\/touchCUE-7\" target=\"_blank\" rel=\"noopener\">touchCUE-7<\/a> a ovlada\u010d <a href=\"https:\/\/docs.cuesystem.com\/space\/PRODUCTS\/605388827\/controlCUE-three\" target=\"_blank\" rel=\"noopener\">controlCUE-three<\/a> umo\u017e\u0148uj\u00ed centralizovanou spr\u00e1vu AV syst\u00e9m\u016f a nastaven\u00ed m\u00edstnost\u00ed v kancel\u00e1\u0159i pro vedouc\u00ed pracovn\u00edky.<\/li>\n<li><strong>U\u017eivatelsky p\u0159\u00edv\u011btiv\u00e9 ovl\u00e1d\u00e1n\u00ed v m\u00edstnosti<\/strong> &#8211; <strong>intuitivn\u00ed <\/strong>ovl\u00e1dac\u00ed syst\u00e9m <a href=\"https:\/\/docs.cuesystem.com\/space\/PRODUCTS\/484868189\/liteCUE-basic\" target=\"_blank\" rel=\"noopener\">liteCUE-basic<\/a> zalo\u017een\u00fd na <strong>kl\u00e1vesnici <\/strong>umo\u017e\u0148uje zam\u011bstnanc\u016fm <strong>upravovat nastaven\u00ed zasedac\u00ed m\u00edstnosti<\/strong> s minim\u00e1ln\u00edm \u00fasil\u00edm.<\/li>\n<\/ul>\n<p>Toto <strong>inteligentn\u00ed integrovan\u00e9 \u0159e\u0161en\u00ed<\/strong> prom\u011bnilo kancel\u00e1\u0159 spole\u010dnosti <a href=\"https:\/\/www.blue-style.cz\/\" target=\"_blank\" rel=\"noopener\">Blue Style<\/a>v <strong>modern\u00ed a efektivn\u00ed pracovi\u0161t\u011b<\/strong>. D\u00edky dokonal\u00e9mu propojen\u00ed <strong>technologi\u00ed a designu<\/strong> spole\u010dnost nejen zlep\u0161ila sv\u016fj ka\u017edodenn\u00ed provoz, ale tak\u00e9 z\u00edskala uzn\u00e1n\u00ed jako <strong>finalista<\/strong> sout\u011b\u017ee <a href=\"https:\/\/www.linkedin.com\/company\/kancelareroku\/\" target=\"_blank\" rel=\"noopener\">Kancel\u00e1\u0159 roku<\/a>. <\/p>\t\t\t\t\t\t\t\t<\/div>\n\t\t\t\t<\/div>\n\t\t\t\t<\/div>\n\t\t<div class=\"elementor-element elementor-element-661f3ee e-con-full e-flex e-con e-child\" data-id=\"661f3ee\" data-element_type=\"container\" data-e-type=\"container\">\n\t\t\t\t<div class=\"elementor-element elementor-element-89ad45f elementor-widget elementor-widget-image\" data-id=\"89ad45f\" data-element_type=\"widget\" data-e-type=\"widget\" data-widget_type=\"image.default\">\n\t\t\t\t<div class=\"elementor-widget-container\">\n\t\t\t\t\t\t\t\t\t\t\t\t\t\t\t\t<a href=\"https:\/\/www.cuesystem.com\/wp-content\/uploads\/2025\/03\/Snimek-obrazovky-2025-03-10-141004.webp\" data-elementor-open-lightbox=\"yes\" data-e-action-hash=\"#elementor-action%3Aaction%3Dlightbox%26settings%3DeyJpZCI6Mjg5ODcsInVybCI6Imh0dHBzOlwvXC93d3cuY3Vlc3lzdGVtLmNvbVwvd3AtY29udGVudFwvdXBsb2Fkc1wvMjAyNVwvMDNcL1NuaW1lay1vYnJhem92a3ktMjAyNS0wMy0xMC0xNDEwMDQud2VicCJ9\">\n\t\t\t\t\t\t\t<img loading=\"lazy\" decoding=\"async\" width=\"1024\" height=\"507\" src=\"https:\/\/www.cuesystem.com\/wp-content\/uploads\/2025\/03\/Snimek-obrazovky-2025-03-10-141004-1024x507.webp\" class=\"attachment-large size-large wp-image-28987\" alt=\"\" srcset=\"https:\/\/www.cuesystem.com\/wp-content\/uploads\/2025\/03\/Snimek-obrazovky-2025-03-10-141004-1024x507.webp 1024w, https:\/\/www.cuesystem.com\/wp-content\/uploads\/2025\/03\/Snimek-obrazovky-2025-03-10-141004-300x149.webp 300w, https:\/\/www.cuesystem.com\/wp-content\/uploads\/2025\/03\/Snimek-obrazovky-2025-03-10-141004.webp 1919w\" sizes=\"(max-width: 1024px) 100vw, 1024px\" \/>\t\t\t\t\t\t\t\t<\/a>\n\t\t\t\t\t\t\t\t\t\t\t\t\t\t\t<\/div>\n\t\t\t\t<\/div>\n\t\t\t\t<div class=\"elementor-element elementor-element-f080160 elementor-widget elementor-widget-image\" data-id=\"f080160\" data-element_type=\"widget\" data-e-type=\"widget\" data-widget_type=\"image.default\">\n\t\t\t\t<div class=\"elementor-widget-container\">\n\t\t\t\t\t\t\t\t\t\t\t\t\t\t\t\t<a href=\"https:\/\/www.cuesystem.com\/wp-content\/uploads\/2025\/03\/Snimek-obrazovky-2025-03-10-134743.webp\" data-elementor-open-lightbox=\"yes\" data-e-action-hash=\"#elementor-action%3Aaction%3Dlightbox%26settings%3DeyJpZCI6Mjg5NzcsInVybCI6Imh0dHBzOlwvXC93d3cuY3Vlc3lzdGVtLmNvbVwvd3AtY29udGVudFwvdXBsb2Fkc1wvMjAyNVwvMDNcL1NuaW1lay1vYnJhem92a3ktMjAyNS0wMy0xMC0xMzQ3NDMud2VicCJ9\">\n\t\t\t\t\t\t\t<img loading=\"lazy\" decoding=\"async\" width=\"1024\" height=\"579\" src=\"https:\/\/www.cuesystem.com\/wp-content\/uploads\/2025\/03\/Snimek-obrazovky-2025-03-10-134743-1024x579.webp\" class=\"attachment-large size-large wp-image-28977\" alt=\"\" srcset=\"https:\/\/www.cuesystem.com\/wp-content\/uploads\/2025\/03\/Snimek-obrazovky-2025-03-10-134743-1024x579.webp 1024w, https:\/\/www.cuesystem.com\/wp-content\/uploads\/2025\/03\/Snimek-obrazovky-2025-03-10-134743-300x170.webp 300w, https:\/\/www.cuesystem.com\/wp-content\/uploads\/2025\/03\/Snimek-obrazovky-2025-03-10-134743.webp 1907w\" sizes=\"(max-width: 1024px) 100vw, 1024px\" \/>\t\t\t\t\t\t\t\t<\/a>\n\t\t\t\t\t\t\t\t\t\t\t\t\t\t\t<\/div>\n\t\t\t\t<\/div>\n\t\t\t\t<div class=\"elementor-element elementor-element-732583c elementor-widget elementor-widget-image\" data-id=\"732583c\" data-element_type=\"widget\" data-e-type=\"widget\" data-widget_type=\"image.default\">\n\t\t\t\t<div class=\"elementor-widget-container\">\n\t\t\t\t\t\t\t\t\t\t\t\t\t\t\t\t<a href=\"https:\/\/www.cuesystem.com\/wp-content\/uploads\/2025\/03\/Snimek-obrazovky-2025-03-10-141037.webp\" data-elementor-open-lightbox=\"yes\" data-e-action-hash=\"#elementor-action%3Aaction%3Dlightbox%26settings%3DeyJpZCI6Mjg5ODIsInVybCI6Imh0dHBzOlwvXC93d3cuY3Vlc3lzdGVtLmNvbVwvd3AtY29udGVudFwvdXBsb2Fkc1wvMjAyNVwvMDNcL1NuaW1lay1vYnJhem92a3ktMjAyNS0wMy0xMC0xNDEwMzcud2VicCJ9\">\n\t\t\t\t\t\t\t<img loading=\"lazy\" decoding=\"async\" width=\"1024\" height=\"716\" src=\"https:\/\/www.cuesystem.com\/wp-content\/uploads\/2025\/03\/Snimek-obrazovky-2025-03-10-141037-1024x716.webp\" class=\"attachment-large size-large wp-image-28982\" alt=\"\" srcset=\"https:\/\/www.cuesystem.com\/wp-content\/uploads\/2025\/03\/Snimek-obrazovky-2025-03-10-141037-1024x716.webp 1024w, https:\/\/www.cuesystem.com\/wp-content\/uploads\/2025\/03\/Snimek-obrazovky-2025-03-10-141037-300x210.webp 300w, https:\/\/www.cuesystem.com\/wp-content\/uploads\/2025\/03\/Snimek-obrazovky-2025-03-10-141037.webp 1359w\" sizes=\"(max-width: 1024px) 100vw, 1024px\" \/>\t\t\t\t\t\t\t\t<\/a>\n\t\t\t\t\t\t\t\t\t\t\t\t\t\t\t<\/div>\n\t\t\t\t<\/div>\n\t\t\t\t<\/div>\n\t\t\t\t\t<\/div>\n\t\t\t\t<\/div>\n\t\t\t\t<\/div>\n\t\t<div class=\"elementor-element elementor-element-38e7682 e-flex e-con-boxed e-con e-parent\" data-id=\"38e7682\" data-element_type=\"container\" data-e-type=\"container\">\n\t\t\t\t\t<div class=\"e-con-inner\">\n\t\t\t\t<div class=\"elementor-element elementor-element-080893a elementor-widget elementor-widget-heading\" data-id=\"080893a\" data-element_type=\"widget\" data-e-type=\"widget\" data-widget_type=\"heading.default\">\n\t\t\t\t<div class=\"elementor-widget-container\">\n\t\t\t\t\t<h2 class=\"elementor-heading-title elementor-size-default\">V\u00edce o tomto projektu<\/h2>\t\t\t\t<\/div>\n\t\t\t\t<\/div>\n\t\t\t\t<div class=\"elementor-element elementor-element-5d4b41f elementor-widget elementor-widget-video\" data-id=\"5d4b41f\" data-element_type=\"widget\" data-e-type=\"widget\" data-settings=\"{&quot;video_type&quot;:&quot;vimeo&quot;}\" data-widget_type=\"video.default\">\n\t\t\t\t<div class=\"elementor-widget-container\">\n\t\t\t\t\t\t\t<div class=\"elementor-wrapper elementor-open-inline\">\n\t\t\t<iframe class=\"elementor-video-iframe\" allowfullscreen allow=\"clipboard-write\" title=\"vimeo p\u0159ehr\u00e1va\u010d videa\" src=\"https:\/\/player.vimeo.com\/video\/1048178544?color&amp;autopause=0&amp;loop=0&amp;muted=0&amp;title=1&amp;portrait=1&amp;byline=1&amp;h=ac9f2e9ebe#t=\"><\/iframe>\t\t<\/div>\n\t\t\t\t\t\t<\/div>\n\t\t\t\t<\/div>\n\t\t\t\t\t<\/div>\n\t\t\t\t<\/div>\n\t\t\t\t<\/div>\n\t\t","protected":false},"excerpt":{"rendered":"<p>P\u0159\u00edpadov\u00e1 studie Blue Style V\u00fdzva Jako p\u0159edn\u00ed cestovn\u00ed kancel\u00e1\u0159 cht\u011bla Blue Style zv\u00fd\u0161it efektivitu sv\u00fdch kancel\u00e1\u0159sk\u00fdch prostor pomoc\u00ed syst\u00e9mu pro bezprobl\u00e9movou spr\u00e1vu zasedac\u00edch m\u00edstnost\u00ed. Se 16 zasedac\u00edmi m\u00edstnostmi pot\u0159ebovala spole\u010dnost intuitivn\u00ed a spolehliv\u00e9 \u0159e\u0161en\u00ed, kter\u00e9 by: Zjednodu\u0161ilo rezervaci pokoj\u016f a sledov\u00e1n\u00ed dostupnosti Usnadnilo ovl\u00e1d\u00e1n\u00ed AV syst\u00e9m\u016f v zasedac\u00edch m\u00edstnostech Zajistilo zjednodu\u0161en\u00e9 prost\u0159ed\u00ed pro zam\u011bstnance a <a href=\"https:\/\/www.cuesystem.com\/cs\/pripadove-studie\/blue-style\/\" class=\"more-link\">&#8230;<span class=\"screen-reader-text\">  Blue Style<\/span><\/a><\/p>\n","protected":false},"author":3,"featured_media":0,"parent":29856,"menu_order":223,"comment_status":"closed","ping_status":"closed","template":"","meta":{"_acf_changed":false,"inline_featured_image":false,"footnotes":""},"kategorie":[],"class_list":["post-29858","page","type-page","status-publish","hentry"],"acf":[],"_links":{"self":[{"href":"https:\/\/www.cuesystem.com\/cs\/wp-json\/wp\/v2\/pages\/29858","targetHints":{"allow":["GET"]}}],"collection":[{"href":"https:\/\/www.cuesystem.com\/cs\/wp-json\/wp\/v2\/pages"}],"about":[{"href":"https:\/\/www.cuesystem.com\/cs\/wp-json\/wp\/v2\/types\/page"}],"author":[{"embeddable":true,"href":"https:\/\/www.cuesystem.com\/cs\/wp-json\/wp\/v2\/users\/3"}],"replies":[{"embeddable":true,"href":"https:\/\/www.cuesystem.com\/cs\/wp-json\/wp\/v2\/comments?post=29858"}],"version-history":[{"count":1,"href":"https:\/\/www.cuesystem.com\/cs\/wp-json\/wp\/v2\/pages\/29858\/revisions"}],"predecessor-version":[{"id":29859,"href":"https:\/\/www.cuesystem.com\/cs\/wp-json\/wp\/v2\/pages\/29858\/revisions\/29859"}],"up":[{"embeddable":true,"href":"https:\/\/www.cuesystem.com\/cs\/wp-json\/wp\/v2\/pages\/29856"}],"wp:attachment":[{"href":"https:\/\/www.cuesystem.com\/cs\/wp-json\/wp\/v2\/media?parent=29858"}],"wp:term":[{"taxonomy":"kategorie","embeddable":true,"href":"https:\/\/www.cuesystem.com\/cs\/wp-json\/wp\/v2\/kategorie?post=29858"}],"curies":[{"name":"wp","href":"https:\/\/api.w.org\/{rel}","templated":true}]}}