{"id":29878,"date":"2025-01-29T17:11:28","date_gmt":"2025-01-29T16:11:28","guid":{"rendered":"https:\/\/www.cuesystem.com\/pripadove-studie\/andaz-prague\/"},"modified":"2025-04-22T09:19:13","modified_gmt":"2025-04-22T07:19:13","slug":"andaz-prague","status":"publish","type":"page","link":"https:\/\/www.cuesystem.com\/cs\/pripadove-studie\/andaz-prague\/","title":{"rendered":"Andaz Prague"},"content":{"rendered":"\t\t<div data-elementor-type=\"wp-page\" data-elementor-id=\"29878\" class=\"elementor elementor-29878 elementor-28101\" data-elementor-post-type=\"page\">\n\t\t\t\t<div class=\"elementor-element elementor-element-275e974 e-con-full e-flex e-con e-child\" data-id=\"275e974\" data-element_type=\"container\" data-e-type=\"container\">\n\t\t\t\t<div class=\"elementor-element elementor-element-94521c0 elementor-widget elementor-widget-heading\" data-id=\"94521c0\" data-element_type=\"widget\" data-e-type=\"widget\" data-widget_type=\"heading.default\">\n\t\t\t\t<div class=\"elementor-widget-container\">\n\t\t\t\t\t<h3 class=\"elementor-heading-title elementor-size-default\">P\u0159\u00edpadov\u00e1 studie<\/h3>\t\t\t\t<\/div>\n\t\t\t\t<\/div>\n\t\t\t\t<div class=\"elementor-element elementor-element-2ff11f3 elementor-widget elementor-widget-heading\" data-id=\"2ff11f3\" data-element_type=\"widget\" data-e-type=\"widget\" data-widget_type=\"heading.default\">\n\t\t\t\t<div class=\"elementor-widget-container\">\n\t\t\t\t\t<h1 class=\"elementor-heading-title elementor-size-default\">Andaz Prague<\/h1>\t\t\t\t<\/div>\n\t\t\t\t<\/div>\n\t\t\t\t<div class=\"elementor-element elementor-element-4d485de elementor-widget-divider--view-line elementor-widget elementor-widget-divider\" data-id=\"4d485de\" data-element_type=\"widget\" data-e-type=\"widget\" data-widget_type=\"divider.default\">\n\t\t\t\t<div class=\"elementor-widget-container\">\n\t\t\t\t\t\t\t<div class=\"elementor-divider\">\n\t\t\t<span class=\"elementor-divider-separator\">\n\t\t\t\t\t\t<\/span>\n\t\t<\/div>\n\t\t\t\t\t\t<\/div>\n\t\t\t\t<\/div>\n\t\t<div class=\"elementor-element elementor-element-64fdd00 e-grid e-con-boxed e-con e-child\" data-id=\"64fdd00\" data-element_type=\"container\" data-e-type=\"container\">\n\t\t\t\t\t<div class=\"e-con-inner\">\n\t\t<div class=\"elementor-element elementor-element-a0874b1 e-con-full e-flex e-con e-child\" data-id=\"a0874b1\" data-element_type=\"container\" data-e-type=\"container\">\n\t\t\t\t<div class=\"elementor-element elementor-element-5571e32 elementor-widget elementor-widget-heading\" data-id=\"5571e32\" data-element_type=\"widget\" data-e-type=\"widget\" data-widget_type=\"heading.default\">\n\t\t\t\t<div class=\"elementor-widget-container\">\n\t\t\t\t\t<h2 class=\"elementor-heading-title elementor-size-default\">V\u00fdzva<\/h2>\t\t\t\t<\/div>\n\t\t\t\t<\/div>\n\t\t\t\t<div class=\"elementor-element elementor-element-6c93513 elementor-widget elementor-widget-text-editor\" data-id=\"6c93513\" data-element_type=\"widget\" data-e-type=\"widget\" data-widget_type=\"text-editor.default\">\n\t\t\t\t<div class=\"elementor-widget-container\">\n\t\t\t\t\t\t\t\t\t<p><span class=\"text_node\" style=\"display: inline; line-height: 1.375rem; color: #111111; font-family: Arial, sans-serif; background-color: #ffffff;\" data-v-816e464e=\"\" data-v-4d192987=\"\">Zajistit <\/span><span class=\"text_node rw_adf_text_strong\" style=\"display: inline; line-height: 1.375rem; font-weight: bold; color: #111111; font-family: Arial, sans-serif; background-color: #ffffff;\" data-v-816e464e=\"\" data-v-4d192987=\"\">pohodln\u00fd <\/span><span class=\"text_node\" style=\"display: inline; line-height: 1.375rem; color: #111111; font-family: Arial, sans-serif; background-color: #ffffff;\" data-v-816e464e=\"\" data-v-4d192987=\"\">a <\/span><span class=\"text_node rw_adf_text_strong\" style=\"display: inline; line-height: 1.375rem; font-weight: bold; color: #111111; font-family: Arial, sans-serif; background-color: #ffffff;\" data-v-816e464e=\"\" data-v-4d192987=\"\">intuitivn\u00ed ovl\u00e1d\u00e1n\u00ed <\/span><span class=\"text_node\" style=\"display: inline; line-height: 1.375rem; color: #111111; font-family: Arial, sans-serif; background-color: #ffffff;\" data-v-816e464e=\"\" data-v-4d192987=\"\">na ovl\u00e1d\u00e1n\u00ed <\/span><span class=\"text_node rw_adf_text_strong\" style=\"display: inline; line-height: 1.375rem; font-weight: bold; color: #111111; font-family: Arial, sans-serif; background-color: #ffffff;\" data-v-816e464e=\"\" data-v-4d192987=\"\">konferen\u010dn\u00edch prostor<\/span><span class=\"text_node\" style=\"display: inline; line-height: 1.375rem; color: #111111; font-family: Arial, sans-serif; background-color: #ffffff;\" data-v-816e464e=\"\" data-v-4d192987=\"\"> ve studi\u00edch Andaz 1, 2 a 3 na adrese <\/span><a class=\"link_node text_node rw_adf_text_strong\" style=\"color: #394fce; text-decoration-thickness: unset; text-decoration-style: unset; text-decoration-color: unset; font-weight: bold; font-size: 16px; line-height: 1.25rem; padding: 0.0625rem 0px; font-family: Arial, sans-serif; background-color: #ffffff;\" tabindex=\"0\" href=\"https:\/\/www.hyatt.com\/andaz\/prgaz-andaz-prague\" target=\"_blank\" rel=\"noopener\" data-v-098e4e53=\"\" data-v-816e464e=\"\" data-v-4d192987=\"\" data-ui-id=\"text-link\" data-ui-content=\"Andaz Prague\"><span class=\"inline_text_span\" style=\"display: inline; word-break: break-word;\" data-v-098e4e53=\"\">Andaz Prague<\/span><\/a><span class=\"text_node\" style=\"display: inline; line-height: 1.375rem; color: #111111; font-family: Arial, sans-serif; background-color: #ffffff;\" data-v-816e464e=\"\" data-v-4d192987=\"\"> Hotel.<\/span><\/p>\t\t\t\t\t\t\t\t<\/div>\n\t\t\t\t<\/div>\n\t\t\t\t<\/div>\n\t\t<div class=\"elementor-element elementor-element-e0df23b e-con-full e-flex e-con e-child\" data-id=\"e0df23b\" data-element_type=\"container\" data-e-type=\"container\">\n\t\t\t\t<div class=\"elementor-element elementor-element-79ba39e elementor-widget elementor-widget-image\" data-id=\"79ba39e\" data-element_type=\"widget\" data-e-type=\"widget\" data-widget_type=\"image.default\">\n\t\t\t\t<div class=\"elementor-widget-container\">\n\t\t\t\t\t\t\t\t\t\t\t\t\t\t\t<img fetchpriority=\"high\" decoding=\"async\" width=\"1024\" height=\"683\" src=\"https:\/\/www.cuesystem.com\/wp-content\/uploads\/2025\/01\/hotel-andaz_2-1024x683.jpeg\" class=\"attachment-large size-large wp-image-28113\" alt=\"\" srcset=\"https:\/\/www.cuesystem.com\/wp-content\/uploads\/2025\/01\/hotel-andaz_2-1024x683.jpeg 1024w, https:\/\/www.cuesystem.com\/wp-content\/uploads\/2025\/01\/hotel-andaz_2-300x200.jpeg 300w, https:\/\/www.cuesystem.com\/wp-content\/uploads\/2025\/01\/hotel-andaz_2.jpeg 1200w\" sizes=\"(max-width: 1024px) 100vw, 1024px\" \/>\t\t\t\t\t\t\t\t\t\t\t\t\t\t\t<\/div>\n\t\t\t\t<\/div>\n\t\t\t\t<\/div>\n\t\t\t\t\t<\/div>\n\t\t\t\t<\/div>\n\t\t<div class=\"elementor-element elementor-element-c9fe6ca e-grid e-con-boxed e-con e-child\" data-id=\"c9fe6ca\" data-element_type=\"container\" data-e-type=\"container\">\n\t\t\t\t\t<div class=\"e-con-inner\">\n\t\t<div class=\"elementor-element elementor-element-13e7614 e-con-full e-flex e-con e-child\" data-id=\"13e7614\" data-element_type=\"container\" data-e-type=\"container\">\n\t\t\t\t<div class=\"elementor-element elementor-element-5a91610 elementor-widget elementor-widget-image\" data-id=\"5a91610\" data-element_type=\"widget\" data-e-type=\"widget\" data-widget_type=\"image.default\">\n\t\t\t\t<div class=\"elementor-widget-container\">\n\t\t\t\t\t\t\t\t\t\t\t\t\t\t\t<img decoding=\"async\" width=\"1024\" height=\"683\" src=\"https:\/\/www.cuesystem.com\/wp-content\/uploads\/2025\/01\/hotel-andaz_12-1024x683.jpeg\" class=\"attachment-large size-large wp-image-28118\" alt=\"\" srcset=\"https:\/\/www.cuesystem.com\/wp-content\/uploads\/2025\/01\/hotel-andaz_12-1024x683.jpeg 1024w, https:\/\/www.cuesystem.com\/wp-content\/uploads\/2025\/01\/hotel-andaz_12-300x200.jpeg 300w, https:\/\/www.cuesystem.com\/wp-content\/uploads\/2025\/01\/hotel-andaz_12.jpeg 1200w\" sizes=\"(max-width: 1024px) 100vw, 1024px\" \/>\t\t\t\t\t\t\t\t\t\t\t\t\t\t\t<\/div>\n\t\t\t\t<\/div>\n\t\t\t\t<\/div>\n\t\t<div class=\"elementor-element elementor-element-a9efdfc e-con-full e-flex e-con e-child\" data-id=\"a9efdfc\" data-element_type=\"container\" data-e-type=\"container\">\n\t\t\t\t<div class=\"elementor-element elementor-element-6078132 elementor-widget elementor-widget-heading\" data-id=\"6078132\" data-element_type=\"widget\" data-e-type=\"widget\" data-widget_type=\"heading.default\">\n\t\t\t\t<div class=\"elementor-widget-container\">\n\t\t\t\t\t<h2 class=\"elementor-heading-title elementor-size-default\">O hotelu Andaz Prague<\/h2>\t\t\t\t<\/div>\n\t\t\t\t<\/div>\n\t\t\t\t<div class=\"elementor-element elementor-element-d3f7c83 elementor-widget elementor-widget-text-editor\" data-id=\"d3f7c83\" data-element_type=\"widget\" data-e-type=\"widget\" data-widget_type=\"text-editor.default\">\n\t\t\t\t<div class=\"elementor-widget-container\">\n\t\t\t\t\t\t\t\t\t<p class=\"\" data-v-4d192987=\"\" data-v-4a7aac3a=\"\"><a class=\"link_node text_node rw_adf_text_strong\" tabindex=\"0\" href=\"https:\/\/www.hyatt.com\/andaz\/prgaz-andaz-prague\" target=\"_blank\" rel=\"noopener\" data-v-098e4e53=\"\" data-v-816e464e=\"\" data-v-4d192987=\"\" data-ui-id=\"text-link\" data-ui-content=\"Andaz Prague\"><span class=\"inline_text_span\" data-v-098e4e53=\"\">Andaz Prague<\/span><\/a><span class=\"text_node\" data-v-816e464e=\"\" data-v-4d192987=\"\">  je presti\u017en\u00ed p\u011btihv\u011bzdi\u010dkov\u00fd hotel v srdci Star\u00e9ho M\u011bsta pra\u017esk\u00e9ho. Tato luxusn\u00ed lifestylov\u00e1 destinace, kter\u00e1 s\u00eddl\u00ed v ikonick\u00e9m Cukrovarsk\u00e9m pal\u00e1ci, v sob\u011b dokonale spojuje modern\u00ed eleganci s bohat\u00fdm historick\u00fdm kouzlem. Host\u00e9 maj\u00ed k dispozici ikonick\u00e9 pam\u00e1tky a pe\u010dliv\u011b navr\u017een\u00e9 ubytov\u00e1n\u00ed, kter\u00e9 slibuje nezapomenuteln\u00fd pobyt.  <\/span><\/p><p class=\"\" data-v-4d192987=\"\" data-v-4a7aac3a=\"\"><span class=\"text_node\" data-v-816e464e=\"\" data-v-4d192987=\"\">Na\u0161e <\/span><span class=\"text_node rw_adf_text_strong\" data-v-816e464e=\"\" data-v-4d192987=\"\">\u010cesk\u00fd distributor <\/span><a class=\"link_node text_node rw_adf_text_strong\" tabindex=\"0\" href=\"https:\/\/www.avmedia.cz\/en\/solutions\" target=\"_blank\" rel=\"noopener\" data-v-098e4e53=\"\" data-v-816e464e=\"\" data-v-4d192987=\"\" data-ui-id=\"text-link\" data-ui-content=\"AV MEDIA\"><span class=\"inline_text_span\" data-v-098e4e53=\"\">AV MEDIA<\/span><\/a><span class=\"text_node rw_adf_text_strong\" data-v-816e464e=\"\" data-v-4d192987=\"\"> <\/span><span class=\"text_node\" data-v-816e464e=\"\" data-v-4d192987=\"\">se postaral o realizaci projektu.<\/span><\/p>\t\t\t\t\t\t\t\t<\/div>\n\t\t\t\t<\/div>\n\t\t\t\t<\/div>\n\t\t\t\t\t<\/div>\n\t\t\t\t<\/div>\n\t\t<div class=\"elementor-element elementor-element-478777e e-grid e-con-boxed e-con e-child\" data-id=\"478777e\" data-element_type=\"container\" data-e-type=\"container\">\n\t\t\t\t\t<div class=\"e-con-inner\">\n\t\t<div class=\"elementor-element elementor-element-3dff335 e-con-full e-flex e-con e-child\" data-id=\"3dff335\" data-element_type=\"container\" data-e-type=\"container\">\n\t\t\t\t<div class=\"elementor-element elementor-element-55180e5 elementor-widget elementor-widget-heading\" data-id=\"55180e5\" data-element_type=\"widget\" data-e-type=\"widget\" data-widget_type=\"heading.default\">\n\t\t\t\t<div class=\"elementor-widget-container\">\n\t\t\t\t\t<h2 class=\"elementor-heading-title elementor-size-default\">Na\u0161e p\u0159edsevzet\u00ed<\/h2>\t\t\t\t<\/div>\n\t\t\t\t<\/div>\n\t\t\t\t<div class=\"elementor-element elementor-element-e353631 elementor-widget elementor-widget-text-editor\" data-id=\"e353631\" data-element_type=\"widget\" data-e-type=\"widget\" data-widget_type=\"text-editor.default\">\n\t\t\t\t<div class=\"elementor-widget-container\">\n\t\t\t\t\t\t\t\t\t<p class=\"\" data-v-4d192987=\"\" data-v-4a7aac3a=\"\"><span class=\"text_node\" data-v-816e464e=\"\" data-v-4d192987=\"\">Podle <\/span><span class=\"text_node rw_adf_text_strong\" data-v-816e464e=\"\" data-v-4d192987=\"\">integrace <\/span><span class=\"text_node\" data-v-816e464e=\"\" data-v-4d192987=\"\">Andaz Studios 1, 2 a 3 se syst\u00e9mem CUE <\/span><span class=\"text_node rw_adf_text_strong\" data-v-816e464e=\"\" data-v-4d192987=\"\">\u0159\u00eddic\u00edho syst\u00e9mu<\/span><span class=\"text_node\" data-v-816e464e=\"\" data-v-4d192987=\"\">jsme zajistili <\/span><span class=\"text_node rw_adf_text_strong\" data-v-816e464e=\"\" data-v-4d192987=\"\">bezprobl\u00e9mov\u00e9 ovl\u00e1d\u00e1n\u00ed<\/span><span class=\"text_node\" data-v-816e464e=\"\" data-v-4d192987=\"\"> nad str\u00e1nkami <\/span><span class=\"text_node rw_adf_text_strong\" data-v-816e464e=\"\" data-v-4d192987=\"\">audiovizu\u00e1ln\u00ed za\u0159\u00edzen\u00ed<\/span><span class=\"text_node\" data-v-816e464e=\"\" data-v-4d192987=\"\">, <\/span><span class=\"text_node rw_adf_text_strong\" data-v-816e464e=\"\" data-v-4d192987=\"\">osv\u011btlen\u00ed<\/span><span class=\"text_node\" data-v-816e464e=\"\" data-v-4d192987=\"\">a <\/span><span class=\"text_node rw_adf_text_strong\" data-v-816e464e=\"\" data-v-4d192987=\"\">syst\u00e9my HVAC<\/span><span class=\"text_node\" data-v-816e464e=\"\" data-v-4d192987=\"\">.<\/span><\/p><p class=\"\" data-v-4d192987=\"\" data-v-4a7aac3a=\"\"><span class=\"text_node\" data-v-816e464e=\"\" data-v-4d192987=\"\">Tato studia, kter\u00e1 zahrnuj\u00ed a\u017e <\/span><span class=\"text_node rw_adf_text_strong\" data-v-816e464e=\"\" data-v-4d192987=\"\">150 metr\u016f \u010dtvere\u010dn\u00edch<\/span><span class=\"text_node\" data-v-816e464e=\"\" data-v-4d192987=\"\">, jsou nyn\u00ed p\u0159ipraveny k po\u0159\u00e1d\u00e1n\u00ed sch\u016fzek a\u017e pro t\u0159i osoby. <\/span><span class=\"text_node rw_adf_text_strong\" data-v-816e464e=\"\" data-v-4d192987=\"\">140 osob<\/span><span class=\"text_node\" data-v-816e464e=\"\" data-v-4d192987=\"\">.<\/span><\/p><p class=\"\" data-v-4d192987=\"\" data-v-4a7aac3a=\"\"><span class=\"text_node\" data-v-816e464e=\"\" data-v-4d192987=\"\">Na\u0161e <\/span><span class=\"text_node rw_adf_text_strong\" data-v-816e464e=\"\" data-v-4d192987=\"\">kontrola <\/span><span class=\"text_node\" data-v-816e464e=\"\" data-v-4d192987=\"\">\u0159e\u0161en\u00ed <\/span><span class=\"text_node rw_adf_text_strong\" data-v-816e464e=\"\" data-v-4d192987=\"\">je ur\u010deno pro <\/span><span class=\"text_node\" data-v-816e464e=\"\" data-v-4d192987=\"\">na <\/span><span class=\"text_node rw_adf_text_strong\" data-v-816e464e=\"\" data-v-4d192987=\"\">r\u016fznorod\u00e9<\/span><span class=\"text_node\" data-v-816e464e=\"\" data-v-4d192987=\"\"> setk\u00e1n\u00ed <\/span><span class=\"text_node rw_adf_text_strong\" data-v-816e464e=\"\" data-v-4d192987=\"\">pot\u0159eby<\/span><span class=\"text_node\" data-v-816e464e=\"\" data-v-4d192987=\"\">a zaji\u0161\u0165uje <\/span><span class=\"text_node rw_adf_text_strong\" data-v-816e464e=\"\" data-v-4d192987=\"\">hladk\u00fd pr\u016fb\u011bh <\/span><span class=\"text_node\" data-v-816e464e=\"\" data-v-4d192987=\"\">a <\/span><span class=\"text_node rw_adf_text_strong\" data-v-816e464e=\"\" data-v-4d192987=\"\">efektivn\u00ed z\u00e1\u017eitek pro hosty<\/span><span class=\"text_node\" data-v-816e464e=\"\" data-v-4d192987=\"\">.<\/span><\/p>\t\t\t\t\t\t\t\t<\/div>\n\t\t\t\t<\/div>\n\t\t\t\t<\/div>\n\t\t<div class=\"elementor-element elementor-element-e4cb12a e-con-full e-flex e-con e-child\" data-id=\"e4cb12a\" data-element_type=\"container\" data-e-type=\"container\">\n\t\t\t\t<div class=\"elementor-element elementor-element-a4dfcf4 elementor-widget elementor-widget-image\" data-id=\"a4dfcf4\" data-element_type=\"widget\" data-e-type=\"widget\" data-widget_type=\"image.default\">\n\t\t\t\t<div class=\"elementor-widget-container\">\n\t\t\t\t\t\t\t\t\t\t\t\t\t\t\t<img decoding=\"async\" width=\"1024\" height=\"683\" src=\"https:\/\/www.cuesystem.com\/wp-content\/uploads\/2025\/01\/hotel-andaz_10-1024x683.jpeg\" class=\"attachment-large size-large wp-image-28123\" alt=\"\" srcset=\"https:\/\/www.cuesystem.com\/wp-content\/uploads\/2025\/01\/hotel-andaz_10-1024x683.jpeg 1024w, https:\/\/www.cuesystem.com\/wp-content\/uploads\/2025\/01\/hotel-andaz_10-300x200.jpeg 300w, https:\/\/www.cuesystem.com\/wp-content\/uploads\/2025\/01\/hotel-andaz_10.jpeg 1200w\" sizes=\"(max-width: 1024px) 100vw, 1024px\" \/>\t\t\t\t\t\t\t\t\t\t\t\t\t\t\t<\/div>\n\t\t\t\t<\/div>\n\t\t\t\t<\/div>\n\t\t\t\t\t<\/div>\n\t\t\t\t<\/div>\n\t\t\t\t<div class=\"elementor-element elementor-element-43dc749 elementor-align-center elementor-widget elementor-widget-button\" data-id=\"43dc749\" data-element_type=\"widget\" data-e-type=\"widget\" data-widget_type=\"button.default\">\n\t\t\t\t<div class=\"elementor-widget-container\">\n\t\t\t\t\t\t\t\t\t<div class=\"elementor-button-wrapper\">\n\t\t\t\t\t<a class=\"elementor-button elementor-button-link elementor-size-sm\" href=\"https:\/\/www.youtube.com\/watch?v=7k_PvRa9tmA\" target=\"_blank\">\n\t\t\t\t\t\t<span class=\"elementor-button-content-wrapper\">\n\t\t\t\t\t\t\t\t\t<span class=\"elementor-button-text\">Pod\u00edvejte se na video<\/span>\n\t\t\t\t\t<\/span>\n\t\t\t\t\t<\/a>\n\t\t\t\t<\/div>\n\t\t\t\t\t\t\t\t<\/div>\n\t\t\t\t<\/div>\n\t\t\t\t<\/div>\n\t\t\t\t<\/div>\n\t\t","protected":false},"excerpt":{"rendered":"<p>P\u0159\u00edpadov\u00e1 studie Andaz Prague V\u00fdzva Zajistit pohodln\u00fd a intuitivn\u00ed ovl\u00e1d\u00e1n\u00ed na ovl\u00e1d\u00e1n\u00ed konferen\u010dn\u00edch prostor ve studi\u00edch Andaz 1, 2 a 3 na adrese Andaz Prague Hotel. O hotelu Andaz Prague Andaz Prague je presti\u017en\u00ed p\u011btihv\u011bzdi\u010dkov\u00fd hotel v srdci Star\u00e9ho M\u011bsta pra\u017esk\u00e9ho. Tato luxusn\u00ed lifestylov\u00e1 destinace, kter\u00e1 s\u00eddl\u00ed v ikonick\u00e9m Cukrovarsk\u00e9m pal\u00e1ci, v sob\u011b dokonale spojuje <a href=\"https:\/\/www.cuesystem.com\/cs\/pripadove-studie\/andaz-prague\/\" class=\"more-link\">&#8230;<span class=\"screen-reader-text\">  Andaz Prague<\/span><\/a><\/p>\n","protected":false},"author":3,"featured_media":0,"parent":29856,"menu_order":268,"comment_status":"closed","ping_status":"closed","template":"","meta":{"_acf_changed":false,"inline_featured_image":false,"footnotes":""},"kategorie":[],"class_list":["post-29878","page","type-page","status-publish","hentry"],"acf":[],"_links":{"self":[{"href":"https:\/\/www.cuesystem.com\/cs\/wp-json\/wp\/v2\/pages\/29878","targetHints":{"allow":["GET"]}}],"collection":[{"href":"https:\/\/www.cuesystem.com\/cs\/wp-json\/wp\/v2\/pages"}],"about":[{"href":"https:\/\/www.cuesystem.com\/cs\/wp-json\/wp\/v2\/types\/page"}],"author":[{"embeddable":true,"href":"https:\/\/www.cuesystem.com\/cs\/wp-json\/wp\/v2\/users\/3"}],"replies":[{"embeddable":true,"href":"https:\/\/www.cuesystem.com\/cs\/wp-json\/wp\/v2\/comments?post=29878"}],"version-history":[{"count":1,"href":"https:\/\/www.cuesystem.com\/cs\/wp-json\/wp\/v2\/pages\/29878\/revisions"}],"predecessor-version":[{"id":29879,"href":"https:\/\/www.cuesystem.com\/cs\/wp-json\/wp\/v2\/pages\/29878\/revisions\/29879"}],"up":[{"embeddable":true,"href":"https:\/\/www.cuesystem.com\/cs\/wp-json\/wp\/v2\/pages\/29856"}],"wp:attachment":[{"href":"https:\/\/www.cuesystem.com\/cs\/wp-json\/wp\/v2\/media?parent=29878"}],"wp:term":[{"taxonomy":"kategorie","embeddable":true,"href":"https:\/\/www.cuesystem.com\/cs\/wp-json\/wp\/v2\/kategorie?post=29878"}],"curies":[{"name":"wp","href":"https:\/\/api.w.org\/{rel}","templated":true}]}}