{"id":29880,"date":"2025-03-05T20:45:58","date_gmt":"2025-03-05T19:45:58","guid":{"rendered":"https:\/\/www.cuesystem.com\/pripadove-studie\/univerzita-rey-juan-carlos\/"},"modified":"2025-04-22T09:20:33","modified_gmt":"2025-04-22T07:20:33","slug":"univerzita-rey-juan-carlos","status":"publish","type":"page","link":"https:\/\/www.cuesystem.com\/cs\/pripadove-studie\/univerzita-rey-juan-carlos\/","title":{"rendered":"Univerzita Rey Juan Carlos"},"content":{"rendered":"\t\t<div data-elementor-type=\"wp-page\" data-elementor-id=\"29880\" class=\"elementor elementor-29880 elementor-28877\" data-elementor-post-type=\"page\">\n\t\t\t\t<div class=\"elementor-element elementor-element-1948560 e-con-full e-flex e-con e-child\" data-id=\"1948560\" data-element_type=\"container\" data-e-type=\"container\">\n\t\t\t\t<div class=\"elementor-element elementor-element-633fc92 elementor-widget elementor-widget-heading\" data-id=\"633fc92\" data-element_type=\"widget\" data-e-type=\"widget\" data-widget_type=\"heading.default\">\n\t\t\t\t<div class=\"elementor-widget-container\">\n\t\t\t\t\t<h3 class=\"elementor-heading-title elementor-size-default\">P\u0159\u00edpadov\u00e1 studie<\/h3>\t\t\t\t<\/div>\n\t\t\t\t<\/div>\n\t\t\t\t<div class=\"elementor-element elementor-element-1b5860c elementor-widget elementor-widget-heading\" data-id=\"1b5860c\" data-element_type=\"widget\" data-e-type=\"widget\" data-widget_type=\"heading.default\">\n\t\t\t\t<div class=\"elementor-widget-container\">\n\t\t\t\t\t<h1 class=\"elementor-heading-title elementor-size-default\">Univerzita Rey Juan Carlos\n\n<\/h1>\t\t\t\t<\/div>\n\t\t\t\t<\/div>\n\t\t\t\t<div class=\"elementor-element elementor-element-9240b5d elementor-widget-divider--view-line elementor-widget elementor-widget-divider\" data-id=\"9240b5d\" data-element_type=\"widget\" data-e-type=\"widget\" data-widget_type=\"divider.default\">\n\t\t\t\t<div class=\"elementor-widget-container\">\n\t\t\t\t\t\t\t<div class=\"elementor-divider\">\n\t\t\t<span class=\"elementor-divider-separator\">\n\t\t\t\t\t\t<\/span>\n\t\t<\/div>\n\t\t\t\t\t\t<\/div>\n\t\t\t\t<\/div>\n\t\t<div class=\"elementor-element elementor-element-b6a48a7 e-grid e-con-boxed e-con e-child\" data-id=\"b6a48a7\" data-element_type=\"container\" data-e-type=\"container\">\n\t\t\t\t\t<div class=\"e-con-inner\">\n\t\t<div class=\"elementor-element elementor-element-0a013a5 e-con-full e-flex e-con e-child\" data-id=\"0a013a5\" data-element_type=\"container\" data-e-type=\"container\">\n\t\t\t\t<div class=\"elementor-element elementor-element-4ccf59e elementor-widget elementor-widget-heading\" data-id=\"4ccf59e\" data-element_type=\"widget\" data-e-type=\"widget\" data-widget_type=\"heading.default\">\n\t\t\t\t<div class=\"elementor-widget-container\">\n\t\t\t\t\t<h2 class=\"elementor-heading-title elementor-size-default\">V\u00fdzva<\/h2>\t\t\t\t<\/div>\n\t\t\t\t<\/div>\n\t\t\t\t<div class=\"elementor-element elementor-element-8072f98 elementor-widget elementor-widget-text-editor\" data-id=\"8072f98\" data-element_type=\"widget\" data-e-type=\"widget\" data-widget_type=\"text-editor.default\">\n\t\t\t\t<div class=\"elementor-widget-container\">\n\t\t\t\t\t\t\t\t\t<p><a href=\"https:\/\/en.urjc.es\/\" target=\"_blank\" rel=\"noopener\">Univerzita Rey Juan Carlos<\/a> (URJC) zah\u00e1jila <strong>ambici\u00f3zn\u00ed projekt<\/strong> <strong>modernizace<\/strong><strong> audiovizu\u00e1ln\u00edch syst\u00e9m\u016f<\/strong> ve v\u0161ech sv\u00fdch kampusech. Vzhledem k tomu, \u017ee <strong>400 u\u010deben<\/strong> vy\u017eaduje <strong>bezprobl\u00e9mov\u00e9 ovl\u00e1d\u00e1n\u00ed mnoha AV technologi\u00ed &#8211; projektor\u016f<\/strong>, monitor\u016f, DSP, kamer, mikrofon\u016f a nahr\u00e1vac\u00edho softwaru &#8211; byl \u00fakol jasn\u00fd: integrovat <strong>spolehliv\u00e9<\/strong> a <strong>snadno pou\u017eiteln\u00e9 \u0159e\u0161en\u00ed,<\/strong> kter\u00e9 by pedagog\u016fm <strong>zjednodu\u0161ilo provoz<\/strong> a z\u00e1rove\u0148 <strong>minimalizovalo n\u00e1roky na \u00fadr\u017ebu<\/strong>. <\/p>\t\t\t\t\t\t\t\t<\/div>\n\t\t\t\t<\/div>\n\t\t\t\t<\/div>\n\t\t<div class=\"elementor-element elementor-element-5c84132 e-con-full e-flex e-con e-child\" data-id=\"5c84132\" data-element_type=\"container\" data-e-type=\"container\">\n\t\t\t\t<div class=\"elementor-element elementor-element-98d81a8 elementor-widget elementor-widget-image\" data-id=\"98d81a8\" data-element_type=\"widget\" data-e-type=\"widget\" data-widget_type=\"image.default\">\n\t\t\t\t<div class=\"elementor-widget-container\">\n\t\t\t\t\t\t\t\t\t\t\t\t\t\t\t<img fetchpriority=\"high\" decoding=\"async\" width=\"1024\" height=\"427\" src=\"https:\/\/www.cuesystem.com\/wp-content\/uploads\/2025\/03\/cue-urjc-1024x427.jpg\" class=\"attachment-large size-large wp-image-28889\" alt=\"\" srcset=\"https:\/\/www.cuesystem.com\/wp-content\/uploads\/2025\/03\/cue-urjc-1024x427.jpg 1024w, https:\/\/www.cuesystem.com\/wp-content\/uploads\/2025\/03\/cue-urjc-300x125.jpg 300w, https:\/\/www.cuesystem.com\/wp-content\/uploads\/2025\/03\/cue-urjc.jpg 1200w\" sizes=\"(max-width: 1024px) 100vw, 1024px\" \/>\t\t\t\t\t\t\t\t\t\t\t\t\t\t\t<\/div>\n\t\t\t\t<\/div>\n\t\t\t\t<div class=\"elementor-element elementor-element-1bd681a elementor-widget elementor-widget-image\" data-id=\"1bd681a\" data-element_type=\"widget\" data-e-type=\"widget\" data-widget_type=\"image.default\">\n\t\t\t\t<div class=\"elementor-widget-container\">\n\t\t\t\t\t\t\t\t\t\t\t\t\t\t\t<img decoding=\"async\" src=\"https:\/\/www.cuesystem.com\/wp-content\/uploads\/2025\/03\/Snimek-obrazovky-2025-03-04-160944.png\" title=\"\" alt=\"\" loading=\"lazy\" \/>\t\t\t\t\t\t\t\t\t\t\t\t\t\t\t<\/div>\n\t\t\t\t<\/div>\n\t\t\t\t<\/div>\n\t\t\t\t\t<\/div>\n\t\t\t\t<\/div>\n\t\t<div class=\"elementor-element elementor-element-046d4b8 e-grid e-con-boxed e-con e-child\" data-id=\"046d4b8\" data-element_type=\"container\" data-e-type=\"container\">\n\t\t\t\t\t<div class=\"e-con-inner\">\n\t\t<div class=\"elementor-element elementor-element-ccabdca e-con-full e-flex e-con e-child\" data-id=\"ccabdca\" data-element_type=\"container\" data-e-type=\"container\">\n\t\t\t\t<div class=\"elementor-element elementor-element-52bef73 elementor-widget elementor-widget-image\" data-id=\"52bef73\" data-element_type=\"widget\" data-e-type=\"widget\" data-widget_type=\"image.default\">\n\t\t\t\t<div class=\"elementor-widget-container\">\n\t\t\t\t\t\t\t\t\t\t\t\t\t\t\t<img decoding=\"async\" width=\"350\" height=\"250\" src=\"https:\/\/www.cuesystem.com\/wp-content\/uploads\/2025\/03\/urjc-logo.png\" class=\"attachment-large size-large wp-image-28897\" alt=\"\" srcset=\"https:\/\/www.cuesystem.com\/wp-content\/uploads\/2025\/03\/urjc-logo.png 350w, https:\/\/www.cuesystem.com\/wp-content\/uploads\/2025\/03\/urjc-logo-300x214.png 300w\" sizes=\"(max-width: 350px) 100vw, 350px\" \/>\t\t\t\t\t\t\t\t\t\t\t\t\t\t\t<\/div>\n\t\t\t\t<\/div>\n\t\t\t\t<div class=\"elementor-element elementor-element-24ed44b elementor-widget elementor-widget-image\" data-id=\"24ed44b\" data-element_type=\"widget\" data-e-type=\"widget\" data-widget_type=\"image.default\">\n\t\t\t\t<div class=\"elementor-widget-container\">\n\t\t\t\t\t\t\t\t\t\t\t\t\t\t\t<img decoding=\"async\" width=\"1024\" height=\"479\" src=\"https:\/\/www.cuesystem.com\/wp-content\/uploads\/2025\/03\/Universidad-Rey-Juan-Carlos-picture-Erasmus-in-Barcelona-1024x479-1.jpg\" class=\"attachment-large size-large wp-image-28903\" alt=\"\" srcset=\"https:\/\/www.cuesystem.com\/wp-content\/uploads\/2025\/03\/Universidad-Rey-Juan-Carlos-picture-Erasmus-in-Barcelona-1024x479-1.jpg 1024w, https:\/\/www.cuesystem.com\/wp-content\/uploads\/2025\/03\/Universidad-Rey-Juan-Carlos-picture-Erasmus-in-Barcelona-1024x479-1-300x140.jpg 300w\" sizes=\"(max-width: 1024px) 100vw, 1024px\" \/>\t\t\t\t\t\t\t\t\t\t\t\t\t\t\t<\/div>\n\t\t\t\t<\/div>\n\t\t\t\t<\/div>\n\t\t<div class=\"elementor-element elementor-element-2989df6 e-con-full e-flex e-con e-child\" data-id=\"2989df6\" data-element_type=\"container\" data-e-type=\"container\">\n\t\t\t\t<div class=\"elementor-element elementor-element-fc63230 elementor-widget elementor-widget-heading\" data-id=\"fc63230\" data-element_type=\"widget\" data-e-type=\"widget\" data-widget_type=\"heading.default\">\n\t\t\t\t<div class=\"elementor-widget-container\">\n\t\t\t\t\t<h2 class=\"elementor-heading-title elementor-size-default\">O univerzit\u011b<\/h2>\t\t\t\t<\/div>\n\t\t\t\t<\/div>\n\t\t\t\t<div class=\"elementor-element elementor-element-5801d51 elementor-widget elementor-widget-text-editor\" data-id=\"5801d51\" data-element_type=\"widget\" data-e-type=\"widget\" data-widget_type=\"text-editor.default\">\n\t\t\t\t<div class=\"elementor-widget-container\">\n\t\t\t\t\t\t\t\t\t<p><a href=\"https:\/\/en.urjc.es\/\" target=\"_blank\" rel=\"noopener\">URJC<\/a> je jednou z <strong>nejv\u011bt\u0161\u00edch \u0161pan\u011blsk\u00fdch ve\u0159ejn\u00fdch vysok\u00fdch \u0161kol,<\/strong> na <strong>kter\u00e9<\/strong> <strong>studuje<\/strong> v\u00edce ne\u017e <strong>45 000 student\u016f<\/strong> v <strong>n\u011bkolika kampusech<\/strong>. Jako modern\u00ed instituce usiluj\u00edc\u00ed o technologick\u00fd pokrok hledala \u0159\u00eddic\u00ed syst\u00e9m, kter\u00fd by zajistil <strong>bezprobl\u00e9movou spr\u00e1vu AV<\/strong> a z\u00e1rove\u0148 <strong>dlouhodobou spolehlivost<\/strong>. <\/p>\n<p>O realizaci projektu se postaral n\u00e1\u0161 <strong>\u0161pan\u011blsk\u00fd partner<\/strong> <a href=\"https:\/\/avitvision.es\/en\/\" target=\"_blank\" rel=\"noopener\">AVIT VISION<\/a>.<\/p>\t\t\t\t\t\t\t\t<\/div>\n\t\t\t\t<\/div>\n\t\t\t\t<\/div>\n\t\t\t\t\t<\/div>\n\t\t\t\t<\/div>\n\t\t<div class=\"elementor-element elementor-element-1317a76 e-grid e-con-boxed e-con e-child\" data-id=\"1317a76\" data-element_type=\"container\" data-e-type=\"container\">\n\t\t\t\t\t<div class=\"e-con-inner\">\n\t\t<div class=\"elementor-element elementor-element-ecaa5d4 e-con-full e-flex e-con e-child\" data-id=\"ecaa5d4\" data-element_type=\"container\" data-e-type=\"container\">\n\t\t\t\t<div class=\"elementor-element elementor-element-b28df69 elementor-widget elementor-widget-heading\" data-id=\"b28df69\" data-element_type=\"widget\" data-e-type=\"widget\" data-widget_type=\"heading.default\">\n\t\t\t\t<div class=\"elementor-widget-container\">\n\t\t\t\t\t<h2 class=\"elementor-heading-title elementor-size-default\">Cesta<\/h2>\t\t\t\t<\/div>\n\t\t\t\t<\/div>\n\t\t\t\t<div class=\"elementor-element elementor-element-f85a394 elementor-widget elementor-widget-text-editor\" data-id=\"f85a394\" data-element_type=\"widget\" data-e-type=\"widget\" data-widget_type=\"text-editor.default\">\n\t\t\t\t<div class=\"elementor-widget-container\">\n\t\t\t\t\t\t\t\t\t<p>Projekt zahrnoval n\u011bkolik f\u00e1z\u00ed <strong>od roku 2021 do roku 2024<\/strong>. Ka\u017ed\u00fd rok bylo modernizov\u00e1no p\u0159ibli\u017en\u011b 100 u\u010deben, do kter\u00fdch byl integrov\u00e1n panel <a href=\"https:\/\/docs.cuesystem.com\/space\/PRODUCTS\/482934790\" target=\"_blank\" rel=\"noopener\">touchCUE-7<\/a> spole\u010dnosti CUE &#8211;<strong>robustn\u00ed, univerz\u00e1ln\u00ed \u0159e\u0161en\u00ed<\/strong> kombinuj\u00edc\u00ed <strong>dotykov\u00e9 rozhran\u00ed s integrovan\u00fdm IP ovlada\u010dem<\/strong>. T\u00edm se minimalizoval po\u010det za\u0159\u00edzen\u00ed v ka\u017ed\u00e9 u\u010debn\u011b, co\u017e sn\u00ed\u017eilo slo\u017eitost, spot\u0159ebu energie a potenci\u00e1ln\u00ed m\u00edsta v\u00fdpadku.  <\/p>\n<p>Krom\u011b hardwaru vyvinula <a href=\"https:\/\/avitvision.es\/en\/\" target=\"_blank\" rel=\"noopener\">spole\u010dnost AVIT VISION<\/a> vlastn\u00ed software pomoc\u00ed n\u00e1stroje <a href=\"https:\/\/docs.cuesystem.com\/space\/PRODUCTS\/491061541\" target=\"_blank\" rel=\"noopener\">CUE Visual Composer<\/a>, kter\u00fd <strong>zjednodu\u0161uje<\/strong> <strong>nastaven\u00ed<\/strong> u\u010debny a umo\u017e\u0148uje<strong> vzd\u00e1len\u00e9 monitorov\u00e1n\u00ed<\/strong>. Syst\u00e9m <strong>automaticky<\/strong> p\u0159i\u0159azuje \u0159\u00eddic\u00ed IP adresy, stahuje konfigurace a poskytuje anal\u00fdzy v re\u00e1ln\u00e9m \u010dase, \u010d\u00edm\u017e pom\u00e1h\u00e1 technick\u00e9mu t\u00fdmu <a href=\"https:\/\/en.urjc.es\/\" target=\"_blank\" rel=\"noopener\">URJC<\/a>p\u0159edv\u00eddat probl\u00e9my d\u0159\u00edve, ne\u017e nastanou. <\/p>\t\t\t\t\t\t\t\t<\/div>\n\t\t\t\t<\/div>\n\t\t\t\t<\/div>\n\t\t\t\t\t<\/div>\n\t\t\t\t<\/div>\n\t\t<div class=\"elementor-element elementor-element-9fead1c e-grid e-con-boxed e-con e-child\" data-id=\"9fead1c\" data-element_type=\"container\" data-e-type=\"container\">\n\t\t\t\t\t<div class=\"e-con-inner\">\n\t\t<div class=\"elementor-element elementor-element-86f387c e-con-full e-flex e-con e-child\" data-id=\"86f387c\" data-element_type=\"container\" data-e-type=\"container\">\n\t\t\t\t<div class=\"elementor-element elementor-element-b9c1cfa elementor-widget elementor-widget-heading\" data-id=\"b9c1cfa\" data-element_type=\"widget\" data-e-type=\"widget\" data-widget_type=\"heading.default\">\n\t\t\t\t<div class=\"elementor-widget-container\">\n\t\t\t\t\t<h2 class=\"elementor-heading-title elementor-size-default\">Na\u0161e p\u0159edsevzet\u00ed<\/h2>\t\t\t\t<\/div>\n\t\t\t\t<\/div>\n\t\t\t\t<div class=\"elementor-element elementor-element-432be3a elementor-widget elementor-widget-text-editor\" data-id=\"432be3a\" data-element_type=\"widget\" data-e-type=\"widget\" data-widget_type=\"text-editor.default\">\n\t\t\t\t<div class=\"elementor-widget-container\">\n\t\t\t\t\t\t\t\t\t<p>Zaveden\u00edm \u0159\u00eddic\u00edho \u0159e\u0161en\u00ed spole\u010dnosti <strong>CUE<\/strong>dos\u00e1hla <a href=\"https:\/\/en.urjc.es\/\" target=\"_blank\" rel=\"noopener\">spole\u010dnost URJC<\/a>:<\/p>\n<ul>\n<li><span style=\"text-align: var(--text-align); color: var( --e-global-color-primary ); font-family: var( --e-global-typography-primary-font-family ), Sans-serif; font-size: var( --e-global-typography-primary-font-size ); font-weight: var( --e-global-typography-primary-font-weight );\"><strong>Zjednodu\u0161en\u00e9 ovl\u00e1d\u00e1n\u00ed AV<\/strong> &#8211; intuitivn\u00ed rozhran\u00ed pro pedagogy<\/span><\/li>\n<li><strong>Ni\u017e\u0161\u00ed n\u00e1klady na \u00fadr\u017ebu<\/strong> &#8211; centralizovan\u00e9 monitorov\u00e1n\u00ed a automatick\u00e9 aktualizace<\/li>\n<li><strong>\u0160k\u00e1lovatelnost a spolehlivost<\/strong> &#8211; 400 bezprobl\u00e9mov\u011b vybaven\u00fdch u\u010deben<\/li>\n<li><strong>Nulov\u00e1 poruchovost syst\u00e9mu<\/strong> &#8211; touchCUE-7 si od sv\u00e9ho nasazen\u00ed udr\u017euje <strong>100% spolehlivost<\/strong>.<\/li>\n<\/ul>\n<p>Tato <strong>rozs\u00e1hl\u00e1 transformace<\/strong> zaji\u0161\u0165uje, \u017ee u\u010debny <a href=\"https:\/\/en.urjc.es\/\" target=\"_blank\" rel=\"noopener\">URJC<\/a>z\u016fstanou na <strong>\u0161pici digit\u00e1ln\u00edho vzd\u011bl\u00e1v\u00e1n\u00ed<\/strong> a umo\u017en\u00ed vyu\u010duj\u00edc\u00edm i student\u016fm vyu\u017e\u00edvat <em><strong>nejmodern\u011bj\u0161\u00ed a u\u017eivatelsky p\u0159\u00edv\u011btivou technologi\u00ed<\/strong><\/em>.<\/p>\t\t\t\t\t\t\t\t<\/div>\n\t\t\t\t<\/div>\n\t\t\t\t<\/div>\n\t\t<div class=\"elementor-element elementor-element-61bfa88 e-con-full e-flex e-con e-child\" data-id=\"61bfa88\" data-element_type=\"container\" data-e-type=\"container\">\n\t\t\t\t<div class=\"elementor-element elementor-element-a511e27 elementor-widget elementor-widget-image\" data-id=\"a511e27\" data-element_type=\"widget\" data-e-type=\"widget\" data-widget_type=\"image.default\">\n\t\t\t\t<div class=\"elementor-widget-container\">\n\t\t\t\t\t\t\t\t\t\t\t\t\t\t\t<img loading=\"lazy\" decoding=\"async\" width=\"1024\" height=\"573\" src=\"https:\/\/www.cuesystem.com\/wp-content\/uploads\/2025\/03\/Snimek-obrazovky-2025-03-04-161014-1024x573.png\" class=\"attachment-large size-large wp-image-28920\" alt=\"\" srcset=\"https:\/\/www.cuesystem.com\/wp-content\/uploads\/2025\/03\/Snimek-obrazovky-2025-03-04-161014-1024x573.png 1024w, https:\/\/www.cuesystem.com\/wp-content\/uploads\/2025\/03\/Snimek-obrazovky-2025-03-04-161014-300x168.png 300w, https:\/\/www.cuesystem.com\/wp-content\/uploads\/2025\/03\/Snimek-obrazovky-2025-03-04-161014.png 1496w\" sizes=\"(max-width: 1024px) 100vw, 1024px\" \/>\t\t\t\t\t\t\t\t\t\t\t\t\t\t\t<\/div>\n\t\t\t\t<\/div>\n\t\t\t\t<div class=\"elementor-element elementor-element-43f4030 elementor-widget elementor-widget-image\" data-id=\"43f4030\" data-element_type=\"widget\" data-e-type=\"widget\" data-widget_type=\"image.default\">\n\t\t\t\t<div class=\"elementor-widget-container\">\n\t\t\t\t\t\t\t\t\t\t\t\t\t\t\t<img loading=\"lazy\" decoding=\"async\" width=\"1024\" height=\"607\" src=\"https:\/\/www.cuesystem.com\/wp-content\/uploads\/2025\/03\/Snimek-obrazovky-2025-03-04-160915-1024x607.png\" class=\"attachment-large size-large wp-image-28915\" alt=\"\" srcset=\"https:\/\/www.cuesystem.com\/wp-content\/uploads\/2025\/03\/Snimek-obrazovky-2025-03-04-160915-1024x607.png 1024w, https:\/\/www.cuesystem.com\/wp-content\/uploads\/2025\/03\/Snimek-obrazovky-2025-03-04-160915-300x178.png 300w, https:\/\/www.cuesystem.com\/wp-content\/uploads\/2025\/03\/Snimek-obrazovky-2025-03-04-160915.png 1495w\" sizes=\"(max-width: 1024px) 100vw, 1024px\" \/>\t\t\t\t\t\t\t\t\t\t\t\t\t\t\t<\/div>\n\t\t\t\t<\/div>\n\t\t\t\t<\/div>\n\t\t\t\t\t<\/div>\n\t\t\t\t<\/div>\n\t\t\t\t<\/div>\n\t\t<div class=\"elementor-element elementor-element-787e4eb e-flex e-con-boxed e-con e-parent\" data-id=\"787e4eb\" data-element_type=\"container\" data-e-type=\"container\">\n\t\t\t\t\t<div class=\"e-con-inner\">\n\t\t\t\t<div class=\"elementor-element elementor-element-66bf7b1 elementor-widget elementor-widget-heading\" data-id=\"66bf7b1\" data-element_type=\"widget\" data-e-type=\"widget\" data-widget_type=\"heading.default\">\n\t\t\t\t<div class=\"elementor-widget-container\">\n\t\t\t\t\t<h2 class=\"elementor-heading-title elementor-size-default\">V\u00edce o tomto projektu - AVIT VISION<\/h2>\t\t\t\t<\/div>\n\t\t\t\t<\/div>\n\t\t<div class=\"elementor-element elementor-element-0062203 e-grid e-con-full e-con e-child\" data-id=\"0062203\" data-element_type=\"container\" data-e-type=\"container\">\n\t\t<div class=\"elementor-element elementor-element-3d0436b e-con-full e-flex e-con e-child\" data-id=\"3d0436b\" data-element_type=\"container\" data-e-type=\"container\">\n\t\t\t\t<\/div>\n\t\t<div class=\"elementor-element elementor-element-9546875 e-con-full e-flex e-con e-child\" data-id=\"9546875\" data-element_type=\"container\" data-e-type=\"container\">\n\t\t\t\t<div class=\"elementor-element elementor-element-9ddddc6 elementor-align-center elementor-widget elementor-widget-button\" data-id=\"9ddddc6\" data-element_type=\"widget\" data-e-type=\"widget\" data-widget_type=\"button.default\">\n\t\t\t\t<div class=\"elementor-widget-container\">\n\t\t\t\t\t\t\t\t\t<div class=\"elementor-button-wrapper\">\n\t\t\t\t\t<a class=\"elementor-button elementor-button-link elementor-size-sm\" href=\"https:\/\/blog.avitvision.es\/cue-urjc\/\" target=\"_blank\">\n\t\t\t\t\t\t<span class=\"elementor-button-content-wrapper\">\n\t\t\t\t\t\t<span class=\"elementor-button-icon\">\n\t\t\t\t<svg aria-hidden=\"true\" class=\"e-font-icon-svg e-fas-external-link-alt\" viewBox=\"0 0 512 512\" xmlns=\"http:\/\/www.w3.org\/2000\/svg\"><path d=\"M432,320H400a16,16,0,0,0-16,16V448H64V128H208a16,16,0,0,0,16-16V80a16,16,0,0,0-16-16H48A48,48,0,0,0,0,112V464a48,48,0,0,0,48,48H400a48,48,0,0,0,48-48V336A16,16,0,0,0,432,320ZM488,0h-128c-21.37,0-32.05,25.91-17,41l35.73,35.73L135,320.37a24,24,0,0,0,0,34L157.67,377a24,24,0,0,0,34,0L435.28,133.32,471,169c15,15,41,4.5,41-17V24A24,24,0,0,0,488,0Z\"><\/path><\/svg>\t\t\t<\/span>\n\t\t\t\t\t\t\t\t\t<span class=\"elementor-button-text\">Zjist\u011bte v\u00edce<\/span>\n\t\t\t\t\t<\/span>\n\t\t\t\t\t<\/a>\n\t\t\t\t<\/div>\n\t\t\t\t\t\t\t\t<\/div>\n\t\t\t\t<\/div>\n\t\t\t\t<\/div>\n\t\t<div class=\"elementor-element elementor-element-2502065 e-con-full e-flex e-con e-child\" data-id=\"2502065\" data-element_type=\"container\" data-e-type=\"container\">\n\t\t\t\t<\/div>\n\t\t\t\t<\/div>\n\t\t\t\t\t<\/div>\n\t\t\t\t<\/div>\n\t\t\t\t<\/div>\n\t\t","protected":false},"excerpt":{"rendered":"<p>P\u0159\u00edpadov\u00e1 studie Univerzita Rey Juan Carlos V\u00fdzva Univerzita Rey Juan Carlos (URJC) zah\u00e1jila ambici\u00f3zn\u00ed projekt modernizace audiovizu\u00e1ln\u00edch syst\u00e9m\u016f ve v\u0161ech sv\u00fdch kampusech. Vzhledem k tomu, \u017ee 400 u\u010deben vy\u017eaduje bezprobl\u00e9mov\u00e9 ovl\u00e1d\u00e1n\u00ed mnoha AV technologi\u00ed &#8211; projektor\u016f, monitor\u016f, DSP, kamer, mikrofon\u016f a nahr\u00e1vac\u00edho softwaru &#8211; byl \u00fakol jasn\u00fd: integrovat spolehliv\u00e9 a snadno pou\u017eiteln\u00e9 \u0159e\u0161en\u00ed, kter\u00e9 by <a href=\"https:\/\/www.cuesystem.com\/cs\/pripadove-studie\/univerzita-rey-juan-carlos\/\" class=\"more-link\">&#8230;<span class=\"screen-reader-text\">  Univerzita Rey Juan Carlos<\/span><\/a><\/p>\n","protected":false},"author":3,"featured_media":0,"parent":29856,"menu_order":231,"comment_status":"closed","ping_status":"closed","template":"","meta":{"_acf_changed":false,"inline_featured_image":false,"footnotes":""},"kategorie":[],"class_list":["post-29880","page","type-page","status-publish","hentry"],"acf":[],"_links":{"self":[{"href":"https:\/\/www.cuesystem.com\/cs\/wp-json\/wp\/v2\/pages\/29880","targetHints":{"allow":["GET"]}}],"collection":[{"href":"https:\/\/www.cuesystem.com\/cs\/wp-json\/wp\/v2\/pages"}],"about":[{"href":"https:\/\/www.cuesystem.com\/cs\/wp-json\/wp\/v2\/types\/page"}],"author":[{"embeddable":true,"href":"https:\/\/www.cuesystem.com\/cs\/wp-json\/wp\/v2\/users\/3"}],"replies":[{"embeddable":true,"href":"https:\/\/www.cuesystem.com\/cs\/wp-json\/wp\/v2\/comments?post=29880"}],"version-history":[{"count":1,"href":"https:\/\/www.cuesystem.com\/cs\/wp-json\/wp\/v2\/pages\/29880\/revisions"}],"predecessor-version":[{"id":29881,"href":"https:\/\/www.cuesystem.com\/cs\/wp-json\/wp\/v2\/pages\/29880\/revisions\/29881"}],"up":[{"embeddable":true,"href":"https:\/\/www.cuesystem.com\/cs\/wp-json\/wp\/v2\/pages\/29856"}],"wp:attachment":[{"href":"https:\/\/www.cuesystem.com\/cs\/wp-json\/wp\/v2\/media?parent=29880"}],"wp:term":[{"taxonomy":"kategorie","embeddable":true,"href":"https:\/\/www.cuesystem.com\/cs\/wp-json\/wp\/v2\/kategorie?post=29880"}],"curies":[{"name":"wp","href":"https:\/\/api.w.org\/{rel}","templated":true}]}}