{"id":29889,"date":"2025-01-29T20:11:20","date_gmt":"2025-01-29T19:11:20","guid":{"rendered":"https:\/\/www.cuesystem.com\/pripadove-studie\/flexigate-pro-letiste-avinor\/"},"modified":"2025-04-22T09:22:22","modified_gmt":"2025-04-22T07:22:22","slug":"flexigate-pro-letiste-avinor","status":"publish","type":"page","link":"https:\/\/www.cuesystem.com\/cs\/pripadove-studie\/flexigate-pro-letiste-avinor\/","title":{"rendered":"FlexiGate pro leti\u0161t\u011b Avinor"},"content":{"rendered":"\t\t<div data-elementor-type=\"wp-page\" data-elementor-id=\"29889\" class=\"elementor elementor-29889 elementor-28230\" data-elementor-post-type=\"page\">\n\t\t\t\t<div class=\"elementor-element elementor-element-a8e4b7f e-con-full e-flex e-con e-child\" data-id=\"a8e4b7f\" data-element_type=\"container\" data-e-type=\"container\">\n\t\t\t\t<div class=\"elementor-element elementor-element-ba86354 elementor-widget elementor-widget-heading\" data-id=\"ba86354\" data-element_type=\"widget\" data-e-type=\"widget\" data-widget_type=\"heading.default\">\n\t\t\t\t<div class=\"elementor-widget-container\">\n\t\t\t\t\t<h3 class=\"elementor-heading-title elementor-size-default\">P\u0159\u00edpadov\u00e1 studie<\/h3>\t\t\t\t<\/div>\n\t\t\t\t<\/div>\n\t\t\t\t<div class=\"elementor-element elementor-element-ee14c40 elementor-widget elementor-widget-heading\" data-id=\"ee14c40\" data-element_type=\"widget\" data-e-type=\"widget\" data-widget_type=\"heading.default\">\n\t\t\t\t<div class=\"elementor-widget-container\">\n\t\t\t\t\t<h1 class=\"elementor-heading-title elementor-size-default\">FlexiGate pro leti\u0161t\u011b Avinor<\/h1>\t\t\t\t<\/div>\n\t\t\t\t<\/div>\n\t\t\t\t<div class=\"elementor-element elementor-element-15ab148 elementor-widget-divider--view-line elementor-widget elementor-widget-divider\" data-id=\"15ab148\" data-element_type=\"widget\" data-e-type=\"widget\" data-widget_type=\"divider.default\">\n\t\t\t\t<div class=\"elementor-widget-container\">\n\t\t\t\t\t\t\t<div class=\"elementor-divider\">\n\t\t\t<span class=\"elementor-divider-separator\">\n\t\t\t\t\t\t<\/span>\n\t\t<\/div>\n\t\t\t\t\t\t<\/div>\n\t\t\t\t<\/div>\n\t\t<div class=\"elementor-element elementor-element-cebe6c6 e-grid e-con-boxed e-con e-child\" data-id=\"cebe6c6\" data-element_type=\"container\" data-e-type=\"container\">\n\t\t\t\t\t<div class=\"e-con-inner\">\n\t\t<div class=\"elementor-element elementor-element-d9b7420 e-con-full e-flex e-con e-child\" data-id=\"d9b7420\" data-element_type=\"container\" data-e-type=\"container\">\n\t\t\t\t<div class=\"elementor-element elementor-element-5d3bac9 elementor-widget elementor-widget-heading\" data-id=\"5d3bac9\" data-element_type=\"widget\" data-e-type=\"widget\" data-widget_type=\"heading.default\">\n\t\t\t\t<div class=\"elementor-widget-container\">\n\t\t\t\t\t<h2 class=\"elementor-heading-title elementor-size-default\">V\u00fdzva<\/h2>\t\t\t\t<\/div>\n\t\t\t\t<\/div>\n\t\t\t\t<div class=\"elementor-element elementor-element-2416f74 elementor-widget elementor-widget-text-editor\" data-id=\"2416f74\" data-element_type=\"widget\" data-e-type=\"widget\" data-widget_type=\"text-editor.default\">\n\t\t\t\t<div class=\"elementor-widget-container\">\n\t\t\t\t\t\t\t\t\t<p class=\"\" data-v-4d192987=\"\" data-v-4a7aac3a=\"\"><span class=\"text_node\" data-v-816e464e=\"\" data-v-4d192987=\"\">Poskytnout <\/span><span class=\"text_node rw_adf_text_strong\" data-v-816e464e=\"\" data-v-4d192987=\"\">automatizace proces\u016f<\/span><span class=\"text_node\" data-v-816e464e=\"\" data-v-4d192987=\"\"> pro <\/span><a class=\"link_node text_node rw_adf_text_strong\" tabindex=\"0\" href=\"https:\/\/avinor.no\/en\/airport\/oslo-airport\/\" target=\"_blank\" rel=\"noopener\" data-v-098e4e53=\"\" data-v-816e464e=\"\" data-v-4d192987=\"\" data-ui-id=\"text-link\" data-ui-content=\"Avinor \"><span class=\"inline_text_span\" data-v-098e4e53=\"\">Avinor <\/span><\/a><span class=\"text_node rw_adf_text_strong\" data-v-816e464e=\"\" data-v-4d192987=\"\">Leti\u0161t\u011b<\/span><span class=\"text_node\" data-v-816e464e=\"\" data-v-4d192987=\"\"> &amp; a <\/span><span class=\"text_node rw_adf_text_strong\" data-v-816e464e=\"\" data-v-4d192987=\"\">inteligentn\u00ed <\/span><span class=\"text_node\" data-v-816e464e=\"\" data-v-4d192987=\"\">a <\/span><span class=\"text_node rw_adf_text_strong\" data-v-816e464e=\"\" data-v-4d192987=\"\">efektivn\u00ed vyu\u017eit\u00ed<\/span><span class=\"text_node\" data-v-816e464e=\"\" data-v-4d192987=\"\"> cel\u00e9ho prostoru, kter\u00fd bude pot\u0159ebovat <\/span><span class=\"text_node rw_adf_text_strong\" data-v-816e464e=\"\" data-v-4d192987=\"\">minim\u00e1ln\u00ed<\/span><span class=\"text_node\" data-v-816e464e=\"\" data-v-4d192987=\"\"> pou\u017eit\u00ed <\/span><span class=\"text_node rw_adf_text_strong\" data-v-816e464e=\"\" data-v-4d192987=\"\">lidsk\u00fdch z\u00e1sah\u016f<\/span><span class=\"text_node\" data-v-816e464e=\"\" data-v-4d192987=\"\">.<\/span><\/p>\t\t\t\t\t\t\t\t<\/div>\n\t\t\t\t<\/div>\n\t\t\t\t<\/div>\n\t\t<div class=\"elementor-element elementor-element-90d239d e-con-full e-flex e-con e-child\" data-id=\"90d239d\" data-element_type=\"container\" data-e-type=\"container\">\n\t\t\t\t<div class=\"elementor-element elementor-element-5936a3d elementor-widget elementor-widget-image\" data-id=\"5936a3d\" data-element_type=\"widget\" data-e-type=\"widget\" data-widget_type=\"image.default\">\n\t\t\t\t<div class=\"elementor-widget-container\">\n\t\t\t\t\t\t\t\t\t\t\t\t\t\t\t<img fetchpriority=\"high\" decoding=\"async\" width=\"1024\" height=\"683\" src=\"https:\/\/www.cuesystem.com\/wp-content\/uploads\/2025\/01\/img_no_oslo_airport_2-1024x683.jpg\" class=\"attachment-large size-large wp-image-28251\" alt=\"\" srcset=\"https:\/\/www.cuesystem.com\/wp-content\/uploads\/2025\/01\/img_no_oslo_airport_2-1024x683.jpg 1024w, https:\/\/www.cuesystem.com\/wp-content\/uploads\/2025\/01\/img_no_oslo_airport_2-300x200.jpg 300w, https:\/\/www.cuesystem.com\/wp-content\/uploads\/2025\/01\/img_no_oslo_airport_2.jpg 1200w\" sizes=\"(max-width: 1024px) 100vw, 1024px\" \/>\t\t\t\t\t\t\t\t\t\t\t\t\t\t\t<\/div>\n\t\t\t\t<\/div>\n\t\t\t\t<\/div>\n\t\t\t\t\t<\/div>\n\t\t\t\t<\/div>\n\t\t<div class=\"elementor-element elementor-element-cc6bf80 e-grid e-con-boxed e-con e-child\" data-id=\"cc6bf80\" data-element_type=\"container\" data-e-type=\"container\">\n\t\t\t\t\t<div class=\"e-con-inner\">\n\t\t<div class=\"elementor-element elementor-element-ea6cccf e-con-full e-flex e-con e-child\" data-id=\"ea6cccf\" data-element_type=\"container\" data-e-type=\"container\">\n\t\t\t\t<div class=\"elementor-element elementor-element-2b69161 elementor-widget elementor-widget-image\" data-id=\"2b69161\" data-element_type=\"widget\" data-e-type=\"widget\" data-widget_type=\"image.default\">\n\t\t\t\t<div class=\"elementor-widget-container\">\n\t\t\t\t\t\t\t\t\t\t\t\t\t\t\t<img decoding=\"async\" width=\"600\" height=\"400\" src=\"https:\/\/www.cuesystem.com\/wp-content\/uploads\/2025\/01\/tb8c9082.jpg\" class=\"attachment-large size-large wp-image-28256\" alt=\"\" srcset=\"https:\/\/www.cuesystem.com\/wp-content\/uploads\/2025\/01\/tb8c9082.jpg 600w, https:\/\/www.cuesystem.com\/wp-content\/uploads\/2025\/01\/tb8c9082-300x200.jpg 300w\" sizes=\"(max-width: 600px) 100vw, 600px\" \/>\t\t\t\t\t\t\t\t\t\t\t\t\t\t\t<\/div>\n\t\t\t\t<\/div>\n\t\t\t\t<\/div>\n\t\t<div class=\"elementor-element elementor-element-33302fe e-con-full e-flex e-con e-child\" data-id=\"33302fe\" data-element_type=\"container\" data-e-type=\"container\">\n\t\t\t\t<div class=\"elementor-element elementor-element-fa67a3c elementor-widget elementor-widget-heading\" data-id=\"fa67a3c\" data-element_type=\"widget\" data-e-type=\"widget\" data-widget_type=\"heading.default\">\n\t\t\t\t<div class=\"elementor-widget-container\">\n\t\t\t\t\t<h2 class=\"elementor-heading-title elementor-size-default\">O spole\u010dnosti Avinor<\/h2>\t\t\t\t<\/div>\n\t\t\t\t<\/div>\n\t\t\t\t<div class=\"elementor-element elementor-element-c9fcf20 elementor-widget elementor-widget-text-editor\" data-id=\"c9fcf20\" data-element_type=\"widget\" data-e-type=\"widget\" data-widget_type=\"text-editor.default\">\n\t\t\t\t<div class=\"elementor-widget-container\">\n\t\t\t\t\t\t\t\t\t<p>Spole\u010dnost Avinor provozuje v\u011bt\u0161inu civiln\u00edch leti\u0161\u0165 v Norsku. V sou\u010dasn\u00e9 dob\u011b je zodpov\u011bdn\u00e1 za 44 st\u00e1tn\u00edch leti\u0161\u0165. <\/p><p>O realizaci projektu se postaral n\u00e1\u0161 norsk\u00fd partner Caverion.<\/p>\t\t\t\t\t\t\t\t<\/div>\n\t\t\t\t<\/div>\n\t\t\t\t<\/div>\n\t\t\t\t\t<\/div>\n\t\t\t\t<\/div>\n\t\t<div class=\"elementor-element elementor-element-07a9946 e-grid e-con-boxed e-con e-child\" data-id=\"07a9946\" data-element_type=\"container\" data-e-type=\"container\">\n\t\t\t\t\t<div class=\"e-con-inner\">\n\t\t<div class=\"elementor-element elementor-element-118ae5b e-con-full e-flex e-con e-child\" data-id=\"118ae5b\" data-element_type=\"container\" data-e-type=\"container\">\n\t\t\t\t<div class=\"elementor-element elementor-element-3bd6ee5 elementor-widget elementor-widget-heading\" data-id=\"3bd6ee5\" data-element_type=\"widget\" data-e-type=\"widget\" data-widget_type=\"heading.default\">\n\t\t\t\t<div class=\"elementor-widget-container\">\n\t\t\t\t\t<h2 class=\"elementor-heading-title elementor-size-default\">Na\u0161e p\u0159edsevzet\u00ed<\/h2>\t\t\t\t<\/div>\n\t\t\t\t<\/div>\n\t\t\t\t<div class=\"elementor-element elementor-element-0a76824 elementor-widget elementor-widget-text-editor\" data-id=\"0a76824\" data-element_type=\"widget\" data-e-type=\"widget\" data-widget_type=\"text-editor.default\">\n\t\t\t\t<div class=\"elementor-widget-container\">\n\t\t\t\t\t\t\t\t\t<p>Inteligentn\u00ed technologie, kter\u00e9 zaji\u0161\u0165uj\u00ed efektivitu, bezpe\u010dnost a vyu\u017eit\u00ed prostoru, maj\u00ed z\u00e1sadn\u00ed v\u00fdznam pro spln\u011bn\u00ed v\u00fdzev neust\u00e1le se rozv\u00edjej\u00edc\u00edho sv\u011bta letectv\u00ed. Proto vzniklo automatizovan\u00e9 \u0159e\u0161en\u00ed Flexigate! <\/p><p>S pomoc\u00ed na\u0161ich dotykov\u00fdch panel\u016f p\u0159i\u0161la <a href=\"https:\/\/www.caverion.com\/\" target=\"_blank\" rel=\"noopener\">spole\u010dnost Caverion<\/a> s bezpe\u010dn\u00fdm a velmi logick\u00fdm vzorcem, kter\u00fd usnadn\u00ed procesy a u\u0161et\u0159\u00ed spoustu drahocenn\u00e9ho \u010dasu!<\/p><p>Flexigate umo\u017e\u0148uje pou\u017e\u00edvat stejn\u00e9 br\u00e1ny pro vnitrost\u00e1tn\u00ed i mezin\u00e1rodn\u00ed leteckou dopravu. To v\u0161e s minim\u00e1ln\u00edmi n\u00e1roky na obsluhu br\u00e1ny a s maxim\u00e1ln\u00edm komfortem pro cestuj\u00edc\u00ed. Flexigate je \u0159e\u0161en\u00edm budoucnosti pro v\u0161echna leti\u0161t\u011b, pro kter\u00e1 je rozhoduj\u00edc\u00ed \u010das, pen\u00edze a chytr\u00e9 vyu\u017eit\u00ed prostoru.  <\/p>\t\t\t\t\t\t\t\t<\/div>\n\t\t\t\t<\/div>\n\t\t\t\t<\/div>\n\t\t<div class=\"elementor-element elementor-element-5c999ed e-con-full e-flex e-con e-child\" data-id=\"5c999ed\" data-element_type=\"container\" data-e-type=\"container\">\n\t\t\t\t<div class=\"elementor-element elementor-element-5ea3cc1 elementor-widget elementor-widget-image\" data-id=\"5ea3cc1\" data-element_type=\"widget\" data-e-type=\"widget\" data-widget_type=\"image.default\">\n\t\t\t\t<div class=\"elementor-widget-container\">\n\t\t\t\t\t\t\t\t\t\t\t\t\t\t\t<img decoding=\"async\" width=\"1024\" height=\"683\" src=\"https:\/\/www.cuesystem.com\/wp-content\/uploads\/2025\/01\/img_no_oslo_airport_23-1024x683.jpg\" class=\"attachment-large size-large wp-image-28261\" alt=\"\" srcset=\"https:\/\/www.cuesystem.com\/wp-content\/uploads\/2025\/01\/img_no_oslo_airport_23-1024x683.jpg 1024w, https:\/\/www.cuesystem.com\/wp-content\/uploads\/2025\/01\/img_no_oslo_airport_23-300x200.jpg 300w, https:\/\/www.cuesystem.com\/wp-content\/uploads\/2025\/01\/img_no_oslo_airport_23.jpg 1200w\" sizes=\"(max-width: 1024px) 100vw, 1024px\" \/>\t\t\t\t\t\t\t\t\t\t\t\t\t\t\t<\/div>\n\t\t\t\t<\/div>\n\t\t\t\t<\/div>\n\t\t\t\t\t<\/div>\n\t\t\t\t<\/div>\n\t\t<div class=\"elementor-element elementor-element-d2d40ba e-grid e-con-boxed e-con e-child\" data-id=\"d2d40ba\" data-element_type=\"container\" data-e-type=\"container\">\n\t\t\t\t\t<div class=\"e-con-inner\">\n\t\t<div class=\"elementor-element elementor-element-eabbccc e-con-full e-flex e-con e-child\" data-id=\"eabbccc\" data-element_type=\"container\" data-e-type=\"container\">\n\t\t\t\t<div class=\"elementor-element elementor-element-edd72fa elementor-widget elementor-widget-video\" data-id=\"edd72fa\" data-element_type=\"widget\" data-e-type=\"widget\" data-settings=\"{&quot;video_type&quot;:&quot;vimeo&quot;}\" data-widget_type=\"video.default\">\n\t\t\t\t<div class=\"elementor-widget-container\">\n\t\t\t\t\t\t\t<div class=\"elementor-wrapper elementor-open-inline\">\n\t\t\t<iframe class=\"elementor-video-iframe\" allowfullscreen allow=\"clipboard-write\" title=\"youtube p\u0159ehr\u00e1va\u010d videa\" src=\"https:\/\/www.youtube.com\/embed\/rh980ScAa2c?feature=oembed&amp;color&amp;autopause=0&amp;loop=0&amp;muted=0&amp;title=1&amp;portrait=1&amp;byline=1\"><\/iframe>\t\t<\/div>\n\t\t\t\t\t\t<\/div>\n\t\t\t\t<\/div>\n\t\t\t\t<\/div>\n\t\t<div class=\"elementor-element elementor-element-17d2fb2 e-con-full e-flex e-con e-child\" data-id=\"17d2fb2\" data-element_type=\"container\" data-e-type=\"container\">\n\t\t\t\t<div class=\"elementor-element elementor-element-dc7bfb9 elementor-widget elementor-widget-heading\" data-id=\"dc7bfb9\" data-element_type=\"widget\" data-e-type=\"widget\" data-widget_type=\"heading.default\">\n\t\t\t\t<div class=\"elementor-widget-container\">\n\t\t\t\t\t<h2 class=\"elementor-heading-title elementor-size-default\">V\u00edce o tomto projektu<\/h2>\t\t\t\t<\/div>\n\t\t\t\t<\/div>\n\t\t\t\t<\/div>\n\t\t\t\t\t<\/div>\n\t\t\t\t<\/div>\n\t\t\t\t<\/div>\n\t\t\t\t<\/div>\n\t\t","protected":false},"excerpt":{"rendered":"<p>P\u0159\u00edpadov\u00e1 studie FlexiGate pro leti\u0161t\u011b Avinor V\u00fdzva Poskytnout automatizace proces\u016f pro Avinor Leti\u0161t\u011b &amp; a inteligentn\u00ed a efektivn\u00ed vyu\u017eit\u00ed cel\u00e9ho prostoru, kter\u00fd bude pot\u0159ebovat minim\u00e1ln\u00ed pou\u017eit\u00ed lidsk\u00fdch z\u00e1sah\u016f. O spole\u010dnosti Avinor Spole\u010dnost Avinor provozuje v\u011bt\u0161inu civiln\u00edch leti\u0161\u0165 v Norsku. V sou\u010dasn\u00e9 dob\u011b je zodpov\u011bdn\u00e1 za 44 st\u00e1tn\u00edch leti\u0161\u0165. O realizaci projektu se postaral n\u00e1\u0161 norsk\u00fd <a href=\"https:\/\/www.cuesystem.com\/cs\/pripadove-studie\/flexigate-pro-letiste-avinor\/\" class=\"more-link\">&#8230;<span class=\"screen-reader-text\">  FlexiGate pro leti\u0161t\u011b Avinor<\/span><\/a><\/p>\n","protected":false},"author":3,"featured_media":0,"parent":29856,"menu_order":251,"comment_status":"closed","ping_status":"closed","template":"","meta":{"_acf_changed":false,"inline_featured_image":false,"footnotes":""},"kategorie":[],"class_list":["post-29889","page","type-page","status-publish","hentry"],"acf":[],"_links":{"self":[{"href":"https:\/\/www.cuesystem.com\/cs\/wp-json\/wp\/v2\/pages\/29889","targetHints":{"allow":["GET"]}}],"collection":[{"href":"https:\/\/www.cuesystem.com\/cs\/wp-json\/wp\/v2\/pages"}],"about":[{"href":"https:\/\/www.cuesystem.com\/cs\/wp-json\/wp\/v2\/types\/page"}],"author":[{"embeddable":true,"href":"https:\/\/www.cuesystem.com\/cs\/wp-json\/wp\/v2\/users\/3"}],"replies":[{"embeddable":true,"href":"https:\/\/www.cuesystem.com\/cs\/wp-json\/wp\/v2\/comments?post=29889"}],"version-history":[{"count":1,"href":"https:\/\/www.cuesystem.com\/cs\/wp-json\/wp\/v2\/pages\/29889\/revisions"}],"predecessor-version":[{"id":29890,"href":"https:\/\/www.cuesystem.com\/cs\/wp-json\/wp\/v2\/pages\/29889\/revisions\/29890"}],"up":[{"embeddable":true,"href":"https:\/\/www.cuesystem.com\/cs\/wp-json\/wp\/v2\/pages\/29856"}],"wp:attachment":[{"href":"https:\/\/www.cuesystem.com\/cs\/wp-json\/wp\/v2\/media?parent=29889"}],"wp:term":[{"taxonomy":"kategorie","embeddable":true,"href":"https:\/\/www.cuesystem.com\/cs\/wp-json\/wp\/v2\/kategorie?post=29889"}],"curies":[{"name":"wp","href":"https:\/\/api.w.org\/{rel}","templated":true}]}}