{"id":29891,"date":"2025-01-29T19:44:13","date_gmt":"2025-01-29T18:44:13","guid":{"rendered":"https:\/\/www.cuesystem.com\/pripadove-studie\/projekt-v-tower\/"},"modified":"2025-04-22T09:22:51","modified_gmt":"2025-04-22T07:22:51","slug":"projekt-v-tower","status":"publish","type":"page","link":"https:\/\/www.cuesystem.com\/cs\/pripadove-studie\/projekt-v-tower\/","title":{"rendered":"Projekt V Tower"},"content":{"rendered":"\t\t<div data-elementor-type=\"wp-page\" data-elementor-id=\"29891\" class=\"elementor elementor-29891 elementor-28183\" data-elementor-post-type=\"page\">\n\t\t\t\t<div class=\"elementor-element elementor-element-09bf152 e-con-full e-flex e-con e-child\" data-id=\"09bf152\" data-element_type=\"container\" data-e-type=\"container\">\n\t\t\t\t<div class=\"elementor-element elementor-element-ce9af1c elementor-widget elementor-widget-heading\" data-id=\"ce9af1c\" data-element_type=\"widget\" data-e-type=\"widget\" data-widget_type=\"heading.default\">\n\t\t\t\t<div class=\"elementor-widget-container\">\n\t\t\t\t\t<h3 class=\"elementor-heading-title elementor-size-default\">P\u0159\u00edpadov\u00e1 studie<\/h3>\t\t\t\t<\/div>\n\t\t\t\t<\/div>\n\t\t\t\t<div class=\"elementor-element elementor-element-07cbfb8 elementor-widget elementor-widget-heading\" data-id=\"07cbfb8\" data-element_type=\"widget\" data-e-type=\"widget\" data-widget_type=\"heading.default\">\n\t\t\t\t<div class=\"elementor-widget-container\">\n\t\t\t\t\t<h1 class=\"elementor-heading-title elementor-size-default\">Projekt V Tower<\/h1>\t\t\t\t<\/div>\n\t\t\t\t<\/div>\n\t\t\t\t<div class=\"elementor-element elementor-element-30a38bf elementor-widget-divider--view-line elementor-widget elementor-widget-divider\" data-id=\"30a38bf\" data-element_type=\"widget\" data-e-type=\"widget\" data-widget_type=\"divider.default\">\n\t\t\t\t<div class=\"elementor-widget-container\">\n\t\t\t\t\t\t\t<div class=\"elementor-divider\">\n\t\t\t<span class=\"elementor-divider-separator\">\n\t\t\t\t\t\t<\/span>\n\t\t<\/div>\n\t\t\t\t\t\t<\/div>\n\t\t\t\t<\/div>\n\t\t<div class=\"elementor-element elementor-element-c1c171e e-grid e-con-boxed e-con e-child\" data-id=\"c1c171e\" data-element_type=\"container\" data-e-type=\"container\">\n\t\t\t\t\t<div class=\"e-con-inner\">\n\t\t<div class=\"elementor-element elementor-element-cb94747 e-con-full e-flex e-con e-child\" data-id=\"cb94747\" data-element_type=\"container\" data-e-type=\"container\">\n\t\t\t\t<div class=\"elementor-element elementor-element-70b882f elementor-widget elementor-widget-heading\" data-id=\"70b882f\" data-element_type=\"widget\" data-e-type=\"widget\" data-widget_type=\"heading.default\">\n\t\t\t\t<div class=\"elementor-widget-container\">\n\t\t\t\t\t<h2 class=\"elementor-heading-title elementor-size-default\">V\u00fdzva<\/h2>\t\t\t\t<\/div>\n\t\t\t\t<\/div>\n\t\t\t\t<div class=\"elementor-element elementor-element-174b4d5 elementor-widget elementor-widget-text-editor\" data-id=\"174b4d5\" data-element_type=\"widget\" data-e-type=\"widget\" data-widget_type=\"text-editor.default\">\n\t\t\t\t<div class=\"elementor-widget-container\">\n\t\t\t\t\t\t\t\t\t<p class=\"\" data-v-4d192987=\"\" data-v-4a7aac3a=\"\"><span class=\"text_node\" data-v-816e464e=\"\" data-v-4d192987=\"\">Zp\u0159\u00edjemn\u011bte si \u017eivot doma <\/span><span class=\"text_node rw_adf_text_strong\" data-v-816e464e=\"\" data-v-4d192987=\"\">p\u0159\u00edjemn\u011bj\u0161\u00ed<\/span><span class=\"text_node\" data-v-816e464e=\"\" data-v-4d192987=\"\"> a <\/span><span class=\"text_node rw_adf_text_strong\" data-v-816e464e=\"\" data-v-4d192987=\"\">automatizovat <\/span><span class=\"text_node\" data-v-816e464e=\"\" data-v-4d192987=\"\">ka\u017edodenn\u00ed (v\u011bt\u0161inou nep\u0159\u00edjemn\u00e9) \u00fakoly pro lidi \u017eij\u00edc\u00ed v dom\u00e1cnosti. <\/span><span class=\"text_node rw_adf_text_strong\" data-v-816e464e=\"\" data-v-4d192987=\"\">nejluxusn\u011bj\u0161\u00ed rezidenci<\/span><span class=\"text_node\" data-v-816e464e=\"\" data-v-4d192987=\"\"> v srdci Prahy v \u010cesk\u00e9 republice &#8211; <\/span><a class=\"link_node text_node rw_adf_text_strong\" tabindex=\"0\" href=\"https:\/\/www.vtower.cz\/en\/\" target=\"_blank\" rel=\"noopener\" data-v-098e4e53=\"\" data-v-816e464e=\"\" data-v-4d192987=\"\" data-ui-id=\"text-link\" data-ui-content=\"V Tower\"><span class=\"inline_text_span\" data-v-098e4e53=\"\">V Tower<\/span><\/a><span class=\"text_node\" data-v-816e464e=\"\" data-v-4d192987=\"\">.<\/span><\/p><p class=\"\" data-v-4d192987=\"\" data-v-4a7aac3a=\"\"><span class=\"text_node\" data-v-816e464e=\"\" data-v-4d192987=\"\">Na\u0161e motto: <\/span><a class=\"link_node text_node rw_adf_text_strong\" tabindex=\"0\" href=\"https:\/\/cuesystem.com\/en\/Residential\" target=\"_blank\" rel=\"noopener\" data-v-098e4e53=\"\" data-v-816e464e=\"\" data-v-4d192987=\"\" data-ui-id=\"text-link\" data-ui-content=\"Living made easier.\" data-wplink-edit=\"true\"><span class=\"inline_text_span\" data-v-098e4e53=\"\"><\/span><\/a><\/p>\t\t\t\t\t\t\t\t<\/div>\n\t\t\t\t<\/div>\n\t\t\t\t<\/div>\n\t\t<div class=\"elementor-element elementor-element-ae24e59 e-con-full e-flex e-con e-child\" data-id=\"ae24e59\" data-element_type=\"container\" data-e-type=\"container\">\n\t\t\t\t<div class=\"elementor-element elementor-element-e18b82b elementor-widget elementor-widget-image\" data-id=\"e18b82b\" data-element_type=\"widget\" data-e-type=\"widget\" data-widget_type=\"image.default\">\n\t\t\t\t<div class=\"elementor-widget-container\">\n\t\t\t\t\t\t\t\t\t\t\t\t\t\t\t<img fetchpriority=\"high\" decoding=\"async\" width=\"1024\" height=\"682\" src=\"https:\/\/www.cuesystem.com\/wp-content\/uploads\/2025\/01\/57623563d8154ee5a480f523e9ae9ae0-1-1024x682.jpg\" class=\"attachment-large size-large wp-image-28191\" alt=\"\" srcset=\"https:\/\/www.cuesystem.com\/wp-content\/uploads\/2025\/01\/57623563d8154ee5a480f523e9ae9ae0-1-1024x682.jpg 1024w, https:\/\/www.cuesystem.com\/wp-content\/uploads\/2025\/01\/57623563d8154ee5a480f523e9ae9ae0-1-300x200.jpg 300w, https:\/\/www.cuesystem.com\/wp-content\/uploads\/2025\/01\/57623563d8154ee5a480f523e9ae9ae0-1.jpg 1366w\" sizes=\"(max-width: 1024px) 100vw, 1024px\" \/>\t\t\t\t\t\t\t\t\t\t\t\t\t\t\t<\/div>\n\t\t\t\t<\/div>\n\t\t\t\t<\/div>\n\t\t\t\t\t<\/div>\n\t\t\t\t<\/div>\n\t\t<div class=\"elementor-element elementor-element-24ccecd e-grid e-con-boxed e-con e-child\" data-id=\"24ccecd\" data-element_type=\"container\" data-e-type=\"container\">\n\t\t\t\t\t<div class=\"e-con-inner\">\n\t\t<div class=\"elementor-element elementor-element-a777b8c e-con-full e-flex e-con e-child\" data-id=\"a777b8c\" data-element_type=\"container\" data-e-type=\"container\">\n\t\t\t\t<div class=\"elementor-element elementor-element-2bfc435 elementor-widget elementor-widget-image\" data-id=\"2bfc435\" data-element_type=\"widget\" data-e-type=\"widget\" data-widget_type=\"image.default\">\n\t\t\t\t<div class=\"elementor-widget-container\">\n\t\t\t\t\t\t\t\t\t\t\t\t\t\t\t<img decoding=\"async\" width=\"1024\" height=\"682\" src=\"https:\/\/www.cuesystem.com\/wp-content\/uploads\/2025\/01\/821fd2b5-3f8b-4d62-be8d-d894db23ce2a-1024x682.jpg\" class=\"attachment-large size-large wp-image-28196\" alt=\"\" srcset=\"https:\/\/www.cuesystem.com\/wp-content\/uploads\/2025\/01\/821fd2b5-3f8b-4d62-be8d-d894db23ce2a-1024x682.jpg 1024w, https:\/\/www.cuesystem.com\/wp-content\/uploads\/2025\/01\/821fd2b5-3f8b-4d62-be8d-d894db23ce2a-300x200.jpg 300w, https:\/\/www.cuesystem.com\/wp-content\/uploads\/2025\/01\/821fd2b5-3f8b-4d62-be8d-d894db23ce2a.jpg 1538w\" sizes=\"(max-width: 1024px) 100vw, 1024px\" \/>\t\t\t\t\t\t\t\t\t\t\t\t\t\t\t<\/div>\n\t\t\t\t<\/div>\n\t\t\t\t<\/div>\n\t\t<div class=\"elementor-element elementor-element-727161f e-con-full e-flex e-con e-child\" data-id=\"727161f\" data-element_type=\"container\" data-e-type=\"container\">\n\t\t\t\t<div class=\"elementor-element elementor-element-d9ceb50 elementor-widget elementor-widget-heading\" data-id=\"d9ceb50\" data-element_type=\"widget\" data-e-type=\"widget\" data-widget_type=\"heading.default\">\n\t\t\t\t<div class=\"elementor-widget-container\">\n\t\t\t\t\t<h2 class=\"elementor-heading-title elementor-size-default\">O spole\u010dnosti V Tower  \n<\/h2>\t\t\t\t<\/div>\n\t\t\t\t<\/div>\n\t\t\t\t<div class=\"elementor-element elementor-element-410475d elementor-widget elementor-widget-text-editor\" data-id=\"410475d\" data-element_type=\"widget\" data-e-type=\"widget\" data-widget_type=\"text-editor.default\">\n\t\t\t\t<div class=\"elementor-widget-container\">\n\t\t\t\t\t\t\t\t\t<p class=\"\" data-v-4d192987=\"\" data-v-4a7aac3a=\"\"><a class=\"link_node text_node rw_adf_text_strong\" tabindex=\"0\" href=\"https:\/\/www.vtower.cz\/en\/\" target=\"_blank\" rel=\"noopener\" data-v-098e4e53=\"\" data-v-816e464e=\"\" data-v-4d192987=\"\" data-ui-id=\"text-link\" data-ui-content=\"V Tower\"><span class=\"inline_text_span\" data-v-098e4e53=\"\">V Tower<\/span><\/a><span class=\"text_node\" data-v-816e464e=\"\" data-v-4d192987=\"\"> je <\/span><span class=\"text_node rw_adf_text_strong\" data-v-816e464e=\"\" data-v-4d192987=\"\">30podla\u017en\u00ed obytn\u00e1 budova<\/span><span class=\"text_node\" data-v-816e464e=\"\" data-v-4d192987=\"\">  v okrese Pankr\u00e1c. Je dob\u0159e zn\u00e1m\u00fd pro sv\u00e9   <\/span><span class=\"text_node rw_adf_text_strong\" data-v-816e464e=\"\" data-v-4d192987=\"\">jedine\u010dn\u00e1 architektura<\/span><span class=\"text_node\" data-v-816e464e=\"\" data-v-4d192987=\"\">, netradi\u010dn\u00ed vzhled, <\/span><span class=\"text_node rw_adf_text_strong\" data-v-816e464e=\"\" data-v-4d192987=\"\">luxusn\u00ed apartm\u00e1ny<\/span><span class=\"text_node\" data-v-816e464e=\"\" data-v-4d192987=\"\">a bezkonkuren\u010dn\u00ed v\u00fdhled na celou Prahu.<\/span><\/p>\t\t\t\t\t\t\t\t<\/div>\n\t\t\t\t<\/div>\n\t\t\t\t<\/div>\n\t\t\t\t\t<\/div>\n\t\t\t\t<\/div>\n\t\t<div class=\"elementor-element elementor-element-5034e59 e-grid e-con-boxed e-con e-child\" data-id=\"5034e59\" data-element_type=\"container\" data-e-type=\"container\">\n\t\t\t\t\t<div class=\"e-con-inner\">\n\t\t<div class=\"elementor-element elementor-element-cd582bb e-con-full e-flex e-con e-child\" data-id=\"cd582bb\" data-element_type=\"container\" data-e-type=\"container\">\n\t\t\t\t<div class=\"elementor-element elementor-element-d709749 elementor-widget elementor-widget-heading\" data-id=\"d709749\" data-element_type=\"widget\" data-e-type=\"widget\" data-widget_type=\"heading.default\">\n\t\t\t\t<div class=\"elementor-widget-container\">\n\t\t\t\t\t<h2 class=\"elementor-heading-title elementor-size-default\">Na\u0161e p\u0159edsevzet\u00ed<\/h2>\t\t\t\t<\/div>\n\t\t\t\t<\/div>\n\t\t\t\t<div class=\"elementor-element elementor-element-c1e9f7b elementor-widget elementor-widget-text-editor\" data-id=\"c1e9f7b\" data-element_type=\"widget\" data-e-type=\"widget\" data-widget_type=\"text-editor.default\">\n\t\t\t\t<div class=\"elementor-widget-container\">\n\t\t\t\t\t\t\t\t\t<p class=\"\" data-v-4d192987=\"\" data-v-4a7aac3a=\"\"><span class=\"text_node\" data-v-816e464e=\"\" data-v-4d192987=\"\">Ka\u017ed\u00e1 implementace na\u0161eho \u0159e\u0161en\u00ed pro <\/span><span class=\"text_node rw_adf_text_strong\" data-v-816e464e=\"\" data-v-4d192987=\"\">pro reziden\u010dn\u00ed \u00fa\u010dely<\/span><span class=\"text_node\" data-v-816e464e=\"\" data-v-4d192987=\"\"> je z\u00e1rove\u0148 <\/span><span class=\"text_node rw_adf_text_strong\" data-v-816e464e=\"\" data-v-4d192987=\"\">v\u00fdzvou <\/span><span class=\"text_node\" data-v-816e464e=\"\" data-v-4d192987=\"\">a <\/span><span class=\"text_node rw_adf_text_strong\" data-v-816e464e=\"\" data-v-4d192987=\"\">po\u017eehn\u00e1n\u00edm<\/span><span class=\"text_node\" data-v-816e464e=\"\" data-v-4d192987=\"\"> &#8211; a to je p\u0159esn\u011b to, co milujeme<\/span><span class=\"text_node rw_adf_text_strong\" data-v-816e464e=\"\" data-v-4d192987=\"\">. V\u00fdzvy.  <\/span><span class=\"text_node\" data-v-816e464e=\"\" data-v-4d192987=\"\">Pokud jde o tento konkr\u00e9tn\u00ed projekt,<\/span><span class=\"text_node rw_adf_text_strong\" data-v-816e464e=\"\" data-v-4d192987=\"\"> <\/span><span class=\"text_node\" data-v-816e464e=\"\" data-v-4d192987=\"\">na <\/span><a class=\"link_node text_node rw_adf_text_strong\" tabindex=\"0\" href=\"https:\/\/www.vtower.cz\/en\/\" target=\"_blank\" rel=\"noopener\" data-v-098e4e53=\"\" data-v-816e464e=\"\" data-v-4d192987=\"\" data-ui-id=\"text-link\" data-ui-content=\"V Tower\"><span class=\"inline_text_span\" data-v-098e4e53=\"\">V Tower<\/span><\/a><span class=\"text_node\" data-v-816e464e=\"\" data-v-4d192987=\"\"> nebyla v\u00fdjimkou.<\/span><\/p><p class=\"\" data-v-4d192987=\"\" data-v-4a7aac3a=\"\"><span class=\"text_node\" data-v-816e464e=\"\" data-v-4d192987=\"\">D\u00edky na\u0161emu schopn\u00e9mu t\u00fdmu dlouholet\u00fdch odborn\u00edk\u016f ve sv\u00e9m oboru jsme byli schopni zajistit a nasadit na\u0161e <\/span><span class=\"text_node rw_adf_text_strong\" data-v-816e464e=\"\" data-v-4d192987=\"\">\u0159\u00eddic\u00ed syst\u00e9m<\/span><span class=\"text_node\" data-v-816e464e=\"\" data-v-4d192987=\"\">, kter\u00fd <\/span><span class=\"text_node rw_adf_text_strong\" data-v-816e464e=\"\" data-v-4d192987=\"\">poskytl <\/span><span class=\"text_node\" data-v-816e464e=\"\" data-v-4d192987=\"\">cel\u00e9 m\u00edsto p\u0159esn\u011b <\/span><span class=\"text_node rw_adf_text_strong\" data-v-816e464e=\"\" data-v-4d192987=\"\">co mu chyb\u011blo <\/span><span class=\"text_node\" data-v-816e464e=\"\" data-v-4d192987=\"\">&#8211; <\/span><span class=\"text_node rw_adf_text_strong\" data-v-816e464e=\"\" data-v-4d192987=\"\">struktura, organizace a inteligence.<\/span><span class=\"text_node\" data-v-816e464e=\"\" data-v-4d192987=\"\">.<\/span><\/p><p class=\"\" data-v-4d192987=\"\" data-v-4a7aac3a=\"\"><span class=\"text_node\" data-v-816e464e=\"\" data-v-4d192987=\"\">Ujistili jsme se, \u017ee tento <\/span><span class=\"text_node rw_adf_text_strong\" data-v-816e464e=\"\" data-v-4d192987=\"\">luxusn\u00ed bydlen\u00ed stane<\/span><span class=\"text_node\" data-v-816e464e=\"\" data-v-4d192987=\"\"> bydlen\u00edm, kter\u00e9 je z\u00e1rove\u0148 <\/span><span class=\"text_node rw_adf_text_strong\" data-v-816e464e=\"\" data-v-4d192987=\"\">chytr\u00fdm <\/span><span class=\"text_node\" data-v-816e464e=\"\" data-v-4d192987=\"\">a <\/span><span class=\"text_node rw_adf_text_strong\" data-v-816e464e=\"\" data-v-4d192987=\"\">spl\u0148uje v\u0161echny va\u0161e<\/span><span class=\"text_node\" data-v-816e464e=\"\" data-v-4d192987=\"\"> (i ty nejslo\u017eit\u011bj\u0161\u00ed) <\/span><span class=\"text_node rw_adf_text_strong\" data-v-816e464e=\"\" data-v-4d192987=\"\">pot\u0159eby<\/span><span class=\"text_node\" data-v-816e464e=\"\" data-v-4d192987=\"\">.<\/span><\/p><p class=\"\" data-v-4d192987=\"\" data-v-4a7aac3a=\"\"><span class=\"text_node\" data-v-816e464e=\"\" data-v-4d192987=\"\">Jak m\u016f\u017eete vid\u011bt na n\u00ed\u017ee p\u0159ilo\u017een\u00e9m videu, <\/span><a class=\"link_node text_node rw_adf_text_strong\" tabindex=\"0\" href=\"https:\/\/cuesystem.com\/EN\/Home\" target=\"_blank\" rel=\"noopener\" data-v-098e4e53=\"\" data-v-816e464e=\"\" data-v-4d192987=\"\" data-ui-id=\"text-link\" data-ui-content=\"CUE \"><span class=\"inline_text_span\" data-v-098e4e53=\"\">CUE <\/span><\/a><span class=\"text_node\" data-v-816e464e=\"\" data-v-4d192987=\"\">skute\u010dn\u011b poskytl <\/span><span class=\"text_node rw_adf_text_strong\" data-v-816e464e=\"\" data-v-4d192987=\"\">automatizovan\u00fd <\/span><span class=\"text_node\" data-v-816e464e=\"\" data-v-4d192987=\"\">a <\/span><span class=\"text_node rw_adf_text_strong\" data-v-816e464e=\"\" data-v-4d192987=\"\">intuitivn\u00ed domov<\/span><span class=\"text_node\" data-v-816e464e=\"\" data-v-4d192987=\"\"> kter\u00fd <\/span><a class=\"link_node text_node rw_adf_text_strong\" tabindex=\"0\" href=\"https:\/\/cuesystem.com\/en\/Residential\" target=\"_blank\" rel=\"noopener\" data-v-098e4e53=\"\" data-v-816e464e=\"\" data-v-4d192987=\"\" data-ui-id=\"text-link\" data-ui-content=\"makes living easier\"><span class=\"inline_text_span\" data-v-098e4e53=\"\">usnad\u0148uje bydlen\u00ed<\/span><\/a><span class=\"text_node\" data-v-816e464e=\"\" data-v-4d192987=\"\">.<\/span><\/p>\t\t\t\t\t\t\t\t<\/div>\n\t\t\t\t<\/div>\n\t\t\t\t<\/div>\n\t\t<div class=\"elementor-element elementor-element-f3b07fc e-con-full e-flex e-con e-child\" data-id=\"f3b07fc\" data-element_type=\"container\" data-e-type=\"container\">\n\t\t\t\t<div class=\"elementor-element elementor-element-d11ad7c elementor-widget elementor-widget-image\" data-id=\"d11ad7c\" data-element_type=\"widget\" data-e-type=\"widget\" data-widget_type=\"image.default\">\n\t\t\t\t<div class=\"elementor-widget-container\">\n\t\t\t\t\t\t\t\t\t\t\t\t\t\t\t<img decoding=\"async\" width=\"1024\" height=\"768\" src=\"https:\/\/www.cuesystem.com\/wp-content\/uploads\/2025\/01\/IMG_4960-1024x768.jpg\" class=\"attachment-large size-large wp-image-28201\" alt=\"\" srcset=\"https:\/\/www.cuesystem.com\/wp-content\/uploads\/2025\/01\/IMG_4960-1024x768.jpg 1024w, https:\/\/www.cuesystem.com\/wp-content\/uploads\/2025\/01\/IMG_4960-300x225.jpg 300w\" sizes=\"(max-width: 1024px) 100vw, 1024px\" \/>\t\t\t\t\t\t\t\t\t\t\t\t\t\t\t<\/div>\n\t\t\t\t<\/div>\n\t\t\t\t<\/div>\n\t\t\t\t\t<\/div>\n\t\t\t\t<\/div>\n\t\t<div class=\"elementor-element elementor-element-9037596 e-grid e-con-boxed e-con e-child\" data-id=\"9037596\" data-element_type=\"container\" data-e-type=\"container\">\n\t\t\t\t\t<div class=\"e-con-inner\">\n\t\t<div class=\"elementor-element elementor-element-32ab64f e-con-full e-flex e-con e-child\" data-id=\"32ab64f\" data-element_type=\"container\" data-e-type=\"container\">\n\t\t\t\t<div class=\"elementor-element elementor-element-e7ed375 elementor-widget elementor-widget-video\" data-id=\"e7ed375\" data-element_type=\"widget\" data-e-type=\"widget\" data-settings=\"{&quot;video_type&quot;:&quot;vimeo&quot;}\" data-widget_type=\"video.default\">\n\t\t\t\t<div class=\"elementor-widget-container\">\n\t\t\t\t\t\t\t<div class=\"elementor-wrapper elementor-open-inline\">\n\t\t\t<iframe class=\"elementor-video-iframe\" allowfullscreen allow=\"clipboard-write\" title=\"vimeo p\u0159ehr\u00e1va\u010d videa\" src=\"https:\/\/player.vimeo.com\/video\/981555405?color&amp;autopause=0&amp;loop=0&amp;muted=0&amp;title=1&amp;portrait=1&amp;byline=1#t=\"><\/iframe>\t\t<\/div>\n\t\t\t\t\t\t<\/div>\n\t\t\t\t<\/div>\n\t\t\t\t<\/div>\n\t\t<div class=\"elementor-element elementor-element-1919662 e-con-full e-flex e-con e-child\" data-id=\"1919662\" data-element_type=\"container\" data-e-type=\"container\">\n\t\t\t\t<div class=\"elementor-element elementor-element-0a7beb4 elementor-widget elementor-widget-heading\" data-id=\"0a7beb4\" data-element_type=\"widget\" data-e-type=\"widget\" data-widget_type=\"heading.default\">\n\t\t\t\t<div class=\"elementor-widget-container\">\n\t\t\t\t\t<h2 class=\"elementor-heading-title elementor-size-default\">P\u0159esv\u011bd\u010dte se sami<\/h2>\t\t\t\t<\/div>\n\t\t\t\t<\/div>\n\t\t\t\t<\/div>\n\t\t\t\t\t<\/div>\n\t\t\t\t<\/div>\n\t\t\t\t<\/div>\n\t\t\t\t<\/div>\n\t\t","protected":false},"excerpt":{"rendered":"<p>P\u0159\u00edpadov\u00e1 studie Projekt V Tower V\u00fdzva Zp\u0159\u00edjemn\u011bte si \u017eivot doma p\u0159\u00edjemn\u011bj\u0161\u00ed a automatizovat ka\u017edodenn\u00ed (v\u011bt\u0161inou nep\u0159\u00edjemn\u00e9) \u00fakoly pro lidi \u017eij\u00edc\u00ed v dom\u00e1cnosti. nejluxusn\u011bj\u0161\u00ed rezidenci v srdci Prahy v \u010cesk\u00e9 republice &#8211; V Tower. Na\u0161e motto: O spole\u010dnosti V Tower V Tower je 30podla\u017en\u00ed obytn\u00e1 budova v okrese Pankr\u00e1c. Je dob\u0159e zn\u00e1m\u00fd pro sv\u00e9 jedine\u010dn\u00e1 architektura, <a href=\"https:\/\/www.cuesystem.com\/cs\/pripadove-studie\/projekt-v-tower\/\" class=\"more-link\">&#8230;<span class=\"screen-reader-text\">  Projekt V Tower<\/span><\/a><\/p>\n","protected":false},"author":3,"featured_media":0,"parent":29856,"menu_order":256,"comment_status":"closed","ping_status":"closed","template":"","meta":{"_acf_changed":false,"inline_featured_image":false,"footnotes":""},"kategorie":[],"class_list":["post-29891","page","type-page","status-publish","hentry"],"acf":[],"_links":{"self":[{"href":"https:\/\/www.cuesystem.com\/cs\/wp-json\/wp\/v2\/pages\/29891","targetHints":{"allow":["GET"]}}],"collection":[{"href":"https:\/\/www.cuesystem.com\/cs\/wp-json\/wp\/v2\/pages"}],"about":[{"href":"https:\/\/www.cuesystem.com\/cs\/wp-json\/wp\/v2\/types\/page"}],"author":[{"embeddable":true,"href":"https:\/\/www.cuesystem.com\/cs\/wp-json\/wp\/v2\/users\/3"}],"replies":[{"embeddable":true,"href":"https:\/\/www.cuesystem.com\/cs\/wp-json\/wp\/v2\/comments?post=29891"}],"version-history":[{"count":1,"href":"https:\/\/www.cuesystem.com\/cs\/wp-json\/wp\/v2\/pages\/29891\/revisions"}],"predecessor-version":[{"id":29892,"href":"https:\/\/www.cuesystem.com\/cs\/wp-json\/wp\/v2\/pages\/29891\/revisions\/29892"}],"up":[{"embeddable":true,"href":"https:\/\/www.cuesystem.com\/cs\/wp-json\/wp\/v2\/pages\/29856"}],"wp:attachment":[{"href":"https:\/\/www.cuesystem.com\/cs\/wp-json\/wp\/v2\/media?parent=29891"}],"wp:term":[{"taxonomy":"kategorie","embeddable":true,"href":"https:\/\/www.cuesystem.com\/cs\/wp-json\/wp\/v2\/kategorie?post=29891"}],"curies":[{"name":"wp","href":"https:\/\/api.w.org\/{rel}","templated":true}]}}