{"id":29893,"date":"2025-01-29T17:52:24","date_gmt":"2025-01-29T16:52:24","guid":{"rendered":"https:\/\/www.cuesystem.com\/pripadove-studie\/porodnice-v-herning\/"},"modified":"2025-04-22T09:23:14","modified_gmt":"2025-04-22T07:23:14","slug":"porodnice-v-herning","status":"publish","type":"page","link":"https:\/\/www.cuesystem.com\/cs\/pripadove-studie\/porodnice-v-herning\/","title":{"rendered":"Porodnice v Herning"},"content":{"rendered":"\t\t<div data-elementor-type=\"wp-page\" data-elementor-id=\"29893\" class=\"elementor elementor-29893 elementor-28160\" data-elementor-post-type=\"page\">\n\t\t\t\t<div class=\"elementor-element elementor-element-e893098 e-con-full e-flex e-con e-child\" data-id=\"e893098\" data-element_type=\"container\" data-e-type=\"container\">\n\t\t\t\t<div class=\"elementor-element elementor-element-d005634 elementor-widget elementor-widget-heading\" data-id=\"d005634\" data-element_type=\"widget\" data-e-type=\"widget\" data-widget_type=\"heading.default\">\n\t\t\t\t<div class=\"elementor-widget-container\">\n\t\t\t\t\t<h3 class=\"elementor-heading-title elementor-size-default\">P\u0159\u00edpadov\u00e1 studie<\/h3>\t\t\t\t<\/div>\n\t\t\t\t<\/div>\n\t\t\t\t<div class=\"elementor-element elementor-element-15b1805 elementor-widget elementor-widget-heading\" data-id=\"15b1805\" data-element_type=\"widget\" data-e-type=\"widget\" data-widget_type=\"heading.default\">\n\t\t\t\t<div class=\"elementor-widget-container\">\n\t\t\t\t\t<h1 class=\"elementor-heading-title elementor-size-default\">Porodnice v Herning<\/h1>\t\t\t\t<\/div>\n\t\t\t\t<\/div>\n\t\t\t\t<div class=\"elementor-element elementor-element-e1177a4 elementor-widget-divider--view-line elementor-widget elementor-widget-divider\" data-id=\"e1177a4\" data-element_type=\"widget\" data-e-type=\"widget\" data-widget_type=\"divider.default\">\n\t\t\t\t<div class=\"elementor-widget-container\">\n\t\t\t\t\t\t\t<div class=\"elementor-divider\">\n\t\t\t<span class=\"elementor-divider-separator\">\n\t\t\t\t\t\t<\/span>\n\t\t<\/div>\n\t\t\t\t\t\t<\/div>\n\t\t\t\t<\/div>\n\t\t<div class=\"elementor-element elementor-element-65bb509 e-grid e-con-boxed e-con e-child\" data-id=\"65bb509\" data-element_type=\"container\" data-e-type=\"container\">\n\t\t\t\t\t<div class=\"e-con-inner\">\n\t\t<div class=\"elementor-element elementor-element-cac42c5 e-con-full e-flex e-con e-child\" data-id=\"cac42c5\" data-element_type=\"container\" data-e-type=\"container\">\n\t\t\t\t<div class=\"elementor-element elementor-element-8040685 elementor-widget elementor-widget-heading\" data-id=\"8040685\" data-element_type=\"widget\" data-e-type=\"widget\" data-widget_type=\"heading.default\">\n\t\t\t\t<div class=\"elementor-widget-container\">\n\t\t\t\t\t<h2 class=\"elementor-heading-title elementor-size-default\">V\u00fdzva<\/h2>\t\t\t\t<\/div>\n\t\t\t\t<\/div>\n\t\t\t\t<div class=\"elementor-element elementor-element-12d1f0b elementor-widget elementor-widget-text-editor\" data-id=\"12d1f0b\" data-element_type=\"widget\" data-e-type=\"widget\" data-widget_type=\"text-editor.default\">\n\t\t\t\t<div class=\"elementor-widget-container\">\n\t\t\t\t\t\t\t\t\t<p><span class=\"text_node\" data-v-816e464e=\"\" data-v-4d192987=\"\">Hlavn\u00ed vize <\/span><a class=\"link_node text_node rw_adf_text_strong\" tabindex=\"0\" href=\"https:\/\/www.regionshospitalet-goedstrup.dk\/\" target=\"_blank\" rel=\"noopener\" data-v-098e4e53=\"\" data-v-816e464e=\"\" data-v-4d192987=\"\" data-ui-id=\"text-link\" data-ui-content=\"Regionshospitalet G\u00f8dstrup\"><span class=\"inline_text_span\" data-v-098e4e53=\"\">Regionshospitalet G\u00f8dstrup<\/span><\/a><span class=\"text_node\" data-v-816e464e=\"\" data-v-4d192987=\"\"> je b\u00fdt <\/span><span class=\"text_node rw_adf_text_strong\" data-v-816e464e=\"\" data-v-4d192987=\"\">nemocnic\u00ed pro pacienty<\/span><span class=\"text_node\" data-v-816e464e=\"\" data-v-4d192987=\"\">. Proto kladou d\u016fraz na  <\/span><span class=\"text_node rw_adf_text_strong\" data-v-816e464e=\"\" data-v-4d192987=\"\">\u00fa\u010dinnost<\/span><span class=\"text_node\" data-v-816e464e=\"\" data-v-4d192987=\"\">, konkurenceschopnost, <\/span><span class=\"text_node rw_adf_text_strong\" data-v-816e464e=\"\" data-v-4d192987=\"\">v\u011bdom\u00ed kvality<\/span><span class=\"text_node\" data-v-816e464e=\"\" data-v-4d192987=\"\">a blahobyt v\u0161ech p\u0159\u00edchoz\u00edch. A my jsme tam byli, abychom   <\/span><span class=\"text_node rw_adf_text_strong\" data-v-816e464e=\"\" data-v-4d192987=\"\">n\u00e1pov\u011bda<\/span><span class=\"text_node\" data-v-816e464e=\"\" data-v-4d192987=\"\">!<\/span><\/p>\t\t\t\t\t\t\t\t<\/div>\n\t\t\t\t<\/div>\n\t\t\t\t<\/div>\n\t\t<div class=\"elementor-element elementor-element-7e6155d e-con-full e-flex e-con e-child\" data-id=\"7e6155d\" data-element_type=\"container\" data-e-type=\"container\">\n\t\t\t\t<div class=\"elementor-element elementor-element-a276679 elementor-widget elementor-widget-image\" data-id=\"a276679\" data-element_type=\"widget\" data-e-type=\"widget\" data-widget_type=\"image.default\">\n\t\t\t\t<div class=\"elementor-widget-container\">\n\t\t\t\t\t\t\t\t\t\t\t\t\t\t\t<img fetchpriority=\"high\" decoding=\"async\" width=\"934\" height=\"269\" src=\"https:\/\/www.cuesystem.com\/wp-content\/uploads\/2025\/01\/dnv_feb_2016.jpg\" class=\"attachment-large size-large wp-image-28162\" alt=\"\" srcset=\"https:\/\/www.cuesystem.com\/wp-content\/uploads\/2025\/01\/dnv_feb_2016.jpg 934w, https:\/\/www.cuesystem.com\/wp-content\/uploads\/2025\/01\/dnv_feb_2016-300x86.jpg 300w, https:\/\/www.cuesystem.com\/wp-content\/uploads\/2025\/01\/dnv_feb_2016-350x100.jpg 350w\" sizes=\"(max-width: 934px) 100vw, 934px\" \/>\t\t\t\t\t\t\t\t\t\t\t\t\t\t\t<\/div>\n\t\t\t\t<\/div>\n\t\t\t\t<\/div>\n\t\t\t\t\t<\/div>\n\t\t\t\t<\/div>\n\t\t<div class=\"elementor-element elementor-element-19b6798 e-grid e-con-boxed e-con e-child\" data-id=\"19b6798\" data-element_type=\"container\" data-e-type=\"container\">\n\t\t\t\t\t<div class=\"e-con-inner\">\n\t\t<div class=\"elementor-element elementor-element-64c8a1b e-con-full e-flex e-con e-child\" data-id=\"64c8a1b\" data-element_type=\"container\" data-e-type=\"container\">\n\t\t\t\t<div class=\"elementor-element elementor-element-9c0cd1c elementor-widget elementor-widget-image\" data-id=\"9c0cd1c\" data-element_type=\"widget\" data-e-type=\"widget\" data-widget_type=\"image.default\">\n\t\t\t\t<div class=\"elementor-widget-container\">\n\t\t\t\t\t\t\t\t\t\t\t\t\t\t\t<img decoding=\"async\" width=\"946\" height=\"500\" src=\"https:\/\/www.cuesystem.com\/wp-content\/uploads\/2025\/01\/DNV_Goedstrup_web-10.jpg\" class=\"attachment-large size-large wp-image-28167\" alt=\"\" srcset=\"https:\/\/www.cuesystem.com\/wp-content\/uploads\/2025\/01\/DNV_Goedstrup_web-10.jpg 946w, https:\/\/www.cuesystem.com\/wp-content\/uploads\/2025\/01\/DNV_Goedstrup_web-10-300x159.jpg 300w\" sizes=\"(max-width: 946px) 100vw, 946px\" \/>\t\t\t\t\t\t\t\t\t\t\t\t\t\t\t<\/div>\n\t\t\t\t<\/div>\n\t\t\t\t<\/div>\n\t\t<div class=\"elementor-element elementor-element-49b00d6 e-con-full e-flex e-con e-child\" data-id=\"49b00d6\" data-element_type=\"container\" data-e-type=\"container\">\n\t\t\t\t<div class=\"elementor-element elementor-element-b7939ac elementor-widget elementor-widget-heading\" data-id=\"b7939ac\" data-element_type=\"widget\" data-e-type=\"widget\" data-widget_type=\"heading.default\">\n\t\t\t\t<div class=\"elementor-widget-container\">\n\t\t\t\t\t<h2 class=\"elementor-heading-title elementor-size-default\">O Regionshospitalet G\u00f8dstrup<\/h2>\t\t\t\t<\/div>\n\t\t\t\t<\/div>\n\t\t\t\t<div class=\"elementor-element elementor-element-b255909 elementor-widget elementor-widget-text-editor\" data-id=\"b255909\" data-element_type=\"widget\" data-e-type=\"widget\" data-widget_type=\"text-editor.default\">\n\t\t\t\t<div class=\"elementor-widget-container\">\n\t\t\t\t\t\t\t\t\t<p class=\"\" data-v-4d192987=\"\" data-v-4a7aac3a=\"\"><a class=\"link_node text_node rw_adf_text_strong\" tabindex=\"0\" href=\"https:\/\/www.regionshospitalet-goedstrup.dk\/\" target=\"_blank\" rel=\"noopener\" data-v-098e4e53=\"\" data-v-816e464e=\"\" data-v-4d192987=\"\" data-ui-id=\"text-link\" data-ui-content=\"Regionshospitalet G\u00f8dstrup\"><span class=\"inline_text_span\" data-v-098e4e53=\"\">Regionshospitalet G\u00f8dstrup<\/span><\/a><span class=\"text_node\" data-v-816e464e=\"\" data-v-4d192987=\"\">  je nov\u00e1 velk\u00e1 nemocnice ve st\u0159edn\u00edm a z\u00e1padn\u00edm Jutsku (D\u00e1nsko). Otev\u0159eno bylo v roce 2022.<\/span><\/p><p class=\"\" data-v-4d192987=\"\" data-v-4a7aac3a=\"\"><span class=\"text_node\" data-v-816e464e=\"\" data-v-4d192987=\"\">Na\u0161e <\/span><span class=\"text_node rw_adf_text_strong\" data-v-816e464e=\"\" data-v-4d192987=\"\">D\u00e1nsk\u00fd partner <\/span><a class=\"link_node text_node rw_adf_text_strong\" tabindex=\"0\" href=\"https:\/\/www.avcenter.dk\/\" target=\"_blank\" rel=\"noopener\" data-v-098e4e53=\"\" data-v-816e464e=\"\" data-v-4d192987=\"\" data-ui-id=\"text-link\" data-ui-content=\"AV CENTER\"><span class=\"inline_text_span\" data-v-098e4e53=\"\">AV CENTER<\/span><\/a><span class=\"text_node rw_adf_text_strong\" data-v-816e464e=\"\" data-v-4d192987=\"\"> <\/span><span class=\"text_node\" data-v-816e464e=\"\" data-v-4d192987=\"\">se postaral o realizaci projektu.<\/span><\/p>\t\t\t\t\t\t\t\t<\/div>\n\t\t\t\t<\/div>\n\t\t\t\t<\/div>\n\t\t\t\t\t<\/div>\n\t\t\t\t<\/div>\n\t\t<div class=\"elementor-element elementor-element-74be0ae e-grid e-con-boxed e-con e-child\" data-id=\"74be0ae\" data-element_type=\"container\" data-e-type=\"container\">\n\t\t\t\t\t<div class=\"e-con-inner\">\n\t\t<div class=\"elementor-element elementor-element-8190068 e-con-full e-flex e-con e-child\" data-id=\"8190068\" data-element_type=\"container\" data-e-type=\"container\">\n\t\t\t\t<div class=\"elementor-element elementor-element-6d8a7d3 elementor-widget elementor-widget-heading\" data-id=\"6d8a7d3\" data-element_type=\"widget\" data-e-type=\"widget\" data-widget_type=\"heading.default\">\n\t\t\t\t<div class=\"elementor-widget-container\">\n\t\t\t\t\t<h2 class=\"elementor-heading-title elementor-size-default\">Na\u0161e p\u0159edsevzet\u00ed<\/h2>\t\t\t\t<\/div>\n\t\t\t\t<\/div>\n\t\t\t\t<div class=\"elementor-element elementor-element-eb835c0 elementor-widget elementor-widget-text-editor\" data-id=\"eb835c0\" data-element_type=\"widget\" data-e-type=\"widget\" data-widget_type=\"text-editor.default\">\n\t\t\t\t<div class=\"elementor-widget-container\">\n\t\t\t\t\t\t\t\t\t<p class=\"\" data-v-4d192987=\"\" data-v-4a7aac3a=\"\"><span class=\"text_node\" data-v-816e464e=\"\" data-v-4d192987=\"\">Na\u0161e <\/span><span class=\"text_node rw_adf_text_strong\" data-v-816e464e=\"\" data-v-4d192987=\"\">ovl\u00e1dac\u00ed panely<\/span><span class=\"text_node\" data-v-816e464e=\"\" data-v-4d192987=\"\"> se staly ned\u00edlnou sou\u010d\u00e1st\u00ed jejich <\/span><span class=\"text_node rw_adf_text_strong\" data-v-816e464e=\"\" data-v-4d192987=\"\">vysoce modern\u00edch senzorick\u00fdch m\u00edstnost\u00ed<\/span><span class=\"text_node\" data-v-816e464e=\"\" data-v-4d192987=\"\">. Ty jsou zalo\u017eeny na vytvo\u0159en\u00ed p\u0159\u00edjemn\u00e9 atmosf\u00e9ry b\u011bhem porodu pomoc\u00ed reproduktor\u016f i projektor\u016f zobrazuj\u00edc\u00edch p\u0159\u00edrodn\u00ed motivy z r\u016fzn\u00fdch ro\u010dn\u00edch obdob\u00ed. Tyto str\u00e1nky  <\/span><span class=\"text_node rw_adf_text_strong\" data-v-816e464e=\"\" data-v-4d192987=\"\">motivy lze m\u011bnit<\/span><span class=\"text_node\" data-v-816e464e=\"\" data-v-4d192987=\"\">,. <\/span><span class=\"text_node rw_adf_text_strong\" data-v-816e464e=\"\" data-v-4d192987=\"\">lze nastavit intenzitu sv\u011btla<\/span><span class=\"text_node\" data-v-816e464e=\"\" data-v-4d192987=\"\"> a mnoho dal\u0161\u00edho &#8211; to v\u0161e lze prov\u00e9st pomoc\u00ed <\/span><span class=\"text_node rw_adf_text_strong\" data-v-816e464e=\"\" data-v-4d192987=\"\">pomoc\u00ed na\u0161ich dotykov\u00fdch panel\u016f<\/span><span class=\"text_node\" data-v-816e464e=\"\" data-v-4d192987=\"\">.<\/span><\/p><p class=\"\" data-v-4d192987=\"\" data-v-4a7aac3a=\"\"><span class=\"text_node\" data-v-816e464e=\"\" data-v-4d192987=\"\">Ve spolupr\u00e1ci s fotografem p\u0159\u00edrody Mortenem Hilmerem a laserov\u00fdmi sv\u011bteln\u00fdmi projektory spole\u010dnosti Epson jsme vytvo\u0159ili v\u00fdstavu. <\/span><span class=\"text_node rw_adf_text_strong\" data-v-816e464e=\"\" data-v-4d192987=\"\">bezpe\u010dn\u00fd prostor <\/span> <span class=\"text_node\" data-v-816e464e=\"\" data-v-4d192987=\"\">pro nast\u00e1vaj\u00edc\u00ed matky a jejich p\u0159\u00edbuzn\u00e9. Nezapomenuteln\u011b d\u016fle\u017eit\u00e1 atmosf\u00e9ra je naprosto&#8230;   <\/span><span class=\"text_node rw_adf_text_strong\" data-v-816e464e=\"\" data-v-4d192987=\"\">v jejich rukou<\/span><span class=\"text_node\" data-v-816e464e=\"\" data-v-4d192987=\"\"> od nyn\u011bj\u0161ka!<\/span><\/p>\t\t\t\t\t\t\t\t<\/div>\n\t\t\t\t<\/div>\n\t\t\t\t<\/div>\n\t\t<div class=\"elementor-element elementor-element-65ff53c e-con-full e-flex e-con e-child\" data-id=\"65ff53c\" data-element_type=\"container\" data-e-type=\"container\">\n\t\t\t\t<div class=\"elementor-element elementor-element-05fb791 elementor-widget elementor-widget-image\" data-id=\"05fb791\" data-element_type=\"widget\" data-e-type=\"widget\" data-widget_type=\"image.default\">\n\t\t\t\t<div class=\"elementor-widget-container\">\n\t\t\t\t\t\t\t\t\t\t\t\t\t\t\t<img decoding=\"async\" width=\"660\" height=\"371\" src=\"https:\/\/www.cuesystem.com\/wp-content\/uploads\/2025\/01\/sansestuer2.jpg\" class=\"attachment-large size-large wp-image-28172\" alt=\"\" srcset=\"https:\/\/www.cuesystem.com\/wp-content\/uploads\/2025\/01\/sansestuer2.jpg 660w, https:\/\/www.cuesystem.com\/wp-content\/uploads\/2025\/01\/sansestuer2-300x169.jpg 300w\" sizes=\"(max-width: 660px) 100vw, 660px\" \/>\t\t\t\t\t\t\t\t\t\t\t\t\t\t\t<\/div>\n\t\t\t\t<\/div>\n\t\t\t\t<\/div>\n\t\t\t\t\t<\/div>\n\t\t\t\t<\/div>\n\t\t\t\t<div class=\"elementor-element elementor-element-1671d9d elementor-widget elementor-widget-heading\" data-id=\"1671d9d\" data-element_type=\"widget\" data-e-type=\"widget\" data-widget_type=\"heading.default\">\n\t\t\t\t<div class=\"elementor-widget-container\">\n\t\t\t\t\t<h2 class=\"elementor-heading-title elementor-size-default\">\u010casopis ProAV o tomto projektu<\/h2>\t\t\t\t<\/div>\n\t\t\t\t<\/div>\n\t\t\t\t<div class=\"elementor-element elementor-element-0af1f85 elementor-align-center elementor-widget elementor-widget-button\" data-id=\"0af1f85\" data-element_type=\"widget\" data-e-type=\"widget\" data-widget_type=\"button.default\">\n\t\t\t\t<div class=\"elementor-widget-container\">\n\t\t\t\t\t\t\t\t\t<div class=\"elementor-button-wrapper\">\n\t\t\t\t\t<a class=\"elementor-button elementor-button-link elementor-size-sm\" href=\"https:\/\/www.avmagasinet.dk\/home\/nyheder\/av-teknologi-bruges-pa-fodestuer-i-herning\/\" target=\"_blank\">\n\t\t\t\t\t\t<span class=\"elementor-button-content-wrapper\">\n\t\t\t\t\t\t\t\t\t<span class=\"elementor-button-text\">Viz v\u00edce<\/span>\n\t\t\t\t\t<\/span>\n\t\t\t\t\t<\/a>\n\t\t\t\t<\/div>\n\t\t\t\t\t\t\t\t<\/div>\n\t\t\t\t<\/div>\n\t\t\t\t<\/div>\n\t\t\t\t<\/div>\n\t\t","protected":false},"excerpt":{"rendered":"<p>P\u0159\u00edpadov\u00e1 studie Porodnice v Herning V\u00fdzva Hlavn\u00ed vize Regionshospitalet G\u00f8dstrup je b\u00fdt nemocnic\u00ed pro pacienty. Proto kladou d\u016fraz na \u00fa\u010dinnost, konkurenceschopnost, v\u011bdom\u00ed kvalitya blahobyt v\u0161ech p\u0159\u00edchoz\u00edch. A my jsme tam byli, abychom n\u00e1pov\u011bda! O Regionshospitalet G\u00f8dstrup Regionshospitalet G\u00f8dstrup je nov\u00e1 velk\u00e1 nemocnice ve st\u0159edn\u00edm a z\u00e1padn\u00edm Jutsku (D\u00e1nsko). Otev\u0159eno bylo v roce 2022. Na\u0161e D\u00e1nsk\u00fd <a href=\"https:\/\/www.cuesystem.com\/cs\/pripadove-studie\/porodnice-v-herning\/\" class=\"more-link\">&#8230;<span class=\"screen-reader-text\">  Porodnice v Herning<\/span><\/a><\/p>\n","protected":false},"author":3,"featured_media":0,"parent":29856,"menu_order":261,"comment_status":"closed","ping_status":"closed","template":"","meta":{"_acf_changed":false,"inline_featured_image":false,"footnotes":""},"kategorie":[],"class_list":["post-29893","page","type-page","status-publish","hentry"],"acf":[],"_links":{"self":[{"href":"https:\/\/www.cuesystem.com\/cs\/wp-json\/wp\/v2\/pages\/29893","targetHints":{"allow":["GET"]}}],"collection":[{"href":"https:\/\/www.cuesystem.com\/cs\/wp-json\/wp\/v2\/pages"}],"about":[{"href":"https:\/\/www.cuesystem.com\/cs\/wp-json\/wp\/v2\/types\/page"}],"author":[{"embeddable":true,"href":"https:\/\/www.cuesystem.com\/cs\/wp-json\/wp\/v2\/users\/3"}],"replies":[{"embeddable":true,"href":"https:\/\/www.cuesystem.com\/cs\/wp-json\/wp\/v2\/comments?post=29893"}],"version-history":[{"count":1,"href":"https:\/\/www.cuesystem.com\/cs\/wp-json\/wp\/v2\/pages\/29893\/revisions"}],"predecessor-version":[{"id":29894,"href":"https:\/\/www.cuesystem.com\/cs\/wp-json\/wp\/v2\/pages\/29893\/revisions\/29894"}],"up":[{"embeddable":true,"href":"https:\/\/www.cuesystem.com\/cs\/wp-json\/wp\/v2\/pages\/29856"}],"wp:attachment":[{"href":"https:\/\/www.cuesystem.com\/cs\/wp-json\/wp\/v2\/media?parent=29893"}],"wp:term":[{"taxonomy":"kategorie","embeddable":true,"href":"https:\/\/www.cuesystem.com\/cs\/wp-json\/wp\/v2\/kategorie?post=29893"}],"curies":[{"name":"wp","href":"https:\/\/api.w.org\/{rel}","templated":true}]}}