{"id":29895,"date":"2025-01-29T17:26:04","date_gmt":"2025-01-29T16:26:04","guid":{"rendered":"https:\/\/www.cuesystem.com\/pripadove-studie\/konferencni-centrum-aok\/"},"modified":"2025-04-22T09:23:44","modified_gmt":"2025-04-22T07:23:44","slug":"konferencni-centrum-aok","status":"publish","type":"page","link":"https:\/\/www.cuesystem.com\/cs\/pripadove-studie\/konferencni-centrum-aok\/","title":{"rendered":"Konferen\u010dn\u00ed centrum AOK"},"content":{"rendered":"\t\t<div data-elementor-type=\"wp-page\" data-elementor-id=\"29895\" class=\"elementor elementor-29895 elementor-28130\" data-elementor-post-type=\"page\">\n\t\t\t\t<div class=\"elementor-element elementor-element-4c43825 e-con-full e-flex e-con e-child\" data-id=\"4c43825\" data-element_type=\"container\" data-e-type=\"container\">\n\t\t\t\t<div class=\"elementor-element elementor-element-fb5b232 elementor-widget elementor-widget-heading\" data-id=\"fb5b232\" data-element_type=\"widget\" data-e-type=\"widget\" data-widget_type=\"heading.default\">\n\t\t\t\t<div class=\"elementor-widget-container\">\n\t\t\t\t\t<h3 class=\"elementor-heading-title elementor-size-default\">P\u0159\u00edpadov\u00e1 studie<\/h3>\t\t\t\t<\/div>\n\t\t\t\t<\/div>\n\t\t\t\t<div class=\"elementor-element elementor-element-eab76cb elementor-widget elementor-widget-heading\" data-id=\"eab76cb\" data-element_type=\"widget\" data-e-type=\"widget\" data-widget_type=\"heading.default\">\n\t\t\t\t<div class=\"elementor-widget-container\">\n\t\t\t\t\t<h1 class=\"elementor-heading-title elementor-size-default\">Konferen\u010dn\u00ed centrum AOK<\/h1>\t\t\t\t<\/div>\n\t\t\t\t<\/div>\n\t\t\t\t<div class=\"elementor-element elementor-element-0c910c3 elementor-widget-divider--view-line elementor-widget elementor-widget-divider\" data-id=\"0c910c3\" data-element_type=\"widget\" data-e-type=\"widget\" data-widget_type=\"divider.default\">\n\t\t\t\t<div class=\"elementor-widget-container\">\n\t\t\t\t\t\t\t<div class=\"elementor-divider\">\n\t\t\t<span class=\"elementor-divider-separator\">\n\t\t\t\t\t\t<\/span>\n\t\t<\/div>\n\t\t\t\t\t\t<\/div>\n\t\t\t\t<\/div>\n\t\t<div class=\"elementor-element elementor-element-52ce8b6 e-grid e-con-boxed e-con e-child\" data-id=\"52ce8b6\" data-element_type=\"container\" data-e-type=\"container\">\n\t\t\t\t\t<div class=\"e-con-inner\">\n\t\t<div class=\"elementor-element elementor-element-1cfb708 e-con-full e-flex e-con e-child\" data-id=\"1cfb708\" data-element_type=\"container\" data-e-type=\"container\">\n\t\t\t\t<div class=\"elementor-element elementor-element-1d6f8ea elementor-widget elementor-widget-heading\" data-id=\"1d6f8ea\" data-element_type=\"widget\" data-e-type=\"widget\" data-widget_type=\"heading.default\">\n\t\t\t\t<div class=\"elementor-widget-container\">\n\t\t\t\t\t<h2 class=\"elementor-heading-title elementor-size-default\">V\u00fdzva<\/h2>\t\t\t\t<\/div>\n\t\t\t\t<\/div>\n\t\t\t\t<div class=\"elementor-element elementor-element-1adffe3 elementor-widget elementor-widget-text-editor\" data-id=\"1adffe3\" data-element_type=\"widget\" data-e-type=\"widget\" data-widget_type=\"text-editor.default\">\n\t\t\t\t<div class=\"elementor-widget-container\">\n\t\t\t\t\t\t\t\t\t<p><span class=\"text_node\" data-v-816e464e=\"\" data-v-4d192987=\"\">Vybavit  <\/span><span class=\"text_node rw_adf_text_strong\" data-v-816e464e=\"\" data-v-4d192987=\"\">56 pokoj\u016f<\/span><span class=\"text_node\" data-v-816e464e=\"\" data-v-4d192987=\"\">  v  <\/span><a class=\"link_node text_node rw_adf_text_strong\" tabindex=\"0\" href=\"https:\/\/www.aok.de\/fm\/en-uk?s_kwcid=AL!10517!3!445355617851!e!!g!!aok%20germany&amp;cid=aok;1;4;Zuwandererportal;1;42\" target=\"_blank\" rel=\"noopener\" data-v-098e4e53=\"\" data-v-816e464e=\"\" data-v-4d192987=\"\" data-ui-id=\"text-link\" data-ui-content=\"AOK  \"><span class=\"inline_text_span\" data-v-098e4e53=\"\">AOK  <\/span><\/a><span class=\"text_node rw_adf_text_strong\" data-v-816e464e=\"\" data-v-4d192987=\"\">konferen\u010dn\u00ed centrum  <\/span><span class=\"text_node\" data-v-816e464e=\"\" data-v-4d192987=\"\">budovu v Norimberku s \u0159e\u0161en\u00edm, \u017ee  <\/span><span class=\"text_node rw_adf_text_strong\" data-v-816e464e=\"\" data-v-4d192987=\"\">usnad\u0148uje proces<\/span><span class=\"text_node\" data-v-816e464e=\"\" data-v-4d192987=\"\">  z  <\/span><span class=\"text_node rw_adf_text_strong\" data-v-816e464e=\"\" data-v-4d192987=\"\">ovl\u00e1d\u00e1n\u00ed <\/span><span class=\"text_node\" data-v-816e464e=\"\" data-v-4d192987=\"\">&amp;  <\/span><span class=\"text_node rw_adf_text_strong\" data-v-816e464e=\"\" data-v-4d192987=\"\">rezervace  <\/span><span class=\"text_node\" data-v-816e464e=\"\" data-v-4d192987=\"\">ob\u011b samostatn\u011b<\/span><span class=\"text_node rw_adf_text_strong\" data-v-816e464e=\"\" data-v-4d192987=\"\">  pracovi\u0161t\u011b<\/span><span class=\"text_node\" data-v-816e464e=\"\" data-v-4d192987=\"\">  a v\u011bt\u0161\u00ed  <\/span><span class=\"text_node rw_adf_text_strong\" data-v-816e464e=\"\" data-v-4d192987=\"\">pracovn\u00ed prostory<\/span><span class=\"text_node\" data-v-816e464e=\"\" data-v-4d192987=\"\">.<\/span><\/p>\t\t\t\t\t\t\t\t<\/div>\n\t\t\t\t<\/div>\n\t\t\t\t<\/div>\n\t\t<div class=\"elementor-element elementor-element-d1c94da e-con-full e-flex e-con e-child\" data-id=\"d1c94da\" data-element_type=\"container\" data-e-type=\"container\">\n\t\t\t\t<div class=\"elementor-element elementor-element-b1c848f elementor-widget elementor-widget-image\" data-id=\"b1c848f\" data-element_type=\"widget\" data-e-type=\"widget\" data-widget_type=\"image.default\">\n\t\t\t\t<div class=\"elementor-widget-container\">\n\t\t\t\t\t\t\t\t\t\t\t\t\t\t\t<img fetchpriority=\"high\" decoding=\"async\" width=\"1024\" height=\"576\" src=\"https:\/\/www.cuesystem.com\/wp-content\/uploads\/2025\/01\/CaseStudy_AOK.png\" class=\"attachment-large size-large wp-image-28019\" alt=\"\" srcset=\"https:\/\/www.cuesystem.com\/wp-content\/uploads\/2025\/01\/CaseStudy_AOK.png 1024w, https:\/\/www.cuesystem.com\/wp-content\/uploads\/2025\/01\/CaseStudy_AOK-300x169.png 300w\" sizes=\"(max-width: 1024px) 100vw, 1024px\" \/>\t\t\t\t\t\t\t\t\t\t\t\t\t\t\t<\/div>\n\t\t\t\t<\/div>\n\t\t\t\t<\/div>\n\t\t\t\t\t<\/div>\n\t\t\t\t<\/div>\n\t\t<div class=\"elementor-element elementor-element-f83b413 e-grid e-con-boxed e-con e-child\" data-id=\"f83b413\" data-element_type=\"container\" data-e-type=\"container\">\n\t\t\t\t\t<div class=\"e-con-inner\">\n\t\t<div class=\"elementor-element elementor-element-db65af2 e-con-full e-flex e-con e-child\" data-id=\"db65af2\" data-element_type=\"container\" data-e-type=\"container\">\n\t\t\t\t<div class=\"elementor-element elementor-element-b9cc5f3 elementor-widget elementor-widget-image\" data-id=\"b9cc5f3\" data-element_type=\"widget\" data-e-type=\"widget\" data-widget_type=\"image.default\">\n\t\t\t\t<div class=\"elementor-widget-container\">\n\t\t\t\t\t\t\t\t\t\t\t\t\t\t\t<img decoding=\"async\" width=\"1024\" height=\"572\" src=\"https:\/\/www.cuesystem.com\/wp-content\/uploads\/2025\/01\/logo-social-media-3a2e5257eec48790d073aca432c19414-1024x572.jpg\" class=\"attachment-large size-large wp-image-28136\" alt=\"\" srcset=\"https:\/\/www.cuesystem.com\/wp-content\/uploads\/2025\/01\/logo-social-media-3a2e5257eec48790d073aca432c19414-1024x572.jpg 1024w, https:\/\/www.cuesystem.com\/wp-content\/uploads\/2025\/01\/logo-social-media-3a2e5257eec48790d073aca432c19414-300x168.jpg 300w, https:\/\/www.cuesystem.com\/wp-content\/uploads\/2025\/01\/logo-social-media-3a2e5257eec48790d073aca432c19414.jpg 2000w\" sizes=\"(max-width: 1024px) 100vw, 1024px\" \/>\t\t\t\t\t\t\t\t\t\t\t\t\t\t\t<\/div>\n\t\t\t\t<\/div>\n\t\t\t\t<\/div>\n\t\t<div class=\"elementor-element elementor-element-3899f2b e-con-full e-flex e-con e-child\" data-id=\"3899f2b\" data-element_type=\"container\" data-e-type=\"container\">\n\t\t\t\t<div class=\"elementor-element elementor-element-39f0c97 elementor-widget elementor-widget-heading\" data-id=\"39f0c97\" data-element_type=\"widget\" data-e-type=\"widget\" data-widget_type=\"heading.default\">\n\t\t\t\t<div class=\"elementor-widget-container\">\n\t\t\t\t\t<h2 class=\"elementor-heading-title elementor-size-default\">O spole\u010dnosti AOK  <\/h2>\t\t\t\t<\/div>\n\t\t\t\t<\/div>\n\t\t\t\t<div class=\"elementor-element elementor-element-15fe2a2 elementor-widget elementor-widget-text-editor\" data-id=\"15fe2a2\" data-element_type=\"widget\" data-e-type=\"widget\" data-widget_type=\"text-editor.default\">\n\t\t\t\t<div class=\"elementor-widget-container\">\n\t\t\t\t\t\t\t\t\t<p class=\"\" data-v-4d192987=\"\" data-v-4a7aac3a=\"\"><a class=\"link_node text_node rw_adf_text_strong\" tabindex=\"0\" href=\"https:\/\/www.aok.de\/fm\/en-uk?s_kwcid=AL!10517!3!445355617851!e!!g!!aok%20germany&amp;cid=aok;1;4;Zuwandererportal;1;42\" target=\"_blank\" rel=\"noopener\" data-v-098e4e53=\"\" data-v-816e464e=\"\" data-v-4d192987=\"\" data-ui-id=\"text-link\" data-ui-content=\"AOK \"><span class=\"inline_text_span\" data-v-098e4e53=\"\">AOK <\/span><\/a><span class=\"text_node\" data-v-816e464e=\"\" data-v-4d192987=\"\">je poskytovatelem z\u00e1konn\u00e9ho zdravotn\u00edho poji\u0161t\u011bn\u00ed v N\u011bmecku.<\/span><\/p><p class=\"\" data-v-4d192987=\"\" data-v-4a7aac3a=\"\"><span class=\"text_node\" data-v-816e464e=\"\" data-v-4d192987=\"\">Na\u0161e <\/span><span class=\"text_node rw_adf_text_strong\" data-v-816e464e=\"\" data-v-4d192987=\"\">N\u011bmeck\u00fd distributor <\/span><a class=\"link_node text_node rw_adf_text_strong\" tabindex=\"0\" href=\"https:\/\/www.prodytel.de\/\" target=\"_blank\" rel=\"noopener\" data-v-098e4e53=\"\" data-v-816e464e=\"\" data-v-4d192987=\"\" data-ui-id=\"text-link\" data-ui-content=\"prodyTel Distribution GmbH\"><span class=\"inline_text_span\" data-v-098e4e53=\"\">prodyTel Distribution GmbH<\/span><\/a><span class=\"text_node rw_adf_text_strong\" data-v-816e464e=\"\" data-v-4d192987=\"\"> <\/span><span class=\"text_node\" data-v-816e464e=\"\" data-v-4d192987=\"\">se postaral o realizaci projektu.<\/span><\/p>\t\t\t\t\t\t\t\t<\/div>\n\t\t\t\t<\/div>\n\t\t\t\t<\/div>\n\t\t\t\t\t<\/div>\n\t\t\t\t<\/div>\n\t\t<div class=\"elementor-element elementor-element-ee98138 e-grid e-con-boxed e-con e-child\" data-id=\"ee98138\" data-element_type=\"container\" data-e-type=\"container\">\n\t\t\t\t\t<div class=\"e-con-inner\">\n\t\t<div class=\"elementor-element elementor-element-855cf8f e-con-full e-flex e-con e-child\" data-id=\"855cf8f\" data-element_type=\"container\" data-e-type=\"container\">\n\t\t\t\t<div class=\"elementor-element elementor-element-f6f6353 elementor-widget elementor-widget-heading\" data-id=\"f6f6353\" data-element_type=\"widget\" data-e-type=\"widget\" data-widget_type=\"heading.default\">\n\t\t\t\t<div class=\"elementor-widget-container\">\n\t\t\t\t\t<h2 class=\"elementor-heading-title elementor-size-default\">Na\u0161e p\u0159edsevzet\u00ed<\/h2>\t\t\t\t<\/div>\n\t\t\t\t<\/div>\n\t\t\t\t<div class=\"elementor-element elementor-element-41fa6e6 elementor-widget elementor-widget-text-editor\" data-id=\"41fa6e6\" data-element_type=\"widget\" data-e-type=\"widget\" data-widget_type=\"text-editor.default\">\n\t\t\t\t<div class=\"elementor-widget-container\">\n\t\t\t\t\t\t\t\t\t<p class=\"\" data-v-4d192987=\"\" data-v-4a7aac3a=\"\"><span class=\"text_node\" data-v-816e464e=\"\" data-v-4d192987=\"\">Nainstalovali jsme p\u0159esn\u011b <\/span><span class=\"text_node rw_adf_text_strong\" data-v-816e464e=\"\" data-v-4d192987=\"\">77x <\/span><a class=\"link_node text_node rw_adf_text_strong\" tabindex=\"0\" href=\"https:\/\/cuesystem.com\/EN\/Products?id=decda987-9147-4204-9d5f-cec4369e41a9\" target=\"_blank\" rel=\"noopener\" data-v-098e4e53=\"\" data-v-816e464e=\"\" data-v-4d192987=\"\" data-ui-id=\"text-link\" data-ui-content=\"touchCUE-7\/-7M\"><span class=\"inline_text_span\" data-v-098e4e53=\"\">touchCUE-7\/-7M<\/span><\/a><span class=\"text_node\" data-v-816e464e=\"\" data-v-4d192987=\"\">, <\/span><span class=\"text_node rw_adf_text_strong\" data-v-816e464e=\"\" data-v-4d192987=\"\">20x <\/span><a class=\"link_node text_node rw_adf_text_strong\" tabindex=\"0\" href=\"https:\/\/cuesystem.com\/EN\/Products?id=d9e035ab-b00a-4aec-96f7-f52ad04bcd80\" target=\"_blank\" rel=\"noopener\" data-v-098e4e53=\"\" data-v-816e464e=\"\" data-v-4d192987=\"\" data-ui-id=\"text-link\" data-ui-content=\"touchONE-desk-55\"><span class=\"inline_text_span\" data-v-098e4e53=\"\">touchONE-desk-55<\/span><\/a><span class=\"text_node\" data-v-816e464e=\"\" data-v-4d192987=\"\"> &amp; <\/span><span class=\"text_node rw_adf_text_strong\" data-v-816e464e=\"\" data-v-4d192987=\"\">12x <\/span><a class=\"link_node text_node rw_adf_text_strong\" tabindex=\"0\" href=\"https:\/\/cuesystem.com\/EN\/Products?id=2109a5ef-414d-4348-a65f-d9277e7d1864\" target=\"_blank\" rel=\"noopener\" data-v-098e4e53=\"\" data-v-816e464e=\"\" data-v-4d192987=\"\" data-ui-id=\"text-link\" data-ui-content=\"controlCUE-knx-d\"><span class=\"inline_text_span\" data-v-098e4e53=\"\">controlCUE-knx-d<\/span><\/a><span class=\"text_node\" data-v-816e464e=\"\" data-v-4d192987=\"\">.<\/span><\/p><p class=\"\" data-v-4d192987=\"\" data-v-4a7aac3a=\"\"><span class=\"text_node\" data-v-816e464e=\"\" data-v-4d192987=\"\">Na\u0161\u00edm hlavn\u00edm c\u00edlem bylo pracovat na <\/span><span class=\"text_node rw_adf_text_strong\" data-v-816e464e=\"\" data-v-4d192987=\"\">ovl\u00e1dac\u00edm prvkem <\/span> <span class=\"text_node\" data-v-816e464e=\"\" data-v-4d192987=\"\">tohoto komplexn\u00edho projektu. A   <\/span><span class=\"text_node rw_adf_text_strong\" data-v-816e464e=\"\" data-v-4d192987=\"\">prakti\u010dnost <\/span><span class=\"text_node\" data-v-816e464e=\"\" data-v-4d192987=\"\">byla pro n\u00e1s kl\u00ed\u010dov\u00fdm bodem cel\u00e9 implementace.<\/span><\/p><p class=\"\" data-v-4d192987=\"\" data-v-4a7aac3a=\"\"><span class=\"text_node\" data-v-816e464e=\"\" data-v-4d192987=\"\">Pr\u00e1v\u011b proto jsme se rozhodli pro individu\u00e1ln\u00ed \u00fapravy. Krom\u011b dod\u00e1vky a instalace na\u0161ich klasick\u00fdch produkt\u016f jsme vyvinuli i syst\u00e9m  <\/span><span class=\"text_node rw_adf_text_strong\" data-v-816e464e=\"\" data-v-4d192987=\"\">speci\u00e1ln\u00ed funkce<\/span><span class=\"text_node\" data-v-816e464e=\"\" data-v-4d192987=\"\">, kter\u00e1 umo\u017e\u0148uje dotykov\u00fdm panel\u016fm <\/span><span class=\"text_node rw_adf_text_strong\" data-v-816e464e=\"\" data-v-4d192987=\"\">vyt\u00e1hnout <\/span><span class=\"text_node\" data-v-816e464e=\"\" data-v-4d192987=\"\">jejich <\/span><span class=\"text_node rw_adf_text_strong\" data-v-816e464e=\"\" data-v-4d192987=\"\">konfiguraci p\u0159\u00edmo <\/span><span class=\"text_node\" data-v-816e464e=\"\" data-v-4d192987=\"\">z <\/span><span class=\"text_node rw_adf_text_strong\" data-v-816e464e=\"\" data-v-4d192987=\"\">centr\u00e1ln\u00edho serveru<\/span><span class=\"text_node\" data-v-816e464e=\"\" data-v-4d192987=\"\">.<\/span><\/p>\t\t\t\t\t\t\t\t<\/div>\n\t\t\t\t<\/div>\n\t\t\t\t<\/div>\n\t\t<div class=\"elementor-element elementor-element-c7610ee e-con-full e-flex e-con e-child\" data-id=\"c7610ee\" data-element_type=\"container\" data-e-type=\"container\">\n\t\t\t\t<div class=\"elementor-element elementor-element-a3d6284 elementor-widget elementor-widget-image\" data-id=\"a3d6284\" data-element_type=\"widget\" data-e-type=\"widget\" data-widget_type=\"image.default\">\n\t\t\t\t<div class=\"elementor-widget-container\">\n\t\t\t\t\t\t\t\t\t\t\t\t\t\t\t<img decoding=\"async\" width=\"750\" height=\"563\" src=\"https:\/\/www.cuesystem.com\/wp-content\/uploads\/2025\/01\/smaller_meeting_room_with_open_housing_ionp62.jpg\" class=\"attachment-large size-large wp-image-28153\" alt=\"\" srcset=\"https:\/\/www.cuesystem.com\/wp-content\/uploads\/2025\/01\/smaller_meeting_room_with_open_housing_ionp62.jpg 750w, https:\/\/www.cuesystem.com\/wp-content\/uploads\/2025\/01\/smaller_meeting_room_with_open_housing_ionp62-300x225.jpg 300w\" sizes=\"(max-width: 750px) 100vw, 750px\" \/>\t\t\t\t\t\t\t\t\t\t\t\t\t\t\t<\/div>\n\t\t\t\t<\/div>\n\t\t\t\t<\/div>\n\t\t\t\t\t<\/div>\n\t\t\t\t<\/div>\n\t\t\t\t<div class=\"elementor-element elementor-element-ad37539 elementor-widget elementor-widget-heading\" data-id=\"ad37539\" data-element_type=\"widget\" data-e-type=\"widget\" data-widget_type=\"heading.default\">\n\t\t\t\t<div class=\"elementor-widget-container\">\n\t\t\t\t\t<h2 class=\"elementor-heading-title elementor-size-default\">O tomto projektu - Berndt Schindler pro Inavate EMEA  \n<\/h2>\t\t\t\t<\/div>\n\t\t\t\t<\/div>\n\t\t\t\t<div class=\"elementor-element elementor-element-6618a20 elementor-align-center elementor-widget elementor-widget-button\" data-id=\"6618a20\" data-element_type=\"widget\" data-e-type=\"widget\" data-widget_type=\"button.default\">\n\t\t\t\t<div class=\"elementor-widget-container\">\n\t\t\t\t\t\t\t\t\t<div class=\"elementor-button-wrapper\">\n\t\t\t\t\t<a class=\"elementor-button elementor-button-link elementor-size-sm\" href=\"https:\/\/www.inavateonthenet.net\/features\/article\/the-ford-model-t--of-meeting-rooms\" target=\"_blank\">\n\t\t\t\t\t\t<span class=\"elementor-button-content-wrapper\">\n\t\t\t\t\t\t\t\t\t<span class=\"elementor-button-text\">Viz v\u00edce<\/span>\n\t\t\t\t\t<\/span>\n\t\t\t\t\t<\/a>\n\t\t\t\t<\/div>\n\t\t\t\t\t\t\t\t<\/div>\n\t\t\t\t<\/div>\n\t\t\t\t<\/div>\n\t\t\t\t<\/div>\n\t\t","protected":false},"excerpt":{"rendered":"<p>P\u0159\u00edpadov\u00e1 studie Konferen\u010dn\u00ed centrum AOK V\u00fdzva Vybavit 56 pokoj\u016f v AOK konferen\u010dn\u00ed centrum budovu v Norimberku s \u0159e\u0161en\u00edm, \u017ee usnad\u0148uje proces z ovl\u00e1d\u00e1n\u00ed &amp; rezervace ob\u011b samostatn\u011b pracovi\u0161t\u011b a v\u011bt\u0161\u00ed pracovn\u00ed prostory. O spole\u010dnosti AOK AOK je poskytovatelem z\u00e1konn\u00e9ho zdravotn\u00edho poji\u0161t\u011bn\u00ed v N\u011bmecku. Na\u0161e N\u011bmeck\u00fd distributor prodyTel Distribution GmbH se postaral o realizaci projektu. Na\u0161e <a href=\"https:\/\/www.cuesystem.com\/cs\/pripadove-studie\/konferencni-centrum-aok\/\" class=\"more-link\">&#8230;<span class=\"screen-reader-text\">  Konferen\u010dn\u00ed centrum AOK<\/span><\/a><\/p>\n","protected":false},"author":3,"featured_media":0,"parent":29856,"menu_order":266,"comment_status":"closed","ping_status":"closed","template":"","meta":{"_acf_changed":false,"inline_featured_image":false,"footnotes":""},"kategorie":[],"class_list":["post-29895","page","type-page","status-publish","hentry"],"acf":[],"_links":{"self":[{"href":"https:\/\/www.cuesystem.com\/cs\/wp-json\/wp\/v2\/pages\/29895","targetHints":{"allow":["GET"]}}],"collection":[{"href":"https:\/\/www.cuesystem.com\/cs\/wp-json\/wp\/v2\/pages"}],"about":[{"href":"https:\/\/www.cuesystem.com\/cs\/wp-json\/wp\/v2\/types\/page"}],"author":[{"embeddable":true,"href":"https:\/\/www.cuesystem.com\/cs\/wp-json\/wp\/v2\/users\/3"}],"replies":[{"embeddable":true,"href":"https:\/\/www.cuesystem.com\/cs\/wp-json\/wp\/v2\/comments?post=29895"}],"version-history":[{"count":1,"href":"https:\/\/www.cuesystem.com\/cs\/wp-json\/wp\/v2\/pages\/29895\/revisions"}],"predecessor-version":[{"id":29896,"href":"https:\/\/www.cuesystem.com\/cs\/wp-json\/wp\/v2\/pages\/29895\/revisions\/29896"}],"up":[{"embeddable":true,"href":"https:\/\/www.cuesystem.com\/cs\/wp-json\/wp\/v2\/pages\/29856"}],"wp:attachment":[{"href":"https:\/\/www.cuesystem.com\/cs\/wp-json\/wp\/v2\/media?parent=29895"}],"wp:term":[{"taxonomy":"kategorie","embeddable":true,"href":"https:\/\/www.cuesystem.com\/cs\/wp-json\/wp\/v2\/kategorie?post=29895"}],"curies":[{"name":"wp","href":"https:\/\/api.w.org\/{rel}","templated":true}]}}