{"id":29897,"date":"2025-01-29T16:54:28","date_gmt":"2025-01-29T15:54:28","guid":{"rendered":"https:\/\/www.cuesystem.com\/pripadove-studie\/integrace-senzoru-steinel\/"},"modified":"2025-06-19T10:20:51","modified_gmt":"2025-06-19T08:20:51","slug":"integrace-senzoru-steinel","status":"publish","type":"page","link":"https:\/\/www.cuesystem.com\/cs\/pripadove-studie\/integrace-senzoru-steinel\/","title":{"rendered":"Integrace senzor\u016f STEINEL"},"content":{"rendered":"\t\t<div data-elementor-type=\"wp-page\" data-elementor-id=\"29897\" class=\"elementor elementor-29897 elementor-28072\" data-elementor-post-type=\"page\">\n\t\t\t\t<div class=\"elementor-element elementor-element-5d889de e-con-full e-flex e-con e-child\" data-id=\"5d889de\" data-element_type=\"container\" data-e-type=\"container\">\n\t\t\t\t<div class=\"elementor-element elementor-element-f165495 elementor-widget elementor-widget-heading\" data-id=\"f165495\" data-element_type=\"widget\" data-e-type=\"widget\" data-widget_type=\"heading.default\">\n\t\t\t\t<div class=\"elementor-widget-container\">\n\t\t\t\t\t<h3 class=\"elementor-heading-title elementor-size-default\">P\u0159\u00edpadov\u00e1 studie<\/h3>\t\t\t\t<\/div>\n\t\t\t\t<\/div>\n\t\t\t\t<div class=\"elementor-element elementor-element-584ce1e elementor-widget elementor-widget-heading\" data-id=\"584ce1e\" data-element_type=\"widget\" data-e-type=\"widget\" data-widget_type=\"heading.default\">\n\t\t\t\t<div class=\"elementor-widget-container\">\n\t\t\t\t\t<h1 class=\"elementor-heading-title elementor-size-default\">Integrace senzor\u016f STEINEL<\/h1>\t\t\t\t<\/div>\n\t\t\t\t<\/div>\n\t\t\t\t<div class=\"elementor-element elementor-element-9284367 elementor-widget-divider--view-line elementor-widget elementor-widget-divider\" data-id=\"9284367\" data-element_type=\"widget\" data-e-type=\"widget\" data-widget_type=\"divider.default\">\n\t\t\t\t<div class=\"elementor-widget-container\">\n\t\t\t\t\t\t\t<div class=\"elementor-divider\">\n\t\t\t<span class=\"elementor-divider-separator\">\n\t\t\t\t\t\t<\/span>\n\t\t<\/div>\n\t\t\t\t\t\t<\/div>\n\t\t\t\t<\/div>\n\t\t<div class=\"elementor-element elementor-element-b40e6af e-grid e-con-boxed e-con e-child\" data-id=\"b40e6af\" data-element_type=\"container\" data-e-type=\"container\">\n\t\t\t\t\t<div class=\"e-con-inner\">\n\t\t<div class=\"elementor-element elementor-element-1272286 e-con-full e-flex e-con e-child\" data-id=\"1272286\" data-element_type=\"container\" data-e-type=\"container\">\n\t\t\t\t<div class=\"elementor-element elementor-element-fe84c0b elementor-widget elementor-widget-heading\" data-id=\"fe84c0b\" data-element_type=\"widget\" data-e-type=\"widget\" data-widget_type=\"heading.default\">\n\t\t\t\t<div class=\"elementor-widget-container\">\n\t\t\t\t\t<h2 class=\"elementor-heading-title elementor-size-default\">V\u00fdzva<\/h2>\t\t\t\t<\/div>\n\t\t\t\t<\/div>\n\t\t\t\t<div class=\"elementor-element elementor-element-7e71572 elementor-widget elementor-widget-text-editor\" data-id=\"7e71572\" data-element_type=\"widget\" data-e-type=\"widget\" data-widget_type=\"text-editor.default\">\n\t\t\t\t<div class=\"elementor-widget-container\">\n\t\t\t\t\t\t\t\t\t<p>Zajistit snadnou orientaci v budov\u011b, chytr\u00e9 \u0159e\u0161en\u00ed rezervac\u00ed a celkov\u011b intuitivn\u00ed rozhran\u00ed srozumiteln\u00e9 pro ka\u017ed\u00e9ho \u010dlena t\u00fdmu.<\/p>\t\t\t\t\t\t\t\t<\/div>\n\t\t\t\t<\/div>\n\t\t\t\t<\/div>\n\t\t<div class=\"elementor-element elementor-element-682e59d e-con-full e-flex e-con e-child\" data-id=\"682e59d\" data-element_type=\"container\" data-e-type=\"container\">\n\t\t\t\t<div class=\"elementor-element elementor-element-810cb92 elementor-widget elementor-widget-image\" data-id=\"810cb92\" data-element_type=\"widget\" data-e-type=\"widget\" data-widget_type=\"image.default\">\n\t\t\t\t<div class=\"elementor-widget-container\">\n\t\t\t\t\t\t\t\t\t\t\t\t\t\t\t<img fetchpriority=\"high\" decoding=\"async\" width=\"1024\" height=\"576\" src=\"https:\/\/www.cuesystem.com\/wp-content\/uploads\/2025\/01\/LogoSTEINEL-1024x576.png\" class=\"attachment-large size-large wp-image-28081\" alt=\"\" srcset=\"https:\/\/www.cuesystem.com\/wp-content\/uploads\/2025\/01\/LogoSTEINEL-1024x576.png 1024w, https:\/\/www.cuesystem.com\/wp-content\/uploads\/2025\/01\/LogoSTEINEL-300x169.png 300w, https:\/\/www.cuesystem.com\/wp-content\/uploads\/2025\/01\/LogoSTEINEL.png 1500w\" sizes=\"(max-width: 1024px) 100vw, 1024px\" \/>\t\t\t\t\t\t\t\t\t\t\t\t\t\t\t<\/div>\n\t\t\t\t<\/div>\n\t\t\t\t<\/div>\n\t\t\t\t\t<\/div>\n\t\t\t\t<\/div>\n\t\t<div class=\"elementor-element elementor-element-f83de22 e-grid e-con-boxed e-con e-child\" data-id=\"f83de22\" data-element_type=\"container\" data-e-type=\"container\">\n\t\t\t\t\t<div class=\"e-con-inner\">\n\t\t<div class=\"elementor-element elementor-element-8b7fbbe e-con-full e-flex e-con e-child\" data-id=\"8b7fbbe\" data-element_type=\"container\" data-e-type=\"container\">\n\t\t\t\t<div class=\"elementor-element elementor-element-57716c4 elementor-widget elementor-widget-image\" data-id=\"57716c4\" data-element_type=\"widget\" data-e-type=\"widget\" data-widget_type=\"image.default\">\n\t\t\t\t<div class=\"elementor-widget-container\">\n\t\t\t\t\t\t\t\t\t\t\t\t\t\t\t<img decoding=\"async\" width=\"1024\" height=\"576\" src=\"https:\/\/www.cuesystem.com\/wp-content\/uploads\/2025\/01\/SteinelLiberec_Offices_Screenshot-1024x576.png\" class=\"attachment-large size-large wp-image-28086\" alt=\"\" srcset=\"https:\/\/www.cuesystem.com\/wp-content\/uploads\/2025\/01\/SteinelLiberec_Offices_Screenshot-1024x576.png 1024w, https:\/\/www.cuesystem.com\/wp-content\/uploads\/2025\/01\/SteinelLiberec_Offices_Screenshot-300x169.png 300w, https:\/\/www.cuesystem.com\/wp-content\/uploads\/2025\/01\/SteinelLiberec_Offices_Screenshot.png 1536w\" sizes=\"(max-width: 1024px) 100vw, 1024px\" \/>\t\t\t\t\t\t\t\t\t\t\t\t\t\t\t<\/div>\n\t\t\t\t<\/div>\n\t\t\t\t<\/div>\n\t\t<div class=\"elementor-element elementor-element-2918ebe e-con-full e-flex e-con e-child\" data-id=\"2918ebe\" data-element_type=\"container\" data-e-type=\"container\">\n\t\t\t\t<div class=\"elementor-element elementor-element-38049c8 elementor-widget elementor-widget-heading\" data-id=\"38049c8\" data-element_type=\"widget\" data-e-type=\"widget\" data-widget_type=\"heading.default\">\n\t\t\t\t<div class=\"elementor-widget-container\">\n\t\t\t\t\t<h2 class=\"elementor-heading-title elementor-size-default\">O spole\u010dnosti STEINEL<\/h2>\t\t\t\t<\/div>\n\t\t\t\t<\/div>\n\t\t\t\t<div class=\"elementor-element elementor-element-d19c638 elementor-widget elementor-widget-text-editor\" data-id=\"d19c638\" data-element_type=\"widget\" data-e-type=\"widget\" data-widget_type=\"text-editor.default\">\n\t\t\t\t<div class=\"elementor-widget-container\">\n\t\t\t\t\t\t\t\t\t<p class=\"\" data-v-4d192987=\"\" data-v-4a7aac3a=\"\"><a class=\"link_node text_node rw_adf_text_strong\" tabindex=\"0\" href=\"https:\/\/www.steinel.cz\/en\/\" target=\"_blank\" rel=\"noopener\" data-v-098e4e53=\"\" data-v-816e464e=\"\" data-v-4d192987=\"\" data-ui-id=\"text-link\" data-ui-content=\"STEINEL\"><span class=\"inline_text_span\" data-v-098e4e53=\"\">STEINEL<\/span><\/a><span class=\"text_node\" data-v-816e464e=\"\" data-v-4d192987=\"\"> pat\u0159\u00ed mezi \u0161pi\u010dkov\u00e9 v\u00fdrobce infra\u010derven\u00fdch senzor\u016f, senzorov\u00fdch lamp, horkovzdu\u0161n\u00fdch pistol\u00ed, tavn\u00fdch lepic\u00edch pistol\u00ed a elektronick\u00fdch zkou\u0161e\u010dek nap\u011bt\u00ed.<\/span><\/p><p class=\"\" data-v-4d192987=\"\" data-v-4a7aac3a=\"\"><span class=\"text_node\" data-v-816e464e=\"\" data-v-4d192987=\"\">Projekt byl realizov\u00e1n <\/span><span class=\"text_node rw_adf_text_strong\" data-v-816e464e=\"\" data-v-4d192987=\"\">p\u0159\u00edmo na\u0161\u00ed spole\u010dnost\u00ed<\/span><span class=\"text_node\" data-v-816e464e=\"\" data-v-4d192987=\"\">.<\/span><\/p>\t\t\t\t\t\t\t\t<\/div>\n\t\t\t\t<\/div>\n\t\t\t\t<\/div>\n\t\t\t\t\t<\/div>\n\t\t\t\t<\/div>\n\t\t<div class=\"elementor-element elementor-element-af87c28 e-grid e-con-boxed e-con e-child\" data-id=\"af87c28\" data-element_type=\"container\" data-e-type=\"container\">\n\t\t\t\t\t<div class=\"e-con-inner\">\n\t\t<div class=\"elementor-element elementor-element-ae5eb9a e-con-full e-flex e-con e-child\" data-id=\"ae5eb9a\" data-element_type=\"container\" data-e-type=\"container\">\n\t\t\t\t<div class=\"elementor-element elementor-element-64e078c elementor-widget elementor-widget-heading\" data-id=\"64e078c\" data-element_type=\"widget\" data-e-type=\"widget\" data-widget_type=\"heading.default\">\n\t\t\t\t<div class=\"elementor-widget-container\">\n\t\t\t\t\t<h2 class=\"elementor-heading-title elementor-size-default\">Na\u0161e p\u0159edsevzet\u00ed<\/h2>\t\t\t\t<\/div>\n\t\t\t\t<\/div>\n\t\t\t\t<div class=\"elementor-element elementor-element-9723c4b elementor-widget elementor-widget-text-editor\" data-id=\"9723c4b\" data-element_type=\"widget\" data-e-type=\"widget\" data-widget_type=\"text-editor.default\">\n\t\t\t\t<div class=\"elementor-widget-container\">\n\t\t\t\t\t\t\t\t\t<p class=\"\" data-v-4d192987=\"\" data-v-4a7aac3a=\"\"><span class=\"text_node\" data-v-816e464e=\"\" data-v-4d192987=\"\">Kancel\u00e1\u0159e STEINEL nyn\u00ed <\/span><span class=\"text_node rw_adf_text_strong\" data-v-816e464e=\"\" data-v-4d192987=\"\">pln\u011b vyu\u017e\u00edvaj\u00ed ekosyst\u00e9m touchONE<\/span><span class=\"text_node\" data-v-816e464e=\"\" data-v-4d192987=\"\">  (nejen) pro rezervace. Zam\u011bstnanci maj\u00ed k dispozici spoustu mo\u017enost\u00ed &#8211; nap\u0159. na\u0161e   <\/span><span class=\"text_node rw_adf_text_strong\" data-v-816e464e=\"\" data-v-4d192987=\"\">mobiln\u00ed aplikaci touchONE-assist<\/span><span class=\"text_node\" data-v-816e464e=\"\" data-v-4d192987=\"\">, kter\u00e1 pom\u00e1h\u00e1 s <\/span><span class=\"text_node rw_adf_text_strong\" data-v-816e464e=\"\" data-v-4d192987=\"\">orientac\u00ed <\/span><span class=\"text_node\" data-v-816e464e=\"\" data-v-4d192987=\"\">po budov\u011b, ale tak\u00e9 s <\/span><span class=\"text_node rw_adf_text_strong\" data-v-816e464e=\"\" data-v-4d192987=\"\">rezervac\u00ed<\/span> <span class=\"text_node\" data-v-816e464e=\"\" data-v-4d192987=\"\">sama o sob\u011b. Mohou si rezervovat zasedac\u00ed m\u00edstnosti, parkovac\u00ed m\u00edsta, pracovn\u00ed m\u00edsta atd. <\/span><\/p><p class=\"\" data-v-4d192987=\"\" data-v-4a7aac3a=\"\"><span class=\"text_node rw_adf_text_strong\" data-v-816e464e=\"\" data-v-4d192987=\"\">N\u00e1sledn\u00fd po\u010det osob je monitorov\u00e1n senzory STEINEL. <\/span><span class=\"text_node\" data-v-816e464e=\"\" data-v-4d192987=\"\">(HPD2 a HPD3).<\/span><\/p><p class=\"\" data-v-4d192987=\"\" data-v-4a7aac3a=\"\"><span class=\"text_node\" data-v-816e464e=\"\" data-v-4d192987=\"\">V kancel\u00e1\u0159\u00edch<\/span> je zam\u011bstnanc\u016fm i n\u00e1v\u0161t\u011bvn\u00edk\u016fm k dispozici <span class=\"text_node rw_adf_text_strong\" data-v-816e464e=\"\" data-v-4d192987=\"\">dotykov\u00fd touchONE-kiosek<\/span>, <span class=\"text_node\" data-v-816e464e=\"\" data-v-4d192987=\"\">na kter\u00e9m<\/span> <span class=\"text_node rw_adf_text_strong\" data-v-816e464e=\"\" data-v-4d192987=\"\">je p\u0159ehledn\u011b zobrazen stav<\/span> <span class=\"text_node\" data-v-816e464e=\"\" data-v-4d192987=\"\">v\u0161ech m\u00edstnost\u00ed (nap\u0159. po\u010det osob v dan\u00e9 m\u00edstnosti) a dal\u0161\u00ed rezervovateln\u00e9 zdroje. Kiosek tak\u00e9 umo\u017e\u0148uje  <\/span><span class=\"text_node rw_adf_text_strong\" data-v-816e464e=\"\" data-v-4d192987=\"\">prov\u00e1d\u011bt <\/span><span class=\"text_node\" data-v-816e464e=\"\" data-v-4d192987=\"\">kr\u00e1tkodob\u00e9 <\/span><span class=\"text_node rw_adf_text_strong\" data-v-816e464e=\"\" data-v-4d192987=\"\">rezervace <\/span><span class=\"text_node\" data-v-816e464e=\"\" data-v-4d192987=\"\">a prodlu\u017eovat je nebo ukon\u010dovat.<\/span><\/p>\t\t\t\t\t\t\t\t<\/div>\n\t\t\t\t<\/div>\n\t\t\t\t<\/div>\n\t\t<div class=\"elementor-element elementor-element-15beb3c e-con-full e-flex e-con e-child\" data-id=\"15beb3c\" data-element_type=\"container\" data-e-type=\"container\">\n\t\t\t\t<div class=\"elementor-element elementor-element-51c379a elementor-widget elementor-widget-image\" data-id=\"51c379a\" data-element_type=\"widget\" data-e-type=\"widget\" data-widget_type=\"image.default\">\n\t\t\t\t<div class=\"elementor-widget-container\">\n\t\t\t\t\t\t\t\t\t\t\t\t\t\t\t<img decoding=\"async\" width=\"1024\" height=\"575\" src=\"https:\/\/www.cuesystem.com\/wp-content\/uploads\/2025\/01\/SteinelLiberec_parking_Screenshot-1024x575.png\" class=\"attachment-large size-large wp-image-28091\" alt=\"\" srcset=\"https:\/\/www.cuesystem.com\/wp-content\/uploads\/2025\/01\/SteinelLiberec_parking_Screenshot-1024x575.png 1024w, https:\/\/www.cuesystem.com\/wp-content\/uploads\/2025\/01\/SteinelLiberec_parking_Screenshot-300x169.png 300w, https:\/\/www.cuesystem.com\/wp-content\/uploads\/2025\/01\/SteinelLiberec_parking_Screenshot.png 1536w\" sizes=\"(max-width: 1024px) 100vw, 1024px\" \/>\t\t\t\t\t\t\t\t\t\t\t\t\t\t\t<\/div>\n\t\t\t\t<\/div>\n\t\t\t\t<\/div>\n\t\t\t\t\t<\/div>\n\t\t\t\t<\/div>\n\t\t\t\t<\/div>\n\t\t\t\t<\/div>\n\t\t","protected":false},"excerpt":{"rendered":"<p>P\u0159\u00edpadov\u00e1 studie Integrace senzor\u016f STEINEL V\u00fdzva Zajistit snadnou orientaci v budov\u011b, chytr\u00e9 \u0159e\u0161en\u00ed rezervac\u00ed a celkov\u011b intuitivn\u00ed rozhran\u00ed srozumiteln\u00e9 pro ka\u017ed\u00e9ho \u010dlena t\u00fdmu. O spole\u010dnosti STEINEL STEINEL pat\u0159\u00ed mezi \u0161pi\u010dkov\u00e9 v\u00fdrobce infra\u010derven\u00fdch senzor\u016f, senzorov\u00fdch lamp, horkovzdu\u0161n\u00fdch pistol\u00ed, tavn\u00fdch lepic\u00edch pistol\u00ed a elektronick\u00fdch zkou\u0161e\u010dek nap\u011bt\u00ed. Projekt byl realizov\u00e1n p\u0159\u00edmo na\u0161\u00ed spole\u010dnost\u00ed. Na\u0161e p\u0159edsevzet\u00ed Kancel\u00e1\u0159e STEINEL nyn\u00ed <a href=\"https:\/\/www.cuesystem.com\/cs\/pripadove-studie\/integrace-senzoru-steinel\/\" class=\"more-link\">&#8230;<span class=\"screen-reader-text\">  Integrace senzor\u016f STEINEL<\/span><\/a><\/p>\n","protected":false},"author":3,"featured_media":0,"parent":29856,"menu_order":279,"comment_status":"closed","ping_status":"closed","template":"","meta":{"_acf_changed":false,"inline_featured_image":false,"footnotes":""},"kategorie":[],"class_list":["post-29897","page","type-page","status-publish","hentry"],"acf":[],"_links":{"self":[{"href":"https:\/\/www.cuesystem.com\/cs\/wp-json\/wp\/v2\/pages\/29897","targetHints":{"allow":["GET"]}}],"collection":[{"href":"https:\/\/www.cuesystem.com\/cs\/wp-json\/wp\/v2\/pages"}],"about":[{"href":"https:\/\/www.cuesystem.com\/cs\/wp-json\/wp\/v2\/types\/page"}],"author":[{"embeddable":true,"href":"https:\/\/www.cuesystem.com\/cs\/wp-json\/wp\/v2\/users\/3"}],"replies":[{"embeddable":true,"href":"https:\/\/www.cuesystem.com\/cs\/wp-json\/wp\/v2\/comments?post=29897"}],"version-history":[{"count":7,"href":"https:\/\/www.cuesystem.com\/cs\/wp-json\/wp\/v2\/pages\/29897\/revisions"}],"predecessor-version":[{"id":31514,"href":"https:\/\/www.cuesystem.com\/cs\/wp-json\/wp\/v2\/pages\/29897\/revisions\/31514"}],"up":[{"embeddable":true,"href":"https:\/\/www.cuesystem.com\/cs\/wp-json\/wp\/v2\/pages\/29856"}],"wp:attachment":[{"href":"https:\/\/www.cuesystem.com\/cs\/wp-json\/wp\/v2\/media?parent=29897"}],"wp:term":[{"taxonomy":"kategorie","embeddable":true,"href":"https:\/\/www.cuesystem.com\/cs\/wp-json\/wp\/v2\/kategorie?post=29897"}],"curies":[{"name":"wp","href":"https:\/\/api.w.org\/{rel}","templated":true}]}}