{"id":30129,"date":"2025-04-25T13:02:46","date_gmt":"2025-04-25T11:02:46","guid":{"rendered":"https:\/\/www.cuesystem.com\/skoda-auto-laurin-klement-kampus\/"},"modified":"2025-05-28T11:45:49","modified_gmt":"2025-05-28T09:45:49","slug":"skoda-auto-laurin-klement-kampus","status":"publish","type":"page","link":"https:\/\/www.cuesystem.com\/cs\/pripadove-studie\/skoda-auto-laurin-klement-kampus\/","title":{"rendered":"\u0160koda Auto: Laurin &amp; Klement Kampus"},"content":{"rendered":"\t\t<div data-elementor-type=\"wp-page\" data-elementor-id=\"30129\" class=\"elementor elementor-30129 elementor-29984\" data-elementor-post-type=\"page\">\n\t\t\t\t<div class=\"elementor-element elementor-element-ed27183 e-con-full e-flex e-con e-child\" data-id=\"ed27183\" data-element_type=\"container\" data-e-type=\"container\">\n\t\t\t\t<div class=\"elementor-element elementor-element-128a18a elementor-widget elementor-widget-heading\" data-id=\"128a18a\" data-element_type=\"widget\" data-e-type=\"widget\" data-widget_type=\"heading.default\">\n\t\t\t\t<div class=\"elementor-widget-container\">\n\t\t\t\t\t<h3 class=\"elementor-heading-title elementor-size-default\">P\u0159\u00edpadov\u00e1 studie<\/h3>\t\t\t\t<\/div>\n\t\t\t\t<\/div>\n\t\t\t\t<div class=\"elementor-element elementor-element-482c516 elementor-widget elementor-widget-heading\" data-id=\"482c516\" data-element_type=\"widget\" data-e-type=\"widget\" data-widget_type=\"heading.default\">\n\t\t\t\t<div class=\"elementor-widget-container\">\n\t\t\t\t\t<h1 class=\"elementor-heading-title elementor-size-default\">\u0160koda Auto: Laurin &amp; Klement Kampus<\/h1>\t\t\t\t<\/div>\n\t\t\t\t<\/div>\n\t\t\t\t<div class=\"elementor-element elementor-element-dbaa5f0 elementor-widget-divider--view-line elementor-widget elementor-widget-divider\" data-id=\"dbaa5f0\" data-element_type=\"widget\" data-e-type=\"widget\" data-widget_type=\"divider.default\">\n\t\t\t\t<div class=\"elementor-widget-container\">\n\t\t\t\t\t\t\t<div class=\"elementor-divider\">\n\t\t\t<span class=\"elementor-divider-separator\">\n\t\t\t\t\t\t<\/span>\n\t\t<\/div>\n\t\t\t\t\t\t<\/div>\n\t\t\t\t<\/div>\n\t\t<div class=\"elementor-element elementor-element-63427fe e-grid e-con-boxed e-con e-child\" data-id=\"63427fe\" data-element_type=\"container\" data-e-type=\"container\">\n\t\t\t\t\t<div class=\"e-con-inner\">\n\t\t<div class=\"elementor-element elementor-element-17dd935 e-con-full e-flex e-con e-child\" data-id=\"17dd935\" data-element_type=\"container\" data-e-type=\"container\">\n\t\t\t\t<div class=\"elementor-element elementor-element-50578e4 elementor-widget elementor-widget-heading\" data-id=\"50578e4\" data-element_type=\"widget\" data-e-type=\"widget\" data-widget_type=\"heading.default\">\n\t\t\t\t<div class=\"elementor-widget-container\">\n\t\t\t\t\t<h2 class=\"elementor-heading-title elementor-size-default\">V\u00fdzva<\/h2>\t\t\t\t<\/div>\n\t\t\t\t<\/div>\n\t\t\t\t<div class=\"elementor-element elementor-element-a8eb09d elementor-widget elementor-widget-text-editor\" data-id=\"a8eb09d\" data-element_type=\"widget\" data-e-type=\"widget\" data-widget_type=\"text-editor.default\">\n\t\t\t\t<div class=\"elementor-widget-container\">\n\t\t\t\t\t\t\t\t\t<p>Nov\u00e9 s\u00eddlo spole\u010dnosti <a href=\"https:\/\/www.skoda-auto.com\/\"><strong>\u0160koda Auto<\/strong><\/a>, <a href=\"https:\/\/www.skoda-storyboard.com\/en\/press-releases\/laurin-klement-kampus-construction-of-skoda-autos-new-headquarters-completed\/\"><strong>Laurin &amp; Klement Campus (LKK)<\/strong><\/a> v Mlad\u00e9 Boleslavi pot\u0159ebovalo <strong>\u0161pi\u010dkov\u00e9 \u0159e\u0161en\u00ed pro<\/strong> <strong>spr\u00e1vu <\/strong> <strong>rezervac\u00ed zasedac\u00edch m\u00edstnost\u00ed pro<\/strong> <strong>2 000 zam\u011bstnanc\u016f<\/strong>.<\/p><p>C\u00edlem bylo <strong>zajistit bezprobl\u00e9mov\u00fd provoz<\/strong> nap\u0159\u00ed\u010d <strong>r\u016fzn\u00fdmi odd\u011blen\u00edmi<\/strong> nov\u00e9ho komplexu. Syst\u00e9m musel b\u00fdt<strong> integrov\u00e1n s kalend\u00e1\u0159i Microsoft 365,<\/strong> aby byla na prvn\u00ed pohled jasn\u00e1 dostupnost m\u00edstnost\u00ed, a z\u00e1rove\u0148 bylo zachov\u00e1no<strong> snadn\u00e9 pou\u017e\u00edv\u00e1n\u00ed<\/strong> a <strong>centr\u00e1ln\u00ed spr\u00e1va<\/strong> v\u0161ech za\u0159\u00edzen\u00ed. <\/p>\t\t\t\t\t\t\t\t<\/div>\n\t\t\t\t<\/div>\n\t\t\t\t<\/div>\n\t\t<div class=\"elementor-element elementor-element-2449cdb e-con-full e-flex e-con e-child\" data-id=\"2449cdb\" data-element_type=\"container\" data-e-type=\"container\">\n\t\t\t\t<div class=\"elementor-element elementor-element-068a751 elementor-widget elementor-widget-image\" data-id=\"068a751\" data-element_type=\"widget\" data-e-type=\"widget\" data-widget_type=\"image.default\">\n\t\t\t\t<div class=\"elementor-widget-container\">\n\t\t\t\t\t\t\t\t\t\t\t\t\t\t\t\t<a href=\"https:\/\/www.cuesystem.com\/wp-content\/uploads\/2025\/04\/Image.webp\" data-elementor-open-lightbox=\"yes\" data-e-action-hash=\"#elementor-action%3Aaction%3Dlightbox%26settings%3DeyJpZCI6MzAwMTksInVybCI6Imh0dHBzOlwvXC93d3cuY3Vlc3lzdGVtLmNvbVwvd3AtY29udGVudFwvdXBsb2Fkc1wvMjAyNVwvMDRcL0ltYWdlLndlYnAifQ%3D%3D\">\n\t\t\t\t\t\t\t<img fetchpriority=\"high\" decoding=\"async\" width=\"684\" height=\"392\" src=\"https:\/\/www.cuesystem.com\/wp-content\/uploads\/2025\/04\/Image.webp\" class=\"attachment-large size-large wp-image-30019\" alt=\"\" srcset=\"https:\/\/www.cuesystem.com\/wp-content\/uploads\/2025\/04\/Image.webp 684w, https:\/\/www.cuesystem.com\/wp-content\/uploads\/2025\/04\/Image-300x172.webp 300w\" sizes=\"(max-width: 684px) 100vw, 684px\" \/>\t\t\t\t\t\t\t\t<\/a>\n\t\t\t\t\t\t\t\t\t\t\t\t\t\t\t<\/div>\n\t\t\t\t<\/div>\n\t\t\t\t<\/div>\n\t\t\t\t\t<\/div>\n\t\t\t\t<\/div>\n\t\t<div class=\"elementor-element elementor-element-e8dad8f e-grid e-con-boxed e-con e-child\" data-id=\"e8dad8f\" data-element_type=\"container\" data-e-type=\"container\">\n\t\t\t\t\t<div class=\"e-con-inner\">\n\t\t<div class=\"elementor-element elementor-element-230850b e-con-full e-flex e-con e-child\" data-id=\"230850b\" data-element_type=\"container\" data-e-type=\"container\">\n\t\t\t\t<div class=\"elementor-element elementor-element-0d1e5f8 elementor-widget elementor-widget-image\" data-id=\"0d1e5f8\" data-element_type=\"widget\" data-e-type=\"widget\" data-widget_type=\"image.default\">\n\t\t\t\t<div class=\"elementor-widget-container\">\n\t\t\t\t\t\t\t\t\t\t\t\t\t\t\t<img decoding=\"async\" width=\"1024\" height=\"576\" src=\"https:\/\/www.cuesystem.com\/wp-content\/uploads\/2025\/04\/01-skoda-logo-picturemark-1024x576.webp\" class=\"attachment-large size-large wp-image-29999\" alt=\"\" srcset=\"https:\/\/www.cuesystem.com\/wp-content\/uploads\/2025\/04\/01-skoda-logo-picturemark-1024x576.webp 1024w, https:\/\/www.cuesystem.com\/wp-content\/uploads\/2025\/04\/01-skoda-logo-picturemark-300x169.webp 300w, https:\/\/www.cuesystem.com\/wp-content\/uploads\/2025\/04\/01-skoda-logo-picturemark.webp 1200w\" sizes=\"(max-width: 1024px) 100vw, 1024px\" \/>\t\t\t\t\t\t\t\t\t\t\t\t\t\t\t<\/div>\n\t\t\t\t<\/div>\n\t\t\t\t<\/div>\n\t\t<div class=\"elementor-element elementor-element-2e738c0 e-con-full e-flex e-con e-child\" data-id=\"2e738c0\" data-element_type=\"container\" data-e-type=\"container\">\n\t\t\t\t<div class=\"elementor-element elementor-element-f07f59a elementor-widget elementor-widget-heading\" data-id=\"f07f59a\" data-element_type=\"widget\" data-e-type=\"widget\" data-widget_type=\"heading.default\">\n\t\t\t\t<div class=\"elementor-widget-container\">\n\t\t\t\t\t<h2 class=\"elementor-heading-title elementor-size-default\">O spole\u010dnosti \u0160koda Auto\n\n<\/h2>\t\t\t\t<\/div>\n\t\t\t\t<\/div>\n\t\t\t\t<div class=\"elementor-element elementor-element-49c6b92 elementor-widget elementor-widget-text-editor\" data-id=\"49c6b92\" data-element_type=\"widget\" data-e-type=\"widget\" data-widget_type=\"text-editor.default\">\n\t\t\t\t<div class=\"elementor-widget-container\">\n\t\t\t\t\t\t\t\t\t<p><a href=\"https:\/\/www.skoda-auto.com\/\"><strong>\u0160koda Auto<\/strong><\/a> je jedn\u00edm z <strong>nejv\u011bt\u0161\u00edch v\u00fdrobc\u016f automobil\u016f<\/strong> v \u010cesk\u00e9 republice, kter\u00fd klade velk\u00fd d\u016fraz na <strong>inovace<\/strong>, <strong>udr\u017eitelnost<\/strong> a <strong>spolupr\u00e1ci se zam\u011bstnanci<\/strong>. Na str\u00e1nk\u00e1ch <a href=\"https:\/\/www.skoda-storyboard.com\/en\/press-releases\/laurin-klement-kampus-construction-of-skoda-autos-new-headquarters-completed\/\"><strong>Laurin &amp; Klement Campus<\/strong><\/a> je navr\u017een tak, aby odr\u00e1\u017eel z\u00e1vazek spole\u010dnosti k t\u011bmto hodnot\u00e1m, a nab\u00edz\u00ed <strong>modern\u00ed<\/strong>, <strong>technologicky vysp\u011bl\u00e9 pracovn\u00ed prostory<\/strong>. <\/p><p>Projekt byl realizov\u00e1n <a href=\"https:\/\/mitel.cz\/en\/\"><strong>Mitel<\/strong><\/a>.<\/p>\t\t\t\t\t\t\t\t<\/div>\n\t\t\t\t<\/div>\n\t\t\t\t<\/div>\n\t\t\t\t\t<\/div>\n\t\t\t\t<\/div>\n\t\t<div class=\"elementor-element elementor-element-f981228 e-grid e-con-boxed e-con e-child\" data-id=\"f981228\" data-element_type=\"container\" data-e-type=\"container\">\n\t\t\t\t\t<div class=\"e-con-inner\">\n\t\t<div class=\"elementor-element elementor-element-b7cc560 e-con-full e-flex e-con e-child\" data-id=\"b7cc560\" data-element_type=\"container\" data-e-type=\"container\">\n\t\t\t\t<div class=\"elementor-element elementor-element-ede4a1b elementor-widget elementor-widget-heading\" data-id=\"ede4a1b\" data-element_type=\"widget\" data-e-type=\"widget\" data-widget_type=\"heading.default\">\n\t\t\t\t<div class=\"elementor-widget-container\">\n\t\t\t\t\t<h2 class=\"elementor-heading-title elementor-size-default\">Na\u0161e p\u0159edsevzet\u00ed<\/h2>\t\t\t\t<\/div>\n\t\t\t\t<\/div>\n\t\t\t\t<div class=\"elementor-element elementor-element-e149530 elementor-widget elementor-widget-text-editor\" data-id=\"e149530\" data-element_type=\"widget\" data-e-type=\"widget\" data-widget_type=\"text-editor.default\">\n\t\t\t\t<div class=\"elementor-widget-container\">\n\t\t\t\t\t\t\t\t\t<p><a href=\"https:\/\/www.cuesystem.com\/cs\/\"><strong>CUE<\/strong><\/a> dodala <strong>250<\/strong> <strong>rezerva\u010dn\u00edch panel\u016f<\/strong> <strong> <a href=\"https:\/\/docs.cuesystem.com\/space\/PRODUCTS\/604766221\">touchONE-10-W<\/a><\/strong> nap\u0159\u00ed\u010d cel\u00fdm regionem <a href=\"https:\/\/www.skoda-storyboard.com\/en\/press-releases\/laurin-klement-kampus-construction-of-skoda-autos-new-headquarters-completed\/\"><strong>LKK<\/strong><\/a>. Panely jsou <strong>propojeny s kalend\u00e1\u0159i Microsoft 365<\/strong> a <strong>centr\u00e1ln\u011b spravov\u00e1ny<\/strong> prost\u0159ednictv\u00edm <a href=\"https:\/\/www.cuesystem.com\/cs\/reseni-cue\/\"><strong>CUE Solution<\/strong><\/a>. Jsou vybaveny <strong>LED indik\u00e1tory<\/strong> a poskytuj\u00ed <strong>jasn\u00fd p\u0159ehled o stavu m\u00edstnosti<\/strong>, co\u017e zam\u011bstnanc\u016fm usnad\u0148uje <strong>vyhled\u00e1v\u00e1n\u00ed<\/strong> a <strong>vyu\u017e\u00edv\u00e1n\u00ed<\/strong> zasedac\u00edch m\u00edstnost\u00ed.  <\/p><p>Tento <strong>u\u017eivatelsky p\u0159\u00edv\u011btiv\u00fd<\/strong> a <strong>informativn\u00ed <\/strong>syst\u00e9m v\u00fdrazn\u011b <strong>zlep\u0161uje spr\u00e1vu m\u00edstnost\u00ed<\/strong> a <strong>zvy\u0161uje efektivitu provozu<\/strong> bez nutnosti fyzick\u00e9 interakce, co\u017e zaji\u0161\u0165uje <strong>bezprobl\u00e9mov\u00fd z\u00e1\u017eitek pro<\/strong> v\u0161echny zam\u011bstnance.<\/p>\t\t\t\t\t\t\t\t<\/div>\n\t\t\t\t<\/div>\n\t\t\t\t<div class=\"elementor-element elementor-element-d634733 elementor-widget elementor-widget-heading\" data-id=\"d634733\" data-element_type=\"widget\" data-e-type=\"widget\" data-widget_type=\"heading.default\">\n\t\t\t\t<div class=\"elementor-widget-container\">\n\t\t\t\t\t<h2 class=\"elementor-heading-title elementor-size-default\"><a href=\"https:\/\/www.skoda-storyboard.com\/en\/press-releases\/laurin-klement-kampus-construction-of-skoda-autos-new-headquarters-completed\/\">V\u00edce o tomto projektu zde.<\/a><\/h2>\t\t\t\t<\/div>\n\t\t\t\t<\/div>\n\t\t\t\t<\/div>\n\t\t<div class=\"elementor-element elementor-element-16cb9a4 e-con-full e-flex e-con e-child\" data-id=\"16cb9a4\" data-element_type=\"container\" data-e-type=\"container\">\n\t\t\t\t<div class=\"elementor-element elementor-element-4dd2077 elementor-widget elementor-widget-image\" data-id=\"4dd2077\" data-element_type=\"widget\" data-e-type=\"widget\" data-widget_type=\"image.default\">\n\t\t\t\t<div class=\"elementor-widget-container\">\n\t\t\t\t\t\t\t\t\t\t\t\t\t\t\t\t<a href=\"https:\/\/www.cuesystem.com\/wp-content\/uploads\/2025\/04\/20240820_110651.webp\" data-elementor-open-lightbox=\"yes\" data-e-action-hash=\"#elementor-action%3Aaction%3Dlightbox%26settings%3DeyJpZCI6MzAwMDQsInVybCI6Imh0dHBzOlwvXC93d3cuY3Vlc3lzdGVtLmNvbVwvd3AtY29udGVudFwvdXBsb2Fkc1wvMjAyNVwvMDRcLzIwMjQwODIwXzExMDY1MS53ZWJwIn0%3D\">\n\t\t\t\t\t\t\t<img decoding=\"async\" width=\"1024\" height=\"768\" src=\"https:\/\/www.cuesystem.com\/wp-content\/uploads\/2025\/04\/20240820_110651-1024x768.webp\" class=\"attachment-large size-large wp-image-30004\" alt=\"\" srcset=\"https:\/\/www.cuesystem.com\/wp-content\/uploads\/2025\/04\/20240820_110651-1024x768.webp 1024w, https:\/\/www.cuesystem.com\/wp-content\/uploads\/2025\/04\/20240820_110651-300x225.webp 300w\" sizes=\"(max-width: 1024px) 100vw, 1024px\" \/>\t\t\t\t\t\t\t\t<\/a>\n\t\t\t\t\t\t\t\t\t\t\t\t\t\t\t<\/div>\n\t\t\t\t<\/div>\n\t\t\t\t<\/div>\n\t\t\t\t\t<\/div>\n\t\t\t\t<\/div>\n\t\t<div class=\"elementor-element elementor-element-1c637f5 e-flex e-con-boxed e-con e-child\" data-id=\"1c637f5\" data-element_type=\"container\" data-e-type=\"container\">\n\t\t\t\t\t<div class=\"e-con-inner\">\n\t\t\t\t<div class=\"elementor-element elementor-element-af66434 elementor-widget elementor-widget-gallery\" data-id=\"af66434\" data-element_type=\"widget\" data-e-type=\"widget\" data-settings=\"{&quot;lazyload&quot;:&quot;yes&quot;,&quot;gallery_layout&quot;:&quot;grid&quot;,&quot;columns&quot;:4,&quot;columns_tablet&quot;:2,&quot;columns_mobile&quot;:1,&quot;gap&quot;:{&quot;unit&quot;:&quot;px&quot;,&quot;size&quot;:10,&quot;sizes&quot;:[]},&quot;gap_laptop&quot;:{&quot;unit&quot;:&quot;px&quot;,&quot;size&quot;:10,&quot;sizes&quot;:[]},&quot;gap_tablet_extra&quot;:{&quot;unit&quot;:&quot;px&quot;,&quot;size&quot;:10,&quot;sizes&quot;:[]},&quot;gap_tablet&quot;:{&quot;unit&quot;:&quot;px&quot;,&quot;size&quot;:10,&quot;sizes&quot;:[]},&quot;gap_mobile_extra&quot;:{&quot;unit&quot;:&quot;px&quot;,&quot;size&quot;:10,&quot;sizes&quot;:[]},&quot;gap_mobile&quot;:{&quot;unit&quot;:&quot;px&quot;,&quot;size&quot;:10,&quot;sizes&quot;:[]},&quot;link_to&quot;:&quot;file&quot;,&quot;aspect_ratio&quot;:&quot;3:2&quot;,&quot;overlay_background&quot;:&quot;yes&quot;,&quot;content_hover_animation&quot;:&quot;fade-in&quot;}\" data-widget_type=\"gallery.default\">\n\t\t\t\t<div class=\"elementor-widget-container\">\n\t\t\t\t\t\t\t<div class=\"elementor-gallery__container\">\n\t\t\t\t\t\t\t<a class=\"e-gallery-item elementor-gallery-item elementor-animated-content\" href=\"https:\/\/www.cuesystem.com\/wp-content\/uploads\/2025\/04\/20240820_110739-1.webp\" data-elementor-open-lightbox=\"yes\" data-elementor-lightbox-slideshow=\"af66434\" data-e-action-hash=\"#elementor-action%3Aaction%3Dlightbox%26settings%3DeyJpZCI6MzAwNDEsInVybCI6Imh0dHBzOlwvXC93d3cuY3Vlc3lzdGVtLmNvbVwvd3AtY29udGVudFwvdXBsb2Fkc1wvMjAyNVwvMDRcLzIwMjQwODIwXzExMDczOS0xLndlYnAiLCJzbGlkZXNob3ciOiJhZjY2NDM0In0%3D\">\n\t\t\t\t\t<div class=\"e-gallery-image elementor-gallery-item__image\" data-thumbnail=\"https:\/\/www.cuesystem.com\/wp-content\/uploads\/2025\/04\/20240820_110739-1-300x225.webp\" data-width=\"300\" data-height=\"225\" aria-label=\"\" role=\"img\" ><\/div>\n\t\t\t\t\t\t\t\t\t\t\t<div class=\"elementor-gallery-item__overlay\"><\/div>\n\t\t\t\t\t\t\t\t\t\t\t\t\t\t<\/a>\n\t\t\t\t\t\t\t<a class=\"e-gallery-item elementor-gallery-item elementor-animated-content\" href=\"https:\/\/www.cuesystem.com\/wp-content\/uploads\/2025\/04\/IMG_5328-1.webp\" data-elementor-open-lightbox=\"yes\" data-elementor-lightbox-slideshow=\"af66434\" data-e-action-hash=\"#elementor-action%3Aaction%3Dlightbox%26settings%3DeyJpZCI6MzAwNTYsInVybCI6Imh0dHBzOlwvXC93d3cuY3Vlc3lzdGVtLmNvbVwvd3AtY29udGVudFwvdXBsb2Fkc1wvMjAyNVwvMDRcL0lNR181MzI4LTEud2VicCIsInNsaWRlc2hvdyI6ImFmNjY0MzQifQ%3D%3D\">\n\t\t\t\t\t<div class=\"e-gallery-image elementor-gallery-item__image\" data-thumbnail=\"https:\/\/www.cuesystem.com\/wp-content\/uploads\/2025\/04\/IMG_5328-1-300x225.webp\" data-width=\"300\" data-height=\"225\" aria-label=\"\" role=\"img\" ><\/div>\n\t\t\t\t\t\t\t\t\t\t\t<div class=\"elementor-gallery-item__overlay\"><\/div>\n\t\t\t\t\t\t\t\t\t\t\t\t\t\t<\/a>\n\t\t\t\t\t\t\t<a class=\"e-gallery-item elementor-gallery-item elementor-animated-content\" href=\"https:\/\/www.cuesystem.com\/wp-content\/uploads\/2025\/04\/20240820_110856-1-1.webp\" data-elementor-open-lightbox=\"yes\" data-elementor-lightbox-slideshow=\"af66434\" data-e-action-hash=\"#elementor-action%3Aaction%3Dlightbox%26settings%3DeyJpZCI6MzAwNDYsInVybCI6Imh0dHBzOlwvXC93d3cuY3Vlc3lzdGVtLmNvbVwvd3AtY29udGVudFwvdXBsb2Fkc1wvMjAyNVwvMDRcLzIwMjQwODIwXzExMDg1Ni0xLTEud2VicCIsInNsaWRlc2hvdyI6ImFmNjY0MzQifQ%3D%3D\">\n\t\t\t\t\t<div class=\"e-gallery-image elementor-gallery-item__image\" data-thumbnail=\"https:\/\/www.cuesystem.com\/wp-content\/uploads\/2025\/04\/20240820_110856-1-1-300x225.webp\" data-width=\"300\" data-height=\"225\" aria-label=\"\" role=\"img\" ><\/div>\n\t\t\t\t\t\t\t\t\t\t\t<div class=\"elementor-gallery-item__overlay\"><\/div>\n\t\t\t\t\t\t\t\t\t\t\t\t\t\t<\/a>\n\t\t\t\t\t\t\t<a class=\"e-gallery-item elementor-gallery-item elementor-animated-content\" href=\"https:\/\/www.cuesystem.com\/wp-content\/uploads\/2025\/04\/20240820_111127-1.webp\" data-elementor-open-lightbox=\"yes\" data-elementor-lightbox-slideshow=\"af66434\" data-e-action-hash=\"#elementor-action%3Aaction%3Dlightbox%26settings%3DeyJpZCI6MzAwNTEsInVybCI6Imh0dHBzOlwvXC93d3cuY3Vlc3lzdGVtLmNvbVwvd3AtY29udGVudFwvdXBsb2Fkc1wvMjAyNVwvMDRcLzIwMjQwODIwXzExMTEyNy0xLndlYnAiLCJzbGlkZXNob3ciOiJhZjY2NDM0In0%3D\">\n\t\t\t\t\t<div class=\"e-gallery-image elementor-gallery-item__image\" data-thumbnail=\"https:\/\/www.cuesystem.com\/wp-content\/uploads\/2025\/04\/20240820_111127-1-300x225.webp\" data-width=\"300\" data-height=\"225\" aria-label=\"\" role=\"img\" ><\/div>\n\t\t\t\t\t\t\t\t\t\t\t<div class=\"elementor-gallery-item__overlay\"><\/div>\n\t\t\t\t\t\t\t\t\t\t\t\t\t\t<\/a>\n\t\t\t\t\t<\/div>\n\t\t\t\t\t<\/div>\n\t\t\t\t<\/div>\n\t\t\t\t\t<\/div>\n\t\t\t\t<\/div>\n\t\t\t\t<\/div>\n\t\t\t\t<\/div>\n\t\t","protected":false},"excerpt":{"rendered":"<p>P\u0159\u00edpadov\u00e1 studie \u0160koda Auto: Laurin &amp; Klement Kampus V\u00fdzva Nov\u00e9 s\u00eddlo spole\u010dnosti \u0160koda Auto, Laurin &amp; Klement Campus (LKK) v Mlad\u00e9 Boleslavi pot\u0159ebovalo \u0161pi\u010dkov\u00e9 \u0159e\u0161en\u00ed pro spr\u00e1vu rezervac\u00ed zasedac\u00edch m\u00edstnost\u00ed pro 2 000 zam\u011bstnanc\u016f. C\u00edlem bylo zajistit bezprobl\u00e9mov\u00fd provoz nap\u0159\u00ed\u010d r\u016fzn\u00fdmi odd\u011blen\u00edmi nov\u00e9ho komplexu. Syst\u00e9m musel b\u00fdt integrov\u00e1n s kalend\u00e1\u0159i Microsoft 365, aby byla na <a href=\"https:\/\/www.cuesystem.com\/cs\/pripadove-studie\/skoda-auto-laurin-klement-kampus\/\" class=\"more-link\">&#8230;<span class=\"screen-reader-text\">  \u0160koda Auto: Laurin &amp; Klement Kampus<\/span><\/a><\/p>\n","protected":false},"author":11,"featured_media":0,"parent":29856,"menu_order":213,"comment_status":"closed","ping_status":"closed","template":"","meta":{"_acf_changed":false,"inline_featured_image":false,"footnotes":""},"kategorie":[],"class_list":["post-30129","page","type-page","status-publish","hentry"],"acf":[],"_links":{"self":[{"href":"https:\/\/www.cuesystem.com\/cs\/wp-json\/wp\/v2\/pages\/30129","targetHints":{"allow":["GET"]}}],"collection":[{"href":"https:\/\/www.cuesystem.com\/cs\/wp-json\/wp\/v2\/pages"}],"about":[{"href":"https:\/\/www.cuesystem.com\/cs\/wp-json\/wp\/v2\/types\/page"}],"author":[{"embeddable":true,"href":"https:\/\/www.cuesystem.com\/cs\/wp-json\/wp\/v2\/users\/11"}],"replies":[{"embeddable":true,"href":"https:\/\/www.cuesystem.com\/cs\/wp-json\/wp\/v2\/comments?post=30129"}],"version-history":[{"count":7,"href":"https:\/\/www.cuesystem.com\/cs\/wp-json\/wp\/v2\/pages\/30129\/revisions"}],"predecessor-version":[{"id":30388,"href":"https:\/\/www.cuesystem.com\/cs\/wp-json\/wp\/v2\/pages\/30129\/revisions\/30388"}],"up":[{"embeddable":true,"href":"https:\/\/www.cuesystem.com\/cs\/wp-json\/wp\/v2\/pages\/29856"}],"wp:attachment":[{"href":"https:\/\/www.cuesystem.com\/cs\/wp-json\/wp\/v2\/media?parent=30129"}],"wp:term":[{"taxonomy":"kategorie","embeddable":true,"href":"https:\/\/www.cuesystem.com\/cs\/wp-json\/wp\/v2\/kategorie?post=30129"}],"curies":[{"name":"wp","href":"https:\/\/api.w.org\/{rel}","templated":true}]}}