{"id":31376,"date":"2025-05-14T09:37:14","date_gmt":"2025-05-14T07:37:14","guid":{"rendered":"https:\/\/www.cuesystem.com\/co-je-noveho\/reseni-cue-vydana-verze-12-6-0\/"},"modified":"2025-06-13T14:32:30","modified_gmt":"2025-06-13T12:32:30","slug":"reseni-cue-vydana-verze-12-6-0","status":"publish","type":"page","link":"https:\/\/www.cuesystem.com\/cs\/co-je-noveho\/reseni-cue-vydana-verze-12-6-0\/","title":{"rendered":"\u0158e\u0161en\u00ed CUE | Vyd\u00e1na verze 12.6.0"},"content":{"rendered":"\t\t<div data-elementor-type=\"wp-page\" data-elementor-id=\"31376\" class=\"elementor elementor-31376 elementor-29908\" data-elementor-post-type=\"page\">\n\t\t\t\t<div class=\"elementor-element elementor-element-2a89fae e-con-full e-flex e-con e-child\" data-id=\"2a89fae\" data-element_type=\"container\" data-e-type=\"container\">\n\t\t\t\t<div class=\"elementor-element elementor-element-9b6e4c1 elementor-widget elementor-widget-heading\" data-id=\"9b6e4c1\" data-element_type=\"widget\" data-e-type=\"widget\" data-widget_type=\"heading.default\">\n\t\t\t\t<div class=\"elementor-widget-container\">\n\t\t\t\t\t<h3 class=\"elementor-heading-title elementor-size-default\">Nejnov\u011bj\u0161\u00ed aktualizace<\/h3>\t\t\t\t<\/div>\n\t\t\t\t<\/div>\n\t\t\t\t<div class=\"elementor-element elementor-element-560861c elementor-widget elementor-widget-heading\" data-id=\"560861c\" data-element_type=\"widget\" data-e-type=\"widget\" data-widget_type=\"heading.default\">\n\t\t\t\t<div class=\"elementor-widget-container\">\n\t\t\t\t\t<h1 class=\"elementor-heading-title elementor-size-default\">\u0158e\u0161en\u00ed CUE | Vyd\u00e1na verze 12.6.0\n<\/h1>\t\t\t\t<\/div>\n\t\t\t\t<\/div>\n\t\t\t\t<div class=\"elementor-element elementor-element-56dad53 elementor-widget-divider--view-line elementor-widget elementor-widget-divider\" data-id=\"56dad53\" data-element_type=\"widget\" data-e-type=\"widget\" data-widget_type=\"divider.default\">\n\t\t\t\t<div class=\"elementor-widget-container\">\n\t\t\t\t\t\t\t<div class=\"elementor-divider\">\n\t\t\t<span class=\"elementor-divider-separator\">\n\t\t\t\t\t\t<\/span>\n\t\t<\/div>\n\t\t\t\t\t\t<\/div>\n\t\t\t\t<\/div>\n\t\t<div class=\"elementor-element elementor-element-48f3edb e-flex e-con-boxed e-con e-child\" data-id=\"48f3edb\" data-element_type=\"container\" data-e-type=\"container\">\n\t\t\t\t\t<div class=\"e-con-inner\">\n\t\t\t\t<div class=\"elementor-element elementor-element-9814250 elementor-widget elementor-widget-text-editor\" data-id=\"9814250\" data-element_type=\"widget\" data-e-type=\"widget\" data-widget_type=\"text-editor.default\">\n\t\t\t\t<div class=\"elementor-widget-container\">\n\t\t\t\t\t\t\t\t\t<p>Nejnov\u011bj\u0161\u00ed verze je tu, aby <strong>spr\u00e1va<\/strong> va\u0161ich <strong>prostor<\/strong> byla <em>je\u0161t\u011b plynulej\u0161\u00ed<\/em>&#8211; od <strong>pr\u016flomov\u00fdch mo\u017enost\u00ed ovl\u00e1d\u00e1n\u00ed<\/strong> a\u017e po <strong>jemn\u011bj\u0161\u00ed nastaven\u00ed ud\u00e1lost\u00ed<\/strong>.<\/p>\t\t\t\t\t\t\t\t<\/div>\n\t\t\t\t<\/div>\n\t\t\t\t\t<\/div>\n\t\t\t\t<\/div>\n\t\t\t\t<div class=\"elementor-element elementor-element-3ac7e62 elementor-widget-divider--view-line elementor-widget elementor-widget-divider\" data-id=\"3ac7e62\" data-element_type=\"widget\" data-e-type=\"widget\" data-widget_type=\"divider.default\">\n\t\t\t\t<div class=\"elementor-widget-container\">\n\t\t\t\t\t\t\t<div class=\"elementor-divider\">\n\t\t\t<span class=\"elementor-divider-separator\">\n\t\t\t\t\t\t<\/span>\n\t\t<\/div>\n\t\t\t\t\t\t<\/div>\n\t\t\t\t<\/div>\n\t\t<div class=\"elementor-element elementor-element-49441e9 e-grid e-con-boxed e-con e-child\" data-id=\"49441e9\" data-element_type=\"container\" data-e-type=\"container\">\n\t\t\t\t\t<div class=\"e-con-inner\">\n\t\t<div class=\"elementor-element elementor-element-c874ada e-con-full e-flex e-con e-child\" data-id=\"c874ada\" data-element_type=\"container\" data-e-type=\"container\">\n\t\t\t\t<div class=\"elementor-element elementor-element-a3c5c04 elementor-widget elementor-widget-heading\" data-id=\"a3c5c04\" data-element_type=\"widget\" data-e-type=\"widget\" data-widget_type=\"heading.default\">\n\t\t\t\t<div class=\"elementor-widget-container\">\n\t\t\t\t\t<h2 class=\"elementor-heading-title elementor-size-default\">V\u0161ichni se d\u00edvaj\u00ed na Monitor &amp; Control<\/h2>\t\t\t\t<\/div>\n\t\t\t\t<\/div>\n\t\t\t\t<div class=\"elementor-element elementor-element-696ae86 elementor-widget elementor-widget-heading\" data-id=\"696ae86\" data-element_type=\"widget\" data-e-type=\"widget\" data-widget_type=\"heading.default\">\n\t\t\t\t<div class=\"elementor-widget-container\">\n\t\t\t\t\t<h3 class=\"elementor-heading-title elementor-size-default\">P\u0159ipojte se. Vizualizujte. P\u0159evezm\u011bte odpov\u011bdnost.  <\/h3>\t\t\t\t<\/div>\n\t\t\t\t<\/div>\n\t\t\t\t<div class=\"elementor-element elementor-element-2c457c8 elementor-widget elementor-widget-text-editor\" data-id=\"2c457c8\" data-element_type=\"widget\" data-e-type=\"widget\" data-widget_type=\"text-editor.default\">\n\t\t\t\t<div class=\"elementor-widget-container\">\n\t\t\t\t\t\t\t\t\t<p><a href=\"https:\/\/www.cuesystem.com\/cs\/rizeni\/monitorovani-a-rizeni\/\"><strong>Monitorov\u00e1n\u00ed a \u0159\u00edzen\u00ed<\/strong><\/a> p\u0159eklenuje mezeru mezi <strong>hardwarem<\/strong> CUE a <strong>softwarem<a href=\"https:\/\/www.cuesystem.com\/cs\/reseni-cue\/\">CUE Solution<\/a><\/strong> &#8211; <em><strong>v\u0161e v jednom intuitivn\u00edm rozhran\u00ed<\/strong><\/em>. A\u0165 u\u017e spravujete za\u0159\u00edzen\u00ed nebo \u010dtete data ze senzor\u016f, tato <strong>pr\u016flomov\u00e1 technologie<\/strong> v\u00e1m d\u00e1v\u00e1 mo\u017enost<strong> ovl\u00e1dat a sledovat<\/strong> <em>kdykoli <\/em>a <em>kdekoli<\/em>. <\/p><ul><li><strong>Vizualizace dat v re\u00e1ln\u00e9m \u010dase<\/strong> ve va\u0161ich <strong>front-endov\u00fdch aplikac\u00edch<\/strong><\/li><li>Ovl\u00e1d\u00e1n\u00ed p\u0159ipojen\u00fdch za\u0159\u00edzen\u00ed <strong>jedn\u00edm kliknut\u00edm<\/strong> <\/li><li><strong>Pln\u00e1 flexibilita<\/strong> s <a href=\"https:\/\/docs.cuesystem.com\/space\/PRODUCTS\/491061541\/CUE+Visual+Composer\"><strong>CUE Visual Composer<\/strong><\/a> (od verze 21.20 &#8211; ke sta\u017een\u00ed <a href=\"https:\/\/support.cuesystem.com\/space\/TD\/894861395\/CUE+Control\"><strong>ZDE<\/strong><\/a>)<\/li><li><strong>Chytr\u00e9 stavebn\u00ed zku\u0161enosti na<\/strong> <em>dosah ruky<\/em><\/li><\/ul><p>U\u017eijte si <strong>snadn\u00e9 ovl\u00e1d\u00e1n\u00ed<\/strong> d\u00edky <strong>funkc\u00edm pro mobiln\u00ed za\u0159\u00edzen\u00ed,<\/strong> <em>p\u0159\u00edstupu pomoc\u00ed QR k\u00f3du<\/em> a <strong>bezprobl\u00e9mov\u00e9 integraci<\/strong> s <em>naviga\u010dn\u00edmi<\/em> a <em>rezerva\u010dn\u00edmi<\/em> n\u00e1stroji.<\/p><p><a href=\"https:\/\/www.cuesystem.com\/cs\/rizeni\/monitorovani-a-rizeni\/\"><strong>Pod\u00edvejte se, jak to funguje<\/strong><\/a><\/p>\t\t\t\t\t\t\t\t<\/div>\n\t\t\t\t<\/div>\n\t\t\t\t<\/div>\n\t\t<div class=\"elementor-element elementor-element-4969438 e-con-full e-flex e-con e-child\" data-id=\"4969438\" data-element_type=\"container\" data-e-type=\"container\">\n\t\t\t\t<div class=\"elementor-element elementor-element-dbbfad9 elementor-widget elementor-widget-image\" data-id=\"dbbfad9\" data-element_type=\"widget\" data-e-type=\"widget\" data-widget_type=\"image.default\">\n\t\t\t\t<div class=\"elementor-widget-container\">\n\t\t\t\t\t\t\t\t\t\t\t\t\t\t\t\t<a href=\"https:\/\/www.cuesystem.com\/wp-content\/uploads\/2025\/06\/1-1.webp\" data-elementor-open-lightbox=\"yes\" data-e-action-hash=\"#elementor-action%3Aaction%3Dlightbox%26settings%3DeyJpZCI6MzA5MDEsInVybCI6Imh0dHBzOlwvXC93d3cuY3Vlc3lzdGVtLmNvbVwvd3AtY29udGVudFwvdXBsb2Fkc1wvMjAyNVwvMDZcLzEtMS53ZWJwIn0%3D\">\n\t\t\t\t\t\t\t<img fetchpriority=\"high\" decoding=\"async\" width=\"908\" height=\"606\" src=\"https:\/\/www.cuesystem.com\/wp-content\/uploads\/2025\/06\/1-1.webp\" class=\"attachment-large size-large wp-image-30901\" alt=\"\" srcset=\"https:\/\/www.cuesystem.com\/wp-content\/uploads\/2025\/06\/1-1.webp 908w, https:\/\/www.cuesystem.com\/wp-content\/uploads\/2025\/06\/1-1-300x200.webp 300w\" sizes=\"(max-width: 908px) 100vw, 908px\" \/>\t\t\t\t\t\t\t\t<\/a>\n\t\t\t\t\t\t\t\t\t\t\t\t\t\t\t<\/div>\n\t\t\t\t<\/div>\n\t\t\t\t<div class=\"elementor-element elementor-element-1fa9ad7 elementor-widget elementor-widget-image\" data-id=\"1fa9ad7\" data-element_type=\"widget\" data-e-type=\"widget\" data-widget_type=\"image.default\">\n\t\t\t\t<div class=\"elementor-widget-container\">\n\t\t\t\t\t\t\t\t\t\t\t\t\t\t\t<img decoding=\"async\" width=\"865\" height=\"594\" src=\"https:\/\/www.cuesystem.com\/wp-content\/uploads\/2025\/06\/2-1.webp\" class=\"attachment-large size-large wp-image-30906\" alt=\"\" srcset=\"https:\/\/www.cuesystem.com\/wp-content\/uploads\/2025\/06\/2-1.webp 865w, https:\/\/www.cuesystem.com\/wp-content\/uploads\/2025\/06\/2-1-300x206.webp 300w\" sizes=\"(max-width: 865px) 100vw, 865px\" \/>\t\t\t\t\t\t\t\t\t\t\t\t\t\t\t<\/div>\n\t\t\t\t<\/div>\n\t\t\t\t<\/div>\n\t\t\t\t\t<\/div>\n\t\t\t\t<\/div>\n\t\t<div class=\"elementor-element elementor-element-d3ff3ea e-grid e-con-boxed e-con e-child\" data-id=\"d3ff3ea\" data-element_type=\"container\" data-e-type=\"container\">\n\t\t\t\t\t<div class=\"e-con-inner\">\n\t\t<div class=\"elementor-element elementor-element-74598cf e-con-full e-flex e-con e-child\" data-id=\"74598cf\" data-element_type=\"container\" data-e-type=\"container\">\n\t\t\t\t<div class=\"elementor-element elementor-element-c60b24c elementor-widget elementor-widget-image\" data-id=\"c60b24c\" data-element_type=\"widget\" data-e-type=\"widget\" data-widget_type=\"image.default\">\n\t\t\t\t<div class=\"elementor-widget-container\">\n\t\t\t\t\t\t\t\t\t\t\t\t\t\t\t<img decoding=\"async\" width=\"1024\" height=\"365\" src=\"https:\/\/www.cuesystem.com\/wp-content\/uploads\/2025\/06\/3-1024x365.webp\" class=\"attachment-large size-large wp-image-30911\" alt=\"\" srcset=\"https:\/\/www.cuesystem.com\/wp-content\/uploads\/2025\/06\/3-1024x365.webp 1024w, https:\/\/www.cuesystem.com\/wp-content\/uploads\/2025\/06\/3-300x107.webp 300w, https:\/\/www.cuesystem.com\/wp-content\/uploads\/2025\/06\/3.webp 1118w\" sizes=\"(max-width: 1024px) 100vw, 1024px\" \/>\t\t\t\t\t\t\t\t\t\t\t\t\t\t\t<\/div>\n\t\t\t\t<\/div>\n\t\t\t\t<\/div>\n\t\t<div class=\"elementor-element elementor-element-5d6cc3d e-con-full e-flex e-con e-child\" data-id=\"5d6cc3d\" data-element_type=\"container\" data-e-type=\"container\">\n\t\t\t\t<div class=\"elementor-element elementor-element-1df8eb0 elementor-widget elementor-widget-heading\" data-id=\"1df8eb0\" data-element_type=\"widget\" data-e-type=\"widget\" data-widget_type=\"heading.default\">\n\t\t\t\t<div class=\"elementor-widget-container\">\n\t\t\t\t\t<h2 class=\"elementor-heading-title elementor-size-default\">Chyt\u0159ej\u0161\u00ed potvrzov\u00e1n\u00ed ud\u00e1lost\u00ed\n<\/h2>\t\t\t\t<\/div>\n\t\t\t\t<\/div>\n\t\t\t\t<div class=\"elementor-element elementor-element-33210cc elementor-widget elementor-widget-heading\" data-id=\"33210cc\" data-element_type=\"widget\" data-e-type=\"widget\" data-widget_type=\"heading.default\">\n\t\t\t\t<div class=\"elementor-widget-container\">\n\t\t\t\t\t<h3 class=\"elementor-heading-title elementor-size-default\">Vylad\u011bn\u00ed zp\u016fsobu potvrzov\u00e1n\u00ed ud\u00e1lost\u00ed<\/h3>\t\t\t\t<\/div>\n\t\t\t\t<\/div>\n\t\t\t\t<div class=\"elementor-element elementor-element-dcf5813 elementor-widget elementor-widget-text-editor\" data-id=\"dcf5813\" data-element_type=\"widget\" data-e-type=\"widget\" data-widget_type=\"text-editor.default\">\n\t\t\t\t<div class=\"elementor-widget-container\">\n\t\t\t\t\t\t\t\t\t<p>Nyn\u00ed m\u016f\u017eete <strong>definovat,<\/strong> zda <strong>v\u00edcedenn\u00ed ud\u00e1losti vy\u017eaduj\u00ed potvrzen\u00ed<\/strong> <em>ka\u017ed\u00fd den,<\/em> nebo <em>pouze jednou<\/em>. D\u00edky p\u0159idan\u00fdm <strong>pokro\u010dil\u00fdm nastaven\u00edm<\/strong> z\u00edsk\u00e1te lep\u0161\u00ed kontrolu nad <em>kr\u00e1tk\u00fdmi<\/em> a <em>dlouh\u00fdmi ud\u00e1lostmi<\/em> &#8211; a dokonce i mo\u017enost<strong> zru\u0161it pravidla potvrzov\u00e1n\u00ed pro<\/strong> <em>konkr\u00e9tn\u00ed u\u017eivatele<\/em>. <\/p>\t\t\t\t\t\t\t\t<\/div>\n\t\t\t\t<\/div>\n\t\t\t\t<\/div>\n\t\t\t\t\t<\/div>\n\t\t\t\t<\/div>\n\t\t<div class=\"elementor-element elementor-element-1123d3a e-grid e-con-boxed e-con e-child\" data-id=\"1123d3a\" data-element_type=\"container\" data-e-type=\"container\">\n\t\t\t\t\t<div class=\"e-con-inner\">\n\t\t<div class=\"elementor-element elementor-element-74c9c37 e-con-full e-flex e-con e-child\" data-id=\"74c9c37\" data-element_type=\"container\" data-e-type=\"container\">\n\t\t\t\t<div class=\"elementor-element elementor-element-173abae elementor-widget elementor-widget-heading\" data-id=\"173abae\" data-element_type=\"widget\" data-e-type=\"widget\" data-widget_type=\"heading.default\">\n\t\t\t\t<div class=\"elementor-widget-container\">\n\t\t\t\t\t<h2 class=\"elementor-heading-title elementor-size-default\">Vlastn\u00ed barevn\u00e1 sch\u00e9mata<\/h2>\t\t\t\t<\/div>\n\t\t\t\t<\/div>\n\t\t\t\t<div class=\"elementor-element elementor-element-3f4ed21 elementor-widget elementor-widget-heading\" data-id=\"3f4ed21\" data-element_type=\"widget\" data-e-type=\"widget\" data-widget_type=\"heading.default\">\n\t\t\t\t<div class=\"elementor-widget-container\">\n\t\t\t\t\t<h3 class=\"elementor-heading-title elementor-size-default\">P\u0159izp\u016fsobte aplikaci CUE Assist sv\u00e9 zna\u010dce<\/h3>\t\t\t\t<\/div>\n\t\t\t\t<\/div>\n\t\t\t\t<div class=\"elementor-element elementor-element-6bd22a1 elementor-widget elementor-widget-text-editor\" data-id=\"6bd22a1\" data-element_type=\"widget\" data-e-type=\"widget\" data-widget_type=\"text-editor.default\">\n\t\t\t\t<div class=\"elementor-widget-container\">\n\t\t\t\t\t\t\t\t\t<p><a href=\"https:\/\/www.cuesystem.com\/cs\/rezervace\/cue-assist\/\"><strong>Asistent CUE Assist<\/strong><\/a> nyn\u00ed podporuje <strong>barevn\u00e1 sch\u00e9mata na m\u00edru<\/strong> &#8211; ide\u00e1ln\u00ed pro <em>spole\u010dnosti s<\/em> <strong>definovanou vizu\u00e1ln\u00ed identitou<\/strong>. Spolu s t\u00edm jsme <em>vylep\u0161ili<\/em> <em>design aplikace,<\/em> aby<strong> p\u016fsobila<\/strong> <strong>celkov\u011b sv\u011b\u017e\u00edm<\/strong> a<strong> modern\u011bj\u0161\u00edm dojmem<\/strong>. <\/p>\t\t\t\t\t\t\t\t<\/div>\n\t\t\t\t<\/div>\n\t\t\t\t<\/div>\n\t\t<div class=\"elementor-element elementor-element-aa61b7a e-con-full e-flex e-con e-child\" data-id=\"aa61b7a\" data-element_type=\"container\" data-e-type=\"container\">\n\t\t\t\t<div class=\"elementor-element elementor-element-6ff24b7 elementor-widget elementor-widget-image\" data-id=\"6ff24b7\" data-element_type=\"widget\" data-e-type=\"widget\" data-widget_type=\"image.default\">\n\t\t\t\t<div class=\"elementor-widget-container\">\n\t\t\t\t\t\t\t\t\t\t\t\t\t\t\t\t<a href=\"https:\/\/www.cuesystem.com\/wp-content\/uploads\/2025\/06\/4-kopie.webp\" data-elementor-open-lightbox=\"yes\" data-e-action-hash=\"#elementor-action%3Aaction%3Dlightbox%26settings%3DeyJpZCI6MzA5MTYsInVybCI6Imh0dHBzOlwvXC93d3cuY3Vlc3lzdGVtLmNvbVwvd3AtY29udGVudFwvdXBsb2Fkc1wvMjAyNVwvMDZcLzQta29waWUud2VicCJ9\">\n\t\t\t\t\t\t\t<img loading=\"lazy\" decoding=\"async\" width=\"798\" height=\"433\" src=\"https:\/\/www.cuesystem.com\/wp-content\/uploads\/2025\/06\/4-kopie.webp\" class=\"attachment-large size-large wp-image-30916\" alt=\"\" srcset=\"https:\/\/www.cuesystem.com\/wp-content\/uploads\/2025\/06\/4-kopie.webp 798w, https:\/\/www.cuesystem.com\/wp-content\/uploads\/2025\/06\/4-kopie-300x163.webp 300w\" sizes=\"(max-width: 798px) 100vw, 798px\" \/>\t\t\t\t\t\t\t\t<\/a>\n\t\t\t\t\t\t\t\t\t\t\t\t\t\t\t<\/div>\n\t\t\t\t<\/div>\n\t\t\t\t<\/div>\n\t\t\t\t\t<\/div>\n\t\t\t\t<\/div>\n\t\t\t\t<\/div>\n\t\t<div class=\"elementor-element elementor-element-b4022cf e-flex e-con-boxed e-con e-parent\" data-id=\"b4022cf\" data-element_type=\"container\" data-e-type=\"container\">\n\t\t\t\t\t<div class=\"e-con-inner\">\n\t\t<div class=\"elementor-element elementor-element-b1e3148 e-grid e-con-full e-con e-child\" data-id=\"b1e3148\" data-element_type=\"container\" data-e-type=\"container\">\n\t\t<div class=\"elementor-element elementor-element-fd78869 e-con-full e-flex e-con e-child\" data-id=\"fd78869\" data-element_type=\"container\" data-e-type=\"container\">\n\t\t\t\t<div class=\"elementor-element elementor-element-075fb29 elementor-widget elementor-widget-image\" data-id=\"075fb29\" data-element_type=\"widget\" data-e-type=\"widget\" data-widget_type=\"image.default\">\n\t\t\t\t<div class=\"elementor-widget-container\">\n\t\t\t\t\t\t\t\t\t\t\t\t\t\t\t<img decoding=\"async\" src=\"https:\/\/www.cuesystem.com\/wp-content\/uploads\/2025\/05\/5.png\" title=\"\" alt=\"\" loading=\"lazy\" \/>\t\t\t\t\t\t\t\t\t\t\t\t\t\t\t<\/div>\n\t\t\t\t<\/div>\n\t\t\t\t<\/div>\n\t\t<div class=\"elementor-element elementor-element-fe78dc0 e-con-full e-flex e-con e-child\" data-id=\"fe78dc0\" data-element_type=\"container\" data-e-type=\"container\">\n\t\t\t\t<div class=\"elementor-element elementor-element-b7f9969 elementor-widget elementor-widget-heading\" data-id=\"b7f9969\" data-element_type=\"widget\" data-e-type=\"widget\" data-widget_type=\"heading.default\">\n\t\t\t\t<div class=\"elementor-widget-container\">\n\t\t\t\t\t<h2 class=\"elementor-heading-title elementor-size-default\">Usnadn\u011bn\u00ed p\u0159ipom\u00ednek ud\u00e1lost\u00ed<\/h2>\t\t\t\t<\/div>\n\t\t\t\t<\/div>\n\t\t\t\t<div class=\"elementor-element elementor-element-cb91d30 elementor-widget elementor-widget-heading\" data-id=\"cb91d30\" data-element_type=\"widget\" data-e-type=\"widget\" data-widget_type=\"heading.default\">\n\t\t\t\t<div class=\"elementor-widget-container\">\n\t\t\t\t\t<h3 class=\"elementor-heading-title elementor-size-default\">V\u00fdchoz\u00ed nastaven\u00ed, kter\u00e1 jsou st\u00e1le osobn\u00ed<\/h3>\t\t\t\t<\/div>\n\t\t\t\t<\/div>\n\t\t\t\t<div class=\"elementor-element elementor-element-824a1ff elementor-widget elementor-widget-text-editor\" data-id=\"824a1ff\" data-element_type=\"widget\" data-e-type=\"widget\" data-widget_type=\"text-editor.default\">\n\t\t\t\t<div class=\"elementor-widget-container\">\n\t\t\t\t\t\t\t\t\t<p>Spr\u00e1vci nyn\u00ed mohou nastavit <strong>v\u00fdchoz\u00ed p\u0159ipomenut\u00ed<\/strong> a <strong>stavy filtr\u016f<\/strong> v polo\u017ece <a href=\"https:\/\/www.cuesystem.com\/cs\/rezervace\/cue-assist\/\"><strong>CUE Assist<\/strong><\/a> pro <em>v\u0161echny rezervace<\/em>. Pokud<em> si<\/em> u\u017eivatel\u00e9<em> uprav\u00ed sv\u00e9 vlastn\u00ed preference<\/em>, <em>aplikace si je zapamatuje<\/em>, \u010d\u00edm\u017e dos\u00e1hne <strong>dokonal\u00e9 rovnov\u00e1hy mezi kontrolou a p\u0159izp\u016fsoben\u00edm<\/strong>. <\/p>\t\t\t\t\t\t\t\t<\/div>\n\t\t\t\t<\/div>\n\t\t\t\t<\/div>\n\t\t\t\t<\/div>\n\t\t<div class=\"elementor-element elementor-element-60351d5 e-con-full e-flex e-con e-child\" data-id=\"60351d5\" data-element_type=\"container\" data-e-type=\"container\">\n\t\t\t\t<div class=\"elementor-element elementor-element-17dfd91 elementor-widget elementor-widget-heading\" data-id=\"17dfd91\" data-element_type=\"widget\" data-e-type=\"widget\" data-widget_type=\"heading.default\">\n\t\t\t\t<div class=\"elementor-widget-container\">\n\t\t\t\t\t<h2 class=\"elementor-heading-title elementor-size-default\">A je toho v\u00edc...<\/h2>\t\t\t\t<\/div>\n\t\t\t\t<\/div>\n\t\t\t\t<div class=\"elementor-element elementor-element-32035f9 elementor-widget elementor-widget-heading\" data-id=\"32035f9\" data-element_type=\"widget\" data-e-type=\"widget\" data-widget_type=\"heading.default\">\n\t\t\t\t<div class=\"elementor-widget-container\">\n\t\t\t\t\t<h3 class=\"elementor-heading-title elementor-size-default\">Mal\u00e9 zm\u011bny, velk\u00fd rozd\u00edl<\/h3>\t\t\t\t<\/div>\n\t\t\t\t<\/div>\n\t\t\t\t<div class=\"elementor-element elementor-element-6a062fb elementor-widget elementor-widget-text-editor\" data-id=\"6a062fb\" data-element_type=\"widget\" data-e-type=\"widget\" data-widget_type=\"text-editor.default\">\n\t\t\t\t<div class=\"elementor-widget-container\">\n\t\t\t\t\t\t\t\t\t<ul><li>Nov\u00e1 <strong>ak\u010dn\u00ed tla\u010d\u00edtka<\/strong> v <strong>detailech rezervace<\/strong> <em>(Dokon\u010dit, Prodlou\u017eit, Potvrdit&#8230;<\/em>)<\/li><li><strong>Adresa MAC<\/strong> je nyn\u00ed <strong>viditeln\u00e1<\/strong> v m\u0159\u00ed\u017ece jednotek a <strong>lze<\/strong> ji <strong>exportovat<\/strong> do aplikace Excel<\/li><li><strong>Spr\u00e1va centr\u00e1ln\u00ed jednotky<\/strong> je nyn\u00ed <strong>jednodu\u0161\u0161\u00ed<\/strong>: <em>probuzen\u00ed nebo restart p\u0159\u00edmo z aplikace <a href=\"https:\/\/www.cuesystem.com\/cs\/sprava\/cue-admin\/\"><strong>CUE Admin.<\/strong><\/a><\/em><\/li><\/ul>\t\t\t\t\t\t\t\t<\/div>\n\t\t\t\t<\/div>\n\t\t\t\t<\/div>\n\t\t<div class=\"elementor-element elementor-element-3c90f33 e-con-full e-flex e-con e-child\" data-id=\"3c90f33\" data-element_type=\"container\" data-e-type=\"container\">\n\t\t\t\t<div class=\"elementor-element elementor-element-1ddd28a elementor-widget-divider--view-line elementor-widget elementor-widget-divider\" data-id=\"1ddd28a\" data-element_type=\"widget\" data-e-type=\"widget\" data-widget_type=\"divider.default\">\n\t\t\t\t<div class=\"elementor-widget-container\">\n\t\t\t\t\t\t\t<div class=\"elementor-divider\">\n\t\t\t<span class=\"elementor-divider-separator\">\n\t\t\t\t\t\t<\/span>\n\t\t<\/div>\n\t\t\t\t\t\t<\/div>\n\t\t\t\t<\/div>\n\t\t\t\t<div class=\"elementor-element elementor-element-29b1bfc elementor-widget elementor-widget-text-editor\" data-id=\"29b1bfc\" data-element_type=\"widget\" data-e-type=\"widget\" data-widget_type=\"text-editor.default\">\n\t\t\t\t<div class=\"elementor-widget-container\">\n\t\t\t\t\t\t\t\t\t<p>Vytvo\u0159eno: 2025-03<\/p>\t\t\t\t\t\t\t\t<\/div>\n\t\t\t\t<\/div>\n\t\t\t\t<div class=\"elementor-element elementor-element-b28ce04 elementor-widget-divider--view-line elementor-widget elementor-widget-divider\" data-id=\"b28ce04\" data-element_type=\"widget\" data-e-type=\"widget\" data-widget_type=\"divider.default\">\n\t\t\t\t<div class=\"elementor-widget-container\">\n\t\t\t\t\t\t\t<div class=\"elementor-divider\">\n\t\t\t<span class=\"elementor-divider-separator\">\n\t\t\t\t\t\t<\/span>\n\t\t<\/div>\n\t\t\t\t\t\t<\/div>\n\t\t\t\t<\/div>\n\t\t\t\t<\/div>\n\t\t\t\t\t<\/div>\n\t\t\t\t<\/div>\n\t\t\t\t<\/div>\n\t\t","protected":false},"excerpt":{"rendered":"<p>Nejnov\u011bj\u0161\u00ed aktualizace \u0158e\u0161en\u00ed CUE | Vyd\u00e1na verze 12.6.0 Nejnov\u011bj\u0161\u00ed verze je tu, aby spr\u00e1va va\u0161ich prostor byla je\u0161t\u011b plynulej\u0161\u00ed&#8211; od pr\u016flomov\u00fdch mo\u017enost\u00ed ovl\u00e1d\u00e1n\u00ed a\u017e po jemn\u011bj\u0161\u00ed nastaven\u00ed ud\u00e1lost\u00ed. V\u0161ichni se d\u00edvaj\u00ed na Monitor &amp; Control P\u0159ipojte se. Vizualizujte. P\u0159evezm\u011bte odpov\u011bdnost. Monitorov\u00e1n\u00ed a \u0159\u00edzen\u00ed p\u0159eklenuje mezeru mezi hardwarem CUE a softwaremCUE Solution &#8211; v\u0161e v jednom <a href=\"https:\/\/www.cuesystem.com\/cs\/co-je-noveho\/reseni-cue-vydana-verze-12-6-0\/\" class=\"more-link\">&#8230;<span class=\"screen-reader-text\">  \u0158e\u0161en\u00ed CUE | Vyd\u00e1na verze 12.6.0<\/span><\/a><\/p>\n","protected":false},"author":11,"featured_media":0,"parent":31296,"menu_order":218,"comment_status":"closed","ping_status":"closed","template":"","meta":{"_acf_changed":false,"inline_featured_image":false,"footnotes":""},"kategorie":[],"class_list":["post-31376","page","type-page","status-publish","hentry"],"acf":[],"_links":{"self":[{"href":"https:\/\/www.cuesystem.com\/cs\/wp-json\/wp\/v2\/pages\/31376","targetHints":{"allow":["GET"]}}],"collection":[{"href":"https:\/\/www.cuesystem.com\/cs\/wp-json\/wp\/v2\/pages"}],"about":[{"href":"https:\/\/www.cuesystem.com\/cs\/wp-json\/wp\/v2\/types\/page"}],"author":[{"embeddable":true,"href":"https:\/\/www.cuesystem.com\/cs\/wp-json\/wp\/v2\/users\/11"}],"replies":[{"embeddable":true,"href":"https:\/\/www.cuesystem.com\/cs\/wp-json\/wp\/v2\/comments?post=31376"}],"version-history":[{"count":1,"href":"https:\/\/www.cuesystem.com\/cs\/wp-json\/wp\/v2\/pages\/31376\/revisions"}],"predecessor-version":[{"id":31383,"href":"https:\/\/www.cuesystem.com\/cs\/wp-json\/wp\/v2\/pages\/31376\/revisions\/31383"}],"up":[{"embeddable":true,"href":"https:\/\/www.cuesystem.com\/cs\/wp-json\/wp\/v2\/pages\/31296"}],"wp:attachment":[{"href":"https:\/\/www.cuesystem.com\/cs\/wp-json\/wp\/v2\/media?parent=31376"}],"wp:term":[{"taxonomy":"kategorie","embeddable":true,"href":"https:\/\/www.cuesystem.com\/cs\/wp-json\/wp\/v2\/kategorie?post=31376"}],"curies":[{"name":"wp","href":"https:\/\/api.w.org\/{rel}","templated":true}]}}