{"id":31378,"date":"2025-04-25T12:19:15","date_gmt":"2025-04-25T10:19:15","guid":{"rendered":"https:\/\/www.cuesystem.com\/co-je-noveho\/reseni-cue-vydana-verze-11-24-0\/"},"modified":"2025-06-13T14:32:31","modified_gmt":"2025-06-13T12:32:31","slug":"reseni-cue-vydana-verze-11-24-0","status":"publish","type":"page","link":"https:\/\/www.cuesystem.com\/cs\/co-je-noveho\/reseni-cue-vydana-verze-11-24-0\/","title":{"rendered":"\u0158e\u0161en\u00ed CUE | Vyd\u00e1na verze 11.24.0"},"content":{"rendered":"\t\t<div data-elementor-type=\"wp-page\" data-elementor-id=\"31378\" class=\"elementor elementor-31378 elementor-30493\" data-elementor-post-type=\"page\">\n\t\t\t\t<div class=\"elementor-element elementor-element-be6a65e e-con-full e-flex e-con e-child\" data-id=\"be6a65e\" data-element_type=\"container\" data-e-type=\"container\">\n\t\t\t\t<div class=\"elementor-element elementor-element-a266ede elementor-widget elementor-widget-heading\" data-id=\"a266ede\" data-element_type=\"widget\" data-e-type=\"widget\" data-widget_type=\"heading.default\">\n\t\t\t\t<div class=\"elementor-widget-container\">\n\t\t\t\t\t<h3 class=\"elementor-heading-title elementor-size-default\">Nejnov\u011bj\u0161\u00ed aktualizace<\/h3>\t\t\t\t<\/div>\n\t\t\t\t<\/div>\n\t\t\t\t<div class=\"elementor-element elementor-element-0fd4322 elementor-widget elementor-widget-heading\" data-id=\"0fd4322\" data-element_type=\"widget\" data-e-type=\"widget\" data-widget_type=\"heading.default\">\n\t\t\t\t<div class=\"elementor-widget-container\">\n\t\t\t\t\t<h1 class=\"elementor-heading-title elementor-size-default\">\u0158e\u0161en\u00ed CUE | Vyd\u00e1na verze 11.24.0<\/h1>\t\t\t\t<\/div>\n\t\t\t\t<\/div>\n\t\t\t\t<div class=\"elementor-element elementor-element-1989dd6 elementor-widget-divider--view-line elementor-widget elementor-widget-divider\" data-id=\"1989dd6\" data-element_type=\"widget\" data-e-type=\"widget\" data-widget_type=\"divider.default\">\n\t\t\t\t<div class=\"elementor-widget-container\">\n\t\t\t\t\t\t\t<div class=\"elementor-divider\">\n\t\t\t<span class=\"elementor-divider-separator\">\n\t\t\t\t\t\t<\/span>\n\t\t<\/div>\n\t\t\t\t\t\t<\/div>\n\t\t\t\t<\/div>\n\t\t<div class=\"elementor-element elementor-element-23fee66 e-flex e-con-boxed e-con e-child\" data-id=\"23fee66\" data-element_type=\"container\" data-e-type=\"container\">\n\t\t\t\t\t<div class=\"e-con-inner\">\n\t\t\t\t<div class=\"elementor-element elementor-element-7190e09 elementor-widget elementor-widget-text-editor\" data-id=\"7190e09\" data-element_type=\"widget\" data-e-type=\"widget\" data-widget_type=\"text-editor.default\">\n\t\t\t\t<div class=\"elementor-widget-container\">\n\t\t\t\t\t\t\t\t\t<p>Jsme r\u00e1di, \u017ee se m\u016f\u017eeme pod\u011blit o <strong>nejnov\u011bj\u0161\u00ed aktualizace a vylep\u0161en\u00ed v ekosyst\u00e9mu \u0159e\u0161en\u00ed CUE<\/strong>, kter\u00e9 jsou navr\u017eeny tak, aby zefektivnily va\u0161i pr\u00e1ci a zlep\u0161ily funk\u010dnost. Poj\u010fme se na n\u011b pod\u00edvat bl\u00ed\u017ee, ano? <\/p>\t\t\t\t\t\t\t\t<\/div>\n\t\t\t\t<\/div>\n\t\t\t\t\t<\/div>\n\t\t\t\t<\/div>\n\t\t\t\t<div class=\"elementor-element elementor-element-1a65829 elementor-widget-divider--view-line elementor-widget elementor-widget-divider\" data-id=\"1a65829\" data-element_type=\"widget\" data-e-type=\"widget\" data-widget_type=\"divider.default\">\n\t\t\t\t<div class=\"elementor-widget-container\">\n\t\t\t\t\t\t\t<div class=\"elementor-divider\">\n\t\t\t<span class=\"elementor-divider-separator\">\n\t\t\t\t\t\t<\/span>\n\t\t<\/div>\n\t\t\t\t\t\t<\/div>\n\t\t\t\t<\/div>\n\t\t<div class=\"elementor-element elementor-element-f3a8216 e-flex e-con-boxed e-con e-child\" data-id=\"f3a8216\" data-element_type=\"container\" data-e-type=\"container\">\n\t\t\t\t\t<div class=\"e-con-inner\">\n\t\t\t\t<div class=\"elementor-element elementor-element-fecff91 elementor-widget elementor-widget-heading\" data-id=\"fecff91\" data-element_type=\"widget\" data-e-type=\"widget\" data-widget_type=\"heading.default\">\n\t\t\t\t<div class=\"elementor-widget-container\">\n\t\t\t\t\t<h2 class=\"elementor-heading-title elementor-size-default\">Vylep\u0161en\u00ed podrobnost\u00ed o prost\u0159edc\u00edch\n\n<\/h2>\t\t\t\t<\/div>\n\t\t\t\t<\/div>\n\t\t<div class=\"elementor-element elementor-element-ea775cb e-con-full e-flex e-con e-child\" data-id=\"ea775cb\" data-element_type=\"container\" data-e-type=\"container\">\n\t\t\t\t<div class=\"elementor-element elementor-element-1ba7a17 elementor-widget elementor-widget-heading\" data-id=\"1ba7a17\" data-element_type=\"widget\" data-e-type=\"widget\" data-widget_type=\"heading.default\">\n\t\t\t\t<div class=\"elementor-widget-container\">\n\t\t\t\t\t<h3 class=\"elementor-heading-title elementor-size-default\">Navigace CUE a kiosek CUE\n<\/h3>\t\t\t\t<\/div>\n\t\t\t\t<\/div>\n\t\t\t\t<\/div>\n\t\t\t\t\t<\/div>\n\t\t\t\t<\/div>\n\t\t<div class=\"elementor-element elementor-element-327732b e-grid e-con-boxed e-con e-child\" data-id=\"327732b\" data-element_type=\"container\" data-e-type=\"container\">\n\t\t\t\t\t<div class=\"e-con-inner\">\n\t\t<div class=\"elementor-element elementor-element-cc44c3c e-con-full e-flex e-con e-child\" data-id=\"cc44c3c\" data-element_type=\"container\" data-e-type=\"container\">\n\t\t\t\t<div class=\"elementor-element elementor-element-968ac0d elementor-widget elementor-widget-heading\" data-id=\"968ac0d\" data-element_type=\"widget\" data-e-type=\"widget\" data-widget_type=\"heading.default\">\n\t\t\t\t<div class=\"elementor-widget-container\">\n\t\t\t\t\t<h2 class=\"elementor-heading-title elementor-size-default\">Video<\/h2>\t\t\t\t<\/div>\n\t\t\t\t<\/div>\n\t\t\t\t<div class=\"elementor-element elementor-element-9be18d5 elementor-widget elementor-widget-text-editor\" data-id=\"9be18d5\" data-element_type=\"widget\" data-e-type=\"widget\" data-widget_type=\"text-editor.default\">\n\t\t\t\t<div class=\"elementor-widget-container\">\n\t\t\t\t\t\t\t\t\t<p><strong>Nyn\u00ed je k dispozici<\/strong> <strong>p\u0159ehr\u00e1va\u010d videa MP4<\/strong>, kter\u00fd podporuje <strong>bohat\u00fd multimedi\u00e1ln\u00ed obsah<\/strong> v ka\u017ed\u00e9m zdroji. To umo\u017e\u0148uje snadno <em>ozvu\u010dit<\/em> nap\u0159. p\u0159edm\u011bty v muzeu, poskytnout u\u017eivateli <em>n\u00e1vod k<\/em> pou\u017eit\u00ed zdroje apod. Podporuje <em>v\u00edcejazy\u010dnost<\/em>.  <\/p>\t\t\t\t\t\t\t\t<\/div>\n\t\t\t\t<\/div>\n\t\t\t\t<\/div>\n\t\t<div class=\"elementor-element elementor-element-93e40b5 e-con-full e-flex e-con e-child\" data-id=\"93e40b5\" data-element_type=\"container\" data-e-type=\"container\">\n\t\t\t\t<div class=\"elementor-element elementor-element-cd048be elementor-widget elementor-widget-image\" data-id=\"cd048be\" data-element_type=\"widget\" data-e-type=\"widget\" data-widget_type=\"image.default\">\n\t\t\t\t<div class=\"elementor-widget-container\">\n\t\t\t\t\t\t\t\t\t\t\t\t\t\t\t<img fetchpriority=\"high\" decoding=\"async\" width=\"1014\" height=\"874\" src=\"https:\/\/www.cuesystem.com\/wp-content\/uploads\/2025\/06\/image-20250318-204810-1.webp\" class=\"attachment-large size-large wp-image-30880\" alt=\"\" srcset=\"https:\/\/www.cuesystem.com\/wp-content\/uploads\/2025\/06\/image-20250318-204810-1.webp 1014w, https:\/\/www.cuesystem.com\/wp-content\/uploads\/2025\/06\/image-20250318-204810-1-300x259.webp 300w\" sizes=\"(max-width: 1014px) 100vw, 1014px\" \/>\t\t\t\t\t\t\t\t\t\t\t\t\t\t\t<\/div>\n\t\t\t\t<\/div>\n\t\t\t\t<\/div>\n\t\t\t\t\t<\/div>\n\t\t\t\t<\/div>\n\t\t<div class=\"elementor-element elementor-element-1bbfeaf e-grid e-con-boxed e-con e-child\" data-id=\"1bbfeaf\" data-element_type=\"container\" data-e-type=\"container\">\n\t\t\t\t\t<div class=\"e-con-inner\">\n\t\t<div class=\"elementor-element elementor-element-47cb2b2 e-con-full e-flex e-con e-child\" data-id=\"47cb2b2\" data-element_type=\"container\" data-e-type=\"container\">\n\t\t\t\t<div class=\"elementor-element elementor-element-5267c01 elementor-widget elementor-widget-image\" data-id=\"5267c01\" data-element_type=\"widget\" data-e-type=\"widget\" data-widget_type=\"image.default\">\n\t\t\t\t<div class=\"elementor-widget-container\">\n\t\t\t\t\t\t\t\t\t\t\t\t\t\t\t<img decoding=\"async\" width=\"1022\" height=\"646\" src=\"https:\/\/www.cuesystem.com\/wp-content\/uploads\/2025\/06\/image-20250318-205054.webp\" class=\"attachment-large size-large wp-image-30890\" alt=\"\" srcset=\"https:\/\/www.cuesystem.com\/wp-content\/uploads\/2025\/06\/image-20250318-205054.webp 1022w, https:\/\/www.cuesystem.com\/wp-content\/uploads\/2025\/06\/image-20250318-205054-300x190.webp 300w\" sizes=\"(max-width: 1022px) 100vw, 1022px\" \/>\t\t\t\t\t\t\t\t\t\t\t\t\t\t\t<\/div>\n\t\t\t\t<\/div>\n\t\t\t\t<\/div>\n\t\t<div class=\"elementor-element elementor-element-2de0287 e-con-full e-flex e-con e-child\" data-id=\"2de0287\" data-element_type=\"container\" data-e-type=\"container\">\n\t\t\t\t<div class=\"elementor-element elementor-element-9fa45dc elementor-widget elementor-widget-heading\" data-id=\"9fa45dc\" data-element_type=\"widget\" data-e-type=\"widget\" data-widget_type=\"heading.default\">\n\t\t\t\t<div class=\"elementor-widget-container\">\n\t\t\t\t\t<h2 class=\"elementor-heading-title elementor-size-default\">Audio<\/h2>\t\t\t\t<\/div>\n\t\t\t\t<\/div>\n\t\t\t\t<div class=\"elementor-element elementor-element-83aadef elementor-widget elementor-widget-text-editor\" data-id=\"83aadef\" data-element_type=\"widget\" data-e-type=\"widget\" data-widget_type=\"text-editor.default\">\n\t\t\t\t<div class=\"elementor-widget-container\">\n\t\t\t\t\t\t\t\t\t<p>Zvuk ve form\u00e1tu <strong>MP3<\/strong> nyn\u00ed <strong>podporuje v\u00edcejazy\u010dnost<\/strong>. To znamen\u00e1, \u017ee p\u0159ehr\u00e1van\u00fd <em>zvuk<\/em> se vyb\u00edr\u00e1 <em>podle<\/em> <em>jazyka<\/em> pou\u017eit\u00e9ho v aplikaci. <\/p>\t\t\t\t\t\t\t\t<\/div>\n\t\t\t\t<\/div>\n\t\t\t\t<\/div>\n\t\t\t\t\t<\/div>\n\t\t\t\t<\/div>\n\t\t<div class=\"elementor-element elementor-element-2ea6d79 e-grid e-con-boxed e-con e-child\" data-id=\"2ea6d79\" data-element_type=\"container\" data-e-type=\"container\">\n\t\t\t\t\t<div class=\"e-con-inner\">\n\t\t<div class=\"elementor-element elementor-element-e57bfa9 e-con-full e-flex e-con e-child\" data-id=\"e57bfa9\" data-element_type=\"container\" data-e-type=\"container\">\n\t\t\t\t<div class=\"elementor-element elementor-element-8bded48 elementor-widget elementor-widget-heading\" data-id=\"8bded48\" data-element_type=\"widget\" data-e-type=\"widget\" data-widget_type=\"heading.default\">\n\t\t\t\t<div class=\"elementor-widget-container\">\n\t\t\t\t\t<h2 class=\"elementor-heading-title elementor-size-default\">Interaktivn\u00ed 3D zobrazen\u00ed<\/h2>\t\t\t\t<\/div>\n\t\t\t\t<\/div>\n\t\t\t\t<div class=\"elementor-element elementor-element-3172db5 elementor-widget elementor-widget-text-editor\" data-id=\"3172db5\" data-element_type=\"widget\" data-e-type=\"widget\" data-widget_type=\"text-editor.default\">\n\t\t\t\t<div class=\"elementor-widget-container\">\n\t\t\t\t\t\t\t\t\t<p>Pro ka\u017ed\u00fd zdroj je nyn\u00ed k dispozici <strong>interaktivn\u00ed 3D zobrazen\u00ed<\/strong> pomoc\u00ed <strong>Matterportu<\/strong>. Modely Matterport nyn\u00ed umo\u017e\u0148uj\u00ed u\u017eivatel\u016fm prozkoumat <strong>detailn\u00ed prohl\u00eddky<\/strong> prostor, jako jsou <em>ordinace, obchody, zasedac\u00ed m\u00edstnosti atd.<\/em> Zadejte adresu URL do slu\u017eby Matterport do pole <a href=\"https:\/\/www.cuesystem.com\/cs\/sprava\/cue-admin\/\"><strong>CUE Admin<\/strong><\/a>, a obsah se zobraz\u00ed v <em>iframe<\/em>. <\/p>\t\t\t\t\t\t\t\t<\/div>\n\t\t\t\t<\/div>\n\t\t\t\t<\/div>\n\t\t<div class=\"elementor-element elementor-element-72aac8a e-con-full e-flex e-con e-child\" data-id=\"72aac8a\" data-element_type=\"container\" data-e-type=\"container\">\n\t\t\t\t<div class=\"elementor-element elementor-element-3e3feaf elementor-widget elementor-widget-image\" data-id=\"3e3feaf\" data-element_type=\"widget\" data-e-type=\"widget\" data-widget_type=\"image.default\">\n\t\t\t\t<div class=\"elementor-widget-container\">\n\t\t\t\t\t\t\t\t\t\t\t\t\t\t\t\t<a href=\"https:\/\/www.cuesystem.com\/wp-content\/uploads\/2025\/06\/image-20250318-204950.webp\" data-elementor-open-lightbox=\"yes\" data-e-action-hash=\"#elementor-action%3Aaction%3Dlightbox%26settings%3DeyJpZCI6MzA4ODUsInVybCI6Imh0dHBzOlwvXC93d3cuY3Vlc3lzdGVtLmNvbVwvd3AtY29udGVudFwvdXBsb2Fkc1wvMjAyNVwvMDZcL2ltYWdlLTIwMjUwMzE4LTIwNDk1MC53ZWJwIn0%3D\">\n\t\t\t\t\t\t\t<img decoding=\"async\" width=\"1018\" height=\"876\" src=\"https:\/\/www.cuesystem.com\/wp-content\/uploads\/2025\/06\/image-20250318-204950.webp\" class=\"attachment-large size-large wp-image-30885\" alt=\"\" srcset=\"https:\/\/www.cuesystem.com\/wp-content\/uploads\/2025\/06\/image-20250318-204950.webp 1018w, https:\/\/www.cuesystem.com\/wp-content\/uploads\/2025\/06\/image-20250318-204950-300x258.webp 300w\" sizes=\"(max-width: 1018px) 100vw, 1018px\" \/>\t\t\t\t\t\t\t\t<\/a>\n\t\t\t\t\t\t\t\t\t\t\t\t\t\t\t<\/div>\n\t\t\t\t<\/div>\n\t\t\t\t<\/div>\n\t\t\t\t\t<\/div>\n\t\t\t\t<\/div>\n\t\t<div class=\"elementor-element elementor-element-6b69d50 e-flex e-con-boxed e-con e-child\" data-id=\"6b69d50\" data-element_type=\"container\" data-e-type=\"container\">\n\t\t\t\t\t<div class=\"e-con-inner\">\n\t\t\t\t<div class=\"elementor-element elementor-element-a538467 elementor-widget elementor-widget-heading\" data-id=\"a538467\" data-element_type=\"widget\" data-e-type=\"widget\" data-widget_type=\"heading.default\">\n\t\t\t\t<div class=\"elementor-widget-container\">\n\t\t\t\t\t<h2 class=\"elementor-heading-title elementor-size-default\">Vylep\u0161en\u00e9 vyhled\u00e1v\u00e1n\u00ed\n\n\n<\/h2>\t\t\t\t<\/div>\n\t\t\t\t<\/div>\n\t\t<div class=\"elementor-element elementor-element-a1ab3cd e-con-full e-flex e-con e-child\" data-id=\"a1ab3cd\" data-element_type=\"container\" data-e-type=\"container\">\n\t\t\t\t<div class=\"elementor-element elementor-element-c1c7938 elementor-widget elementor-widget-heading\" data-id=\"c1c7938\" data-element_type=\"widget\" data-e-type=\"widget\" data-widget_type=\"heading.default\">\n\t\t\t\t<div class=\"elementor-widget-container\">\n\t\t\t\t\t<h3 class=\"elementor-heading-title elementor-size-default\">Navigace CUE a kiosek CUE\n<\/h3>\t\t\t\t<\/div>\n\t\t\t\t<\/div>\n\t\t\t\t<div class=\"elementor-element elementor-element-86a854e elementor-widget elementor-widget-text-editor\" data-id=\"86a854e\" data-element_type=\"widget\" data-e-type=\"widget\" data-widget_type=\"text-editor.default\">\n\t\t\t\t<div class=\"elementor-widget-container\">\n\t\t\t\t\t\t\t\t\t<p><strong>Vyhled\u00e1v\u00e1n\u00ed<\/strong> bylo vylep\u0161eno, nyn\u00ed krom\u011b n\u00e1zv\u016f bod\u016f z\u00e1jmu nebo zdroj\u016f <strong>vyhled\u00e1v\u00e1<\/strong> tak\u00e9 <strong>typ zdroje, kategorii bod\u016f z\u00e1jmu, popis zdroje a jeho vlastnosti<\/strong>. Hledan\u00fd v\u00fdraz je viditeln\u00fd pod polo\u017ekou v seznamu. <strong>Mo\u017enost filtrov\u00e1n\u00ed<\/strong> a vyhled\u00e1v\u00e1n\u00ed podle jednotliv\u00fdch krit\u00e9ri\u00ed lze libovoln\u011b konfigurovat.  <\/p>\t\t\t\t\t\t\t\t<\/div>\n\t\t\t\t<\/div>\n\t\t\t\t<\/div>\n\t\t\t\t\t<\/div>\n\t\t\t\t<\/div>\n\t\t<div class=\"elementor-element elementor-element-3b104bb e-flex e-con-boxed e-con e-child\" data-id=\"3b104bb\" data-element_type=\"container\" data-e-type=\"container\">\n\t\t\t\t\t<div class=\"e-con-inner\">\n\t\t\t\t<div class=\"elementor-element elementor-element-61ba822 elementor-widget elementor-widget-heading\" data-id=\"61ba822\" data-element_type=\"widget\" data-e-type=\"widget\" data-widget_type=\"heading.default\">\n\t\t\t\t<div class=\"elementor-widget-container\">\n\t\t\t\t\t<h2 class=\"elementor-heading-title elementor-size-default\">Zobrazen\u00ed kalend\u00e1\u0159e\n<\/h2>\t\t\t\t<\/div>\n\t\t\t\t<\/div>\n\t\t<div class=\"elementor-element elementor-element-eee7fd6 e-con-full e-flex e-con e-child\" data-id=\"eee7fd6\" data-element_type=\"container\" data-e-type=\"container\">\n\t\t\t\t<div class=\"elementor-element elementor-element-c40c3a9 elementor-widget elementor-widget-heading\" data-id=\"c40c3a9\" data-element_type=\"widget\" data-e-type=\"widget\" data-widget_type=\"heading.default\">\n\t\t\t\t<div class=\"elementor-widget-container\">\n\t\t\t\t\t<h3 class=\"elementor-heading-title elementor-size-default\">Asistent CUE Assist\n\n<\/h3>\t\t\t\t<\/div>\n\t\t\t\t<\/div>\n\t\t<div class=\"elementor-element elementor-element-79490a0 e-grid e-con-full e-con e-child\" data-id=\"79490a0\" data-element_type=\"container\" data-e-type=\"container\">\n\t\t<div class=\"elementor-element elementor-element-3c91121 e-con-full e-flex e-con e-child\" data-id=\"3c91121\" data-element_type=\"container\" data-e-type=\"container\">\n\t\t\t\t<div class=\"elementor-element elementor-element-11ca583 elementor-widget elementor-widget-image\" data-id=\"11ca583\" data-element_type=\"widget\" data-e-type=\"widget\" data-widget_type=\"image.default\">\n\t\t\t\t<div class=\"elementor-widget-container\">\n\t\t\t\t\t\t\t\t\t\t\t\t\t\t\t\t<a href=\"https:\/\/www.cuesystem.com\/wp-content\/uploads\/2025\/06\/image-20250318-125320.webp\" data-elementor-open-lightbox=\"yes\" data-e-action-hash=\"#elementor-action%3Aaction%3Dlightbox%26settings%3DeyJpZCI6MzA4NzUsInVybCI6Imh0dHBzOlwvXC93d3cuY3Vlc3lzdGVtLmNvbVwvd3AtY29udGVudFwvdXBsb2Fkc1wvMjAyNVwvMDZcL2ltYWdlLTIwMjUwMzE4LTEyNTMyMC53ZWJwIn0%3D\">\n\t\t\t\t\t\t\t<img loading=\"lazy\" decoding=\"async\" width=\"1024\" height=\"466\" src=\"https:\/\/www.cuesystem.com\/wp-content\/uploads\/2025\/06\/image-20250318-125320-1024x466.webp\" class=\"attachment-large size-large wp-image-30875\" alt=\"\" srcset=\"https:\/\/www.cuesystem.com\/wp-content\/uploads\/2025\/06\/image-20250318-125320-1024x466.webp 1024w, https:\/\/www.cuesystem.com\/wp-content\/uploads\/2025\/06\/image-20250318-125320-300x137.webp 300w, https:\/\/www.cuesystem.com\/wp-content\/uploads\/2025\/06\/image-20250318-125320.webp 1898w\" sizes=\"(max-width: 1024px) 100vw, 1024px\" \/>\t\t\t\t\t\t\t\t<\/a>\n\t\t\t\t\t\t\t\t\t\t\t\t\t\t\t<\/div>\n\t\t\t\t<\/div>\n\t\t\t\t<\/div>\n\t\t<div class=\"elementor-element elementor-element-61067b6 e-con-full e-flex e-con e-child\" data-id=\"61067b6\" data-element_type=\"container\" data-e-type=\"container\">\n\t\t\t\t<div class=\"elementor-element elementor-element-3762fca elementor-widget elementor-widget-text-editor\" data-id=\"3762fca\" data-element_type=\"widget\" data-e-type=\"widget\" data-widget_type=\"text-editor.default\">\n\t\t\t\t<div class=\"elementor-widget-container\">\n\t\t\t\t\t\t\t\t\t<p>Pro v\u0161echny rezervace je nyn\u00ed k dispozici <strong>beta verze zobrazen\u00ed kalend\u00e1\u0159e<\/strong>. Vyzkou\u0161ejte ji a t\u011b\u0161te se na dal\u0161\u00ed vylep\u0161en\u00ed v budouc\u00edch verz\u00edch. Ji\u017e nyn\u00ed m\u016f\u017eete <strong>p\u0159ep\u00ednat<\/strong> mezi <strong>denn\u00edm<\/strong>, <strong>t\u00fddenn\u00edm<\/strong> nebo <strong>m\u011bs\u00ed\u010dn\u00edm zobrazen\u00edm<\/strong> a <strong>filtrovat,<\/strong> jak jste byli zvykl\u00ed u zobrazen\u00ed seznamu.  <\/p><p>V\u00fdznamn\u00fdm vylep\u0161en\u00edm je mo\u017enost <strong>zobrazit<\/strong> krom\u011b vlastn\u00edho <strong>kalend\u00e1\u0159e i kalend\u00e1\u0159e jin\u00fdch u\u017eivatel\u016f<\/strong>.<\/p>\t\t\t\t\t\t\t\t<\/div>\n\t\t\t\t<\/div>\n\t\t\t\t<\/div>\n\t\t\t\t<\/div>\n\t\t\t\t<\/div>\n\t\t\t\t\t<\/div>\n\t\t\t\t<\/div>\n\t\t<div class=\"elementor-element elementor-element-1662ccf e-flex e-con-boxed e-con e-child\" data-id=\"1662ccf\" data-element_type=\"container\" data-e-type=\"container\">\n\t\t\t\t\t<div class=\"e-con-inner\">\n\t\t\t\t<div class=\"elementor-element elementor-element-9565692 elementor-widget elementor-widget-heading\" data-id=\"9565692\" data-element_type=\"widget\" data-e-type=\"widget\" data-widget_type=\"heading.default\">\n\t\t\t\t<div class=\"elementor-widget-container\">\n\t\t\t\t\t<h2 class=\"elementor-heading-title elementor-size-default\">Dal\u0161\u00ed vylep\u0161en\u00ed\n\n\n<\/h2>\t\t\t\t<\/div>\n\t\t\t\t<\/div>\n\t\t<div class=\"elementor-element elementor-element-ffb0a8f e-con-full e-flex e-con e-child\" data-id=\"ffb0a8f\" data-element_type=\"container\" data-e-type=\"container\">\n\t\t\t\t<div class=\"elementor-element elementor-element-4e05238 elementor-widget elementor-widget-text-editor\" data-id=\"4e05238\" data-element_type=\"widget\" data-e-type=\"widget\" data-widget_type=\"text-editor.default\">\n\t\t\t\t<div class=\"elementor-widget-container\">\n\t\t\t\t\t\t\t\t\t<ul><li>Prohozen\u00ed za\u010d\u00e1tku a konce v <a href=\"https:\/\/www.cuesystem.com\/cs\/navigace\/navigace-cue\/\"><strong>Navigace CUE<\/strong><\/a> je nov\u00e1 funkce, kterou lze jednodu\u0161e zm\u011bnit kliknut\u00edm na \u0161ipky mezi nimi.<\/li><li><strong>Grafick\u00e9 a UX vylep\u0161en\u00ed<\/strong> cel\u00e9 navigace a kiosku. Zam\u011b\u0159ili jsme se na pou\u017eit\u00ed krokov\u00e9 navigace, lep\u0161\u00ed p\u0159ep\u00edn\u00e1n\u00ed mezi mapami, kiosek na v\u00fd\u0161ku, filtry a dal\u0161\u00ed. <\/li><li>Nov\u00e1 mo\u017enost pro <a href=\"https:\/\/www.cuesystem.com\/cs\/rezervace\/cue-assist\/\"><strong>CUE Assist<\/strong><\/a><strong>nastavit prvn\u00ed den v t\u00fddnu<\/strong>. Spolu s <strong>jazykem<\/strong> se toto nastaven\u00ed ulo\u017e\u00ed k u\u017eivateli a spr\u00e1vce m\u016f\u017ee nastavenou hodnotu u\u017eivatele zobrazit v aplikaci. <a href=\"https:\/\/www.cuesystem.com\/cs\/sprava\/cue-admin\/\"><strong>CUE Admin<\/strong><\/a>. <\/li><li>V detailu um\u00edst\u011bn\u00ed je nyn\u00ed v navigaci <strong>odkaz na detail zdroje<\/strong>.<\/li><li>Do aplikace <strong>Excel<\/strong> byla p\u0159id\u00e1na mo\u017enost <strong>exportu<\/strong> QR k\u00f3d\u016f, zdroj\u016f, jednotek a u\u017eivatelsk\u00fdch <strong>dat<\/strong>. <strong><a href=\"https:\/\/www.cuesystem.com\/cs\/sprava\/cue-admin\/\">CUE Admin<\/a><\/strong>.<\/li><li>V aplikaci CUE Admin se nyn\u00ed <strong>IP adresa<\/strong> jednotky zobrazuje p\u0159\u00edmo <strong>v m\u0159\u00ed\u017ece jednotky,<\/strong> tak\u017ee m\u016f\u017eete snadno kliknout na jej\u00ed webovou str\u00e1nku spr\u00e1vce.<\/li><li>A mnoho dal\u0161\u00edch&#8230;<\/li><\/ul>\t\t\t\t\t\t\t\t<\/div>\n\t\t\t\t<\/div>\n\t\t<div class=\"elementor-element elementor-element-a2761ef e-con-full e-flex e-con e-child\" data-id=\"a2761ef\" data-element_type=\"container\" data-e-type=\"container\">\n\t\t\t\t<div class=\"elementor-element elementor-element-4675419 elementor-widget-divider--view-line elementor-widget elementor-widget-divider\" data-id=\"4675419\" data-element_type=\"widget\" data-e-type=\"widget\" data-widget_type=\"divider.default\">\n\t\t\t\t<div class=\"elementor-widget-container\">\n\t\t\t\t\t\t\t<div class=\"elementor-divider\">\n\t\t\t<span class=\"elementor-divider-separator\">\n\t\t\t\t\t\t<\/span>\n\t\t<\/div>\n\t\t\t\t\t\t<\/div>\n\t\t\t\t<\/div>\n\t\t\t\t<div class=\"elementor-element elementor-element-fcafde3 elementor-widget elementor-widget-text-editor\" data-id=\"fcafde3\" data-element_type=\"widget\" data-e-type=\"widget\" data-widget_type=\"text-editor.default\">\n\t\t\t\t<div class=\"elementor-widget-container\">\n\t\t\t\t\t\t\t\t\t<p>Vytvo\u0159eno: 2025-04<\/p>\t\t\t\t\t\t\t\t<\/div>\n\t\t\t\t<\/div>\n\t\t\t\t<div class=\"elementor-element elementor-element-9fcc4e4 elementor-widget-divider--view-line elementor-widget elementor-widget-divider\" data-id=\"9fcc4e4\" data-element_type=\"widget\" data-e-type=\"widget\" data-widget_type=\"divider.default\">\n\t\t\t\t<div class=\"elementor-widget-container\">\n\t\t\t\t\t\t\t<div class=\"elementor-divider\">\n\t\t\t<span class=\"elementor-divider-separator\">\n\t\t\t\t\t\t<\/span>\n\t\t<\/div>\n\t\t\t\t\t\t<\/div>\n\t\t\t\t<\/div>\n\t\t\t\t<\/div>\n\t\t\t\t<\/div>\n\t\t\t\t\t<\/div>\n\t\t\t\t<\/div>\n\t\t\t\t<\/div>\n\t\t\t\t<\/div>\n\t\t","protected":false},"excerpt":{"rendered":"<p>Nejnov\u011bj\u0161\u00ed aktualizace \u0158e\u0161en\u00ed CUE | Vyd\u00e1na verze 11.24.0 Jsme r\u00e1di, \u017ee se m\u016f\u017eeme pod\u011blit o nejnov\u011bj\u0161\u00ed aktualizace a vylep\u0161en\u00ed v ekosyst\u00e9mu \u0159e\u0161en\u00ed CUE, kter\u00e9 jsou navr\u017eeny tak, aby zefektivnily va\u0161i pr\u00e1ci a zlep\u0161ily funk\u010dnost. Poj\u010fme se na n\u011b pod\u00edvat bl\u00ed\u017ee, ano? Vylep\u0161en\u00ed podrobnost\u00ed o prost\u0159edc\u00edch Navigace CUE a kiosek CUE Video Nyn\u00ed je k dispozici <a href=\"https:\/\/www.cuesystem.com\/cs\/co-je-noveho\/reseni-cue-vydana-verze-11-24-0\/\" class=\"more-link\">&#8230;<span class=\"screen-reader-text\">  \u0158e\u0161en\u00ed CUE | Vyd\u00e1na verze 11.24.0<\/span><\/a><\/p>\n","protected":false},"author":11,"featured_media":0,"parent":31296,"menu_order":203,"comment_status":"closed","ping_status":"closed","template":"","meta":{"_acf_changed":false,"inline_featured_image":false,"footnotes":""},"kategorie":[],"class_list":["post-31378","page","type-page","status-publish","hentry"],"acf":[],"_links":{"self":[{"href":"https:\/\/www.cuesystem.com\/cs\/wp-json\/wp\/v2\/pages\/31378","targetHints":{"allow":["GET"]}}],"collection":[{"href":"https:\/\/www.cuesystem.com\/cs\/wp-json\/wp\/v2\/pages"}],"about":[{"href":"https:\/\/www.cuesystem.com\/cs\/wp-json\/wp\/v2\/types\/page"}],"author":[{"embeddable":true,"href":"https:\/\/www.cuesystem.com\/cs\/wp-json\/wp\/v2\/users\/11"}],"replies":[{"embeddable":true,"href":"https:\/\/www.cuesystem.com\/cs\/wp-json\/wp\/v2\/comments?post=31378"}],"version-history":[{"count":1,"href":"https:\/\/www.cuesystem.com\/cs\/wp-json\/wp\/v2\/pages\/31378\/revisions"}],"predecessor-version":[{"id":31386,"href":"https:\/\/www.cuesystem.com\/cs\/wp-json\/wp\/v2\/pages\/31378\/revisions\/31386"}],"up":[{"embeddable":true,"href":"https:\/\/www.cuesystem.com\/cs\/wp-json\/wp\/v2\/pages\/31296"}],"wp:attachment":[{"href":"https:\/\/www.cuesystem.com\/cs\/wp-json\/wp\/v2\/media?parent=31378"}],"wp:term":[{"taxonomy":"kategorie","embeddable":true,"href":"https:\/\/www.cuesystem.com\/cs\/wp-json\/wp\/v2\/kategorie?post=31378"}],"curies":[{"name":"wp","href":"https:\/\/api.w.org\/{rel}","templated":true}]}}