{"id":31399,"date":"2024-11-26T10:28:43","date_gmt":"2024-11-26T09:28:43","guid":{"rendered":"https:\/\/www.cuesystem.com\/co-je-noveho\/predstavujeme-dva-nove-cenove-vyhodne-5-panely\/"},"modified":"2025-06-13T14:34:48","modified_gmt":"2025-06-13T12:34:48","slug":"predstavujeme-dva-nove-cenove-vyhodne-5-panely","status":"publish","type":"page","link":"https:\/\/www.cuesystem.com\/cs\/co-je-noveho\/predstavujeme-dva-nove-cenove-vyhodne-5-panely\/","title":{"rendered":"P\u0159edstavujeme dva nov\u00e9 cenov\u011b v\u00fdhodn\u00e9 5&#8243; panely"},"content":{"rendered":"\t\t<div data-elementor-type=\"wp-page\" data-elementor-id=\"31399\" class=\"elementor elementor-31399 elementor-30657\" data-elementor-post-type=\"page\">\n\t\t\t\t<div class=\"elementor-element elementor-element-04364c5 e-con-full e-flex e-con e-child\" data-id=\"04364c5\" data-element_type=\"container\" data-e-type=\"container\">\n\t\t\t\t<div class=\"elementor-element elementor-element-67b8ba9 elementor-widget elementor-widget-heading\" data-id=\"67b8ba9\" data-element_type=\"widget\" data-e-type=\"widget\" data-widget_type=\"heading.default\">\n\t\t\t\t<div class=\"elementor-widget-container\">\n\t\t\t\t\t<h3 class=\"elementor-heading-title elementor-size-default\"><span style=\"font-size: 20.8px\">Nov\u00e9 produkty<\/span><\/h3>\t\t\t\t<\/div>\n\t\t\t\t<\/div>\n\t\t\t\t<div class=\"elementor-element elementor-element-a17dcb8 elementor-widget elementor-widget-heading\" data-id=\"a17dcb8\" data-element_type=\"widget\" data-e-type=\"widget\" data-widget_type=\"heading.default\">\n\t\t\t\t<div class=\"elementor-widget-container\">\n\t\t\t\t\t<h1 class=\"elementor-heading-title elementor-size-default\">P\u0159edstavujeme dva nov\u00e9 cenov\u011b v\u00fdhodn\u00e9 5\" panely<\/h1>\t\t\t\t<\/div>\n\t\t\t\t<\/div>\n\t\t\t\t<div class=\"elementor-element elementor-element-bbe9b2f elementor-widget-divider--view-line elementor-widget elementor-widget-divider\" data-id=\"bbe9b2f\" data-element_type=\"widget\" data-e-type=\"widget\" data-widget_type=\"divider.default\">\n\t\t\t\t<div class=\"elementor-widget-container\">\n\t\t\t\t\t\t\t<div class=\"elementor-divider\">\n\t\t\t<span class=\"elementor-divider-separator\">\n\t\t\t\t\t\t<\/span>\n\t\t<\/div>\n\t\t\t\t\t\t<\/div>\n\t\t\t\t<\/div>\n\t\t<div class=\"elementor-element elementor-element-2970e8d e-flex e-con-boxed e-con e-child\" data-id=\"2970e8d\" data-element_type=\"container\" data-e-type=\"container\">\n\t\t\t\t\t<div class=\"e-con-inner\">\n\t\t\t\t<div class=\"elementor-element elementor-element-ce57d3b elementor-widget elementor-widget-image\" data-id=\"ce57d3b\" data-element_type=\"widget\" data-e-type=\"widget\" data-widget_type=\"image.default\">\n\t\t\t\t<div class=\"elementor-widget-container\">\n\t\t\t\t\t\t\t\t\t\t\t\t\t\t\t<img fetchpriority=\"high\" decoding=\"async\" width=\"1024\" height=\"245\" src=\"https:\/\/www.cuesystem.com\/wp-content\/uploads\/2025\/06\/NewFiveInchesPanels_2-1024x245.webp\" class=\"attachment-large size-large wp-image-30688\" alt=\"\" srcset=\"https:\/\/www.cuesystem.com\/wp-content\/uploads\/2025\/06\/NewFiveInchesPanels_2-1024x245.webp 1024w, https:\/\/www.cuesystem.com\/wp-content\/uploads\/2025\/06\/NewFiveInchesPanels_2-300x72.webp 300w, https:\/\/www.cuesystem.com\/wp-content\/uploads\/2025\/06\/NewFiveInchesPanels_2.webp 1642w\" sizes=\"(max-width: 1024px) 100vw, 1024px\" \/>\t\t\t\t\t\t\t\t\t\t\t\t\t\t\t<\/div>\n\t\t\t\t<\/div>\n\t\t\t\t\t<\/div>\n\t\t\t\t<\/div>\n\t\t\t\t<div class=\"elementor-element elementor-element-a393d97 elementor-widget-divider--view-line elementor-widget elementor-widget-divider\" data-id=\"a393d97\" data-element_type=\"widget\" data-e-type=\"widget\" data-widget_type=\"divider.default\">\n\t\t\t\t<div class=\"elementor-widget-container\">\n\t\t\t\t\t\t\t<div class=\"elementor-divider\">\n\t\t\t<span class=\"elementor-divider-separator\">\n\t\t\t\t\t\t<\/span>\n\t\t<\/div>\n\t\t\t\t\t\t<\/div>\n\t\t\t\t<\/div>\n\t\t<div class=\"elementor-element elementor-element-7b8c2f0 e-flex e-con-boxed e-con e-child\" data-id=\"7b8c2f0\" data-element_type=\"container\" data-e-type=\"container\">\n\t\t\t\t\t<div class=\"e-con-inner\">\n\t\t\t\t<div class=\"elementor-element elementor-element-3f393fd elementor-widget elementor-widget-text-editor\" data-id=\"3f393fd\" data-element_type=\"widget\" data-e-type=\"widget\" data-widget_type=\"text-editor.default\">\n\t\t\t\t<div class=\"elementor-widget-container\">\n\t\t\t\t\t\t\t\t\t<p>Objevte na\u0161e nejnov\u011bj\u0161\u00ed inovace: <a href=\"https:\/\/docs.cuesystem.com\/space\/PRODUCTS\/664666192\"><strong>touchCUE-5-knofl\u00edk<\/strong><\/a> a dotykov\u00fd panel a ovlada\u010d a <strong><a href=\"https:\/\/docs.cuesystem.com\/space\/PRODUCTS\/1288175654\">touchONE-5<\/a><\/strong> rezerva\u010dn\u00ed panel. Tyto panely jsou navr\u017eeny tak, aby poskytovaly v\u00fdjime\u010dn\u00fd v\u00fdkon a funk\u010dnost, a jsou ide\u00e1ln\u00ed pro modern\u00ed pracovi\u0161t\u011b, u\u010debny, \u0161kolic\u00ed za\u0159\u00edzen\u00ed a mikro kancel\u00e1\u0159e. <\/p>\t\t\t\t\t\t\t\t<\/div>\n\t\t\t\t<\/div>\n\t\t\t\t\t<\/div>\n\t\t\t\t<\/div>\n\t\t<div class=\"elementor-element elementor-element-32f7824 e-flex e-con-boxed e-con e-child\" data-id=\"32f7824\" data-element_type=\"container\" data-e-type=\"container\">\n\t\t\t\t\t<div class=\"e-con-inner\">\n\t\t\t\t<div class=\"elementor-element elementor-element-d96af9e elementor-widget elementor-widget-heading\" data-id=\"d96af9e\" data-element_type=\"widget\" data-e-type=\"widget\" data-widget_type=\"heading.default\">\n\t\t\t\t<div class=\"elementor-widget-container\">\n\t\t\t\t\t<h2 class=\"elementor-heading-title elementor-size-default\">Spole\u010dn\u00e9 funkce: Platforma mo\u017enost\u00ed<\/h2>\t\t\t\t<\/div>\n\t\t\t\t<\/div>\n\t\t\t\t<div class=\"elementor-element elementor-element-14ffd6c elementor-widget elementor-widget-text-editor\" data-id=\"14ffd6c\" data-element_type=\"widget\" data-e-type=\"widget\" data-widget_type=\"text-editor.default\">\n\t\t\t\t<div class=\"elementor-widget-container\">\n\t\t\t\t\t\t\t\t\t<ul><li>Oba panely jsou postaveny na osv\u011bd\u010den\u00e9 platform\u011b pou\u017e\u00edvan\u00e9 v na\u0161ich st\u00e1vaj\u00edc\u00edch dotykov\u00fdch panelech a maj\u00ed ostr\u00fd <strong>5&#8243; displej<\/strong> s rozli\u0161en\u00edm <strong>1280 x 720 pixel\u016f<\/strong>.<\/li><li>Jejich elegantn\u00ed, \u0161t\u00edhl\u00fd design je ulo\u017een v odoln\u00e9m plastov\u00e9m krytu a nab\u00edz\u00ed modern\u00ed estetiku a prakti\u010dnost.<\/li><li>D\u00edky v\u0161estrann\u00fdm mo\u017enostem instalace je lze namontovat na st\u016fl, st\u011bnu nebo jak\u00fdkoli rovn\u00fd povrch, a to v <strong>re\u017eimu<\/strong> <strong>na \u0161\u00ed\u0159ku<\/strong> nebo na <strong>v\u00fd\u0161ku<\/strong>. Mont\u00e1\u017en\u00ed adapt\u00e9r zaji\u0161\u0165uje bezprobl\u00e9movou kompatibilitu se standardn\u00edmi elektrick\u00fdmi n\u00e1st\u011bnn\u00fdmi krabicemi, tak\u017ee nastaven\u00ed je snadn\u00e9. <\/li><li>Tyto panely jsou nap\u00e1jeny pomoc\u00ed technologie Power over Ethernet (PoE), tak\u017ee k nap\u00e1jen\u00ed i p\u0159enosu dat sta\u010d\u00ed jedin\u00fd ethernetov\u00fd kabel, co\u017e zjednodu\u0161uje instalaci a integraci do s\u00edt\u011b.<\/li><li>Nav\u00edc jsou oba modely pln\u011b kompatibiln\u00ed s <strong><a href=\"https:\/\/docs.cuesystem.com\/space\/PRODUCTS\/1015939092\">Stoln\u00ed stojan 5<\/a><\/strong>, kter\u00fd umo\u017e\u0148uje um\u00edstit panely do ergonomick\u00e9ho \u00fahlu 15\u00b0 pro lep\u0161\u00ed pou\u017eitelnost a pohodl\u00ed p\u0159i pr\u00e1ci. A\u0165 u\u017e jsou tyto panely instalov\u00e1ny na stole nebo namontov\u00e1ny na st\u011bnu, jsou navr\u017eeny tak, aby zlep\u0161ily funk\u010dnost a u\u017eivatelsk\u00fd komfort v jak\u00e9mkoli prost\u0159ed\u00ed. <\/li><\/ul>\t\t\t\t\t\t\t\t<\/div>\n\t\t\t\t<\/div>\n\t\t\t\t\t<\/div>\n\t\t\t\t<\/div>\n\t\t<div class=\"elementor-element elementor-element-4e35e8a e-grid e-con-boxed e-con e-child\" data-id=\"4e35e8a\" data-element_type=\"container\" data-e-type=\"container\">\n\t\t\t\t\t<div class=\"e-con-inner\">\n\t\t<div class=\"elementor-element elementor-element-f39e8a0 e-con-full e-flex e-con e-child\" data-id=\"f39e8a0\" data-element_type=\"container\" data-e-type=\"container\">\n\t\t\t\t<div class=\"elementor-element elementor-element-a4de883 elementor-widget elementor-widget-heading\" data-id=\"a4de883\" data-element_type=\"widget\" data-e-type=\"widget\" data-widget_type=\"heading.default\">\n\t\t\t\t<div class=\"elementor-widget-container\">\n\t\t\t\t\t<h2 class=\"elementor-heading-title elementor-size-default\"><a href=\"https:\/\/docs.cuesystem.com\/space\/PRODUCTS\/664666192\">touchCUE-5-knofl\u00edk<\/a><\/h2>\t\t\t\t<\/div>\n\t\t\t\t<\/div>\n\t\t\t\t<div class=\"elementor-element elementor-element-884bcbb elementor-widget elementor-widget-text-editor\" data-id=\"884bcbb\" data-element_type=\"widget\" data-e-type=\"widget\" data-widget_type=\"text-editor.default\">\n\t\t\t\t<div class=\"elementor-widget-container\">\n\t\t\t\t\t\t\t\t\t<ul><li>Na str\u00e1nk\u00e1ch <strong><a href=\"https:\/\/docs.cuesystem.com\/space\/PRODUCTS\/664666192\">touchCUE-5-knofl\u00edk<\/a><\/strong> je <strong>plnohodnotn\u00fd ovl\u00e1dac\u00ed dotykov\u00fd panel,<\/strong> kter\u00fd z\u00e1rove\u0148 slou\u017e\u00ed jako \u0159\u00eddic\u00ed jednotka, tak\u017ee nen\u00ed t\u0159eba pou\u017e\u00edvat samostatnou \u0159\u00eddic\u00ed jednotku, pokud jsou v\u0161echna p\u0159ipojen\u00e1 za\u0159\u00edzen\u00ed p\u0159ipojena p\u0159es IP. To z n\u011bj \u010din\u00ed ide\u00e1ln\u00ed, <strong>cenov\u011b v\u00fdhodn\u00e9<\/strong> \u0159e\u0161en\u00ed pro <strong>u\u010debny<\/strong>, <strong>\u0161kolic\u00ed<\/strong> <strong>za\u0159\u00edzen\u00ed<\/strong>, <strong>zasedac\u00ed m\u00edstnosti<\/strong> a dal\u0161\u00ed profesion\u00e1ln\u00ed prostory. <\/li><li>D\u00edky n\u00e1stroji CUE Visual Composer je panel <strong>pln\u011b programovateln\u00fd<\/strong> a umo\u017e\u0148uje vytv\u00e1\u0159et \u00fa\u017easn\u00e1 a p\u0159izp\u016fsoben\u00e1 rozvr\u017een\u00ed zobrazen\u00ed pomoc\u00ed grafick\u00fdch knihoven.<\/li><li>Pro v\u011bt\u0161\u00ed pohodl\u00ed mohou podsv\u00edcen\u00e1 <strong>programovateln\u00e1 tla\u010d\u00edtka<\/strong> obsluhovat kl\u00ed\u010dov\u00e9 funkce, jako je zapnut\u00ed\/vypnut\u00ed syst\u00e9mu nebo jin\u00e9 p\u0159ednastaven\u00e9 p\u0159\u00edkazy &#8211; ide\u00e1ln\u00ed pro rychl\u00e9 akce bez nutnosti pou\u017e\u00edvat dotykov\u00fd displej.<\/li><li><strong>Oto\u010dn\u00fd knofl\u00edk s p\u0159ep\u00edna\u010dem<\/strong> d\u00e1le roz\u0161i\u0159uje funk\u010dnost a nab\u00edz\u00ed rychl\u00e9 a intuitivn\u00ed nastaven\u00ed hlasitosti, ztlumen\u00ed zvuku a dal\u0161\u00ed analogov\u00e9 zm\u011bny hodnot.<\/li><li>Mezi dal\u0161\u00ed v\u00fdzna\u010dn\u00e9 funkce pat\u0159\u00ed:<ul><li><strong>\u017div\u00e9 streamov\u00e1n\u00ed videa<\/strong> z IP kamer nebo jin\u00fdch zdroj\u016f videa p\u0159ipojen\u00fdch k s\u00edti Ethernet.<\/li><li><strong>Proch\u00e1zen\u00ed webu<\/strong> umo\u017e\u0148uje p\u0159\u00edm\u00e9 ovl\u00e1d\u00e1n\u00ed za\u0159\u00edzen\u00ed pomoc\u00ed webov\u00e9ho u\u017eivatelsk\u00e9ho rozhran\u00ed.<\/li><\/ul><\/li><\/ul><p>Dal\u0161\u00ed podrobnosti naleznete na adrese <strong><a href=\"https:\/\/docs.cuesystem.com\/space\/PRODUCTS\/664666192\">katalogov\u00fd list v\u00fdrobku<\/a><\/strong>.<\/p>\t\t\t\t\t\t\t\t<\/div>\n\t\t\t\t<\/div>\n\t\t\t\t<\/div>\n\t\t<div class=\"elementor-element elementor-element-d644c3f e-con-full e-flex e-con e-child\" data-id=\"d644c3f\" data-element_type=\"container\" data-e-type=\"container\">\n\t\t\t\t<div class=\"elementor-element elementor-element-e71c157 elementor-widget elementor-widget-image\" data-id=\"e71c157\" data-element_type=\"widget\" data-e-type=\"widget\" data-widget_type=\"image.default\">\n\t\t\t\t<div class=\"elementor-widget-container\">\n\t\t\t\t\t\t\t\t\t\t\t\t\t\t\t<img decoding=\"async\" width=\"300\" height=\"177\" src=\"https:\/\/www.cuesystem.com\/wp-content\/uploads\/2025\/06\/touchCUE-5-knob_stand_A-300x177.webp\" class=\"attachment-medium size-medium wp-image-30693\" alt=\"\" srcset=\"https:\/\/www.cuesystem.com\/wp-content\/uploads\/2025\/06\/touchCUE-5-knob_stand_A-300x177.webp 300w, https:\/\/www.cuesystem.com\/wp-content\/uploads\/2025\/06\/touchCUE-5-knob_stand_A-1024x603.webp 1024w\" sizes=\"(max-width: 300px) 100vw, 300px\" \/>\t\t\t\t\t\t\t\t\t\t\t\t\t\t\t<\/div>\n\t\t\t\t<\/div>\n\t\t\t\t<div class=\"elementor-element elementor-element-733315a elementor-widget elementor-widget-image\" data-id=\"733315a\" data-element_type=\"widget\" data-e-type=\"widget\" data-widget_type=\"image.default\">\n\t\t\t\t<div class=\"elementor-widget-container\">\n\t\t\t\t\t\t\t\t\t\t\t\t\t\t\t<img decoding=\"async\" width=\"157\" height=\"300\" src=\"https:\/\/www.cuesystem.com\/wp-content\/uploads\/2025\/06\/touchCUE-5-knob_wall-portrait_A-157x300.webp\" class=\"attachment-medium size-medium wp-image-30698\" alt=\"\" srcset=\"https:\/\/www.cuesystem.com\/wp-content\/uploads\/2025\/06\/touchCUE-5-knob_wall-portrait_A-157x300.webp 157w, https:\/\/www.cuesystem.com\/wp-content\/uploads\/2025\/06\/touchCUE-5-knob_wall-portrait_A-537x1024.webp 537w, https:\/\/www.cuesystem.com\/wp-content\/uploads\/2025\/06\/touchCUE-5-knob_wall-portrait_A.webp 1752w\" sizes=\"(max-width: 157px) 100vw, 157px\" \/>\t\t\t\t\t\t\t\t\t\t\t\t\t\t\t<\/div>\n\t\t\t\t<\/div>\n\t\t\t\t<\/div>\n\t\t\t\t\t<\/div>\n\t\t\t\t<\/div>\n\t\t<div class=\"elementor-element elementor-element-26fb6c2 e-grid e-con-boxed e-con e-child\" data-id=\"26fb6c2\" data-element_type=\"container\" data-e-type=\"container\">\n\t\t\t\t\t<div class=\"e-con-inner\">\n\t\t<div class=\"elementor-element elementor-element-21a6cdc e-con-full e-flex e-con e-child\" data-id=\"21a6cdc\" data-element_type=\"container\" data-e-type=\"container\">\n\t\t\t\t<div class=\"elementor-element elementor-element-fd3d9ff elementor-widget elementor-widget-image\" data-id=\"fd3d9ff\" data-element_type=\"widget\" data-e-type=\"widget\" data-widget_type=\"image.default\">\n\t\t\t\t<div class=\"elementor-widget-container\">\n\t\t\t\t\t\t\t\t\t\t\t\t\t\t\t<img loading=\"lazy\" decoding=\"async\" width=\"300\" height=\"153\" src=\"https:\/\/www.cuesystem.com\/wp-content\/uploads\/2025\/06\/touchONE-5_stand_occupied_A-300x153.webp\" class=\"attachment-medium size-medium wp-image-30703\" alt=\"\" srcset=\"https:\/\/www.cuesystem.com\/wp-content\/uploads\/2025\/06\/touchONE-5_stand_occupied_A-300x153.webp 300w, https:\/\/www.cuesystem.com\/wp-content\/uploads\/2025\/06\/touchONE-5_stand_occupied_A-1024x523.webp 1024w\" sizes=\"(max-width: 300px) 100vw, 300px\" \/>\t\t\t\t\t\t\t\t\t\t\t\t\t\t\t<\/div>\n\t\t\t\t<\/div>\n\t\t\t\t<div class=\"elementor-element elementor-element-a5ce0bb elementor-widget elementor-widget-image\" data-id=\"a5ce0bb\" data-element_type=\"widget\" data-e-type=\"widget\" data-widget_type=\"image.default\">\n\t\t\t\t<div class=\"elementor-widget-container\">\n\t\t\t\t\t\t\t\t\t\t\t\t\t\t\t<img loading=\"lazy\" decoding=\"async\" width=\"157\" height=\"300\" src=\"https:\/\/www.cuesystem.com\/wp-content\/uploads\/2025\/06\/touchONE-5_wall-portrait_occupied_A-157x300.webp\" class=\"attachment-medium size-medium wp-image-30708\" alt=\"\" srcset=\"https:\/\/www.cuesystem.com\/wp-content\/uploads\/2025\/06\/touchONE-5_wall-portrait_occupied_A-157x300.webp 157w, https:\/\/www.cuesystem.com\/wp-content\/uploads\/2025\/06\/touchONE-5_wall-portrait_occupied_A-537x1024.webp 537w, https:\/\/www.cuesystem.com\/wp-content\/uploads\/2025\/06\/touchONE-5_wall-portrait_occupied_A.webp 1537w\" sizes=\"(max-width: 157px) 100vw, 157px\" \/>\t\t\t\t\t\t\t\t\t\t\t\t\t\t\t<\/div>\n\t\t\t\t<\/div>\n\t\t\t\t<\/div>\n\t\t<div class=\"elementor-element elementor-element-3ffaf7c e-con-full e-flex e-con e-child\" data-id=\"3ffaf7c\" data-element_type=\"container\" data-e-type=\"container\">\n\t\t\t\t<div class=\"elementor-element elementor-element-c05eb60 elementor-widget elementor-widget-heading\" data-id=\"c05eb60\" data-element_type=\"widget\" data-e-type=\"widget\" data-widget_type=\"heading.default\">\n\t\t\t\t<div class=\"elementor-widget-container\">\n\t\t\t\t\t<h2 class=\"elementor-heading-title elementor-size-default\"><a href=\"https:\/\/docs.cuesystem.com\/space\/PRODUCTS\/1288175654\">touchONE-5<\/a><\/h2>\t\t\t\t<\/div>\n\t\t\t\t<\/div>\n\t\t\t\t<div class=\"elementor-element elementor-element-dd8c544 elementor-widget elementor-widget-text-editor\" data-id=\"dd8c544\" data-element_type=\"widget\" data-e-type=\"widget\" data-widget_type=\"text-editor.default\">\n\t\t\t\t<div class=\"elementor-widget-container\">\n\t\t\t\t\t\t\t\t\t<ul><li>Na str\u00e1nk\u00e1ch <strong><a href=\"https:\/\/docs.cuesystem.com\/space\/PRODUCTS\/1288175654\">touchONE-5<\/a><\/strong> je <strong>rezerva\u010dn\u00ed panel<\/strong> vhodn\u00fd pro jak\u00e9koliv <strong>pracovi\u0161t\u011b<\/strong>, <strong>mikro kancel\u00e1\u0159<\/strong>, <strong>konferen\u010dn\u00ed pod<\/strong> nebo jin\u00fd typ zdroje.<\/li><li>Rezerva\u010dn\u00ed panel je dod\u00e1v\u00e1n se <strong>speci\u00e1ln\u00ed aplikac\u00ed pro rezervace<\/strong> a funguje jako <strong>p\u0159\u00edm\u00fd<\/strong> <strong>klient pro kalend\u00e1\u0159n\u00ed syst\u00e9my,<\/strong> nap\u0159. Microsoft 365, Google Workspace nebo CUE Calendar &#8211; nen\u00ed nutn\u00fd \u017e\u00e1dn\u00fd dal\u0161\u00ed hardware ani software.<\/li><li>Jeho<strong> intuitivn\u00ed rozhran\u00ed<\/strong> zobrazuje aktu\u00e1ln\u00ed stav m\u00edstnosti a kalend\u00e1\u0159 nadch\u00e1zej\u00edc\u00edch ud\u00e1lost\u00ed a z\u00e1rove\u0148 umo\u017e\u0148uje u\u017eivatel\u016fm rezervovat prostor, prodlu\u017eovat rezervace nebo ru\u0161it ud\u00e1losti p\u0159\u00edmo z panelu. K dispozici je mnoho dal\u0161\u00edch funkc\u00ed. <\/li><li>Navr\u017eeno pro v\u0161estrann\u00e9 pou\u017eit\u00ed. <strong><a href=\"https:\/\/docs.cuesystem.com\/space\/PRODUCTS\/1288175654\">touchONE-5<\/a><\/strong> nab\u00edz\u00ed tak\u00e9 <strong>jednoduchou funkci digit\u00e1ln\u00edho n\u00e1pisu<\/strong> v informa\u010dn\u00edm re\u017eimu. Ten umo\u017e\u0148uje zobrazovat obrazov\u00e9 sekvence, kter\u00e9 lze p\u0159izp\u016fsobit prost\u0159ednictv\u00edm aplikace CUE Admin, a nab\u00edz\u00ed tak elegantn\u00ed zp\u016fsob sd\u00edlen\u00ed informac\u00ed nebo sd\u011blen\u00ed zna\u010dky. <\/li><\/ul><p>Dal\u0161\u00ed podrobnosti naleznete na adrese <strong><a href=\"https:\/\/docs.cuesystem.com\/space\/PRODUCTS\/1288175654\">katalogov\u00fd list v\u00fdrobku<\/a><\/strong>.<\/p>\t\t\t\t\t\t\t\t<\/div>\n\t\t\t\t<\/div>\n\t\t\t\t<\/div>\n\t\t\t\t\t<\/div>\n\t\t\t\t<\/div>\n\t\t<div class=\"elementor-element elementor-element-c365ab7 e-flex e-con-boxed e-con e-child\" data-id=\"c365ab7\" data-element_type=\"container\" data-e-type=\"container\" data-settings=\"{&quot;background_background&quot;:&quot;classic&quot;}\">\n\t\t\t\t\t<div class=\"e-con-inner\">\n\t\t<div class=\"elementor-element elementor-element-fe97168 e-con-full e-flex e-con e-child\" data-id=\"fe97168\" data-element_type=\"container\" data-e-type=\"container\">\n\t\t\t\t<div class=\"elementor-element elementor-element-399b2d4 elementor-widget elementor-widget-heading\" data-id=\"399b2d4\" data-element_type=\"widget\" data-e-type=\"widget\" data-widget_type=\"heading.default\">\n\t\t\t\t<div class=\"elementor-widget-container\">\n\t\t\t\t\t<h2 class=\"elementor-heading-title elementor-size-default\">Centr\u00e1ln\u00ed \u0159\u00edzen\u00ed<\/h2>\t\t\t\t<\/div>\n\t\t\t\t<\/div>\n\t\t\t\t<div class=\"elementor-element elementor-element-68f9055 elementor-widget elementor-widget-text-editor\" data-id=\"68f9055\" data-element_type=\"widget\" data-e-type=\"widget\" data-widget_type=\"text-editor.default\">\n\t\t\t\t<div class=\"elementor-widget-container\">\n\t\t\t\t\t\t\t\t\t<p>Oba panely lze <strong>centr\u00e1ln\u011b a vzd\u00e1len\u011b spravovat<\/strong> pomoc\u00ed cloudov\u00e9ho softwaru. <a href=\"https:\/\/www.cuesystem.com\/cs\/reseni-cue\/\"><strong>\u0158e\u0161en\u00ed CUE<\/strong><\/a>, verze 11.11.3 nebo vy\u0161\u0161\u00ed.<\/p><p>Dal\u0161\u00ed podrobnosti o centr\u00e1ln\u00ed vzd\u00e1len\u00e9 spr\u00e1v\u011b naleznete na adrese:<\/p><ul><li><a href=\"https:\/\/docs.cuesystem.com\/space\/CVCBP\/1372553259\"><strong>Centr\u00e1ln\u00ed spr\u00e1va \u0159\u00eddic\u00edho syst\u00e9mu pomoc\u00ed \u0159e\u0161en\u00ed CUE<\/strong><\/a><\/li><li><strong><a href=\"https:\/\/docs.cuesystem.com\/space\/TAM\/162004993\">Spr\u00e1va jednotek<\/a><\/strong><\/li><\/ul>\t\t\t\t\t\t\t\t<\/div>\n\t\t\t\t<\/div>\n\t\t\t\t<\/div>\n\t\t\t\t\t<\/div>\n\t\t\t\t<\/div>\n\t\t\t\t<\/div>\n\t\t\t\t<\/div>\n\t\t","protected":false},"excerpt":{"rendered":"<p>Nov\u00e9 produkty P\u0159edstavujeme dva nov\u00e9 cenov\u011b v\u00fdhodn\u00e9 5&#8243; panely Objevte na\u0161e nejnov\u011bj\u0161\u00ed inovace: touchCUE-5-knofl\u00edk a dotykov\u00fd panel a ovlada\u010d a touchONE-5 rezerva\u010dn\u00ed panel. Tyto panely jsou navr\u017eeny tak, aby poskytovaly v\u00fdjime\u010dn\u00fd v\u00fdkon a funk\u010dnost, a jsou ide\u00e1ln\u00ed pro modern\u00ed pracovi\u0161t\u011b, u\u010debny, \u0161kolic\u00ed za\u0159\u00edzen\u00ed a mikro kancel\u00e1\u0159e. Spole\u010dn\u00e9 funkce: Platforma mo\u017enost\u00ed Oba panely jsou postaveny na <a href=\"https:\/\/www.cuesystem.com\/cs\/co-je-noveho\/predstavujeme-dva-nove-cenove-vyhodne-5-panely\/\" class=\"more-link\">&#8230;<span class=\"screen-reader-text\">  P\u0159edstavujeme dva nov\u00e9 cenov\u011b v\u00fdhodn\u00e9 5&#8243; panely<\/span><\/a><\/p>\n","protected":false},"author":11,"featured_media":0,"parent":31296,"menu_order":188,"comment_status":"closed","ping_status":"closed","template":"","meta":{"_acf_changed":false,"inline_featured_image":false,"footnotes":""},"kategorie":[],"class_list":["post-31399","page","type-page","status-publish","hentry"],"acf":[],"_links":{"self":[{"href":"https:\/\/www.cuesystem.com\/cs\/wp-json\/wp\/v2\/pages\/31399","targetHints":{"allow":["GET"]}}],"collection":[{"href":"https:\/\/www.cuesystem.com\/cs\/wp-json\/wp\/v2\/pages"}],"about":[{"href":"https:\/\/www.cuesystem.com\/cs\/wp-json\/wp\/v2\/types\/page"}],"author":[{"embeddable":true,"href":"https:\/\/www.cuesystem.com\/cs\/wp-json\/wp\/v2\/users\/11"}],"replies":[{"embeddable":true,"href":"https:\/\/www.cuesystem.com\/cs\/wp-json\/wp\/v2\/comments?post=31399"}],"version-history":[{"count":1,"href":"https:\/\/www.cuesystem.com\/cs\/wp-json\/wp\/v2\/pages\/31399\/revisions"}],"predecessor-version":[{"id":31403,"href":"https:\/\/www.cuesystem.com\/cs\/wp-json\/wp\/v2\/pages\/31399\/revisions\/31403"}],"up":[{"embeddable":true,"href":"https:\/\/www.cuesystem.com\/cs\/wp-json\/wp\/v2\/pages\/31296"}],"wp:attachment":[{"href":"https:\/\/www.cuesystem.com\/cs\/wp-json\/wp\/v2\/media?parent=31399"}],"wp:term":[{"taxonomy":"kategorie","embeddable":true,"href":"https:\/\/www.cuesystem.com\/cs\/wp-json\/wp\/v2\/kategorie?post=31399"}],"curies":[{"name":"wp","href":"https:\/\/api.w.org\/{rel}","templated":true}]}}