{"id":31413,"date":"2024-12-10T15:54:34","date_gmt":"2024-12-10T14:54:34","guid":{"rendered":"https:\/\/www.cuesystem.com\/co-je-noveho\/finalista-inavation-awards-2025\/"},"modified":"2025-06-13T14:35:44","modified_gmt":"2025-06-13T12:35:44","slug":"finalista-inavation-awards-2025","status":"publish","type":"page","link":"https:\/\/www.cuesystem.com\/cs\/co-je-noveho\/finalista-inavation-awards-2025\/","title":{"rendered":"Finalista InAVation Awards 2025"},"content":{"rendered":"\t\t<div data-elementor-type=\"wp-page\" data-elementor-id=\"31413\" class=\"elementor elementor-31413 elementor-30591\" data-elementor-post-type=\"page\">\n\t\t\t\t<div class=\"elementor-element elementor-element-7abcf61 e-con-full e-flex e-con e-child\" data-id=\"7abcf61\" data-element_type=\"container\" data-e-type=\"container\">\n\t\t\t\t<div class=\"elementor-element elementor-element-ab07d97 elementor-widget elementor-widget-heading\" data-id=\"ab07d97\" data-element_type=\"widget\" data-e-type=\"widget\" data-widget_type=\"heading.default\">\n\t\t\t\t<div class=\"elementor-widget-container\">\n\t\t\t\t\t<h3 class=\"elementor-heading-title elementor-size-default\"><span style=\"font-size: 20.8px\">Ozn\u00e1men\u00ed<\/span><\/h3>\t\t\t\t<\/div>\n\t\t\t\t<\/div>\n\t\t\t\t<div class=\"elementor-element elementor-element-2ef377f elementor-widget elementor-widget-heading\" data-id=\"2ef377f\" data-element_type=\"widget\" data-e-type=\"widget\" data-widget_type=\"heading.default\">\n\t\t\t\t<div class=\"elementor-widget-container\">\n\t\t\t\t\t<h1 class=\"elementor-heading-title elementor-size-default\">Finalista InAVation Awards 2025<\/h1>\t\t\t\t<\/div>\n\t\t\t\t<\/div>\n\t\t\t\t<div class=\"elementor-element elementor-element-32f6db6 elementor-widget-divider--view-line elementor-widget elementor-widget-divider\" data-id=\"32f6db6\" data-element_type=\"widget\" data-e-type=\"widget\" data-widget_type=\"divider.default\">\n\t\t\t\t<div class=\"elementor-widget-container\">\n\t\t\t\t\t\t\t<div class=\"elementor-divider\">\n\t\t\t<span class=\"elementor-divider-separator\">\n\t\t\t\t\t\t<\/span>\n\t\t<\/div>\n\t\t\t\t\t\t<\/div>\n\t\t\t\t<\/div>\n\t\t<div class=\"elementor-element elementor-element-817c993 e-flex e-con-boxed e-con e-child\" data-id=\"817c993\" data-element_type=\"container\" data-e-type=\"container\">\n\t\t\t\t\t<div class=\"e-con-inner\">\n\t\t\t\t<div class=\"elementor-element elementor-element-9315e84 elementor-widget elementor-widget-image\" data-id=\"9315e84\" data-element_type=\"widget\" data-e-type=\"widget\" data-widget_type=\"image.default\">\n\t\t\t\t<div class=\"elementor-widget-container\">\n\t\t\t\t\t\t\t\t\t\t\t\t\t\t\t<img decoding=\"async\" width=\"300\" height=\"86\" src=\"https:\/\/www.cuesystem.com\/wp-content\/uploads\/2025\/06\/INQ-FINALIST-HORIZONTAL-black_copy-300x86.webp\" class=\"attachment-medium size-medium wp-image-30806\" alt=\"\" srcset=\"https:\/\/www.cuesystem.com\/wp-content\/uploads\/2025\/06\/INQ-FINALIST-HORIZONTAL-black_copy-300x86.webp 300w, https:\/\/www.cuesystem.com\/wp-content\/uploads\/2025\/06\/INQ-FINALIST-HORIZONTAL-black_copy-1024x295.webp 1024w, https:\/\/www.cuesystem.com\/wp-content\/uploads\/2025\/06\/INQ-FINALIST-HORIZONTAL-black_copy-350x100.webp 350w\" sizes=\"(max-width: 300px) 100vw, 300px\" \/>\t\t\t\t\t\t\t\t\t\t\t\t\t\t\t<\/div>\n\t\t\t\t<\/div>\n\t\t\t\t<div class=\"elementor-element elementor-element-ff73d7d elementor-widget-divider--view-line elementor-widget elementor-widget-divider\" data-id=\"ff73d7d\" data-element_type=\"widget\" data-e-type=\"widget\" data-widget_type=\"divider.default\">\n\t\t\t\t<div class=\"elementor-widget-container\">\n\t\t\t\t\t\t\t<div class=\"elementor-divider\">\n\t\t\t<span class=\"elementor-divider-separator\">\n\t\t\t\t\t\t<\/span>\n\t\t<\/div>\n\t\t\t\t\t\t<\/div>\n\t\t\t\t<\/div>\n\t\t\t\t<div class=\"elementor-element elementor-element-00f18ad elementor-widget elementor-widget-text-editor\" data-id=\"00f18ad\" data-element_type=\"widget\" data-e-type=\"widget\" data-widget_type=\"text-editor.default\">\n\t\t\t\t<div class=\"elementor-widget-container\">\n\t\t\t\t\t\t\t\t\t<p>S hrdost\u00ed oznamujeme, \u017ee spole\u010dnost CUE se <strong>stala dvojn\u00e1sobn\u00fdm finalistou<\/strong> <strong>presti\u017en\u00ed<\/strong> sout\u011b\u017ee <strong> <a href=\"https:\/\/www.inavationawards.com\/\">InAVation Awards 2025<\/a><\/strong>, kterou po\u0159\u00e1d\u00e1 <strong>Inavate <\/strong>+ <strong>ISE<\/strong>! Toto uzn\u00e1n\u00ed podtrhuje n\u00e1\u0161 <strong>z\u00e1vazek k inovac\u00edm<\/strong> a <strong>dokonalosti v AV pr\u016fmyslu<\/strong>.<\/p><p>Nyn\u00ed pot\u0159ebujeme va\u0161i podporu, abychom to zvl\u00e1dli a\u017e do konce!<strong> Hlasov\u00e1n\u00ed je otev\u0159en\u00e9<\/strong> a ka\u017ed\u00fd hlas se po\u010d\u00edt\u00e1.<\/p><h3>Kategorie finalist\u016f:<\/h3>\t\t\t\t\t\t\t\t<\/div>\n\t\t\t\t<\/div>\n\t\t<div class=\"elementor-element elementor-element-0a5e0fe e-con-full e-flex e-con e-child\" data-id=\"0a5e0fe\" data-element_type=\"container\" data-e-type=\"container\">\n\t\t<div class=\"elementor-element elementor-element-0c50b60 e-grid e-con-full e-con e-child\" data-id=\"0c50b60\" data-element_type=\"container\" data-e-type=\"container\">\n\t\t\t\t<div class=\"elementor-element elementor-element-f7e34fe elementor-widget elementor-widget-image\" data-id=\"f7e34fe\" data-element_type=\"widget\" data-e-type=\"widget\" data-widget_type=\"image.default\">\n\t\t\t\t<div class=\"elementor-widget-container\">\n\t\t\t\t\t\t\t\t\t\t\t\t\t\t\t<img fetchpriority=\"high\" decoding=\"async\" width=\"300\" height=\"300\" src=\"https:\/\/www.cuesystem.com\/wp-content\/uploads\/2025\/06\/1-300x300.webp\" class=\"attachment-medium size-medium wp-image-30796\" alt=\"\" srcset=\"https:\/\/www.cuesystem.com\/wp-content\/uploads\/2025\/06\/1-300x300.webp 300w, https:\/\/www.cuesystem.com\/wp-content\/uploads\/2025\/06\/1-1024x1024.webp 1024w, https:\/\/www.cuesystem.com\/wp-content\/uploads\/2025\/06\/1-150x150.webp 150w, https:\/\/www.cuesystem.com\/wp-content\/uploads\/2025\/06\/1.webp 1080w\" sizes=\"(max-width: 300px) 100vw, 300px\" \/>\t\t\t\t\t\t\t\t\t\t\t\t\t\t\t<\/div>\n\t\t\t\t<\/div>\n\t\t\t\t<div class=\"elementor-element elementor-element-f69eac1 elementor-widget elementor-widget-image\" data-id=\"f69eac1\" data-element_type=\"widget\" data-e-type=\"widget\" data-widget_type=\"image.default\">\n\t\t\t\t<div class=\"elementor-widget-container\">\n\t\t\t\t\t\t\t\t\t\t\t\t\t\t\t<img decoding=\"async\" width=\"300\" height=\"300\" src=\"https:\/\/www.cuesystem.com\/wp-content\/uploads\/2025\/06\/2-300x300.webp\" class=\"attachment-medium size-medium wp-image-30801\" alt=\"\" srcset=\"https:\/\/www.cuesystem.com\/wp-content\/uploads\/2025\/06\/2-300x300.webp 300w, https:\/\/www.cuesystem.com\/wp-content\/uploads\/2025\/06\/2-1024x1024.webp 1024w, https:\/\/www.cuesystem.com\/wp-content\/uploads\/2025\/06\/2-150x150.webp 150w, https:\/\/www.cuesystem.com\/wp-content\/uploads\/2025\/06\/2.webp 1080w\" sizes=\"(max-width: 300px) 100vw, 300px\" \/>\t\t\t\t\t\t\t\t\t\t\t\t\t\t\t<\/div>\n\t\t\t\t<\/div>\n\t\t\t\t<div class=\"elementor-element elementor-element-af8ef55 elementor-widget elementor-widget-text-editor\" data-id=\"af8ef55\" data-element_type=\"widget\" data-e-type=\"widget\" data-widget_type=\"text-editor.default\">\n\t\t\t\t<div class=\"elementor-widget-container\">\n\t\t\t\t\t\t\t\t\t<p>Kompaktn\u00ed <strong>\u0159e\u0161en\u00ed \u201ev\u0161e v jednom\u201c zjednodu\u0161uje ovl\u00e1d\u00e1n\u00ed<\/strong> v u\u010debn\u00e1ch, zasedac\u00edch m\u00edstnostech a \u0161kolic\u00edch za\u0159\u00edzen\u00edch.<\/p><p><strong><a href=\"https:\/\/www.cuesystem.com\/cs\/navigace\/\">V\u00edce informac\u00ed&#8230;<\/a><\/strong><\/p><h2><strong><a href=\"https:\/\/docs.cuesystem.com\/space\/NEWS\/1457946637#VOTE-FOR-US\">HLASUJTE PRO N\u00c1S<\/a><\/strong><\/h2>\t\t\t\t\t\t\t\t<\/div>\n\t\t\t\t<\/div>\n\t\t\t\t<div class=\"elementor-element elementor-element-69e0ac6 elementor-widget elementor-widget-text-editor\" data-id=\"69e0ac6\" data-element_type=\"widget\" data-e-type=\"widget\" data-widget_type=\"text-editor.default\">\n\t\t\t\t<div class=\"elementor-widget-container\">\n\t\t\t\t\t\t\t\t\t<p><strong>Revolu\u010dn\u00ed navigace ve zdravotnick\u00fdch za\u0159\u00edzen\u00edch<\/strong>, kter\u00e1 sni\u017euje stres a \u0161et\u0159\u00ed \u010das pacient\u016f a n\u00e1v\u0161t\u011bvn\u00edk\u016f.<\/p><p><strong><a href=\"https:\/\/www.cuesystem.com\/cs\/rizeni\/dotykove-panely\/\">V\u00edce informac\u00ed&#8230;<\/a><\/strong><\/p><h2><strong><a href=\"https:\/\/docs.cuesystem.com\/space\/NEWS\/1457946637#VOTE-FOR-US.1\">HLASUJTE PRO N\u00c1S<\/a><\/strong><\/h2>\t\t\t\t\t\t\t\t<\/div>\n\t\t\t\t<\/div>\n\t\t\t\t<\/div>\n\t\t\t\t<\/div>\n\t\t\t\t\t<\/div>\n\t\t\t\t<\/div>\n\t\t\t\t<div class=\"elementor-element elementor-element-f5cc646 elementor-widget-divider--view-line elementor-widget elementor-widget-divider\" data-id=\"f5cc646\" data-element_type=\"widget\" data-e-type=\"widget\" data-widget_type=\"divider.default\">\n\t\t\t\t<div class=\"elementor-widget-container\">\n\t\t\t\t\t\t\t<div class=\"elementor-divider\">\n\t\t\t<span class=\"elementor-divider-separator\">\n\t\t\t\t\t\t<\/span>\n\t\t<\/div>\n\t\t\t\t\t\t<\/div>\n\t\t\t\t<\/div>\n\t\t<div class=\"elementor-element elementor-element-87e3063 e-flex e-con-boxed e-con e-child\" data-id=\"87e3063\" data-element_type=\"container\" data-e-type=\"container\">\n\t\t\t\t\t<div class=\"e-con-inner\">\n\t\t<div class=\"elementor-element elementor-element-45de3c6 e-con-full e-flex e-con e-child\" data-id=\"45de3c6\" data-element_type=\"container\" data-e-type=\"container\">\n\t\t\t\t<div class=\"elementor-element elementor-element-d25eee2 elementor-widget elementor-widget-text-editor\" data-id=\"d25eee2\" data-element_type=\"widget\" data-e-type=\"widget\" data-widget_type=\"text-editor.default\">\n\t\t\t\t<div class=\"elementor-widget-container\">\n\t\t\t\t\t\t\t\t\t<p>Hlasov\u00e1n\u00ed kon\u010d\u00ed<strong> 17. ledna 2025<\/strong>, tak neprop\u00e1sn\u011bte \u0161anci n\u00e1s podpo\u0159it! Ka\u017ed\u00fd hlas m\u00e1 v\u00fdznam a <strong>my si up\u0159\u00edmn\u011b v\u00e1\u017e\u00edme va\u0161eho \u010dasu<\/strong> a podpory. D\u011bkujeme, \u017ee jste tak d\u016fle\u017eitou sou\u010d\u00e1st\u00ed na\u0161\u00ed cesty&#8230;<em><strong>bez v\u00e1s bychom to nedok\u00e1zali<\/strong><\/em>.  <\/p>\t\t\t\t\t\t\t\t<\/div>\n\t\t\t\t<\/div>\n\t\t\t\t<\/div>\n\t\t\t\t\t<\/div>\n\t\t\t\t<\/div>\n\t\t<div class=\"elementor-element elementor-element-e8adb8f e-flex e-con-boxed e-con e-child\" data-id=\"e8adb8f\" data-element_type=\"container\" data-e-type=\"container\">\n\t\t\t\t\t<div class=\"e-con-inner\">\n\t\t<div class=\"elementor-element elementor-element-c08c0ff e-con-full e-flex e-con e-child\" data-id=\"c08c0ff\" data-element_type=\"container\" data-e-type=\"container\">\n\t\t\t\t<div class=\"elementor-element elementor-element-9eaa0d6 elementor-widget-divider--view-line elementor-widget elementor-widget-divider\" data-id=\"9eaa0d6\" data-element_type=\"widget\" data-e-type=\"widget\" data-widget_type=\"divider.default\">\n\t\t\t\t<div class=\"elementor-widget-container\">\n\t\t\t\t\t\t\t<div class=\"elementor-divider\">\n\t\t\t<span class=\"elementor-divider-separator\">\n\t\t\t\t\t\t<\/span>\n\t\t<\/div>\n\t\t\t\t\t\t<\/div>\n\t\t\t\t<\/div>\n\t\t\t\t<div class=\"elementor-element elementor-element-e3bbad7 elementor-widget elementor-widget-text-editor\" data-id=\"e3bbad7\" data-element_type=\"widget\" data-e-type=\"widget\" data-widget_type=\"text-editor.default\">\n\t\t\t\t<div class=\"elementor-widget-container\">\n\t\t\t\t\t\t\t\t\t<p>Vytvo\u0159eno: 2024-12<\/p>\t\t\t\t\t\t\t\t<\/div>\n\t\t\t\t<\/div>\n\t\t\t\t<div class=\"elementor-element elementor-element-708fac1 elementor-widget-divider--view-line elementor-widget elementor-widget-divider\" data-id=\"708fac1\" data-element_type=\"widget\" data-e-type=\"widget\" data-widget_type=\"divider.default\">\n\t\t\t\t<div class=\"elementor-widget-container\">\n\t\t\t\t\t\t\t<div class=\"elementor-divider\">\n\t\t\t<span class=\"elementor-divider-separator\">\n\t\t\t\t\t\t<\/span>\n\t\t<\/div>\n\t\t\t\t\t\t<\/div>\n\t\t\t\t<\/div>\n\t\t\t\t<\/div>\n\t\t\t\t\t<\/div>\n\t\t\t\t<\/div>\n\t\t\t\t<\/div>\n\t\t\t\t<\/div>\n\t\t","protected":false},"excerpt":{"rendered":"<p>Ozn\u00e1men\u00ed Finalista InAVation Awards 2025 S hrdost\u00ed oznamujeme, \u017ee spole\u010dnost CUE se stala dvojn\u00e1sobn\u00fdm finalistou presti\u017en\u00ed sout\u011b\u017ee InAVation Awards 2025, kterou po\u0159\u00e1d\u00e1 Inavate + ISE! Toto uzn\u00e1n\u00ed podtrhuje n\u00e1\u0161 z\u00e1vazek k inovac\u00edm a dokonalosti v AV pr\u016fmyslu. Nyn\u00ed pot\u0159ebujeme va\u0161i podporu, abychom to zvl\u00e1dli a\u017e do konce! Hlasov\u00e1n\u00ed je otev\u0159en\u00e9 a ka\u017ed\u00fd hlas se po\u010d\u00edt\u00e1. <a href=\"https:\/\/www.cuesystem.com\/cs\/co-je-noveho\/finalista-inavation-awards-2025\/\" class=\"more-link\">&#8230;<span class=\"screen-reader-text\">  Finalista InAVation Awards 2025<\/span><\/a><\/p>\n","protected":false},"author":11,"featured_media":0,"parent":31296,"menu_order":195,"comment_status":"closed","ping_status":"closed","template":"","meta":{"_acf_changed":false,"inline_featured_image":false,"footnotes":""},"kategorie":[],"class_list":["post-31413","page","type-page","status-publish","hentry"],"acf":[],"_links":{"self":[{"href":"https:\/\/www.cuesystem.com\/cs\/wp-json\/wp\/v2\/pages\/31413","targetHints":{"allow":["GET"]}}],"collection":[{"href":"https:\/\/www.cuesystem.com\/cs\/wp-json\/wp\/v2\/pages"}],"about":[{"href":"https:\/\/www.cuesystem.com\/cs\/wp-json\/wp\/v2\/types\/page"}],"author":[{"embeddable":true,"href":"https:\/\/www.cuesystem.com\/cs\/wp-json\/wp\/v2\/users\/11"}],"replies":[{"embeddable":true,"href":"https:\/\/www.cuesystem.com\/cs\/wp-json\/wp\/v2\/comments?post=31413"}],"version-history":[{"count":1,"href":"https:\/\/www.cuesystem.com\/cs\/wp-json\/wp\/v2\/pages\/31413\/revisions"}],"predecessor-version":[{"id":31414,"href":"https:\/\/www.cuesystem.com\/cs\/wp-json\/wp\/v2\/pages\/31413\/revisions\/31414"}],"up":[{"embeddable":true,"href":"https:\/\/www.cuesystem.com\/cs\/wp-json\/wp\/v2\/pages\/31296"}],"wp:attachment":[{"href":"https:\/\/www.cuesystem.com\/cs\/wp-json\/wp\/v2\/media?parent=31413"}],"wp:term":[{"taxonomy":"kategorie","embeddable":true,"href":"https:\/\/www.cuesystem.com\/cs\/wp-json\/wp\/v2\/kategorie?post=31413"}],"curies":[{"name":"wp","href":"https:\/\/api.w.org\/{rel}","templated":true}]}}