{"id":31507,"date":"2025-05-05T16:17:41","date_gmt":"2025-05-05T14:17:41","guid":{"rendered":"https:\/\/www.cuesystem.com\/pripadove-studie\/monitorovani-ekg-v-realnem-case\/"},"modified":"2025-06-19T10:16:04","modified_gmt":"2025-06-19T08:16:04","slug":"monitorovani-ekg-v-realnem-case","status":"publish","type":"page","link":"https:\/\/www.cuesystem.com\/cs\/pripadove-studie\/monitorovani-ekg-v-realnem-case\/","title":{"rendered":"Monitorov\u00e1n\u00ed EKG v re\u00e1ln\u00e9m \u010dase"},"content":{"rendered":"\t\t<div data-elementor-type=\"wp-page\" data-elementor-id=\"31507\" class=\"elementor elementor-31507 elementor-30278\" data-elementor-post-type=\"page\">\n\t\t\t\t<div class=\"elementor-element elementor-element-6681c81 e-con-full e-flex e-con e-child\" data-id=\"6681c81\" data-element_type=\"container\" data-e-type=\"container\">\n\t\t\t\t<div class=\"elementor-element elementor-element-f126c0b elementor-widget elementor-widget-heading\" data-id=\"f126c0b\" data-element_type=\"widget\" data-e-type=\"widget\" data-widget_type=\"heading.default\">\n\t\t\t\t<div class=\"elementor-widget-container\">\n\t\t\t\t\t<h3 class=\"elementor-heading-title elementor-size-default\">P\u0159\u00edpadov\u00e1 studie<\/h3>\t\t\t\t<\/div>\n\t\t\t\t<\/div>\n\t\t\t\t<div class=\"elementor-element elementor-element-a1a78a6 elementor-widget elementor-widget-heading\" data-id=\"a1a78a6\" data-element_type=\"widget\" data-e-type=\"widget\" data-widget_type=\"heading.default\">\n\t\t\t\t<div class=\"elementor-widget-container\">\n\t\t\t\t\t<h1 class=\"elementor-heading-title elementor-size-default\">Monitorov\u00e1n\u00ed EKG v re\u00e1ln\u00e9m \u010dase\n\n<\/h1>\t\t\t\t<\/div>\n\t\t\t\t<\/div>\n\t\t\t\t<div class=\"elementor-element elementor-element-29f81ef elementor-widget-divider--view-line elementor-widget elementor-widget-divider\" data-id=\"29f81ef\" data-element_type=\"widget\" data-e-type=\"widget\" data-widget_type=\"divider.default\">\n\t\t\t\t<div class=\"elementor-widget-container\">\n\t\t\t\t\t\t\t<div class=\"elementor-divider\">\n\t\t\t<span class=\"elementor-divider-separator\">\n\t\t\t\t\t\t<\/span>\n\t\t<\/div>\n\t\t\t\t\t\t<\/div>\n\t\t\t\t<\/div>\n\t\t<div class=\"elementor-element elementor-element-de968a7 e-grid e-con-boxed e-con e-child\" data-id=\"de968a7\" data-element_type=\"container\" data-e-type=\"container\">\n\t\t\t\t\t<div class=\"e-con-inner\">\n\t\t<div class=\"elementor-element elementor-element-712377c e-con-full e-flex e-con e-child\" data-id=\"712377c\" data-element_type=\"container\" data-e-type=\"container\">\n\t\t\t\t<div class=\"elementor-element elementor-element-fe0fa8a elementor-widget elementor-widget-heading\" data-id=\"fe0fa8a\" data-element_type=\"widget\" data-e-type=\"widget\" data-widget_type=\"heading.default\">\n\t\t\t\t<div class=\"elementor-widget-container\">\n\t\t\t\t\t<h2 class=\"elementor-heading-title elementor-size-default\">Prom\u011bna vize ve skute\u010dnost<\/h2>\t\t\t\t<\/div>\n\t\t\t\t<\/div>\n\t\t\t\t<div class=\"elementor-element elementor-element-1a78192 elementor-widget elementor-widget-text-editor\" data-id=\"1a78192\" data-element_type=\"widget\" data-e-type=\"widget\" data-widget_type=\"text-editor.default\">\n\t\t\t\t<div class=\"elementor-widget-container\">\n\t\t\t\t\t\t\t\t\t<p>A \u010desky&nbsp;<strong>st\u0159edo\u0161kola\u010dka <\/strong>Ad\u00e9la Jare\u0161ov\u00e1, nad\u0161en\u00e1 pro <strong>techniku<\/strong> i <strong>medic\u00ednu<\/strong>, se v r\u00e1mci sv\u00e9 <strong>z\u00e1v\u011bre\u010dn\u00e9 pr\u00e1ce<\/strong> rozhodla vytvo\u0159it <strong>syst\u00e9m pro monitorov\u00e1n\u00ed EKG v re\u00e1ln\u00e9m \u010dase<\/strong>. C\u00edlem bylo navrhnout <strong>funk\u010dn\u00ed<\/strong>, <strong>intuitivn\u00ed<\/strong> a <strong>dostupn\u00e9 \u0159e\u0161en\u00ed,<\/strong> kter\u00e9 by: <\/p>\n<ul>\n<li>Sn\u00edm\u00e1n\u00ed <strong>srde\u010dn\u00ed aktivity v re\u00e1ln\u00e9m \u010dase<\/strong> pomoc\u00ed <strong>EKG modulu<\/strong> s <strong>elektrodami<\/strong>.<\/li>\n<li><strong>Efektivn\u00ed<\/strong><strong>zpracov\u00e1n\u00ed<\/strong> a <strong>vizualizace<\/strong> EKG <strong>sign\u00e1lu<\/strong>.<\/li>\n<li><strong>Vyu\u017eijte<\/strong> <strong>pokro\u010dil\u00fd \u0159\u00eddic\u00ed syst\u00e9m<\/strong> k <strong>intuitivn\u00edmu<\/strong> <strong>zobrazen\u00ed dat<\/strong>.<\/li>\n<\/ul>\n<p>Aby toho bylo mo\u017en\u00e9 dos\u00e1hnout, vy\u017eadoval projekt kombinaci <strong>hardwarov\u00fdch<\/strong> a <strong>softwarov\u00fdch \u0159e\u0161en\u00ed se<\/strong> zam\u011b\u0159en\u00edm na <strong>bezprobl\u00e9movou integraci<\/strong> mezi <strong>senzory zalo\u017een\u00fdmi na Arduinu<\/strong> a <strong>profesion\u00e1ln\u00edm zobrazovac\u00edm syst\u00e9mem<\/strong>.<\/p>\t\t\t\t\t\t\t\t<\/div>\n\t\t\t\t<\/div>\n\t\t\t\t<\/div>\n\t\t<div class=\"elementor-element elementor-element-0e3bca2 e-con-full e-flex e-con e-child\" data-id=\"0e3bca2\" data-element_type=\"container\" data-e-type=\"container\">\n\t\t\t\t<div class=\"elementor-element elementor-element-39ae5da elementor-widget elementor-widget-image\" data-id=\"39ae5da\" data-element_type=\"widget\" data-e-type=\"widget\" data-widget_type=\"image.default\">\n\t\t\t\t<div class=\"elementor-widget-container\">\n\t\t\t\t\t\t\t\t\t\t\t\t\t\t\t\t<a href=\"https:\/\/www.cuesystem.com\/wp-content\/uploads\/2025\/05\/joshua-chehov-beXUIzvxW-Q-unsplash.webp\" data-elementor-open-lightbox=\"yes\" data-e-action-hash=\"#elementor-action%3Aaction%3Dlightbox%26settings%3DeyJpZCI6MzAyOTIsInVybCI6Imh0dHBzOlwvXC93d3cuY3Vlc3lzdGVtLmNvbVwvd3AtY29udGVudFwvdXBsb2Fkc1wvMjAyNVwvMDVcL2pvc2h1YS1jaGVob3YtYmVYVUl6dnhXLVEtdW5zcGxhc2gud2VicCJ9\">\n\t\t\t\t\t\t\t<img fetchpriority=\"high\" decoding=\"async\" width=\"1024\" height=\"683\" src=\"https:\/\/www.cuesystem.com\/wp-content\/uploads\/2025\/05\/joshua-chehov-beXUIzvxW-Q-unsplash-1024x683.webp\" class=\"attachment-large size-large wp-image-30292\" alt=\"\" srcset=\"https:\/\/www.cuesystem.com\/wp-content\/uploads\/2025\/05\/joshua-chehov-beXUIzvxW-Q-unsplash-1024x683.webp 1024w, https:\/\/www.cuesystem.com\/wp-content\/uploads\/2025\/05\/joshua-chehov-beXUIzvxW-Q-unsplash-300x200.webp 300w\" sizes=\"(max-width: 1024px) 100vw, 1024px\" \/>\t\t\t\t\t\t\t\t<\/a>\n\t\t\t\t\t\t\t\t\t\t\t\t\t\t\t<\/div>\n\t\t\t\t<\/div>\n\t\t\t\t<\/div>\n\t\t\t\t\t<\/div>\n\t\t\t\t<\/div>\n\t\t<div class=\"elementor-element elementor-element-ad3e001 e-flex e-con-boxed e-con e-child\" data-id=\"ad3e001\" data-element_type=\"container\" data-e-type=\"container\">\n\t\t\t\t\t<div class=\"e-con-inner\">\n\t\t<div class=\"elementor-element elementor-element-2a2781b e-con-full e-flex e-con e-child\" data-id=\"2a2781b\" data-element_type=\"container\" data-e-type=\"container\">\n\t\t\t\t<div class=\"elementor-element elementor-element-a926bdb elementor-widget elementor-widget-heading\" data-id=\"a926bdb\" data-element_type=\"widget\" data-e-type=\"widget\" data-widget_type=\"heading.default\">\n\t\t\t\t<div class=\"elementor-widget-container\">\n\t\t\t\t\t<h2 class=\"elementor-heading-title elementor-size-default\">Bezprobl\u00e9mov\u00e1 integrace hardwaru a softwaru<\/h2>\t\t\t\t<\/div>\n\t\t\t\t<\/div>\n\t\t\t\t<div class=\"elementor-element elementor-element-4c4cb19 elementor-widget elementor-widget-text-editor\" data-id=\"4c4cb19\" data-element_type=\"widget\" data-e-type=\"widget\" data-widget_type=\"text-editor.default\">\n\t\t\t\t<div class=\"elementor-widget-container\">\n\t\t\t\t\t\t\t\t\t<p>Pro spln\u011bn\u00ed po\u017eadavk\u016f projektu byl vyvinut funk\u010dn\u00ed monitorovac\u00ed syst\u00e9m EKG s vyu\u017eit\u00edm syst\u00e9mu. <a href=\"https:\/\/www.cuesystem.com\/cs\/rizeni\/\"><strong>CUE<\/strong><\/a> a vizualiza\u010dn\u00ed platformy. Syst\u00e9m zahrnoval: <\/p><ul><li><a href=\"https:\/\/docs.cuesystem.com\/space\/PRODUCTS\/484900953\"><strong>Dotykov\u00fd panel CUE (12,1&#8243;)<\/strong><\/a> &#8211; <strong>Dotykov\u00fd<\/strong> panel s <strong>vysok\u00fdm rozli\u0161en\u00edm<\/strong> pro <strong>p\u0159ehlednou vizualizaci<\/strong> EKG dat.<\/li><li><strong>Arduino UNO R3 s EKG modulem<\/strong> &#8211; Odpov\u00edd\u00e1 za zachycen\u00ed a<strong> p\u0159enos<\/strong> <strong>sign\u00e1l\u016f<\/strong> srde\u010dn\u00ed \u010dinnosti.<\/li><li><strong>P\u0159ep\u00edna\u010d a rozd\u011blova\u010d PoE<\/strong> &#8211; zaji\u0161\u0165uje efektivn\u00ed<strong> distribuci energie<\/strong> a p\u0159enos dat <strong>prost\u0159ednictv\u00edm s\u00edt\u011b Ethernet<\/strong>.<\/li><li><strong>Ethernetov\u00fd \u0161t\u00edt<\/strong> &#8211; umo\u017e\u0148uje <strong>bezprobl\u00e9movou komunikaci<\/strong> mezi <strong>Arduinem<\/strong> a <strong>syst\u00e9mem CUE<\/strong>.<\/li><\/ul><p>Syst\u00e9m funguje tak, \u017ee <strong>zachycuje<\/strong> elektrickou <strong>aktivitu<\/strong> <strong>srdce<\/strong> pomoc\u00ed <strong>elektrod<\/strong>, <strong>p\u0159ev\u00e1d\u00ed<\/strong> <strong>sign\u00e1ly<\/strong> na digit\u00e1ln\u00ed data pomoc\u00ed Arduina a p\u0159en\u00e1\u0161\u00ed je do <strong>syst\u00e9mu CUE<\/strong>. Na adrese . <strong><a href=\"https:\/\/docs.cuesystem.com\/space\/PRODUCTS\/491061541\/CUE+Visual+Composer\">CUE Visual Composer<\/a><\/strong> zpracov\u00e1v\u00e1 <strong>p\u0159ijat\u00e1 data<\/strong> a generuje <strong>EKG k\u0159ivku v re\u00e1ln\u00e9m \u010dase<\/strong> na obrazovce CUEZ. <a href=\"https:\/\/docs.cuesystem.com\/space\/PRODUCTS\/484900953\"><strong>dotykov\u00e9m panelu<\/strong><\/a>.  Rozhran\u00ed obsahuje <strong>interaktivn\u00ed ovl\u00e1dac\u00ed prvky,<\/strong> jako jsou <strong>tla\u010d\u00edtka pro spu\u0161t\u011bn\u00ed a zastaven\u00ed<\/strong>, kter\u00e9 <strong>zvy\u0161uj\u00ed pou\u017eitelnost pro<\/strong> <strong>vzd\u011bl\u00e1vac\u00ed \u00fa\u010dely<\/strong>.<\/p>\t\t\t\t\t\t\t\t<\/div>\n\t\t\t\t<\/div>\n\t\t\t\t<\/div>\n\t\t\t\t\t<\/div>\n\t\t\t\t<\/div>\n\t\t<div class=\"elementor-element elementor-element-6e27b1b e-grid e-con-boxed e-con e-child\" data-id=\"6e27b1b\" data-element_type=\"container\" data-e-type=\"container\">\n\t\t\t\t\t<div class=\"e-con-inner\">\n\t\t<div class=\"elementor-element elementor-element-e629aa8 e-con-full e-flex e-con e-child\" data-id=\"e629aa8\" data-element_type=\"container\" data-e-type=\"container\">\n\t\t\t\t<div class=\"elementor-element elementor-element-22cb1f5 elementor-widget elementor-widget-heading\" data-id=\"22cb1f5\" data-element_type=\"widget\" data-e-type=\"widget\" data-widget_type=\"heading.default\">\n\t\t\t\t<div class=\"elementor-widget-container\">\n\t\t\t\t\t<h2 class=\"elementor-heading-title elementor-size-default\">Inovace s re\u00e1ln\u00fdm dopadem<\/h2>\t\t\t\t<\/div>\n\t\t\t\t<\/div>\n\t\t\t\t<div class=\"elementor-element elementor-element-03458b8 elementor-widget elementor-widget-text-editor\" data-id=\"03458b8\" data-element_type=\"widget\" data-e-type=\"widget\" data-widget_type=\"text-editor.default\">\n\t\t\t\t<div class=\"elementor-widget-container\">\n\t\t\t\t\t\t\t\t\t<p>Projekt <strong>\u00fasp\u011b\u0161n\u011b prok\u00e1zal<\/strong> potenci\u00e1l integrace <strong>technologie CUE<\/strong> s <strong>biomedic\u00ednsk\u00fdmi aplikacemi<\/strong>. Mezi hlavn\u00ed \u00fasp\u011bchy pat\u0159ily: <\/p><ul><li><strong>Vizualizace v re\u00e1ln\u00e9m \u010dase<\/strong> &#8211; The <strong><a href=\"https:\/\/docs.cuesystem.com\/space\/PRODUCTS\/484900953\">Dotykov\u00fd panel CUE<\/a><\/strong> poskytuje jasn\u00e9 a <strong>p\u0159esn\u00e9 zobrazen\u00ed<\/strong> <strong>srde\u010dn\u00ed aktivity<\/strong>, co\u017e <strong>usnad\u0148uje interpretaci dat<\/strong>.<\/li><li><strong>Efektivn\u00ed komunikace<\/strong> &#8211; Pou\u017eit\u00ed <strong>technologie PoE<\/strong> umo\u017enilo <strong>zefektivnit p\u0159ipojen\u00ed<\/strong> a minimalizovat pot\u0159ebu v\u00edce zdroj\u016f nap\u00e1jen\u00ed.<\/li><li><strong>Vzd\u011bl\u00e1vac\u00ed dopad<\/strong> &#8211; Projekt poslou\u017eil jako <strong>cenn\u00fd vzd\u011bl\u00e1vac\u00ed n\u00e1stroj, kter\u00fd<\/strong> ukazuje, jak lze pokro\u010dil\u00e9 \u0159\u00eddic\u00ed syst\u00e9my pou\u017e\u00edt p\u0159i <strong>monitorov\u00e1n\u00ed zdravotn\u00ed p\u00e9\u010de<\/strong>.<\/li><\/ul><p>Tento <strong>inovativn\u00ed p\u0159\u00edstup k<\/strong> <strong>monitorov\u00e1n\u00ed EKG<\/strong> podtrhuje <strong>v\u0161estrannost \u0159e\u0161en\u00ed spole\u010dnosti CUE<\/strong>, kter\u00e1 p\u0159esahuje tradi\u010dn\u00ed AV kontrolu a otev\u00edr\u00e1 cestu k <strong>potenci\u00e1ln\u00edm<\/strong> aplikac\u00edm v <strong>biomedic\u00ednsk\u00e9m in\u017een\u00fdrstv\u00ed<\/strong> a <strong>v\u00fdzkumu<\/strong>.<\/p>\t\t\t\t\t\t\t\t<\/div>\n\t\t\t\t<\/div>\n\t\t\t\t<\/div>\n\t\t<div class=\"elementor-element elementor-element-20fef64 e-con-full e-flex e-con e-child\" data-id=\"20fef64\" data-element_type=\"container\" data-e-type=\"container\">\n\t\t\t\t<div class=\"elementor-element elementor-element-1ce1b07 elementor-widget elementor-widget-image\" data-id=\"1ce1b07\" data-element_type=\"widget\" data-e-type=\"widget\" data-widget_type=\"image.default\">\n\t\t\t\t<div class=\"elementor-widget-container\">\n\t\t\t\t\t\t\t\t\t\t\t\t\t\t\t\t<a href=\"https:\/\/www.cuesystem.com\/wp-content\/uploads\/2025\/05\/image-20250329-114157.webp\" data-elementor-open-lightbox=\"yes\" data-e-action-hash=\"#elementor-action%3Aaction%3Dlightbox%26settings%3DeyJpZCI6MzAyODcsInVybCI6Imh0dHBzOlwvXC93d3cuY3Vlc3lzdGVtLmNvbVwvd3AtY29udGVudFwvdXBsb2Fkc1wvMjAyNVwvMDVcL2ltYWdlLTIwMjUwMzI5LTExNDE1Ny53ZWJwIn0%3D\">\n\t\t\t\t\t\t\t<img decoding=\"async\" width=\"1024\" height=\"812\" src=\"https:\/\/www.cuesystem.com\/wp-content\/uploads\/2025\/05\/image-20250329-114157-1024x812.webp\" class=\"attachment-large size-large wp-image-30287\" alt=\"\" srcset=\"https:\/\/www.cuesystem.com\/wp-content\/uploads\/2025\/05\/image-20250329-114157-1024x812.webp 1024w, https:\/\/www.cuesystem.com\/wp-content\/uploads\/2025\/05\/image-20250329-114157-300x238.webp 300w, https:\/\/www.cuesystem.com\/wp-content\/uploads\/2025\/05\/image-20250329-114157.webp 1044w\" sizes=\"(max-width: 1024px) 100vw, 1024px\" \/>\t\t\t\t\t\t\t\t<\/a>\n\t\t\t\t\t\t\t\t\t\t\t\t\t\t\t<\/div>\n\t\t\t\t<\/div>\n\t\t\t\t<\/div>\n\t\t\t\t\t<\/div>\n\t\t\t\t<\/div>\n\t\t\t\t<\/div>\n\t\t\t\t<\/div>\n\t\t","protected":false},"excerpt":{"rendered":"<p>P\u0159\u00edpadov\u00e1 studie Monitorov\u00e1n\u00ed EKG v re\u00e1ln\u00e9m \u010dase Prom\u011bna vize ve skute\u010dnost A \u010desky&nbsp;st\u0159edo\u0161kola\u010dka Ad\u00e9la Jare\u0161ov\u00e1, nad\u0161en\u00e1 pro techniku i medic\u00ednu, se v r\u00e1mci sv\u00e9 z\u00e1v\u011bre\u010dn\u00e9 pr\u00e1ce rozhodla vytvo\u0159it syst\u00e9m pro monitorov\u00e1n\u00ed EKG v re\u00e1ln\u00e9m \u010dase. C\u00edlem bylo navrhnout funk\u010dn\u00ed, intuitivn\u00ed a dostupn\u00e9 \u0159e\u0161en\u00ed, kter\u00e9 by: Sn\u00edm\u00e1n\u00ed srde\u010dn\u00ed aktivity v re\u00e1ln\u00e9m \u010dase pomoc\u00ed EKG modulu s <a href=\"https:\/\/www.cuesystem.com\/cs\/pripadove-studie\/monitorovani-ekg-v-realnem-case\/\" class=\"more-link\">&#8230;<span class=\"screen-reader-text\">  Monitorov\u00e1n\u00ed EKG v re\u00e1ln\u00e9m \u010dase<\/span><\/a><\/p>\n","protected":false},"author":11,"featured_media":0,"parent":29856,"menu_order":209,"comment_status":"closed","ping_status":"closed","template":"","meta":{"_acf_changed":false,"inline_featured_image":false,"footnotes":""},"kategorie":[],"class_list":["post-31507","page","type-page","status-publish","hentry"],"acf":[],"_links":{"self":[{"href":"https:\/\/www.cuesystem.com\/cs\/wp-json\/wp\/v2\/pages\/31507","targetHints":{"allow":["GET"]}}],"collection":[{"href":"https:\/\/www.cuesystem.com\/cs\/wp-json\/wp\/v2\/pages"}],"about":[{"href":"https:\/\/www.cuesystem.com\/cs\/wp-json\/wp\/v2\/types\/page"}],"author":[{"embeddable":true,"href":"https:\/\/www.cuesystem.com\/cs\/wp-json\/wp\/v2\/users\/11"}],"replies":[{"embeddable":true,"href":"https:\/\/www.cuesystem.com\/cs\/wp-json\/wp\/v2\/comments?post=31507"}],"version-history":[{"count":1,"href":"https:\/\/www.cuesystem.com\/cs\/wp-json\/wp\/v2\/pages\/31507\/revisions"}],"predecessor-version":[{"id":31508,"href":"https:\/\/www.cuesystem.com\/cs\/wp-json\/wp\/v2\/pages\/31507\/revisions\/31508"}],"up":[{"embeddable":true,"href":"https:\/\/www.cuesystem.com\/cs\/wp-json\/wp\/v2\/pages\/29856"}],"wp:attachment":[{"href":"https:\/\/www.cuesystem.com\/cs\/wp-json\/wp\/v2\/media?parent=31507"}],"wp:term":[{"taxonomy":"kategorie","embeddable":true,"href":"https:\/\/www.cuesystem.com\/cs\/wp-json\/wp\/v2\/kategorie?post=31507"}],"curies":[{"name":"wp","href":"https:\/\/api.w.org\/{rel}","templated":true}]}}