{"id":31952,"date":"2025-03-18T13:50:42","date_gmt":"2025-03-18T12:50:42","guid":{"rendered":"https:\/\/www.cuesystem.com\/co-je-noveho\/cue-na-veletrzich-medialog-2025-a-mir-2025\/"},"modified":"2025-07-28T18:59:06","modified_gmt":"2025-07-28T16:59:06","slug":"cue-na-veletrzich-medialog-2025-a-mir-2025","status":"publish","type":"page","link":"https:\/\/www.cuesystem.com\/cs\/co-je-noveho\/cue-na-veletrzich-medialog-2025-a-mir-2025\/","title":{"rendered":"CUE na veletrz\u00edch MEDIALOG 2025 a MIR 2025"},"content":{"rendered":"\t\t<div data-elementor-type=\"wp-page\" data-elementor-id=\"31952\" class=\"elementor elementor-31952 elementor-31714\" data-elementor-post-type=\"page\">\n\t\t\t\t<div class=\"elementor-element elementor-element-b4b3851 e-con-full e-flex e-con e-child\" data-id=\"b4b3851\" data-element_type=\"container\" data-e-type=\"container\">\n\t\t\t\t<div class=\"elementor-element elementor-element-0852bd1 elementor-widget elementor-widget-heading\" data-id=\"0852bd1\" data-element_type=\"widget\" data-e-type=\"widget\" data-widget_type=\"heading.default\">\n\t\t\t\t<div class=\"elementor-widget-container\">\n\t\t\t\t\t<h3 class=\"elementor-heading-title elementor-size-default\">Ud\u00e1losti<\/h3>\t\t\t\t<\/div>\n\t\t\t\t<\/div>\n\t\t\t\t<div class=\"elementor-element elementor-element-2717a13 elementor-widget elementor-widget-heading\" data-id=\"2717a13\" data-element_type=\"widget\" data-e-type=\"widget\" data-widget_type=\"heading.default\">\n\t\t\t\t<div class=\"elementor-widget-container\">\n\t\t\t\t\t<h1 class=\"elementor-heading-title elementor-size-default\">CUE na veletrz\u00edch MEDIALOG 2025 a MIR 2025<\/h1>\t\t\t\t<\/div>\n\t\t\t\t<\/div>\n\t\t\t\t<div class=\"elementor-element elementor-element-c5d8d5d elementor-widget-divider--view-line elementor-widget elementor-widget-divider\" data-id=\"c5d8d5d\" data-element_type=\"widget\" data-e-type=\"widget\" data-widget_type=\"divider.default\">\n\t\t\t\t<div class=\"elementor-widget-container\">\n\t\t\t\t\t\t\t<div class=\"elementor-divider\">\n\t\t\t<span class=\"elementor-divider-separator\">\n\t\t\t\t\t\t<\/span>\n\t\t<\/div>\n\t\t\t\t\t\t<\/div>\n\t\t\t\t<\/div>\n\t\t<div class=\"elementor-element elementor-element-68d86b1 e-flex e-con-boxed e-con e-child\" data-id=\"68d86b1\" data-element_type=\"container\" data-e-type=\"container\">\n\t\t\t\t\t<div class=\"e-con-inner\">\n\t\t\t\t<div class=\"elementor-element elementor-element-26f2831 elementor-widget elementor-widget-text-editor\" data-id=\"26f2831\" data-element_type=\"widget\" data-e-type=\"widget\" data-widget_type=\"text-editor.default\">\n\t\t\t\t<div class=\"elementor-widget-container\">\n\t\t\t\t\t\t\t\t\t<p>Od <strong>N\u011bmecka<\/strong> po <strong>It\u00e1lii<\/strong> se p\u0159ipravujeme na prezentaci na\u0161ich <strong>nejnov\u011bj\u0161\u00edch inovac\u00ed v<\/strong> oblasti inteligentn\u00edch \u0159\u00eddic\u00edch syst\u00e9m\u016f. Zde se dozv\u00edte, kde n\u00e1s <strong>letos na ja\u0159e<\/strong> najdete: <\/p>\t\t\t\t\t\t\t\t<\/div>\n\t\t\t\t<\/div>\n\t\t\t\t\t<\/div>\n\t\t\t\t<\/div>\n\t\t<div class=\"elementor-element elementor-element-61edc13 e-flex e-con-boxed e-con e-child\" data-id=\"61edc13\" data-element_type=\"container\" data-e-type=\"container\">\n\t\t\t\t\t<div class=\"e-con-inner\">\n\t\t\t\t<div class=\"elementor-element elementor-element-562e00b elementor-widget-divider--view-line elementor-widget elementor-widget-divider\" data-id=\"562e00b\" data-element_type=\"widget\" data-e-type=\"widget\" data-widget_type=\"divider.default\">\n\t\t\t\t<div class=\"elementor-widget-container\">\n\t\t\t\t\t\t\t<div class=\"elementor-divider\">\n\t\t\t<span class=\"elementor-divider-separator\">\n\t\t\t\t\t\t<\/span>\n\t\t<\/div>\n\t\t\t\t\t\t<\/div>\n\t\t\t\t<\/div>\n\t\t\t\t<div class=\"elementor-element elementor-element-b0ecdb0 elementor-widget elementor-widget-heading\" data-id=\"b0ecdb0\" data-element_type=\"widget\" data-e-type=\"widget\" data-widget_type=\"heading.default\">\n\t\t\t\t<div class=\"elementor-widget-container\">\n\t\t\t\t\t<h2 class=\"elementor-heading-title elementor-size-default\">MEDIALOG 2025\n<\/h2>\t\t\t\t<\/div>\n\t\t\t\t<\/div>\n\t\t\t\t<div class=\"elementor-element elementor-element-5573396 elementor-widget-divider--view-line elementor-widget elementor-widget-divider\" data-id=\"5573396\" data-element_type=\"widget\" data-e-type=\"widget\" data-widget_type=\"divider.default\">\n\t\t\t\t<div class=\"elementor-widget-container\">\n\t\t\t\t\t\t\t<div class=\"elementor-divider\">\n\t\t\t<span class=\"elementor-divider-separator\">\n\t\t\t\t\t\t<\/span>\n\t\t<\/div>\n\t\t\t\t\t\t<\/div>\n\t\t\t\t<\/div>\n\t\t\t\t\t<\/div>\n\t\t\t\t<\/div>\n\t\t<div class=\"elementor-element elementor-element-2faa0b9 e-grid e-con-boxed e-con e-child\" data-id=\"2faa0b9\" data-element_type=\"container\" data-e-type=\"container\">\n\t\t\t\t\t<div class=\"e-con-inner\">\n\t\t<div class=\"elementor-element elementor-element-dbd5a14 e-con-full e-flex e-con e-child\" data-id=\"dbd5a14\" data-element_type=\"container\" data-e-type=\"container\">\n\t\t\t\t<div class=\"elementor-element elementor-element-9adb26d elementor-widget elementor-widget-text-editor\" data-id=\"9adb26d\" data-element_type=\"widget\" data-e-type=\"widget\" data-widget_type=\"text-editor.default\">\n\t\t\t\t<div class=\"elementor-widget-container\">\n\t\t\t\t\t\t\t\t\t<h3>2.-3. dubna 2025<\/h3><h4><em>Halle 45, Mohu\u010d, N\u011bmecko<\/em><\/h4><p>Vrac\u00edme se na veletrh <strong>MEDIALOG<\/strong>, <strong>p\u0159edn\u00ed<\/strong> <strong>akci v<\/strong> <strong>oblasti AV a UC technologi\u00ed<\/strong>, kterou po\u0159\u00e1d\u00e1 n\u00e1\u0161 partner <a href=\"https:\/\/www.kern-stelly.de\/\"><strong>Kern &amp; Stelly<\/strong><\/a>. Zastavte se u na\u0161eho st\u00e1nku, abyste si prohl\u00e9dli <strong>praktick\u00e9 uk\u00e1zky<\/strong> a z\u00edskali <strong>informace o<\/strong> v\u0161ech <a href=\"https:\/\/www.cuesystem.com\/cs\/ekosystem-cue\/\"><strong>p\u011bti pil\u00ed\u0159\u016f<\/strong><\/a><strong>\u0159e\u0161en\u00ed CUE<\/strong>. A\u0165 u\u017e chcete prozkoumat dotykov\u00e9 panely, automatizaci, pl\u00e1nov\u00e1n\u00ed nebo vzd\u00e1lenou spr\u00e1vu, jsme <strong>p\u0159ipraveni hovo\u0159it o<\/strong> technologi\u00edch, trendech a budoucnosti integrovan\u00e9ho \u0159\u00edzen\u00ed.  <\/p><p>Zjist\u011bte v\u00edce <strong><a href=\"https:\/\/www.kern-stelly.de\/profile\/news\/read\/id\/2077\/\">ZDE<\/a><\/strong>.  <\/p>\t\t\t\t\t\t\t\t<\/div>\n\t\t\t\t<\/div>\n\t\t\t\t<\/div>\n\t\t<div class=\"elementor-element elementor-element-0f11549 e-con-full e-flex e-con e-child\" data-id=\"0f11549\" data-element_type=\"container\" data-e-type=\"container\">\n\t\t\t\t<div class=\"elementor-element elementor-element-aa493e7 elementor-widget elementor-widget-image\" data-id=\"aa493e7\" data-element_type=\"widget\" data-e-type=\"widget\" data-widget_type=\"image.default\">\n\t\t\t\t<div class=\"elementor-widget-container\">\n\t\t\t\t\t\t\t\t\t\t\t\t<figure class=\"wp-caption\">\n\t\t\t\t\t\t\t\t\t\t\t<a href=\"https:\/\/www.cuesystem.com\/wp-content\/uploads\/2025\/07\/prispevek-SoMe-\u2013-Medialog-grafika.webp\" data-elementor-open-lightbox=\"yes\" data-e-action-hash=\"#elementor-action%3Aaction%3Dlightbox%26settings%3DeyJpZCI6MzE3MzEsInVybCI6Imh0dHBzOlwvXC93d3cuY3Vlc3lzdGVtLmNvbVwvd3AtY29udGVudFwvdXBsb2Fkc1wvMjAyNVwvMDdcL3ByaXNwZXZlay1Tb01lLVx1MjAxMy1NZWRpYWxvZy1ncmFmaWthLndlYnAifQ%3D%3D\">\n\t\t\t\t\t\t\t<img fetchpriority=\"high\" decoding=\"async\" width=\"1024\" height=\"535\" src=\"https:\/\/www.cuesystem.com\/wp-content\/uploads\/2025\/07\/prispevek-SoMe-\u2013-Medialog-grafika-1024x535.webp\" class=\"attachment-large size-large wp-image-31731\" alt=\"\" srcset=\"https:\/\/www.cuesystem.com\/wp-content\/uploads\/2025\/07\/prispevek-SoMe-\u2013-Medialog-grafika-1024x535.webp 1024w, https:\/\/www.cuesystem.com\/wp-content\/uploads\/2025\/07\/prispevek-SoMe-\u2013-Medialog-grafika-300x157.webp 300w, https:\/\/www.cuesystem.com\/wp-content\/uploads\/2025\/07\/prispevek-SoMe-\u2013-Medialog-grafika.webp 1200w\" sizes=\"(max-width: 1024px) 100vw, 1024px\" \/>\t\t\t\t\t\t\t\t<\/a>\n\t\t\t\t\t\t\t\t\t\t\t<figcaption class=\"widget-image-caption wp-caption-text\"><\/figcaption>\n\t\t\t\t\t\t\t\t\t\t<\/figure>\n\t\t\t\t\t\t\t\t\t<\/div>\n\t\t\t\t<\/div>\n\t\t\t\t<\/div>\n\t\t\t\t\t<\/div>\n\t\t\t\t<\/div>\n\t\t<div class=\"elementor-element elementor-element-ee346a7 e-flex e-con-boxed e-con e-child\" data-id=\"ee346a7\" data-element_type=\"container\" data-e-type=\"container\">\n\t\t\t\t\t<div class=\"e-con-inner\">\n\t\t\t\t<div class=\"elementor-element elementor-element-91f0900 elementor-widget-divider--view-line elementor-widget elementor-widget-divider\" data-id=\"91f0900\" data-element_type=\"widget\" data-e-type=\"widget\" data-widget_type=\"divider.default\">\n\t\t\t\t<div class=\"elementor-widget-container\">\n\t\t\t\t\t\t\t<div class=\"elementor-divider\">\n\t\t\t<span class=\"elementor-divider-separator\">\n\t\t\t\t\t\t<\/span>\n\t\t<\/div>\n\t\t\t\t\t\t<\/div>\n\t\t\t\t<\/div>\n\t\t\t\t<div class=\"elementor-element elementor-element-bc7af78 elementor-widget elementor-widget-heading\" data-id=\"bc7af78\" data-element_type=\"widget\" data-e-type=\"widget\" data-widget_type=\"heading.default\">\n\t\t\t\t<div class=\"elementor-widget-container\">\n\t\t\t\t\t<h2 class=\"elementor-heading-title elementor-size-default\">MIR 2025<\/h2>\t\t\t\t<\/div>\n\t\t\t\t<\/div>\n\t\t\t\t<div class=\"elementor-element elementor-element-d3d287f elementor-widget-divider--view-line elementor-widget elementor-widget-divider\" data-id=\"d3d287f\" data-element_type=\"widget\" data-e-type=\"widget\" data-widget_type=\"divider.default\">\n\t\t\t\t<div class=\"elementor-widget-container\">\n\t\t\t\t\t\t\t<div class=\"elementor-divider\">\n\t\t\t<span class=\"elementor-divider-separator\">\n\t\t\t\t\t\t<\/span>\n\t\t<\/div>\n\t\t\t\t\t\t<\/div>\n\t\t\t\t<\/div>\n\t\t<div class=\"elementor-element elementor-element-e8290a1 e-grid e-con-full e-con e-child\" data-id=\"e8290a1\" data-element_type=\"container\" data-e-type=\"container\">\n\t\t<div class=\"elementor-element elementor-element-4f87ec8 e-con-full e-flex e-con e-child\" data-id=\"4f87ec8\" data-element_type=\"container\" data-e-type=\"container\">\n\t\t\t\t<div class=\"elementor-element elementor-element-e6bf72d elementor-widget elementor-widget-image\" data-id=\"e6bf72d\" data-element_type=\"widget\" data-e-type=\"widget\" data-widget_type=\"image.default\">\n\t\t\t\t<div class=\"elementor-widget-container\">\n\t\t\t\t\t\t\t\t\t\t\t\t<figure class=\"wp-caption\">\n\t\t\t\t\t\t\t\t\t\t\t<a href=\"https:\/\/www.cuesystem.com\/wp-content\/uploads\/2025\/07\/at-ISE-2025.webp\" data-elementor-open-lightbox=\"yes\" data-e-action-hash=\"#elementor-action%3Aaction%3Dlightbox%26settings%3DeyJpZCI6MzE3MjYsInVybCI6Imh0dHBzOlwvXC93d3cuY3Vlc3lzdGVtLmNvbVwvd3AtY29udGVudFwvdXBsb2Fkc1wvMjAyNVwvMDdcL2F0LUlTRS0yMDI1LndlYnAifQ%3D%3D\">\n\t\t\t\t\t\t\t<img decoding=\"async\" width=\"1024\" height=\"466\" src=\"https:\/\/www.cuesystem.com\/wp-content\/uploads\/2025\/07\/at-ISE-2025-1024x466.webp\" class=\"attachment-large size-large wp-image-31726\" alt=\"\" srcset=\"https:\/\/www.cuesystem.com\/wp-content\/uploads\/2025\/07\/at-ISE-2025-1024x466.webp 1024w, https:\/\/www.cuesystem.com\/wp-content\/uploads\/2025\/07\/at-ISE-2025-300x137.webp 300w, https:\/\/www.cuesystem.com\/wp-content\/uploads\/2025\/07\/at-ISE-2025.webp 1280w\" sizes=\"(max-width: 1024px) 100vw, 1024px\" \/>\t\t\t\t\t\t\t\t<\/a>\n\t\t\t\t\t\t\t\t\t\t\t<figcaption class=\"widget-image-caption wp-caption-text\"><\/figcaption>\n\t\t\t\t\t\t\t\t\t\t<\/figure>\n\t\t\t\t\t\t\t\t\t<\/div>\n\t\t\t\t<\/div>\n\t\t\t\t<\/div>\n\t\t<div class=\"elementor-element elementor-element-ccfe4e0 e-con-full e-flex e-con e-child\" data-id=\"ccfe4e0\" data-element_type=\"container\" data-e-type=\"container\">\n\t\t\t\t<div class=\"elementor-element elementor-element-c7c409c elementor-widget elementor-widget-text-editor\" data-id=\"c7c409c\" data-element_type=\"widget\" data-e-type=\"widget\" data-widget_type=\"text-editor.default\">\n\t\t\t\t<div class=\"elementor-widget-container\">\n\t\t\t\t\t\t\t\t\t<h3>23.-25. b\u0159ezna 2025<\/h3><h4><em>Hala A1 &#8211; st\u00e1nek 165 | Fiera di Rimini, It\u00e1lie<\/em><\/h4><p>Letos <strong>se na<\/strong> veletrhu <strong>MIR<\/strong> <strong>poprv\u00e9 objev\u00edme<\/strong> s na\u0161\u00edm nov\u00fdm partnerem. <strong><a href=\"https:\/\/www.intermark.it\/home-english\/\">Intermark Sistemi<\/a><\/strong>. <strong>Nejv\u00fdznamn\u011bj\u0161\u00ed italsk\u00e1 ud\u00e1lost<\/strong> v oblasti AV, osv\u011btlen\u00ed a \u0159\u00eddic\u00edch technologi\u00ed je <strong>ide\u00e1ln\u00edm m\u00edstem pro sezn\u00e1men\u00ed se s<\/strong> na\u0161\u00edm <strong>kompletn\u00edm portfoliem produkt\u016f<\/strong>. Poj\u010fme se setkat, vym\u011bnit si n\u00e1pady a objevit chyt\u0159ej\u0161\u00ed zp\u016fsoby \u0159\u00edzen\u00ed AV prost\u0159ed\u00ed, a to <strong>na\u017eivo v Rimini<\/strong>. <\/p><p>Zjist\u011bte v\u00edce <strong><a href=\"https:\/\/www.intermark.it\/events\/fiera-mir-intermark-sistemi-rimini-23-25-marzo-2025\/\">ZDE<\/a> <\/strong>nebo na <strong><a href=\"https:\/\/en.mirtechexpo.com\/\">ZDE<\/a><\/strong>.<\/p>\t\t\t\t\t\t\t\t<\/div>\n\t\t\t\t<\/div>\n\t\t\t\t<\/div>\n\t\t\t\t<\/div>\n\t\t\t\t\t<\/div>\n\t\t\t\t<\/div>\n\t\t\t\t<\/div>\n\t\t\t\t<\/div>\n\t\t","protected":false},"excerpt":{"rendered":"<p>Ud\u00e1losti CUE na veletrz\u00edch MEDIALOG 2025 a MIR 2025 Od N\u011bmecka po It\u00e1lii se p\u0159ipravujeme na prezentaci na\u0161ich nejnov\u011bj\u0161\u00edch inovac\u00ed v oblasti inteligentn\u00edch \u0159\u00eddic\u00edch syst\u00e9m\u016f. Zde se dozv\u00edte, kde n\u00e1s letos na ja\u0159e najdete: MEDIALOG 2025 2.-3. dubna 2025 Halle 45, Mohu\u010d, N\u011bmecko Vrac\u00edme se na veletrh MEDIALOG, p\u0159edn\u00ed akci v oblasti AV a UC <a href=\"https:\/\/www.cuesystem.com\/cs\/co-je-noveho\/cue-na-veletrzich-medialog-2025-a-mir-2025\/\" class=\"more-link\">&#8230;<span class=\"screen-reader-text\">  CUE na veletrz\u00edch MEDIALOG 2025 a MIR 2025<\/span><\/a><\/p>\n","protected":false},"author":11,"featured_media":0,"parent":31296,"menu_order":168,"comment_status":"closed","ping_status":"closed","template":"","meta":{"_acf_changed":false,"inline_featured_image":false,"footnotes":""},"kategorie":[],"class_list":["post-31952","page","type-page","status-publish","hentry"],"acf":[],"_links":{"self":[{"href":"https:\/\/www.cuesystem.com\/cs\/wp-json\/wp\/v2\/pages\/31952","targetHints":{"allow":["GET"]}}],"collection":[{"href":"https:\/\/www.cuesystem.com\/cs\/wp-json\/wp\/v2\/pages"}],"about":[{"href":"https:\/\/www.cuesystem.com\/cs\/wp-json\/wp\/v2\/types\/page"}],"author":[{"embeddable":true,"href":"https:\/\/www.cuesystem.com\/cs\/wp-json\/wp\/v2\/users\/11"}],"replies":[{"embeddable":true,"href":"https:\/\/www.cuesystem.com\/cs\/wp-json\/wp\/v2\/comments?post=31952"}],"version-history":[{"count":1,"href":"https:\/\/www.cuesystem.com\/cs\/wp-json\/wp\/v2\/pages\/31952\/revisions"}],"predecessor-version":[{"id":31953,"href":"https:\/\/www.cuesystem.com\/cs\/wp-json\/wp\/v2\/pages\/31952\/revisions\/31953"}],"up":[{"embeddable":true,"href":"https:\/\/www.cuesystem.com\/cs\/wp-json\/wp\/v2\/pages\/31296"}],"wp:attachment":[{"href":"https:\/\/www.cuesystem.com\/cs\/wp-json\/wp\/v2\/media?parent=31952"}],"wp:term":[{"taxonomy":"kategorie","embeddable":true,"href":"https:\/\/www.cuesystem.com\/cs\/wp-json\/wp\/v2\/kategorie?post=31952"}],"curies":[{"name":"wp","href":"https:\/\/api.w.org\/{rel}","templated":true}]}}