{"id":32210,"date":"2025-08-19T10:17:44","date_gmt":"2025-08-19T08:17:44","guid":{"rendered":"https:\/\/www.cuesystem.com\/pripadove-studie\/grand-hansa-hotel\/"},"modified":"2025-08-19T10:36:05","modified_gmt":"2025-08-19T08:36:05","slug":"grand-hansa-hotel","status":"publish","type":"page","link":"https:\/\/www.cuesystem.com\/cs\/pripadove-studie\/grand-hansa-hotel\/","title":{"rendered":"Grand Hansa Hotel"},"content":{"rendered":"\t\t<div data-elementor-type=\"wp-page\" data-elementor-id=\"32210\" class=\"elementor elementor-32210 elementor-32156\" data-elementor-post-type=\"page\">\n\t\t\t\t<div class=\"elementor-element elementor-element-ede1820 e-con-full e-flex e-con e-child\" data-id=\"ede1820\" data-element_type=\"container\" data-e-type=\"container\">\n\t\t\t\t<div class=\"elementor-element elementor-element-e3bf7b8 elementor-widget elementor-widget-heading\" data-id=\"e3bf7b8\" data-element_type=\"widget\" data-e-type=\"widget\" data-widget_type=\"heading.default\">\n\t\t\t\t<div class=\"elementor-widget-container\">\n\t\t\t\t\t<h3 class=\"elementor-heading-title elementor-size-default\">P\u0159\u00edpadov\u00e1 studie<\/h3>\t\t\t\t<\/div>\n\t\t\t\t<\/div>\n\t\t\t\t<div class=\"elementor-element elementor-element-be66416 elementor-widget elementor-widget-heading\" data-id=\"be66416\" data-element_type=\"widget\" data-e-type=\"widget\" data-widget_type=\"heading.default\">\n\t\t\t\t<div class=\"elementor-widget-container\">\n\t\t\t\t\t<h1 class=\"elementor-heading-title elementor-size-default\">Grand Hansa Hotel\n\n\n<\/h1>\t\t\t\t<\/div>\n\t\t\t\t<\/div>\n\t\t\t\t<div class=\"elementor-element elementor-element-be8709c elementor-widget-divider--view-line elementor-widget elementor-widget-divider\" data-id=\"be8709c\" data-element_type=\"widget\" data-e-type=\"widget\" data-widget_type=\"divider.default\">\n\t\t\t\t<div class=\"elementor-widget-container\">\n\t\t\t\t\t\t\t<div class=\"elementor-divider\">\n\t\t\t<span class=\"elementor-divider-separator\">\n\t\t\t\t\t\t<\/span>\n\t\t<\/div>\n\t\t\t\t\t\t<\/div>\n\t\t\t\t<\/div>\n\t\t<div class=\"elementor-element elementor-element-d461f5a e-grid e-con-boxed e-con e-child\" data-id=\"d461f5a\" data-element_type=\"container\" data-e-type=\"container\">\n\t\t\t\t\t<div class=\"e-con-inner\">\n\t\t<div class=\"elementor-element elementor-element-c5a05d5 e-con-full e-flex e-con e-child\" data-id=\"c5a05d5\" data-element_type=\"container\" data-e-type=\"container\">\n\t\t\t\t<div class=\"elementor-element elementor-element-827b0b2 elementor-widget elementor-widget-heading\" data-id=\"827b0b2\" data-element_type=\"widget\" data-e-type=\"widget\" data-widget_type=\"heading.default\">\n\t\t\t\t<div class=\"elementor-widget-container\">\n\t\t\t\t\t<h2 class=\"elementor-heading-title elementor-size-default\">V\u00fdzva<\/h2>\t\t\t\t<\/div>\n\t\t\t\t<\/div>\n\t\t\t\t<div class=\"elementor-element elementor-element-0f48069 elementor-widget elementor-widget-text-editor\" data-id=\"0f48069\" data-element_type=\"widget\" data-e-type=\"widget\" data-widget_type=\"text-editor.default\">\n\t\t\t\t<div class=\"elementor-widget-container\">\n\t\t\t\t\t\t\t\t\t<p data-renderer-start-pos=\"20\">Nov\u011b otev\u0159en\u00fd <strong data-renderer-mark=\"true\">Grand Hansa Hotel<\/strong> v centru Helsinek si dal za c\u00edl nab\u00eddnout <strong data-renderer-mark=\"true\">host\u016fm p\u011btihv\u011bzdi\u010dkov\u00fd z\u00e1\u017eitek<\/strong>, kter\u00fd v sob\u011b spojuje <strong data-renderer-mark=\"true\">nad\u010dasovou eleganci<\/strong> a <strong data-renderer-mark=\"true\">nejmodern\u011bj\u0161\u00ed technologie<\/strong>.<\/p><p data-renderer-start-pos=\"187\">Aby hotel splnil <strong data-renderer-mark=\"true\">modern\u00ed po\u017eadavky,<\/strong> pot\u0159eboval <strong data-renderer-mark=\"true\">robustn\u00ed AV a \u0159\u00eddic\u00ed \u0159e\u0161en\u00ed, kter\u00e9<\/strong> by pokrylo <strong data-renderer-mark=\"true\">\u0161irokou \u0161k\u00e1lu prostor,<\/strong> v\u010detn\u011b:<\/p><ul class=\"ak-ul\" data-indent-level=\"1\"><li><p data-renderer-start-pos=\"323\">Plesov\u00fd s\u00e1l a \u0161pi\u010dkov\u00e9 zasedac\u00ed m\u00edstnosti<\/p><\/li><li><p data-renderer-start-pos=\"362\">Restaurace a vstupn\u00ed haly<\/p><\/li><li><p data-renderer-start-pos=\"393\">Pokoje pro hosty a sd\u00edlen\u00e9 z\u00f3ny<\/p><\/li><\/ul><p data-renderer-start-pos=\"425\">Hlavn\u00edm \u00fakolem bylo <strong data-renderer-mark=\"true\">zajistit bezprobl\u00e9mov\u00e9 ovl\u00e1d\u00e1n\u00ed<\/strong>, <strong data-renderer-mark=\"true\">jednoduch\u00e9 ovl\u00e1d\u00e1n\u00ed<\/strong> pro hotelov\u00fd person\u00e1l a <strong data-renderer-mark=\"true\">plnou kompatibilitu<\/strong> s osobn\u00edmi za\u0159\u00edzen\u00edmi host\u016f p\u0159i <strong data-renderer-mark=\"true\">zachov\u00e1n\u00ed vyt\u0159\u00edben\u00e9 atmosf\u00e9ry<\/strong> prostoru.<\/p>\t\t\t\t\t\t\t\t<\/div>\n\t\t\t\t<\/div>\n\t\t\t\t<\/div>\n\t\t<div class=\"elementor-element elementor-element-e4ea18d e-con-full e-flex e-con e-child\" data-id=\"e4ea18d\" data-element_type=\"container\" data-e-type=\"container\">\n\t\t\t\t<div class=\"elementor-element elementor-element-8d80a2c elementor-widget elementor-widget-image\" data-id=\"8d80a2c\" data-element_type=\"widget\" data-e-type=\"widget\" data-widget_type=\"image.default\">\n\t\t\t\t<div class=\"elementor-widget-container\">\n\t\t\t\t\t\t\t\t\t\t\t\t<figure class=\"wp-caption\">\n\t\t\t\t\t\t\t\t\t\t<img fetchpriority=\"high\" decoding=\"async\" width=\"700\" height=\"466\" src=\"https:\/\/www.cuesystem.com\/wp-content\/uploads\/2025\/08\/MeetingRoom_Socis_wide.webp\" class=\"attachment-large size-large wp-image-32177\" alt=\"\" srcset=\"https:\/\/www.cuesystem.com\/wp-content\/uploads\/2025\/08\/MeetingRoom_Socis_wide.webp 700w, https:\/\/www.cuesystem.com\/wp-content\/uploads\/2025\/08\/MeetingRoom_Socis_wide-300x200.webp 300w\" sizes=\"(max-width: 700px) 100vw, 700px\" \/>\t\t\t\t\t\t\t\t\t\t\t<figcaption class=\"widget-image-caption wp-caption-text\">Pokoj Socis<\/figcaption>\n\t\t\t\t\t\t\t\t\t\t<\/figure>\n\t\t\t\t\t\t\t\t\t<\/div>\n\t\t\t\t<\/div>\n\t\t\t\t<\/div>\n\t\t\t\t\t<\/div>\n\t\t\t\t<\/div>\n\t\t<div class=\"elementor-element elementor-element-77e9e23 e-grid e-con-boxed e-con e-child\" data-id=\"77e9e23\" data-element_type=\"container\" data-e-type=\"container\">\n\t\t\t\t\t<div class=\"e-con-inner\">\n\t\t<div class=\"elementor-element elementor-element-d855524 e-con-full e-flex e-con e-child\" data-id=\"d855524\" data-element_type=\"container\" data-e-type=\"container\">\n\t\t\t\t<div class=\"elementor-element elementor-element-f420aab elementor-widget elementor-widget-image\" data-id=\"f420aab\" data-element_type=\"widget\" data-e-type=\"widget\" data-widget_type=\"image.default\">\n\t\t\t\t<div class=\"elementor-widget-container\">\n\t\t\t\t\t\t\t\t\t\t\t\t\t\t\t<img decoding=\"async\" width=\"1024\" height=\"682\" src=\"https:\/\/www.cuesystem.com\/wp-content\/uploads\/2025\/08\/Grandhansa_paa-CC-1024x682.webp\" class=\"attachment-large size-large wp-image-32187\" alt=\"\" srcset=\"https:\/\/www.cuesystem.com\/wp-content\/uploads\/2025\/08\/Grandhansa_paa-CC-1024x682.webp 1024w, https:\/\/www.cuesystem.com\/wp-content\/uploads\/2025\/08\/Grandhansa_paa-CC-300x200.webp 300w, https:\/\/www.cuesystem.com\/wp-content\/uploads\/2025\/08\/Grandhansa_paa-CC.webp 1920w\" sizes=\"(max-width: 1024px) 100vw, 1024px\" \/>\t\t\t\t\t\t\t\t\t\t\t\t\t\t\t<\/div>\n\t\t\t\t<\/div>\n\t\t\t\t<\/div>\n\t\t<div class=\"elementor-element elementor-element-3784e43 e-con-full e-flex e-con e-child\" data-id=\"3784e43\" data-element_type=\"container\" data-e-type=\"container\">\n\t\t\t\t<div class=\"elementor-element elementor-element-3871a3f elementor-widget elementor-widget-heading\" data-id=\"3871a3f\" data-element_type=\"widget\" data-e-type=\"widget\" data-widget_type=\"heading.default\">\n\t\t\t\t<div class=\"elementor-widget-container\">\n\t\t\t\t\t<h2 class=\"elementor-heading-title elementor-size-default\">O hotelu Grand Hansa<\/h2>\t\t\t\t<\/div>\n\t\t\t\t<\/div>\n\t\t\t\t<div class=\"elementor-element elementor-element-81b7bf1 elementor-widget elementor-widget-text-editor\" data-id=\"81b7bf1\" data-element_type=\"widget\" data-e-type=\"widget\" data-widget_type=\"text-editor.default\">\n\t\t\t\t<div class=\"elementor-widget-container\">\n\t\t\t\t\t\t\t\t\t<p data-renderer-start-pos=\"675\">Provozov\u00e1no pod zna\u010dkou NH Collection, <a class=\"_mizu1p6i _1ah31bk5 _ra3xnqa1 _128m1bk5 _1cvmnqa1 _4davt94y _4bfu18uv _1hms8stv _ajmmnqa1 _vchhusvi _kqswh2mm _syaz14q2 _ect41gqc _1a3b18uv _4fpr8stv _5goinqa1 _f8pj14q2 _9oik18uv _1bnxglyw _jf4cnqa1 _30l314q2 _1nrm18uv _c2waglyw _1iohnqa1 _9h8h16c2 _1053w7te _1ienw7te _n0fxw7te _1vhvg3x0\" title=\"https:\/\/www.nh-collection.com\/en\/hotel\/nh-collection-helsinki-grand-hansa\" href=\"https:\/\/www.nh-collection.com\/en\/hotel\/nh-collection-helsinki-grand-hansa\" data-renderer-mark=\"true\" data-is-router-link=\"false\" data-testid=\"link-with-safety\"><strong data-renderer-mark=\"true\">Grand Hansa Hotel<\/strong><\/a> je <strong data-renderer-mark=\"true\">vlajkovou lod\u00ed p\u011btihv\u011bzdi\u010dkov\u00e9ho hotelu<\/strong> v centru <strong data-renderer-mark=\"true\">Helsinek<\/strong>. Hotel nab\u00edz\u00ed <strong data-renderer-mark=\"true\">229 pokoj\u016f<\/strong> a <strong data-renderer-mark=\"true\">\u0161irokou nab\u00eddku <\/strong> <strong data-renderer-mark=\"true\">konferen\u010dn\u00edch <\/strong>a <strong data-renderer-mark=\"true\">spole\u010densk\u00fdch prostor<\/strong> a je ur\u010den jak pro obchodn\u00ed cestuj\u00edc\u00ed, tak pro voln\u00fd \u010das. <\/p><p data-renderer-start-pos=\"924\">N\u00e1\u0161 <strong data-renderer-mark=\"true\">finsk\u00fd partner <\/strong><a class=\"_mizu1p6i _1ah31bk5 _ra3xnqa1 _128m1bk5 _1cvmnqa1 _4davt94y _4bfu18uv _1hms8stv _ajmmnqa1 _vchhusvi _kqswh2mm _syaz14q2 _ect41gqc _1a3b18uv _4fpr8stv _5goinqa1 _f8pj14q2 _9oik18uv _1bnxglyw _jf4cnqa1 _30l314q2 _1nrm18uv _c2waglyw _1iohnqa1 _9h8h16c2 _1053w7te _1ienw7te _n0fxw7te _1vhvg3x0\" title=\"https:\/\/electrowaves.fi\/en\/home\/\" href=\"https:\/\/electrowaves.fi\/en\/home\/\" data-renderer-mark=\"true\" data-is-router-link=\"false\" data-testid=\"link-with-safety\"><strong data-renderer-mark=\"true\">Electro Waves Oy<\/strong><\/a> se postaral o realizaci projektu.<\/p>\t\t\t\t\t\t\t\t<\/div>\n\t\t\t\t<\/div>\n\t\t\t\t<\/div>\n\t\t\t\t\t<\/div>\n\t\t\t\t<\/div>\n\t\t<div class=\"elementor-element elementor-element-9027ce5 e-grid e-con-boxed e-con e-child\" data-id=\"9027ce5\" data-element_type=\"container\" data-e-type=\"container\">\n\t\t\t\t\t<div class=\"e-con-inner\">\n\t\t<div class=\"elementor-element elementor-element-e285d9e e-con-full e-flex e-con e-child\" data-id=\"e285d9e\" data-element_type=\"container\" data-e-type=\"container\">\n\t\t\t\t<div class=\"elementor-element elementor-element-165b4cc elementor-widget elementor-widget-heading\" data-id=\"165b4cc\" data-element_type=\"widget\" data-e-type=\"widget\" data-widget_type=\"heading.default\">\n\t\t\t\t<div class=\"elementor-widget-container\">\n\t\t\t\t\t<h2 class=\"elementor-heading-title elementor-size-default\">Na\u0161e p\u0159edsevzet\u00ed<\/h2>\t\t\t\t<\/div>\n\t\t\t\t<\/div>\n\t\t\t\t<div class=\"elementor-element elementor-element-15b915c elementor-widget elementor-widget-text-editor\" data-id=\"15b915c\" data-element_type=\"widget\" data-e-type=\"widget\" data-widget_type=\"text-editor.default\">\n\t\t\t\t<div class=\"elementor-widget-container\">\n\t\t\t\t\t\t\t\t\t<p data-renderer-start-pos=\"1023\">Aby bylo zaji\u0161t\u011bno intuitivn\u00ed ovl\u00e1d\u00e1n\u00ed a spolehliv\u00e1 automatizace v cel\u00e9m objektu, byly do cel\u00e9ho projektu integrov\u00e1ny <strong data-renderer-mark=\"true\">\u0159\u00eddic\u00ed syst\u00e9my CUE<\/strong>. Tyto technologie umo\u017e\u0148uj\u00ed zam\u011bstnanc\u016fm hotelu a host\u016fm <strong data-renderer-mark=\"true\">snadno spravovat AV prost\u0159ed\u00ed<\/strong>: a\u0165 u\u017e se jedn\u00e1 o <strong data-renderer-mark=\"true\">obchodn\u00ed prezentaci<\/strong>, <strong data-renderer-mark=\"true\">soukromou ve\u010de\u0159i<\/strong> nebo <strong data-renderer-mark=\"true\">hybridn\u00ed setk\u00e1n\u00ed<\/strong>. <\/p><p data-renderer-start-pos=\"1322\"><strong data-renderer-mark=\"true\">Instalovan\u00e9 technologie CUE:<\/strong><\/p><ul class=\"ak-ul\" data-indent-level=\"1\"><li><p data-renderer-start-pos=\"1353\"><a class=\"_mizu1p6i _1ah31bk5 _ra3xnqa1 _128m1bk5 _1cvmnqa1 _4davt94y _4bfu18uv _1hms8stv _ajmmnqa1 _vchhusvi _kqswh2mm _syaz14q2 _ect41gqc _1a3b18uv _4fpr8stv _5goinqa1 _f8pj14q2 _9oik18uv _1bnxglyw _jf4cnqa1 _30l314q2 _1nrm18uv _c2waglyw _1iohnqa1 _9h8h16c2 _1053w7te _1ienw7te _n0fxw7te _1vhvg3x0\" title=\"https:\/\/docs.cuesystem.com\/space\/PRODUCTS\/490242076\" href=\"https:\/\/docs.cuesystem.com\/space\/PRODUCTS\/490242076\" data-renderer-mark=\"true\" data-is-router-link=\"false\" data-testid=\"link-with-safety\"><strong data-renderer-mark=\"true\">touchCUE-7-M<\/strong><\/a> dotykov\u00e9 panely<\/p><\/li><li><p data-renderer-start-pos=\"1382\"><a class=\"_mizu1p6i _1ah31bk5 _ra3xnqa1 _128m1bk5 _1cvmnqa1 _4davt94y _4bfu18uv _1hms8stv _ajmmnqa1 _vchhusvi _kqswh2mm _syaz14q2 _ect41gqc _1a3b18uv _4fpr8stv _5goinqa1 _f8pj14q2 _9oik18uv _1bnxglyw _jf4cnqa1 _30l314q2 _1nrm18uv _c2waglyw _1iohnqa1 _9h8h16c2 _1053w7te _1ienw7te _n0fxw7te _1vhvg3x0\" title=\"https:\/\/docs.cuesystem.com\/space\/PRODUCTS\/484704416\" href=\"https:\/\/docs.cuesystem.com\/space\/PRODUCTS\/484704416\" data-renderer-mark=\"true\" data-is-router-link=\"false\" data-testid=\"link-with-safety\"><strong data-renderer-mark=\"true\">touchCUE-10<\/strong><\/a> panely<\/p><\/li><li><p data-renderer-start-pos=\"1404\"><a class=\"_mizu1p6i _1ah31bk5 _ra3xnqa1 _128m1bk5 _1cvmnqa1 _4davt94y _4bfu18uv _1hms8stv _ajmmnqa1 _vchhusvi _kqswh2mm _syaz14q2 _ect41gqc _1a3b18uv _4fpr8stv _5goinqa1 _f8pj14q2 _9oik18uv _1bnxglyw _jf4cnqa1 _30l314q2 _1nrm18uv _c2waglyw _1iohnqa1 _9h8h16c2 _1053w7te _1ienw7te _n0fxw7te _1vhvg3x0\" title=\"https:\/\/docs.cuesystem.com\/space\/PRODUCTS\/487981257\" href=\"https:\/\/docs.cuesystem.com\/space\/PRODUCTS\/487981257\" data-renderer-mark=\"true\" data-is-router-link=\"false\" data-testid=\"link-with-safety\"><strong data-renderer-mark=\"true\">controlCUE-dva<\/strong><\/a> ovlada\u010d\u016f<\/p><\/li><li><p data-renderer-start-pos=\"1434\"><a class=\"_mizu1p6i _1ah31bk5 _ra3xnqa1 _128m1bk5 _1cvmnqa1 _4davt94y _4bfu18uv _1hms8stv _ajmmnqa1 _vchhusvi _kqswh2mm _syaz14q2 _ect41gqc _1a3b18uv _4fpr8stv _5goinqa1 _f8pj14q2 _9oik18uv _1bnxglyw _jf4cnqa1 _30l314q2 _1nrm18uv _c2waglyw _1iohnqa1 _9h8h16c2 _1053w7te _1ienw7te _n0fxw7te _1vhvg3x0\" title=\"https:\/\/docs.cuesystem.com\/space\/PRODUCTS\/483885057\" href=\"https:\/\/docs.cuesystem.com\/space\/PRODUCTS\/483885057\" data-renderer-mark=\"true\" data-is-router-link=\"false\" data-testid=\"link-with-safety\"><strong data-renderer-mark=\"true\">controlCUE-KNX<\/strong><\/a> pro syst\u00e9movou integraci v budov\u00e1ch<\/p><\/li><\/ul>\t\t\t\t\t\t\t\t<\/div>\n\t\t\t\t<\/div>\n\t\t\t\t<\/div>\n\t\t<div class=\"elementor-element elementor-element-86bd9d0 e-con-full e-flex e-con e-child\" data-id=\"86bd9d0\" data-element_type=\"container\" data-e-type=\"container\">\n\t\t\t\t<div class=\"elementor-element elementor-element-389e975 elementor-widget elementor-widget-image\" data-id=\"389e975\" data-element_type=\"widget\" data-e-type=\"widget\" data-widget_type=\"image.default\">\n\t\t\t\t<div class=\"elementor-widget-container\">\n\t\t\t\t\t\t\t\t\t\t\t\t<figure class=\"wp-caption\">\n\t\t\t\t\t\t\t\t\t\t<img decoding=\"async\" width=\"700\" height=\"466\" src=\"https:\/\/www.cuesystem.com\/wp-content\/uploads\/2025\/08\/MeetingRoom_Wilhelm.webp\" class=\"attachment-large size-large wp-image-32182\" alt=\"\" srcset=\"https:\/\/www.cuesystem.com\/wp-content\/uploads\/2025\/08\/MeetingRoom_Wilhelm.webp 700w, https:\/\/www.cuesystem.com\/wp-content\/uploads\/2025\/08\/MeetingRoom_Wilhelm-300x200.webp 300w\" sizes=\"(max-width: 700px) 100vw, 700px\" \/>\t\t\t\t\t\t\t\t\t\t\t<figcaption class=\"widget-image-caption wp-caption-text\">Zasedac\u00ed m\u00edstnost<\/figcaption>\n\t\t\t\t\t\t\t\t\t\t<\/figure>\n\t\t\t\t\t\t\t\t\t<\/div>\n\t\t\t\t<\/div>\n\t\t\t\t<\/div>\n\t\t\t\t\t<\/div>\n\t\t\t\t<\/div>\n\t\t<div class=\"elementor-element elementor-element-2841d29 e-grid e-con-boxed e-con e-child\" data-id=\"2841d29\" data-element_type=\"container\" data-e-type=\"container\">\n\t\t\t\t\t<div class=\"e-con-inner\">\n\t\t<div class=\"elementor-element elementor-element-d6879f8 e-con-full e-flex e-con e-child\" data-id=\"d6879f8\" data-element_type=\"container\" data-e-type=\"container\">\n\t\t\t\t<div class=\"elementor-element elementor-element-b247769 elementor-widget elementor-widget-image\" data-id=\"b247769\" data-element_type=\"widget\" data-e-type=\"widget\" data-widget_type=\"image.default\">\n\t\t\t\t<div class=\"elementor-widget-container\">\n\t\t\t\t\t\t\t\t\t\t\t\t<figure class=\"wp-caption\">\n\t\t\t\t\t\t\t\t\t\t<img loading=\"lazy\" decoding=\"async\" width=\"700\" height=\"466\" src=\"https:\/\/www.cuesystem.com\/wp-content\/uploads\/2025\/08\/Foyer_Digital-Signage.webp\" class=\"attachment-large size-large wp-image-32172\" alt=\"\" srcset=\"https:\/\/www.cuesystem.com\/wp-content\/uploads\/2025\/08\/Foyer_Digital-Signage.webp 700w, https:\/\/www.cuesystem.com\/wp-content\/uploads\/2025\/08\/Foyer_Digital-Signage-300x200.webp 300w\" sizes=\"(max-width: 700px) 100vw, 700px\" \/>\t\t\t\t\t\t\t\t\t\t\t<figcaption class=\"widget-image-caption wp-caption-text\">Spole\u010dn\u00fd prostor<\/figcaption>\n\t\t\t\t\t\t\t\t\t\t<\/figure>\n\t\t\t\t\t\t\t\t\t<\/div>\n\t\t\t\t<\/div>\n\t\t\t\t<\/div>\n\t\t<div class=\"elementor-element elementor-element-799a363 e-con-full e-flex e-con e-child\" data-id=\"799a363\" data-element_type=\"container\" data-e-type=\"container\">\n\t\t\t\t<div class=\"elementor-element elementor-element-6f4d6d4 elementor-widget elementor-widget-text-editor\" data-id=\"6f4d6d4\" data-element_type=\"widget\" data-e-type=\"widget\" data-widget_type=\"text-editor.default\">\n\t\t\t\t<div class=\"elementor-widget-container\">\n\t\t\t\t\t\t\t\t\t<p data-renderer-start-pos=\"1531\">V kombinaci s v\u011bt\u0161\u00edm AV syst\u00e9mem <strong data-renderer-mark=\"true\">umo\u017e\u0148uj\u00ed<\/strong> komponenty CUE <strong data-renderer-mark=\"true\">centralizovan\u00e9<\/strong> a <strong data-renderer-mark=\"true\">m\u00edstn\u00ed ovl\u00e1d\u00e1n\u00ed<\/strong> v:<\/p><ul class=\"ak-ul\" data-indent-level=\"1\"><li><p data-renderer-start-pos=\"1640\"><strong data-renderer-mark=\"true\">\u0161pi\u010dkov\u00e9 zasedac\u00ed m\u00edstnosti <\/strong>(v\u010detn\u011b p\u016fsobiv\u00e9 <strong data-renderer-mark=\"true\">m\u00edstnosti Socis<\/strong> se zak\u0159ivenou LED st\u011bnou).<\/p><\/li><li><p data-renderer-start-pos=\"1727\"><strong data-renderer-mark=\"true\">Tane\u010dn\u00ed s\u00e1l<\/strong>, kter\u00fd se pou\u017e\u00edv\u00e1 pro akce a konference.<\/p><\/li><li><p data-renderer-start-pos=\"1776\">Podkresov\u00e1 hudba a informa\u010dn\u00ed syst\u00e9my ve ve\u0159ejn\u00fdch prostor\u00e1ch<\/p><\/li><li><p data-renderer-start-pos=\"1832\">Velk\u00e1 apartm\u00e1 a mana\u017eersk\u00e9 prostory<\/p><\/li><\/ul>\t\t\t\t\t\t\t\t<\/div>\n\t\t\t\t<\/div>\n\t\t\t\t<\/div>\n\t\t\t\t\t<\/div>\n\t\t\t\t<\/div>\n\t\t<div class=\"elementor-element elementor-element-1df0603 e-grid e-con-boxed e-con e-child\" data-id=\"1df0603\" data-element_type=\"container\" data-e-type=\"container\">\n\t\t\t\t\t<div class=\"e-con-inner\">\n\t\t<div class=\"elementor-element elementor-element-02abb3c e-con-full e-flex e-con e-child\" data-id=\"02abb3c\" data-element_type=\"container\" data-e-type=\"container\">\n\t\t\t\t<div class=\"elementor-element elementor-element-66b3c4b elementor-widget elementor-widget-text-editor\" data-id=\"66b3c4b\" data-element_type=\"widget\" data-e-type=\"widget\" data-widget_type=\"text-editor.default\">\n\t\t\t\t<div class=\"elementor-widget-container\">\n\t\t\t\t\t\t\t\t\t<p data-renderer-start-pos=\"1873\">D\u00edky <strong data-renderer-mark=\"true\">flexibilit\u011b <\/strong>a <strong data-renderer-mark=\"true\">snadn\u00e9mu pou\u017eit\u00ed<\/strong> syst\u00e9mu CUE m\u016f\u017ee hotel nyn\u00ed nab\u00eddnout <strong data-renderer-mark=\"true\">host\u016fm bezprobl\u00e9mov\u00fd z\u00e1\u017eitek <\/strong>a z\u00e1rove\u0148 poskytnout person\u00e1lu <strong data-renderer-mark=\"true\">plnou kontrolu nad AV syst\u00e9my v<\/strong> cel\u00e9m objektu: z dotykov\u00fdch panel\u016f nebo na d\u00e1lku.<\/p><p data-renderer-start-pos=\"2077\">V\u00fdsledkem je elegantn\u00ed integrace <strong data-renderer-mark=\"true\">modern\u00edch technologi\u00ed do prostor bohat\u00fdch na kulturn\u00ed d\u011bdictv\u00ed<\/strong>, d\u00edky \u010demu\u017e je <a class=\"_mizu1p6i _1ah31bk5 _ra3xnqa1 _128m1bk5 _1cvmnqa1 _4davt94y _4bfu18uv _1hms8stv _ajmmnqa1 _vchhusvi _kqswh2mm _syaz14q2 _ect41gqc _1a3b18uv _4fpr8stv _5goinqa1 _f8pj14q2 _9oik18uv _1bnxglyw _jf4cnqa1 _30l314q2 _1nrm18uv _c2waglyw _1iohnqa1 _9h8h16c2 _1053w7te _1ienw7te _n0fxw7te _1vhvg3x0\" title=\"https:\/\/www.nh-collection.com\/en\/hotel\/nh-collection-helsinki-grand-hansa\" href=\"https:\/\/www.nh-collection.com\/en\/hotel\/nh-collection-helsinki-grand-hansa\" data-renderer-mark=\"true\" data-is-router-link=\"false\" data-testid=\"link-with-safety\">Grand Hansa Hotel<\/a> p\u0159ipraven na dne\u0161n\u00ed po\u017eadavky a budouc\u00ed o\u010dek\u00e1v\u00e1n\u00ed.<\/p>\t\t\t\t\t\t\t\t<\/div>\n\t\t\t\t<\/div>\n\t\t\t\t<\/div>\n\t\t<div class=\"elementor-element elementor-element-dfed210 e-con-full e-flex e-con e-child\" data-id=\"dfed210\" data-element_type=\"container\" data-e-type=\"container\">\n\t\t\t\t<div class=\"elementor-element elementor-element-1313755 elementor-widget elementor-widget-image\" data-id=\"1313755\" data-element_type=\"widget\" data-e-type=\"widget\" data-widget_type=\"image.default\">\n\t\t\t\t<div class=\"elementor-widget-container\">\n\t\t\t\t\t\t\t\t\t\t\t\t<figure class=\"wp-caption\">\n\t\t\t\t\t\t\t\t\t\t<img loading=\"lazy\" decoding=\"async\" width=\"700\" height=\"466\" src=\"https:\/\/www.cuesystem.com\/wp-content\/uploads\/2025\/08\/Ballroom-valkokankaat.webp\" class=\"attachment-large size-large wp-image-32167\" alt=\"\" srcset=\"https:\/\/www.cuesystem.com\/wp-content\/uploads\/2025\/08\/Ballroom-valkokankaat.webp 700w, https:\/\/www.cuesystem.com\/wp-content\/uploads\/2025\/08\/Ballroom-valkokankaat-300x200.webp 300w\" sizes=\"(max-width: 700px) 100vw, 700px\" \/>\t\t\t\t\t\t\t\t\t\t\t<figcaption class=\"widget-image-caption wp-caption-text\">Plesov\u00fd s\u00e1l<\/figcaption>\n\t\t\t\t\t\t\t\t\t\t<\/figure>\n\t\t\t\t\t\t\t\t\t<\/div>\n\t\t\t\t<\/div>\n\t\t\t\t<\/div>\n\t\t\t\t\t<\/div>\n\t\t\t\t<\/div>\n\t\t\t\t<\/div>\n\t\t<div class=\"elementor-element elementor-element-0541ade e-flex e-con-boxed e-con e-parent\" data-id=\"0541ade\" data-element_type=\"container\" data-e-type=\"container\">\n\t\t\t\t\t<div class=\"e-con-inner\">\n\t\t\t\t<div class=\"elementor-element elementor-element-d2c400f elementor-widget elementor-widget-heading\" data-id=\"d2c400f\" data-element_type=\"widget\" data-e-type=\"widget\" data-widget_type=\"heading.default\">\n\t\t\t\t<div class=\"elementor-widget-container\">\n\t\t\t\t\t<h2 class=\"elementor-heading-title elementor-size-default\"><a href=\"https:\/\/electrowaves.fi\/en\/grand-hansa-hotel\/\">V\u00edce o tomto projektu<\/a><\/h2>\t\t\t\t<\/div>\n\t\t\t\t<\/div>\n\t\t\t\t\t<\/div>\n\t\t\t\t<\/div>\n\t\t\t\t<\/div>\n\t\t","protected":false},"excerpt":{"rendered":"<p>P\u0159\u00edpadov\u00e1 studie Grand Hansa Hotel V\u00fdzva Nov\u011b otev\u0159en\u00fd Grand Hansa Hotel v centru Helsinek si dal za c\u00edl nab\u00eddnout host\u016fm p\u011btihv\u011bzdi\u010dkov\u00fd z\u00e1\u017eitek, kter\u00fd v sob\u011b spojuje nad\u010dasovou eleganci a nejmodern\u011bj\u0161\u00ed technologie. Aby hotel splnil modern\u00ed po\u017eadavky, pot\u0159eboval robustn\u00ed AV a \u0159\u00eddic\u00ed \u0159e\u0161en\u00ed, kter\u00e9 by pokrylo \u0161irokou \u0161k\u00e1lu prostor, v\u010detn\u011b: Plesov\u00fd s\u00e1l a \u0161pi\u010dkov\u00e9 zasedac\u00ed m\u00edstnosti <a href=\"https:\/\/www.cuesystem.com\/cs\/pripadove-studie\/grand-hansa-hotel\/\" class=\"more-link\">&#8230;<span class=\"screen-reader-text\">  Grand Hansa Hotel<\/span><\/a><\/p>\n","protected":false},"author":11,"featured_media":0,"parent":29856,"menu_order":147,"comment_status":"closed","ping_status":"closed","template":"","meta":{"_acf_changed":false,"inline_featured_image":false,"footnotes":""},"kategorie":[],"class_list":["post-32210","page","type-page","status-publish","hentry"],"acf":[],"_links":{"self":[{"href":"https:\/\/www.cuesystem.com\/cs\/wp-json\/wp\/v2\/pages\/32210","targetHints":{"allow":["GET"]}}],"collection":[{"href":"https:\/\/www.cuesystem.com\/cs\/wp-json\/wp\/v2\/pages"}],"about":[{"href":"https:\/\/www.cuesystem.com\/cs\/wp-json\/wp\/v2\/types\/page"}],"author":[{"embeddable":true,"href":"https:\/\/www.cuesystem.com\/cs\/wp-json\/wp\/v2\/users\/11"}],"replies":[{"embeddable":true,"href":"https:\/\/www.cuesystem.com\/cs\/wp-json\/wp\/v2\/comments?post=32210"}],"version-history":[{"count":3,"href":"https:\/\/www.cuesystem.com\/cs\/wp-json\/wp\/v2\/pages\/32210\/revisions"}],"predecessor-version":[{"id":32213,"href":"https:\/\/www.cuesystem.com\/cs\/wp-json\/wp\/v2\/pages\/32210\/revisions\/32213"}],"up":[{"embeddable":true,"href":"https:\/\/www.cuesystem.com\/cs\/wp-json\/wp\/v2\/pages\/29856"}],"wp:attachment":[{"href":"https:\/\/www.cuesystem.com\/cs\/wp-json\/wp\/v2\/media?parent=32210"}],"wp:term":[{"taxonomy":"kategorie","embeddable":true,"href":"https:\/\/www.cuesystem.com\/cs\/wp-json\/wp\/v2\/kategorie?post=32210"}],"curies":[{"name":"wp","href":"https:\/\/api.w.org\/{rel}","templated":true}]}}