{"id":32228,"date":"2025-08-18T15:44:51","date_gmt":"2025-08-18T13:44:51","guid":{"rendered":"https:\/\/www.cuesystem.com\/co-je-noveho\/cue-na-dtu-2025\/"},"modified":"2025-08-19T13:26:48","modified_gmt":"2025-08-19T11:26:48","slug":"cue-na-dtu-2025","status":"publish","type":"page","link":"https:\/\/www.cuesystem.com\/cs\/co-je-noveho\/cue-na-dtu-2025\/","title":{"rendered":"CUE na DTU 2025"},"content":{"rendered":"\t\t<div data-elementor-type=\"wp-page\" data-elementor-id=\"32228\" class=\"elementor elementor-32228 elementor-32126\" data-elementor-post-type=\"page\">\n\t\t\t\t<div class=\"elementor-element elementor-element-ee5dd2a e-con-full e-flex e-con e-child\" data-id=\"ee5dd2a\" data-element_type=\"container\" data-e-type=\"container\">\n\t\t\t\t<div class=\"elementor-element elementor-element-3f54a66 elementor-widget elementor-widget-heading\" data-id=\"3f54a66\" data-element_type=\"widget\" data-e-type=\"widget\" data-widget_type=\"heading.default\">\n\t\t\t\t<div class=\"elementor-widget-container\">\n\t\t\t\t\t<h3 class=\"elementor-heading-title elementor-size-default\">Ud\u00e1losti<\/h3>\t\t\t\t<\/div>\n\t\t\t\t<\/div>\n\t\t\t\t<div class=\"elementor-element elementor-element-15d3498 elementor-widget elementor-widget-heading\" data-id=\"15d3498\" data-element_type=\"widget\" data-e-type=\"widget\" data-widget_type=\"heading.default\">\n\t\t\t\t<div class=\"elementor-widget-container\">\n\t\t\t\t\t<h1 class=\"elementor-heading-title elementor-size-default\">CUE na DTU 2025<\/h1>\t\t\t\t<\/div>\n\t\t\t\t<\/div>\n\t\t\t\t<div class=\"elementor-element elementor-element-f9558da elementor-widget-divider--view-line elementor-widget elementor-widget-divider\" data-id=\"f9558da\" data-element_type=\"widget\" data-e-type=\"widget\" data-widget_type=\"divider.default\">\n\t\t\t\t<div class=\"elementor-widget-container\">\n\t\t\t\t\t\t\t<div class=\"elementor-divider\">\n\t\t\t<span class=\"elementor-divider-separator\">\n\t\t\t\t\t\t<\/span>\n\t\t<\/div>\n\t\t\t\t\t\t<\/div>\n\t\t\t\t<\/div>\n\t\t<div class=\"elementor-element elementor-element-1da5e70 e-grid e-con-boxed e-con e-child\" data-id=\"1da5e70\" data-element_type=\"container\" data-e-type=\"container\">\n\t\t\t\t\t<div class=\"e-con-inner\">\n\t\t<div class=\"elementor-element elementor-element-cafd5a0 e-con-full e-flex e-con e-child\" data-id=\"cafd5a0\" data-element_type=\"container\" data-e-type=\"container\">\n\t\t\t\t<div class=\"elementor-element elementor-element-371961c elementor-widget elementor-widget-text-editor\" data-id=\"371961c\" data-element_type=\"widget\" data-e-type=\"widget\" data-widget_type=\"text-editor.default\">\n\t\t\t\t<div class=\"elementor-widget-container\">\n\t\t\t\t\t\t\t\t\t<p data-renderer-start-pos=\"137\">S pot\u011b\u0161en\u00edm oznamujeme, \u017ee CUE bude sou\u010d\u00e1st\u00ed nadch\u00e1zej\u00edc\u00ed konference <em data-renderer-mark=\"true\">Digit\u00e1ln\u00ed transformace vysok\u00fdch \u0161kol<\/em>, kter\u00e1 se uskute\u010dn\u00ed <strong data-renderer-mark=\"true\">10. z\u00e1\u0159\u00ed 2025<\/strong> v aule Arno\u0161ta z Pardubic na Univerzit\u011b Pardubice.<\/p><p data-renderer-start-pos=\"346\">M\u016f\u017eete se s n\u00e1mi setkat na st\u00e1nku na\u0161eho \u010desk\u00e9ho distributora <strong data-renderer-mark=\"true\"><span data-highlighted=\"true\" data-vc=\"highlighted-text\"><span class=\"_kqswh2mm\"><span class=\"_5pioz8co _189eyh40 _1il9buyh _19lcevot _d0altlke\" data-testid=\"definition-highlighter\">AV<\/span><\/span><\/span> Media<\/strong>, kter\u00fd je rovn\u011b\u017e partnerem akce. Spole\u010dnost CUE zde bude zastupovat <strong data-renderer-mark=\"true\">Jaroslav Dibitanzl, p\u0159edseda p\u0159edstavenstva<\/strong>. <\/p>\t\t\t\t\t\t\t\t<\/div>\n\t\t\t\t<\/div>\n\t\t\t\t<\/div>\n\t\t<div class=\"elementor-element elementor-element-ff033a0 e-con-full e-flex e-con e-child\" data-id=\"ff033a0\" data-element_type=\"container\" data-e-type=\"container\">\n\t\t\t\t<div class=\"elementor-element elementor-element-e36b8ce elementor-widget elementor-widget-image\" data-id=\"e36b8ce\" data-element_type=\"widget\" data-e-type=\"widget\" data-widget_type=\"image.default\">\n\t\t\t\t<div class=\"elementor-widget-container\">\n\t\t\t\t\t\t\t\t\t\t\t\t\t\t\t<img fetchpriority=\"high\" decoding=\"async\" width=\"1024\" height=\"683\" src=\"https:\/\/www.cuesystem.com\/wp-content\/uploads\/2025\/08\/DSC_8175.jpg-1024x683.webp\" class=\"attachment-large size-large wp-image-32132\" alt=\"\" srcset=\"https:\/\/www.cuesystem.com\/wp-content\/uploads\/2025\/08\/DSC_8175.jpg-1024x683.webp 1024w, https:\/\/www.cuesystem.com\/wp-content\/uploads\/2025\/08\/DSC_8175.jpg-300x200.webp 300w, https:\/\/www.cuesystem.com\/wp-content\/uploads\/2025\/08\/DSC_8175.jpg.webp 1920w\" sizes=\"(max-width: 1024px) 100vw, 1024px\" \/>\t\t\t\t\t\t\t\t\t\t\t\t\t\t\t<\/div>\n\t\t\t\t<\/div>\n\t\t\t\t<\/div>\n\t\t\t\t\t<\/div>\n\t\t\t\t<\/div>\n\t\t<div class=\"elementor-element elementor-element-d7cd6ef e-flex e-con-boxed e-con e-child\" data-id=\"d7cd6ef\" data-element_type=\"container\" data-e-type=\"container\">\n\t\t\t\t\t<div class=\"e-con-inner\">\n\t\t<div class=\"elementor-element elementor-element-eee8373 e-grid e-con-full e-con e-child\" data-id=\"eee8373\" data-element_type=\"container\" data-e-type=\"container\">\n\t\t<div class=\"elementor-element elementor-element-92d208f e-con-full e-flex e-con e-child\" data-id=\"92d208f\" data-element_type=\"container\" data-e-type=\"container\">\n\t\t\t\t<div class=\"elementor-element elementor-element-f8359be elementor-widget elementor-widget-image\" data-id=\"f8359be\" data-element_type=\"widget\" data-e-type=\"widget\" data-widget_type=\"image.default\">\n\t\t\t\t<div class=\"elementor-widget-container\">\n\t\t\t\t\t\t\t\t\t\t\t\t\t\t\t<img decoding=\"async\" width=\"1024\" height=\"683\" src=\"https:\/\/www.cuesystem.com\/wp-content\/uploads\/2025\/08\/DSC_8722.jpg-1024x683.webp\" class=\"attachment-large size-large wp-image-32137\" alt=\"\" srcset=\"https:\/\/www.cuesystem.com\/wp-content\/uploads\/2025\/08\/DSC_8722.jpg-1024x683.webp 1024w, https:\/\/www.cuesystem.com\/wp-content\/uploads\/2025\/08\/DSC_8722.jpg-300x200.webp 300w, https:\/\/www.cuesystem.com\/wp-content\/uploads\/2025\/08\/DSC_8722.jpg.webp 1920w\" sizes=\"(max-width: 1024px) 100vw, 1024px\" \/>\t\t\t\t\t\t\t\t\t\t\t\t\t\t\t<\/div>\n\t\t\t\t<\/div>\n\t\t\t\t<\/div>\n\t\t<div class=\"elementor-element elementor-element-2a02dc3 e-con-full e-flex e-con e-child\" data-id=\"2a02dc3\" data-element_type=\"container\" data-e-type=\"container\">\n\t\t\t\t<div class=\"elementor-element elementor-element-e36630d elementor-widget elementor-widget-text-editor\" data-id=\"e36630d\" data-element_type=\"widget\" data-e-type=\"widget\" data-widget_type=\"text-editor.default\">\n\t\t\t\t<div class=\"elementor-widget-container\">\n\t\t\t\t\t\t\t\t\t<p data-renderer-start-pos=\"528\">Konference, kterou po\u0159\u00e1d\u00e1 Univerzita Pardubice pod z\u00e1\u0161titou Ministerstva \u0161kolstv\u00ed, ml\u00e1de\u017ee a t\u011blov\u00fdchovy (M\u0160MT) a Ministerstva \u0161kolstv\u00ed, ml\u00e1de\u017ee a t\u011blov\u00fdchovy (M\u0160MT), se kon\u00e1 v prostor\u00e1ch Univerzity Pardubice. <span data-highlighted=\"true\" data-vc=\"highlighted-text\"><span class=\"_kqswh2mm\"><span class=\"_5pioz8co _189eyh40 _1il9buyh _19lcevot _d0altlke\" data-testid=\"definition-highlighter\">EUNIS<\/span><\/span><\/span>, sdru\u017euje veden\u00ed univerzit, odborn\u00edky z oblasti informa\u010dn\u00edch technologi\u00ed a st\u00e1tn\u00edch instituc\u00ed. Zam\u011b\u0159uje se na strategick\u00e9 a technologick\u00e9 aspekty digitalizace, od \u0159\u00edzen\u00ed proces\u016f a legislativn\u00edho r\u00e1mce a\u017e po datovou analytiku a kybernetickou bezpe\u010dnost. <\/p><p data-renderer-start-pos=\"902\">T\u011b\u0161\u00edme se, \u017ee se zapoj\u00edme do t\u00e9to d\u016fle\u017eit\u00e9 diskuse o budoucnosti digit\u00e1ln\u00ed transformace ve vysoko\u0161kolsk\u00e9m vzd\u011bl\u00e1v\u00e1n\u00ed.<\/p><p data-renderer-start-pos=\"902\"><strong>V\u00edce o t\u00e9to ud\u00e1losti na <a class=\"_mizu1p6i _1ah31bk5 _ra3xnqa1 _128m1bk5 _1cvmnqa1 _4davt94y _4bfu18uv _1hms8stv _ajmmnqa1 _vchhusvi _kqswh2mm _syaz14q2 _ect41gqc _1a3b18uv _4fpr8stv _5goinqa1 _f8pj14q2 _9oik18uv _1bnxglyw _jf4cnqa1 _30l314q2 _1nrm18uv _c2waglyw _1iohnqa1 _9h8h16c2 _1053w7te _1ienw7te _n0fxw7te _1vhvg3x0\" title=\"https:\/\/digitalni-transformace-univerzit.cz\/\" href=\"https:\/\/digitalni-transformace-univerzit.cz\/\" data-renderer-mark=\"true\" data-is-router-link=\"false\" data-testid=\"link-with-safety\">https:\/\/digitalni-transformace-univerzit.cz\/<\/a>.<\/strong><\/p>\t\t\t\t\t\t\t\t<\/div>\n\t\t\t\t<\/div>\n\t\t\t\t<\/div>\n\t\t\t\t<\/div>\n\t\t\t\t\t<\/div>\n\t\t\t\t<\/div>\n\t\t\t\t<\/div>\n\t\t\t\t<\/div>\n\t\t","protected":false},"excerpt":{"rendered":"<p>Ud\u00e1losti CUE na DTU 2025 S pot\u011b\u0161en\u00edm oznamujeme, \u017ee CUE bude sou\u010d\u00e1st\u00ed nadch\u00e1zej\u00edc\u00ed konference Digit\u00e1ln\u00ed transformace vysok\u00fdch \u0161kol, kter\u00e1 se uskute\u010dn\u00ed 10. z\u00e1\u0159\u00ed 2025 v aule Arno\u0161ta z Pardubic na Univerzit\u011b Pardubice. M\u016f\u017eete se s n\u00e1mi setkat na st\u00e1nku na\u0161eho \u010desk\u00e9ho distributora AV Media, kter\u00fd je rovn\u011b\u017e partnerem akce. Spole\u010dnost CUE zde bude zastupovat Jaroslav <a href=\"https:\/\/www.cuesystem.com\/cs\/co-je-noveho\/cue-na-dtu-2025\/\" class=\"more-link\">&#8230;<span class=\"screen-reader-text\">  CUE na DTU 2025<\/span><\/a><\/p>\n","protected":false},"author":11,"featured_media":0,"parent":31296,"menu_order":153,"comment_status":"closed","ping_status":"closed","template":"","meta":{"_acf_changed":false,"inline_featured_image":false,"footnotes":""},"kategorie":[],"class_list":["post-32228","page","type-page","status-publish","hentry"],"acf":[],"_links":{"self":[{"href":"https:\/\/www.cuesystem.com\/cs\/wp-json\/wp\/v2\/pages\/32228","targetHints":{"allow":["GET"]}}],"collection":[{"href":"https:\/\/www.cuesystem.com\/cs\/wp-json\/wp\/v2\/pages"}],"about":[{"href":"https:\/\/www.cuesystem.com\/cs\/wp-json\/wp\/v2\/types\/page"}],"author":[{"embeddable":true,"href":"https:\/\/www.cuesystem.com\/cs\/wp-json\/wp\/v2\/users\/11"}],"replies":[{"embeddable":true,"href":"https:\/\/www.cuesystem.com\/cs\/wp-json\/wp\/v2\/comments?post=32228"}],"version-history":[{"count":1,"href":"https:\/\/www.cuesystem.com\/cs\/wp-json\/wp\/v2\/pages\/32228\/revisions"}],"predecessor-version":[{"id":32229,"href":"https:\/\/www.cuesystem.com\/cs\/wp-json\/wp\/v2\/pages\/32228\/revisions\/32229"}],"up":[{"embeddable":true,"href":"https:\/\/www.cuesystem.com\/cs\/wp-json\/wp\/v2\/pages\/31296"}],"wp:attachment":[{"href":"https:\/\/www.cuesystem.com\/cs\/wp-json\/wp\/v2\/media?parent=32228"}],"wp:term":[{"taxonomy":"kategorie","embeddable":true,"href":"https:\/\/www.cuesystem.com\/cs\/wp-json\/wp\/v2\/kategorie?post=32228"}],"curies":[{"name":"wp","href":"https:\/\/api.w.org\/{rel}","templated":true}]}}