{"id":32848,"date":"2025-09-30T14:41:01","date_gmt":"2025-09-30T12:41:01","guid":{"rendered":"https:\/\/www.cuesystem.com\/mounting-adapter-10-volnost-pri-montazi-panelu\/"},"modified":"2025-09-30T16:50:11","modified_gmt":"2025-09-30T14:50:11","slug":"mounting-adapter-10-volnost-pri-montazi-panelu","status":"publish","type":"page","link":"https:\/\/www.cuesystem.com\/cs\/co-je-noveho\/mounting-adapter-10-volnost-pri-montazi-panelu\/","title":{"rendered":"Mounting Adapter 10: Volnost p\u0159i mont\u00e1\u017ei panel\u016f"},"content":{"rendered":"\t\t<div data-elementor-type=\"wp-page\" data-elementor-id=\"32848\" class=\"elementor elementor-32848 elementor-32790\" data-elementor-post-type=\"page\">\n\t\t\t\t<div class=\"elementor-element elementor-element-722b1de e-con-full e-flex e-con e-child\" data-id=\"722b1de\" data-element_type=\"container\" data-e-type=\"container\">\n\t\t\t\t<div class=\"elementor-element elementor-element-a2722b8 elementor-widget elementor-widget-heading\" data-id=\"a2722b8\" data-element_type=\"widget\" data-e-type=\"widget\" data-widget_type=\"heading.default\">\n\t\t\t\t<div class=\"elementor-widget-container\">\n\t\t\t\t\t<h3 class=\"elementor-heading-title elementor-size-default\">Nov\u00e9 produkty<\/h3>\t\t\t\t<\/div>\n\t\t\t\t<\/div>\n\t\t\t\t<div class=\"elementor-element elementor-element-5964008 elementor-widget elementor-widget-heading\" data-id=\"5964008\" data-element_type=\"widget\" data-e-type=\"widget\" data-widget_type=\"heading.default\">\n\t\t\t\t<div class=\"elementor-widget-container\">\n\t\t\t\t\t<h1 class=\"elementor-heading-title elementor-size-default\">Mounting Adapter 10:<\/h1>\t\t\t\t<\/div>\n\t\t\t\t<\/div>\n\t\t\t\t<div class=\"elementor-element elementor-element-27e6054 elementor-widget elementor-widget-heading\" data-id=\"27e6054\" data-element_type=\"widget\" data-e-type=\"widget\" data-widget_type=\"heading.default\">\n\t\t\t\t<div class=\"elementor-widget-container\">\n\t\t\t\t\t<h2 class=\"elementor-heading-title elementor-size-default\"><i>Volnost p\u0159i mont\u00e1\u017ei panel\u016f<\/i><\/h2>\t\t\t\t<\/div>\n\t\t\t\t<\/div>\n\t\t<div class=\"elementor-element elementor-element-efd1b25 e-flex e-con-boxed e-con e-child\" data-id=\"efd1b25\" data-element_type=\"container\" data-e-type=\"container\" data-settings=\"{&quot;background_background&quot;:&quot;classic&quot;}\">\n\t\t\t\t\t<div class=\"e-con-inner\">\n\t\t\t\t<div class=\"elementor-element elementor-element-f37b8f2 elementor-widget elementor-widget-text-editor\" data-id=\"f37b8f2\" data-element_type=\"widget\" data-e-type=\"widget\" data-widget_type=\"text-editor.default\">\n\t\t\t\t<div class=\"elementor-widget-container\">\n\t\t\t\t\t\t\t\t\t<p data-prosemirror-content-type=\"node\" data-prosemirror-node-name=\"paragraph\" data-prosemirror-node-block=\"true\" data-pm-slice=\"1 1 []\">Kdykoli si m\u016f\u017eete vybrat <strong data-prosemirror-content-type=\"mark\" data-prosemirror-mark-name=\"strong\">instalaci<\/strong> <strong data-prosemirror-content-type=\"mark\" data-prosemirror-mark-name=\"strong\">na st\u016fl <\/strong>nebo <strong data-prosemirror-content-type=\"mark\" data-prosemirror-mark-name=\"strong\">na st\u011bnu<\/strong>, ani\u017e byste museli m\u00edt na sklad\u011b r\u016fzn\u00e9 verze panel\u016f.<\/p><p data-prosemirror-content-type=\"node\" data-prosemirror-node-name=\"paragraph\" data-prosemirror-node-block=\"true\" data-pm-slice=\"1 1 []\">D\u00edky nov\u00e9mu <strong data-prosemirror-content-type=\"mark\" data-prosemirror-mark-name=\"strong\">mont\u00e1\u017en\u00edmu adapt\u00e9ru 10<\/strong> si m\u016f\u017eete <a href=\"https:\/\/docs.cuesystem.com\/space\/PRODUCTS\/605093893\" data-prosemirror-content-type=\"mark\" data-prosemirror-mark-name=\"link\" style=\"font-family: Nunito, sans-serif; font-size: 16px;\">\n  <strong data-prosemirror-content-type=\"mark\" data-prosemirror-mark-name=\"strong\">touchCUE-10-W<\/strong>\n<\/a> nebo <a href=\"https:\/\/docs.cuesystem.com\/space\/PRODUCTS\/604766221\" data-prosemirror-content-type=\"mark\" data-prosemirror-mark-name=\"link\" style=\"font-family: Nunito, sans-serif; font-size: 16px;\">\n  <strong data-prosemirror-content-type=\"mark\" data-prosemirror-mark-name=\"strong\">touchONE-10-W<\/strong>\n<\/a> se st\u00e1v\u00e1 <strong data-prosemirror-content-type=\"mark\" data-prosemirror-mark-name=\"strong\">skute\u010dn\u011b v\u0161estrann\u00fdm<\/strong>.<\/p>\t\t\t\t\t\t\t\t<\/div>\n\t\t\t\t<\/div>\n\t\t\t\t\t<\/div>\n\t\t\t\t<\/div>\n\t\t<div class=\"elementor-element elementor-element-ea92e26 e-grid e-con-boxed e-con e-child\" data-id=\"ea92e26\" data-element_type=\"container\" data-e-type=\"container\">\n\t\t\t\t\t<div class=\"e-con-inner\">\n\t\t<div class=\"elementor-element elementor-element-995b55e e-con-full e-flex e-con e-child\" data-id=\"995b55e\" data-element_type=\"container\" data-e-type=\"container\">\n\t\t\t\t<div class=\"elementor-element elementor-element-146f78c elementor-widget elementor-widget-text-editor\" data-id=\"146f78c\" data-element_type=\"widget\" data-e-type=\"widget\" data-widget_type=\"text-editor.default\">\n\t\t\t\t<div class=\"elementor-widget-container\">\n\t\t\t\t\t\t\t\t\t<div data-layout-column=\"true\" data-column-width=\"50\" data-prosemirror-content-type=\"node\" data-prosemirror-node-name=\"layoutColumn\" data-prosemirror-node-block=\"true\" data-pm-slice=\"2 2 [\"layoutSection\",{\"columnRuleStyle\":null,\"localId\":null}]\"><div data-layout-content=\"true\"><p data-prosemirror-content-type=\"node\" data-prosemirror-node-name=\"paragraph\" data-prosemirror-node-block=\"true\">A\u0165 u\u017e d\u00e1v\u00e1te p\u0159ednost <strong data-prosemirror-content-type=\"mark\" data-prosemirror-mark-name=\"strong\">\u010dist\u00e9mu stoln\u00edmu nastaven\u00ed<\/strong>, nebo <strong data-prosemirror-content-type=\"mark\" data-prosemirror-mark-name=\"strong\">elegantn\u00edmu n\u00e1st\u011bnn\u00e9mu dr\u017e\u00e1ku s \u00fahlem 15\u00b0<\/strong>, tento adapt\u00e9r v\u00e1m poskytuje <strong data-prosemirror-content-type=\"mark\" data-prosemirror-mark-name=\"strong\">naprostou flexibilitu<\/strong>.<\/p><p data-prosemirror-content-type=\"node\" data-prosemirror-node-name=\"paragraph\" data-prosemirror-node-block=\"true\">Je ide\u00e1ln\u00ed pro projekty,<strong data-prosemirror-content-type=\"mark\" data-prosemirror-mark-name=\"strong\"> u nich\u017e se m\u016f\u017ee zm\u011bnit kone\u010dn\u00fd styl instalace<\/strong>, a umo\u017e\u0148uje <strong data-prosemirror-content-type=\"mark\" data-prosemirror-mark-name=\"strong\">m\u00edt panely skladem <\/strong>a <strong data-prosemirror-content-type=\"mark\" data-prosemirror-mark-name=\"strong\">rozhodnout o<\/strong> <strong data-prosemirror-content-type=\"mark\" data-prosemirror-mark-name=\"strong\">jejich <\/strong> <strong data-prosemirror-content-type=\"mark\" data-prosemirror-mark-name=\"strong\">um\u00edst\u011bn\u00ed<\/strong> na <strong data-prosemirror-content-type=\"mark\" data-prosemirror-mark-name=\"strong\">posledn\u00ed chv\u00edli<\/strong>.<\/p><\/div><\/div>\t\t\t\t\t\t\t\t<\/div>\n\t\t\t\t<\/div>\n\t\t\t\t<\/div>\n\t\t<div class=\"elementor-element elementor-element-3d42ef6 e-con-full e-flex e-con e-child\" data-id=\"3d42ef6\" data-element_type=\"container\" data-e-type=\"container\">\n\t\t\t\t<div class=\"elementor-element elementor-element-a936210 elementor-widget elementor-widget-image\" data-id=\"a936210\" data-element_type=\"widget\" data-e-type=\"widget\" data-widget_type=\"image.default\">\n\t\t\t\t<div class=\"elementor-widget-container\">\n\t\t\t\t\t\t\t\t\t\t\t\t\t\t\t<img fetchpriority=\"high\" decoding=\"async\" width=\"1024\" height=\"427\" src=\"https:\/\/www.cuesystem.com\/wp-content\/uploads\/2025\/09\/CS0645-Mountain-Adapter-W1920-1024x427.webp\" class=\"attachment-large size-large wp-image-32799\" alt=\"\" srcset=\"https:\/\/www.cuesystem.com\/wp-content\/uploads\/2025\/09\/CS0645-Mountain-Adapter-W1920-1024x427.webp 1024w, https:\/\/www.cuesystem.com\/wp-content\/uploads\/2025\/09\/CS0645-Mountain-Adapter-W1920-300x125.webp 300w, https:\/\/www.cuesystem.com\/wp-content\/uploads\/2025\/09\/CS0645-Mountain-Adapter-W1920.webp 1920w\" sizes=\"(max-width: 1024px) 100vw, 1024px\" \/>\t\t\t\t\t\t\t\t\t\t\t\t\t\t\t<\/div>\n\t\t\t\t<\/div>\n\t\t\t\t<\/div>\n\t\t\t\t\t<\/div>\n\t\t\t\t<\/div>\n\t\t<div class=\"elementor-element elementor-element-0b65559 e-flex e-con-boxed e-con e-child\" data-id=\"0b65559\" data-element_type=\"container\" data-e-type=\"container\" data-settings=\"{&quot;background_background&quot;:&quot;classic&quot;}\">\n\t\t\t\t\t<div class=\"e-con-inner\">\n\t\t\t\t<div class=\"elementor-element elementor-element-1c139d8 elementor-widget elementor-widget-heading\" data-id=\"1c139d8\" data-element_type=\"widget\" data-e-type=\"widget\" data-widget_type=\"heading.default\">\n\t\t\t\t<div class=\"elementor-widget-container\">\n\t\t\t\t\t<h2 class=\"elementor-heading-title elementor-size-default\">P\u0159ehled hlavn\u00edch v\u00fdhod\n<\/h2>\t\t\t\t<\/div>\n\t\t\t\t<\/div>\n\t\t\t\t<div class=\"elementor-element elementor-element-69fdd1f elementor-widget elementor-widget-text-editor\" data-id=\"69fdd1f\" data-element_type=\"widget\" data-e-type=\"widget\" data-widget_type=\"text-editor.default\">\n\t\t\t\t<div class=\"elementor-widget-container\">\n\t\t\t\t\t\t\t\t\t<ul class=\"ak-ul\" data-prosemirror-content-type=\"node\" data-prosemirror-node-name=\"bulletList\" data-prosemirror-node-block=\"true\"><li data-prosemirror-content-type=\"node\" data-prosemirror-node-name=\"listItem\" data-prosemirror-node-block=\"true\"><p data-prosemirror-content-type=\"node\" data-prosemirror-node-name=\"paragraph\" data-prosemirror-node-block=\"true\"><strong data-prosemirror-content-type=\"mark\" data-prosemirror-mark-name=\"strong\">Univerz\u00e1ln\u00ed v\u0161estrannost<\/strong> &#8211; jedno p\u0159\u00edslu\u0161enstv\u00ed, dv\u011b mo\u017enosti instalace<\/p><\/li><li data-prosemirror-content-type=\"node\" data-prosemirror-node-name=\"listItem\" data-prosemirror-node-block=\"true\"><p data-prosemirror-content-type=\"node\" data-prosemirror-node-name=\"paragraph\" data-prosemirror-node-block=\"true\"><strong data-prosemirror-content-type=\"mark\" data-prosemirror-mark-name=\"strong\">Flexibiln\u00ed rozhodov\u00e1n\u00ed<\/strong> &#8211; pozd\u011bji si m\u016f\u017eete vybrat, zda chcete p\u0159ipevnit na st\u016fl nebo na st\u011bnu<\/p><\/li><li data-prosemirror-content-type=\"node\" data-prosemirror-node-name=\"listItem\" data-prosemirror-node-block=\"true\"><p data-prosemirror-content-type=\"node\" data-prosemirror-node-name=\"paragraph\" data-prosemirror-node-block=\"true\"><strong data-prosemirror-content-type=\"mark\" data-prosemirror-mark-name=\"strong\">Profesion\u00e1ln\u00ed vzhled <\/strong>&#8211; 15\u00b0 n\u00e1klon pro pohodln\u00e9 pou\u017e\u00edv\u00e1n\u00ed a viditelnost<\/p><\/li><li data-prosemirror-content-type=\"node\" data-prosemirror-node-name=\"listItem\" data-prosemirror-node-block=\"true\"><p data-prosemirror-content-type=\"node\" data-prosemirror-node-name=\"paragraph\" data-prosemirror-node-block=\"true\"><strong data-prosemirror-content-type=\"mark\" data-prosemirror-mark-name=\"strong\">Chytr\u00e9 veden\u00ed kabel\u016f<\/strong> &#8211; pr\u016fchodka a integrovan\u00e9 upevn\u011bn\u00ed<\/p><\/li><li data-prosemirror-content-type=\"node\" data-prosemirror-node-name=\"listItem\" data-prosemirror-node-block=\"true\"><p data-prosemirror-content-type=\"node\" data-prosemirror-node-name=\"paragraph\" data-prosemirror-node-block=\"true\"><strong data-prosemirror-content-type=\"mark\" data-prosemirror-mark-name=\"strong\">Snadn\u00e1 instalace<\/strong> &#8211; kompatibiln\u00ed se s\u00e1drokartonov\u00fdmi deskami, sklen\u011bn\u00fdmi st\u011bnami a standardn\u00edmi elektrick\u00fdmi n\u00e1st\u011bnn\u00fdmi krabicemi<\/p><\/li><\/ul>\t\t\t\t\t\t\t\t<\/div>\n\t\t\t\t<\/div>\n\t\t\t\t\t<\/div>\n\t\t\t\t<\/div>\n\t\t<div class=\"elementor-element elementor-element-d045fa8 e-flex e-con-boxed e-con e-child\" data-id=\"d045fa8\" data-element_type=\"container\" data-e-type=\"container\">\n\t\t\t\t\t<div class=\"e-con-inner\">\n\t\t<div class=\"elementor-element elementor-element-c842873 e-con-full e-flex e-con e-child\" data-id=\"c842873\" data-element_type=\"container\" data-e-type=\"container\">\n\t\t\t\t<div class=\"elementor-element elementor-element-c051982 elementor-widget elementor-widget-heading\" data-id=\"c051982\" data-element_type=\"widget\" data-e-type=\"widget\" data-widget_type=\"heading.default\">\n\t\t\t\t<div class=\"elementor-widget-container\">\n\t\t\t\t\t<h2 class=\"elementor-heading-title elementor-size-default\">Kde funguje adapt\u00e9r nejl\u00e9pe<\/h2>\t\t\t\t<\/div>\n\t\t\t\t<\/div>\n\t\t\t\t<\/div>\n\t\t<div class=\"elementor-element elementor-element-1f7dc8d e-grid e-con-full e-con e-child\" data-id=\"1f7dc8d\" data-element_type=\"container\" data-e-type=\"container\">\n\t\t\t\t<div class=\"elementor-element elementor-element-e6a615e elementor-widget elementor-widget-image\" data-id=\"e6a615e\" data-element_type=\"widget\" data-e-type=\"widget\" data-widget_type=\"image.default\">\n\t\t\t\t<div class=\"elementor-widget-container\">\n\t\t\t\t\t\t\t\t\t\t\t\t\t\t\t<img decoding=\"async\" width=\"1024\" height=\"576\" src=\"https:\/\/www.cuesystem.com\/wp-content\/uploads\/2025\/09\/CS0645-Mountain-Adapter-render-table-1024x576.webp\" class=\"attachment-large size-large wp-image-32804\" alt=\"\" srcset=\"https:\/\/www.cuesystem.com\/wp-content\/uploads\/2025\/09\/CS0645-Mountain-Adapter-render-table-1024x576.webp 1024w, https:\/\/www.cuesystem.com\/wp-content\/uploads\/2025\/09\/CS0645-Mountain-Adapter-render-table-300x169.webp 300w\" sizes=\"(max-width: 1024px) 100vw, 1024px\" \/>\t\t\t\t\t\t\t\t\t\t\t\t\t\t\t<\/div>\n\t\t\t\t<\/div>\n\t\t\t\t<div class=\"elementor-element elementor-element-6b13666 elementor-widget elementor-widget-image\" data-id=\"6b13666\" data-element_type=\"widget\" data-e-type=\"widget\" data-widget_type=\"image.default\">\n\t\t\t\t<div class=\"elementor-widget-container\">\n\t\t\t\t\t\t\t\t\t\t\t\t\t\t\t<img decoding=\"async\" width=\"1024\" height=\"576\" src=\"https:\/\/www.cuesystem.com\/wp-content\/uploads\/2025\/09\/CS0645-Mountain-Adapter-render-wall-1024x576.webp\" class=\"attachment-large size-large wp-image-32809\" alt=\"\" srcset=\"https:\/\/www.cuesystem.com\/wp-content\/uploads\/2025\/09\/CS0645-Mountain-Adapter-render-wall-1024x576.webp 1024w, https:\/\/www.cuesystem.com\/wp-content\/uploads\/2025\/09\/CS0645-Mountain-Adapter-render-wall-300x169.webp 300w\" sizes=\"(max-width: 1024px) 100vw, 1024px\" \/>\t\t\t\t\t\t\t\t\t\t\t\t\t\t\t<\/div>\n\t\t\t\t<\/div>\n\t\t\t\t<\/div>\n\t\t\t\t\t<\/div>\n\t\t\t\t<\/div>\n\t\t\t\t<\/div>\n\t\t<div class=\"elementor-element elementor-element-a07a3cc e-flex e-con-boxed e-con e-parent\" data-id=\"a07a3cc\" data-element_type=\"container\" data-e-type=\"container\">\n\t\t\t\t\t<div class=\"e-con-inner\">\n\t\t<div class=\"elementor-element elementor-element-3deb8b7 e-grid e-con-full e-con e-child\" data-id=\"3deb8b7\" data-element_type=\"container\" data-e-type=\"container\">\n\t\t\t\t<div class=\"elementor-element elementor-element-3805eb1 elementor-widget elementor-widget-text-editor\" data-id=\"3805eb1\" data-element_type=\"widget\" data-e-type=\"widget\" data-widget_type=\"text-editor.default\">\n\t\t\t\t<div class=\"elementor-widget-container\">\n\t\t\t\t\t\t\t\t\t<div data-layout-column=\"true\" data-column-width=\"50\" data-prosemirror-content-type=\"node\" data-prosemirror-node-name=\"layoutColumn\" data-prosemirror-node-block=\"true\" data-pm-slice=\"2 2 [\"layoutSection\",{\"columnRuleStyle\":null,\"localId\":null}]\"><div data-layout-content=\"true\"><div class=\"fabric-editor-block-mark fabric-editor-alignment fabric-editor-align-center\" data-align=\"center\" data-prosemirror-content-type=\"mark\" data-prosemirror-mark-name=\"alignment\"><p data-prosemirror-content-type=\"node\" data-prosemirror-node-name=\"paragraph\" data-prosemirror-node-block=\"true\"><strong data-prosemirror-content-type=\"mark\" data-prosemirror-mark-name=\"strong\">Stoln\u00ed instalace<\/strong><\/p><p data-prosemirror-content-type=\"node\" data-prosemirror-node-name=\"paragraph\" data-prosemirror-node-block=\"true\"><strong data-prosemirror-content-type=\"mark\" data-prosemirror-mark-name=\"strong\">Voln\u011b stoj\u00edc\u00ed <\/strong>nebo <strong data-prosemirror-content-type=\"mark\" data-prosemirror-mark-name=\"strong\">upevn\u011bn\u00e9 <\/strong>pomoc\u00ed \u0161roub\u016f, ide\u00e1ln\u00ed pro <strong data-prosemirror-content-type=\"mark\" data-prosemirror-mark-name=\"strong\">stoly <\/strong>a<strong data-prosemirror-content-type=\"mark\" data-prosemirror-mark-name=\"strong\"> recep\u010dn\u00ed pulty<\/strong>.<\/p><\/div><\/div><\/div>\t\t\t\t\t\t\t\t<\/div>\n\t\t\t\t<\/div>\n\t\t\t\t<div class=\"elementor-element elementor-element-b821194 elementor-widget elementor-widget-text-editor\" data-id=\"b821194\" data-element_type=\"widget\" data-e-type=\"widget\" data-widget_type=\"text-editor.default\">\n\t\t\t\t<div class=\"elementor-widget-container\">\n\t\t\t\t\t\t\t\t\t<div data-layout-column=\"true\" data-column-width=\"50\" data-prosemirror-content-type=\"node\" data-prosemirror-node-name=\"layoutColumn\" data-prosemirror-node-block=\"true\" data-pm-slice=\"2 2 [\"layoutSection\",{\"columnRuleStyle\":null,\"localId\":null}]\"><div data-layout-content=\"true\"><div class=\"fabric-editor-block-mark fabric-editor-alignment fabric-editor-align-center\" data-align=\"center\" data-prosemirror-content-type=\"mark\" data-prosemirror-mark-name=\"alignment\"><p data-prosemirror-content-type=\"node\" data-prosemirror-node-name=\"paragraph\" data-prosemirror-node-block=\"true\"><strong data-prosemirror-content-type=\"mark\" data-prosemirror-mark-name=\"strong\">Instalace na st\u011bnu<\/strong><\/p><p data-prosemirror-content-type=\"node\" data-prosemirror-node-name=\"paragraph\" data-prosemirror-node-block=\"true\">Nakl\u00e1p\u011bn\u00ed panel\u016f o 15\u00b0 pro <strong data-prosemirror-content-type=\"mark\" data-prosemirror-mark-name=\"strong\">lep\u0161\u00ed pozorovac\u00ed \u00fahel<\/strong>, na <strong data-prosemirror-content-type=\"mark\" data-prosemirror-mark-name=\"strong\">s\u00e1drokartonov\u00e9 desky <\/strong>nebo <strong data-prosemirror-content-type=\"mark\" data-prosemirror-mark-name=\"strong\">sklo<\/strong>.<\/p><\/div><\/div><\/div>\t\t\t\t\t\t\t\t<\/div>\n\t\t\t\t<\/div>\n\t\t\t\t<\/div>\n\t\t\t\t\t<\/div>\n\t\t\t\t<\/div>\n\t\t<div class=\"elementor-element elementor-element-91258b7 e-flex e-con-boxed e-con e-parent\" data-id=\"91258b7\" data-element_type=\"container\" data-e-type=\"container\" data-settings=\"{&quot;background_background&quot;:&quot;classic&quot;}\">\n\t\t\t\t\t<div class=\"e-con-inner\">\n\t\t\t\t<div class=\"elementor-element elementor-element-ae9cf7b elementor-widget elementor-widget-heading\" data-id=\"ae9cf7b\" data-element_type=\"widget\" data-e-type=\"widget\" data-widget_type=\"heading.default\">\n\t\t\t\t<div class=\"elementor-widget-container\">\n\t\t\t\t\t<h2 class=\"elementor-heading-title elementor-size-default\"><a href=\"https:\/\/docs.cuesystem.com\/space\/PRODUCTS\/1456537633\" target=\"_blank\">Podrobn\u00e9 informace naleznete ZDE.<\/a><\/h2>\t\t\t\t<\/div>\n\t\t\t\t<\/div>\n\t\t\t\t\t<\/div>\n\t\t\t\t<\/div>\n\t\t\t\t<\/div>\n\t\t","protected":false},"excerpt":{"rendered":"<p>Nov\u00e9 produkty Mounting Adapter 10: Volnost p\u0159i mont\u00e1\u017ei panel\u016f Kdykoli si m\u016f\u017eete vybrat instalaci na st\u016fl nebo na st\u011bnu, ani\u017e byste museli m\u00edt na sklad\u011b r\u016fzn\u00e9 verze panel\u016f. D\u00edky nov\u00e9mu mont\u00e1\u017en\u00edmu adapt\u00e9ru 10 si m\u016f\u017eete touchCUE-10-W nebo touchONE-10-W se st\u00e1v\u00e1 skute\u010dn\u011b v\u0161estrann\u00fdm. A\u0165 u\u017e d\u00e1v\u00e1te p\u0159ednost \u010dist\u00e9mu stoln\u00edmu nastaven\u00ed, nebo elegantn\u00edmu n\u00e1st\u011bnn\u00e9mu dr\u017e\u00e1ku s \u00fahlem <a href=\"https:\/\/www.cuesystem.com\/cs\/co-je-noveho\/mounting-adapter-10-volnost-pri-montazi-panelu\/\" class=\"more-link\">&#8230;<span class=\"screen-reader-text\">  Mounting Adapter 10: Volnost p\u0159i mont\u00e1\u017ei panel\u016f<\/span><\/a><\/p>\n","protected":false},"author":11,"featured_media":0,"parent":31296,"menu_order":140,"comment_status":"closed","ping_status":"closed","template":"","meta":{"_acf_changed":false,"inline_featured_image":false,"footnotes":""},"kategorie":[],"class_list":["post-32848","page","type-page","status-publish","hentry"],"acf":[],"_links":{"self":[{"href":"https:\/\/www.cuesystem.com\/cs\/wp-json\/wp\/v2\/pages\/32848","targetHints":{"allow":["GET"]}}],"collection":[{"href":"https:\/\/www.cuesystem.com\/cs\/wp-json\/wp\/v2\/pages"}],"about":[{"href":"https:\/\/www.cuesystem.com\/cs\/wp-json\/wp\/v2\/types\/page"}],"author":[{"embeddable":true,"href":"https:\/\/www.cuesystem.com\/cs\/wp-json\/wp\/v2\/users\/11"}],"replies":[{"embeddable":true,"href":"https:\/\/www.cuesystem.com\/cs\/wp-json\/wp\/v2\/comments?post=32848"}],"version-history":[{"count":5,"href":"https:\/\/www.cuesystem.com\/cs\/wp-json\/wp\/v2\/pages\/32848\/revisions"}],"predecessor-version":[{"id":32853,"href":"https:\/\/www.cuesystem.com\/cs\/wp-json\/wp\/v2\/pages\/32848\/revisions\/32853"}],"up":[{"embeddable":true,"href":"https:\/\/www.cuesystem.com\/cs\/wp-json\/wp\/v2\/pages\/31296"}],"wp:attachment":[{"href":"https:\/\/www.cuesystem.com\/cs\/wp-json\/wp\/v2\/media?parent=32848"}],"wp:term":[{"taxonomy":"kategorie","embeddable":true,"href":"https:\/\/www.cuesystem.com\/cs\/wp-json\/wp\/v2\/kategorie?post=32848"}],"curies":[{"name":"wp","href":"https:\/\/api.w.org\/{rel}","templated":true}]}}