{"id":33255,"date":"2025-11-11T13:15:26","date_gmt":"2025-11-11T12:15:26","guid":{"rendered":"https:\/\/www.cuesystem.com\/co-je-noveho\/cue-jsme-ve-finale-inavation-awards-2026\/"},"modified":"2025-11-11T13:46:46","modified_gmt":"2025-11-11T12:46:46","slug":"cue-jsme-ve-finale-inavation-awards-2026","status":"publish","type":"page","link":"https:\/\/www.cuesystem.com\/cs\/co-je-noveho\/cue-jsme-ve-finale-inavation-awards-2026\/","title":{"rendered":"CUE: Jsme ve fin\u00e1le Inavation Awards 2026"},"content":{"rendered":"\t\t<div data-elementor-type=\"wp-page\" data-elementor-id=\"33255\" class=\"elementor elementor-33255 elementor-33228\" data-elementor-post-type=\"page\">\n\t\t\t\t<div class=\"elementor-element elementor-element-fc2ac53 e-con-full e-flex e-con e-child\" data-id=\"fc2ac53\" data-element_type=\"container\" data-e-type=\"container\">\n\t\t\t\t<div class=\"elementor-element elementor-element-4f23c9f elementor-widget elementor-widget-heading\" data-id=\"4f23c9f\" data-element_type=\"widget\" data-e-type=\"widget\" data-widget_type=\"heading.default\">\n\t\t\t\t<div class=\"elementor-widget-container\">\n\t\t\t\t\t<h3 class=\"elementor-heading-title elementor-size-default\"><span style=\"font-size: 20.8px\">Ozn\u00e1men\u00ed<\/span><\/h3>\t\t\t\t<\/div>\n\t\t\t\t<\/div>\n\t\t\t\t<div class=\"elementor-element elementor-element-3ed1bb1 elementor-widget elementor-widget-heading\" data-id=\"3ed1bb1\" data-element_type=\"widget\" data-e-type=\"widget\" data-widget_type=\"heading.default\">\n\t\t\t\t<div class=\"elementor-widget-container\">\n\t\t\t\t\t<h1 class=\"elementor-heading-title elementor-size-default\">Jsme ve fin\u00e1le Inavation Awards 2026<\/h1>\t\t\t\t<\/div>\n\t\t\t\t<\/div>\n\t\t<div class=\"elementor-element elementor-element-48b7933 e-flex e-con-boxed e-con e-child\" data-id=\"48b7933\" data-element_type=\"container\" data-e-type=\"container\">\n\t\t\t\t\t<div class=\"e-con-inner\">\n\t\t\t\t<div class=\"elementor-element elementor-element-5b90a1b elementor-widget-divider--view-line elementor-widget elementor-widget-divider\" data-id=\"5b90a1b\" data-element_type=\"widget\" data-e-type=\"widget\" data-widget_type=\"divider.default\">\n\t\t\t\t<div class=\"elementor-widget-container\">\n\t\t\t\t\t\t\t<div class=\"elementor-divider\">\n\t\t\t<span class=\"elementor-divider-separator\">\n\t\t\t\t\t\t<\/span>\n\t\t<\/div>\n\t\t\t\t\t\t<\/div>\n\t\t\t\t<\/div>\n\t\t\t\t<div class=\"elementor-element elementor-element-f57f4ec elementor-widget elementor-widget-text-editor\" data-id=\"f57f4ec\" data-element_type=\"widget\" data-e-type=\"widget\" data-widget_type=\"text-editor.default\">\n\t\t\t\t<div class=\"elementor-widget-container\">\n\t\t\t\t\t\t\t\t\t<p>Jsme hrd\u00ed na to, \u017ee se <strong>spole\u010dnost CUE<\/strong> op\u011bt dostala do u\u017e\u0161\u00edho v\u00fdb\u011bru presti\u017en\u00edho ocen\u011bn\u00ed. <span style=\"text-decoration: underline;\"><a href=\"https:\/\/www.inavateonthenet.net\/vote\"><strong>Inavation Awards<\/strong><\/a><\/span>, tentokr\u00e1t v kategorii <strong>Monitorov\u00e1n\u00ed a \u0159\u00edzen\u00ed<\/strong> s na\u0161\u00edm <strong>\u0159e\u0161en\u00edm Monitor &amp; Control using CUE Solution<\/strong>.<\/p>\t\t\t\t\t\t\t\t<\/div>\n\t\t\t\t<\/div>\n\t\t\t\t<div class=\"elementor-element elementor-element-c6591e8 elementor-align-center elementor-widget elementor-widget-button\" data-id=\"c6591e8\" data-element_type=\"widget\" data-e-type=\"widget\" data-widget_type=\"button.default\">\n\t\t\t\t<div class=\"elementor-widget-container\">\n\t\t\t\t\t\t\t\t\t<div class=\"elementor-button-wrapper\">\n\t\t\t\t\t<a class=\"elementor-button elementor-button-link elementor-size-sm\" href=\"https:\/\/www.inavateonthenet.net\/vote\" target=\"_blank\">\n\t\t\t\t\t\t<span class=\"elementor-button-content-wrapper\">\n\t\t\t\t\t\t\t\t\t<span class=\"elementor-button-text\">HLASUJTE PRO CUE<\/span>\n\t\t\t\t\t<\/span>\n\t\t\t\t\t<\/a>\n\t\t\t\t<\/div>\n\t\t\t\t\t\t\t\t<\/div>\n\t\t\t\t<\/div>\n\t\t\t\t\t<\/div>\n\t\t\t\t<\/div>\n\t\t\t\t<div class=\"elementor-element elementor-element-fad3fb8 elementor-widget-divider--view-line elementor-widget elementor-widget-divider\" data-id=\"fad3fb8\" data-element_type=\"widget\" data-e-type=\"widget\" data-widget_type=\"divider.default\">\n\t\t\t\t<div class=\"elementor-widget-container\">\n\t\t\t\t\t\t\t<div class=\"elementor-divider\">\n\t\t\t<span class=\"elementor-divider-separator\">\n\t\t\t\t\t\t<\/span>\n\t\t<\/div>\n\t\t\t\t\t\t<\/div>\n\t\t\t\t<\/div>\n\t\t<div class=\"elementor-element elementor-element-1f0d575 e-grid e-con-boxed e-con e-child\" data-id=\"1f0d575\" data-element_type=\"container\" data-e-type=\"container\">\n\t\t\t\t\t<div class=\"e-con-inner\">\n\t\t\t\t<div class=\"elementor-element elementor-element-4c6b704 elementor-widget elementor-widget-text-editor\" data-id=\"4c6b704\" data-element_type=\"widget\" data-e-type=\"widget\" data-widget_type=\"text-editor.default\">\n\t\t\t\t<div class=\"elementor-widget-container\">\n\t\t\t\t\t\t\t\t\t<p>Tato inteligentn\u00ed all-in-one platforma spkombinuje ojuje monitorov\u00e1n\u00ed, \u0159\u00edzen\u00ed a anal\u00fdzu v jednom bezprobl\u00e9mov\u00e9m prost\u0159ed\u00ed, yat\u00edmco propojuje za\u0159\u00edzen\u00ed, senzory i u\u017eivatelsk\u00e1 rozhran\u00ed a umo\u017e\u0148uje bezprobl\u00e9mov\u00e9 ovl\u00e1d\u00e1n\u00ed pomoc\u00ed prohl\u00ed\u017ee\u010de. \u017d\u00e1dn\u00e9 aplikace, \u017e\u00e1dn\u00e9 p\u0159ihla\u0161ov\u00e1n\u00ed, jen okam\u017eit\u00fd p\u0159\u00edstup a pln\u00e1 kontrola. <\/p><p>Od firemn\u00edch pracovi\u0161\u0165 po nemocnice a chytr\u00e9 kampusy umo\u017e\u0148uje u\u017eivatel\u016fm p\u0159em\u011bnit slo\u017eit\u00e9 syst\u00e9my na intuitivn\u00ed a efektivn\u00ed prost\u0159ed\u00ed.<\/p><p>Nyn\u00ed pot\u0159ebujeme va\u0161i podporu, abychom se posunuli o krok d\u00e1l.<br><strong>Ve\u0159ejn\u00e9 hlasov\u00e1n\u00ed je otev\u0159eno do 16. ledna 2026. A ka\u017ed\u00fd hlas je d\u016fle\u017eit\u00fd. <\/strong><\/p><p><span style=\"text-decoration: underline;\"><a href=\"https:\/\/www.inavateonthenet.net\/vote\"><strong>HLASUJTE PRO N\u00c1S<\/strong><\/a><\/span><\/p><p>D\u011bkujeme, \u017ee n\u00e1m pom\u00e1h\u00e1te utv\u00e1\u0159et budoucnost inteligentn\u00edho \u0159\u00edzen\u00ed. V\u00e1\u0161 hlas n\u00e1s p\u0159ibli\u017euje k v\u00edt\u011bzstv\u00ed! <\/p>\t\t\t\t\t\t\t\t<\/div>\n\t\t\t\t<\/div>\n\t\t\t\t<div class=\"elementor-element elementor-element-0760008 elementor-widget elementor-widget-image\" data-id=\"0760008\" data-element_type=\"widget\" data-e-type=\"widget\" data-widget_type=\"image.default\">\n\t\t\t\t<div class=\"elementor-widget-container\">\n\t\t\t\t\t\t\t\t\t\t\t\t\t\t\t\t<a href=\"https:\/\/www.inavateonthenet.net\/vote\" target=\"_blank\">\n\t\t\t\t\t\t\t<img fetchpriority=\"high\" decoding=\"async\" width=\"1024\" height=\"1024\" src=\"https:\/\/www.cuesystem.com\/wp-content\/uploads\/2025\/11\/CUE-Social-media-\u2013-1000-x-1000-1024x1024.webp\" class=\"attachment-large size-large wp-image-33230\" alt=\"\" srcset=\"https:\/\/www.cuesystem.com\/wp-content\/uploads\/2025\/11\/CUE-Social-media-\u2013-1000-x-1000-1024x1024.webp 1024w, https:\/\/www.cuesystem.com\/wp-content\/uploads\/2025\/11\/CUE-Social-media-\u2013-1000-x-1000-300x300.webp 300w, https:\/\/www.cuesystem.com\/wp-content\/uploads\/2025\/11\/CUE-Social-media-\u2013-1000-x-1000-150x150.webp 150w, https:\/\/www.cuesystem.com\/wp-content\/uploads\/2025\/11\/CUE-Social-media-\u2013-1000-x-1000.webp 1080w\" sizes=\"(max-width: 1024px) 100vw, 1024px\" \/>\t\t\t\t\t\t\t\t<\/a>\n\t\t\t\t\t\t\t\t\t\t\t\t\t\t\t<\/div>\n\t\t\t\t<\/div>\n\t\t\t\t\t<\/div>\n\t\t\t\t<\/div>\n\t\t<div class=\"elementor-element elementor-element-c58d40a e-flex e-con-boxed e-con e-child\" data-id=\"c58d40a\" data-element_type=\"container\" data-e-type=\"container\">\n\t\t\t\t\t<div class=\"e-con-inner\">\n\t\t\t\t<div class=\"elementor-element elementor-element-6f33dd2 elementor-widget-divider--view-line elementor-widget elementor-widget-divider\" data-id=\"6f33dd2\" data-element_type=\"widget\" data-e-type=\"widget\" data-widget_type=\"divider.default\">\n\t\t\t\t<div class=\"elementor-widget-container\">\n\t\t\t\t\t\t\t<div class=\"elementor-divider\">\n\t\t\t<span class=\"elementor-divider-separator\">\n\t\t\t\t\t\t<\/span>\n\t\t<\/div>\n\t\t\t\t\t\t<\/div>\n\t\t\t\t<\/div>\n\t\t\t\t<div class=\"elementor-element elementor-element-07aba1b elementor-align-center elementor-widget elementor-widget-button\" data-id=\"07aba1b\" data-element_type=\"widget\" data-e-type=\"widget\" data-widget_type=\"button.default\">\n\t\t\t\t<div class=\"elementor-widget-container\">\n\t\t\t\t\t\t\t\t\t<div class=\"elementor-button-wrapper\">\n\t\t\t\t\t<a class=\"elementor-button elementor-button-link elementor-size-sm\" href=\"https:\/\/www.inavateonthenet.net\/vote\" target=\"_blank\">\n\t\t\t\t\t\t<span class=\"elementor-button-content-wrapper\">\n\t\t\t\t\t\t\t\t\t<span class=\"elementor-button-text\">HLASUJTE PRO CUE<\/span>\n\t\t\t\t\t<\/span>\n\t\t\t\t\t<\/a>\n\t\t\t\t<\/div>\n\t\t\t\t\t\t\t\t<\/div>\n\t\t\t\t<\/div>\n\t\t<div class=\"elementor-element elementor-element-4fe1031 e-con-full e-flex e-con e-child\" data-id=\"4fe1031\" data-element_type=\"container\" data-e-type=\"container\">\n\t\t\t\t<div class=\"elementor-element elementor-element-5f148fa elementor-widget-divider--view-line elementor-widget elementor-widget-divider\" data-id=\"5f148fa\" data-element_type=\"widget\" data-e-type=\"widget\" data-widget_type=\"divider.default\">\n\t\t\t\t<div class=\"elementor-widget-container\">\n\t\t\t\t\t\t\t<div class=\"elementor-divider\">\n\t\t\t<span class=\"elementor-divider-separator\">\n\t\t\t\t\t\t<\/span>\n\t\t<\/div>\n\t\t\t\t\t\t<\/div>\n\t\t\t\t<\/div>\n\t\t\t\t<div class=\"elementor-element elementor-element-0770942 elementor-widget elementor-widget-text-editor\" data-id=\"0770942\" data-element_type=\"widget\" data-e-type=\"widget\" data-widget_type=\"text-editor.default\">\n\t\t\t\t<div class=\"elementor-widget-container\">\n\t\t\t\t\t\t\t\t\t<p>Vytvo\u0159eno: 2025-11<\/p>\t\t\t\t\t\t\t\t<\/div>\n\t\t\t\t<\/div>\n\t\t\t\t<div class=\"elementor-element elementor-element-e4bbd17 elementor-widget-divider--view-line elementor-widget elementor-widget-divider\" data-id=\"e4bbd17\" data-element_type=\"widget\" data-e-type=\"widget\" data-widget_type=\"divider.default\">\n\t\t\t\t<div class=\"elementor-widget-container\">\n\t\t\t\t\t\t\t<div class=\"elementor-divider\">\n\t\t\t<span class=\"elementor-divider-separator\">\n\t\t\t\t\t\t<\/span>\n\t\t<\/div>\n\t\t\t\t\t\t<\/div>\n\t\t\t\t<\/div>\n\t\t\t\t<\/div>\n\t\t\t\t\t<\/div>\n\t\t\t\t<\/div>\n\t\t\t\t<\/div>\n\t\t\t\t<\/div>\n\t\t","protected":false},"excerpt":{"rendered":"<p>Ozn\u00e1men\u00ed Jsme ve fin\u00e1le Inavation Awards 2026 Jsme hrd\u00ed na to, \u017ee se spole\u010dnost CUE op\u011bt dostala do u\u017e\u0161\u00edho v\u00fdb\u011bru presti\u017en\u00edho ocen\u011bn\u00ed. Inavation Awards, tentokr\u00e1t v kategorii Monitorov\u00e1n\u00ed a \u0159\u00edzen\u00ed s na\u0161\u00edm \u0159e\u0161en\u00edm Monitor &amp; Control using CUE Solution. HLASUJTE PRO CUE Tato inteligentn\u00ed all-in-one platforma spkombinuje ojuje monitorov\u00e1n\u00ed, \u0159\u00edzen\u00ed a anal\u00fdzu v jednom bezprobl\u00e9mov\u00e9m <a href=\"https:\/\/www.cuesystem.com\/cs\/co-je-noveho\/cue-jsme-ve-finale-inavation-awards-2026\/\" class=\"more-link\">&#8230;<span class=\"screen-reader-text\">  CUE: Jsme ve fin\u00e1le Inavation Awards 2026<\/span><\/a><\/p>\n","protected":false},"author":11,"featured_media":0,"parent":31296,"menu_order":127,"comment_status":"closed","ping_status":"closed","template":"","meta":{"_acf_changed":false,"inline_featured_image":false,"footnotes":""},"kategorie":[],"class_list":["post-33255","page","type-page","status-publish","hentry"],"acf":[],"_links":{"self":[{"href":"https:\/\/www.cuesystem.com\/cs\/wp-json\/wp\/v2\/pages\/33255","targetHints":{"allow":["GET"]}}],"collection":[{"href":"https:\/\/www.cuesystem.com\/cs\/wp-json\/wp\/v2\/pages"}],"about":[{"href":"https:\/\/www.cuesystem.com\/cs\/wp-json\/wp\/v2\/types\/page"}],"author":[{"embeddable":true,"href":"https:\/\/www.cuesystem.com\/cs\/wp-json\/wp\/v2\/users\/11"}],"replies":[{"embeddable":true,"href":"https:\/\/www.cuesystem.com\/cs\/wp-json\/wp\/v2\/comments?post=33255"}],"version-history":[{"count":1,"href":"https:\/\/www.cuesystem.com\/cs\/wp-json\/wp\/v2\/pages\/33255\/revisions"}],"predecessor-version":[{"id":33256,"href":"https:\/\/www.cuesystem.com\/cs\/wp-json\/wp\/v2\/pages\/33255\/revisions\/33256"}],"up":[{"embeddable":true,"href":"https:\/\/www.cuesystem.com\/cs\/wp-json\/wp\/v2\/pages\/31296"}],"wp:attachment":[{"href":"https:\/\/www.cuesystem.com\/cs\/wp-json\/wp\/v2\/media?parent=33255"}],"wp:term":[{"taxonomy":"kategorie","embeddable":true,"href":"https:\/\/www.cuesystem.com\/cs\/wp-json\/wp\/v2\/kategorie?post=33255"}],"curies":[{"name":"wp","href":"https:\/\/api.w.org\/{rel}","templated":true}]}}