{"id":36672,"date":"2026-03-19T12:18:12","date_gmt":"2026-03-19T11:18:12","guid":{"rendered":"https:\/\/www.cuesystem.com\/aktualizace-a-inovace-cue-20260512\/"},"modified":"2026-03-29T21:29:47","modified_gmt":"2026-03-29T19:29:47","slug":"aktualizace-a-inovace-cue-20260512","status":"publish","type":"page","link":"https:\/\/www.cuesystem.com\/cs\/aktualizace-a-inovace-cue-20260512\/","title":{"rendered":"Training CUE Updates &amp; Innovations 12.5.2026"},"content":{"rendered":"\t\t<div data-elementor-type=\"wp-page\" data-elementor-id=\"36672\" class=\"elementor elementor-36672 elementor-36564\" data-elementor-post-type=\"page\">\n\t\t\t\t<div class=\"elementor-element elementor-element-335e1a4 e-con-full e-flex e-con e-parent\" data-id=\"335e1a4\" data-element_type=\"container\" data-e-type=\"container\" data-settings=\"{&quot;background_background&quot;:&quot;classic&quot;}\">\n\t\t\t\t<div class=\"elementor-element elementor-element-3c952de elementor-widget elementor-widget-heading\" data-id=\"3c952de\" data-element_type=\"widget\" data-e-type=\"widget\" data-widget_type=\"heading.default\">\n\t\t\t\t<div class=\"elementor-widget-container\">\n\t\t\t\t\t<h3 class=\"elementor-heading-title elementor-size-default\">Vzd\u011bl\u00e1vac\u00ed kurz<\/h3>\t\t\t\t<\/div>\n\t\t\t\t<\/div>\n\t\t\t\t<div class=\"elementor-element elementor-element-ae380ea elementor-widget elementor-widget-heading\" data-id=\"ae380ea\" data-element_type=\"widget\" data-e-type=\"widget\" data-widget_type=\"heading.default\">\n\t\t\t\t<div class=\"elementor-widget-container\">\n\t\t\t\t\t<h1 class=\"elementor-heading-title elementor-size-default\">Aktualizace a inovace syst\u00e9mu CUE<\/h1>\t\t\t\t<\/div>\n\t\t\t\t<\/div>\n\t\t\t\t<div class=\"elementor-element elementor-element-0eb8023 elementor-widget elementor-widget-heading\" data-id=\"0eb8023\" data-element_type=\"widget\" data-e-type=\"widget\" data-widget_type=\"heading.default\">\n\t\t\t\t<div class=\"elementor-widget-container\">\n\t\t\t\t\t<h2 class=\"elementor-heading-title elementor-size-default\">12. 5.  2026<\/h2>\t\t\t\t<\/div>\n\t\t\t\t<\/div>\n\t\t<div class=\"elementor-element elementor-element-df89530 e-grid e-con-boxed e-con e-child\" data-id=\"df89530\" data-element_type=\"container\" data-e-type=\"container\">\n\t\t\t\t\t<div class=\"e-con-inner\">\n\t\t<div class=\"elementor-element elementor-element-923c1a8 e-flex e-con-boxed e-con e-child\" data-id=\"923c1a8\" data-element_type=\"container\" data-e-type=\"container\">\n\t\t\t\t\t<div class=\"e-con-inner\">\n\t\t\t\t<div class=\"elementor-element elementor-element-069f028 elementor-widget elementor-widget-heading\" data-id=\"069f028\" data-element_type=\"widget\" data-e-type=\"widget\" data-widget_type=\"heading.default\">\n\t\t\t\t<div class=\"elementor-widget-container\">\n\t\t\t\t\t<h3 class=\"elementor-heading-title elementor-size-default\"><span style=\"font-size: 20.8px\">\u010casov\u00fd pl\u00e1n<\/span><\/h3>\t\t\t\t<\/div>\n\t\t\t\t<\/div>\n\t\t\t\t<div class=\"elementor-element elementor-element-0955bf7 elementor-widget-laptop__width-initial elementor-icon-list--layout-traditional elementor-list-item-link-full_width elementor-widget elementor-widget-icon-list\" data-id=\"0955bf7\" data-element_type=\"widget\" data-e-type=\"widget\" data-widget_type=\"icon-list.default\">\n\t\t\t\t<div class=\"elementor-widget-container\">\n\t\t\t\t\t\t\t<ul class=\"elementor-icon-list-items\">\n\t\t\t\t\t\t\t<li class=\"elementor-icon-list-item\">\n\t\t\t\t\t\t\t\t\t\t\t<span class=\"elementor-icon-list-icon\">\n\t\t\t\t\t\t\t<svg aria-hidden=\"true\" class=\"e-font-icon-svg e-far-calendar-check\" viewBox=\"0 0 448 512\" xmlns=\"http:\/\/www.w3.org\/2000\/svg\"><path d=\"M400 64h-48V12c0-6.627-5.373-12-12-12h-40c-6.627 0-12 5.373-12 12v52H160V12c0-6.627-5.373-12-12-12h-40c-6.627 0-12 5.373-12 12v52H48C21.49 64 0 85.49 0 112v352c0 26.51 21.49 48 48 48h352c26.51 0 48-21.49 48-48V112c0-26.51-21.49-48-48-48zm-6 400H54a6 6 0 0 1-6-6V160h352v298a6 6 0 0 1-6 6zm-52.849-200.65L198.842 404.519c-4.705 4.667-12.303 4.637-16.971-.068l-75.091-75.699c-4.667-4.705-4.637-12.303.068-16.971l22.719-22.536c4.705-4.667 12.303-4.637 16.97.069l44.104 44.461 111.072-110.181c4.705-4.667 12.303-4.637 16.971.068l22.536 22.718c4.667 4.705 4.636 12.303-.069 16.97z\"><\/path><\/svg>\t\t\t\t\t\t<\/span>\n\t\t\t\t\t\t\t\t\t\t<span class=\"elementor-icon-list-text\"><b>09:00 - 11:00 UTC<\/b> (10:00 - 12:00 SE\u010c)<\/span>\n\t\t\t\t\t\t\t\t\t<\/li>\n\t\t\t\t\t\t<\/ul>\n\t\t\t\t\t\t<\/div>\n\t\t\t\t<\/div>\n\t\t\t\t\t<\/div>\n\t\t\t\t<\/div>\n\t\t<div class=\"elementor-element elementor-element-dfcf95c e-flex e-con-boxed e-con e-child\" data-id=\"dfcf95c\" data-element_type=\"container\" data-e-type=\"container\">\n\t\t\t\t\t<div class=\"e-con-inner\">\n\t\t\t\t<div class=\"elementor-element elementor-element-9870777 elementor-widget elementor-widget-heading\" data-id=\"9870777\" data-element_type=\"widget\" data-e-type=\"widget\" data-widget_type=\"heading.default\">\n\t\t\t\t<div class=\"elementor-widget-container\">\n\t\t\t\t\t<h3 class=\"elementor-heading-title elementor-size-default\">Podrobnosti na<\/h3>\t\t\t\t<\/div>\n\t\t\t\t<\/div>\n\t\t\t\t<div class=\"elementor-element elementor-element-5e3f775 elementor-widget elementor-widget-text-editor\" data-id=\"5e3f775\" data-element_type=\"widget\" data-e-type=\"widget\" data-widget_type=\"text-editor.default\">\n\t\t\t\t<div class=\"elementor-widget-container\">\n\t\t\t\t\t\t\t\t\t<p>Jazyk: <strong>angli\u010dtina<\/strong><\/p>\t\t\t\t\t\t\t\t<\/div>\n\t\t\t\t<\/div>\n\t\t\t\t<div class=\"elementor-element elementor-element-0db4a87 elementor-widget elementor-widget-text-editor\" data-id=\"0db4a87\" data-element_type=\"widget\" data-e-type=\"widget\" data-widget_type=\"text-editor.default\">\n\t\t\t\t<div class=\"elementor-widget-container\">\n\t\t\t\t\t\t\t\t\t<p>Typ \u0161kolen\u00ed: <b>Online<\/b><\/p>\t\t\t\t\t\t\t\t<\/div>\n\t\t\t\t<\/div>\n\t\t\t\t<div class=\"elementor-element elementor-element-c2b9fd9 elementor-widget elementor-widget-text-editor\" data-id=\"c2b9fd9\" data-element_type=\"widget\" data-e-type=\"widget\" data-widget_type=\"text-editor.default\">\n\t\t\t\t<div class=\"elementor-widget-container\">\n\t\t\t\t\t\t\t\t\t<p>\u0160kolitel: <strong>Richard Milek<\/strong><\/p>\t\t\t\t\t\t\t\t<\/div>\n\t\t\t\t<\/div>\n\t\t\t\t\t<\/div>\n\t\t\t\t<\/div>\n\t\t\t\t\t<\/div>\n\t\t\t\t<\/div>\n\t\t<div class=\"elementor-element elementor-element-68e2678 e-flex e-con-boxed e-con e-child\" data-id=\"68e2678\" data-element_type=\"container\" data-e-type=\"container\">\n\t\t\t\t\t<div class=\"e-con-inner\">\n\t\t<div class=\"elementor-element elementor-element-6dff069 e-flex e-con-boxed e-con e-child\" data-id=\"6dff069\" data-element_type=\"container\" data-e-type=\"container\">\n\t\t\t\t\t<div class=\"e-con-inner\">\n\t\t\t\t<div class=\"elementor-element elementor-element-12ea63b elementor-widget elementor-widget-heading\" data-id=\"12ea63b\" data-element_type=\"widget\" data-e-type=\"widget\" data-widget_type=\"heading.default\">\n\t\t\t\t<div class=\"elementor-widget-container\">\n\t\t\t\t\t<h3 class=\"elementor-heading-title elementor-size-default\">Popis kurzu<\/h3>\t\t\t\t<\/div>\n\t\t\t\t<\/div>\n\t\t\t\t<div class=\"elementor-element elementor-element-3263582 elementor-widget elementor-widget-text-editor\" data-id=\"3263582\" data-element_type=\"widget\" data-e-type=\"widget\" data-widget_type=\"text-editor.default\">\n\t\t\t\t<div class=\"elementor-widget-container\">\n\t\t\t\t\t\t\t\t\t<p><strong>CUE Updates &amp; Innovations<\/strong> je prvn\u00ed z nov\u00e9 s\u00e9rie on-line prezentac\u00ed, jejich\u017e c\u00edlem je pravideln\u011b informovat na\u0161e partnery o <strong>nejnov\u011bj\u0161\u00edm v\u00fdvoji v oblasti hardwaru a softwaru CUE<\/strong>.<\/p><p>Tato \u00favodn\u00ed sekce poskytne \u0161irok\u00fd p\u0159ehled nejd\u016fle\u017eit\u011bj\u0161\u00edch novinek p\u0159edstaven\u00fdch na veletrhu ISE, v\u010detn\u011b na\u0161ich nejnov\u011bj\u0161\u00edch hardwarov\u00fdch produkt\u016f (touchCUE-7-W, touchONE-7-W a signCUE-three) a nejnov\u011bj\u0161\u00edch mo\u017enost\u00ed \u0159e\u0161en\u00ed CUE. <strong>D\u016fraz bude kladen na praktick\u00e9 p\u0159\u00edpady pou\u017eit\u00ed, re\u00e1ln\u00e9 aplikace a v\u00fdhody, kter\u00e9 tyto technologie p\u0159in\u00e1\u0161ej\u00ed do ka\u017edodenn\u00edho provozu<\/strong>.<\/p><p>Sp\u00ed\u0161e ne\u017e na technick\u00e9 detaily programov\u00e1n\u00ed se zam\u011b\u0159\u00edme na to, jak lze tato \u0159e\u0161en\u00ed vyu\u017e\u00edt v re\u00e1ln\u00fdch projektech, jak\u00e9 probl\u00e9my \u0159e\u0161\u00ed a jak mohou podpo\u0159it prodejn\u00ed rozhovory se z\u00e1kazn\u00edky. Z tohoto d\u016fvodu je \u0161kolen\u00ed <strong>vhodn\u00e9<\/strong> zejm\u00e9na <strong>pro odborn\u00edky na prodej a obchodn\u00ed partnery<\/strong>, kte\u0159\u00ed cht\u011bj\u00ed l\u00e9pe pochopit hodnotu a mo\u017enosti ekosyst\u00e9mu CUE. <\/p><p>Toto zased\u00e1n\u00ed slou\u017e\u00ed jako p\u0159ehled a n\u00e1hled. Na z\u00e1v\u011br p\u0159edstav\u00edme nadch\u00e1zej\u00edc\u00ed specializovan\u011bj\u0161\u00ed \u0161kolen\u00ed, kter\u00e1 se budou jednotliv\u00fdm t\u00e9mat\u016fm v\u011bnovat do v\u011bt\u0161\u00ed hloubky. <\/p><p><strong>P\u0159ipojte se k n\u00e1m a z\u00edskejte aktu\u00e1ln\u00ed informace o nejnov\u011bj\u0161\u00edch inovac\u00edch v oblasti CUE a zjist\u011bte, jak je lze vyu\u017e\u00edt v praxi.<\/strong><\/p>\t\t\t\t\t\t\t\t<\/div>\n\t\t\t\t<\/div>\n\t\t\t\t\t<\/div>\n\t\t\t\t<\/div>\n\t\t\t\t\t<\/div>\n\t\t\t\t<\/div>\n\t\t<div class=\"elementor-element elementor-element-d7a4c77 e-flex e-con-boxed e-con e-child\" data-id=\"d7a4c77\" data-element_type=\"container\" data-e-type=\"container\">\n\t\t\t\t\t<div class=\"e-con-inner\">\n\t\t\t\t<div class=\"elementor-element elementor-element-8bc7102 elementor-widget elementor-widget-heading\" data-id=\"8bc7102\" data-element_type=\"widget\" data-e-type=\"widget\" data-widget_type=\"heading.default\">\n\t\t\t\t<div class=\"elementor-widget-container\">\n\t\t\t\t\t<h3 class=\"elementor-heading-title elementor-size-default\">Pokud m\u00e1te z\u00e1jem o \u00fa\u010dast na tomto online \u0161kolen\u00ed, vypl\u0148te pros\u00edm registraci.<\/h3>\t\t\t\t<\/div>\n\t\t\t\t<\/div>\n\t\t\t\t<div class=\"elementor-element elementor-element-749f117 elementor-widget elementor-widget-button\" data-id=\"749f117\" data-element_type=\"widget\" data-e-type=\"widget\" data-widget_type=\"button.default\">\n\t\t\t\t<div class=\"elementor-widget-container\">\n\t\t\t\t\t\t\t\t\t<div class=\"elementor-button-wrapper\">\n\t\t\t\t\t<a class=\"elementor-button elementor-button-link elementor-size-sm\" href=\"#elementor-action%3Aaction%3Dpopup%3Aopen%26settings%3DeyJpZCI6MjI4NTAsInRvZ2dsZSI6ZmFsc2V9\">\n\t\t\t\t\t\t<span class=\"elementor-button-content-wrapper\">\n\t\t\t\t\t\t\t\t\t<span class=\"elementor-button-text\">Registrace<\/span>\n\t\t\t\t\t<\/span>\n\t\t\t\t\t<\/a>\n\t\t\t\t<\/div>\n\t\t\t\t\t\t\t\t<\/div>\n\t\t\t\t<\/div>\n\t\t\t\t\t<\/div>\n\t\t\t\t<\/div>\n\t\t\t\t<\/div>\n\t\t\t\t<\/div>\n\t\t","protected":false},"excerpt":{"rendered":"<p>Vzd\u011bl\u00e1vac\u00ed kurz Aktualizace a inovace syst\u00e9mu CUE 12. 5. 2026 \u010casov\u00fd pl\u00e1n 09:00 &#8211; 11:00 UTC (10:00 &#8211; 12:00 SE\u010c) Podrobnosti na Jazyk: angli\u010dtina Typ \u0161kolen\u00ed: Online \u0160kolitel: Richard Milek Popis kurzu CUE Updates &amp; Innovations je prvn\u00ed z nov\u00e9 s\u00e9rie on-line prezentac\u00ed, jejich\u017e c\u00edlem je pravideln\u011b informovat na\u0161e partnery o nejnov\u011bj\u0161\u00edm v\u00fdvoji v oblasti <a href=\"https:\/\/www.cuesystem.com\/cs\/aktualizace-a-inovace-cue-20260512\/\" class=\"more-link\">&#8230;<span class=\"screen-reader-text\">  Training CUE Updates &amp; Innovations 12.5.2026<\/span><\/a><\/p>\n","protected":false},"author":3,"featured_media":0,"parent":0,"menu_order":28,"comment_status":"closed","ping_status":"closed","template":"","meta":{"_acf_changed":false,"inline_featured_image":false,"footnotes":""},"kategorie":[],"class_list":["post-36672","page","type-page","status-publish","hentry"],"acf":[],"_links":{"self":[{"href":"https:\/\/www.cuesystem.com\/cs\/wp-json\/wp\/v2\/pages\/36672","targetHints":{"allow":["GET"]}}],"collection":[{"href":"https:\/\/www.cuesystem.com\/cs\/wp-json\/wp\/v2\/pages"}],"about":[{"href":"https:\/\/www.cuesystem.com\/cs\/wp-json\/wp\/v2\/types\/page"}],"author":[{"embeddable":true,"href":"https:\/\/www.cuesystem.com\/cs\/wp-json\/wp\/v2\/users\/3"}],"replies":[{"embeddable":true,"href":"https:\/\/www.cuesystem.com\/cs\/wp-json\/wp\/v2\/comments?post=36672"}],"version-history":[{"count":5,"href":"https:\/\/www.cuesystem.com\/cs\/wp-json\/wp\/v2\/pages\/36672\/revisions"}],"predecessor-version":[{"id":37119,"href":"https:\/\/www.cuesystem.com\/cs\/wp-json\/wp\/v2\/pages\/36672\/revisions\/37119"}],"wp:attachment":[{"href":"https:\/\/www.cuesystem.com\/cs\/wp-json\/wp\/v2\/media?parent=36672"}],"wp:term":[{"taxonomy":"kategorie","embeddable":true,"href":"https:\/\/www.cuesystem.com\/cs\/wp-json\/wp\/v2\/kategorie?post=36672"}],"curies":[{"name":"wp","href":"https:\/\/api.w.org\/{rel}","templated":true}]}}