{"id":36787,"date":"2026-03-25T12:23:38","date_gmt":"2026-03-25T11:23:38","guid":{"rendered":"https:\/\/www.cuesystem.com\/spolecnost-cue-na-veletrhu-mir-2026-a-medialog-2026\/"},"modified":"2026-03-25T13:10:35","modified_gmt":"2026-03-25T12:10:35","slug":"spolecnost-cue-na-veletrhu-mir-2026-a-medialog-2026","status":"publish","type":"page","link":"https:\/\/www.cuesystem.com\/cs\/co-je-noveho\/spolecnost-cue-na-veletrhu-mir-2026-a-medialog-2026\/","title":{"rendered":"Spole\u010dnost CUE na veletrhu MIR 2026 a MEDIALOG 2026"},"content":{"rendered":"\t\t<div data-elementor-type=\"wp-page\" data-elementor-id=\"36787\" class=\"elementor elementor-36787 elementor-36767\" data-elementor-post-type=\"page\">\n\t\t\t\t<div class=\"elementor-element elementor-element-5ac9279 e-con-full e-flex e-con e-child\" data-id=\"5ac9279\" data-element_type=\"container\" data-e-type=\"container\">\n\t\t\t\t<div class=\"elementor-element elementor-element-69d17cc elementor-widget elementor-widget-heading\" data-id=\"69d17cc\" data-element_type=\"widget\" data-e-type=\"widget\" data-widget_type=\"heading.default\">\n\t\t\t\t<div class=\"elementor-widget-container\">\n\t\t\t\t\t<h3 class=\"elementor-heading-title elementor-size-default\">Ud\u00e1losti<\/h3>\t\t\t\t<\/div>\n\t\t\t\t<\/div>\n\t\t\t\t<div class=\"elementor-element elementor-element-9404eb1 elementor-widget elementor-widget-heading\" data-id=\"9404eb1\" data-element_type=\"widget\" data-e-type=\"widget\" data-widget_type=\"heading.default\">\n\t\t\t\t<div class=\"elementor-widget-container\">\n\t\t\t\t\t<h1 class=\"elementor-heading-title elementor-size-default\">Spole\u010dnost CUE na veletrhu MIR 2026 a MEDIALOG 2026<\/h1>\t\t\t\t<\/div>\n\t\t\t\t<\/div>\n\t\t\t\t<div class=\"elementor-element elementor-element-7ed02ea elementor-widget-divider--view-line elementor-widget elementor-widget-divider\" data-id=\"7ed02ea\" data-element_type=\"widget\" data-e-type=\"widget\" data-widget_type=\"divider.default\">\n\t\t\t\t<div class=\"elementor-widget-container\">\n\t\t\t\t\t\t\t<div class=\"elementor-divider\">\n\t\t\t<span class=\"elementor-divider-separator\">\n\t\t\t\t\t\t<\/span>\n\t\t<\/div>\n\t\t\t\t\t\t<\/div>\n\t\t\t\t<\/div>\n\t\t<div class=\"elementor-element elementor-element-9043eeb e-flex e-con-boxed e-con e-child\" data-id=\"9043eeb\" data-element_type=\"container\" data-e-type=\"container\">\n\t\t\t\t\t<div class=\"e-con-inner\">\n\t\t\t\t<div class=\"elementor-element elementor-element-faa197e elementor-widget elementor-widget-text-editor\" data-id=\"faa197e\" data-element_type=\"widget\" data-e-type=\"widget\" data-widget_type=\"text-editor.default\">\n\t\t\t\t<div class=\"elementor-widget-container\">\n\t\t\t\t\t\t\t\t\t<p>Po \u00fasp\u011b\u0161n\u00e9m veletrhu ISE p\u0159iv\u00e1\u017e\u00edme na ja\u0159e stejnou <strong>v\u00fdkonnou sestavu<\/strong> na <strong>dv\u011b kl\u00ed\u010dov\u00e9 evropsk\u00e9 akce<\/strong>. P\u0159ipojte se k n\u00e1m a prozkoumejte, jak CUE pokra\u010duje ve zjednodu\u0161ov\u00e1n\u00ed ovl\u00e1d\u00e1n\u00ed, monitorov\u00e1n\u00ed a automatizace v modern\u00edch prostor\u00e1ch. <\/p>\t\t\t\t\t\t\t\t<\/div>\n\t\t\t\t<\/div>\n\t\t\t\t\t<\/div>\n\t\t\t\t<\/div>\n\t\t<div class=\"elementor-element elementor-element-778a6df e-flex e-con-boxed e-con e-child\" data-id=\"778a6df\" data-element_type=\"container\" data-e-type=\"container\">\n\t\t\t\t\t<div class=\"e-con-inner\">\n\t\t\t\t<div class=\"elementor-element elementor-element-2e9272b elementor-widget-divider--view-line elementor-widget elementor-widget-divider\" data-id=\"2e9272b\" data-element_type=\"widget\" data-e-type=\"widget\" data-widget_type=\"divider.default\">\n\t\t\t\t<div class=\"elementor-widget-container\">\n\t\t\t\t\t\t\t<div class=\"elementor-divider\">\n\t\t\t<span class=\"elementor-divider-separator\">\n\t\t\t\t\t\t<\/span>\n\t\t<\/div>\n\t\t\t\t\t\t<\/div>\n\t\t\t\t<\/div>\n\t\t\t\t<div class=\"elementor-element elementor-element-5e6dab6 elementor-widget elementor-widget-heading\" data-id=\"5e6dab6\" data-element_type=\"widget\" data-e-type=\"widget\" data-widget_type=\"heading.default\">\n\t\t\t\t<div class=\"elementor-widget-container\">\n\t\t\t\t\t<h2 class=\"elementor-heading-title elementor-size-default\">MIR 2026<\/h2>\t\t\t\t<\/div>\n\t\t\t\t<\/div>\n\t\t\t\t<div class=\"elementor-element elementor-element-1dd28da elementor-widget-divider--view-line elementor-widget elementor-widget-divider\" data-id=\"1dd28da\" data-element_type=\"widget\" data-e-type=\"widget\" data-widget_type=\"divider.default\">\n\t\t\t\t<div class=\"elementor-widget-container\">\n\t\t\t\t\t\t\t<div class=\"elementor-divider\">\n\t\t\t<span class=\"elementor-divider-separator\">\n\t\t\t\t\t\t<\/span>\n\t\t<\/div>\n\t\t\t\t\t\t<\/div>\n\t\t\t\t<\/div>\n\t\t\t\t\t<\/div>\n\t\t\t\t<\/div>\n\t\t<div class=\"elementor-element elementor-element-34c3a6a e-grid e-con-boxed e-con e-child\" data-id=\"34c3a6a\" data-element_type=\"container\" data-e-type=\"container\">\n\t\t\t\t\t<div class=\"e-con-inner\">\n\t\t<div class=\"elementor-element elementor-element-dde71ba e-con-full e-flex e-con e-child\" data-id=\"dde71ba\" data-element_type=\"container\" data-e-type=\"container\">\n\t\t\t\t<div class=\"elementor-element elementor-element-b6e237e elementor-widget elementor-widget-text-editor\" data-id=\"b6e237e\" data-element_type=\"widget\" data-e-type=\"widget\" data-widget_type=\"text-editor.default\">\n\t\t\t\t<div class=\"elementor-widget-container\">\n\t\t\t\t\t\t\t\t\t<h3>12.-14. dubna 2026<\/h3><h4><em>Hala A1 &#8211; st\u00e1nek 165 | Rimini Expo Centre, It\u00e1lie<\/em><\/h4><p>Vrac\u00edme se do <strong><a href=\"https:\/\/www.mirtechexpo.com\/en\" target=\"_blank\" rel=\"noopener\">MIR<\/a><\/strong>, p\u0159edn\u00ed italsk\u00e9 ud\u00e1losti v oblasti AV, osv\u011btlen\u00ed a \u0159\u00eddic\u00edch technologi\u00ed. Spole\u010dn\u011b s na\u0161\u00edm partnerem <a href=\"https:\/\/www.intermark.it\/home-english\/\"><strong>Intermark Sistemi<\/strong><\/a>, p\u0159edvedeme, jak \u0159e\u0161en\u00ed CUE funguj\u00ed v re\u00e1ln\u00fdch sc\u00e9n\u00e1\u0159\u00edch, od firemn\u00edho prost\u0159ed\u00ed a\u017e po vzd\u011bl\u00e1v\u00e1n\u00ed a dal\u0161\u00ed. O\u010dek\u00e1vejte praktick\u00e9 uk\u00e1zky, praktick\u00e9 p\u0159\u00edpady pou\u017eit\u00ed a pohlcuj\u00edc\u00ed z\u00e1\u017eitky.  <\/p>\t\t\t\t\t\t\t\t<\/div>\n\t\t\t\t<\/div>\n\t\t\t\t<\/div>\n\t\t<div class=\"elementor-element elementor-element-b55b7d6 e-con-full e-flex e-con e-child\" data-id=\"b55b7d6\" data-element_type=\"container\" data-e-type=\"container\">\n\t\t\t\t<div class=\"elementor-element elementor-element-5317560 elementor-widget elementor-widget-image\" data-id=\"5317560\" data-element_type=\"widget\" data-e-type=\"widget\" data-widget_type=\"image.default\">\n\t\t\t\t<div class=\"elementor-widget-container\">\n\t\t\t\t\t\t\t\t\t\t\t\t\t\t\t<img fetchpriority=\"high\" decoding=\"async\" width=\"1024\" height=\"607\" src=\"https:\/\/www.cuesystem.com\/wp-content\/uploads\/2026\/03\/1761144389-1024x607.webp\" class=\"attachment-large size-large wp-image-36772\" alt=\"\" srcset=\"https:\/\/www.cuesystem.com\/wp-content\/uploads\/2026\/03\/1761144389-1024x607.webp 1024w, https:\/\/www.cuesystem.com\/wp-content\/uploads\/2026\/03\/1761144389-300x178.webp 300w, https:\/\/www.cuesystem.com\/wp-content\/uploads\/2026\/03\/1761144389.webp 1147w\" sizes=\"(max-width: 1024px) 100vw, 1024px\" \/>\t\t\t\t\t\t\t\t\t\t\t\t\t\t\t<\/div>\n\t\t\t\t<\/div>\n\t\t\t\t<\/div>\n\t\t\t\t\t<\/div>\n\t\t\t\t<\/div>\n\t\t<div class=\"elementor-element elementor-element-f7ba618 e-flex e-con-boxed e-con e-child\" data-id=\"f7ba618\" data-element_type=\"container\" data-e-type=\"container\">\n\t\t\t\t\t<div class=\"e-con-inner\">\n\t\t\t\t<div class=\"elementor-element elementor-element-0ca465f elementor-widget-divider--view-line elementor-widget elementor-widget-divider\" data-id=\"0ca465f\" data-element_type=\"widget\" data-e-type=\"widget\" data-widget_type=\"divider.default\">\n\t\t\t\t<div class=\"elementor-widget-container\">\n\t\t\t\t\t\t\t<div class=\"elementor-divider\">\n\t\t\t<span class=\"elementor-divider-separator\">\n\t\t\t\t\t\t<\/span>\n\t\t<\/div>\n\t\t\t\t\t\t<\/div>\n\t\t\t\t<\/div>\n\t\t\t\t<div class=\"elementor-element elementor-element-237e7e1 elementor-widget elementor-widget-heading\" data-id=\"237e7e1\" data-element_type=\"widget\" data-e-type=\"widget\" data-widget_type=\"heading.default\">\n\t\t\t\t<div class=\"elementor-widget-container\">\n\t\t\t\t\t<h2 class=\"elementor-heading-title elementor-size-default\">MEDIALOG 2026<\/h2>\t\t\t\t<\/div>\n\t\t\t\t<\/div>\n\t\t\t\t<div class=\"elementor-element elementor-element-6867bed elementor-widget-divider--view-line elementor-widget elementor-widget-divider\" data-id=\"6867bed\" data-element_type=\"widget\" data-e-type=\"widget\" data-widget_type=\"divider.default\">\n\t\t\t\t<div class=\"elementor-widget-container\">\n\t\t\t\t\t\t\t<div class=\"elementor-divider\">\n\t\t\t<span class=\"elementor-divider-separator\">\n\t\t\t\t\t\t<\/span>\n\t\t<\/div>\n\t\t\t\t\t\t<\/div>\n\t\t\t\t<\/div>\n\t\t<div class=\"elementor-element elementor-element-e81aca3 e-grid e-con-full e-con e-child\" data-id=\"e81aca3\" data-element_type=\"container\" data-e-type=\"container\">\n\t\t<div class=\"elementor-element elementor-element-a529878 e-con-full e-flex e-con e-child\" data-id=\"a529878\" data-element_type=\"container\" data-e-type=\"container\">\n\t\t\t\t<div class=\"elementor-element elementor-element-8cb2e4b elementor-widget elementor-widget-image\" data-id=\"8cb2e4b\" data-element_type=\"widget\" data-e-type=\"widget\" data-widget_type=\"image.default\">\n\t\t\t\t<div class=\"elementor-widget-container\">\n\t\t\t\t\t\t\t\t\t\t\t\t\t\t\t<img decoding=\"async\" width=\"425\" height=\"300\" src=\"https:\/\/www.cuesystem.com\/wp-content\/uploads\/2026\/03\/KSM26-TMOB_425x300.webp\" class=\"attachment-large size-large wp-image-36777\" alt=\"\" srcset=\"https:\/\/www.cuesystem.com\/wp-content\/uploads\/2026\/03\/KSM26-TMOB_425x300.webp 425w, https:\/\/www.cuesystem.com\/wp-content\/uploads\/2026\/03\/KSM26-TMOB_425x300-300x212.webp 300w\" sizes=\"(max-width: 425px) 100vw, 425px\" \/>\t\t\t\t\t\t\t\t\t\t\t\t\t\t\t<\/div>\n\t\t\t\t<\/div>\n\t\t\t\t<\/div>\n\t\t<div class=\"elementor-element elementor-element-5286e56 e-con-full e-flex e-con e-child\" data-id=\"5286e56\" data-element_type=\"container\" data-e-type=\"container\">\n\t\t\t\t<div class=\"elementor-element elementor-element-e6cdc9d elementor-widget elementor-widget-text-editor\" data-id=\"e6cdc9d\" data-element_type=\"widget\" data-e-type=\"widget\" data-widget_type=\"text-editor.default\">\n\t\t\t\t<div class=\"elementor-widget-container\">\n\t\t\t\t\t\t\t\t\t<h3>22.-23. dubna 2026<\/h3><h4><em>Halle 45, Mohu\u010d, N\u011bmecko<\/em><\/h4><p>Na adrese <a href=\"https:\/\/www.kern-stelly-formular.de\/medialog\/\"><strong>MEDIALOG<\/strong><\/a>, kl\u00ed\u010dov\u00e9m m\u00edst\u011b setk\u00e1n\u00ed odborn\u00edk\u016f na AV a UC, se op\u011bt p\u0159ipoj\u00edme k na\u0161emu partnerovi <a href=\"https:\/\/www.kern-stelly.de\/\"><strong>Kern &amp; Stelly<\/strong><\/a>. Objevte nejnov\u011bj\u0161\u00ed inovace, spojte se s odborn\u00edky z oboru a zjist\u011bte, jak m\u016f\u017ee integrovan\u00e9 \u0159\u00edzen\u00ed zm\u011bnit ka\u017edodenn\u00ed provoz. <\/p>\t\t\t\t\t\t\t\t<\/div>\n\t\t\t\t<\/div>\n\t\t\t\t<\/div>\n\t\t\t\t<\/div>\n\t\t\t\t<div class=\"elementor-element elementor-element-d76d253 elementor-widget-divider--view-line elementor-widget elementor-widget-divider\" data-id=\"d76d253\" data-element_type=\"widget\" data-e-type=\"widget\" data-widget_type=\"divider.default\">\n\t\t\t\t<div class=\"elementor-widget-container\">\n\t\t\t\t\t\t\t<div class=\"elementor-divider\">\n\t\t\t<span class=\"elementor-divider-separator\">\n\t\t\t\t\t\t<\/span>\n\t\t<\/div>\n\t\t\t\t\t\t<\/div>\n\t\t\t\t<\/div>\n\t\t\t\t<div class=\"elementor-element elementor-element-f113f11 elementor-widget elementor-widget-heading\" data-id=\"f113f11\" data-element_type=\"widget\" data-e-type=\"widget\" data-widget_type=\"heading.default\">\n\t\t\t\t<div class=\"elementor-widget-container\">\n\t\t\t\t\t<h2 class=\"elementor-heading-title elementor-size-default\">Co p\u0159edvedeme<\/h2>\t\t\t\t<\/div>\n\t\t\t\t<\/div>\n\t\t\t\t<div class=\"elementor-element elementor-element-f59f7b8 elementor-widget elementor-widget-text-editor\" data-id=\"f59f7b8\" data-element_type=\"widget\" data-e-type=\"widget\" data-widget_type=\"text-editor.default\">\n\t\t\t\t<div class=\"elementor-widget-container\">\n\t\t\t\t\t\t\t\t\t<p><strong>Hardware<\/strong><\/p><ul><li>touchCUE-7-W<\/li><li>touchONE-7-W<\/li><li>signCUE-three<\/li><\/ul><p><strong>Software &#8211; CUE Solution<\/strong><\/p><ul><li>Nov\u00e9 aplikace zam\u011b\u0159en\u00e9 na za\u0159\u00edzen\u00ed<\/li><li>Pokro\u010dil\u00e9 mo\u017enosti pracovn\u00edho prostoru v oblasti rezervac\u00ed, navigace, ovl\u00e1d\u00e1n\u00ed a anal\u00fdzy<\/li><li>Integrace HP Poly &#8211; umo\u017e\u0148uje dotykov\u00fdm panel\u016fm Poly fungovat jako centr\u00e1ln\u00ed ovl\u00e1dac\u00ed rozhran\u00ed pro jednac\u00ed prostory<\/li><\/ul><p><strong>AI pro CUE Visual Composer<\/strong><br>N\u00e1\u0161 nov\u00fd asistent s um\u011blou inteligenc\u00ed pom\u00e1h\u00e1 generovat, kontrolovat a optimalizovat k\u00f3d XPL2, tak\u017ee programov\u00e1n\u00ed je rychlej\u0161\u00ed, jednodu\u0161\u0161\u00ed a spolehliv\u011bj\u0161\u00ed.<\/p>\t\t\t\t\t\t\t\t<\/div>\n\t\t\t\t<\/div>\n\t\t\t\t<div class=\"elementor-element elementor-element-9a4c62a elementor-widget-divider--view-line elementor-widget elementor-widget-divider\" data-id=\"9a4c62a\" data-element_type=\"widget\" data-e-type=\"widget\" data-widget_type=\"divider.default\">\n\t\t\t\t<div class=\"elementor-widget-container\">\n\t\t\t\t\t\t\t<div class=\"elementor-divider\">\n\t\t\t<span class=\"elementor-divider-separator\">\n\t\t\t\t\t\t<\/span>\n\t\t<\/div>\n\t\t\t\t\t\t<\/div>\n\t\t\t\t<\/div>\n\t\t\t\t<div class=\"elementor-element elementor-element-193a2bd elementor-widget elementor-widget-text-editor\" data-id=\"193a2bd\" data-element_type=\"widget\" data-e-type=\"widget\" data-widget_type=\"text-editor.default\">\n\t\t\t\t<div class=\"elementor-widget-container\">\n\t\t\t\t\t\t\t\t\t<p><em>A\u0165 u\u017e hled\u00e1te chyt\u0159ej\u0161\u00ed ovl\u00e1d\u00e1n\u00ed, bezprobl\u00e9movou integraci nebo efektivn\u011bj\u0161\u00ed pracovn\u00ed postupy, p\u0159ij\u010fte se pod\u00edvat, co v\u0161echno je mo\u017en\u00e9 se syst\u00e9mem CUE. <a href=\"https:\/\/www.mirtechexpo.com\/en\"><strong>MIR<\/strong><\/a> a <a href=\"https:\/\/www.kern-stelly-formular.de\/medialog\/\"><strong>MEDIALOG<\/strong><\/a> 2026.<\/em><\/p>\t\t\t\t\t\t\t\t<\/div>\n\t\t\t\t<\/div>\n\t\t\t\t\t<\/div>\n\t\t\t\t<\/div>\n\t\t\t\t<\/div>\n\t\t\t\t<\/div>\n\t\t","protected":false},"excerpt":{"rendered":"<p>Ud\u00e1losti Spole\u010dnost CUE na veletrhu MIR 2026 a MEDIALOG 2026 Po \u00fasp\u011b\u0161n\u00e9m veletrhu ISE p\u0159iv\u00e1\u017e\u00edme na ja\u0159e stejnou v\u00fdkonnou sestavu na dv\u011b kl\u00ed\u010dov\u00e9 evropsk\u00e9 akce. P\u0159ipojte se k n\u00e1m a prozkoumejte, jak CUE pokra\u010duje ve zjednodu\u0161ov\u00e1n\u00ed ovl\u00e1d\u00e1n\u00ed, monitorov\u00e1n\u00ed a automatizace v modern\u00edch prostor\u00e1ch. MIR 2026 12.-14. dubna 2026 Hala A1 &#8211; st\u00e1nek 165 | Rimini <a href=\"https:\/\/www.cuesystem.com\/cs\/co-je-noveho\/spolecnost-cue-na-veletrhu-mir-2026-a-medialog-2026\/\" class=\"more-link\">&#8230;<span class=\"screen-reader-text\">  Spole\u010dnost CUE na veletrhu MIR 2026 a MEDIALOG 2026<\/span><\/a><\/p>\n","protected":false},"author":11,"featured_media":0,"parent":31296,"menu_order":12,"comment_status":"closed","ping_status":"closed","template":"","meta":{"_acf_changed":false,"inline_featured_image":false,"footnotes":""},"kategorie":[],"class_list":["post-36787","page","type-page","status-publish","hentry"],"acf":[],"_links":{"self":[{"href":"https:\/\/www.cuesystem.com\/cs\/wp-json\/wp\/v2\/pages\/36787","targetHints":{"allow":["GET"]}}],"collection":[{"href":"https:\/\/www.cuesystem.com\/cs\/wp-json\/wp\/v2\/pages"}],"about":[{"href":"https:\/\/www.cuesystem.com\/cs\/wp-json\/wp\/v2\/types\/page"}],"author":[{"embeddable":true,"href":"https:\/\/www.cuesystem.com\/cs\/wp-json\/wp\/v2\/users\/11"}],"replies":[{"embeddable":true,"href":"https:\/\/www.cuesystem.com\/cs\/wp-json\/wp\/v2\/comments?post=36787"}],"version-history":[{"count":2,"href":"https:\/\/www.cuesystem.com\/cs\/wp-json\/wp\/v2\/pages\/36787\/revisions"}],"predecessor-version":[{"id":36805,"href":"https:\/\/www.cuesystem.com\/cs\/wp-json\/wp\/v2\/pages\/36787\/revisions\/36805"}],"up":[{"embeddable":true,"href":"https:\/\/www.cuesystem.com\/cs\/wp-json\/wp\/v2\/pages\/31296"}],"wp:attachment":[{"href":"https:\/\/www.cuesystem.com\/cs\/wp-json\/wp\/v2\/media?parent=36787"}],"wp:term":[{"taxonomy":"kategorie","embeddable":true,"href":"https:\/\/www.cuesystem.com\/cs\/wp-json\/wp\/v2\/kategorie?post=36787"}],"curies":[{"name":"wp","href":"https:\/\/api.w.org\/{rel}","templated":true}]}}