{"id":37243,"date":"2026-04-01T13:45:09","date_gmt":"2026-04-01T11:45:09","guid":{"rendered":"https:\/\/www.cuesystem.com\/pripadove-studie\/magistrat-mesta-olomouc\/"},"modified":"2026-04-01T14:36:13","modified_gmt":"2026-04-01T12:36:13","slug":"magistrat-mesta-olomouc","status":"publish","type":"page","link":"https:\/\/www.cuesystem.com\/cs\/pripadove-studie\/magistrat-mesta-olomouc\/","title":{"rendered":"Magistr\u00e1t m\u011bsta Olomouc"},"content":{"rendered":"\t\t<div data-elementor-type=\"wp-page\" data-elementor-id=\"37243\" class=\"elementor elementor-37243 elementor-37164\" data-elementor-post-type=\"page\">\n\t\t\t\t<div class=\"elementor-element elementor-element-9962202 e-con-full e-flex e-con e-child\" data-id=\"9962202\" data-element_type=\"container\" data-e-type=\"container\">\n\t\t\t\t<div class=\"elementor-element elementor-element-e3efddd elementor-widget elementor-widget-heading\" data-id=\"e3efddd\" data-element_type=\"widget\" data-e-type=\"widget\" data-widget_type=\"heading.default\">\n\t\t\t\t<div class=\"elementor-widget-container\">\n\t\t\t\t\t<h3 class=\"elementor-heading-title elementor-size-default\">P\u0159\u00edpadov\u00e1 studie<\/h3>\t\t\t\t<\/div>\n\t\t\t\t<\/div>\n\t\t\t\t<div class=\"elementor-element elementor-element-d5a69f1 elementor-widget elementor-widget-heading\" data-id=\"d5a69f1\" data-element_type=\"widget\" data-e-type=\"widget\" data-widget_type=\"heading.default\">\n\t\t\t\t<div class=\"elementor-widget-container\">\n\t\t\t\t\t<h1 class=\"elementor-heading-title elementor-size-default\">Magistr\u00e1t m\u011bsta Olomouc<\/h1>\t\t\t\t<\/div>\n\t\t\t\t<\/div>\n\t\t\t\t<div class=\"elementor-element elementor-element-1fe65e1 elementor-widget-divider--view-line elementor-widget elementor-widget-divider\" data-id=\"1fe65e1\" data-element_type=\"widget\" data-e-type=\"widget\" data-widget_type=\"divider.default\">\n\t\t\t\t<div class=\"elementor-widget-container\">\n\t\t\t\t\t\t\t<div class=\"elementor-divider\">\n\t\t\t<span class=\"elementor-divider-separator\">\n\t\t\t\t\t\t<\/span>\n\t\t<\/div>\n\t\t\t\t\t\t<\/div>\n\t\t\t\t<\/div>\n\t\t<div class=\"elementor-element elementor-element-e7e0a34 e-grid e-con-boxed e-con e-child\" data-id=\"e7e0a34\" data-element_type=\"container\" data-e-type=\"container\">\n\t\t\t\t\t<div class=\"e-con-inner\">\n\t\t<div class=\"elementor-element elementor-element-426d370 e-con-full e-flex e-con e-child\" data-id=\"426d370\" data-element_type=\"container\" data-e-type=\"container\">\n\t\t\t\t<div class=\"elementor-element elementor-element-a38cba8 elementor-widget elementor-widget-heading\" data-id=\"a38cba8\" data-element_type=\"widget\" data-e-type=\"widget\" data-widget_type=\"heading.default\">\n\t\t\t\t<div class=\"elementor-widget-container\">\n\t\t\t\t\t<h2 class=\"elementor-heading-title elementor-size-default\">V\u00fdzva<\/h2>\t\t\t\t<\/div>\n\t\t\t\t<\/div>\n\t\t\t\t<div class=\"elementor-element elementor-element-035ef34 elementor-widget elementor-widget-text-editor\" data-id=\"035ef34\" data-element_type=\"widget\" data-e-type=\"widget\" data-widget_type=\"text-editor.default\">\n\t\t\t\t<div class=\"elementor-widget-container\">\n\t\t\t\t\t\t\t\t\t<p>Po t\u00e9m\u011b\u0159 dvou desetilet\u00edch se v hlavn\u00ed zasedac\u00ed m\u00edstnosti rady m\u011bsta <a href=\"https:\/\/www.olomouc.eu\/magistrat\"><strong>olomouck\u00e9 radnice<\/strong><\/a> pro\u0161la <strong>z\u00e1sadn\u00ed modernizac\u00ed, aby<\/strong> <strong>odpov\u00eddala po\u017eadavk\u016fm dne\u0161n\u00ed hybridn\u00ed spr\u00e1vy<\/strong>. C\u00edlem bylo vytvo\u0159it prostor, kter\u00fd podporuje osobn\u00ed i vzd\u00e1lenou \u00fa\u010dast, <strong>zjednodu\u0161uje slo\u017eit\u00e9 AV operace<\/strong> a zaji\u0161\u0165uje plynul\u00e9 a <strong>intuitivn\u00ed ovl\u00e1d\u00e1n\u00ed<\/strong> ka\u017ed\u00e9ho zased\u00e1n\u00ed. <\/p><p>Vzhledem k tomu, \u017ee bylo k dispozici v\u00edce technologi\u00ed (od hlasovac\u00edch syst\u00e9m\u016f a projekc\u00ed a\u017e po streamov\u00e1n\u00ed a zvuk), byl kl\u00ed\u010dov\u00fd \u00fakol jasn\u00fd: <strong>sjednotit ovl\u00e1d\u00e1n\u00ed do jedin\u00e9ho, u\u017eivatelsky p\u0159\u00edv\u011btiv\u00e9ho rozhran\u00ed<\/strong>, kter\u00e9 umo\u017en\u00ed bezprobl\u00e9movou spr\u00e1vu cel\u00e9ho prost\u0159ed\u00ed, a to jak z podlah, tak z technick\u00e9 \u0159\u00eddic\u00ed m\u00edstnosti.<\/p>\t\t\t\t\t\t\t\t<\/div>\n\t\t\t\t<\/div>\n\t\t\t\t<\/div>\n\t\t<div class=\"elementor-element elementor-element-4300f84 e-con-full e-flex e-con e-child\" data-id=\"4300f84\" data-element_type=\"container\" data-e-type=\"container\">\n\t\t\t\t<div class=\"elementor-element elementor-element-3c444df elementor-widget elementor-widget-image\" data-id=\"3c444df\" data-element_type=\"widget\" data-e-type=\"widget\" data-widget_type=\"image.default\">\n\t\t\t\t<div class=\"elementor-widget-container\">\n\t\t\t\t\t\t\t\t\t\t\t\t\t\t\t\t<a href=\"https:\/\/www.cuesystem.com\/wp-content\/uploads\/2026\/04\/systems_magistrat-mesta-olomouc_14.webp\" data-elementor-open-lightbox=\"yes\" data-e-action-hash=\"#elementor-action%3Aaction%3Dlightbox%26settings%3DeyJpZCI6MzcxNzMsInVybCI6Imh0dHBzOlwvXC93d3cuY3Vlc3lzdGVtLmNvbVwvd3AtY29udGVudFwvdXBsb2Fkc1wvMjAyNlwvMDRcL3N5c3RlbXNfbWFnaXN0cmF0LW1lc3RhLW9sb21vdWNfMTQud2VicCJ9\">\n\t\t\t\t\t\t\t<img fetchpriority=\"high\" decoding=\"async\" width=\"1024\" height=\"683\" src=\"https:\/\/www.cuesystem.com\/wp-content\/uploads\/2026\/04\/systems_magistrat-mesta-olomouc_14-1024x683.webp\" class=\"attachment-large size-large wp-image-37173\" alt=\"\" srcset=\"https:\/\/www.cuesystem.com\/wp-content\/uploads\/2026\/04\/systems_magistrat-mesta-olomouc_14-1024x683.webp 1024w, https:\/\/www.cuesystem.com\/wp-content\/uploads\/2026\/04\/systems_magistrat-mesta-olomouc_14-300x200.webp 300w, https:\/\/www.cuesystem.com\/wp-content\/uploads\/2026\/04\/systems_magistrat-mesta-olomouc_14.webp 1200w\" sizes=\"(max-width: 1024px) 100vw, 1024px\" \/>\t\t\t\t\t\t\t\t<\/a>\n\t\t\t\t\t\t\t\t\t\t\t\t\t\t\t<\/div>\n\t\t\t\t<\/div>\n\t\t\t\t<\/div>\n\t\t\t\t\t<\/div>\n\t\t\t\t<\/div>\n\t\t<div class=\"elementor-element elementor-element-c08e3d6 e-grid e-con-boxed e-con e-child\" data-id=\"c08e3d6\" data-element_type=\"container\" data-e-type=\"container\">\n\t\t\t\t\t<div class=\"e-con-inner\">\n\t\t<div class=\"elementor-element elementor-element-ffd5330 e-con-full e-flex e-con e-child\" data-id=\"ffd5330\" data-element_type=\"container\" data-e-type=\"container\">\n\t\t\t\t<div class=\"elementor-element elementor-element-e9fc54a elementor-widget elementor-widget-image\" data-id=\"e9fc54a\" data-element_type=\"widget\" data-e-type=\"widget\" data-widget_type=\"image.default\">\n\t\t\t\t<div class=\"elementor-widget-container\">\n\t\t\t\t\t\t\t\t\t\t\t\t\t\t\t\t<a href=\"https:\/\/www.cuesystem.com\/wp-content\/uploads\/2026\/04\/IMG-1116.webp\" data-elementor-open-lightbox=\"yes\" data-e-action-hash=\"#elementor-action%3Aaction%3Dlightbox%26settings%3DeyJpZCI6MzcxNjgsInVybCI6Imh0dHBzOlwvXC93d3cuY3Vlc3lzdGVtLmNvbVwvd3AtY29udGVudFwvdXBsb2Fkc1wvMjAyNlwvMDRcL0lNRy0xMTE2LndlYnAifQ%3D%3D\">\n\t\t\t\t\t\t\t<img decoding=\"async\" width=\"1024\" height=\"768\" src=\"https:\/\/www.cuesystem.com\/wp-content\/uploads\/2026\/04\/IMG-1116-1024x768.webp\" class=\"attachment-large size-large wp-image-37168\" alt=\"\" srcset=\"https:\/\/www.cuesystem.com\/wp-content\/uploads\/2026\/04\/IMG-1116-1024x768.webp 1024w, https:\/\/www.cuesystem.com\/wp-content\/uploads\/2026\/04\/IMG-1116-300x225.webp 300w, https:\/\/www.cuesystem.com\/wp-content\/uploads\/2026\/04\/IMG-1116.webp 1920w\" sizes=\"(max-width: 1024px) 100vw, 1024px\" \/>\t\t\t\t\t\t\t\t<\/a>\n\t\t\t\t\t\t\t\t\t\t\t\t\t\t\t<\/div>\n\t\t\t\t<\/div>\n\t\t\t\t<\/div>\n\t\t<div class=\"elementor-element elementor-element-c2a8138 e-con-full e-flex e-con e-child\" data-id=\"c2a8138\" data-element_type=\"container\" data-e-type=\"container\">\n\t\t\t\t<div class=\"elementor-element elementor-element-b623b68 elementor-widget elementor-widget-heading\" data-id=\"b623b68\" data-element_type=\"widget\" data-e-type=\"widget\" data-widget_type=\"heading.default\">\n\t\t\t\t<div class=\"elementor-widget-container\">\n\t\t\t\t\t<h2 class=\"elementor-heading-title elementor-size-default\">O olomouck\u00e9m magistr\u00e1tu<\/h2>\t\t\t\t<\/div>\n\t\t\t\t<\/div>\n\t\t\t\t<div class=\"elementor-element elementor-element-f4142d2 elementor-widget elementor-widget-text-editor\" data-id=\"f4142d2\" data-element_type=\"widget\" data-e-type=\"widget\" data-widget_type=\"text-editor.default\">\n\t\t\t\t<div class=\"elementor-widget-container\">\n\t\t\t\t\t\t\t\t\t<p><a href=\"https:\/\/www.olomouc.eu\/magistrat\"><strong>Magistr\u00e1t m\u011bsta Olomouce<\/strong><\/a> slou\u017e\u00ed jako <strong>spr\u00e1vn\u00ed centrum<\/strong> jednoho z historick\u00fdch m\u011bst \u010cesk\u00e9 republiky. Podporuje pr\u00e1ci volen\u00fdch z\u00e1stupc\u016f, v\u00fdbor\u016f a odbor\u016f magistr\u00e1tu a zaji\u0161\u0165uje tak <strong>hladk\u00fd chod m\u00edstn\u00ed spr\u00e1vy<\/strong>. <\/p><p>Jako <strong>modern\u00ed ve\u0159ejn\u00e1 instituce<\/strong> m\u011bsto neust\u00e1le investuje do<strong> digitalizace<\/strong> a inovac\u00ed, aby <strong>zlep\u0161ilo intern\u00ed procesy i ve\u0159ejn\u00e9 slu\u017eby<\/strong>.<\/p><p class=\"\" data-v-4d192987=\"\" data-v-4a7aac3a=\"\"><span class=\"text_node\" data-v-816e464e=\"\" data-v-4d192987=\"\">Na\u0161e <\/span><span class=\"text_node rw_adf_text_strong\" data-v-816e464e=\"\" data-v-4d192987=\"\">\u010cesk\u00fd partner<strong> <\/strong><\/span><strong><a class=\"link_node text_node rw_adf_text_strong\" tabindex=\"0\" href=\"https:\/\/www.avmedia.cz\/en\/\" target=\"_blank\" rel=\"noopener\" data-v-098e4e53=\"\" data-v-816e464e=\"\" data-v-4d192987=\"\" data-ui-id=\"text-link\" data-ui-content=\"AV MEDIA\"><span class=\"inline_text_span\" data-v-098e4e53=\"\">AV MEDIA<\/span><\/a><\/strong><span class=\"text_node rw_adf_text_strong\" data-v-816e464e=\"\" data-v-4d192987=\"\"> <\/span><span class=\"text_node\" data-v-816e464e=\"\" data-v-4d192987=\"\">se postaral o realizaci projektu.<\/span><\/p>\t\t\t\t\t\t\t\t<\/div>\n\t\t\t\t<\/div>\n\t\t\t\t<\/div>\n\t\t\t\t\t<\/div>\n\t\t\t\t<\/div>\n\t\t<div class=\"elementor-element elementor-element-34ea3de e-grid e-con-boxed e-con e-child\" data-id=\"34ea3de\" data-element_type=\"container\" data-e-type=\"container\">\n\t\t\t\t\t<div class=\"e-con-inner\">\n\t\t<div class=\"elementor-element elementor-element-d76aa72 e-con-full e-flex e-con e-child\" data-id=\"d76aa72\" data-element_type=\"container\" data-e-type=\"container\">\n\t\t\t\t<div class=\"elementor-element elementor-element-96c8796 elementor-widget elementor-widget-heading\" data-id=\"96c8796\" data-element_type=\"widget\" data-e-type=\"widget\" data-widget_type=\"heading.default\">\n\t\t\t\t<div class=\"elementor-widget-container\">\n\t\t\t\t\t<h2 class=\"elementor-heading-title elementor-size-default\">Na\u0161e p\u0159edsevzet\u00ed<\/h2>\t\t\t\t<\/div>\n\t\t\t\t<\/div>\n\t\t\t\t<div class=\"elementor-element elementor-element-2c5a977 elementor-widget elementor-widget-text-editor\" data-id=\"2c5a977\" data-element_type=\"widget\" data-e-type=\"widget\" data-widget_type=\"text-editor.default\">\n\t\t\t\t<div class=\"elementor-widget-container\">\n\t\t\t\t\t\t\t\t\t<p>CUE p\u0159edstavuje <strong>intuitivn\u00ed ovl\u00e1dac\u00ed vrstvu<\/strong>, kter\u00e1 spojuje cel\u00fd <strong>ekosyst\u00e9m AV pod jedno jednotn\u00e9 rozhran\u00ed<\/strong>.<\/p><p><strong>Dotykov\u00e9 panely<\/strong> instalovan\u00e9 v hlavn\u00ed komo\u0159e i v technick\u00e9m vel\u00ednu umo\u017e\u0148uj\u00ed <strong>bezprobl\u00e9mov\u00e9 ovl\u00e1d\u00e1n\u00ed v\u0161ech p\u0159ipojen\u00fdch technologi\u00ed<\/strong>. U\u017eivatel\u00e9 mohou rychle zvolit <strong>p\u0159eddefinovan\u00e9 sc\u00e9n\u00e1\u0159e<\/strong> nebo <strong>ru\u010dn\u011b nastavit kl\u00ed\u010dov\u00e9 prvky,<\/strong> jako je osv\u011btlen\u00ed, st\u00edn\u011bn\u00ed, zvuk, sm\u011brov\u00e1n\u00ed videa a distribuce obsahu. <\/p><p>Toto <strong>centralizovan\u00e9 ovl\u00e1d\u00e1n\u00ed zjednodu\u0161uje i slo\u017eit\u00e1 nastaven\u00ed<\/strong> a umo\u017e\u0148uje oper\u00e1tor\u016fm \u0159\u00eddit prezentace, hybridn\u00ed sch\u016fzky a \u017eiv\u00e9 p\u0159enosy s jistotou a p\u0159esnost\u00ed. Intuitivn\u00ed rozhran\u00ed z\u00e1rove\u0148 zaji\u0161\u0165uje, \u017ee <strong>b\u011b\u017en\u00ed u\u017eivatel\u00e9 mohou se syst\u00e9mem pracovat bez technick\u00fdch znalost\u00ed<\/strong>. <\/p><p>Transformac\u00ed n\u011bkolika nez\u00e1visl\u00fdch syst\u00e9m\u016f do <strong>jednoho ucelen\u00e9ho a snadno ovladateln\u00e9ho prost\u0159ed\u00ed<\/strong> pom\u00e1h\u00e1 CUE p\u0159i vytv\u00e1\u0159en\u00ed <a href=\"https:\/\/www.olomouc.eu\/magistrat\"><strong>Magistr\u00e1t m\u011bsta Olomouce<\/strong><\/a> soust\u0159edit se na to, co je skute\u010dn\u011b d\u016fle\u017eit\u00e9: <strong>efektivn\u00ed rozhodov\u00e1n\u00ed, jasnou komunikaci a bezprobl\u00e9movou spolupr\u00e1ci,<\/strong> a\u0165 u\u017e jsou \u00fa\u010dastn\u00edci p\u0159\u00edtomni v m\u00edstnosti nebo p\u0159ipojeni vzd\u00e1len\u011b.<\/p>\t\t\t\t\t\t\t\t<\/div>\n\t\t\t\t<\/div>\n\t\t\t\t<\/div>\n\t\t<div class=\"elementor-element elementor-element-99f7c40 e-con-full e-flex e-con e-child\" data-id=\"99f7c40\" data-element_type=\"container\" data-e-type=\"container\">\n\t\t\t\t<div class=\"elementor-element elementor-element-c9cd73b elementor-widget elementor-widget-image\" data-id=\"c9cd73b\" data-element_type=\"widget\" data-e-type=\"widget\" data-widget_type=\"image.default\">\n\t\t\t\t<div class=\"elementor-widget-container\">\n\t\t\t\t\t\t\t\t\t\t\t\t\t\t\t\t<a href=\"https:\/\/www.cuesystem.com\/wp-content\/uploads\/2026\/04\/systems_magistrat-mesta-olomouc_17.webp\" data-elementor-open-lightbox=\"yes\" data-e-action-hash=\"#elementor-action%3Aaction%3Dlightbox%26settings%3DeyJpZCI6MzcxNzgsInVybCI6Imh0dHBzOlwvXC93d3cuY3Vlc3lzdGVtLmNvbVwvd3AtY29udGVudFwvdXBsb2Fkc1wvMjAyNlwvMDRcL3N5c3RlbXNfbWFnaXN0cmF0LW1lc3RhLW9sb21vdWNfMTcud2VicCJ9\">\n\t\t\t\t\t\t\t<img decoding=\"async\" width=\"1024\" height=\"683\" src=\"https:\/\/www.cuesystem.com\/wp-content\/uploads\/2026\/04\/systems_magistrat-mesta-olomouc_17-1024x683.webp\" class=\"attachment-large size-large wp-image-37178\" alt=\"\" srcset=\"https:\/\/www.cuesystem.com\/wp-content\/uploads\/2026\/04\/systems_magistrat-mesta-olomouc_17-1024x683.webp 1024w, https:\/\/www.cuesystem.com\/wp-content\/uploads\/2026\/04\/systems_magistrat-mesta-olomouc_17-300x200.webp 300w, https:\/\/www.cuesystem.com\/wp-content\/uploads\/2026\/04\/systems_magistrat-mesta-olomouc_17.webp 1200w\" sizes=\"(max-width: 1024px) 100vw, 1024px\" \/>\t\t\t\t\t\t\t\t<\/a>\n\t\t\t\t\t\t\t\t\t\t\t\t\t\t\t<\/div>\n\t\t\t\t<\/div>\n\t\t\t\t<\/div>\n\t\t\t\t\t<\/div>\n\t\t\t\t<\/div>\n\t\t<div class=\"elementor-element elementor-element-50df355 e-flex e-con-boxed e-con e-child\" data-id=\"50df355\" data-element_type=\"container\" data-e-type=\"container\">\n\t\t\t\t\t<div class=\"e-con-inner\">\n\t\t<div class=\"elementor-element elementor-element-3b114f0 e-grid e-con-full e-con e-child\" data-id=\"3b114f0\" data-element_type=\"container\" data-e-type=\"container\">\n\t\t\t\t<div class=\"elementor-element elementor-element-27150be elementor-align-center elementor-widget elementor-widget-button\" data-id=\"27150be\" data-element_type=\"widget\" data-e-type=\"widget\" data-widget_type=\"button.default\">\n\t\t\t\t<div class=\"elementor-widget-container\">\n\t\t\t\t\t\t\t\t\t<div class=\"elementor-button-wrapper\">\n\t\t\t\t\t<a class=\"elementor-button elementor-button-link elementor-size-sm\" href=\"https:\/\/www.avmedia.cz\/en\/systems\/municipality-of-olomouc\" target=\"_blank\">\n\t\t\t\t\t\t<span class=\"elementor-button-content-wrapper\">\n\t\t\t\t\t\t\t\t\t<span class=\"elementor-button-text\">\u010c\u00cdST V\u00cdCE<\/span>\n\t\t\t\t\t<\/span>\n\t\t\t\t\t<\/a>\n\t\t\t\t<\/div>\n\t\t\t\t\t\t\t\t<\/div>\n\t\t\t\t<\/div>\n\t\t\t\t<div class=\"elementor-element elementor-element-7886dee elementor-align-center elementor-widget elementor-widget-button\" data-id=\"7886dee\" data-element_type=\"widget\" data-e-type=\"widget\" data-widget_type=\"button.default\">\n\t\t\t\t<div class=\"elementor-widget-container\">\n\t\t\t\t\t\t\t\t\t<div class=\"elementor-button-wrapper\">\n\t\t\t\t\t<a class=\"elementor-button elementor-button-link elementor-size-sm\" href=\"https:\/\/youtu.be\/vvR0JxBZzY4?si=V7DquiGxeL4weRv6\" target=\"_blank\">\n\t\t\t\t\t\t<span class=\"elementor-button-content-wrapper\">\n\t\t\t\t\t\t\t\t\t<span class=\"elementor-button-text\">POD\u00cdVEJTE SE NA VIDEO<\/span>\n\t\t\t\t\t<\/span>\n\t\t\t\t\t<\/a>\n\t\t\t\t<\/div>\n\t\t\t\t\t\t\t\t<\/div>\n\t\t\t\t<\/div>\n\t\t\t\t<\/div>\n\t\t\t\t\t<\/div>\n\t\t\t\t<\/div>\n\t\t<div class=\"elementor-element elementor-element-00e6b07 e-flex e-con-boxed e-con e-child\" data-id=\"00e6b07\" data-element_type=\"container\" data-e-type=\"container\">\n\t\t\t\t\t<div class=\"e-con-inner\">\n\t\t\t\t<div class=\"elementor-element elementor-element-1ff7b76 elementor-widget elementor-widget-gallery\" data-id=\"1ff7b76\" data-element_type=\"widget\" data-e-type=\"widget\" data-settings=\"{&quot;columns&quot;:3,&quot;lazyload&quot;:&quot;yes&quot;,&quot;gallery_layout&quot;:&quot;grid&quot;,&quot;columns_tablet&quot;:2,&quot;columns_mobile&quot;:1,&quot;gap&quot;:{&quot;unit&quot;:&quot;px&quot;,&quot;size&quot;:10,&quot;sizes&quot;:[]},&quot;gap_laptop&quot;:{&quot;unit&quot;:&quot;px&quot;,&quot;size&quot;:10,&quot;sizes&quot;:[]},&quot;gap_tablet_extra&quot;:{&quot;unit&quot;:&quot;px&quot;,&quot;size&quot;:10,&quot;sizes&quot;:[]},&quot;gap_tablet&quot;:{&quot;unit&quot;:&quot;px&quot;,&quot;size&quot;:10,&quot;sizes&quot;:[]},&quot;gap_mobile_extra&quot;:{&quot;unit&quot;:&quot;px&quot;,&quot;size&quot;:10,&quot;sizes&quot;:[]},&quot;gap_mobile&quot;:{&quot;unit&quot;:&quot;px&quot;,&quot;size&quot;:10,&quot;sizes&quot;:[]},&quot;link_to&quot;:&quot;file&quot;,&quot;aspect_ratio&quot;:&quot;3:2&quot;,&quot;overlay_background&quot;:&quot;yes&quot;,&quot;content_hover_animation&quot;:&quot;fade-in&quot;}\" data-widget_type=\"gallery.default\">\n\t\t\t\t<div class=\"elementor-widget-container\">\n\t\t\t\t\t\t\t<div class=\"elementor-gallery__container\">\n\t\t\t\t\t\t\t<a class=\"e-gallery-item elementor-gallery-item elementor-animated-content\" href=\"https:\/\/www.cuesystem.com\/wp-content\/uploads\/2026\/04\/systems_magistrat-mesta-olomouc_1.webp\" data-elementor-open-lightbox=\"yes\" data-elementor-lightbox-slideshow=\"1ff7b76\" data-e-action-hash=\"#elementor-action%3Aaction%3Dlightbox%26settings%3DeyJpZCI6MzcxODMsInVybCI6Imh0dHBzOlwvXC93d3cuY3Vlc3lzdGVtLmNvbVwvd3AtY29udGVudFwvdXBsb2Fkc1wvMjAyNlwvMDRcL3N5c3RlbXNfbWFnaXN0cmF0LW1lc3RhLW9sb21vdWNfMS53ZWJwIiwic2xpZGVzaG93IjoiMWZmN2I3NiJ9\">\n\t\t\t\t\t<div class=\"e-gallery-image elementor-gallery-item__image\" data-thumbnail=\"https:\/\/www.cuesystem.com\/wp-content\/uploads\/2026\/04\/systems_magistrat-mesta-olomouc_1-300x200.webp\" data-width=\"300\" data-height=\"200\" aria-label=\"\" role=\"img\" ><\/div>\n\t\t\t\t\t\t\t\t\t\t\t<div class=\"elementor-gallery-item__overlay\"><\/div>\n\t\t\t\t\t\t\t\t\t\t\t\t\t\t<\/a>\n\t\t\t\t\t\t\t<a class=\"e-gallery-item elementor-gallery-item elementor-animated-content\" href=\"https:\/\/www.cuesystem.com\/wp-content\/uploads\/2026\/04\/systems_magistrat-mesta-olomouc_4.webp\" data-elementor-open-lightbox=\"yes\" data-elementor-lightbox-slideshow=\"1ff7b76\" data-e-action-hash=\"#elementor-action%3Aaction%3Dlightbox%26settings%3DeyJpZCI6MzcxODgsInVybCI6Imh0dHBzOlwvXC93d3cuY3Vlc3lzdGVtLmNvbVwvd3AtY29udGVudFwvdXBsb2Fkc1wvMjAyNlwvMDRcL3N5c3RlbXNfbWFnaXN0cmF0LW1lc3RhLW9sb21vdWNfNC53ZWJwIiwic2xpZGVzaG93IjoiMWZmN2I3NiJ9\">\n\t\t\t\t\t<div class=\"e-gallery-image elementor-gallery-item__image\" data-thumbnail=\"https:\/\/www.cuesystem.com\/wp-content\/uploads\/2026\/04\/systems_magistrat-mesta-olomouc_4-300x200.webp\" data-width=\"300\" data-height=\"200\" aria-label=\"\" role=\"img\" ><\/div>\n\t\t\t\t\t\t\t\t\t\t\t<div class=\"elementor-gallery-item__overlay\"><\/div>\n\t\t\t\t\t\t\t\t\t\t\t\t\t\t<\/a>\n\t\t\t\t\t\t\t<a class=\"e-gallery-item elementor-gallery-item elementor-animated-content\" href=\"https:\/\/www.cuesystem.com\/wp-content\/uploads\/2026\/04\/systems_magistrat-mesta-olomouc_9.webp\" data-elementor-open-lightbox=\"yes\" data-elementor-lightbox-slideshow=\"1ff7b76\" data-e-action-hash=\"#elementor-action%3Aaction%3Dlightbox%26settings%3DeyJpZCI6MzcxOTMsInVybCI6Imh0dHBzOlwvXC93d3cuY3Vlc3lzdGVtLmNvbVwvd3AtY29udGVudFwvdXBsb2Fkc1wvMjAyNlwvMDRcL3N5c3RlbXNfbWFnaXN0cmF0LW1lc3RhLW9sb21vdWNfOS53ZWJwIiwic2xpZGVzaG93IjoiMWZmN2I3NiJ9\">\n\t\t\t\t\t<div class=\"e-gallery-image elementor-gallery-item__image\" data-thumbnail=\"https:\/\/www.cuesystem.com\/wp-content\/uploads\/2026\/04\/systems_magistrat-mesta-olomouc_9-300x200.webp\" data-width=\"300\" data-height=\"200\" aria-label=\"\" role=\"img\" ><\/div>\n\t\t\t\t\t\t\t\t\t\t\t<div class=\"elementor-gallery-item__overlay\"><\/div>\n\t\t\t\t\t\t\t\t\t\t\t\t\t\t<\/a>\n\t\t\t\t\t\t\t<a class=\"e-gallery-item elementor-gallery-item elementor-animated-content\" href=\"https:\/\/www.cuesystem.com\/wp-content\/uploads\/2026\/04\/systems_magistrat-mesta-olomouc_12.webp\" data-elementor-open-lightbox=\"yes\" data-elementor-lightbox-slideshow=\"1ff7b76\" data-e-action-hash=\"#elementor-action%3Aaction%3Dlightbox%26settings%3DeyJpZCI6MzcxOTgsInVybCI6Imh0dHBzOlwvXC93d3cuY3Vlc3lzdGVtLmNvbVwvd3AtY29udGVudFwvdXBsb2Fkc1wvMjAyNlwvMDRcL3N5c3RlbXNfbWFnaXN0cmF0LW1lc3RhLW9sb21vdWNfMTIud2VicCIsInNsaWRlc2hvdyI6IjFmZjdiNzYifQ%3D%3D\">\n\t\t\t\t\t<div class=\"e-gallery-image elementor-gallery-item__image\" data-thumbnail=\"https:\/\/www.cuesystem.com\/wp-content\/uploads\/2026\/04\/systems_magistrat-mesta-olomouc_12-300x200.webp\" data-width=\"300\" data-height=\"200\" aria-label=\"\" role=\"img\" ><\/div>\n\t\t\t\t\t\t\t\t\t\t\t<div class=\"elementor-gallery-item__overlay\"><\/div>\n\t\t\t\t\t\t\t\t\t\t\t\t\t\t<\/a>\n\t\t\t\t\t\t\t<a class=\"e-gallery-item elementor-gallery-item elementor-animated-content\" href=\"https:\/\/www.cuesystem.com\/wp-content\/uploads\/2026\/04\/systems_magistrat-mesta-olomouc_13.webp\" data-elementor-open-lightbox=\"yes\" data-elementor-lightbox-slideshow=\"1ff7b76\" data-e-action-hash=\"#elementor-action%3Aaction%3Dlightbox%26settings%3DeyJpZCI6MzcyMDMsInVybCI6Imh0dHBzOlwvXC93d3cuY3Vlc3lzdGVtLmNvbVwvd3AtY29udGVudFwvdXBsb2Fkc1wvMjAyNlwvMDRcL3N5c3RlbXNfbWFnaXN0cmF0LW1lc3RhLW9sb21vdWNfMTMud2VicCIsInNsaWRlc2hvdyI6IjFmZjdiNzYifQ%3D%3D\">\n\t\t\t\t\t<div class=\"e-gallery-image elementor-gallery-item__image\" data-thumbnail=\"https:\/\/www.cuesystem.com\/wp-content\/uploads\/2026\/04\/systems_magistrat-mesta-olomouc_13-300x200.webp\" data-width=\"300\" data-height=\"200\" aria-label=\"\" role=\"img\" ><\/div>\n\t\t\t\t\t\t\t\t\t\t\t<div class=\"elementor-gallery-item__overlay\"><\/div>\n\t\t\t\t\t\t\t\t\t\t\t\t\t\t<\/a>\n\t\t\t\t\t\t\t<a class=\"e-gallery-item elementor-gallery-item elementor-animated-content\" href=\"https:\/\/www.cuesystem.com\/wp-content\/uploads\/2026\/04\/systems_magistrat-mesta-olomouc_16.webp\" data-elementor-open-lightbox=\"yes\" data-elementor-lightbox-slideshow=\"1ff7b76\" data-e-action-hash=\"#elementor-action%3Aaction%3Dlightbox%26settings%3DeyJpZCI6MzcyMDgsInVybCI6Imh0dHBzOlwvXC93d3cuY3Vlc3lzdGVtLmNvbVwvd3AtY29udGVudFwvdXBsb2Fkc1wvMjAyNlwvMDRcL3N5c3RlbXNfbWFnaXN0cmF0LW1lc3RhLW9sb21vdWNfMTYud2VicCIsInNsaWRlc2hvdyI6IjFmZjdiNzYifQ%3D%3D\">\n\t\t\t\t\t<div class=\"e-gallery-image elementor-gallery-item__image\" data-thumbnail=\"https:\/\/www.cuesystem.com\/wp-content\/uploads\/2026\/04\/systems_magistrat-mesta-olomouc_16-300x200.webp\" data-width=\"300\" data-height=\"200\" aria-label=\"\" role=\"img\" ><\/div>\n\t\t\t\t\t\t\t\t\t\t\t<div class=\"elementor-gallery-item__overlay\"><\/div>\n\t\t\t\t\t\t\t\t\t\t\t\t\t\t<\/a>\n\t\t\t\t\t<\/div>\n\t\t\t\t\t<\/div>\n\t\t\t\t<\/div>\n\t\t\t\t\t<\/div>\n\t\t\t\t<\/div>\n\t\t\t\t<\/div>\n\t\t\t\t<\/div>\n\t\t","protected":false},"excerpt":{"rendered":"<p>P\u0159\u00edpadov\u00e1 studie Magistr\u00e1t m\u011bsta Olomouc V\u00fdzva Po t\u00e9m\u011b\u0159 dvou desetilet\u00edch se v hlavn\u00ed zasedac\u00ed m\u00edstnosti rady m\u011bsta olomouck\u00e9 radnice pro\u0161la z\u00e1sadn\u00ed modernizac\u00ed, aby odpov\u00eddala po\u017eadavk\u016fm dne\u0161n\u00ed hybridn\u00ed spr\u00e1vy. C\u00edlem bylo vytvo\u0159it prostor, kter\u00fd podporuje osobn\u00ed i vzd\u00e1lenou \u00fa\u010dast, zjednodu\u0161uje slo\u017eit\u00e9 AV operace a zaji\u0161\u0165uje plynul\u00e9 a intuitivn\u00ed ovl\u00e1d\u00e1n\u00ed ka\u017ed\u00e9ho zased\u00e1n\u00ed. Vzhledem k tomu, \u017ee bylo <a href=\"https:\/\/www.cuesystem.com\/cs\/pripadove-studie\/magistrat-mesta-olomouc\/\" class=\"more-link\">&#8230;<span class=\"screen-reader-text\">  Magistr\u00e1t m\u011bsta Olomouc<\/span><\/a><\/p>\n","protected":false},"author":11,"featured_media":0,"parent":29856,"menu_order":8,"comment_status":"closed","ping_status":"closed","template":"","meta":{"_acf_changed":false,"inline_featured_image":false,"footnotes":""},"kategorie":[],"class_list":["post-37243","page","type-page","status-publish","hentry"],"acf":[],"_links":{"self":[{"href":"https:\/\/www.cuesystem.com\/cs\/wp-json\/wp\/v2\/pages\/37243","targetHints":{"allow":["GET"]}}],"collection":[{"href":"https:\/\/www.cuesystem.com\/cs\/wp-json\/wp\/v2\/pages"}],"about":[{"href":"https:\/\/www.cuesystem.com\/cs\/wp-json\/wp\/v2\/types\/page"}],"author":[{"embeddable":true,"href":"https:\/\/www.cuesystem.com\/cs\/wp-json\/wp\/v2\/users\/11"}],"replies":[{"embeddable":true,"href":"https:\/\/www.cuesystem.com\/cs\/wp-json\/wp\/v2\/comments?post=37243"}],"version-history":[{"count":3,"href":"https:\/\/www.cuesystem.com\/cs\/wp-json\/wp\/v2\/pages\/37243\/revisions"}],"predecessor-version":[{"id":37248,"href":"https:\/\/www.cuesystem.com\/cs\/wp-json\/wp\/v2\/pages\/37243\/revisions\/37248"}],"up":[{"embeddable":true,"href":"https:\/\/www.cuesystem.com\/cs\/wp-json\/wp\/v2\/pages\/29856"}],"wp:attachment":[{"href":"https:\/\/www.cuesystem.com\/cs\/wp-json\/wp\/v2\/media?parent=37243"}],"wp:term":[{"taxonomy":"kategorie","embeddable":true,"href":"https:\/\/www.cuesystem.com\/cs\/wp-json\/wp\/v2\/kategorie?post=37243"}],"curies":[{"name":"wp","href":"https:\/\/api.w.org\/{rel}","templated":true}]}}