{"id":37281,"date":"2026-04-01T15:11:07","date_gmt":"2026-04-01T13:11:07","guid":{"rendered":"https:\/\/www.cuesystem.com\/pripadove-studie\/svycarska-univerzita\/"},"modified":"2026-04-01T15:32:17","modified_gmt":"2026-04-01T13:32:17","slug":"svycarska-univerzita","status":"publish","type":"page","link":"https:\/\/www.cuesystem.com\/cs\/pripadove-studie\/svycarska-univerzita\/","title":{"rendered":"\u0160v\u00fdcarsk\u00e1 univerzita"},"content":{"rendered":"\t\t<div data-elementor-type=\"wp-page\" data-elementor-id=\"37281\" class=\"elementor elementor-37281 elementor-37257\" data-elementor-post-type=\"page\">\n\t\t\t\t<div class=\"elementor-element elementor-element-5396732 e-con-full e-flex e-con e-child\" data-id=\"5396732\" data-element_type=\"container\" data-e-type=\"container\">\n\t\t\t\t<div class=\"elementor-element elementor-element-c8edd39 elementor-widget elementor-widget-heading\" data-id=\"c8edd39\" data-element_type=\"widget\" data-e-type=\"widget\" data-widget_type=\"heading.default\">\n\t\t\t\t<div class=\"elementor-widget-container\">\n\t\t\t\t\t<h3 class=\"elementor-heading-title elementor-size-default\">P\u0159\u00edpadov\u00e1 studie<\/h3>\t\t\t\t<\/div>\n\t\t\t\t<\/div>\n\t\t\t\t<div class=\"elementor-element elementor-element-d93bb63 elementor-widget elementor-widget-heading\" data-id=\"d93bb63\" data-element_type=\"widget\" data-e-type=\"widget\" data-widget_type=\"heading.default\">\n\t\t\t\t<div class=\"elementor-widget-container\">\n\t\t\t\t\t<h1 class=\"elementor-heading-title elementor-size-default\">\u0160v\u00fdcarsk\u00e1 univerzita<\/h1>\t\t\t\t<\/div>\n\t\t\t\t<\/div>\n\t\t\t\t<div class=\"elementor-element elementor-element-4339b25 elementor-widget-divider--view-line elementor-widget elementor-widget-divider\" data-id=\"4339b25\" data-element_type=\"widget\" data-e-type=\"widget\" data-widget_type=\"divider.default\">\n\t\t\t\t<div class=\"elementor-widget-container\">\n\t\t\t\t\t\t\t<div class=\"elementor-divider\">\n\t\t\t<span class=\"elementor-divider-separator\">\n\t\t\t\t\t\t<\/span>\n\t\t<\/div>\n\t\t\t\t\t\t<\/div>\n\t\t\t\t<\/div>\n\t\t<div class=\"elementor-element elementor-element-4c37b03 e-grid e-con-boxed e-con e-child\" data-id=\"4c37b03\" data-element_type=\"container\" data-e-type=\"container\">\n\t\t\t\t\t<div class=\"e-con-inner\">\n\t\t<div class=\"elementor-element elementor-element-6bcdf3b e-con-full e-flex e-con e-child\" data-id=\"6bcdf3b\" data-element_type=\"container\" data-e-type=\"container\">\n\t\t\t\t<div class=\"elementor-element elementor-element-1480ec0 elementor-widget elementor-widget-heading\" data-id=\"1480ec0\" data-element_type=\"widget\" data-e-type=\"widget\" data-widget_type=\"heading.default\">\n\t\t\t\t<div class=\"elementor-widget-container\">\n\t\t\t\t\t<h2 class=\"elementor-heading-title elementor-size-default\">V\u00fdzva<\/h2>\t\t\t\t<\/div>\n\t\t\t\t<\/div>\n\t\t\t\t<div class=\"elementor-element elementor-element-9028a3c elementor-widget elementor-widget-text-editor\" data-id=\"9028a3c\" data-element_type=\"widget\" data-e-type=\"widget\" data-widget_type=\"text-editor.default\">\n\t\t\t\t<div class=\"elementor-widget-container\">\n\t\t\t\t\t\t\t\t\t<p>Vysok\u00e1 \u0161kola <strong>roz\u0161\u00ed\u0159ila sv\u00e9 prostory o 18 nov\u00fdch pavilonov\u00fdch u\u010deben<\/strong>, z nich\u017e ka\u017ed\u00e1 vy\u017eaduje bezprobl\u00e9mov\u00e9 p\u0159ipojen\u00ed po\u010d\u00edta\u010d\u016f, multimedi\u00e1ln\u00edch za\u0159\u00edzen\u00ed a perifern\u00edch za\u0159\u00edzen\u00ed pro v\u00fduku. C\u00edlem bylo zajistit <strong>spolehliv\u00e9 a snadno pou\u017eiteln\u00e9 ovl\u00e1d\u00e1n\u00ed pro u\u010ditele<\/strong> a z\u00e1rove\u0148 modernizovat 45 st\u00e1vaj\u00edc\u00edch u\u010deben tak, aby <strong>spl\u0148ovaly modern\u00ed AV a IT standardy<\/strong>. <\/p>\t\t\t\t\t\t\t\t<\/div>\n\t\t\t\t<\/div>\n\t\t\t\t<\/div>\n\t\t<div class=\"elementor-element elementor-element-7d9939f e-con-full e-flex e-con e-child\" data-id=\"7d9939f\" data-element_type=\"container\" data-e-type=\"container\">\n\t\t\t\t<div class=\"elementor-element elementor-element-51e6b1c elementor-widget elementor-widget-image\" data-id=\"51e6b1c\" data-element_type=\"widget\" data-e-type=\"widget\" data-widget_type=\"image.default\">\n\t\t\t\t<div class=\"elementor-widget-container\">\n\t\t\t\t\t\t\t\t\t\t\t\t\t\t\t\t<a href=\"https:\/\/www.cuesystem.com\/wp-content\/uploads\/2026\/04\/sds.webp\" data-elementor-open-lightbox=\"yes\" data-e-action-hash=\"#elementor-action%3Aaction%3Dlightbox%26settings%3DeyJpZCI6MzcyNjAsInVybCI6Imh0dHBzOlwvXC93d3cuY3Vlc3lzdGVtLmNvbVwvd3AtY29udGVudFwvdXBsb2Fkc1wvMjAyNlwvMDRcL3Nkcy53ZWJwIn0%3D\">\n\t\t\t\t\t\t\t<img fetchpriority=\"high\" decoding=\"async\" width=\"992\" height=\"484\" src=\"https:\/\/www.cuesystem.com\/wp-content\/uploads\/2026\/04\/sds.webp\" class=\"attachment-large size-large wp-image-37260\" alt=\"\" srcset=\"https:\/\/www.cuesystem.com\/wp-content\/uploads\/2026\/04\/sds.webp 992w, https:\/\/www.cuesystem.com\/wp-content\/uploads\/2026\/04\/sds-300x146.webp 300w\" sizes=\"(max-width: 992px) 100vw, 992px\" \/>\t\t\t\t\t\t\t\t<\/a>\n\t\t\t\t\t\t\t\t\t\t\t\t\t\t\t<\/div>\n\t\t\t\t<\/div>\n\t\t\t\t<\/div>\n\t\t\t\t\t<\/div>\n\t\t\t\t<\/div>\n\t\t<div class=\"elementor-element elementor-element-4490095 e-grid e-con-boxed e-con e-child\" data-id=\"4490095\" data-element_type=\"container\" data-e-type=\"container\">\n\t\t\t\t\t<div class=\"e-con-inner\">\n\t\t<div class=\"elementor-element elementor-element-25bce2e e-con-full e-flex e-con e-child\" data-id=\"25bce2e\" data-element_type=\"container\" data-e-type=\"container\">\n\t\t\t\t<div class=\"elementor-element elementor-element-74f8a73 elementor-widget elementor-widget-image\" data-id=\"74f8a73\" data-element_type=\"widget\" data-e-type=\"widget\" data-widget_type=\"image.default\">\n\t\t\t\t<div class=\"elementor-widget-container\">\n\t\t\t\t\t\t\t\t\t\t\t\t\t\t\t\t<a href=\"https:\/\/www.cuesystem.com\/wp-content\/uploads\/2026\/04\/sd.webp\" data-elementor-open-lightbox=\"yes\" data-e-action-hash=\"#elementor-action%3Aaction%3Dlightbox%26settings%3DeyJpZCI6MzcyNjUsInVybCI6Imh0dHBzOlwvXC93d3cuY3Vlc3lzdGVtLmNvbVwvd3AtY29udGVudFwvdXBsb2Fkc1wvMjAyNlwvMDRcL3NkLndlYnAifQ%3D%3D\">\n\t\t\t\t\t\t\t<img decoding=\"async\" width=\"819\" height=\"1024\" src=\"https:\/\/www.cuesystem.com\/wp-content\/uploads\/2026\/04\/sd-819x1024.webp\" class=\"attachment-large size-large wp-image-37265\" alt=\"\" srcset=\"https:\/\/www.cuesystem.com\/wp-content\/uploads\/2026\/04\/sd-819x1024.webp 819w, https:\/\/www.cuesystem.com\/wp-content\/uploads\/2026\/04\/sd-240x300.webp 240w, https:\/\/www.cuesystem.com\/wp-content\/uploads\/2026\/04\/sd.webp 1875w\" sizes=\"(max-width: 819px) 100vw, 819px\" \/>\t\t\t\t\t\t\t\t<\/a>\n\t\t\t\t\t\t\t\t\t\t\t\t\t\t\t<\/div>\n\t\t\t\t<\/div>\n\t\t\t\t<\/div>\n\t\t<div class=\"elementor-element elementor-element-06bdfc6 e-con-full e-flex e-con e-child\" data-id=\"06bdfc6\" data-element_type=\"container\" data-e-type=\"container\">\n\t\t\t\t<div class=\"elementor-element elementor-element-30541a4 elementor-widget elementor-widget-heading\" data-id=\"30541a4\" data-element_type=\"widget\" data-e-type=\"widget\" data-widget_type=\"heading.default\">\n\t\t\t\t<div class=\"elementor-widget-container\">\n\t\t\t\t\t<h2 class=\"elementor-heading-title elementor-size-default\">Na\u0161e p\u0159edsevzet\u00ed<\/h2>\t\t\t\t<\/div>\n\t\t\t\t<\/div>\n\t\t\t\t<div class=\"elementor-element elementor-element-ec61533 elementor-widget elementor-widget-text-editor\" data-id=\"ec61533\" data-element_type=\"widget\" data-e-type=\"widget\" data-widget_type=\"text-editor.default\">\n\t\t\t\t<div class=\"elementor-widget-container\">\n\t\t\t\t\t\t\t\t\t<p>Spole\u010dnost CUE dodala <strong>pln\u011b integrovan\u00fd \u0159\u00eddic\u00ed syst\u00e9m,<\/strong> <strong>kter\u00fd propojuje a spravuje v\u0161echna za\u0159\u00edzen\u00ed v ka\u017ed\u00e9 u\u010debn\u011b<\/strong>, od po\u010d\u00edta\u010d\u016f po audiovizu\u00e1ln\u00ed vybaven\u00ed. Aby byla zaru\u010dena <strong>co nejvy\u0161\u0161\u00ed spolehlivost<\/strong>, byla p\u0159edem z\u0159\u00edzena speci\u00e1ln\u00ed testovac\u00ed m\u00edstnost, kter\u00e1 umo\u017enila zkou\u0161ky v pln\u00e9m rozsahu a \u00fapravy pro optimalizaci syst\u00e9mu pro ka\u017edodenn\u00ed pou\u017eit\u00ed. <\/p><p>Vedle nov\u00fdch pavilon\u016f byly modernizov\u00e1ny i st\u00e1vaj\u00edc\u00ed u\u010debny v hlavn\u00ed budov\u011b, \u010d\u00edm\u017e byly zaji\u0161t\u011bny <strong>jednotn\u00e9 standardy<\/strong> po\u010d\u00edta\u010dov\u00e9ho a video p\u0159ipojen\u00ed v cel\u00e9m are\u00e1lu.<\/p><p>Cel\u00fd projekt byl realizov\u00e1n ve spolupr\u00e1ci s na\u0161\u00edm <strong>\u0161v\u00fdcarsk\u00fdm partnerem<\/strong>. <a class=\"_ymio1r31 _ypr0glyw _zcxs1o36 _mizu1v1w _1ah3dkaa _ra3xnqa1 _128mdkaa _1cvmnqa1 _4davt94y _4bfu1r31 _1hms8stv _ajmmnqa1 _vchhusvi _kqswh2mm _ect4ttxp _syaz13af _1a3b1r31 _4fpr8stv _5goinqa1 _f8pj13af _9oik1r31 _1bnxglyw _jf4cnqa1 _30l313af _1nrm1r31 _c2waglyw _1iohnqa1 _9h8h12zz _10531ra0 _1ien1ra0 _n0fx1ra0 _1vhv17z1\" title=\"https:\/\/www.avmat.ch\/fr\" href=\"https:\/\/www.avmat.ch\/fr\" data-renderer-mark=\"true\"><strong data-renderer-mark=\"true\">AVMAT<\/strong><\/a>, jeho\u017e v\u00fdsledkem je <strong>modern\u00ed, u\u017eivatelsky p\u0159\u00edv\u011btiv\u00e9 prost\u0159ed\u00ed,<\/strong> kter\u00e9 umo\u017e\u0148uje u\u010ditel\u016fm a zam\u011bstnanc\u016fm soust\u0159edit se sp\u00ed\u0161e na vzd\u011bl\u00e1v\u00e1n\u00ed ne\u017e na technologie.<\/p>\t\t\t\t\t\t\t\t<\/div>\n\t\t\t\t<\/div>\n\t\t\t\t<\/div>\n\t\t\t\t\t<\/div>\n\t\t\t\t<\/div>\n\t\t\t\t<\/div>\n\t\t\t\t<\/div>\n\t\t","protected":false},"excerpt":{"rendered":"<p>P\u0159\u00edpadov\u00e1 studie \u0160v\u00fdcarsk\u00e1 univerzita V\u00fdzva Vysok\u00e1 \u0161kola roz\u0161\u00ed\u0159ila sv\u00e9 prostory o 18 nov\u00fdch pavilonov\u00fdch u\u010deben, z nich\u017e ka\u017ed\u00e1 vy\u017eaduje bezprobl\u00e9mov\u00e9 p\u0159ipojen\u00ed po\u010d\u00edta\u010d\u016f, multimedi\u00e1ln\u00edch za\u0159\u00edzen\u00ed a perifern\u00edch za\u0159\u00edzen\u00ed pro v\u00fduku. C\u00edlem bylo zajistit spolehliv\u00e9 a snadno pou\u017eiteln\u00e9 ovl\u00e1d\u00e1n\u00ed pro u\u010ditele a z\u00e1rove\u0148 modernizovat 45 st\u00e1vaj\u00edc\u00edch u\u010deben tak, aby spl\u0148ovaly modern\u00ed AV a IT standardy. Na\u0161e p\u0159edsevzet\u00ed <a href=\"https:\/\/www.cuesystem.com\/cs\/pripadove-studie\/svycarska-univerzita\/\" class=\"more-link\">&#8230;<span class=\"screen-reader-text\">  \u0160v\u00fdcarsk\u00e1 univerzita<\/span><\/a><\/p>\n","protected":false},"author":11,"featured_media":0,"parent":29856,"menu_order":5,"comment_status":"closed","ping_status":"closed","template":"","meta":{"_acf_changed":false,"inline_featured_image":false,"footnotes":""},"kategorie":[],"class_list":["post-37281","page","type-page","status-publish","hentry"],"acf":[],"_links":{"self":[{"href":"https:\/\/www.cuesystem.com\/cs\/wp-json\/wp\/v2\/pages\/37281","targetHints":{"allow":["GET"]}}],"collection":[{"href":"https:\/\/www.cuesystem.com\/cs\/wp-json\/wp\/v2\/pages"}],"about":[{"href":"https:\/\/www.cuesystem.com\/cs\/wp-json\/wp\/v2\/types\/page"}],"author":[{"embeddable":true,"href":"https:\/\/www.cuesystem.com\/cs\/wp-json\/wp\/v2\/users\/11"}],"replies":[{"embeddable":true,"href":"https:\/\/www.cuesystem.com\/cs\/wp-json\/wp\/v2\/comments?post=37281"}],"version-history":[{"count":1,"href":"https:\/\/www.cuesystem.com\/cs\/wp-json\/wp\/v2\/pages\/37281\/revisions"}],"predecessor-version":[{"id":37282,"href":"https:\/\/www.cuesystem.com\/cs\/wp-json\/wp\/v2\/pages\/37281\/revisions\/37282"}],"up":[{"embeddable":true,"href":"https:\/\/www.cuesystem.com\/cs\/wp-json\/wp\/v2\/pages\/29856"}],"wp:attachment":[{"href":"https:\/\/www.cuesystem.com\/cs\/wp-json\/wp\/v2\/media?parent=37281"}],"wp:term":[{"taxonomy":"kategorie","embeddable":true,"href":"https:\/\/www.cuesystem.com\/cs\/wp-json\/wp\/v2\/kategorie?post=37281"}],"curies":[{"name":"wp","href":"https:\/\/api.w.org\/{rel}","templated":true}]}}