{"id":37350,"date":"2026-04-08T10:37:03","date_gmt":"2026-04-08T08:37:03","guid":{"rendered":"https:\/\/www.cuesystem.com\/pripadove-studie\/ragasa-mexiko\/"},"modified":"2026-04-08T10:44:14","modified_gmt":"2026-04-08T08:44:14","slug":"ragasa-mexiko","status":"publish","type":"page","link":"https:\/\/www.cuesystem.com\/cs\/pripadove-studie\/ragasa-mexiko\/","title":{"rendered":"Ragasa Mexiko"},"content":{"rendered":"\t\t<div data-elementor-type=\"wp-page\" data-elementor-id=\"37350\" class=\"elementor elementor-37350 elementor-37298\" data-elementor-post-type=\"page\">\n\t\t\t\t<div class=\"elementor-element elementor-element-1a0b49f e-con-full e-flex e-con e-child\" data-id=\"1a0b49f\" data-element_type=\"container\" data-e-type=\"container\">\n\t\t\t\t<div class=\"elementor-element elementor-element-2fa0fc3 elementor-widget elementor-widget-heading\" data-id=\"2fa0fc3\" data-element_type=\"widget\" data-e-type=\"widget\" data-widget_type=\"heading.default\">\n\t\t\t\t<div class=\"elementor-widget-container\">\n\t\t\t\t\t<h3 class=\"elementor-heading-title elementor-size-default\">P\u0159\u00edpadov\u00e1 studie<\/h3>\t\t\t\t<\/div>\n\t\t\t\t<\/div>\n\t\t\t\t<div class=\"elementor-element elementor-element-2c750c9 elementor-widget elementor-widget-heading\" data-id=\"2c750c9\" data-element_type=\"widget\" data-e-type=\"widget\" data-widget_type=\"heading.default\">\n\t\t\t\t<div class=\"elementor-widget-container\">\n\t\t\t\t\t<h1 class=\"elementor-heading-title elementor-size-default\">Ragasa Mexiko<\/h1>\t\t\t\t<\/div>\n\t\t\t\t<\/div>\n\t\t\t\t<div class=\"elementor-element elementor-element-c229a0f elementor-widget-divider--view-line elementor-widget elementor-widget-divider\" data-id=\"c229a0f\" data-element_type=\"widget\" data-e-type=\"widget\" data-widget_type=\"divider.default\">\n\t\t\t\t<div class=\"elementor-widget-container\">\n\t\t\t\t\t\t\t<div class=\"elementor-divider\">\n\t\t\t<span class=\"elementor-divider-separator\">\n\t\t\t\t\t\t<\/span>\n\t\t<\/div>\n\t\t\t\t\t\t<\/div>\n\t\t\t\t<\/div>\n\t\t<div class=\"elementor-element elementor-element-cde6b98 e-grid e-con-boxed e-con e-child\" data-id=\"cde6b98\" data-element_type=\"container\" data-e-type=\"container\">\n\t\t\t\t\t<div class=\"e-con-inner\">\n\t\t<div class=\"elementor-element elementor-element-922244e e-con-full e-flex e-con e-child\" data-id=\"922244e\" data-element_type=\"container\" data-e-type=\"container\">\n\t\t\t\t<div class=\"elementor-element elementor-element-6c1c6ed elementor-widget elementor-widget-heading\" data-id=\"6c1c6ed\" data-element_type=\"widget\" data-e-type=\"widget\" data-widget_type=\"heading.default\">\n\t\t\t\t<div class=\"elementor-widget-container\">\n\t\t\t\t\t<h2 class=\"elementor-heading-title elementor-size-default\">V\u00fdzva<\/h2>\t\t\t\t<\/div>\n\t\t\t\t<\/div>\n\t\t\t\t<div class=\"elementor-element elementor-element-56ef42f elementor-widget elementor-widget-text-editor\" data-id=\"56ef42f\" data-element_type=\"widget\" data-e-type=\"widget\" data-widget_type=\"text-editor.default\">\n\t\t\t\t<div class=\"elementor-widget-container\">\n\t\t\t\t\t\t\t\t\t<p data-renderer-start-pos=\"18\"><a class=\"_ymio1r31 _ypr0glyw _zcxs1o36 _mizu1v1w _1ah3dkaa _ra3xnqa1 _128mdkaa _1cvmnqa1 _4davt94y _4bfu1r31 _1hms8stv _ajmmnqa1 _vchhusvi _kqswh2mm _ect4ttxp _syaz13af _1a3b1r31 _4fpr8stv _5goinqa1 _f8pj13af _9oik1r31 _1bnxglyw _jf4cnqa1 _30l313af _1nrm1r31 _c2waglyw _1iohnqa1 _9h8h12zz _10531ra0 _1ien1ra0 _n0fx1ra0 _1vhv17z1\" title=\"https:\/\/www.ragasa.com.mx\/en\/\" href=\"https:\/\/www.ragasa.com.mx\/en\/\" data-renderer-mark=\"true\"><strong>Ragasa<\/strong><\/a> se pot\u00fdkala s pot\u0159ebou vytvo\u0159it <strong data-renderer-mark=\"true\">organizovan\u011bj\u0161\u00ed<\/strong> a <strong data-renderer-mark=\"true\">transparentn\u011bj\u0161\u00ed pracovn\u00ed prost\u0159ed\u00ed pro <\/strong>sv\u00e9 <strong data-renderer-mark=\"true\">po\u010detn\u00e9 zam\u011bstnance<\/strong>.<\/p><p data-renderer-start-pos=\"126\">Vzhledem ke komplexn\u00edmu zat\u00ed\u017een\u00ed v n\u011bkolika za\u0159\u00edzen\u00edch spole\u010dnost po\u017eadovala syst\u00e9m, kter\u00fd by zajistil <strong data-renderer-mark=\"true\">\u00faplnou informovanost o <\/strong> <strong data-renderer-mark=\"true\">dostupnosti <\/strong> <strong data-renderer-mark=\"true\">m\u00edstnost\u00ed <\/strong>a <strong data-renderer-mark=\"true\">pracovi\u0161\u0165 <\/strong>a z\u00e1rove\u0148 umo\u017enil spolehliv\u00fd sb\u011br dat pro budouc\u00ed optimalizaci.<\/p>\t\t\t\t\t\t\t\t<\/div>\n\t\t\t\t<\/div>\n\t\t\t\t<\/div>\n\t\t<div class=\"elementor-element elementor-element-afe2be8 e-con-full e-flex e-con e-child\" data-id=\"afe2be8\" data-element_type=\"container\" data-e-type=\"container\">\n\t\t\t\t<div class=\"elementor-element elementor-element-c50cf36 elementor-widget elementor-widget-image\" data-id=\"c50cf36\" data-element_type=\"widget\" data-e-type=\"widget\" data-widget_type=\"image.default\">\n\t\t\t\t<div class=\"elementor-widget-container\">\n\t\t\t\t\t\t\t\t\t\t\t\t\t\t\t<img fetchpriority=\"high\" decoding=\"async\" width=\"480\" height=\"185\" src=\"https:\/\/www.cuesystem.com\/wp-content\/uploads\/2026\/04\/Silos-480x185-1.webp\" class=\"attachment-large size-large wp-image-37337\" alt=\"\" srcset=\"https:\/\/www.cuesystem.com\/wp-content\/uploads\/2026\/04\/Silos-480x185-1.webp 480w, https:\/\/www.cuesystem.com\/wp-content\/uploads\/2026\/04\/Silos-480x185-1-300x116.webp 300w\" sizes=\"(max-width: 480px) 100vw, 480px\" \/>\t\t\t\t\t\t\t\t\t\t\t\t\t\t\t<\/div>\n\t\t\t\t<\/div>\n\t\t\t\t<\/div>\n\t\t\t\t\t<\/div>\n\t\t\t\t<\/div>\n\t\t<div class=\"elementor-element elementor-element-6b3dd33 e-grid e-con-boxed e-con e-child\" data-id=\"6b3dd33\" data-element_type=\"container\" data-e-type=\"container\">\n\t\t\t\t\t<div class=\"e-con-inner\">\n\t\t<div class=\"elementor-element elementor-element-cb83403 e-con-full e-flex e-con e-child\" data-id=\"cb83403\" data-element_type=\"container\" data-e-type=\"container\">\n\t\t\t\t<div class=\"elementor-element elementor-element-179367d elementor-widget elementor-widget-image\" data-id=\"179367d\" data-element_type=\"widget\" data-e-type=\"widget\" data-widget_type=\"image.default\">\n\t\t\t\t<div class=\"elementor-widget-container\">\n\t\t\t\t\t\t\t\t\t\t\t\t\t\t\t<img decoding=\"async\" width=\"1024\" height=\"310\" src=\"https:\/\/www.cuesystem.com\/wp-content\/uploads\/2026\/04\/1620352013438-1024x310.webp\" class=\"attachment-large size-large wp-image-37307\" alt=\"\" srcset=\"https:\/\/www.cuesystem.com\/wp-content\/uploads\/2026\/04\/1620352013438-1024x310.webp 1024w, https:\/\/www.cuesystem.com\/wp-content\/uploads\/2026\/04\/1620352013438-300x91.webp 300w, https:\/\/www.cuesystem.com\/wp-content\/uploads\/2026\/04\/1620352013438.webp 1280w\" sizes=\"(max-width: 1024px) 100vw, 1024px\" \/>\t\t\t\t\t\t\t\t\t\t\t\t\t\t\t<\/div>\n\t\t\t\t<\/div>\n\t\t\t\t<\/div>\n\t\t<div class=\"elementor-element elementor-element-1482de8 e-con-full e-flex e-con e-child\" data-id=\"1482de8\" data-element_type=\"container\" data-e-type=\"container\">\n\t\t\t\t<div class=\"elementor-element elementor-element-daa70a3 elementor-widget elementor-widget-heading\" data-id=\"daa70a3\" data-element_type=\"widget\" data-e-type=\"widget\" data-widget_type=\"heading.default\">\n\t\t\t\t<div class=\"elementor-widget-container\">\n\t\t\t\t\t<h2 class=\"elementor-heading-title elementor-size-default\">O spole\u010dnosti Ragasa<\/h2>\t\t\t\t<\/div>\n\t\t\t\t<\/div>\n\t\t\t\t<div class=\"elementor-element elementor-element-dd2289e elementor-widget elementor-widget-text-editor\" data-id=\"dd2289e\" data-element_type=\"widget\" data-e-type=\"widget\" data-widget_type=\"text-editor.default\">\n\t\t\t\t<div class=\"elementor-widget-container\">\n\t\t\t\t\t\t\t\t\t<p data-renderer-start-pos=\"378\"><a class=\"_ymio1r31 _ypr0glyw _zcxs1o36 _mizu1v1w _1ah3dkaa _ra3xnqa1 _128mdkaa _1cvmnqa1 _4davt94y _4bfu1r31 _1hms8stv _ajmmnqa1 _vchhusvi _kqswh2mm _ect4ttxp _syaz13af _1a3b1r31 _4fpr8stv _5goinqa1 _f8pj13af _9oik1r31 _1bnxglyw _jf4cnqa1 _30l313af _1nrm1r31 _c2waglyw _1iohnqa1 _9h8h12zz _10531ra0 _1ien1ra0 _n0fx1ra0 _1vhv17z1\" title=\"https:\/\/www.ragasa.com.mx\/en\/\" href=\"https:\/\/www.ragasa.com.mx\/en\/\" data-renderer-mark=\"true\"><strong data-renderer-mark=\"true\">Ragasa<\/strong><\/a> je <strong data-renderer-mark=\"true\">p\u0159edn\u00ed mexick\u00e1 skupina spole\u010dnost\u00ed, kter\u00e1<\/strong> se specializuje na v\u00fdrobu olej\u016f a produkt\u016f rostlinn\u00e9ho p\u016fvodu. Jej\u00edm posl\u00e1n\u00edm je nahradit m\u00e1sla \u017eivo\u010di\u0161n\u00e9ho p\u016fvodu a zam\u011b\u0159uje se na poskytov\u00e1n\u00ed zdrav\u011bj\u0161\u00edch a kvalitn\u011bj\u0161\u00edch alternativ sv\u00fdm z\u00e1kazn\u00edk\u016fm. <\/p>\n<p data-renderer-start-pos=\"630\">Projekt realizoval n\u00e1\u0161 distributor <a class=\"_ymio1r31 _ypr0glyw _zcxs1o36 _mizu1v1w _1ah3dkaa _ra3xnqa1 _128mdkaa _1cvmnqa1 _4davt94y _4bfu1r31 _1hms8stv _ajmmnqa1 _vchhusvi _kqswh2mm _ect4ttxp _syaz13af _1a3b1r31 _4fpr8stv _5goinqa1 _f8pj13af _9oik1r31 _1bnxglyw _jf4cnqa1 _30l313af _1nrm1r31 _c2waglyw _1iohnqa1 _9h8h12zz _10531ra0 _1ien1ra0 _n0fx1ra0 _1vhv17z1\" title=\"https:\/\/www.silvergate.cz\/\" href=\"https:\/\/www.silvergate.cz\/\" data-renderer-mark=\"true\"><strong data-renderer-mark=\"true\">Silvergate, s.r.o.<\/strong><\/a><\/p>\t\t\t\t\t\t\t\t<\/div>\n\t\t\t\t<\/div>\n\t\t\t\t<\/div>\n\t\t\t\t\t<\/div>\n\t\t\t\t<\/div>\n\t\t<div class=\"elementor-element elementor-element-4c02ebc e-grid e-con-boxed e-con e-child\" data-id=\"4c02ebc\" data-element_type=\"container\" data-e-type=\"container\">\n\t\t\t\t\t<div class=\"e-con-inner\">\n\t\t<div class=\"elementor-element elementor-element-8060a87 e-con-full e-flex e-con e-child\" data-id=\"8060a87\" data-element_type=\"container\" data-e-type=\"container\">\n\t\t\t\t<div class=\"elementor-element elementor-element-799d257 elementor-widget elementor-widget-heading\" data-id=\"799d257\" data-element_type=\"widget\" data-e-type=\"widget\" data-widget_type=\"heading.default\">\n\t\t\t\t<div class=\"elementor-widget-container\">\n\t\t\t\t\t<h2 class=\"elementor-heading-title elementor-size-default\">Na\u0161e p\u0159edsevzet\u00ed<\/h2>\t\t\t\t<\/div>\n\t\t\t\t<\/div>\n\t\t\t\t<div class=\"elementor-element elementor-element-47baeb6 elementor-widget elementor-widget-text-editor\" data-id=\"47baeb6\" data-element_type=\"widget\" data-e-type=\"widget\" data-widget_type=\"text-editor.default\">\n\t\t\t\t<div class=\"elementor-widget-container\">\n\t\t\t\t\t\t\t\t\t<p data-renderer-start-pos=\"718\">Pro \u0159e\u0161en\u00ed t\u011bchto pot\u0159eb byl <strong data-renderer-mark=\"true\">syst\u00e9m \u0159\u00edzen\u00ed pracovi\u0161\u0165<\/strong> spole\u010dnosti CUE integrov\u00e1n do v\u0161ech kancel\u00e1\u0159\u00ed spole\u010dnosti Ragasa. \u0158e\u0161en\u00ed kombinuje <a class=\"_ymio1r31 _ypr0glyw _zcxs1o36 _mizu1v1w _1ah3dkaa _ra3xnqa1 _128mdkaa _1cvmnqa1 _4davt94y _4bfu1r31 _1hms8stv _ajmmnqa1 _vchhusvi _kqswh2mm _ect4ttxp _syaz13af _1a3b1r31 _4fpr8stv _5goinqa1 _f8pj13af _9oik1r31 _1bnxglyw _jf4cnqa1 _30l313af _1nrm1r31 _c2waglyw _1iohnqa1 _9h8h12zz _10531ra0 _1ien1ra0 _n0fx1ra0 _1vhv17z1\" title=\"https:\/\/docs.cuesystem.com\/space\/PRODUCTS\/483328034\" href=\"https:\/\/docs.cuesystem.com\/space\/PRODUCTS\/483328034\" data-renderer-mark=\"true\"><strong data-renderer-mark=\"true\">panely touchONE-10-M<\/strong><\/a>, <a class=\"_ymio1r31 _ypr0glyw _zcxs1o36 _mizu1v1w _1ah3dkaa _ra3xnqa1 _128mdkaa _1cvmnqa1 _4davt94y _4bfu1r31 _1hms8stv _ajmmnqa1 _vchhusvi _kqswh2mm _ect4ttxp _syaz13af _1a3b1r31 _4fpr8stv _5goinqa1 _f8pj13af _9oik1r31 _1bnxglyw _jf4cnqa1 _30l313af _1nrm1r31 _c2waglyw _1iohnqa1 _9h8h12zz _10531ra0 _1ien1ra0 _n0fx1ra0 _1vhv17z1\" title=\"https:\/\/www.cuesystem.com\/reserve\/cue-assist\/\" href=\"https:\/\/www.cuesystem.com\/cs\/rezervace\/cue-assist\/\" data-renderer-mark=\"true\"><strong data-renderer-mark=\"true\"><span class=\"fabric-text-color-mark\" data-renderer-mark=\"true\" data-text-custom-color=\"#ff5630\">CUE Assist<\/span><\/strong><\/a><strong data-renderer-mark=\"true\"> pokojov\u00e9<\/strong> a <strong data-renderer-mark=\"true\">pracovn\u00ed <span class=\"fabric-text-color-mark\" data-renderer-mark=\"true\" data-text-custom-color=\"#ff5630\">jednotky<\/span><\/strong> spolu s <a class=\"_ymio1r31 _ypr0glyw _zcxs1o36 _mizu1v1w _1ah3dkaa _ra3xnqa1 _128mdkaa _1cvmnqa1 _4davt94y _4bfu1r31 _1hms8stv _ajmmnqa1 _vchhusvi _kqswh2mm _ect4ttxp _syaz13af _1a3b1r31 _4fpr8stv _5goinqa1 _f8pj13af _9oik1r31 _1bnxglyw _jf4cnqa1 _30l313af _1nrm1r31 _c2waglyw _1iohnqa1 _9h8h12zz _10531ra0 _1ien1ra0 _n0fx1ra0 _1vhv17z1\" title=\"https:\/\/www.cuesystem.com\/manage\/cue-admin\/\" href=\"https:\/\/www.cuesystem.com\/cs\/sprava\/cue-admin\/\" data-renderer-mark=\"true\"><strong data-renderer-mark=\"true\">CUE Admin<\/strong><\/a><strong data-renderer-mark=\"true\"> pro<\/strong> centralizovanou spr\u00e1vu. <\/p><p data-renderer-start-pos=\"963\">Toto nastaven\u00ed umo\u017e\u0148uje zam\u011bstnanc\u016fm okam\u017eit\u011b zjistit <strong data-renderer-mark=\"true\">dostupnost <\/strong> <strong data-renderer-mark=\"true\">zasedac\u00edch m\u00edstnost\u00ed <\/strong>a <strong data-renderer-mark=\"true\">pracovn\u00edch m\u00edst<\/strong>, <strong data-renderer-mark=\"true\">zjednodu\u0161it rezervace<\/strong> a snadno <strong data-renderer-mark=\"true\">se orientovat v <\/strong> <strong data-renderer-mark=\"true\">ka\u017edodenn\u00edch \u00fakolech<\/strong>. Syst\u00e9m z\u00e1rove\u0148 poskytuje <strong><a class=\"_ymio1r31 _ypr0glyw _zcxs1o36 _mizu1v1w _1ah3dkaa _ra3xnqa1 _128mdkaa _1cvmnqa1 _4davt94y _4bfu1r31 _1hms8stv _ajmmnqa1 _vchhusvi _kqswh2mm _ect4ttxp _syaz13af _1a3b1r31 _4fpr8stv _5goinqa1 _f8pj13af _9oik1r31 _1bnxglyw _jf4cnqa1 _30l313af _1nrm1r31 _c2waglyw _1iohnqa1 _9h8h12zz _10531ra0 _1ien1ra0 _n0fx1ra0 _1vhv17z1\" title=\"https:\/\/www.ragasa.com.mx\/en\/\" href=\"https:\/\/www.ragasa.com.mx\/en\/\" data-renderer-mark=\"true\">Ragasa<\/a> <\/strong><strong data-renderer-mark=\"true\">cenn\u00e9 \u00fadaje o <\/strong> <strong data-renderer-mark=\"true\">vyu\u017eit\u00ed zdroj\u016f<\/strong>, co\u017e podporuje <strong data-renderer-mark=\"true\">efektivn\u011bj\u0161\u00ed pl\u00e1nov\u00e1n\u00ed<\/strong> a<strong data-renderer-mark=\"true\"> dlouhodob\u00e9 rozhodov\u00e1n\u00ed<\/strong>. <\/p><p data-renderer-start-pos=\"1269\">V\u00fdsledkem je <strong data-renderer-mark=\"true\">zefektivn\u011bn\u00e9<\/strong>, <strong data-renderer-mark=\"true\">transparentn\u00ed<\/strong> a <strong data-renderer-mark=\"true\">na datech zalo\u017een\u00e9 pracovn\u00ed prost\u0159ed\u00ed,<\/strong> kter\u00e9 posiluje postaven\u00ed zam\u011bstnanc\u016f a <strong data-renderer-mark=\"true\">podporuje <\/strong> <strong data-renderer-mark=\"true\">zam\u011b\u0159en\u00ed <\/strong>spole\u010dnosti na <strong data-renderer-mark=\"true\">produktivitu <\/strong>a <strong data-renderer-mark=\"true\">inovace<\/strong>.<\/p>\t\t\t\t\t\t\t\t<\/div>\n\t\t\t\t<\/div>\n\t\t\t\t<\/div>\n\t\t<div class=\"elementor-element elementor-element-6882fdb e-con-full e-flex e-con e-child\" data-id=\"6882fdb\" data-element_type=\"container\" data-e-type=\"container\">\n\t\t\t\t<div class=\"elementor-element elementor-element-246ca81 elementor-widget elementor-widget-image\" data-id=\"246ca81\" data-element_type=\"widget\" data-e-type=\"widget\" data-widget_type=\"image.default\">\n\t\t\t\t<div class=\"elementor-widget-container\">\n\t\t\t\t\t\t\t\t\t\t\t\t\t\t\t\t<a href=\"https:\/\/www.cuesystem.com\/wp-content\/uploads\/2026\/04\/image-20220718-190318.webp\" data-elementor-open-lightbox=\"yes\" data-e-action-hash=\"#elementor-action%3Aaction%3Dlightbox%26settings%3DeyJpZCI6MzczMTIsInVybCI6Imh0dHBzOlwvXC93d3cuY3Vlc3lzdGVtLmNvbVwvd3AtY29udGVudFwvdXBsb2Fkc1wvMjAyNlwvMDRcL2ltYWdlLTIwMjIwNzE4LTE5MDMxOC53ZWJwIn0%3D\">\n\t\t\t\t\t\t\t<img decoding=\"async\" width=\"1024\" height=\"493\" src=\"https:\/\/www.cuesystem.com\/wp-content\/uploads\/2026\/04\/image-20220718-190318-1024x493.webp\" class=\"attachment-large size-large wp-image-37312\" alt=\"\" srcset=\"https:\/\/www.cuesystem.com\/wp-content\/uploads\/2026\/04\/image-20220718-190318-1024x493.webp 1024w, https:\/\/www.cuesystem.com\/wp-content\/uploads\/2026\/04\/image-20220718-190318-300x144.webp 300w, https:\/\/www.cuesystem.com\/wp-content\/uploads\/2026\/04\/image-20220718-190318.webp 1807w\" sizes=\"(max-width: 1024px) 100vw, 1024px\" \/>\t\t\t\t\t\t\t\t<\/a>\n\t\t\t\t\t\t\t\t\t\t\t\t\t\t\t<\/div>\n\t\t\t\t<\/div>\n\t\t\t\t<\/div>\n\t\t\t\t\t<\/div>\n\t\t\t\t<\/div>\n\t\t\t\t<\/div>\n\t\t<div class=\"elementor-element elementor-element-5f4f319 e-flex e-con-boxed e-con e-parent\" data-id=\"5f4f319\" data-element_type=\"container\" data-e-type=\"container\">\n\t\t\t\t\t<div class=\"e-con-inner\">\n\t\t<div class=\"elementor-element elementor-element-51ce574 e-grid e-con-full e-con e-child\" data-id=\"51ce574\" data-element_type=\"container\" data-e-type=\"container\">\n\t\t\t\t<div class=\"elementor-element elementor-element-ba21e7d elementor-widget elementor-widget-image\" data-id=\"ba21e7d\" data-element_type=\"widget\" data-e-type=\"widget\" data-widget_type=\"image.default\">\n\t\t\t\t<div class=\"elementor-widget-container\">\n\t\t\t\t\t\t\t\t\t\t\t\t\t\t\t\t<a href=\"https:\/\/www.cuesystem.com\/wp-content\/uploads\/2026\/04\/image-20220718-190334.webp\" data-elementor-open-lightbox=\"yes\" data-e-action-hash=\"#elementor-action%3Aaction%3Dlightbox%26settings%3DeyJpZCI6MzczMTcsInVybCI6Imh0dHBzOlwvXC93d3cuY3Vlc3lzdGVtLmNvbVwvd3AtY29udGVudFwvdXBsb2Fkc1wvMjAyNlwvMDRcL2ltYWdlLTIwMjIwNzE4LTE5MDMzNC53ZWJwIn0%3D\">\n\t\t\t\t\t\t\t<img loading=\"lazy\" decoding=\"async\" width=\"1024\" height=\"492\" src=\"https:\/\/www.cuesystem.com\/wp-content\/uploads\/2026\/04\/image-20220718-190334-1024x492.webp\" class=\"attachment-large size-large wp-image-37317\" alt=\"\" srcset=\"https:\/\/www.cuesystem.com\/wp-content\/uploads\/2026\/04\/image-20220718-190334-1024x492.webp 1024w, https:\/\/www.cuesystem.com\/wp-content\/uploads\/2026\/04\/image-20220718-190334-300x144.webp 300w, https:\/\/www.cuesystem.com\/wp-content\/uploads\/2026\/04\/image-20220718-190334.webp 1811w\" sizes=\"(max-width: 1024px) 100vw, 1024px\" \/>\t\t\t\t\t\t\t\t<\/a>\n\t\t\t\t\t\t\t\t\t\t\t\t\t\t\t<\/div>\n\t\t\t\t<\/div>\n\t\t\t\t<div class=\"elementor-element elementor-element-f8c2948 elementor-widget elementor-widget-image\" data-id=\"f8c2948\" data-element_type=\"widget\" data-e-type=\"widget\" data-widget_type=\"image.default\">\n\t\t\t\t<div class=\"elementor-widget-container\">\n\t\t\t\t\t\t\t\t\t\t\t\t\t\t\t\t<a href=\"https:\/\/www.cuesystem.com\/wp-content\/uploads\/2026\/04\/image-20220718-190434.webp\" data-elementor-open-lightbox=\"yes\" data-e-action-hash=\"#elementor-action%3Aaction%3Dlightbox%26settings%3DeyJpZCI6MzczMjIsInVybCI6Imh0dHBzOlwvXC93d3cuY3Vlc3lzdGVtLmNvbVwvd3AtY29udGVudFwvdXBsb2Fkc1wvMjAyNlwvMDRcL2ltYWdlLTIwMjIwNzE4LTE5MDQzNC53ZWJwIn0%3D\">\n\t\t\t\t\t\t\t<img loading=\"lazy\" decoding=\"async\" width=\"1024\" height=\"492\" src=\"https:\/\/www.cuesystem.com\/wp-content\/uploads\/2026\/04\/image-20220718-190434-1024x492.webp\" class=\"attachment-large size-large wp-image-37322\" alt=\"\" srcset=\"https:\/\/www.cuesystem.com\/wp-content\/uploads\/2026\/04\/image-20220718-190434-1024x492.webp 1024w, https:\/\/www.cuesystem.com\/wp-content\/uploads\/2026\/04\/image-20220718-190434-300x144.webp 300w, https:\/\/www.cuesystem.com\/wp-content\/uploads\/2026\/04\/image-20220718-190434.webp 1814w\" sizes=\"(max-width: 1024px) 100vw, 1024px\" \/>\t\t\t\t\t\t\t\t<\/a>\n\t\t\t\t\t\t\t\t\t\t\t\t\t\t\t<\/div>\n\t\t\t\t<\/div>\n\t\t\t\t<\/div>\n\t\t\t\t\t<\/div>\n\t\t\t\t<\/div>\n\t\t\t\t<\/div>\n\t\t","protected":false},"excerpt":{"rendered":"<p>P\u0159\u00edpadov\u00e1 studie Ragasa Mexiko V\u00fdzva Ragasa se pot\u00fdkala s pot\u0159ebou vytvo\u0159it organizovan\u011bj\u0161\u00ed a transparentn\u011bj\u0161\u00ed pracovn\u00ed prost\u0159ed\u00ed pro sv\u00e9 po\u010detn\u00e9 zam\u011bstnance. Vzhledem ke komplexn\u00edmu zat\u00ed\u017een\u00ed v n\u011bkolika za\u0159\u00edzen\u00edch spole\u010dnost po\u017eadovala syst\u00e9m, kter\u00fd by zajistil \u00faplnou informovanost o dostupnosti m\u00edstnost\u00ed a pracovi\u0161\u0165 a z\u00e1rove\u0148 umo\u017enil spolehliv\u00fd sb\u011br dat pro budouc\u00ed optimalizaci. O spole\u010dnosti Ragasa Ragasa je p\u0159edn\u00ed <a href=\"https:\/\/www.cuesystem.com\/cs\/pripadove-studie\/ragasa-mexiko\/\" class=\"more-link\">&#8230;<span class=\"screen-reader-text\">  Ragasa Mexiko<\/span><\/a><\/p>\n","protected":false},"author":11,"featured_media":0,"parent":29856,"menu_order":7,"comment_status":"closed","ping_status":"closed","template":"","meta":{"_acf_changed":false,"inline_featured_image":false,"footnotes":""},"kategorie":[],"class_list":["post-37350","page","type-page","status-publish","hentry"],"acf":[],"_links":{"self":[{"href":"https:\/\/www.cuesystem.com\/cs\/wp-json\/wp\/v2\/pages\/37350","targetHints":{"allow":["GET"]}}],"collection":[{"href":"https:\/\/www.cuesystem.com\/cs\/wp-json\/wp\/v2\/pages"}],"about":[{"href":"https:\/\/www.cuesystem.com\/cs\/wp-json\/wp\/v2\/types\/page"}],"author":[{"embeddable":true,"href":"https:\/\/www.cuesystem.com\/cs\/wp-json\/wp\/v2\/users\/11"}],"replies":[{"embeddable":true,"href":"https:\/\/www.cuesystem.com\/cs\/wp-json\/wp\/v2\/comments?post=37350"}],"version-history":[{"count":1,"href":"https:\/\/www.cuesystem.com\/cs\/wp-json\/wp\/v2\/pages\/37350\/revisions"}],"predecessor-version":[{"id":37352,"href":"https:\/\/www.cuesystem.com\/cs\/wp-json\/wp\/v2\/pages\/37350\/revisions\/37352"}],"up":[{"embeddable":true,"href":"https:\/\/www.cuesystem.com\/cs\/wp-json\/wp\/v2\/pages\/29856"}],"wp:attachment":[{"href":"https:\/\/www.cuesystem.com\/cs\/wp-json\/wp\/v2\/media?parent=37350"}],"wp:term":[{"taxonomy":"kategorie","embeddable":true,"href":"https:\/\/www.cuesystem.com\/cs\/wp-json\/wp\/v2\/kategorie?post=37350"}],"curies":[{"name":"wp","href":"https:\/\/api.w.org\/{rel}","templated":true}]}}