{"id":37440,"date":"2026-04-15T18:34:55","date_gmt":"2026-04-15T16:34:55","guid":{"rendered":"https:\/\/www.cuesystem.com\/co-je-noveho\/umela-inteligence-prichazi-do-nastroje-cue-visual-composer\/"},"modified":"2026-04-19T23:05:45","modified_gmt":"2026-04-19T21:05:45","slug":"umela-inteligence-prichazi-do-nastroje-cue-visual-composer","status":"publish","type":"page","link":"https:\/\/www.cuesystem.com\/cs\/co-je-noveho\/umela-inteligence-prichazi-do-nastroje-cue-visual-composer\/","title":{"rendered":"Um\u011bl\u00e1 inteligence p\u0159ich\u00e1z\u00ed do n\u00e1stroje CUE Visual Composer"},"content":{"rendered":"\t\t<div data-elementor-type=\"wp-page\" data-elementor-id=\"37440\" class=\"elementor elementor-37440 elementor-37394\" data-elementor-post-type=\"page\">\n\t\t\t\t<div class=\"elementor-element elementor-element-b0c6de2 e-con-full e-flex e-con e-child\" data-id=\"b0c6de2\" data-element_type=\"container\" data-e-type=\"container\">\n\t\t\t\t<div class=\"elementor-element elementor-element-9d22a52 elementor-widget elementor-widget-heading\" data-id=\"9d22a52\" data-element_type=\"widget\" data-e-type=\"widget\" data-widget_type=\"heading.default\">\n\t\t\t\t<div class=\"elementor-widget-container\">\n\t\t\t\t\t<h3 class=\"elementor-heading-title elementor-size-default\">Nejnov\u011bj\u0161\u00ed aktualizace<\/h3>\t\t\t\t<\/div>\n\t\t\t\t<\/div>\n\t\t\t\t<div class=\"elementor-element elementor-element-c3c733d elementor-widget elementor-widget-heading\" data-id=\"c3c733d\" data-element_type=\"widget\" data-e-type=\"widget\" data-widget_type=\"heading.default\">\n\t\t\t\t<div class=\"elementor-widget-container\">\n\t\t\t\t\t<h1 class=\"elementor-heading-title elementor-size-default\">Um\u011bl\u00e1 inteligence p\u0159ich\u00e1z\u00ed do n\u00e1stroje CUE Visual Composer<\/h1>\t\t\t\t<\/div>\n\t\t\t\t<\/div>\n\t\t\t\t<div class=\"elementor-element elementor-element-99baa76 elementor-widget elementor-widget-heading\" data-id=\"99baa76\" data-element_type=\"widget\" data-e-type=\"widget\" data-widget_type=\"heading.default\">\n\t\t\t\t<div class=\"elementor-widget-container\">\n\t\t\t\t\t<h3 class=\"elementor-heading-title elementor-size-default\"><i>Napi\u0161te lep\u0161\u00ed k\u00f3d XPL2. Rychleji. S jistotou.  <\/i><\/h3>\t\t\t\t<\/div>\n\t\t\t\t<\/div>\n\t\t<div class=\"elementor-element elementor-element-5f80136 e-flex e-con-boxed e-con e-child\" data-id=\"5f80136\" data-element_type=\"container\" data-e-type=\"container\" data-settings=\"{&quot;background_background&quot;:&quot;classic&quot;}\">\n\t\t\t\t\t<div class=\"e-con-inner\">\n\t\t\t\t<div class=\"elementor-element elementor-element-f3df4c0 elementor-widget elementor-widget-text-editor\" data-id=\"f3df4c0\" data-element_type=\"widget\" data-e-type=\"widget\" data-widget_type=\"text-editor.default\">\n\t\t\t\t<div class=\"elementor-widget-container\">\n\t\t\t\t\t\t\t\t\t<p>P\u0159edstavujeme <strong>CVC Programming Assistant: n\u00e1stroj poh\u00e1n\u011bn\u00fd um\u011blou inteligenc\u00ed<\/strong>, kter\u00fd m\u00e1 zjednodu\u0161it v\u00fdvoj, urychlit pracovn\u00ed postupy a pomoci v\u00e1m poskytovat spolehliv\u00e9 v\u00fdsledky rychleji ne\u017e kdykoli p\u0159edt\u00edm.<\/p><p>A\u0165 u\u017e jste zku\u0161en\u00fd integr\u00e1tor, nebo teprve za\u010d\u00edn\u00e1te, asistent v\u00e1s podpo\u0159\u00ed v kl\u00ed\u010dov\u00fdch \u010d\u00e1stech v\u00fdvojov\u00e9ho procesu, <strong>od psan\u00ed k\u00f3du a\u017e po lad\u011bn\u00ed a pochopen\u00ed toho, jak v\u011bci funguj\u00ed<\/strong>.<\/p>\t\t\t\t\t\t\t\t<\/div>\n\t\t\t\t<\/div>\n\t\t\t\t\t<\/div>\n\t\t\t\t<\/div>\n\t\t<div class=\"elementor-element elementor-element-532819b e-grid e-con-boxed e-con e-child\" data-id=\"532819b\" data-element_type=\"container\" data-e-type=\"container\">\n\t\t\t\t\t<div class=\"e-con-inner\">\n\t\t<div class=\"elementor-element elementor-element-408464c e-con-full e-flex e-con e-child\" data-id=\"408464c\" data-element_type=\"container\" data-e-type=\"container\">\n\t\t\t\t<div class=\"elementor-element elementor-element-26e3009 elementor-widget elementor-widget-text-editor\" data-id=\"26e3009\" data-element_type=\"widget\" data-e-type=\"widget\" data-widget_type=\"text-editor.default\">\n\t\t\t\t<div class=\"elementor-widget-container\">\n\t\t\t\t\t\t\t\t\t<h3>Co um\u00ed?<\/h3>\n<ul>\n<li><strong>Generov\u00e1n\u00ed a kontrola k\u00f3du XPL2<\/strong> z jednoduch\u00fdch popis\u016f<\/li>\n<li><strong>Vytv\u00e1\u0159en\u00ed ovlada\u010d\u016f za\u0159\u00edzen\u00ed<\/strong> pro \u0161irokou \u0161k\u00e1lu protokol\u016f<\/li>\n<li><strong>Podpora s\u00edt\u00ed a komunikace<\/strong> (TCP, UDP, HTTP, WebSocket, MQTT).<\/li>\n<li><strong>Lad\u011bn\u00ed a odstra\u0148ov\u00e1n\u00ed probl\u00e9m\u016f<\/strong> pomoc\u00ed c\u00edlen\u00fdch n\u00e1vrh\u016f.<\/li>\n<li><strong>okam\u017eit\u00fd p\u0159\u00edstup ke znalostem o CVC<\/strong> bez nutnosti prohled\u00e1vat dokumentaci<\/li>\n<\/ul>\n<p>Nam\u00edsto hodin str\u00e1ven\u00fdch pokusy a omyly, hled\u00e1n\u00edm dokumentace nebo opakovan\u00fdm vypl\u0148ov\u00e1n\u00edm \u0161ablon <strong>se<\/strong> nyn\u00ed m\u016f\u017eete <strong>soust\u0159edit na to, co je d\u016fle\u017eit\u00e9: vytv\u00e1\u0159en\u00ed funk\u010dn\u00edch a spolehliv\u00fdch \u0159e\u0161en\u00ed<\/strong>.<\/p>\t\t\t\t\t\t\t\t<\/div>\n\t\t\t\t<\/div>\n\t\t\t\t<\/div>\n\t\t<div class=\"elementor-element elementor-element-f9452b4 e-con-full e-flex e-con e-child\" data-id=\"f9452b4\" data-element_type=\"container\" data-e-type=\"container\">\n\t\t\t\t<div class=\"elementor-element elementor-element-21fcbf9 elementor-widget elementor-widget-image\" data-id=\"21fcbf9\" data-element_type=\"widget\" data-e-type=\"widget\" data-widget_type=\"image.default\">\n\t\t\t\t<div class=\"elementor-widget-container\">\n\t\t\t\t\t\t\t\t\t\t\t\t\t\t\t<img fetchpriority=\"high\" decoding=\"async\" width=\"1024\" height=\"930\" src=\"https:\/\/www.cuesystem.com\/wp-content\/uploads\/2026\/04\/f12c985f-9193-4765-bf4a-6fd236a55c77-1024x930.webp\" class=\"attachment-large size-large wp-image-37397\" alt=\"\" srcset=\"https:\/\/www.cuesystem.com\/wp-content\/uploads\/2026\/04\/f12c985f-9193-4765-bf4a-6fd236a55c77-1024x930.webp 1024w, https:\/\/www.cuesystem.com\/wp-content\/uploads\/2026\/04\/f12c985f-9193-4765-bf4a-6fd236a55c77-300x272.webp 300w, https:\/\/www.cuesystem.com\/wp-content\/uploads\/2026\/04\/f12c985f-9193-4765-bf4a-6fd236a55c77.webp 1036w\" sizes=\"(max-width: 1024px) 100vw, 1024px\" \/>\t\t\t\t\t\t\t\t\t\t\t\t\t\t\t<\/div>\n\t\t\t\t<\/div>\n\t\t\t\t<\/div>\n\t\t\t\t\t<\/div>\n\t\t\t\t<\/div>\n\t\t\t\t<div class=\"elementor-element elementor-element-1b7bb97 elementor-widget-divider--view-line elementor-widget elementor-widget-divider\" data-id=\"1b7bb97\" data-element_type=\"widget\" data-e-type=\"widget\" data-widget_type=\"divider.default\">\n\t\t\t\t<div class=\"elementor-widget-container\">\n\t\t\t\t\t\t\t<div class=\"elementor-divider\">\n\t\t\t<span class=\"elementor-divider-separator\">\n\t\t\t\t\t\t<\/span>\n\t\t<\/div>\n\t\t\t\t\t\t<\/div>\n\t\t\t\t<\/div>\n\t\t<div class=\"elementor-element elementor-element-f004259 e-flex e-con-boxed e-con e-child\" data-id=\"f004259\" data-element_type=\"container\" data-e-type=\"container\">\n\t\t\t\t\t<div class=\"e-con-inner\">\n\t\t\t\t<div class=\"elementor-element elementor-element-e30318b elementor-widget elementor-widget-text-editor\" data-id=\"e30318b\" data-element_type=\"widget\" data-e-type=\"widget\" data-widget_type=\"text-editor.default\">\n\t\t\t\t<div class=\"elementor-widget-container\">\n\t\t\t\t\t\t\t\t\t<h3>Pro\u010d je to d\u016fle\u017eit\u00e9<\/h3>\n<p><strong>Programovac\u00ed asistent CVC rozum\u00ed re\u00e1ln\u00fdm specifik\u016fm v\u00fdvoje CUE<\/strong> (od omezen\u00ed vyrovn\u00e1vac\u00ed pam\u011bti a\u017e po nuance syntaxe) a zaji\u0161\u0165uje, \u017ee v\u00e1\u0161 k\u00f3d nebude pouze zkompilov\u00e1n, ale bude spolehliv\u011b fungovat na skute\u010dn\u00e9m hardwaru.<\/p>\n<p>Poh\u00e1n\u011bno <a href=\"https:\/\/ayeto.ai\/\"><strong>platformu AYETO.ai<\/strong><\/a>, nab\u00edz\u00ed flexibiln\u00ed, pr\u016fb\u011b\u017en\u011b placen\u00fd p\u0159\u00edstup bez p\u0159edplatn\u00e9ho nebo z\u00e1vazk\u016f.<\/p>\n<h4><em>&#8222;P\u0159esta\u0148te ps\u00e1t \u0161ablony. Za\u010dn\u011bte vytv\u00e1\u0159et \u0159e\u0161en\u00ed.&#8220;<\/em><\/h4>\t\t\t\t\t\t\t\t<\/div>\n\t\t\t\t<\/div>\n\t\t\t\t<div class=\"elementor-element elementor-element-b82f1b5 elementor-widget-divider--view-line elementor-widget elementor-widget-divider\" data-id=\"b82f1b5\" data-element_type=\"widget\" data-e-type=\"widget\" data-widget_type=\"divider.default\">\n\t\t\t\t<div class=\"elementor-widget-container\">\n\t\t\t\t\t\t\t<div class=\"elementor-divider\">\n\t\t\t<span class=\"elementor-divider-separator\">\n\t\t\t\t\t\t<\/span>\n\t\t<\/div>\n\t\t\t\t\t\t<\/div>\n\t\t\t\t<\/div>\n\t\t\t\t<div class=\"elementor-element elementor-element-a18ab12 elementor-widget elementor-widget-text-editor\" data-id=\"a18ab12\" data-element_type=\"widget\" data-e-type=\"widget\" data-widget_type=\"text-editor.default\">\n\t\t\t\t<div class=\"elementor-widget-container\">\n\t\t\t\t\t\t\t\t\t<h3>Za\u010d\u00edt je jednoduch\u00e9<\/h3><p>Postupujte podle na\u0161eho pr\u016fvodce a aktivujte um\u011blou inteligenci ve sv\u00e9m n\u00e1stroji CUE Visual Composer je\u0161t\u011b dnes.<\/p>\t\t\t\t\t\t\t\t<\/div>\n\t\t\t\t<\/div>\n\t\t\t\t\t<\/div>\n\t\t\t\t<\/div>\n\t\t<div class=\"elementor-element elementor-element-3f3f7d6 e-flex e-con-boxed e-con e-child\" data-id=\"3f3f7d6\" data-element_type=\"container\" data-e-type=\"container\">\n\t\t\t\t\t<div class=\"e-con-inner\">\n\t\t\t\t<div class=\"elementor-element elementor-element-21ef56d elementor-align-center elementor-widget elementor-widget-button\" data-id=\"21ef56d\" data-element_type=\"widget\" data-e-type=\"widget\" data-widget_type=\"button.default\">\n\t\t\t\t<div class=\"elementor-widget-container\">\n\t\t\t\t\t\t\t\t\t<div class=\"elementor-button-wrapper\">\n\t\t\t\t\t<a class=\"elementor-button elementor-button-link elementor-size-sm\" href=\"https:\/\/docs.cuesystem.com\/space\/CVCAIG\" target=\"_blank\">\n\t\t\t\t\t\t<span class=\"elementor-button-content-wrapper\">\n\t\t\t\t\t\t\t\t\t<span class=\"elementor-button-text\">Pr\u016fvodce nastaven\u00edm krok za krokem<\/span>\n\t\t\t\t\t<\/span>\n\t\t\t\t\t<\/a>\n\t\t\t\t<\/div>\n\t\t\t\t\t\t\t\t<\/div>\n\t\t\t\t<\/div>\n\t\t\t\t\t<\/div>\n\t\t\t\t<\/div>\n\t\t\t\t<\/div>\n\t\t\t\t<\/div>\n\t\t","protected":false},"excerpt":{"rendered":"<p>Nejnov\u011bj\u0161\u00ed aktualizace Um\u011bl\u00e1 inteligence p\u0159ich\u00e1z\u00ed do n\u00e1stroje CUE Visual Composer Napi\u0161te lep\u0161\u00ed k\u00f3d XPL2. Rychleji. S jistotou. P\u0159edstavujeme CVC Programming Assistant: n\u00e1stroj poh\u00e1n\u011bn\u00fd um\u011blou inteligenc\u00ed, kter\u00fd m\u00e1 zjednodu\u0161it v\u00fdvoj, urychlit pracovn\u00ed postupy a pomoci v\u00e1m poskytovat spolehliv\u00e9 v\u00fdsledky rychleji ne\u017e kdykoli p\u0159edt\u00edm. A\u0165 u\u017e jste zku\u0161en\u00fd integr\u00e1tor, nebo teprve za\u010d\u00edn\u00e1te, asistent v\u00e1s podpo\u0159\u00ed v kl\u00ed\u010dov\u00fdch <a href=\"https:\/\/www.cuesystem.com\/cs\/co-je-noveho\/umela-inteligence-prichazi-do-nastroje-cue-visual-composer\/\" class=\"more-link\">&#8230;<span class=\"screen-reader-text\">  Um\u011bl\u00e1 inteligence p\u0159ich\u00e1z\u00ed do n\u00e1stroje CUE Visual Composer<\/span><\/a><\/p>\n","protected":false},"author":11,"featured_media":0,"parent":31296,"menu_order":3,"comment_status":"closed","ping_status":"closed","template":"","meta":{"_acf_changed":false,"inline_featured_image":false,"footnotes":""},"kategorie":[],"class_list":["post-37440","page","type-page","status-publish","hentry"],"acf":[],"_links":{"self":[{"href":"https:\/\/www.cuesystem.com\/cs\/wp-json\/wp\/v2\/pages\/37440","targetHints":{"allow":["GET"]}}],"collection":[{"href":"https:\/\/www.cuesystem.com\/cs\/wp-json\/wp\/v2\/pages"}],"about":[{"href":"https:\/\/www.cuesystem.com\/cs\/wp-json\/wp\/v2\/types\/page"}],"author":[{"embeddable":true,"href":"https:\/\/www.cuesystem.com\/cs\/wp-json\/wp\/v2\/users\/11"}],"replies":[{"embeddable":true,"href":"https:\/\/www.cuesystem.com\/cs\/wp-json\/wp\/v2\/comments?post=37440"}],"version-history":[{"count":2,"href":"https:\/\/www.cuesystem.com\/cs\/wp-json\/wp\/v2\/pages\/37440\/revisions"}],"predecessor-version":[{"id":37448,"href":"https:\/\/www.cuesystem.com\/cs\/wp-json\/wp\/v2\/pages\/37440\/revisions\/37448"}],"up":[{"embeddable":true,"href":"https:\/\/www.cuesystem.com\/cs\/wp-json\/wp\/v2\/pages\/31296"}],"wp:attachment":[{"href":"https:\/\/www.cuesystem.com\/cs\/wp-json\/wp\/v2\/media?parent=37440"}],"wp:term":[{"taxonomy":"kategorie","embeddable":true,"href":"https:\/\/www.cuesystem.com\/cs\/wp-json\/wp\/v2\/kategorie?post=37440"}],"curies":[{"name":"wp","href":"https:\/\/api.w.org\/{rel}","templated":true}]}}