{"id":27618,"date":"2024-09-13T17:13:22","date_gmt":"2024-09-13T15:13:22","guid":{"rendered":"https:\/\/www.cuesystem.com\/entwurf-und-programmierung-des-cue-systems-20241029\/"},"modified":"2024-12-18T10:49:48","modified_gmt":"2024-12-18T09:49:48","slug":"entwurf-und-programmierung-des-cue-systems-20241029","status":"publish","type":"page","link":"https:\/\/www.cuesystem.com\/de\/entwurf-und-programmierung-des-cue-systems-20241029\/","title":{"rendered":"Entwurf und Programmierung des CUE-Systems 20241029"},"content":{"rendered":"\t\t<div data-elementor-type=\"wp-page\" data-elementor-id=\"27618\" class=\"elementor elementor-27618 elementor-27121\" data-elementor-post-type=\"page\">\n\t\t\t\t<div class=\"elementor-element elementor-element-899beba e-con-full e-flex e-con e-parent\" data-id=\"899beba\" data-element_type=\"container\" data-e-type=\"container\" data-settings=\"{&quot;background_background&quot;:&quot;classic&quot;}\">\n\t\t\t\t<div class=\"elementor-element elementor-element-6e16db4 elementor-widget elementor-widget-heading\" data-id=\"6e16db4\" data-element_type=\"widget\" data-e-type=\"widget\" data-widget_type=\"heading.default\">\n\t\t\t\t<div class=\"elementor-widget-container\">\n\t\t\t\t\t<h3 class=\"elementor-heading-title elementor-size-default\">Kurs Bildung<\/h3>\t\t\t\t<\/div>\n\t\t\t\t<\/div>\n\t\t\t\t<div class=\"elementor-element elementor-element-44c33d4 elementor-widget elementor-widget-heading\" data-id=\"44c33d4\" data-element_type=\"widget\" data-e-type=\"widget\" data-widget_type=\"heading.default\">\n\t\t\t\t<div class=\"elementor-widget-container\">\n\t\t\t\t\t<h1 class=\"elementor-heading-title elementor-size-default\">Entwurf und Programmierung des CUE-Systems<\/h1>\t\t\t\t<\/div>\n\t\t\t\t<\/div>\n\t\t\t\t<div class=\"elementor-element elementor-element-6dedea8 elementor-widget elementor-widget-heading\" data-id=\"6dedea8\" data-element_type=\"widget\" data-e-type=\"widget\" data-widget_type=\"heading.default\">\n\t\t\t\t<div class=\"elementor-widget-container\">\n\t\t\t\t\t<h2 class=\"elementor-heading-title elementor-size-default\">29. - 30. 10. 2024<\/h2>\t\t\t\t<\/div>\n\t\t\t\t<\/div>\n\t\t<div class=\"elementor-element elementor-element-7b8048a e-grid e-con-boxed e-con e-child\" data-id=\"7b8048a\" data-element_type=\"container\" data-e-type=\"container\">\n\t\t\t\t\t<div class=\"e-con-inner\">\n\t\t<div class=\"elementor-element elementor-element-74cbb2c e-flex e-con-boxed e-con e-child\" data-id=\"74cbb2c\" data-element_type=\"container\" data-e-type=\"container\">\n\t\t\t\t\t<div class=\"e-con-inner\">\n\t\t\t\t<div class=\"elementor-element elementor-element-c72aed9 elementor-widget elementor-widget-heading\" data-id=\"c72aed9\" data-element_type=\"widget\" data-e-type=\"widget\" data-widget_type=\"heading.default\">\n\t\t\t\t<div class=\"elementor-widget-container\">\n\t\t\t\t\t<h3 class=\"elementor-heading-title elementor-size-default\"><span style=\"font-size: 20.8px\">Zeitplan<\/span><\/h3>\t\t\t\t<\/div>\n\t\t\t\t<\/div>\n\t\t\t\t<div class=\"elementor-element elementor-element-7f57759 elementor-widget elementor-widget-text-editor\" data-id=\"7f57759\" data-element_type=\"widget\" data-e-type=\"widget\" data-widget_type=\"text-editor.default\">\n\t\t\t\t<div class=\"elementor-widget-container\">\n\t\t\t\t\t\t\t\t\t<p>Die Schulung ist in<strong> vier Sitzungen<\/strong> an zwei Tagen aufgeteilt. An jedem Tag gibt es zwei Sitzungen &#8211; jede Sitzung dauert ca. 2,5 Stunden.  <\/p>\n\t\t\t\t\t\t\t\t<\/div>\n\t\t\t\t<\/div>\n\t\t\t\t<div class=\"elementor-element elementor-element-445c43f elementor-widget-laptop__width-initial elementor-icon-list--layout-traditional elementor-list-item-link-full_width elementor-widget elementor-widget-icon-list\" data-id=\"445c43f\" data-element_type=\"widget\" data-e-type=\"widget\" data-widget_type=\"icon-list.default\">\n\t\t\t\t<div class=\"elementor-widget-container\">\n\t\t\t\t\t\t\t<ul class=\"elementor-icon-list-items\">\n\t\t\t\t\t\t\t<li class=\"elementor-icon-list-item\">\n\t\t\t\t\t\t\t\t\t\t\t<span class=\"elementor-icon-list-icon\">\n\t\t\t\t\t\t\t<svg aria-hidden=\"true\" class=\"e-font-icon-svg e-far-calendar-check\" viewBox=\"0 0 448 512\" xmlns=\"http:\/\/www.w3.org\/2000\/svg\"><path d=\"M400 64h-48V12c0-6.627-5.373-12-12-12h-40c-6.627 0-12 5.373-12 12v52H160V12c0-6.627-5.373-12-12-12h-40c-6.627 0-12 5.373-12 12v52H48C21.49 64 0 85.49 0 112v352c0 26.51 21.49 48 48 48h352c26.51 0 48-21.49 48-48V112c0-26.51-21.49-48-48-48zm-6 400H54a6 6 0 0 1-6-6V160h352v298a6 6 0 0 1-6 6zm-52.849-200.65L198.842 404.519c-4.705 4.667-12.303 4.637-16.971-.068l-75.091-75.699c-4.667-4.705-4.637-12.303.068-16.971l22.719-22.536c4.705-4.667 12.303-4.637 16.97.069l44.104 44.461 111.072-110.181c4.705-4.667 12.303-4.637 16.971.068l22.536 22.718c4.667 4.705 4.636 12.303-.069 16.97z\"><\/path><\/svg>\t\t\t\t\t\t<\/span>\n\t\t\t\t\t\t\t\t\t\t<span class=\"elementor-icon-list-text\">Sitzung 1: 1. Tag, <b>13:00 - 15:30 UTC<\/b> (14:00 - 16:30 CET)<\/span>\n\t\t\t\t\t\t\t\t\t<\/li>\n\t\t\t\t\t\t\t\t<li class=\"elementor-icon-list-item\">\n\t\t\t\t\t\t\t\t\t\t\t<span class=\"elementor-icon-list-icon\">\n\t\t\t\t\t\t\t<svg aria-hidden=\"true\" class=\"e-font-icon-svg e-far-calendar-check\" viewBox=\"0 0 448 512\" xmlns=\"http:\/\/www.w3.org\/2000\/svg\"><path d=\"M400 64h-48V12c0-6.627-5.373-12-12-12h-40c-6.627 0-12 5.373-12 12v52H160V12c0-6.627-5.373-12-12-12h-40c-6.627 0-12 5.373-12 12v52H48C21.49 64 0 85.49 0 112v352c0 26.51 21.49 48 48 48h352c26.51 0 48-21.49 48-48V112c0-26.51-21.49-48-48-48zm-6 400H54a6 6 0 0 1-6-6V160h352v298a6 6 0 0 1-6 6zm-52.849-200.65L198.842 404.519c-4.705 4.667-12.303 4.637-16.971-.068l-75.091-75.699c-4.667-4.705-4.637-12.303.068-16.971l22.719-22.536c4.705-4.667 12.303-4.637 16.97.069l44.104 44.461 111.072-110.181c4.705-4.667 12.303-4.637 16.971.068l22.536 22.718c4.667 4.705 4.636 12.303-.069 16.97z\"><\/path><\/svg>\t\t\t\t\t\t<\/span>\n\t\t\t\t\t\t\t\t\t\t<span class=\"elementor-icon-list-text\">Sitzung 2: 1. Tag, <b>17:00 - 19:30 UTC<\/b> (18:00 - 20:30 CET)<\/span>\n\t\t\t\t\t\t\t\t\t<\/li>\n\t\t\t\t\t\t\t\t<li class=\"elementor-icon-list-item\">\n\t\t\t\t\t\t\t\t\t\t\t<span class=\"elementor-icon-list-icon\">\n\t\t\t\t\t\t\t<svg aria-hidden=\"true\" class=\"e-font-icon-svg e-far-calendar-check\" viewBox=\"0 0 448 512\" xmlns=\"http:\/\/www.w3.org\/2000\/svg\"><path d=\"M400 64h-48V12c0-6.627-5.373-12-12-12h-40c-6.627 0-12 5.373-12 12v52H160V12c0-6.627-5.373-12-12-12h-40c-6.627 0-12 5.373-12 12v52H48C21.49 64 0 85.49 0 112v352c0 26.51 21.49 48 48 48h352c26.51 0 48-21.49 48-48V112c0-26.51-21.49-48-48-48zm-6 400H54a6 6 0 0 1-6-6V160h352v298a6 6 0 0 1-6 6zm-52.849-200.65L198.842 404.519c-4.705 4.667-12.303 4.637-16.971-.068l-75.091-75.699c-4.667-4.705-4.637-12.303.068-16.971l22.719-22.536c4.705-4.667 12.303-4.637 16.97.069l44.104 44.461 111.072-110.181c4.705-4.667 12.303-4.637 16.971.068l22.536 22.718c4.667 4.705 4.636 12.303-.069 16.97z\"><\/path><\/svg>\t\t\t\t\t\t<\/span>\n\t\t\t\t\t\t\t\t\t\t<span class=\"elementor-icon-list-text\">Sitzung 3: 2. Tag, <b>13:00 - 15:30 UTC<\/b> (14:00 - 16:30 CET)<\/span>\n\t\t\t\t\t\t\t\t\t<\/li>\n\t\t\t\t\t\t\t\t<li class=\"elementor-icon-list-item\">\n\t\t\t\t\t\t\t\t\t\t\t<span class=\"elementor-icon-list-icon\">\n\t\t\t\t\t\t\t<svg aria-hidden=\"true\" class=\"e-font-icon-svg e-far-calendar-check\" viewBox=\"0 0 448 512\" xmlns=\"http:\/\/www.w3.org\/2000\/svg\"><path d=\"M400 64h-48V12c0-6.627-5.373-12-12-12h-40c-6.627 0-12 5.373-12 12v52H160V12c0-6.627-5.373-12-12-12h-40c-6.627 0-12 5.373-12 12v52H48C21.49 64 0 85.49 0 112v352c0 26.51 21.49 48 48 48h352c26.51 0 48-21.49 48-48V112c0-26.51-21.49-48-48-48zm-6 400H54a6 6 0 0 1-6-6V160h352v298a6 6 0 0 1-6 6zm-52.849-200.65L198.842 404.519c-4.705 4.667-12.303 4.637-16.971-.068l-75.091-75.699c-4.667-4.705-4.637-12.303.068-16.971l22.719-22.536c4.705-4.667 12.303-4.637 16.97.069l44.104 44.461 111.072-110.181c4.705-4.667 12.303-4.637 16.971.068l22.536 22.718c4.667 4.705 4.636 12.303-.069 16.97z\"><\/path><\/svg>\t\t\t\t\t\t<\/span>\n\t\t\t\t\t\t\t\t\t\t<span class=\"elementor-icon-list-text\">Sitzung 4: 2. Tag, <b>17:00 - 19:30 UTC<\/b> (18:00 - 20:30 CET)<\/span>\n\t\t\t\t\t\t\t\t\t<\/li>\n\t\t\t\t\t\t<\/ul>\n\t\t\t\t\t\t<\/div>\n\t\t\t\t<\/div>\n\t\t\t\t\t<\/div>\n\t\t\t\t<\/div>\n\t\t<div class=\"elementor-element elementor-element-25416a3 e-flex e-con-boxed e-con e-child\" data-id=\"25416a3\" data-element_type=\"container\" data-e-type=\"container\">\n\t\t\t\t\t<div class=\"e-con-inner\">\n\t\t\t\t<div class=\"elementor-element elementor-element-0ecee2d elementor-widget elementor-widget-heading\" data-id=\"0ecee2d\" data-element_type=\"widget\" data-e-type=\"widget\" data-widget_type=\"heading.default\">\n\t\t\t\t<div class=\"elementor-widget-container\">\n\t\t\t\t\t<h3 class=\"elementor-heading-title elementor-size-default\">Details<\/h3>\t\t\t\t<\/div>\n\t\t\t\t<\/div>\n\t\t\t\t<div class=\"elementor-element elementor-element-56d3b2f elementor-widget elementor-widget-text-editor\" data-id=\"56d3b2f\" data-element_type=\"widget\" data-e-type=\"widget\" data-widget_type=\"text-editor.default\">\n\t\t\t\t<div class=\"elementor-widget-container\">\n\t\t\t\t\t\t\t\t\t<p>Sprache: <strong>Englisch<\/strong><\/p>\n\t\t\t\t\t\t\t\t<\/div>\n\t\t\t\t<\/div>\n\t\t\t\t<div class=\"elementor-element elementor-element-8aba51a elementor-widget elementor-widget-text-editor\" data-id=\"8aba51a\" data-element_type=\"widget\" data-e-type=\"widget\" data-widget_type=\"text-editor.default\">\n\t\t\t\t<div class=\"elementor-widget-container\">\n\t\t\t\t\t\t\t\t\t<p>Art der Schulung: <b>Online<\/b><\/p>\n\t\t\t\t\t\t\t\t<\/div>\n\t\t\t\t<\/div>\n\t\t\t\t<div class=\"elementor-element elementor-element-7262575 elementor-widget elementor-widget-text-editor\" data-id=\"7262575\" data-element_type=\"widget\" data-e-type=\"widget\" data-widget_type=\"text-editor.default\">\n\t\t\t\t<div class=\"elementor-widget-container\">\n\t\t\t\t\t\t\t\t\t<p>Trainer: <strong>Karel Steidl<\/strong><\/p>\n\t\t\t\t\t\t\t\t<\/div>\n\t\t\t\t<\/div>\n\t\t\t\t\t<\/div>\n\t\t\t\t<\/div>\n\t\t\t\t\t<\/div>\n\t\t\t\t<\/div>\n\t\t<div class=\"elementor-element elementor-element-3109a59 e-flex e-con-boxed e-con e-child\" data-id=\"3109a59\" data-element_type=\"container\" data-e-type=\"container\">\n\t\t\t\t\t<div class=\"e-con-inner\">\n\t\t<div class=\"elementor-element elementor-element-e54e3f4 e-flex e-con-boxed e-con e-child\" data-id=\"e54e3f4\" data-element_type=\"container\" data-e-type=\"container\">\n\t\t\t\t\t<div class=\"e-con-inner\">\n\t\t\t\t<div class=\"elementor-element elementor-element-7a56355 elementor-widget elementor-widget-heading\" data-id=\"7a56355\" data-element_type=\"widget\" data-e-type=\"widget\" data-widget_type=\"heading.default\">\n\t\t\t\t<div class=\"elementor-widget-container\">\n\t\t\t\t\t<h3 class=\"elementor-heading-title elementor-size-default\">Kursbeschreibung<\/h3>\t\t\t\t<\/div>\n\t\t\t\t<\/div>\n\t\t\t\t<div class=\"elementor-element elementor-element-81cc0a3 elementor-widget elementor-widget-text-editor\" data-id=\"81cc0a3\" data-element_type=\"widget\" data-e-type=\"widget\" data-widget_type=\"text-editor.default\">\n\t\t\t\t<div class=\"elementor-widget-container\">\n\t\t\t\t\t\t\t\t\t<p>Wenn Sie ein <strong>Anf\u00e4nger<\/strong> in der Programmierung des CUE Systems sind, ist der Kurs Cue System Design and Programming genau das Richtige f\u00fcr Sie. Der Kurs CUE System Design und Programmierung ist ein Muss f\u00fcr alle Anf\u00e4nger in der Cue System Programmierung. W\u00e4hrend des zweit\u00e4gigen Kurses erhalten Sie umfassende Informationen \u00fcber <strong>CUE-Produkte<\/strong> und lernen, wie das Cue-System <strong>programmiert wird<\/strong>.  <\/p>\n<p>Wenn Sie den Kurs Cue System Design and Programming absolviert und viele CUE Systeme programmiert haben, k\u00f6nnen Sie das <strong>CVC Advanced Training<\/strong> besuchen.<\/p>\n<p>Am Ende k\u00f6nnen die Teilnehmer den <strong>Abschlusstest<\/strong> bestehen. Diejenigen, die erfolgreich sind, erhalten ein CUE-System-Zertifikat. <\/p>\n\t\t\t\t\t\t\t\t<\/div>\n\t\t\t\t<\/div>\n\t\t\t\t\t<\/div>\n\t\t\t\t<\/div>\n\t\t<div class=\"elementor-element elementor-element-960daad e-flex e-con-boxed e-con e-child\" data-id=\"960daad\" data-element_type=\"container\" data-e-type=\"container\">\n\t\t\t\t\t<div class=\"e-con-inner\">\n\t\t\t\t<div class=\"elementor-element elementor-element-a5edb16 elementor-widget elementor-widget-heading\" data-id=\"a5edb16\" data-element_type=\"widget\" data-e-type=\"widget\" data-widget_type=\"heading.default\">\n\t\t\t\t<div class=\"elementor-widget-container\">\n\t\t\t\t\t<h3 class=\"elementor-heading-title elementor-size-default\">Anmeldeformular<\/h3>\t\t\t\t<\/div>\n\t\t\t\t<\/div>\n\t\t<div class=\"elementor-element elementor-element-df2b9fd e-flex e-con-boxed e-con e-child\" data-id=\"df2b9fd\" data-element_type=\"container\" data-e-type=\"container\">\n\t\t\t\t\t<div class=\"e-con-inner\">\n\t\t\t\t<div class=\"elementor-element elementor-element-ae535da elementor-button-align-start elementor-widget elementor-widget-form\" data-id=\"ae535da\" data-element_type=\"widget\" data-e-type=\"widget\" data-settings=\"{&quot;step_next_label&quot;:&quot;N\\u00e4chste&quot;,&quot;step_previous_label&quot;:&quot;Vorherige&quot;,&quot;button_width&quot;:&quot;100&quot;,&quot;step_type&quot;:&quot;number_text&quot;,&quot;step_icon_shape&quot;:&quot;circle&quot;}\" data-widget_type=\"form.default\">\n\t\t\t\t<div class=\"elementor-widget-container\">\n\t\t\t\t\t\t\t<form class=\"elementor-form\" method=\"post\" name=\"Neue Form\" aria-label=\"Neue Form\">\n\t\t\t<input type=\"hidden\" name=\"post_id\" value=\"27618\"\/>\n\t\t\t<input type=\"hidden\" name=\"form_id\" value=\"ae535da\"\/>\n\t\t\t<input type=\"hidden\" name=\"referer_title\" value=\"\" \/>\n\n\t\t\t\n\t\t\t<div class=\"elementor-form-fields-wrapper elementor-labels-above\">\n\t\t\t\t\t\t\t\t<div class=\"elementor-field-type-text elementor-field-group elementor-column elementor-field-group-name elementor-col-100 elementor-field-required elementor-mark-required\">\n\t\t\t\t\t\t\t\t\t\t\t\t<label for=\"form-field-name\" class=\"elementor-field-label\">\n\t\t\t\t\t\t\t\tVorname\t\t\t\t\t\t\t<\/label>\n\t\t\t\t\t\t\t\t\t\t\t\t\t\t<input size=\"1\" type=\"text\" name=\"form_fields[name]\" id=\"form-field-name\" class=\"elementor-field elementor-size-xs  elementor-field-textual\" required=\"required\">\n\t\t\t\t\t\t\t\t\t\t\t<\/div>\n\t\t\t\t\t\t\t\t<div class=\"elementor-field-type-text elementor-field-group elementor-column elementor-field-group-field_16b15e6 elementor-col-100 elementor-field-required elementor-mark-required\">\n\t\t\t\t\t\t\t\t\t\t\t\t<label for=\"form-field-field_16b15e6\" class=\"elementor-field-label\">\n\t\t\t\t\t\t\t\tNachname\t\t\t\t\t\t\t<\/label>\n\t\t\t\t\t\t\t\t\t\t\t\t\t\t<input size=\"1\" type=\"text\" name=\"form_fields[field_16b15e6]\" id=\"form-field-field_16b15e6\" class=\"elementor-field elementor-size-xs  elementor-field-textual\" required=\"required\">\n\t\t\t\t\t\t\t\t\t\t\t<\/div>\n\t\t\t\t\t\t\t\t<div class=\"elementor-field-type-email elementor-field-group elementor-column elementor-field-group-email elementor-col-100 elementor-field-required elementor-mark-required\">\n\t\t\t\t\t\t\t\t\t\t\t\t<label for=\"form-field-email\" class=\"elementor-field-label\">\n\t\t\t\t\t\t\t\tE-Mail\t\t\t\t\t\t\t<\/label>\n\t\t\t\t\t\t\t\t\t\t\t\t\t\t<input size=\"1\" type=\"email\" name=\"form_fields[email]\" id=\"form-field-email\" class=\"elementor-field elementor-size-xs  elementor-field-textual\" required=\"required\">\n\t\t\t\t\t\t\t\t\t\t\t<\/div>\n\t\t\t\t\t\t\t\t<div class=\"elementor-field-type-text elementor-field-group elementor-column elementor-field-group-field_2ef1b51 elementor-col-100\">\n\t\t\t\t\t\t\t\t\t\t\t\t<label for=\"form-field-field_2ef1b51\" class=\"elementor-field-label\">\n\t\t\t\t\t\t\t\tBerufsbezeichnung\t\t\t\t\t\t\t<\/label>\n\t\t\t\t\t\t\t\t\t\t\t\t\t\t<input size=\"1\" type=\"text\" name=\"form_fields[field_2ef1b51]\" id=\"form-field-field_2ef1b51\" class=\"elementor-field elementor-size-xs  elementor-field-textual\">\n\t\t\t\t\t\t\t\t\t\t\t<\/div>\n\t\t\t\t\t\t\t\t<div class=\"elementor-field-type-text elementor-field-group elementor-column elementor-field-group-field_be26c74 elementor-col-100 elementor-field-required elementor-mark-required\">\n\t\t\t\t\t\t\t\t\t\t\t\t<label for=\"form-field-field_be26c74\" class=\"elementor-field-label\">\n\t\t\t\t\t\t\t\tUnternehmen\/Organisation\t\t\t\t\t\t\t<\/label>\n\t\t\t\t\t\t\t\t\t\t\t\t\t\t<input size=\"1\" type=\"text\" name=\"form_fields[field_be26c74]\" id=\"form-field-field_be26c74\" class=\"elementor-field elementor-size-xs  elementor-field-textual\" required=\"required\">\n\t\t\t\t\t\t\t\t\t\t\t<\/div>\n\t\t\t\t\t\t\t\t<div class=\"elementor-field-type-select elementor-field-group elementor-column elementor-field-group-field_57ae3f9 elementor-col-100 elementor-field-required elementor-mark-required\">\n\t\t\t\t\t\t\t\t\t\t\t\t<label for=\"form-field-field_57ae3f9\" class=\"elementor-field-label\">\n\t\t\t\t\t\t\t\tLand\t\t\t\t\t\t\t<\/label>\n\t\t\t\t\t\t\t\t<div class=\"elementor-field elementor-select-wrapper remove-before \">\n\t\t\t<div class=\"select-caret-down-wrapper\">\n\t\t\t\t<svg aria-hidden=\"true\" class=\"e-font-icon-svg e-eicon-caret-down\" viewBox=\"0 0 571.4 571.4\" xmlns=\"http:\/\/www.w3.org\/2000\/svg\"><path d=\"M571 393Q571 407 561 418L311 668Q300 679 286 679T261 668L11 418Q0 407 0 393T11 368 36 357H536Q550 357 561 368T571 393Z\"><\/path><\/svg>\t\t\t<\/div>\n\t\t\t<select name=\"form_fields[field_57ae3f9]\" id=\"form-field-field_57ae3f9\" class=\"elementor-field-textual elementor-size-xs\" required=\"required\">\n\t\t\t\t\t\t\t\t\t<option value=\"Afghanistan Albanien Algerien Andorra Angola Anguilla Antigua und Barbuda Argentinien Armenien Aruba Australien Aserbaidschan Bahamas Bahrain Bangladesch Barbados Belgien Belize Benin Bermuda Bhutan Bolivien Bonaire Bosnien und Herzegowina Botswana Brasilien Britische Jungferninseln Brunei Bulgarien Burkina Faso Burundi Kambodscha Kamerun Kanada Kap Verde Kaimaninseln Zentralafrikanische Republik Tschad Chile China Kolumbien Komoren Kongo, Demokratische Republik Kongo, Republik Cookinseln Costa Rica Elfenbeink\u00fcste D\u00e4nemark Dschibuti Dominica Dominikanische Republik Ecuador \u00c4gypten El Salvador \u00c4quatorialguinea Eritrea Estland F\u00e4r\u00f6er Inseln Fidschi Finnland Frankreich Gabun Gambia, Deutschland Georgien Ghana Griechenland Grenada Guadeloupe Guatemala Guinea Guinea-Bissau Guyana Haiti Honduras Hongkong Indien Indonesien Irak Iran Irland Island Israel Italien Jamaika Japan Jordanien Kasachstan Kenia Kiribati Kuwait Kirgisistan Laos Lettland Libanon Lesotho Liberia Libyen Liechtenstein Litauen Luxemburg Macao Mazedonien Madagaskar Ungarn Malawi Malaysia Malediven Mali Malta Marshallinseln Martinique Mauretanien Mauritius Mexiko Mikronesien Moldawien Monaco Mongolei Montenegro Montserrat Marokko Mosambik Myanmar Namibia Nauru Nepal Neuseeland Nicaragua Niederlande Niger Nigeria Niue Nordkorea Norwegen Oman Pakistan Palau Pal\u00e4stina Panama Papua-Neuguinea Paraguay Peru Philippinen Polen Portugal Katar Rum\u00e4nien Russland Ruanda St. Barth\u00e9lemy St. Kitts und Nevis St. Lucia St. Martin St. Vincent und die Grenadinen Samoa San Marino Sao Tome und Principe Saudi-Arabien Arabien Senegal Serbien Seychellen Sierra Leone Singapur Sint Eustatius Sint Maarten Slowakei Slowenien Salomonen Somalia S\u00fcdafrika S\u00fcdkorea S\u00fcdsudan Spanien Sri Lanka Sudan Suriname Swasiland Schweden Schweiz Syrien Taiwan Tadschikistan Tansania Thailand Timor-Leste Togo Tonga Trinidad und Tobago Tunesien T\u00fcrkei Turkmenistan Turks- und Caicosinseln Tuvalu Uganda Ukraine Vereinigte Arabische Emirate Vereinigtes K\u00f6nigreich Vereinigte Staaten Amerikanische Jungferninseln Uruguay Usbekistan Vanuatu Vatikan Venezuela Vietnam Jemen Sambia Zimbabwe  \">Afghanistan Albanien Algerien Andorra Angola Anguilla Antigua und Barbuda Argentinien Armenien Aruba Australien Aserbaidschan Bahamas Bahrain Bangladesch Barbados Belgien Belize Benin Bermuda Bhutan Bolivien Bonaire Bosnien und Herzegowina Botswana Brasilien Britische Jungferninseln Brunei Bulgarien Burkina Faso Burundi Kambodscha Kamerun Kanada Kap Verde Kaimaninseln Zentralafrikanische Republik Tschad Chile China Kolumbien Komoren Kongo, Demokratische Republik Kongo, Republik Cookinseln Costa Rica Elfenbeink\u00fcste D\u00e4nemark Dschibuti Dominica Dominikanische Republik Ecuador \u00c4gypten El Salvador \u00c4quatorialguinea Eritrea Estland F\u00e4r\u00f6er Inseln Fidschi Finnland Frankreich Gabun Gambia, Deutschland Georgien Ghana Griechenland Grenada Guadeloupe Guatemala Guinea Guinea-Bissau Guyana Haiti Honduras Hongkong Indien Indonesien Irak Iran Irland Island Israel Italien Jamaika Japan Jordanien Kasachstan Kenia Kiribati Kuwait Kirgisistan Laos Lettland Libanon Lesotho Liberia Libyen Liechtenstein Litauen Luxemburg Macao Mazedonien Madagaskar Ungarn Malawi Malaysia Malediven Mali Malta Marshallinseln Martinique Mauretanien Mauritius Mexiko Mikronesien Moldawien Monaco Mongolei Montenegro Montserrat Marokko Mosambik Myanmar Namibia Nauru Nepal Neuseeland Nicaragua Niederlande Niger Nigeria Niue Nordkorea Norwegen Oman Pakistan Palau Pal\u00e4stina Panama Papua-Neuguinea Paraguay Peru Philippinen Polen Portugal Katar Rum\u00e4nien Russland Ruanda St. Barth\u00e9lemy St. Kitts und Nevis St. Lucia St. Martin St. Vincent und die Grenadinen Samoa San Marino Sao Tome und Principe Saudi-Arabien Arabien Senegal Serbien Seychellen Sierra Leone Singapur Sint Eustatius Sint Maarten Slowakei Slowenien Salomonen Somalia S\u00fcdafrika S\u00fcdkorea S\u00fcdsudan Spanien Sri Lanka Sudan Suriname Swasiland Schweden Schweiz Syrien Taiwan Tadschikistan Tansania Thailand Timor-Leste Togo Tonga Trinidad und Tobago Tunesien T\u00fcrkei Turkmenistan Turks- und Caicosinseln Tuvalu Uganda Ukraine Vereinigte Arabische Emirate Vereinigtes K\u00f6nigreich Vereinigte Staaten Amerikanische Jungferninseln Uruguay Usbekistan Vanuatu Vatikan Venezuela Vietnam Jemen Sambia Zimbabwe  <\/option>\n\t\t\t\t\t\t\t<\/select>\n\t\t<\/div>\n\t\t\t\t\t\t<\/div>\n\t\t\t\t\t\t\t\t<div class=\"elementor-field-type-textarea elementor-field-group elementor-column elementor-field-group-message elementor-col-100\">\n\t\t\t\t\t\t\t\t\t\t\t\t<label for=\"form-field-message\" class=\"elementor-field-label\">\n\t\t\t\t\t\t\t\tNachricht\t\t\t\t\t\t\t<\/label>\n\t\t\t\t\t\t<textarea class=\"elementor-field-textual elementor-field  elementor-size-xs\" name=\"form_fields[message]\" id=\"form-field-message\" rows=\"4\"><\/textarea>\t\t\t\t<\/div>\n\t\t\t\t\t\t\t\t<div class=\"elementor-field-type-acceptance elementor-field-group elementor-column elementor-field-group-field_79a1f58 elementor-col-100 elementor-field-required elementor-mark-required\">\n\t\t\t\t\t\t\t<div class=\"elementor-field-subgroup\">\n\t\t\t<span class=\"elementor-field-option\">\n\t\t\t\t<input type=\"checkbox\" name=\"form_fields[field_79a1f58]\" id=\"form-field-field_79a1f58\" class=\"elementor-field elementor-size-xs  elementor-acceptance-field\" required=\"required\">\n\t\t\t\t<label for=\"form-field-field_79a1f58\">Mit dem Absenden dieses Formulars erkl\u00e4ren Sie sich mit der <a href=\".\/gdpr-statement\/\" target=\"_blank\">Verarbeitung personenbezogener Daten<\/a> einverstanden.<\/label>\t\t\t<\/span>\n\t\t<\/div>\n\t\t\t\t\t\t<\/div>\n\t\t\t\t\t\t\t\t<div class=\"elementor-field-type-recaptcha_v3 elementor-field-group elementor-column elementor-field-group-field_bdbf686 elementor-col-100 recaptcha_v3-bottomright\">\n\t\t\t\t\t<div class=\"elementor-field\" id=\"form-field-field_bdbf686\"><div class=\"elementor-g-recaptcha\" data-sitekey=\"6LcBq1IpAAAAAP_W2zEwFc3xyz2S49I1ACHLop8N\" data-type=\"v3\" data-action=\"Form\" data-badge=\"bottomright\" data-size=\"invisible\"><\/div><\/div>\t\t\t\t<\/div>\n\t\t\t\t\t\t\t\t<div class=\"elementor-field-group elementor-column elementor-field-type-submit elementor-col-100 e-form__buttons\">\n\t\t\t\t\t<button class=\"elementor-button elementor-size-md\" type=\"submit\">\n\t\t\t\t\t\t<span class=\"elementor-button-content-wrapper\">\n\t\t\t\t\t\t\t\t\t\t\t\t\t\t\t\t\t\t\t\t\t\t<span class=\"elementor-button-text\">Registrierung einreichen<\/span>\n\t\t\t\t\t\t\t\t\t\t\t\t\t<\/span>\n\t\t\t\t\t<\/button>\n\t\t\t\t<\/div>\n\t\t\t<\/div>\n\t\t<\/form>\n\t\t\t\t\t\t<\/div>\n\t\t\t\t<\/div>\n\t\t\t\t\t<\/div>\n\t\t\t\t<\/div>\n\t\t\t\t\t<\/div>\n\t\t\t\t<\/div>\n\t\t\t\t\t<\/div>\n\t\t\t\t<\/div>\n\t\t\t\t<\/div>\n\t\t\t\t<\/div>\n\t\t","protected":false},"excerpt":{"rendered":"<p>Kurs Bildung Entwurf und Programmierung des CUE-Systems 29. &#8211; 30. 10. 2024 Zeitplan Die Schulung ist in vier Sitzungen an zwei Tagen aufgeteilt. An jedem Tag gibt es zwei Sitzungen &#8211; jede Sitzung dauert ca. 2,5 Stunden. Sitzung 1: 1. Tag, 13:00 &#8211; 15:30 UTC (14:00 &#8211; 16:30 CET) Sitzung 2: 1. Tag, 17:00 &#8211; <a href=\"https:\/\/www.cuesystem.com\/de\/entwurf-und-programmierung-des-cue-systems-20241029\/\" class=\"more-link\">\u2026\u00a0<span class=\"screen-reader-text\">  Entwurf und Programmierung des CUE-Systems 20241029<\/span><\/a><\/p>\n","protected":false},"author":3,"featured_media":0,"parent":0,"menu_order":306,"comment_status":"closed","ping_status":"closed","template":"","meta":{"_acf_changed":false,"inline_featured_image":false,"footnotes":""},"kategorie":[],"class_list":["post-27618","page","type-page","status-publish","hentry"],"acf":[],"_links":{"self":[{"href":"https:\/\/www.cuesystem.com\/de\/wp-json\/wp\/v2\/pages\/27618","targetHints":{"allow":["GET"]}}],"collection":[{"href":"https:\/\/www.cuesystem.com\/de\/wp-json\/wp\/v2\/pages"}],"about":[{"href":"https:\/\/www.cuesystem.com\/de\/wp-json\/wp\/v2\/types\/page"}],"author":[{"embeddable":true,"href":"https:\/\/www.cuesystem.com\/de\/wp-json\/wp\/v2\/users\/3"}],"replies":[{"embeddable":true,"href":"https:\/\/www.cuesystem.com\/de\/wp-json\/wp\/v2\/comments?post=27618"}],"version-history":[{"count":1,"href":"https:\/\/www.cuesystem.com\/de\/wp-json\/wp\/v2\/pages\/27618\/revisions"}],"predecessor-version":[{"id":27619,"href":"https:\/\/www.cuesystem.com\/de\/wp-json\/wp\/v2\/pages\/27618\/revisions\/27619"}],"wp:attachment":[{"href":"https:\/\/www.cuesystem.com\/de\/wp-json\/wp\/v2\/media?parent=27618"}],"wp:term":[{"taxonomy":"kategorie","embeddable":true,"href":"https:\/\/www.cuesystem.com\/de\/wp-json\/wp\/v2\/kategorie?post=27618"}],"curies":[{"name":"wp","href":"https:\/\/api.w.org\/{rel}","templated":true}]}}