{"id":29153,"date":"2023-11-09T21:03:12","date_gmt":"2023-11-09T20:03:12","guid":{"rendered":"https:\/\/www.cuesystem.com\/gdpr-erklarung\/"},"modified":"2025-04-15T10:34:24","modified_gmt":"2025-04-15T08:34:24","slug":"gdpr-erklarung","status":"publish","type":"page","link":"https:\/\/www.cuesystem.com\/de\/gdpr-erklarung\/","title":{"rendered":"GDPR-Erkl\u00e4rung"},"content":{"rendered":"\t\t<div data-elementor-type=\"wp-page\" data-elementor-id=\"29153\" class=\"elementor elementor-29153 elementor-1699\" data-elementor-post-type=\"page\">\n\t\t\t\t<div class=\"elementor-element elementor-element-98521df e-flex e-con-boxed e-con e-parent\" data-id=\"98521df\" data-element_type=\"container\" data-e-type=\"container\">\n\t\t\t\t\t<div class=\"e-con-inner\">\n\t\t<div class=\"elementor-element elementor-element-dca3300 e-flex e-con-boxed e-con e-child\" data-id=\"dca3300\" data-element_type=\"container\" data-e-type=\"container\">\n\t\t\t\t\t<div class=\"e-con-inner\">\n\t\t<div class=\"elementor-element elementor-element-5f8b0d8 e-flex e-con-boxed e-con e-child\" data-id=\"5f8b0d8\" data-element_type=\"container\" data-e-type=\"container\">\n\t\t\t\t\t<div class=\"e-con-inner\">\n\t\t\t\t<div class=\"elementor-element elementor-element-9ccd973 elementor-widget elementor-widget-heading\" data-id=\"9ccd973\" data-element_type=\"widget\" data-e-type=\"widget\" data-widget_type=\"heading.default\">\n\t\t\t\t<div class=\"elementor-widget-container\">\n\t\t\t\t\t<h3 class=\"elementor-heading-title elementor-size-default\">Allgemeine Datenschutzverordnung<\/h3>\t\t\t\t<\/div>\n\t\t\t\t<\/div>\n\t\t\t\t<div class=\"elementor-element elementor-element-c4642c8 elementor-widget__width-initial elementor-widget elementor-widget-heading\" data-id=\"c4642c8\" data-element_type=\"widget\" data-e-type=\"widget\" data-widget_type=\"heading.default\">\n\t\t\t\t<div class=\"elementor-widget-container\">\n\t\t\t\t\t<h1 class=\"elementor-heading-title elementor-size-default\"><span style=\"color: var( --e-global-color-primary );font-family: var( --e-global-typography-5442c9e-font-family ), Sans-serif;font-size: var( --e-global-typography-5442c9e-font-size );font-style: var( --e-global-typography-5442c9e-font-style );font-weight: var( --e-global-typography-5442c9e-font-weight );text-align: var(--text-align)\">GDPR-Erkl\u00e4rung<\/span><\/h1>\t\t\t\t<\/div>\n\t\t\t\t<\/div>\n\t\t\t\t\t<\/div>\n\t\t\t\t<\/div>\n\t\t\t\t\t<\/div>\n\t\t\t\t<\/div>\n\t\t\t\t\t<\/div>\n\t\t\t\t<\/div>\n\t\t<div class=\"elementor-element elementor-element-ca5b89a e-flex e-con-boxed e-con e-parent\" data-id=\"ca5b89a\" data-element_type=\"container\" data-e-type=\"container\">\n\t\t\t\t\t<div class=\"e-con-inner\">\n\t\t<div class=\"elementor-element elementor-element-5735667 e-flex e-con-boxed e-con e-child\" data-id=\"5735667\" data-element_type=\"container\" data-e-type=\"container\">\n\t\t\t\t\t<div class=\"e-con-inner\">\n\t\t<div class=\"elementor-element elementor-element-9e87cee e-flex e-con-boxed e-con e-child\" data-id=\"9e87cee\" data-element_type=\"container\" data-e-type=\"container\">\n\t\t\t\t\t<div class=\"e-con-inner\">\n\t\t\t\t<div class=\"elementor-element elementor-element-0e1ec40 elementor-widget elementor-widget-text-editor\" data-id=\"0e1ec40\" data-element_type=\"widget\" data-e-type=\"widget\" data-widget_type=\"text-editor.default\">\n\t\t\t\t<div class=\"elementor-widget-container\">\n\t\t\t\t\t\t\t\t\t<p>Die Allgemeine Datenschutzverordnung (&#8222;GDPR&#8220;) f\u00fchrt eine erhebliche Anzahl von \u00c4nderungen an der bestehenden EWR-Datenschutzlandschaft ein und erweitert die Rechte des Einzelnen, indem sie ihm mehr Kontrolle \u00fcber seine pers\u00f6nlichen Daten gibt. Um die neuen Anforderungen der GDPR zu erf\u00fcllen, haben wir unsere Datenschutzerkl\u00e4rung erstellt. Darin finden Sie detaillierte Informationen dar\u00fcber, wie wir Ihre pers\u00f6nlichen Daten verwenden und sch\u00fctzen und welche Rechte Sie in diesem Zusammenhang haben.  <\/p><p><a href=\"https:\/\/www.cuesystem.com\/wp-content\/uploads\/2023\/11\/GDPR_PrivacyStatement_EN-1.pdf\" target=\"_blank\" rel=\"noopener\">Download Datenschutzbestimmungen<\/a><\/p>\t\t\t\t\t\t\t\t<\/div>\n\t\t\t\t<\/div>\n\t\t\t\t\t<\/div>\n\t\t\t\t<\/div>\n\t\t\t\t\t<\/div>\n\t\t\t\t<\/div>\n\t\t\t\t\t<\/div>\n\t\t\t\t<\/div>\n\t\t\t\t<\/div>\n\t\t","protected":false},"excerpt":{"rendered":"<p>Allgemeine Datenschutzverordnung GDPR-Erkl\u00e4rung Die Allgemeine Datenschutzverordnung (&#8222;GDPR&#8220;) f\u00fchrt eine erhebliche Anzahl von \u00c4nderungen an der bestehenden EWR-Datenschutzlandschaft ein und erweitert die Rechte des Einzelnen, indem sie ihm mehr Kontrolle \u00fcber seine pers\u00f6nlichen Daten gibt. Um die neuen Anforderungen der GDPR zu erf\u00fcllen, haben wir unsere Datenschutzerkl\u00e4rung erstellt. Darin finden Sie detaillierte Informationen dar\u00fcber, wie wir <a href=\"https:\/\/www.cuesystem.com\/de\/gdpr-erklarung\/\" class=\"more-link\">\u2026\u00a0<span class=\"screen-reader-text\">  GDPR-Erkl\u00e4rung<\/span><\/a><\/p>\n","protected":false},"author":3,"featured_media":0,"parent":0,"menu_order":645,"comment_status":"closed","ping_status":"closed","template":"","meta":{"_acf_changed":false,"inline_featured_image":false,"footnotes":""},"kategorie":[],"class_list":["post-29153","page","type-page","status-publish","hentry"],"acf":[],"_links":{"self":[{"href":"https:\/\/www.cuesystem.com\/de\/wp-json\/wp\/v2\/pages\/29153","targetHints":{"allow":["GET"]}}],"collection":[{"href":"https:\/\/www.cuesystem.com\/de\/wp-json\/wp\/v2\/pages"}],"about":[{"href":"https:\/\/www.cuesystem.com\/de\/wp-json\/wp\/v2\/types\/page"}],"author":[{"embeddable":true,"href":"https:\/\/www.cuesystem.com\/de\/wp-json\/wp\/v2\/users\/3"}],"replies":[{"embeddable":true,"href":"https:\/\/www.cuesystem.com\/de\/wp-json\/wp\/v2\/comments?post=29153"}],"version-history":[{"count":1,"href":"https:\/\/www.cuesystem.com\/de\/wp-json\/wp\/v2\/pages\/29153\/revisions"}],"predecessor-version":[{"id":29154,"href":"https:\/\/www.cuesystem.com\/de\/wp-json\/wp\/v2\/pages\/29153\/revisions\/29154"}],"wp:attachment":[{"href":"https:\/\/www.cuesystem.com\/de\/wp-json\/wp\/v2\/media?parent=29153"}],"wp:term":[{"taxonomy":"kategorie","embeddable":true,"href":"https:\/\/www.cuesystem.com\/de\/wp-json\/wp\/v2\/kategorie?post=29153"}],"curies":[{"name":"wp","href":"https:\/\/api.w.org\/{rel}","templated":true}]}}