{"id":29419,"date":"2024-01-07T21:20:57","date_gmt":"2024-01-07T20:20:57","guid":{"rendered":"https:\/\/www.cuesystem.com\/inavation-auszeichnungen-2024\/"},"modified":"2025-04-15T12:08:23","modified_gmt":"2025-04-15T10:08:23","slug":"inavation-auszeichnungen-2024","status":"publish","type":"page","link":"https:\/\/www.cuesystem.com\/de\/inavation-auszeichnungen-2024\/","title":{"rendered":"InAVation Auszeichnungen 2024"},"content":{"rendered":"\t\t<div data-elementor-type=\"wp-page\" data-elementor-id=\"29419\" class=\"elementor elementor-29419 elementor-19985\" data-elementor-post-type=\"page\">\n\t\t\t\t<div class=\"elementor-element elementor-element-b6a2e2a e-flex e-con-boxed e-con e-parent\" data-id=\"b6a2e2a\" data-element_type=\"container\" data-e-type=\"container\">\n\t\t\t\t\t<div class=\"e-con-inner\">\n\t\t\t\t<div class=\"elementor-element elementor-element-4926315 elementor-widget elementor-widget-image\" data-id=\"4926315\" data-element_type=\"widget\" data-e-type=\"widget\" data-widget_type=\"image.default\">\n\t\t\t\t<div class=\"elementor-widget-container\">\n\t\t\t\t\t\t\t\t\t\t\t\t\t\t\t<img fetchpriority=\"high\" decoding=\"async\" width=\"1024\" height=\"274\" src=\"https:\/\/www.cuesystem.com\/wp-content\/uploads\/2024\/01\/Logo_InAVationAwards-1024x274.webp\" class=\"attachment-large size-large wp-image-29619\" alt=\"\" srcset=\"https:\/\/www.cuesystem.com\/wp-content\/uploads\/2024\/01\/Logo_InAVationAwards-1024x274.webp 1024w, https:\/\/www.cuesystem.com\/wp-content\/uploads\/2024\/01\/Logo_InAVationAwards-300x80.webp 300w, https:\/\/www.cuesystem.com\/wp-content\/uploads\/2024\/01\/Logo_InAVationAwards.webp 1920w\" sizes=\"(max-width: 1024px) 100vw, 1024px\" \/>\t\t\t\t\t\t\t\t\t\t\t\t\t\t\t<\/div>\n\t\t\t\t<\/div>\n\t\t\t\t\t<\/div>\n\t\t\t\t<\/div>\n\t\t<div class=\"elementor-element elementor-element-98a5570 e-flex e-con-boxed e-con e-parent\" data-id=\"98a5570\" data-element_type=\"container\" data-e-type=\"container\">\n\t\t\t\t\t<div class=\"e-con-inner\">\n\t\t\t\t<div class=\"elementor-element elementor-element-f9fe87d elementor-widget-divider--view-line elementor-widget elementor-widget-divider\" data-id=\"f9fe87d\" data-element_type=\"widget\" data-e-type=\"widget\" data-widget_type=\"divider.default\">\n\t\t\t\t<div class=\"elementor-widget-container\">\n\t\t\t\t\t\t\t<div class=\"elementor-divider\">\n\t\t\t<span class=\"elementor-divider-separator\">\n\t\t\t\t\t\t<\/span>\n\t\t<\/div>\n\t\t\t\t\t\t<\/div>\n\t\t\t\t<\/div>\n\t\t\t\t\t<\/div>\n\t\t\t\t<\/div>\n\t\t<div class=\"elementor-element elementor-element-779c807 e-flex e-con-boxed e-con e-parent\" data-id=\"779c807\" data-element_type=\"container\" data-e-type=\"container\">\n\t\t\t\t\t<div class=\"e-con-inner\">\n\t\t\t\t<div class=\"elementor-element elementor-element-cd1f96a elementor-widget elementor-widget-heading\" data-id=\"cd1f96a\" data-element_type=\"widget\" data-e-type=\"widget\" data-widget_type=\"heading.default\">\n\t\t\t\t<div class=\"elementor-widget-container\">\n\t\t\t\t\t<h2 class=\"elementor-heading-title elementor-size-default\">Gro\u00dfer Gewinn-Alarm!<\/h2>\t\t\t\t<\/div>\n\t\t\t\t<\/div>\n\t\t\t\t<div class=\"elementor-element elementor-element-b5b5393 elementor-widget elementor-widget-text-editor\" data-id=\"b5b5393\" data-element_type=\"widget\" data-e-type=\"widget\" data-widget_type=\"text-editor.default\">\n\t\t\t\t<div class=\"elementor-widget-container\">\n\t\t\t\t\t\t\t\t\t<p><span style=\"color: var( --e-global-color-primary ); font-family: var( --e-global-typography-primary-font-family ), Sans-serif; font-size: var( --e-global-typography-primary-font-size ); font-weight: var( --e-global-typography-primary-font-weight );\">Wir freuen uns sehr, unseren Sieg bei den <\/span><a style=\"font-family: Nunito, sans-serif; font-size: 16px; font-weight: var( --e-global-typography-primary-font-weight ); line-height: var( --e-global-typography-a9b17a6-line-height ); letter-spacing: normal; word-spacing: 0px;\" href=\"https:\/\/www.inavationawards.com\/Awards\/Technology-Awards\" target=\"_blank\" rel=\"noopener\"><strong>2024 InAVation Auszeichnungen<\/strong><\/a><span style=\"color: var( --e-global-color-primary ); font-family: var( --e-global-typography-primary-font-family ), Sans-serif; font-size: var( --e-global-typography-primary-font-size ); font-weight: var( --e-global-typography-primary-font-weight );\"> in der Kategorie Beste Cloud-f\u00e4hige Technologie!<\/span><\/p><p>Unsere innovative CUE Cloud-L\u00f6sung wurde f\u00fcr ihre herausragende Leistung bei der Neugestaltung der Art und Weise, wie wir R\u00e4ume navigieren und steuern, ausgezeichnet. Ein gro\u00dfes Dankesch\u00f6n an alle, die uns auf dieser unglaublichen Reise unterst\u00fctzt haben! <\/p>\t\t\t\t\t\t\t\t<\/div>\n\t\t\t\t<\/div>\n\t\t<div class=\"elementor-element elementor-element-3c9cda2 e-flex e-con-boxed e-con e-child\" data-id=\"3c9cda2\" data-element_type=\"container\" data-e-type=\"container\">\n\t\t\t\t\t<div class=\"e-con-inner\">\n\t\t\t\t<div class=\"elementor-element elementor-element-d6f2653 elementor-widget elementor-widget-text-editor\" data-id=\"d6f2653\" data-element_type=\"widget\" data-e-type=\"widget\" data-widget_type=\"text-editor.default\">\n\t\t\t\t<div class=\"elementor-widget-container\">\n\t\t\t\t\t\t\t\t\t<p><span style=\"color: var( --e-global-color-primary ); font-family: var( --e-global-typography-primary-font-family ), Sans-serif; font-size: var( --e-global-typography-primary-font-size ); font-weight: var( --e-global-typography-primary-font-weight );\">Kategorie<\/span><\/p>\t\t\t\t\t\t\t\t<\/div>\n\t\t\t\t<\/div>\n\t\t\t\t<div class=\"elementor-element elementor-element-025273d elementor-widget elementor-widget-heading\" data-id=\"025273d\" data-element_type=\"widget\" data-e-type=\"widget\" data-widget_type=\"heading.default\">\n\t\t\t\t<div class=\"elementor-widget-container\">\n\t\t\t\t\t<h3 class=\"elementor-heading-title elementor-size-default\"><span style=\"font-size: 20.8px\">Cloud-f\u00e4hige Technologie<\/span><\/h3>\t\t\t\t<\/div>\n\t\t\t\t<\/div>\n\t\t\t\t<div class=\"elementor-element elementor-element-f656dc4 elementor-widget elementor-widget-image\" data-id=\"f656dc4\" data-element_type=\"widget\" data-e-type=\"widget\" data-widget_type=\"image.default\">\n\t\t\t\t<div class=\"elementor-widget-container\">\n\t\t\t\t\t\t\t\t\t\t\t\t\t\t\t\t<a href=\"https:\/\/www.cuesystem.com\/cue-solution\/\">\n\t\t\t\t\t\t\t<img decoding=\"async\" width=\"1024\" height=\"267\" src=\"https:\/\/www.cuesystem.com\/wp-content\/uploads\/2024\/01\/LogoCUEsaas-3-1024x267.webp\" class=\"attachment-large size-large wp-image-20038\" alt=\"\" srcset=\"https:\/\/www.cuesystem.com\/wp-content\/uploads\/2024\/01\/LogoCUEsaas-3-1024x267.webp 1024w, https:\/\/www.cuesystem.com\/wp-content\/uploads\/2024\/01\/LogoCUEsaas-3-300x78.webp 300w, https:\/\/www.cuesystem.com\/wp-content\/uploads\/2024\/01\/LogoCUEsaas-3.webp 1920w\" sizes=\"(max-width: 1024px) 100vw, 1024px\" \/>\t\t\t\t\t\t\t\t<\/a>\n\t\t\t\t\t\t\t\t\t\t\t\t\t\t\t<\/div>\n\t\t\t\t<\/div>\n\t\t\t\t<div class=\"elementor-element elementor-element-3369fd8 elementor-widget elementor-widget-text-editor\" data-id=\"3369fd8\" data-element_type=\"widget\" data-e-type=\"widget\" data-widget_type=\"text-editor.default\">\n\t\t\t\t<div class=\"elementor-widget-container\">\n\t\t\t\t\t\t\t\t\t<p><span style=\"color: var( --e-global-color-primary ); font-family: var( --e-global-typography-primary-font-family ), Sans-serif; font-size: var( --e-global-typography-primary-font-size ); font-weight: var( --e-global-typography-primary-font-weight );\">CUE Cloud-L\u00f6sung.<\/span><br><\/p>\t\t\t\t\t\t\t\t<\/div>\n\t\t\t\t<\/div>\n\t\t\t\t\t<\/div>\n\t\t\t\t<\/div>\n\t\t\t\t<div class=\"elementor-element elementor-element-de8c5e7 elementor-widget elementor-widget-image\" data-id=\"de8c5e7\" data-element_type=\"widget\" data-e-type=\"widget\" data-widget_type=\"image.default\">\n\t\t\t\t<div class=\"elementor-widget-container\">\n\t\t\t\t\t\t\t\t\t\t\t\t\t\t\t<img decoding=\"async\" width=\"1024\" height=\"768\" src=\"https:\/\/www.cuesystem.com\/wp-content\/uploads\/2024\/01\/IMG_4944-1024x768.jpeg\" class=\"attachment-large size-large wp-image-23815\" alt=\"\" srcset=\"https:\/\/www.cuesystem.com\/wp-content\/uploads\/2024\/01\/IMG_4944-1024x768.jpeg 1024w, https:\/\/www.cuesystem.com\/wp-content\/uploads\/2024\/01\/IMG_4944-300x225.jpeg 300w, https:\/\/www.cuesystem.com\/wp-content\/uploads\/2024\/01\/IMG_4944.jpeg 2048w\" sizes=\"(max-width: 1024px) 100vw, 1024px\" \/>\t\t\t\t\t\t\t\t\t\t\t\t\t\t\t<\/div>\n\t\t\t\t<\/div>\n\t\t\t\t\t<\/div>\n\t\t\t\t<\/div>\n\t\t\t\t<\/div>\n\t\t","protected":false},"excerpt":{"rendered":"<p>Gro\u00dfer Gewinn-Alarm! Wir freuen uns sehr, unseren Sieg bei den 2024 InAVation Auszeichnungen in der Kategorie Beste Cloud-f\u00e4hige Technologie! Unsere innovative CUE Cloud-L\u00f6sung wurde f\u00fcr ihre herausragende Leistung bei der Neugestaltung der Art und Weise, wie wir R\u00e4ume navigieren und steuern, ausgezeichnet. Ein gro\u00dfes Dankesch\u00f6n an alle, die uns auf dieser unglaublichen Reise unterst\u00fctzt haben! <a href=\"https:\/\/www.cuesystem.com\/de\/inavation-auszeichnungen-2024\/\" class=\"more-link\">\u2026\u00a0<span class=\"screen-reader-text\">  InAVation Auszeichnungen 2024<\/span><\/a><\/p>\n","protected":false},"author":3,"featured_media":0,"parent":0,"menu_order":404,"comment_status":"closed","ping_status":"closed","template":"","meta":{"_acf_changed":false,"inline_featured_image":false,"footnotes":""},"kategorie":[],"class_list":["post-29419","page","type-page","status-publish","hentry"],"acf":[],"_links":{"self":[{"href":"https:\/\/www.cuesystem.com\/de\/wp-json\/wp\/v2\/pages\/29419","targetHints":{"allow":["GET"]}}],"collection":[{"href":"https:\/\/www.cuesystem.com\/de\/wp-json\/wp\/v2\/pages"}],"about":[{"href":"https:\/\/www.cuesystem.com\/de\/wp-json\/wp\/v2\/types\/page"}],"author":[{"embeddable":true,"href":"https:\/\/www.cuesystem.com\/de\/wp-json\/wp\/v2\/users\/3"}],"replies":[{"embeddable":true,"href":"https:\/\/www.cuesystem.com\/de\/wp-json\/wp\/v2\/comments?post=29419"}],"version-history":[{"count":1,"href":"https:\/\/www.cuesystem.com\/de\/wp-json\/wp\/v2\/pages\/29419\/revisions"}],"predecessor-version":[{"id":29421,"href":"https:\/\/www.cuesystem.com\/de\/wp-json\/wp\/v2\/pages\/29419\/revisions\/29421"}],"wp:attachment":[{"href":"https:\/\/www.cuesystem.com\/de\/wp-json\/wp\/v2\/media?parent=29419"}],"wp:term":[{"taxonomy":"kategorie","embeddable":true,"href":"https:\/\/www.cuesystem.com\/de\/wp-json\/wp\/v2\/kategorie?post=29419"}],"curies":[{"name":"wp","href":"https:\/\/api.w.org\/{rel}","templated":true}]}}