{"id":29437,"date":"2023-12-30T18:39:37","date_gmt":"2023-12-30T17:39:37","guid":{"rendered":"https:\/\/www.cuesystem.com\/reservieren-sie\/vorteile\/"},"modified":"2025-05-25T22:56:41","modified_gmt":"2025-05-25T20:56:41","slug":"vorteile","status":"publish","type":"page","link":"https:\/\/www.cuesystem.com\/de\/reservieren-sie\/vorteile\/","title":{"rendered":"Vorteile"},"content":{"rendered":"\t\t<div data-elementor-type=\"wp-page\" data-elementor-id=\"29437\" class=\"elementor elementor-29437 elementor-18078\" data-elementor-post-type=\"page\">\n\t\t\t\t<div class=\"elementor-element elementor-element-01d4a1e e-flex e-con-boxed e-con e-parent\" data-id=\"01d4a1e\" data-element_type=\"container\" data-e-type=\"container\">\n\t\t\t\t\t<div class=\"e-con-inner\">\n\t\t\t\t<div class=\"elementor-element elementor-element-90c2b73 elementor-widget elementor-widget-heading\" data-id=\"90c2b73\" data-element_type=\"widget\" data-e-type=\"widget\" data-widget_type=\"heading.default\">\n\t\t\t\t<div class=\"elementor-widget-container\">\n\t\t\t\t\t<h3 class=\"elementor-heading-title elementor-size-default\">Reservieren<\/h3>\t\t\t\t<\/div>\n\t\t\t\t<\/div>\n\t\t\t\t<div class=\"elementor-element elementor-element-2eaab97 elementor-widget elementor-widget-heading\" data-id=\"2eaab97\" data-element_type=\"widget\" data-e-type=\"widget\" data-widget_type=\"heading.default\">\n\t\t\t\t<div class=\"elementor-widget-container\">\n\t\t\t\t\t<h1 class=\"elementor-heading-title elementor-size-default\">Vorteile<\/h1>\t\t\t\t<\/div>\n\t\t\t\t<\/div>\n\t\t\t\t\t<\/div>\n\t\t\t\t<\/div>\n\t\t<div class=\"elementor-element elementor-element-d5e1038 e-flex e-con-boxed e-con e-parent\" data-id=\"d5e1038\" data-element_type=\"container\" data-e-type=\"container\">\n\t\t\t\t\t<div class=\"e-con-inner\">\n\t\t<div class=\"elementor-element elementor-element-ae45596 e-flex e-con-boxed e-con e-child\" data-id=\"ae45596\" data-element_type=\"container\" data-e-type=\"container\">\n\t\t\t\t\t<div class=\"e-con-inner\">\n\t\t<div class=\"elementor-element elementor-element-6af3482 e-flex e-con-boxed e-con e-child\" data-id=\"6af3482\" data-element_type=\"container\" data-e-type=\"container\">\n\t\t\t\t\t<div class=\"e-con-inner\">\n\t\t\t\t<div class=\"elementor-element elementor-element-fa54c07 elementor-widget elementor-widget-text-editor\" data-id=\"fa54c07\" data-element_type=\"widget\" data-e-type=\"widget\" data-widget_type=\"text-editor.default\">\n\t\t\t\t<div class=\"elementor-widget-container\">\n\t\t\t\t\t\t\t\t\t<p>Ressourcen-Reservierungssysteme bieten zahlreiche Vorteile in unterschiedlichen Bereichen \u2013 z.B. im Hotel- und Gastst\u00e4ttengewerbe, im Transportwesen, im Gesundheitswesen und dar\u00fcber hinaus. Trotz dieser Vorteile ist es jedoch entscheidend, ein System auszuw\u00e4hlen und zu implementieren, das auf die spezifischen Anforderungen und Ziele des Unternehmens zugeschnitten ist. <\/p>\t\t\t\t\t\t\t\t<\/div>\n\t\t\t\t<\/div>\n\t\t\t\t\t<\/div>\n\t\t\t\t<\/div>\n\t\t\t\t\t<\/div>\n\t\t\t\t<\/div>\n\t\t\t\t\t<\/div>\n\t\t\t\t<\/div>\n\t\t<div class=\"elementor-element elementor-element-ea4e5a1 e-flex e-con-boxed e-con e-parent\" data-id=\"ea4e5a1\" data-element_type=\"container\" data-e-type=\"container\">\n\t\t\t\t\t<div class=\"e-con-inner\">\n\t\t<div class=\"elementor-element elementor-element-5edd1d7 e-flex e-con-boxed e-con e-child\" data-id=\"5edd1d7\" data-element_type=\"container\" data-e-type=\"container\">\n\t\t\t\t\t<div class=\"e-con-inner\">\n\t\t\t\t<div class=\"elementor-element elementor-element-c40fa6e elementor-widget elementor-widget-heading\" data-id=\"c40fa6e\" data-element_type=\"widget\" data-e-type=\"widget\" data-widget_type=\"heading.default\">\n\t\t\t\t<div class=\"elementor-widget-container\">\n\t\t\t\t\t<h3 class=\"elementor-heading-title elementor-size-default\">Optimierte Ressourcennutzung<\/h3>\t\t\t\t<\/div>\n\t\t\t\t<\/div>\n\t\t\t\t<div class=\"elementor-element elementor-element-5465859 elementor-widget elementor-widget-text-editor\" data-id=\"5465859\" data-element_type=\"widget\" data-e-type=\"widget\" data-widget_type=\"text-editor.default\">\n\t\t\t\t<div class=\"elementor-widget-container\">\n\t\t\t\t\t\t\t\t\t<p>Ressourcenreservierungssysteme tragen dazu bei, die Ressourcennutzung zu optimieren, indem sie eine <strong>effiziente und bedarfsgerechte Zuweisung<\/strong> erm\u00f6glichen. Dies kann die Gesamteffizienz steigern und zu Kosteneinsparungen f\u00fchren. <\/p>\t\t\t\t\t\t\t\t<\/div>\n\t\t\t\t<\/div>\n\t\t\t\t\t<\/div>\n\t\t\t\t<\/div>\n\t\t<div class=\"elementor-element elementor-element-6fbdafd e-flex e-con-boxed e-con e-child\" data-id=\"6fbdafd\" data-element_type=\"container\" data-e-type=\"container\">\n\t\t\t\t\t<div class=\"e-con-inner\">\n\t\t\t\t<div class=\"elementor-element elementor-element-8cdeaf5 elementor-widget elementor-widget-heading\" data-id=\"8cdeaf5\" data-element_type=\"widget\" data-e-type=\"widget\" data-widget_type=\"heading.default\">\n\t\t\t\t<div class=\"elementor-widget-container\">\n\t\t\t\t\t<h3 class=\"elementor-heading-title elementor-size-default\">Verbesserte Kundenerfahrung<\/h3>\t\t\t\t<\/div>\n\t\t\t\t<\/div>\n\t\t\t\t<div class=\"elementor-element elementor-element-c2a1ae4 elementor-widget elementor-widget-text-editor\" data-id=\"c2a1ae4\" data-element_type=\"widget\" data-e-type=\"widget\" data-widget_type=\"text-editor.default\">\n\t\t\t\t<div class=\"elementor-widget-container\">\n\t\t\t\t\t\t\t\t\t<p>Kunden k\u00f6nnen Ressourcen <strong>ganz einfach im Voraus buchen und reservieren<\/strong>, um deren Verf\u00fcgbarkeit bei Bedarf sicherzustellen. Dies verbessert das Kundenerlebnis durch k\u00fcrzere Wartezeiten und einen reibungsloseren Ablauf <\/p>\t\t\t\t\t\t\t\t<\/div>\n\t\t\t\t<\/div>\n\t\t\t\t\t<\/div>\n\t\t\t\t<\/div>\n\t\t<div class=\"elementor-element elementor-element-3938909 e-flex e-con-boxed e-con e-child\" data-id=\"3938909\" data-element_type=\"container\" data-e-type=\"container\">\n\t\t\t\t\t<div class=\"e-con-inner\">\n\t\t\t\t<div class=\"elementor-element elementor-element-14d1fb3 elementor-widget elementor-widget-heading\" data-id=\"14d1fb3\" data-element_type=\"widget\" data-e-type=\"widget\" data-widget_type=\"heading.default\">\n\t\t\t\t<div class=\"elementor-widget-container\">\n\t\t\t\t\t<h3 class=\"elementor-heading-title elementor-size-default\">Zeiteffizienz<\/h3>\t\t\t\t<\/div>\n\t\t\t\t<\/div>\n\t\t\t\t<div class=\"elementor-element elementor-element-d025bdf elementor-widget elementor-widget-text-editor\" data-id=\"d025bdf\" data-element_type=\"widget\" data-e-type=\"widget\" data-widget_type=\"text-editor.default\">\n\t\t\t\t<div class=\"elementor-widget-container\">\n\t\t\t\t\t\t\t\t\t<p>Der <strong>automatisierte Charakter<\/strong> von Reservierungssystemen spart sowohl Kunden als auch Dienstleistern Zeit. Manuelle Abl\u00e4ufe werden minimiert und Transaktionen k\u00f6nnen z\u00fcgig abgeschlossen werden. <\/p>\t\t\t\t\t\t\t\t<\/div>\n\t\t\t\t<\/div>\n\t\t\t\t\t<\/div>\n\t\t\t\t<\/div>\n\t\t<div class=\"elementor-element elementor-element-0a62ccf e-flex e-con-boxed e-con e-child\" data-id=\"0a62ccf\" data-element_type=\"container\" data-e-type=\"container\">\n\t\t\t\t\t<div class=\"e-con-inner\">\n\t\t\t\t<div class=\"elementor-element elementor-element-1944896 elementor-widget elementor-widget-heading\" data-id=\"1944896\" data-element_type=\"widget\" data-e-type=\"widget\" data-widget_type=\"heading.default\">\n\t\t\t\t<div class=\"elementor-widget-container\">\n\t\t\t\t\t<h3 class=\"elementor-heading-title elementor-size-default\">Weniger \u00dcberbuchungen und Konflikte<\/h3>\t\t\t\t<\/div>\n\t\t\t\t<\/div>\n\t\t\t\t<div class=\"elementor-element elementor-element-be54c55 elementor-widget elementor-widget-text-editor\" data-id=\"be54c55\" data-element_type=\"widget\" data-e-type=\"widget\" data-widget_type=\"text-editor.default\">\n\t\t\t\t<div class=\"elementor-widget-container\">\n\t\t\t\t\t\t\t\t\t<p>Automatisierte Reservierungssysteme helfen, \u00dcberbuchungen und Konflikte zu vermeiden, indem sie die <strong>Verf\u00fcgbarkeit von Ressourcen in Echtzeit verwalten<\/strong>. Dadurch wird die Fehlerwahrscheinlichkeit reduziert und eine pr\u00e4zise Darstellung der Ressourcenauslastung gew\u00e4hrleistet. <\/p>\t\t\t\t\t\t\t\t<\/div>\n\t\t\t\t<\/div>\n\t\t\t\t\t<\/div>\n\t\t\t\t<\/div>\n\t\t<div class=\"elementor-element elementor-element-a0c205b e-flex e-con-boxed e-con e-child\" data-id=\"a0c205b\" data-element_type=\"container\" data-e-type=\"container\">\n\t\t\t\t\t<div class=\"e-con-inner\">\n\t\t\t\t<div class=\"elementor-element elementor-element-4878f65 elementor-widget elementor-widget-heading\" data-id=\"4878f65\" data-element_type=\"widget\" data-e-type=\"widget\" data-widget_type=\"heading.default\">\n\t\t\t\t<div class=\"elementor-widget-container\">\n\t\t\t\t\t<h3 class=\"elementor-heading-title elementor-size-default\">Verbesserte Planung und Prognose<\/h3>\t\t\t\t<\/div>\n\t\t\t\t<\/div>\n\t\t\t\t<div class=\"elementor-element elementor-element-13778df elementor-widget elementor-widget-text-editor\" data-id=\"13778df\" data-element_type=\"widget\" data-e-type=\"widget\" data-widget_type=\"text-editor.default\">\n\t\t\t\t<div class=\"elementor-widget-container\">\n\t\t\t\t\t\t\t\t\t<p>Unternehmen k\u00f6nnen Reservierungsdaten nutzen, um <strong>Trends zu analysieren und f\u00fcr die zuk\u00fcnftige Nachfrage besser zu planen<\/strong>. Dies erm\u00f6glicht pr\u00e4zisere Prognosen und fundierte strategische Entscheidungen. <\/p>\t\t\t\t\t\t\t\t<\/div>\n\t\t\t\t<\/div>\n\t\t\t\t\t<\/div>\n\t\t\t\t<\/div>\n\t\t<div class=\"elementor-element elementor-element-8a6c344 e-flex e-con-boxed e-con e-child\" data-id=\"8a6c344\" data-element_type=\"container\" data-e-type=\"container\">\n\t\t\t\t\t<div class=\"e-con-inner\">\n\t\t\t\t<div class=\"elementor-element elementor-element-204d402 elementor-widget elementor-widget-heading\" data-id=\"204d402\" data-element_type=\"widget\" data-e-type=\"widget\" data-widget_type=\"heading.default\">\n\t\t\t\t<div class=\"elementor-widget-container\">\n\t\t\t\t\t<h3 class=\"elementor-heading-title elementor-size-default\">Optimierte Abl\u00e4ufe<\/h3>\t\t\t\t<\/div>\n\t\t\t\t<\/div>\n\t\t\t\t<div class=\"elementor-element elementor-element-62efd79 elementor-widget elementor-widget-text-editor\" data-id=\"62efd79\" data-element_type=\"widget\" data-e-type=\"widget\" data-widget_type=\"text-editor.default\">\n\t\t\t\t<div class=\"elementor-widget-container\">\n\t\t\t\t\t\t\t\t\t<p>Ein <strong>zentrales System zur Reservierungsverwaltung<\/strong> sorgt f\u00fcr optimierte Abl\u00e4ufe \u2013 auch in der Bestandsverwaltung, der Personaleinsatzplanung und anderen logistischen Bereichen. <\/p>\t\t\t\t\t\t\t\t<\/div>\n\t\t\t\t<\/div>\n\t\t\t\t\t<\/div>\n\t\t\t\t<\/div>\n\t\t<div class=\"elementor-element elementor-element-9e44382 e-flex e-con-boxed e-con e-child\" data-id=\"9e44382\" data-element_type=\"container\" data-e-type=\"container\">\n\t\t\t\t\t<div class=\"e-con-inner\">\n\t\t\t\t<div class=\"elementor-element elementor-element-a3a3a7a elementor-widget elementor-widget-heading\" data-id=\"a3a3a7a\" data-element_type=\"widget\" data-e-type=\"widget\" data-widget_type=\"heading.default\">\n\t\t\t\t<div class=\"elementor-widget-container\">\n\t\t\t\t\t<h3 class=\"elementor-heading-title elementor-size-default\">Flexible Reservierungsoptionen<\/h3>\t\t\t\t<\/div>\n\t\t\t\t<\/div>\n\t\t\t\t<div class=\"elementor-element elementor-element-e3182db elementor-widget elementor-widget-text-editor\" data-id=\"e3182db\" data-element_type=\"widget\" data-e-type=\"widget\" data-widget_type=\"text-editor.default\">\n\t\t\t\t<div class=\"elementor-widget-container\">\n\t\t\t\t\t\t\t\t\t<p>Viele Reservierungssysteme bieten flexible Buchungsoptionen, mit denen Kunden <strong>Daten, Zeiten und Services ganz nach ihren individuellen Bed\u00fcrfnissen ausw\u00e4hlen k\u00f6nnen<\/strong>. Diese Flexibilit\u00e4t tr\u00e4gt ma\u00dfgeblich zur Kundenzufriedenheit bei. <\/p>\t\t\t\t\t\t\t\t<\/div>\n\t\t\t\t<\/div>\n\t\t\t\t\t<\/div>\n\t\t\t\t<\/div>\n\t\t<div class=\"elementor-element elementor-element-9a72444 e-flex e-con-boxed e-con e-child\" data-id=\"9a72444\" data-element_type=\"container\" data-e-type=\"container\">\n\t\t\t\t\t<div class=\"e-con-inner\">\n\t\t\t\t<div class=\"elementor-element elementor-element-bbcb72f elementor-widget elementor-widget-heading\" data-id=\"bbcb72f\" data-element_type=\"widget\" data-e-type=\"widget\" data-widget_type=\"heading.default\">\n\t\t\t\t<div class=\"elementor-widget-container\">\n\t\t\t\t\t<h3 class=\"elementor-heading-title elementor-size-default\">Erh\u00f6hte Einnahmen<\/h3>\t\t\t\t<\/div>\n\t\t\t\t<\/div>\n\t\t\t\t<div class=\"elementor-element elementor-element-b7873b2 elementor-widget elementor-widget-text-editor\" data-id=\"b7873b2\" data-element_type=\"widget\" data-e-type=\"widget\" data-widget_type=\"text-editor.default\">\n\t\t\t\t<div class=\"elementor-widget-container\">\n\t\t\t\t\t\t\t\t\t<p>Durch eine <strong>optimierte Ressourcenzuweisung<\/strong> und geringere Unterauslastung k\u00f6nnen Unternehmen ihre Einnahmen steigern \u2013 insbesondere in Branchen, in denen sich eine effiziente Ressourcennutzung direkt auf die Rentabilit\u00e4t auswirkt. <\/p>\t\t\t\t\t\t\t\t<\/div>\n\t\t\t\t<\/div>\n\t\t\t\t\t<\/div>\n\t\t\t\t<\/div>\n\t\t<div class=\"elementor-element elementor-element-3cc6d27 e-flex e-con-boxed e-con e-child\" data-id=\"3cc6d27\" data-element_type=\"container\" data-e-type=\"container\">\n\t\t\t\t\t<div class=\"e-con-inner\">\n\t\t\t\t<div class=\"elementor-element elementor-element-501e7db elementor-widget elementor-widget-heading\" data-id=\"501e7db\" data-element_type=\"widget\" data-e-type=\"widget\" data-widget_type=\"heading.default\">\n\t\t\t\t<div class=\"elementor-widget-container\">\n\t\t\t\t\t<h3 class=\"elementor-heading-title elementor-size-default\">Zugriff auf Informationen in Echtzeit<\/h3>\t\t\t\t<\/div>\n\t\t\t\t<\/div>\n\t\t\t\t<div class=\"elementor-element elementor-element-0d4978c elementor-widget elementor-widget-text-editor\" data-id=\"0d4978c\" data-element_type=\"widget\" data-e-type=\"widget\" data-widget_type=\"text-editor.default\">\n\t\t\t\t<div class=\"elementor-widget-container\">\n\t\t\t\t\t\t\t\t\t<p>Benutzer k\u00f6nnen in Echtzeit auf Informationen zur Verf\u00fcgbarkeit von Ressourcen zugreifen, was <strong>fundierte Entscheidungen<\/strong> deutlich erleichtert. Dies ist besonders in dynamischen Umgebungen von Bedeutung, in denen sich Situationen schnell \u00e4ndern k\u00f6nnen. <\/p>\t\t\t\t\t\t\t\t<\/div>\n\t\t\t\t<\/div>\n\t\t\t\t\t<\/div>\n\t\t\t\t<\/div>\n\t\t<div class=\"elementor-element elementor-element-c87966c e-flex e-con-boxed e-con e-child\" data-id=\"c87966c\" data-element_type=\"container\" data-e-type=\"container\">\n\t\t\t\t\t<div class=\"e-con-inner\">\n\t\t\t\t<div class=\"elementor-element elementor-element-1ec132e elementor-widget elementor-widget-heading\" data-id=\"1ec132e\" data-element_type=\"widget\" data-e-type=\"widget\" data-widget_type=\"heading.default\">\n\t\t\t\t<div class=\"elementor-widget-container\">\n\t\t\t\t\t<h3 class=\"elementor-heading-title elementor-size-default\">Datenerfassung und -analyse<\/h3>\t\t\t\t<\/div>\n\t\t\t\t<\/div>\n\t\t\t\t<div class=\"elementor-element elementor-element-82c36ea elementor-widget elementor-widget-text-editor\" data-id=\"82c36ea\" data-element_type=\"widget\" data-e-type=\"widget\" data-widget_type=\"text-editor.default\">\n\t\t\t\t<div class=\"elementor-widget-container\">\n\t\t\t\t\t\t\t\t\t<p>Reservierungssysteme liefern wertvolle Daten, die analysiert werden k\u00f6nnen, um <strong>Einblicke in das Kundenverhalten, die Pr\u00e4ferenzen und die operative Effizienz<\/strong> zu gewinnen. Diese Informationen bilden eine fundierte Grundlage f\u00fcr Marketingstrategien, Serviceoptimierungen und Gesch\u00e4ftsausweitungen. <\/p>\t\t\t\t\t\t\t\t<\/div>\n\t\t\t\t<\/div>\n\t\t\t\t\t<\/div>\n\t\t\t\t<\/div>\n\t\t<div class=\"elementor-element elementor-element-7195ae6 e-flex e-con-boxed e-con e-child\" data-id=\"7195ae6\" data-element_type=\"container\" data-e-type=\"container\">\n\t\t\t\t\t<div class=\"e-con-inner\">\n\t\t\t\t<div class=\"elementor-element elementor-element-98cc3a5 elementor-widget elementor-widget-heading\" data-id=\"98cc3a5\" data-element_type=\"widget\" data-e-type=\"widget\" data-widget_type=\"heading.default\">\n\t\t\t\t<div class=\"elementor-widget-container\">\n\t\t\t\t\t<h3 class=\"elementor-heading-title elementor-size-default\">Integration mit anderen Systemen<\/h3>\t\t\t\t<\/div>\n\t\t\t\t<\/div>\n\t\t\t\t<div class=\"elementor-element elementor-element-76c0253 elementor-widget elementor-widget-text-editor\" data-id=\"76c0253\" data-element_type=\"widget\" data-e-type=\"widget\" data-widget_type=\"text-editor.default\">\n\t\t\t\t<div class=\"elementor-widget-container\">\n\t\t\t\t\t\t\t\t\t<p>Viele Reservierungssysteme lassen sich mit anderen Systemen wie Steuerungssystemen, Ticketing-, CRM- und Abrechnungsl\u00f6sungen integrieren und erm\u00f6glichen so einen koh\u00e4renten und effizienten Gesch\u00e4ftsablauf.<\/p>\t\t\t\t\t\t\t\t<\/div>\n\t\t\t\t<\/div>\n\t\t\t\t\t<\/div>\n\t\t\t\t<\/div>\n\t\t<div class=\"elementor-element elementor-element-694b656 e-flex e-con-boxed e-con e-child\" data-id=\"694b656\" data-element_type=\"container\" data-e-type=\"container\">\n\t\t\t\t\t<div class=\"e-con-inner\">\n\t\t\t\t<div class=\"elementor-element elementor-element-d655282 elementor-widget elementor-widget-heading\" data-id=\"d655282\" data-element_type=\"widget\" data-e-type=\"widget\" data-widget_type=\"heading.default\">\n\t\t\t\t<div class=\"elementor-widget-container\">\n\t\t\t\t\t<h3 class=\"elementor-heading-title elementor-size-default\">Compliance und Verantwortlichkeit<\/h3>\t\t\t\t<\/div>\n\t\t\t\t<\/div>\n\t\t\t\t<div class=\"elementor-element elementor-element-4751cbf elementor-widget elementor-widget-text-editor\" data-id=\"4751cbf\" data-element_type=\"widget\" data-e-type=\"widget\" data-widget_type=\"text-editor.default\">\n\t\t\t\t<div class=\"elementor-widget-container\">\n\t\t\t\t\t\t\t\t\t<p>Reservierungssysteme k\u00f6nnen dazu beitragen, die <strong>Einhaltung von Richtlinien und Vorschriften sicherzustellen<\/strong>. Sie erfassen alle Reservierungsvorg\u00e4nge und unterst\u00fctzen dadurch die Rechenschaftspflicht sowie die Kl\u00e4rung von Streitf\u00e4llen. <\/p>\t\t\t\t\t\t\t\t<\/div>\n\t\t\t\t<\/div>\n\t\t\t\t\t<\/div>\n\t\t\t\t<\/div>\n\t\t\t\t\t<\/div>\n\t\t\t\t<\/div>\n\t\t\t\t<\/div>\n\t\t","protected":false},"excerpt":{"rendered":"<p>Reservieren Vorteile Ressourcen-Reservierungssysteme bieten zahlreiche Vorteile in unterschiedlichen Bereichen \u2013 z.B. im Hotel- und Gastst\u00e4ttengewerbe, im Transportwesen, im Gesundheitswesen und dar\u00fcber hinaus. Trotz dieser Vorteile ist es jedoch entscheidend, ein System auszuw\u00e4hlen und zu implementieren, das auf die spezifischen Anforderungen und Ziele des Unternehmens zugeschnitten ist. Optimierte Ressourcennutzung Ressourcenreservierungssysteme tragen dazu bei, die Ressourcennutzung zu <a href=\"https:\/\/www.cuesystem.com\/de\/reservieren-sie\/vorteile\/\" class=\"more-link\">\u2026\u00a0<span class=\"screen-reader-text\">  Vorteile<\/span><\/a><\/p>\n","protected":false},"author":3,"featured_media":0,"parent":29217,"menu_order":430,"comment_status":"closed","ping_status":"closed","template":"","meta":{"_acf_changed":false,"inline_featured_image":false,"footnotes":""},"kategorie":[],"class_list":["post-29437","page","type-page","status-publish","hentry"],"acf":[],"_links":{"self":[{"href":"https:\/\/www.cuesystem.com\/de\/wp-json\/wp\/v2\/pages\/29437","targetHints":{"allow":["GET"]}}],"collection":[{"href":"https:\/\/www.cuesystem.com\/de\/wp-json\/wp\/v2\/pages"}],"about":[{"href":"https:\/\/www.cuesystem.com\/de\/wp-json\/wp\/v2\/types\/page"}],"author":[{"embeddable":true,"href":"https:\/\/www.cuesystem.com\/de\/wp-json\/wp\/v2\/users\/3"}],"replies":[{"embeddable":true,"href":"https:\/\/www.cuesystem.com\/de\/wp-json\/wp\/v2\/comments?post=29437"}],"version-history":[{"count":5,"href":"https:\/\/www.cuesystem.com\/de\/wp-json\/wp\/v2\/pages\/29437\/revisions"}],"predecessor-version":[{"id":30444,"href":"https:\/\/www.cuesystem.com\/de\/wp-json\/wp\/v2\/pages\/29437\/revisions\/30444"}],"up":[{"embeddable":true,"href":"https:\/\/www.cuesystem.com\/de\/wp-json\/wp\/v2\/pages\/29217"}],"wp:attachment":[{"href":"https:\/\/www.cuesystem.com\/de\/wp-json\/wp\/v2\/media?parent=29437"}],"wp:term":[{"taxonomy":"kategorie","embeddable":true,"href":"https:\/\/www.cuesystem.com\/de\/wp-json\/wp\/v2\/kategorie?post=29437"}],"curies":[{"name":"wp","href":"https:\/\/api.w.org\/{rel}","templated":true}]}}