{"id":29441,"date":"2023-12-03T14:32:00","date_gmt":"2023-12-03T13:32:00","guid":{"rendered":"https:\/\/www.cuesystem.com\/einzelhandel\/"},"modified":"2025-07-07T14:42:07","modified_gmt":"2025-07-07T12:42:07","slug":"einzelhandel","status":"publish","type":"page","link":"https:\/\/www.cuesystem.com\/de\/maerkte\/einzelhandel\/","title":{"rendered":"Einzelhandel"},"content":{"rendered":"\t\t<div data-elementor-type=\"wp-page\" data-elementor-id=\"29441\" class=\"elementor elementor-29441 elementor-5613\" data-elementor-post-type=\"page\">\n\t\t\t\t<div class=\"elementor-element elementor-element-f8f520b e-flex e-con-boxed e-con e-parent\" data-id=\"f8f520b\" data-element_type=\"container\" data-e-type=\"container\">\n\t\t\t\t\t<div class=\"e-con-inner\">\n\t\t\t\t<div class=\"elementor-element elementor-element-4eaae53 elementor-widget elementor-widget-heading\" data-id=\"4eaae53\" data-element_type=\"widget\" data-e-type=\"widget\" data-widget_type=\"heading.default\">\n\t\t\t\t<div class=\"elementor-widget-container\">\n\t\t\t\t\t<h3 class=\"elementor-heading-title elementor-size-default\">Wir erleichtern Ihren Alltag im<\/h3>\t\t\t\t<\/div>\n\t\t\t\t<\/div>\n\t\t\t\t<div class=\"elementor-element elementor-element-6338dd2 elementor-widget elementor-widget-heading\" data-id=\"6338dd2\" data-element_type=\"widget\" data-e-type=\"widget\" data-widget_type=\"heading.default\">\n\t\t\t\t<div class=\"elementor-widget-container\">\n\t\t\t\t\t<h1 class=\"elementor-heading-title elementor-size-default\">Einzelhandel<\/h1>\t\t\t\t<\/div>\n\t\t\t\t<\/div>\n\t\t\t\t\t<\/div>\n\t\t\t\t<\/div>\n\t\t<div class=\"elementor-element elementor-element-3b65534 e-flex e-con-boxed e-con e-parent\" data-id=\"3b65534\" data-element_type=\"container\" data-e-type=\"container\" data-settings=\"{&quot;background_background&quot;:&quot;classic&quot;}\">\n\t\t\t\t\t<div class=\"e-con-inner\">\n\t\t\t\t\t<\/div>\n\t\t\t\t<\/div>\n\t\t<div class=\"elementor-element elementor-element-de5480e e-grid e-con-boxed e-con e-parent\" data-id=\"de5480e\" data-element_type=\"container\" data-e-type=\"container\" data-settings=\"{&quot;background_background&quot;:&quot;classic&quot;}\">\n\t\t\t\t\t<div class=\"e-con-inner\">\n\t\t\t\t<div class=\"elementor-element elementor-element-ea8cb5b elementor-widget elementor-widget-heading\" data-id=\"ea8cb5b\" data-element_type=\"widget\" data-e-type=\"widget\" data-widget_type=\"heading.default\">\n\t\t\t\t<div class=\"elementor-widget-container\">\n\t\t\t\t\t<h3 class=\"elementor-heading-title elementor-size-default\">Einkaufszentren<\/h3>\t\t\t\t<\/div>\n\t\t\t\t<\/div>\n\t\t\t\t<div class=\"elementor-element elementor-element-6acf2eb elementor-widget elementor-widget-heading\" data-id=\"6acf2eb\" data-element_type=\"widget\" data-e-type=\"widget\" data-widget_type=\"heading.default\">\n\t\t\t\t<div class=\"elementor-widget-container\">\n\t\t\t\t\t<h3 class=\"elementor-heading-title elementor-size-default\">Einkaufsgalerien<\/h3>\t\t\t\t<\/div>\n\t\t\t\t<\/div>\n\t\t\t\t<div class=\"elementor-element elementor-element-1bec153 elementor-widget elementor-widget-heading\" data-id=\"1bec153\" data-element_type=\"widget\" data-e-type=\"widget\" data-widget_type=\"heading.default\">\n\t\t\t\t<div class=\"elementor-widget-container\">\n\t\t\t\t\t<h3 class=\"elementor-heading-title elementor-size-default\">Businesscenter<\/h3>\t\t\t\t<\/div>\n\t\t\t\t<\/div>\n\t\t\t\t\t<\/div>\n\t\t\t\t<\/div>\n\t\t<div class=\"elementor-element elementor-element-128d959 e-flex e-con-boxed e-con e-parent\" data-id=\"128d959\" data-element_type=\"container\" data-e-type=\"container\">\n\t\t\t\t\t<div class=\"e-con-inner\">\n\t\t<div class=\"elementor-element elementor-element-47720d3 e-flex e-con-boxed e-con e-child\" data-id=\"47720d3\" data-element_type=\"container\" data-e-type=\"container\">\n\t\t\t\t\t<div class=\"e-con-inner\">\n\t\t\t\t<div class=\"elementor-element elementor-element-7fac456 elementor-widget__width-initial elementor-widget elementor-widget-text-editor\" data-id=\"7fac456\" data-element_type=\"widget\" data-e-type=\"widget\" data-widget_type=\"text-editor.default\">\n\t\t\t\t<div class=\"elementor-widget-container\">\n\t\t\t\t\t\t\t\t\t<p><b>Verbessern Sie <\/b>das <b>Einkaufserlebnis<\/b> in Einkaufszentren, Einkaufsgalerien und Businesscentern mit unseren<b> intuitiven Navigations-<\/b> und <b>Kioskl\u00f6sungen<\/b>. Dank unserer <b>benutzerfreundlichen Indoor-Navigation<\/b> k\u00f6nnen sich Besucher <b>m\u00fchelos im Einkaufszentrum orientieren<\/b>. Der <b>Kiosk <\/b>zeigt <b>Etagenpl\u00e4ne<\/b> und <b>Wegbeschreibungen<\/b> an, und ein <b>QR-Code \u00f6ffnet<\/b> eine <b>mehrsprachige mobile Navigations-App<\/b>, die bei der gezielten Orientierung zu <b>bestimmten Zielen<\/b>.   Farbcodierte Informationen \u00fcber <b>Verf\u00fcgbarkeit der Gesch\u00e4fte<\/b>, <b>\u00d6ffnungszeiten<\/b> und <b>verbleibende Zeit<\/b> helfen bei der Planung der Einkaufstour. In den inaktiven Zeiten k\u00f6nnen <b>Werbeanzeigen <\/b> auf dem Kiosk <b>angezeigt<\/b> werden.<\/p>\t\t\t\t\t\t\t\t<\/div>\n\t\t\t\t<\/div>\n\t\t\t\t<div class=\"elementor-element elementor-element-1995952 elementor-widget__width-initial elementor-widget elementor-widget-text-editor\" data-id=\"1995952\" data-element_type=\"widget\" data-e-type=\"widget\" data-widget_type=\"text-editor.default\">\n\t\t\t\t<div class=\"elementor-widget-container\">\n\t\t\t\t\t\t\t\t\t<p>Besucher profitieren von einer <b>nahtlosen Navigation<\/b> \u2013 ganz ohne App-Installation oder Login-Daten. Das System ist flexibel <b>anpassbar<\/b> und erm\u00f6glicht <b>standortspezifische Informationen<\/b>. IT- und Facility-Management behalten <b>die volle Kontrolle<\/b> und profitieren von einer <b>flexiblen<\/b> sowie <b>kosteneffizienten Verwaltung<\/b>. Ob als <b>Cloud-basierte SaaS-L\u00f6sung<\/b> oder als <b>On-Premises-Installation<\/b>, unser <b>System passt sich Ihren Anforderungen an<\/b> und schafft eine <b>dynamische <\/b>und <b>ansprechende Umgebung<\/b> f\u00fcr Ihre Besucher.   <\/p>\t\t\t\t\t\t\t\t<\/div>\n\t\t\t\t<\/div>\n\t\t\t\t\t<\/div>\n\t\t\t\t<\/div>\n\t\t\t\t\t<\/div>\n\t\t\t\t<\/div>\n\t\t<div class=\"elementor-element elementor-element-91d37d8 e-flex e-con-boxed e-con e-parent\" data-id=\"91d37d8\" data-element_type=\"container\" data-e-type=\"container\">\n\t\t\t\t\t<div class=\"e-con-inner\">\n\t\t<div class=\"elementor-element elementor-element-d1ef3ed e-con-full e-flex e-con e-child\" data-id=\"d1ef3ed\" data-element_type=\"container\" data-e-type=\"container\">\n\t\t\t\t<div class=\"elementor-element elementor-element-83b2250 elementor-widget elementor-widget-image\" data-id=\"83b2250\" data-element_type=\"widget\" data-e-type=\"widget\" data-widget_type=\"image.default\">\n\t\t\t\t<div class=\"elementor-widget-container\">\n\t\t\t\t\t\t\t\t\t\t\t\t\t\t\t<img fetchpriority=\"high\" decoding=\"async\" width=\"1024\" height=\"683\" src=\"https:\/\/www.cuesystem.com\/wp-content\/uploads\/2024\/01\/retail_navigation-1024x683.webp\" class=\"attachment-large size-large wp-image-29443\" alt=\"\" srcset=\"https:\/\/www.cuesystem.com\/wp-content\/uploads\/2024\/01\/retail_navigation-1024x683.webp 1024w, https:\/\/www.cuesystem.com\/wp-content\/uploads\/2024\/01\/retail_navigation-300x200.webp 300w\" sizes=\"(max-width: 1024px) 100vw, 1024px\" \/>\t\t\t\t\t\t\t\t\t\t\t\t\t\t\t<\/div>\n\t\t\t\t<\/div>\n\t\t\t\t<\/div>\n\t\t<div class=\"elementor-element elementor-element-99f3ffb e-con-full e-flex e-con e-child\" data-id=\"99f3ffb\" data-element_type=\"container\" data-e-type=\"container\">\n\t\t\t\t<div class=\"elementor-element elementor-element-60e9bbc elementor-widget elementor-widget-heading\" data-id=\"60e9bbc\" data-element_type=\"widget\" data-e-type=\"widget\" data-widget_type=\"heading.default\">\n\t\t\t\t<div class=\"elementor-widget-container\">\n\t\t\t\t\t<h2 class=\"elementor-heading-title elementor-size-default\">Navigation<\/h2>\t\t\t\t<\/div>\n\t\t\t\t<\/div>\n\t\t\t\t<div class=\"elementor-element elementor-element-6d4dd61 elementor-widget elementor-widget-text-editor\" data-id=\"6d4dd61\" data-element_type=\"widget\" data-e-type=\"widget\" data-widget_type=\"text-editor.default\">\n\t\t\t\t<div class=\"elementor-widget-container\">\n\t\t\t\t\t\t\t\t\t<p>Bei der Ankunft <b>f\u00fchrt unser Navigationssystem die Besucher nahtlos<\/b> vom Parkplatz bis zu ihrem <b>gew\u00fcnschten Ziel<\/b>. <b>Scannen Sie einfach den n\u00e4chstgelegenen QR-Code<\/b>, w\u00e4hlen Sie Ziel aus und erhalten Sie eine klare <b>Schritt-f\u00fcr-Schritt-Wegbeschreibung<\/b>. <\/p>\t\t\t\t\t\t\t\t<\/div>\n\t\t\t\t<\/div>\n\t\t\t\t<div class=\"elementor-element elementor-element-6befaf5 elementor-align-left elementor-widget elementor-widget-button\" data-id=\"6befaf5\" data-element_type=\"widget\" data-e-type=\"widget\" data-widget_type=\"button.default\">\n\t\t\t\t<div class=\"elementor-widget-container\">\n\t\t\t\t\t\t\t\t\t<div class=\"elementor-button-wrapper\">\n\t\t\t\t\t<a class=\"elementor-button elementor-button-link elementor-size-sm\" href=\"https:\/\/www.cuesystem.com\/de\/navigieren-sie-auf\/\" target=\"_blank\">\n\t\t\t\t\t\t<span class=\"elementor-button-content-wrapper\">\n\t\t\t\t\t\t\t\t\t<span class=\"elementor-button-text\">NAVIGATE entdecken<\/span>\n\t\t\t\t\t<\/span>\n\t\t\t\t\t<\/a>\n\t\t\t\t<\/div>\n\t\t\t\t\t\t\t\t<\/div>\n\t\t\t\t<\/div>\n\t\t\t\t<\/div>\n\t\t\t\t\t<\/div>\n\t\t\t\t<\/div>\n\t\t<div class=\"elementor-element elementor-element-81e34f5 e-flex e-con-boxed e-con e-parent\" data-id=\"81e34f5\" data-element_type=\"container\" data-e-type=\"container\">\n\t\t\t\t\t<div class=\"e-con-inner\">\n\t\t<div class=\"elementor-element elementor-element-2ce7e62 e-con-full e-flex e-con e-child\" data-id=\"2ce7e62\" data-element_type=\"container\" data-e-type=\"container\">\n\t\t\t\t<div class=\"elementor-element elementor-element-7dad4ba elementor-widget elementor-widget-image\" data-id=\"7dad4ba\" data-element_type=\"widget\" data-e-type=\"widget\" data-widget_type=\"image.default\">\n\t\t\t\t<div class=\"elementor-widget-container\">\n\t\t\t\t\t\t\t\t\t\t\t\t\t\t\t<img decoding=\"async\" width=\"1024\" height=\"678\" src=\"https:\/\/www.cuesystem.com\/wp-content\/uploads\/2024\/01\/retail_technical_infra_2-1024x678.webp\" class=\"attachment-large size-large wp-image-29444\" alt=\"\" srcset=\"https:\/\/www.cuesystem.com\/wp-content\/uploads\/2024\/01\/retail_technical_infra_2-1024x678.webp 1024w, https:\/\/www.cuesystem.com\/wp-content\/uploads\/2024\/01\/retail_technical_infra_2-300x199.webp 300w, https:\/\/www.cuesystem.com\/wp-content\/uploads\/2024\/01\/retail_technical_infra_2.webp 1920w\" sizes=\"(max-width: 1024px) 100vw, 1024px\" \/>\t\t\t\t\t\t\t\t\t\t\t\t\t\t\t<\/div>\n\t\t\t\t<\/div>\n\t\t\t\t<\/div>\n\t\t<div class=\"elementor-element elementor-element-ed566f7 e-con-full e-flex e-con e-child\" data-id=\"ed566f7\" data-element_type=\"container\" data-e-type=\"container\">\n\t\t\t\t<div class=\"elementor-element elementor-element-d356d88 elementor-widget elementor-widget-heading\" data-id=\"d356d88\" data-element_type=\"widget\" data-e-type=\"widget\" data-widget_type=\"heading.default\">\n\t\t\t\t<div class=\"elementor-widget-container\">\n\t\t\t\t\t<h2 class=\"elementor-heading-title elementor-size-default\">Technische Infrastruktur<\/h2>\t\t\t\t<\/div>\n\t\t\t\t<\/div>\n\t\t\t\t<div class=\"elementor-element elementor-element-86e49f7 elementor-widget elementor-widget-text-editor\" data-id=\"86e49f7\" data-element_type=\"widget\" data-e-type=\"widget\" data-widget_type=\"text-editor.default\">\n\t\t\t\t<div class=\"elementor-widget-container\">\n\t\t\t\t\t\t\t\t\t<p><b>Die zentrale Steuerung<\/b> derr Ein- und Ausschaltmodi aller <b>\u00dcbersichtstafeln<\/b>, <b>Navigationskioske<\/b> und der Beleuchtung im gesamten Einkaufszentrum sorgt f\u00fcr eine effiziente Verwaltung und schafft eine nahtlose, synchronisierte Umgebung f\u00fcr ein optimiertes Einkaufserlebnis.<\/p>\t\t\t\t\t\t\t\t<\/div>\n\t\t\t\t<\/div>\n\t\t\t\t<div class=\"elementor-element elementor-element-0f99673 elementor-align-left elementor-widget elementor-widget-button\" data-id=\"0f99673\" data-element_type=\"widget\" data-e-type=\"widget\" data-widget_type=\"button.default\">\n\t\t\t\t<div class=\"elementor-widget-container\">\n\t\t\t\t\t\t\t\t\t<div class=\"elementor-button-wrapper\">\n\t\t\t\t\t<a class=\"elementor-button elementor-button-link elementor-size-sm\" href=\"https:\/\/www.cuesystem.com\/de\/kontrolle\/\" target=\"_blank\">\n\t\t\t\t\t\t<span class=\"elementor-button-content-wrapper\">\n\t\t\t\t\t\t\t\t\t<span class=\"elementor-button-text\">CONTROL entdecken<\/span>\n\t\t\t\t\t<\/span>\n\t\t\t\t\t<\/a>\n\t\t\t\t<\/div>\n\t\t\t\t\t\t\t\t<\/div>\n\t\t\t\t<\/div>\n\t\t\t\t<\/div>\n\t\t\t\t\t<\/div>\n\t\t\t\t<\/div>\n\t\t<div class=\"elementor-element elementor-element-8c2fd00 e-flex e-con-boxed e-con e-parent\" data-id=\"8c2fd00\" data-element_type=\"container\" data-e-type=\"container\">\n\t\t\t\t\t<div class=\"e-con-inner\">\n\t\t<div class=\"elementor-element elementor-element-24476e8 e-con-full e-flex e-con e-child\" data-id=\"24476e8\" data-element_type=\"container\" data-e-type=\"container\">\n\t\t\t\t<div class=\"elementor-element elementor-element-ca54e2c elementor-widget elementor-widget-image\" data-id=\"ca54e2c\" data-element_type=\"widget\" data-e-type=\"widget\" data-widget_type=\"image.default\">\n\t\t\t\t<div class=\"elementor-widget-container\">\n\t\t\t\t\t\t\t\t\t\t\t\t\t\t\t<img decoding=\"async\" width=\"1024\" height=\"683\" src=\"https:\/\/www.cuesystem.com\/wp-content\/uploads\/2024\/01\/retail_back_office_2-1024x683.webp\" class=\"attachment-large size-large wp-image-29445\" alt=\"\" srcset=\"https:\/\/www.cuesystem.com\/wp-content\/uploads\/2024\/01\/retail_back_office_2-1024x683.webp 1024w, https:\/\/www.cuesystem.com\/wp-content\/uploads\/2024\/01\/retail_back_office_2-300x200.webp 300w, https:\/\/www.cuesystem.com\/wp-content\/uploads\/2024\/01\/retail_back_office_2.webp 1920w\" sizes=\"(max-width: 1024px) 100vw, 1024px\" \/>\t\t\t\t\t\t\t\t\t\t\t\t\t\t\t<\/div>\n\t\t\t\t<\/div>\n\t\t\t\t<\/div>\n\t\t<div class=\"elementor-element elementor-element-0d8933c e-con-full e-flex e-con e-child\" data-id=\"0d8933c\" data-element_type=\"container\" data-e-type=\"container\">\n\t\t\t\t<div class=\"elementor-element elementor-element-371d6fe elementor-widget elementor-widget-heading\" data-id=\"371d6fe\" data-element_type=\"widget\" data-e-type=\"widget\" data-widget_type=\"heading.default\">\n\t\t\t\t<div class=\"elementor-widget-container\">\n\t\t\t\t\t<h2 class=\"elementor-heading-title elementor-size-default\">Backoffice-Management<\/h2>\t\t\t\t<\/div>\n\t\t\t\t<\/div>\n\t\t\t\t<div class=\"elementor-element elementor-element-80a7617 elementor-widget elementor-widget-text-editor\" data-id=\"80a7617\" data-element_type=\"widget\" data-e-type=\"widget\" data-widget_type=\"text-editor.default\">\n\t\t\t\t<div class=\"elementor-widget-container\">\n\t\t\t\t\t\t\t\t\t<p><b>Unterst\u00fctzen Sie <\/b> <b>das Management-Team Ihres Einkaufszentrums<\/b> mit unseren <b>leistungsstarken Backoffice-L\u00f6sungen<\/b>. Entdecken Sie den <b>gesamten Funktionsumfang<\/b> und <b>steigern Sie Ihre betriebliche Effizienz<\/b>. <\/p>\t\t\t\t\t\t\t\t<\/div>\n\t\t\t\t<\/div>\n\t\t\t\t<div class=\"elementor-element elementor-element-5233efd elementor-align-left elementor-widget elementor-widget-button\" data-id=\"5233efd\" data-element_type=\"widget\" data-e-type=\"widget\" data-widget_type=\"button.default\">\n\t\t\t\t<div class=\"elementor-widget-container\">\n\t\t\t\t\t\t\t\t\t<div class=\"elementor-button-wrapper\">\n\t\t\t\t\t<a class=\"elementor-button elementor-button-link elementor-size-sm\" href=\"https:\/\/www.cuesystem.com\/de\/maerkte\/unternehmen\/\" target=\"_blank\">\n\t\t\t\t\t\t<span class=\"elementor-button-content-wrapper\">\n\t\t\t\t\t\t\t\t\t<span class=\"elementor-button-text\">Unternehmensl\u00f6sung<\/span>\n\t\t\t\t\t<\/span>\n\t\t\t\t\t<\/a>\n\t\t\t\t<\/div>\n\t\t\t\t\t\t\t\t<\/div>\n\t\t\t\t<\/div>\n\t\t\t\t<div class=\"elementor-element elementor-element-2acfef3 elementor-widget elementor-widget-text-editor\" data-id=\"2acfef3\" data-element_type=\"widget\" data-e-type=\"widget\" data-widget_type=\"text-editor.default\">\n\t\t\t\t<div class=\"elementor-widget-container\">\n\t\t\t\t\t\t\t\t\t<p>Unser<b> Reservierungssystem<\/b> erm\u00f6glicht es Ihren Mitarbeitern, Parkpl\u00e4tze, Arbeitspl\u00e4tze, Besprechungsr\u00e4ume und andere gemeinsam genutzte Ressourcen <b>m\u00fchelos zu reservieren<\/b>.<\/p>\t\t\t\t\t\t\t\t<\/div>\n\t\t\t\t<\/div>\n\t\t\t\t<div class=\"elementor-element elementor-element-389430a elementor-align-left elementor-widget elementor-widget-button\" data-id=\"389430a\" data-element_type=\"widget\" data-e-type=\"widget\" data-widget_type=\"button.default\">\n\t\t\t\t<div class=\"elementor-widget-container\">\n\t\t\t\t\t\t\t\t\t<div class=\"elementor-button-wrapper\">\n\t\t\t\t\t<a class=\"elementor-button elementor-button-link elementor-size-sm\" href=\"https:\/\/www.cuesystem.com\/de\/reservieren-sie\/\" target=\"_blank\">\n\t\t\t\t\t\t<span class=\"elementor-button-content-wrapper\">\n\t\t\t\t\t\t\t\t\t<span class=\"elementor-button-text\">RESERVE entdecken<\/span>\n\t\t\t\t\t<\/span>\n\t\t\t\t\t<\/a>\n\t\t\t\t<\/div>\n\t\t\t\t\t\t\t\t<\/div>\n\t\t\t\t<\/div>\n\t\t\t\t<\/div>\n\t\t\t\t\t<\/div>\n\t\t\t\t<\/div>\n\t\t\t\t<\/div>\n\t\t","protected":false},"excerpt":{"rendered":"<p>Wir erleichtern Ihren Alltag im Einzelhandel Einkaufszentren Einkaufsgalerien Businesscenter Verbessern Sie das Einkaufserlebnis in Einkaufszentren, Einkaufsgalerien und Businesscentern mit unseren intuitiven Navigations- und Kioskl\u00f6sungen. Dank unserer benutzerfreundlichen Indoor-Navigation k\u00f6nnen sich Besucher m\u00fchelos im Einkaufszentrum orientieren. Der Kiosk zeigt Etagenpl\u00e4ne und Wegbeschreibungen an, und ein QR-Code \u00f6ffnet eine mehrsprachige mobile Navigations-App, die bei der gezielten Orientierung <a href=\"https:\/\/www.cuesystem.com\/de\/maerkte\/einzelhandel\/\" class=\"more-link\">\u2026\u00a0<span class=\"screen-reader-text\">  Einzelhandel<\/span><\/a><\/p>\n","protected":false},"author":3,"featured_media":0,"parent":29598,"menu_order":468,"comment_status":"closed","ping_status":"closed","template":"","meta":{"_acf_changed":false,"inline_featured_image":false,"footnotes":""},"kategorie":[],"class_list":["post-29441","page","type-page","status-publish","hentry"],"acf":[],"_links":{"self":[{"href":"https:\/\/www.cuesystem.com\/de\/wp-json\/wp\/v2\/pages\/29441","targetHints":{"allow":["GET"]}}],"collection":[{"href":"https:\/\/www.cuesystem.com\/de\/wp-json\/wp\/v2\/pages"}],"about":[{"href":"https:\/\/www.cuesystem.com\/de\/wp-json\/wp\/v2\/types\/page"}],"author":[{"embeddable":true,"href":"https:\/\/www.cuesystem.com\/de\/wp-json\/wp\/v2\/users\/3"}],"replies":[{"embeddable":true,"href":"https:\/\/www.cuesystem.com\/de\/wp-json\/wp\/v2\/comments?post=29441"}],"version-history":[{"count":5,"href":"https:\/\/www.cuesystem.com\/de\/wp-json\/wp\/v2\/pages\/29441\/revisions"}],"predecessor-version":[{"id":31688,"href":"https:\/\/www.cuesystem.com\/de\/wp-json\/wp\/v2\/pages\/29441\/revisions\/31688"}],"up":[{"embeddable":true,"href":"https:\/\/www.cuesystem.com\/de\/wp-json\/wp\/v2\/pages\/29598"}],"wp:attachment":[{"href":"https:\/\/www.cuesystem.com\/de\/wp-json\/wp\/v2\/media?parent=29441"}],"wp:term":[{"taxonomy":"kategorie","embeddable":true,"href":"https:\/\/www.cuesystem.com\/de\/wp-json\/wp\/v2\/kategorie?post=29441"}],"curies":[{"name":"wp","href":"https:\/\/api.w.org\/{rel}","templated":true}]}}