{"id":29446,"date":"2023-12-30T18:05:02","date_gmt":"2023-12-30T17:05:02","guid":{"rendered":"https:\/\/www.cuesystem.com\/kontrolle\/vorteile\/"},"modified":"2025-05-02T22:18:44","modified_gmt":"2025-05-02T20:18:44","slug":"vorteile","status":"publish","type":"page","link":"https:\/\/www.cuesystem.com\/de\/kontrolle\/vorteile\/","title":{"rendered":"Vorteile"},"content":{"rendered":"\t\t<div data-elementor-type=\"wp-page\" data-elementor-id=\"29446\" class=\"elementor elementor-29446 elementor-18066\" data-elementor-post-type=\"page\">\n\t\t\t\t<div class=\"elementor-element elementor-element-859ae8e e-flex e-con-boxed e-con e-parent\" data-id=\"859ae8e\" data-element_type=\"container\" data-e-type=\"container\">\n\t\t\t\t\t<div class=\"e-con-inner\">\n\t\t\t\t<div class=\"elementor-element elementor-element-20c2bfc elementor-widget elementor-widget-heading\" data-id=\"20c2bfc\" data-element_type=\"widget\" data-e-type=\"widget\" data-widget_type=\"heading.default\">\n\t\t\t\t<div class=\"elementor-widget-container\">\n\t\t\t\t\t<h3 class=\"elementor-heading-title elementor-size-default\">Steuern<\/h3>\t\t\t\t<\/div>\n\t\t\t\t<\/div>\n\t\t\t\t<div class=\"elementor-element elementor-element-7899f9b elementor-widget elementor-widget-heading\" data-id=\"7899f9b\" data-element_type=\"widget\" data-e-type=\"widget\" data-widget_type=\"heading.default\">\n\t\t\t\t<div class=\"elementor-widget-container\">\n\t\t\t\t\t<h1 class=\"elementor-heading-title elementor-size-default\">Vorteile<\/h1>\t\t\t\t<\/div>\n\t\t\t\t<\/div>\n\t\t\t\t\t<\/div>\n\t\t\t\t<\/div>\n\t\t<div class=\"elementor-element elementor-element-80041b0 e-flex e-con-boxed e-con e-parent\" data-id=\"80041b0\" data-element_type=\"container\" data-e-type=\"container\">\n\t\t\t\t\t<div class=\"e-con-inner\">\n\t\t<div class=\"elementor-element elementor-element-f84aedc e-flex e-con-boxed e-con e-child\" data-id=\"f84aedc\" data-element_type=\"container\" data-e-type=\"container\">\n\t\t\t\t\t<div class=\"e-con-inner\">\n\t\t<div class=\"elementor-element elementor-element-d55e4d5 e-flex e-con-boxed e-con e-child\" data-id=\"d55e4d5\" data-element_type=\"container\" data-e-type=\"container\">\n\t\t\t\t\t<div class=\"e-con-inner\">\n\t\t\t\t<div class=\"elementor-element elementor-element-9683e37 elementor-widget elementor-widget-text-editor\" data-id=\"9683e37\" data-element_type=\"widget\" data-e-type=\"widget\" data-widget_type=\"text-editor.default\">\n\t\t\t\t<div class=\"elementor-widget-container\">\n\t\t\t\t\t\t\t\t\t<p>Steuerungssysteme sind <strong>in verschiedenen Industriebranchen und Anwendungen von entscheidender Bedeutung<\/strong>. Sie bieten viele Vorteile, wie z.B. h\u00f6here Effizienz, bessere Sicherheit, Kosteneinsparungen und bessere Produktqualit\u00e4t, was sie zu einem untrennbaren Bestandteil macht.<\/p>\t\t\t\t\t\t\t\t<\/div>\n\t\t\t\t<\/div>\n\t\t\t\t\t<\/div>\n\t\t\t\t<\/div>\n\t\t\t\t\t<\/div>\n\t\t\t\t<\/div>\n\t\t\t\t\t<\/div>\n\t\t\t\t<\/div>\n\t\t<div class=\"elementor-element elementor-element-68d58df e-flex e-con-boxed e-con e-parent\" data-id=\"68d58df\" data-element_type=\"container\" data-e-type=\"container\">\n\t\t\t\t\t<div class=\"e-con-inner\">\n\t\t<div class=\"elementor-element elementor-element-be6f32c e-flex e-con-boxed e-con e-child\" data-id=\"be6f32c\" data-element_type=\"container\" data-e-type=\"container\">\n\t\t\t\t\t<div class=\"e-con-inner\">\n\t\t\t\t<div class=\"elementor-element elementor-element-36456fc elementor-widget elementor-widget-heading\" data-id=\"36456fc\" data-element_type=\"widget\" data-e-type=\"widget\" data-widget_type=\"heading.default\">\n\t\t\t\t<div class=\"elementor-widget-container\">\n\t\t\t\t\t<h3 class=\"elementor-heading-title elementor-size-default\">Automatisierung und Effizienz<\/h3>\t\t\t\t<\/div>\n\t\t\t\t<\/div>\n\t\t\t\t<div class=\"elementor-element elementor-element-18f75f2 elementor-widget elementor-widget-text-editor\" data-id=\"18f75f2\" data-element_type=\"widget\" data-e-type=\"widget\" data-widget_type=\"text-editor.default\">\n\t\t\t\t<div class=\"elementor-widget-container\">\n\t\t\t\t\t\t\t\t\t<p>Steuerungssysteme<strong> automatisieren Prozesse<\/strong>, verringern den Bedarf an manuellen Eingriffen und beschleunigen den Betriebsablauf. Die Automatisierung stellt sicher, dass Prozesse konsistent ausgef\u00fchrt werden und minimiert Fehler und Abweichungen in der Produktion. <\/p>\t\t\t\t\t\t\t\t<\/div>\n\t\t\t\t<\/div>\n\t\t\t\t\t<\/div>\n\t\t\t\t<\/div>\n\t\t<div class=\"elementor-element elementor-element-5aa6bf0 e-flex e-con-boxed e-con e-child\" data-id=\"5aa6bf0\" data-element_type=\"container\" data-e-type=\"container\">\n\t\t\t\t\t<div class=\"e-con-inner\">\n\t\t\t\t<div class=\"elementor-element elementor-element-6c0c995 elementor-widget elementor-widget-heading\" data-id=\"6c0c995\" data-element_type=\"widget\" data-e-type=\"widget\" data-widget_type=\"heading.default\">\n\t\t\t\t<div class=\"elementor-widget-container\">\n\t\t\t\t\t<h3 class=\"elementor-heading-title elementor-size-default\">Pr\u00e4zision und Genauigkeit<\/h3>\t\t\t\t<\/div>\n\t\t\t\t<\/div>\n\t\t\t\t<div class=\"elementor-element elementor-element-d47a37c elementor-widget elementor-widget-text-editor\" data-id=\"d47a37c\" data-element_type=\"widget\" data-e-type=\"widget\" data-widget_type=\"text-editor.default\">\n\t\t\t\t<div class=\"elementor-widget-container\">\n\t\t\t\t\t\t\t\t\t<p>Steuerungssysteme k\u00f6nnen<strong> verschiedene Parameter<\/strong> pr\u00e4zise<strong> steuern<\/strong>, was zu genauen und konsistenten Ergebnissen f\u00fchrt. Durch die Minimierung von Prozessschwankungen verbessern Steuerungssysteme die Qualit\u00e4t und Zuverl\u00e4ssigkeit von Produkten und Dienstleistungen. <\/p>\t\t\t\t\t\t\t\t<\/div>\n\t\t\t\t<\/div>\n\t\t\t\t\t<\/div>\n\t\t\t\t<\/div>\n\t\t<div class=\"elementor-element elementor-element-f6ced34 e-flex e-con-boxed e-con e-child\" data-id=\"f6ced34\" data-element_type=\"container\" data-e-type=\"container\">\n\t\t\t\t\t<div class=\"e-con-inner\">\n\t\t\t\t<div class=\"elementor-element elementor-element-855e2de elementor-widget elementor-widget-heading\" data-id=\"855e2de\" data-element_type=\"widget\" data-e-type=\"widget\" data-widget_type=\"heading.default\">\n\t\t\t\t<div class=\"elementor-widget-container\">\n\t\t\t\t\t<h3 class=\"elementor-heading-title elementor-size-default\">Erh\u00f6hte Sicherheit<\/h3>\t\t\t\t<\/div>\n\t\t\t\t<\/div>\n\t\t\t\t<div class=\"elementor-element elementor-element-d60e1b4 elementor-widget elementor-widget-text-editor\" data-id=\"d60e1b4\" data-element_type=\"widget\" data-e-type=\"widget\" data-widget_type=\"text-editor.default\">\n\t\t\t\t<div class=\"elementor-widget-container\">\n\t\t\t\t\t\t\t\t\t<p>Steuerungssysteme k\u00f6nnen Sicherheitsfunktionen wie z.B. Notabschaltungen enthalten, die dazu beitragen, <strong>Unf\u00e4lle zu verhindern<\/strong> oder deren Auswirkungen zu mildern. Die kontinuierliche \u00dcberwachung erm\u00f6glicht die fr\u00fchzeitige Erkennung von Anomalien oder Fehlfunktionen, wodurch Alarme ausgel\u00f6st und potenzielle Gefahren vermieden werden k\u00f6nnen. <\/p>\t\t\t\t\t\t\t\t<\/div>\n\t\t\t\t<\/div>\n\t\t\t\t\t<\/div>\n\t\t\t\t<\/div>\n\t\t<div class=\"elementor-element elementor-element-ec2b1d6 e-flex e-con-boxed e-con e-child\" data-id=\"ec2b1d6\" data-element_type=\"container\" data-e-type=\"container\">\n\t\t\t\t\t<div class=\"e-con-inner\">\n\t\t\t\t<div class=\"elementor-element elementor-element-a1c83d8 elementor-widget elementor-widget-heading\" data-id=\"a1c83d8\" data-element_type=\"widget\" data-e-type=\"widget\" data-widget_type=\"heading.default\">\n\t\t\t\t<div class=\"elementor-widget-container\">\n\t\t\t\t\t<h3 class=\"elementor-heading-title elementor-size-default\">Kosteneinsparungen<\/h3>\t\t\t\t<\/div>\n\t\t\t\t<\/div>\n\t\t\t\t<div class=\"elementor-element elementor-element-a54c37d elementor-widget elementor-widget-text-editor\" data-id=\"a54c37d\" data-element_type=\"widget\" data-e-type=\"widget\" data-widget_type=\"text-editor.default\">\n\t\t\t\t<div class=\"elementor-widget-container\">\n\t\t\t\t\t\t\t\t\t<p>Steuerungssysteme k\u00f6nnen <strong>die Energienutzung optimieren<\/strong>, was zu Kosteneinsparungen in Form eines verringerten Energieverbrauchs f\u00fchrt. Die effiziente Steuerung von Prozessen tr\u00e4gt dazu bei, Abfall zu minimieren, was zu einer Reduzierung der Kosten f\u00fcr Rohstoffe und Ressourcen f\u00fchrt. <\/p>\t\t\t\t\t\t\t\t<\/div>\n\t\t\t\t<\/div>\n\t\t\t\t\t<\/div>\n\t\t\t\t<\/div>\n\t\t<div class=\"elementor-element elementor-element-1da0ff5 e-flex e-con-boxed e-con e-child\" data-id=\"1da0ff5\" data-element_type=\"container\" data-e-type=\"container\">\n\t\t\t\t\t<div class=\"e-con-inner\">\n\t\t\t\t<div class=\"elementor-element elementor-element-8c82330 elementor-widget elementor-widget-heading\" data-id=\"8c82330\" data-element_type=\"widget\" data-e-type=\"widget\" data-widget_type=\"heading.default\">\n\t\t\t\t<div class=\"elementor-widget-container\">\n\t\t\t\t\t<h3 class=\"elementor-heading-title elementor-size-default\">Flexibilit\u00e4t und Anpassungsf\u00e4higkeit<\/h3>\t\t\t\t<\/div>\n\t\t\t\t<\/div>\n\t\t\t\t<div class=\"elementor-element elementor-element-bdf9a25 elementor-widget elementor-widget-text-editor\" data-id=\"bdf9a25\" data-element_type=\"widget\" data-e-type=\"widget\" data-widget_type=\"text-editor.default\">\n\t\t\t\t<div class=\"elementor-widget-container\">\n\t\t\t\t\t\t\t\t\t<p>Steuerungssysteme k\u00f6nnen sich an sich \u00e4ndernde Bedingungen anpassen, indem sie <strong>Parameter in Echtzeit anpassen<\/strong> und so eine optimale Leistung in verschiedenen Betriebsumgebungen gew\u00e4hrleisten. Die kontinuierliche \u00dcberwachung erm\u00f6glicht es, Verbesserungspotenziale zu identifizieren und Prozesse zu optimieren. <\/p>\t\t\t\t\t\t\t\t<\/div>\n\t\t\t\t<\/div>\n\t\t\t\t\t<\/div>\n\t\t\t\t<\/div>\n\t\t<div class=\"elementor-element elementor-element-945f189 e-flex e-con-boxed e-con e-child\" data-id=\"945f189\" data-element_type=\"container\" data-e-type=\"container\">\n\t\t\t\t\t<div class=\"e-con-inner\">\n\t\t\t\t<div class=\"elementor-element elementor-element-8919ada elementor-widget elementor-widget-heading\" data-id=\"8919ada\" data-element_type=\"widget\" data-e-type=\"widget\" data-widget_type=\"heading.default\">\n\t\t\t\t<div class=\"elementor-widget-container\">\n\t\t\t\t\t<h3 class=\"elementor-heading-title elementor-size-default\">Fern\u00fcberwachung und Fernsteuerung<\/h3>\t\t\t\t<\/div>\n\t\t\t\t<\/div>\n\t\t\t\t<div class=\"elementor-element elementor-element-d111539 elementor-widget elementor-widget-text-editor\" data-id=\"d111539\" data-element_type=\"widget\" data-e-type=\"widget\" data-widget_type=\"text-editor.default\">\n\t\t\t\t<div class=\"elementor-widget-container\">\n\t\t\t\t\t\t\t\t\t<p>Viele moderne Steuerungssysteme erm\u00f6glichen die Fern\u00fcberwachung und -steuerung, so dass Bediener <strong>die Prozesse remote verwalten<\/strong> k\u00f6nnen. Der Fernzugriff erm\u00f6glicht eine schnelle Reaktion auf Probleme, minimiert Ausfallzeiten und verbessert die Zuverl\u00e4ssigkeit des Systems. <\/p>\t\t\t\t\t\t\t\t<\/div>\n\t\t\t\t<\/div>\n\t\t\t\t\t<\/div>\n\t\t\t\t<\/div>\n\t\t<div class=\"elementor-element elementor-element-ee51cd7 e-flex e-con-boxed e-con e-child\" data-id=\"ee51cd7\" data-element_type=\"container\" data-e-type=\"container\">\n\t\t\t\t\t<div class=\"e-con-inner\">\n\t\t\t\t<div class=\"elementor-element elementor-element-2f03c68 elementor-widget elementor-widget-heading\" data-id=\"2f03c68\" data-element_type=\"widget\" data-e-type=\"widget\" data-widget_type=\"heading.default\">\n\t\t\t\t<div class=\"elementor-widget-container\">\n\t\t\t\t\t<h3 class=\"elementor-heading-title elementor-size-default\">Einhaltung gesetzlicher Vorschriften<\/h3>\t\t\t\t<\/div>\n\t\t\t\t<\/div>\n\t\t\t\t<div class=\"elementor-element elementor-element-8da8ce9 elementor-widget elementor-widget-text-editor\" data-id=\"8da8ce9\" data-element_type=\"widget\" data-e-type=\"widget\" data-widget_type=\"text-editor.default\">\n\t\t\t\t<div class=\"elementor-widget-container\">\n\t\t\t\t\t\t\t\t\t<p>Steuerungssysteme k\u00f6nnen automatisierte Berichte und Dokumentationen erstellen, die bei der Einhaltung von Branchenvorschriften und -standards helfen. Die Protokollierung und Speicherung von Daten aus Steuerungssystemen hilft bei<strong> Audits und beh\u00f6rdlichen Inspektionen<\/strong>. <\/p>\t\t\t\t\t\t\t\t<\/div>\n\t\t\t\t<\/div>\n\t\t\t\t\t<\/div>\n\t\t\t\t<\/div>\n\t\t<div class=\"elementor-element elementor-element-5aaabfa e-flex e-con-boxed e-con e-child\" data-id=\"5aaabfa\" data-element_type=\"container\" data-e-type=\"container\">\n\t\t\t\t\t<div class=\"e-con-inner\">\n\t\t\t\t<div class=\"elementor-element elementor-element-7390185 elementor-widget elementor-widget-heading\" data-id=\"7390185\" data-element_type=\"widget\" data-e-type=\"widget\" data-widget_type=\"heading.default\">\n\t\t\t\t<div class=\"elementor-widget-container\">\n\t\t\t\t\t<h3 class=\"elementor-heading-title elementor-size-default\">Pr\u00e4diktive Wartung<\/h3>\t\t\t\t<\/div>\n\t\t\t\t<\/div>\n\t\t\t\t<div class=\"elementor-element elementor-element-0645525 elementor-widget elementor-widget-text-editor\" data-id=\"0645525\" data-element_type=\"widget\" data-e-type=\"widget\" data-widget_type=\"text-editor.default\">\n\t\t\t\t<div class=\"elementor-widget-container\">\n\t\t\t\t\t\t\t\t\t<p>Steuerungssysteme k\u00f6nnen <strong>mit Sensoren und \u00dcberwachungsger\u00e4ten ausgestattet werden<\/strong>, um den Zustand der Ger\u00e4te auszuwerten. Dies erm\u00f6glicht eine vorausschauende Wartung und reduziert unerwartete Ausfallzeiten.<\/p>\t\t\t\t\t\t\t\t<\/div>\n\t\t\t\t<\/div>\n\t\t\t\t\t<\/div>\n\t\t\t\t<\/div>\n\t\t<div class=\"elementor-element elementor-element-46b695f e-flex e-con-boxed e-con e-child\" data-id=\"46b695f\" data-element_type=\"container\" data-e-type=\"container\">\n\t\t\t\t\t<div class=\"e-con-inner\">\n\t\t\t\t<div class=\"elementor-element elementor-element-e90e022 elementor-widget elementor-widget-heading\" data-id=\"e90e022\" data-element_type=\"widget\" data-e-type=\"widget\" data-widget_type=\"heading.default\">\n\t\t\t\t<div class=\"elementor-widget-container\">\n\t\t\t\t\t<h3 class=\"elementor-heading-title elementor-size-default\">Skalierbarkeit<\/h3>\t\t\t\t<\/div>\n\t\t\t\t<\/div>\n\t\t\t\t<div class=\"elementor-element elementor-element-9f3c7e6 elementor-widget elementor-widget-text-editor\" data-id=\"9f3c7e6\" data-element_type=\"widget\" data-e-type=\"widget\" data-widget_type=\"text-editor.default\">\n\t\t\t\t<div class=\"elementor-widget-container\">\n\t\t\t\t\t\t\t\t\t<p>Steuerungssysteme k\u00f6nnen wachsen oder sich an ver\u00e4ndernde Anforderungen anpassen, um <strong>\u00c4nderungen<\/strong> der Systemkomplexit\u00e4t <strong>auszugleichen<\/strong>.<\/p>\t\t\t\t\t\t\t\t<\/div>\n\t\t\t\t<\/div>\n\t\t\t\t\t<\/div>\n\t\t\t\t<\/div>\n\t\t\t\t\t<\/div>\n\t\t\t\t<\/div>\n\t\t\t\t<\/div>\n\t\t","protected":false},"excerpt":{"rendered":"<p>Steuern Vorteile Steuerungssysteme sind in verschiedenen Industriebranchen und Anwendungen von entscheidender Bedeutung. Sie bieten viele Vorteile, wie z.B. h\u00f6here Effizienz, bessere Sicherheit, Kosteneinsparungen und bessere Produktqualit\u00e4t, was sie zu einem untrennbaren Bestandteil macht. Automatisierung und Effizienz Steuerungssysteme automatisieren Prozesse, verringern den Bedarf an manuellen Eingriffen und beschleunigen den Betriebsablauf. Die Automatisierung stellt sicher, dass Prozesse <a href=\"https:\/\/www.cuesystem.com\/de\/kontrolle\/vorteile\/\" class=\"more-link\">\u2026\u00a0<span class=\"screen-reader-text\">  Vorteile<\/span><\/a><\/p>\n","protected":false},"author":3,"featured_media":0,"parent":29143,"menu_order":435,"comment_status":"closed","ping_status":"closed","template":"","meta":{"_acf_changed":false,"inline_featured_image":false,"footnotes":""},"kategorie":[],"class_list":["post-29446","page","type-page","status-publish","hentry"],"acf":[],"_links":{"self":[{"href":"https:\/\/www.cuesystem.com\/de\/wp-json\/wp\/v2\/pages\/29446","targetHints":{"allow":["GET"]}}],"collection":[{"href":"https:\/\/www.cuesystem.com\/de\/wp-json\/wp\/v2\/pages"}],"about":[{"href":"https:\/\/www.cuesystem.com\/de\/wp-json\/wp\/v2\/types\/page"}],"author":[{"embeddable":true,"href":"https:\/\/www.cuesystem.com\/de\/wp-json\/wp\/v2\/users\/3"}],"replies":[{"embeddable":true,"href":"https:\/\/www.cuesystem.com\/de\/wp-json\/wp\/v2\/comments?post=29446"}],"version-history":[{"count":3,"href":"https:\/\/www.cuesystem.com\/de\/wp-json\/wp\/v2\/pages\/29446\/revisions"}],"predecessor-version":[{"id":30084,"href":"https:\/\/www.cuesystem.com\/de\/wp-json\/wp\/v2\/pages\/29446\/revisions\/30084"}],"up":[{"embeddable":true,"href":"https:\/\/www.cuesystem.com\/de\/wp-json\/wp\/v2\/pages\/29143"}],"wp:attachment":[{"href":"https:\/\/www.cuesystem.com\/de\/wp-json\/wp\/v2\/media?parent=29446"}],"wp:term":[{"taxonomy":"kategorie","embeddable":true,"href":"https:\/\/www.cuesystem.com\/de\/wp-json\/wp\/v2\/kategorie?post=29446"}],"curies":[{"name":"wp","href":"https:\/\/api.w.org\/{rel}","templated":true}]}}