{"id":29449,"date":"2023-11-25T14:51:23","date_gmt":"2023-11-25T13:51:23","guid":{"rendered":"https:\/\/www.cuesystem.com\/cookie-einstellungen\/"},"modified":"2025-04-15T12:08:32","modified_gmt":"2025-04-15T10:08:32","slug":"cookie-einstellungen","status":"publish","type":"page","link":"https:\/\/www.cuesystem.com\/de\/cookie-einstellungen\/","title":{"rendered":"Cookie-Einstellungen"},"content":{"rendered":"\t\t<div data-elementor-type=\"wp-page\" data-elementor-id=\"29449\" class=\"elementor elementor-29449 elementor-4128\" data-elementor-post-type=\"page\">\n\t\t\t\t<div class=\"elementor-element elementor-element-590a57f e-flex e-con-boxed e-con e-parent\" data-id=\"590a57f\" data-element_type=\"container\" data-e-type=\"container\">\n\t\t\t\t\t<div class=\"e-con-inner\">\n\t\t<div class=\"elementor-element elementor-element-5a76344 e-flex e-con-boxed e-con e-child\" data-id=\"5a76344\" data-element_type=\"container\" data-e-type=\"container\">\n\t\t\t\t\t<div class=\"e-con-inner\">\n\t\t<div class=\"elementor-element elementor-element-d983248 e-flex e-con-boxed e-con e-child\" data-id=\"d983248\" data-element_type=\"container\" data-e-type=\"container\">\n\t\t\t\t\t<div class=\"e-con-inner\">\n\t\t\t\t<div class=\"elementor-element elementor-element-6934892 elementor-widget elementor-widget-heading\" data-id=\"6934892\" data-element_type=\"widget\" data-e-type=\"widget\" data-widget_type=\"heading.default\">\n\t\t\t\t<div class=\"elementor-widget-container\">\n\t\t\t\t\t<h3 class=\"elementor-heading-title elementor-size-default\"><span style=\"font-size: 20.8px\">Wir verwenden Cookies, um das Erlebnis auf der Website zu verbessern<\/span><\/h3>\t\t\t\t<\/div>\n\t\t\t\t<\/div>\n\t\t\t\t<div class=\"elementor-element elementor-element-c71a68e elementor-widget__width-initial elementor-widget elementor-widget-heading\" data-id=\"c71a68e\" data-element_type=\"widget\" data-e-type=\"widget\" data-widget_type=\"heading.default\">\n\t\t\t\t<div class=\"elementor-widget-container\">\n\t\t\t\t\t<h1 class=\"elementor-heading-title elementor-size-default\">Cookie-Einstellungen<\/h1>\t\t\t\t<\/div>\n\t\t\t\t<\/div>\n\t\t\t\t\t<\/div>\n\t\t\t\t<\/div>\n\t\t\t\t\t<\/div>\n\t\t\t\t<\/div>\n\t\t\t\t\t<\/div>\n\t\t\t\t<\/div>\n\t\t<div class=\"elementor-element elementor-element-c688a86 e-flex e-con-boxed e-con e-parent\" data-id=\"c688a86\" data-element_type=\"container\" data-e-type=\"container\">\n\t\t\t\t\t<div class=\"e-con-inner\">\n\t\t<div class=\"elementor-element elementor-element-5362f16 e-grid e-con-boxed e-con e-child\" data-id=\"5362f16\" data-element_type=\"container\" data-e-type=\"container\">\n\t\t\t\t\t<div class=\"e-con-inner\">\n\t\t<div class=\"elementor-element elementor-element-66a0b25 e-con-full e-flex e-con e-child\" data-id=\"66a0b25\" data-element_type=\"container\" data-e-type=\"container\">\n\t\t\t\t<div class=\"elementor-element elementor-element-f42ffd5 elementor-widget elementor-widget-heading\" data-id=\"f42ffd5\" data-element_type=\"widget\" data-e-type=\"widget\" data-widget_type=\"heading.default\">\n\t\t\t\t<div class=\"elementor-widget-container\">\n\t\t\t\t\t<h3 class=\"elementor-heading-title elementor-size-default\"><span style=\"font-size: 20.8px\">Einf\u00fchrung<\/span><\/h3>\t\t\t\t<\/div>\n\t\t\t\t<\/div>\n\t\t\t\t<div class=\"elementor-element elementor-element-38eba48 elementor-widget elementor-widget-text-editor\" data-id=\"38eba48\" data-element_type=\"widget\" data-e-type=\"widget\" data-widget_type=\"text-editor.default\">\n\t\t\t\t<div class=\"elementor-widget-container\">\n\t\t\t\t\t\t\t\t\t<p><span style=\"text-align: var(--text-align); color: var( --e-global-color-primary ); font-family: var( --e-global-typography-primary-font-family ), Sans-serif; font-size: var( --e-global-typography-primary-font-size ); font-weight: var( --e-global-typography-primary-font-weight );\">Ein Cookie ist eine kleine Datendatei, die von Websites gespeichert wird, um die Nutzung einer Webseite zu beschleunigen. Dies geschieht \u00fcber das Internet. Durch die gespeicherte Datei kann Ihr Computer wiedererkannt werden, wenn Sie die Seite das n\u00e4chste Mal besuchen. Ein Cookie ist nicht sch\u00e4dlich f\u00fcr Ihren Computer.  <\/span><\/p>\t\t\t\t\t\t\t\t<\/div>\n\t\t\t\t<\/div>\n\t\t\t\t<\/div>\n\t\t<div class=\"elementor-element elementor-element-873ece5 e-con-full e-flex e-con e-child\" data-id=\"873ece5\" data-element_type=\"container\" data-e-type=\"container\">\n\t\t\t\t<div class=\"elementor-element elementor-element-14fd189 elementor-widget elementor-widget-heading\" data-id=\"14fd189\" data-element_type=\"widget\" data-e-type=\"widget\" data-widget_type=\"heading.default\">\n\t\t\t\t<div class=\"elementor-widget-container\">\n\t\t\t\t\t<h3 class=\"elementor-heading-title elementor-size-default\"><span style=\"font-size: 20.8px\">Was sind Cookies?<\/span><\/h3>\t\t\t\t<\/div>\n\t\t\t\t<\/div>\n\t\t\t\t<div class=\"elementor-element elementor-element-335e054 elementor-widget elementor-widget-text-editor\" data-id=\"335e054\" data-element_type=\"widget\" data-e-type=\"widget\" data-widget_type=\"text-editor.default\">\n\t\t\t\t<div class=\"elementor-widget-container\">\n\t\t\t\t\t\t\t\t\t<p>Ein Cookie ist eine kleine Textdatei, die eine Website auf Ihrem Computer oder Mobilger\u00e4t speichert, wenn Sie die Website besuchen. Sie erm\u00f6glicht es der Website, sich Ihre Aktionen und Pr\u00e4ferenzen (wie Login, Sprache, Schriftgr\u00f6\u00dfe und andere Anzeigeeinstellungen) \u00fcber einen gewissen Zeitraum zu merken, so dass Sie diese nicht jedes Mal neu eingeben m\u00fcssen, wenn Sie die Website erneut besuchen oder von einer Seite zur anderen wechseln. <\/p>\t\t\t\t\t\t\t\t<\/div>\n\t\t\t\t<\/div>\n\t\t\t\t<\/div>\n\t\t<div class=\"elementor-element elementor-element-6b8122c e-con-full e-flex e-con e-child\" data-id=\"6b8122c\" data-element_type=\"container\" data-e-type=\"container\">\n\t\t\t\t<div class=\"elementor-element elementor-element-6980d92 elementor-widget elementor-widget-heading\" data-id=\"6980d92\" data-element_type=\"widget\" data-e-type=\"widget\" data-widget_type=\"heading.default\">\n\t\t\t\t<div class=\"elementor-widget-container\">\n\t\t\t\t\t<h3 class=\"elementor-heading-title elementor-size-default\"><span style=\"font-size: 20.8px\">Wie man Cookies kontrolliert<\/span><\/h3>\t\t\t\t<\/div>\n\t\t\t\t<\/div>\n\t\t\t\t<div class=\"elementor-element elementor-element-2da2d45 elementor-widget elementor-widget-text-editor\" data-id=\"2da2d45\" data-element_type=\"widget\" data-e-type=\"widget\" data-widget_type=\"text-editor.default\">\n\t\t\t\t<div class=\"elementor-widget-container\">\n\t\t\t\t\t\t\t\t\t<p>Sie k\u00f6nnen Cookies nach Belieben kontrollieren und\/oder l\u00f6schen &#8211; Einzelheiten dazu finden Sie hier. Sie k\u00f6nnen alle Cookies l\u00f6schen, die sich bereits auf Ihrem Computer befinden, und Sie k\u00f6nnen die meisten Browser so einstellen, dass sie die Platzierung von Cookies verhindern. Wenn Sie dies tun, m\u00fcssen Sie jedoch m\u00f6glicherweise einige Einstellungen bei jedem Besuch einer Website manuell anpassen und einige Dienste und Funktionen funktionieren m\u00f6glicherweise nicht.  <\/p>\t\t\t\t\t\t\t\t<\/div>\n\t\t\t\t<\/div>\n\t\t\t\t<\/div>\n\t\t<div class=\"elementor-element elementor-element-310e19c e-con-full e-flex e-con e-child\" data-id=\"310e19c\" data-element_type=\"container\" data-e-type=\"container\">\n\t\t\t\t<\/div>\n\t\t<div class=\"elementor-element elementor-element-5b91d9e e-con-full e-flex e-con e-child\" data-id=\"5b91d9e\" data-element_type=\"container\" data-e-type=\"container\">\n\t\t\t\t<\/div>\n\t\t\t\t\t<\/div>\n\t\t\t\t<\/div>\n\t\t\t\t\t<\/div>\n\t\t\t\t<\/div>\n\t\t\t\t<\/div>\n\t\t","protected":false},"excerpt":{"rendered":"<p>Wir verwenden Cookies, um das Erlebnis auf der Website zu verbessern Cookie-Einstellungen Einf\u00fchrung Ein Cookie ist eine kleine Datendatei, die von Websites gespeichert wird, um die Nutzung einer Webseite zu beschleunigen. Dies geschieht \u00fcber das Internet. Durch die gespeicherte Datei kann Ihr Computer wiedererkannt werden, wenn Sie die Seite das n\u00e4chste Mal besuchen. Ein Cookie <a href=\"https:\/\/www.cuesystem.com\/de\/cookie-einstellungen\/\" class=\"more-link\">\u2026\u00a0<span class=\"screen-reader-text\">  Cookie-Einstellungen<\/span><\/a><\/p>\n","protected":false},"author":3,"featured_media":0,"parent":0,"menu_order":473,"comment_status":"closed","ping_status":"closed","template":"","meta":{"_acf_changed":false,"inline_featured_image":false,"footnotes":""},"kategorie":[],"class_list":["post-29449","page","type-page","status-publish","hentry"],"acf":[],"_links":{"self":[{"href":"https:\/\/www.cuesystem.com\/de\/wp-json\/wp\/v2\/pages\/29449","targetHints":{"allow":["GET"]}}],"collection":[{"href":"https:\/\/www.cuesystem.com\/de\/wp-json\/wp\/v2\/pages"}],"about":[{"href":"https:\/\/www.cuesystem.com\/de\/wp-json\/wp\/v2\/types\/page"}],"author":[{"embeddable":true,"href":"https:\/\/www.cuesystem.com\/de\/wp-json\/wp\/v2\/users\/3"}],"replies":[{"embeddable":true,"href":"https:\/\/www.cuesystem.com\/de\/wp-json\/wp\/v2\/comments?post=29449"}],"version-history":[{"count":1,"href":"https:\/\/www.cuesystem.com\/de\/wp-json\/wp\/v2\/pages\/29449\/revisions"}],"predecessor-version":[{"id":29451,"href":"https:\/\/www.cuesystem.com\/de\/wp-json\/wp\/v2\/pages\/29449\/revisions\/29451"}],"wp:attachment":[{"href":"https:\/\/www.cuesystem.com\/de\/wp-json\/wp\/v2\/media?parent=29449"}],"wp:term":[{"taxonomy":"kategorie","embeddable":true,"href":"https:\/\/www.cuesystem.com\/de\/wp-json\/wp\/v2\/kategorie?post=29449"}],"curies":[{"name":"wp","href":"https:\/\/api.w.org\/{rel}","templated":true}]}}