{"id":29604,"date":"2023-11-09T21:40:09","date_gmt":"2023-11-09T20:40:09","guid":{"rendered":"https:\/\/www.cuesystem.com\/karriere\/"},"modified":"2025-09-15T17:58:48","modified_gmt":"2025-09-15T15:58:48","slug":"karriere","status":"publish","type":"page","link":"https:\/\/www.cuesystem.com\/de\/karriere\/","title":{"rendered":"Karriere"},"content":{"rendered":"\t\t<div data-elementor-type=\"wp-page\" data-elementor-id=\"29604\" class=\"elementor elementor-29604 elementor-1727\" data-elementor-post-type=\"page\">\n\t\t\t\t<div class=\"elementor-element elementor-element-ffa180a e-flex e-con-boxed e-con e-parent\" data-id=\"ffa180a\" data-element_type=\"container\" data-e-type=\"container\">\n\t\t\t\t\t<div class=\"e-con-inner\">\n\t\t\t\t<div class=\"elementor-element elementor-element-d5de678 elementor-widget elementor-widget-heading\" data-id=\"d5de678\" data-element_type=\"widget\" data-e-type=\"widget\" data-widget_type=\"heading.default\">\n\t\t\t\t<div class=\"elementor-widget-container\">\n\t\t\t\t\t<h3 class=\"elementor-heading-title elementor-size-default\">M\u00f6chten Sie Teil unseres Teams werden?<\/h3>\t\t\t\t<\/div>\n\t\t\t\t<\/div>\n\t\t\t\t<div class=\"elementor-element elementor-element-1410a3b elementor-widget__width-initial elementor-widget elementor-widget-heading\" data-id=\"1410a3b\" data-element_type=\"widget\" data-e-type=\"widget\" data-widget_type=\"heading.default\">\n\t\t\t\t<div class=\"elementor-widget-container\">\n\t\t\t\t\t<h1 class=\"elementor-heading-title elementor-size-default\">Karriere bei CUE<\/h1>\t\t\t\t<\/div>\n\t\t\t\t<\/div>\n\t\t\t\t\t<\/div>\n\t\t\t\t<\/div>\n\t\t<div class=\"elementor-element elementor-element-2439ab9 e-flex e-con-boxed e-con e-parent\" data-id=\"2439ab9\" data-element_type=\"container\" data-e-type=\"container\">\n\t\t\t\t\t<div class=\"e-con-inner\">\n\t\t\t\t<div class=\"elementor-element elementor-element-6ce83ff elementor-widget elementor-widget-heading\" data-id=\"6ce83ff\" data-element_type=\"widget\" data-e-type=\"widget\" data-widget_type=\"heading.default\">\n\t\t\t\t<div class=\"elementor-widget-container\">\n\t\t\t\t\t<h3 class=\"elementor-heading-title elementor-size-default\">Derzeit haben wir keine offenen Stellen.<\/h3>\t\t\t\t<\/div>\n\t\t\t\t<\/div>\n\t\t\t\t<div class=\"elementor-element elementor-element-f2b083c elementor-widget elementor-widget-text-editor\" data-id=\"f2b083c\" data-element_type=\"widget\" data-e-type=\"widget\" data-widget_type=\"text-editor.default\">\n\t\t\t\t<div class=\"elementor-widget-container\">\n\t\t\t\t\t\t\t\t\t<p>Wir freuen uns \u00fcber Ihr Interesse an unserem Unternehmen. Bitte schauen Sie zu einem sp\u00e4teren Zeitpunkt erneut vorbei, um zuk\u00fcnftige M\u00f6glichkeiten zu entdecken, oder senden Sie uns gerne eine Initiativbewerbung, die ber\u00fccksichtigt wird, sobald Positionen verf\u00fcgbar sind. Bitte schicken Sie ein kurzes Anschreiben, in dem Sie darlegen, warum Sie Teil des CUE-Teams werden m\u00f6chten, zusammen mit Ihrem aktuellen Lebenslauf oder einem Link zu Ihrem LinkedIn-Profil an: <a href=\"mailto:hr@cuesystem.com\">hr@cuesystem.com<\/a>  <\/p><p>Vielen Dank f\u00fcr Ihr Interesse an einer Karriere bei uns!<\/p>\t\t\t\t\t\t\t\t<\/div>\n\t\t\t\t<\/div>\n\t\t\t\t\t<\/div>\n\t\t\t\t<\/div>\n\t\t<div class=\"elementor-element elementor-element-9bdb1ad elementor-hidden-desktop elementor-hidden-laptop elementor-hidden-tablet_extra elementor-hidden-tablet elementor-hidden-mobile_extra elementor-hidden-mobile e-flex e-con-boxed e-con e-parent\" data-id=\"9bdb1ad\" data-element_type=\"container\" data-e-type=\"container\">\n\t\t\t\t\t<div class=\"e-con-inner\">\n\t\t\t\t<div class=\"elementor-element elementor-element-ebcfadf elementor-widget elementor-widget-heading\" data-id=\"ebcfadf\" data-element_type=\"widget\" data-e-type=\"widget\" data-widget_type=\"heading.default\">\n\t\t\t\t<div class=\"elementor-widget-container\">\n\t\t\t\t\t<h3 class=\"elementor-heading-title elementor-size-default\">Derzeit bieten wir folgende offene Stellen an.<\/h3>\t\t\t\t<\/div>\n\t\t\t\t<\/div>\n\t\t\t\t<div class=\"elementor-element elementor-element-10f1620 elementor-widget elementor-widget-n-accordion\" data-id=\"10f1620\" data-element_type=\"widget\" data-e-type=\"widget\" data-settings=\"{&quot;default_state&quot;:&quot;all_collapsed&quot;,&quot;max_items_expended&quot;:&quot;one&quot;,&quot;n_accordion_animation_duration&quot;:{&quot;unit&quot;:&quot;ms&quot;,&quot;size&quot;:400,&quot;sizes&quot;:[]}}\" data-widget_type=\"nested-accordion.default\">\n\t\t\t\t<div class=\"elementor-widget-container\">\n\t\t\t\t\t\t\t<div class=\"e-n-accordion\" aria-label=\"Accordion. Open links with Enter or Space, close with Escape, and navigate with Arrow Keys\">\n\t\t\t\t\t\t<details id=\"e-n-accordion-item-1770\" class=\"e-n-accordion-item\" >\n\t\t\t\t<summary class=\"e-n-accordion-item-title\" data-accordion-index=\"1\" tabindex=\"0\" aria-expanded=\"false\" aria-controls=\"e-n-accordion-item-1770\" >\n\t\t\t\t\t<span class='e-n-accordion-item-title-header'><div class=\"e-n-accordion-item-title-text\"> Positionsbezeichnung <\/div><\/span>\n\t\t\t\t\t\t\t<span class='e-n-accordion-item-title-icon'>\n\t\t\t<span class='e-opened' ><svg xmlns=\"http:\/\/www.w3.org\/2000\/svg\" xmlns:xlink=\"http:\/\/www.w3.org\/1999\/xlink\" id=\"Layer_1\" x=\"0px\" y=\"0px\" viewBox=\"0 0 492.002 492.002\" style=\"enable-background:new 0 0 492.002 492.002;\" xml:space=\"preserve\"> <g> <g> <path d=\"M484.136,328.473L264.988,109.329c-5.064-5.064-11.816-7.844-19.172-7.844c-7.208,0-13.964,2.78-19.02,7.844 L7.852,328.265C2.788,333.333,0,340.089,0,347.297c0,7.208,2.784,13.968,7.852,19.032l16.124,16.124 c5.064,5.064,11.824,7.86,19.032,7.86s13.964-2.796,19.032-7.86l183.852-183.852l184.056,184.064 c5.064,5.06,11.82,7.852,19.032,7.852c7.208,0,13.96-2.792,19.028-7.852l16.128-16.132 C494.624,356.041,494.624,338.965,484.136,328.473z\"><\/path> <\/g> <\/g> <g> <\/g> <g> <\/g> <g> <\/g> <g> <\/g> <g> <\/g> <g> <\/g> <g> <\/g> <g> <\/g> <g> <\/g> <g> <\/g> <g> <\/g> <g> <\/g> <g> <\/g> <g> <\/g> <g> <\/g> <\/svg><\/span>\n\t\t\t<span class='e-closed'><svg xmlns=\"http:\/\/www.w3.org\/2000\/svg\" xmlns:xlink=\"http:\/\/www.w3.org\/1999\/xlink\" id=\"Layer_1\" x=\"0px\" y=\"0px\" viewBox=\"0 0 492.004 492.004\" style=\"enable-background:new 0 0 492.004 492.004;\" xml:space=\"preserve\"> <g> <g> <path d=\"M382.678,226.804L163.73,7.86C158.666,2.792,151.906,0,144.698,0s-13.968,2.792-19.032,7.86l-16.124,16.12 c-10.492,10.504-10.492,27.576,0,38.064L293.398,245.9l-184.06,184.06c-5.064,5.068-7.86,11.824-7.86,19.028 c0,7.212,2.796,13.968,7.86,19.04l16.124,16.116c5.068,5.068,11.824,7.86,19.032,7.86s13.968-2.792,19.032-7.86L382.678,265 c5.076-5.084,7.864-11.872,7.848-19.088C390.542,238.668,387.754,231.884,382.678,226.804z\"><\/path> <\/g> <\/g> <g> <\/g> <g> <\/g> <g> <\/g> <g> <\/g> <g> <\/g> <g> <\/g> <g> <\/g> <g> <\/g> <g> <\/g> <g> <\/g> <g> <\/g> <g> <\/g> <g> <\/g> <g> <\/g> <g> <\/g> <\/svg><\/span>\n\t\t<\/span>\n\n\t\t\t\t\t\t<\/summary>\n\t\t\t\t<div role=\"region\" aria-labelledby=\"e-n-accordion-item-1770\" class=\"elementor-element elementor-element-61c8156 e-con-full e-flex e-con e-child\" data-id=\"61c8156\" data-element_type=\"container\" data-e-type=\"container\">\n\t\t\t\t<\/div>\n\t\t\t\t\t<\/details>\n\t\t\t\t\t<\/div>\n\t\t\t\t\t\t<\/div>\n\t\t\t\t<\/div>\n\t\t\t\t\t<\/div>\n\t\t\t\t<\/div>\n\t\t\t\t<\/div>\n\t\t","protected":false},"excerpt":{"rendered":"<p>M\u00f6chten Sie Teil unseres Teams werden? Karriere bei CUE Derzeit haben wir keine offenen Stellen. Wir freuen uns \u00fcber Ihr Interesse an unserem Unternehmen. Bitte schauen Sie zu einem sp\u00e4teren Zeitpunkt erneut vorbei, um zuk\u00fcnftige M\u00f6glichkeiten zu entdecken, oder senden Sie uns gerne eine Initiativbewerbung, die ber\u00fccksichtigt wird, sobald Positionen verf\u00fcgbar sind. Bitte schicken Sie <a href=\"https:\/\/www.cuesystem.com\/de\/karriere\/\" class=\"more-link\">\u2026\u00a0<span class=\"screen-reader-text\">  Karriere<\/span><\/a><\/p>\n","protected":false},"author":3,"featured_media":0,"parent":0,"menu_order":532,"comment_status":"closed","ping_status":"closed","template":"","meta":{"_acf_changed":false,"inline_featured_image":false,"footnotes":""},"kategorie":[],"class_list":["post-29604","page","type-page","status-publish","hentry"],"acf":[],"_links":{"self":[{"href":"https:\/\/www.cuesystem.com\/de\/wp-json\/wp\/v2\/pages\/29604","targetHints":{"allow":["GET"]}}],"collection":[{"href":"https:\/\/www.cuesystem.com\/de\/wp-json\/wp\/v2\/pages"}],"about":[{"href":"https:\/\/www.cuesystem.com\/de\/wp-json\/wp\/v2\/types\/page"}],"author":[{"embeddable":true,"href":"https:\/\/www.cuesystem.com\/de\/wp-json\/wp\/v2\/users\/3"}],"replies":[{"embeddable":true,"href":"https:\/\/www.cuesystem.com\/de\/wp-json\/wp\/v2\/comments?post=29604"}],"version-history":[{"count":7,"href":"https:\/\/www.cuesystem.com\/de\/wp-json\/wp\/v2\/pages\/29604\/revisions"}],"predecessor-version":[{"id":32398,"href":"https:\/\/www.cuesystem.com\/de\/wp-json\/wp\/v2\/pages\/29604\/revisions\/32398"}],"wp:attachment":[{"href":"https:\/\/www.cuesystem.com\/de\/wp-json\/wp\/v2\/media?parent=29604"}],"wp:term":[{"taxonomy":"kategorie","embeddable":true,"href":"https:\/\/www.cuesystem.com\/de\/wp-json\/wp\/v2\/kategorie?post=29604"}],"curies":[{"name":"wp","href":"https:\/\/api.w.org\/{rel}","templated":true}]}}