{"id":29760,"date":"2023-10-16T13:01:04","date_gmt":"2023-10-16T11:01:04","guid":{"rendered":"https:\/\/www.cuesystem.com\/vorteile\/"},"modified":"2025-06-11T23:42:19","modified_gmt":"2025-06-11T21:42:19","slug":"vorteile","status":"publish","type":"page","link":"https:\/\/www.cuesystem.com\/de\/analysieren-sie\/vorteile\/","title":{"rendered":"Vorteile"},"content":{"rendered":"\t\t<div data-elementor-type=\"wp-page\" data-elementor-id=\"29760\" class=\"elementor elementor-29760 elementor-130\" data-elementor-post-type=\"page\">\n\t\t\t\t<div class=\"elementor-element elementor-element-00951ea e-flex e-con-boxed e-con e-parent\" data-id=\"00951ea\" data-element_type=\"container\" data-e-type=\"container\" data-settings=\"{&quot;background_background&quot;:&quot;classic&quot;}\">\n\t\t\t\t\t<div class=\"e-con-inner\">\n\t\t\t\t<div class=\"elementor-element elementor-element-d4af55f elementor-widget elementor-widget-heading\" data-id=\"d4af55f\" data-element_type=\"widget\" data-e-type=\"widget\" data-widget_type=\"heading.default\">\n\t\t\t\t<div class=\"elementor-widget-container\">\n\t\t\t\t\t<h3 class=\"elementor-heading-title elementor-size-default\">Analysieren<\/h3>\t\t\t\t<\/div>\n\t\t\t\t<\/div>\n\t\t\t\t<div class=\"elementor-element elementor-element-59995b1 elementor-widget elementor-widget-heading\" data-id=\"59995b1\" data-element_type=\"widget\" data-e-type=\"widget\" data-widget_type=\"heading.default\">\n\t\t\t\t<div class=\"elementor-widget-container\">\n\t\t\t\t\t<h1 class=\"elementor-heading-title elementor-size-default\">Vorteile<\/h1>\t\t\t\t<\/div>\n\t\t\t\t<\/div>\n\t\t\t\t\t<\/div>\n\t\t\t\t<\/div>\n\t\t<div class=\"elementor-element elementor-element-8d0b7c8 e-flex e-con-boxed e-con e-parent\" data-id=\"8d0b7c8\" data-element_type=\"container\" data-e-type=\"container\">\n\t\t\t\t\t<div class=\"e-con-inner\">\n\t\t<div class=\"elementor-element elementor-element-a6c6ff4 e-flex e-con-boxed e-con e-child\" data-id=\"a6c6ff4\" data-element_type=\"container\" data-e-type=\"container\">\n\t\t\t\t\t<div class=\"e-con-inner\">\n\t\t<div class=\"elementor-element elementor-element-472aadc e-flex e-con-boxed e-con e-child\" data-id=\"472aadc\" data-element_type=\"container\" data-e-type=\"container\">\n\t\t\t\t\t<div class=\"e-con-inner\">\n\t\t\t\t<div class=\"elementor-element elementor-element-1ff0bdb elementor-widget elementor-widget-heading\" data-id=\"1ff0bdb\" data-element_type=\"widget\" data-e-type=\"widget\" data-widget_type=\"heading.default\">\n\t\t\t\t<div class=\"elementor-widget-container\">\n\t\t\t\t\t<h3 class=\"elementor-heading-title elementor-size-default\">Ein Gamechanger f\u00fcr den modernen Arbeitsbereich<\/h3>\t\t\t\t<\/div>\n\t\t\t\t<\/div>\n\t\t\t\t<div class=\"elementor-element elementor-element-1def228 elementor-widget elementor-widget-text-editor\" data-id=\"1def228\" data-element_type=\"widget\" data-e-type=\"widget\" data-widget_type=\"text-editor.default\">\n\t\t\t\t<div class=\"elementor-widget-container\">\n\t\t\t\t\t\t\t\t\t<p>Statistiken zur Raumnutzung bieten Organisationen wertvolle Einblicke, die Effizienz steigern, Kosten senken, fundierte Entscheidungen unterst\u00fctzen, das Mitarbeitererlebnis verbessern und Nachhaltigkeitsinitiativen f\u00f6rdern.<\/p>\t\t\t\t\t\t\t\t<\/div>\n\t\t\t\t<\/div>\n\t\t\t\t\t<\/div>\n\t\t\t\t<\/div>\n\t\t\t\t\t<\/div>\n\t\t\t\t<\/div>\n\t\t\t\t\t<\/div>\n\t\t\t\t<\/div>\n\t\t<div class=\"elementor-element elementor-element-ca0d015 e-flex e-con-boxed e-con e-parent\" data-id=\"ca0d015\" data-element_type=\"container\" data-e-type=\"container\">\n\t\t\t\t\t<div class=\"e-con-inner\">\n\t\t<div class=\"elementor-element elementor-element-93d650a e-flex e-con-boxed e-con e-child\" data-id=\"93d650a\" data-element_type=\"container\" data-e-type=\"container\">\n\t\t\t\t\t<div class=\"e-con-inner\">\n\t\t\t\t<div class=\"elementor-element elementor-element-61fc69f elementor-widget elementor-widget-heading\" data-id=\"61fc69f\" data-element_type=\"widget\" data-e-type=\"widget\" data-widget_type=\"heading.default\">\n\t\t\t\t<div class=\"elementor-widget-container\">\n\t\t\t\t\t<h3 class=\"elementor-heading-title elementor-size-default\"><span style=\"font-size: 20.8px\">Raumoptimierung<\/span><\/h3>\t\t\t\t<\/div>\n\t\t\t\t<\/div>\n\t\t\t\t<div class=\"elementor-element elementor-element-1faa53d elementor-widget elementor-widget-text-editor\" data-id=\"1faa53d\" data-element_type=\"widget\" data-e-type=\"widget\" data-widget_type=\"text-editor.default\">\n\t\t\t\t<div class=\"elementor-widget-container\">\n\t\t\t\t\t\t\t\t\t<p>Das Verst\u00e4ndnis dar\u00fcber, wie R\u00e4ume genutzt werden, hilft bei der <strong>Optimierung von Raumaufteilungen, Schreibtischzuweisungen und der Anordnung von Besprechungsr\u00e4umen<\/strong>. Es erm\u00f6glicht Unternehmen, Bereiche basierend auf der tats\u00e4chlichen Nutzung neu zu gestalten, ungenutzte Fl\u00e4chen zu minimieren und die Effizienz zu steigern. <\/p>\t\t\t\t\t\t\t\t<\/div>\n\t\t\t\t<\/div>\n\t\t\t\t\t<\/div>\n\t\t\t\t<\/div>\n\t\t<div class=\"elementor-element elementor-element-699fb18 e-flex e-con-boxed e-con e-child\" data-id=\"699fb18\" data-element_type=\"container\" data-e-type=\"container\">\n\t\t\t\t\t<div class=\"e-con-inner\">\n\t\t\t\t<div class=\"elementor-element elementor-element-5ddf521 elementor-widget elementor-widget-heading\" data-id=\"5ddf521\" data-element_type=\"widget\" data-e-type=\"widget\" data-widget_type=\"heading.default\">\n\t\t\t\t<div class=\"elementor-widget-container\">\n\t\t\t\t\t<h3 class=\"elementor-heading-title elementor-size-default\"><span style=\"font-size: 20.8px\">Ressourcenzuweisung<\/span><\/h3>\t\t\t\t<\/div>\n\t\t\t\t<\/div>\n\t\t\t\t<div class=\"elementor-element elementor-element-03f8cc6 elementor-widget elementor-widget-text-editor\" data-id=\"03f8cc6\" data-element_type=\"widget\" data-e-type=\"widget\" data-widget_type=\"text-editor.default\">\n\t\t\t\t<div class=\"elementor-widget-container\">\n\t\t\t\t\t\t\t\t\t<p>Durch die Analyse von Nutzungsdaten k\u00f6nnen Organisationen <strong>ihre Ressourcen effektiver zuweisen<\/strong>. Dazu geh\u00f6rt die Verwaltung von Ger\u00e4ten, Einrichtungen und Arbeitspl\u00e4tzen entsprechend der tats\u00e4chlichen Nachfrage, wodurch \u00dcberkapazit\u00e4ten reduziert und die Nutzung optimiert werden. <\/p>\t\t\t\t\t\t\t\t<\/div>\n\t\t\t\t<\/div>\n\t\t\t\t\t<\/div>\n\t\t\t\t<\/div>\n\t\t<div class=\"elementor-element elementor-element-a54707f e-flex e-con-boxed e-con e-child\" data-id=\"a54707f\" data-element_type=\"container\" data-e-type=\"container\">\n\t\t\t\t\t<div class=\"e-con-inner\">\n\t\t\t\t<div class=\"elementor-element elementor-element-3c1e09a elementor-widget elementor-widget-heading\" data-id=\"3c1e09a\" data-element_type=\"widget\" data-e-type=\"widget\" data-widget_type=\"heading.default\">\n\t\t\t\t<div class=\"elementor-widget-container\">\n\t\t\t\t\t<h3 class=\"elementor-heading-title elementor-size-default\"><span style=\"font-size: 20.8px\">Kosteneffizienz<\/span><\/h3>\t\t\t\t<\/div>\n\t\t\t\t<\/div>\n\t\t\t\t<div class=\"elementor-element elementor-element-8c0a322 elementor-widget elementor-widget-text-editor\" data-id=\"8c0a322\" data-element_type=\"widget\" data-e-type=\"widget\" data-widget_type=\"text-editor.default\">\n\t\t\t\t<div class=\"elementor-widget-container\">\n\t\t\t\t\t\t\t\t\t<p>Nutzungsstatistiken helfen dabei, <strong>unterausgelastete Bereiche oder Ressourcen zu identifizieren<\/strong>. So k\u00f6nnen Unternehmen unn\u00f6tige Kosten durch ungenutzte Fl\u00e4chen, Energieverbrauch oder Ressourcen einsparen.<\/p>\t\t\t\t\t\t\t\t<\/div>\n\t\t\t\t<\/div>\n\t\t\t\t\t<\/div>\n\t\t\t\t<\/div>\n\t\t<div class=\"elementor-element elementor-element-82e97e7 e-flex e-con-boxed e-con e-child\" data-id=\"82e97e7\" data-element_type=\"container\" data-e-type=\"container\">\n\t\t\t\t\t<div class=\"e-con-inner\">\n\t\t\t\t<div class=\"elementor-element elementor-element-e2d604a elementor-widget elementor-widget-heading\" data-id=\"e2d604a\" data-element_type=\"widget\" data-e-type=\"widget\" data-widget_type=\"heading.default\">\n\t\t\t\t<div class=\"elementor-widget-container\">\n\t\t\t\t\t<h3 class=\"elementor-heading-title elementor-size-default\"><span style=\"font-size: 20.8px\">Fundierte Entscheidungsfindung<\/span><\/h3>\t\t\t\t<\/div>\n\t\t\t\t<\/div>\n\t\t\t\t<div class=\"elementor-element elementor-element-ebea851 elementor-widget elementor-widget-text-editor\" data-id=\"ebea851\" data-element_type=\"widget\" data-e-type=\"widget\" data-widget_type=\"text-editor.default\">\n\t\t\t\t<div class=\"elementor-widget-container\">\n\t\t\t\t\t\t\t\t\t<p>Datenbasierte Erkenntnisse unterst\u00fctzen <strong>fundierte Entscheidungen in Bezug auf die Gestaltung von Arbeitsbereichen, Expansionspl\u00e4ne oder \u00c4nderungen von B\u00fcrorichtlinien<\/strong>. Sie helfen dabei, Strategien zur Optimierung der Arbeitsumgebung zu entwickeln und diese mit den Zielen der Organisation in Einklang zu bringen. <\/p>\t\t\t\t\t\t\t\t<\/div>\n\t\t\t\t<\/div>\n\t\t\t\t\t<\/div>\n\t\t\t\t<\/div>\n\t\t<div class=\"elementor-element elementor-element-f507742 e-flex e-con-boxed e-con e-child\" data-id=\"f507742\" data-element_type=\"container\" data-e-type=\"container\">\n\t\t\t\t\t<div class=\"e-con-inner\">\n\t\t\t\t<div class=\"elementor-element elementor-element-0e8fc3e elementor-widget elementor-widget-heading\" data-id=\"0e8fc3e\" data-element_type=\"widget\" data-e-type=\"widget\" data-widget_type=\"heading.default\">\n\t\t\t\t<div class=\"elementor-widget-container\">\n\t\t\t\t\t<h3 class=\"elementor-heading-title elementor-size-default\"><span style=\"font-size: 20.8px\">Mitarbeiterproduktivit\u00e4t<\/span><\/h3>\t\t\t\t<\/div>\n\t\t\t\t<\/div>\n\t\t\t\t<div class=\"elementor-element elementor-element-b862b88 elementor-widget elementor-widget-text-editor\" data-id=\"b862b88\" data-element_type=\"widget\" data-e-type=\"widget\" data-widget_type=\"text-editor.default\">\n\t\t\t\t<div class=\"elementor-widget-container\">\n\t\t\t\t\t\t\t\t\t<p>Nutzungsstatistiken liefern <strong>Einblicke darin, wie Mitarbeitende mit dem Arbeitsumfeld interagieren<\/strong>, und erm\u00f6glichen ein Verst\u00e4ndnis unterschiedlicher Arbeitsstile. Ben\u00f6tigen die Mitarbeitenden eher individuell gestaltete R\u00e4ume f\u00fcr Zusammenarbeit oder f\u00fcr konzentriertes Arbeiten? Dieses Wissen hilft dabei, Arbeitsumgebungen zu schaffen, die die Produktivit\u00e4t f\u00f6rdern \u2013 sei es durch r\u00e4umliche Anpassungen, bessere Ressourcenzug\u00e4nglichkeit oder optimierte Layouts.  <\/p>\t\t\t\t\t\t\t\t<\/div>\n\t\t\t\t<\/div>\n\t\t\t\t\t<\/div>\n\t\t\t\t<\/div>\n\t\t<div class=\"elementor-element elementor-element-93b86f5 e-flex e-con-boxed e-con e-child\" data-id=\"93b86f5\" data-element_type=\"container\" data-e-type=\"container\">\n\t\t\t\t\t<div class=\"e-con-inner\">\n\t\t\t\t<div class=\"elementor-element elementor-element-28ac8e7 elementor-widget elementor-widget-heading\" data-id=\"28ac8e7\" data-element_type=\"widget\" data-e-type=\"widget\" data-widget_type=\"heading.default\">\n\t\t\t\t<div class=\"elementor-widget-container\">\n\t\t\t\t\t<h3 class=\"elementor-heading-title elementor-size-default\"><span style=\"font-size: 20.8px\">Betriebliche Verbesserungen<\/span><\/h3>\t\t\t\t<\/div>\n\t\t\t\t<\/div>\n\t\t\t\t<div class=\"elementor-element elementor-element-975b3a5 elementor-widget elementor-widget-text-editor\" data-id=\"975b3a5\" data-element_type=\"widget\" data-e-type=\"widget\" data-widget_type=\"text-editor.default\">\n\t\t\t\t<div class=\"elementor-widget-container\">\n\t\t\t\t\t\t\t\t\t<p>Diese Statistiken helfen dabei, <strong>betriebliche Prozesse<\/strong> wie Raumbuchungssysteme, Facility Management oder Ressourcenbereitstellung zu optimieren. Dies f\u00fchrt zu reibungsloseren Abl\u00e4ufen und einer h\u00f6heren operativen Effizienz.<\/p>\t\t\t\t\t\t\t\t<\/div>\n\t\t\t\t<\/div>\n\t\t\t\t\t<\/div>\n\t\t\t\t<\/div>\n\t\t<div class=\"elementor-element elementor-element-4c64c64 e-flex e-con-boxed e-con e-child\" data-id=\"4c64c64\" data-element_type=\"container\" data-e-type=\"container\">\n\t\t\t\t\t<div class=\"e-con-inner\">\n\t\t\t\t<div class=\"elementor-element elementor-element-d4e77e9 elementor-widget elementor-widget-heading\" data-id=\"d4e77e9\" data-element_type=\"widget\" data-e-type=\"widget\" data-widget_type=\"heading.default\">\n\t\t\t\t<div class=\"elementor-widget-container\">\n\t\t\t\t\t<h3 class=\"elementor-heading-title elementor-size-default\"><span style=\"font-size: 20.8px\">\u00d6kologische Nachhaltigkeit<\/span><\/h3>\t\t\t\t<\/div>\n\t\t\t\t<\/div>\n\t\t\t\t<div class=\"elementor-element elementor-element-8254cc3 elementor-widget elementor-widget-text-editor\" data-id=\"8254cc3\" data-element_type=\"widget\" data-e-type=\"widget\" data-widget_type=\"text-editor.default\">\n\t\t\t\t<div class=\"elementor-widget-container\">\n\t\t\t\t\t\t\t\t\t<p>Das Verst\u00e4ndnis der Nutzung von Arbeitspl\u00e4tzen tr\u00e4gt zur <strong>Schaffung nachhaltigerer Umgebungen <\/strong>bei, indem Abfall reduziert, der Energieverbrauch optimiert und der Raumbedarf mit Zielen des Umweltschutzes in Einklang gebracht wird.<\/p>\t\t\t\t\t\t\t\t<\/div>\n\t\t\t\t<\/div>\n\t\t\t\t\t<\/div>\n\t\t\t\t<\/div>\n\t\t\t\t\t<\/div>\n\t\t\t\t<\/div>\n\t\t\t\t<\/div>\n\t\t","protected":false},"excerpt":{"rendered":"<p>Analysieren Vorteile Ein Gamechanger f\u00fcr den modernen Arbeitsbereich Statistiken zur Raumnutzung bieten Organisationen wertvolle Einblicke, die Effizienz steigern, Kosten senken, fundierte Entscheidungen unterst\u00fctzen, das Mitarbeitererlebnis verbessern und Nachhaltigkeitsinitiativen f\u00f6rdern. Raumoptimierung Das Verst\u00e4ndnis dar\u00fcber, wie R\u00e4ume genutzt werden, hilft bei der Optimierung von Raumaufteilungen, Schreibtischzuweisungen und der Anordnung von Besprechungsr\u00e4umen. Es erm\u00f6glicht Unternehmen, Bereiche basierend auf <a href=\"https:\/\/www.cuesystem.com\/de\/analysieren-sie\/vorteile\/\" class=\"more-link\">\u2026\u00a0<span class=\"screen-reader-text\">  Vorteile<\/span><\/a><\/p>\n","protected":false},"author":5,"featured_media":0,"parent":29762,"menu_order":517,"comment_status":"closed","ping_status":"closed","template":"","meta":{"_acf_changed":false,"inline_featured_image":false,"footnotes":""},"kategorie":[],"class_list":["post-29760","page","type-page","status-publish","hentry"],"acf":[],"_links":{"self":[{"href":"https:\/\/www.cuesystem.com\/de\/wp-json\/wp\/v2\/pages\/29760","targetHints":{"allow":["GET"]}}],"collection":[{"href":"https:\/\/www.cuesystem.com\/de\/wp-json\/wp\/v2\/pages"}],"about":[{"href":"https:\/\/www.cuesystem.com\/de\/wp-json\/wp\/v2\/types\/page"}],"author":[{"embeddable":true,"href":"https:\/\/www.cuesystem.com\/de\/wp-json\/wp\/v2\/users\/5"}],"replies":[{"embeddable":true,"href":"https:\/\/www.cuesystem.com\/de\/wp-json\/wp\/v2\/comments?post=29760"}],"version-history":[{"count":3,"href":"https:\/\/www.cuesystem.com\/de\/wp-json\/wp\/v2\/pages\/29760\/revisions"}],"predecessor-version":[{"id":31320,"href":"https:\/\/www.cuesystem.com\/de\/wp-json\/wp\/v2\/pages\/29760\/revisions\/31320"}],"up":[{"embeddable":true,"href":"https:\/\/www.cuesystem.com\/de\/wp-json\/wp\/v2\/pages\/29762"}],"wp:attachment":[{"href":"https:\/\/www.cuesystem.com\/de\/wp-json\/wp\/v2\/media?parent=29760"}],"wp:term":[{"taxonomy":"kategorie","embeddable":true,"href":"https:\/\/www.cuesystem.com\/de\/wp-json\/wp\/v2\/kategorie?post=29760"}],"curies":[{"name":"wp","href":"https:\/\/api.w.org\/{rel}","templated":true}]}}