{"id":29764,"date":"2023-10-16T12:58:43","date_gmt":"2023-10-16T10:58:43","guid":{"rendered":"https:\/\/www.cuesystem.com\/vorteile\/"},"modified":"2025-06-09T20:45:23","modified_gmt":"2025-06-09T18:45:23","slug":"vorteile","status":"publish","type":"page","link":"https:\/\/www.cuesystem.com\/de\/verwalten-sie\/vorteile\/","title":{"rendered":"Vorteile"},"content":{"rendered":"\t\t<div data-elementor-type=\"wp-page\" data-elementor-id=\"29764\" class=\"elementor elementor-29764 elementor-120\" data-elementor-post-type=\"page\">\n\t\t\t\t<div class=\"elementor-element elementor-element-cd2e7df e-flex e-con-boxed e-con e-parent\" data-id=\"cd2e7df\" data-element_type=\"container\" data-e-type=\"container\">\n\t\t\t\t\t<div class=\"e-con-inner\">\n\t\t\t\t<div class=\"elementor-element elementor-element-58cbe37 elementor-widget elementor-widget-heading\" data-id=\"58cbe37\" data-element_type=\"widget\" data-e-type=\"widget\" data-widget_type=\"heading.default\">\n\t\t\t\t<div class=\"elementor-widget-container\">\n\t\t\t\t\t<h3 class=\"elementor-heading-title elementor-size-default\">Verwalten<\/h3>\t\t\t\t<\/div>\n\t\t\t\t<\/div>\n\t\t\t\t<div class=\"elementor-element elementor-element-2f726be elementor-widget elementor-widget-heading\" data-id=\"2f726be\" data-element_type=\"widget\" data-e-type=\"widget\" data-widget_type=\"heading.default\">\n\t\t\t\t<div class=\"elementor-widget-container\">\n\t\t\t\t\t<h1 class=\"elementor-heading-title elementor-size-default\">Vorteile<\/h1>\t\t\t\t<\/div>\n\t\t\t\t<\/div>\n\t\t\t\t\t<\/div>\n\t\t\t\t<\/div>\n\t\t<div class=\"elementor-element elementor-element-3c15c1b e-flex e-con-boxed e-con e-parent\" data-id=\"3c15c1b\" data-element_type=\"container\" data-e-type=\"container\">\n\t\t\t\t\t<div class=\"e-con-inner\">\n\t\t<div class=\"elementor-element elementor-element-93c12c8 e-flex e-con-boxed e-con e-child\" data-id=\"93c12c8\" data-element_type=\"container\" data-e-type=\"container\">\n\t\t\t\t\t<div class=\"e-con-inner\">\n\t\t<div class=\"elementor-element elementor-element-e7a5e69 e-flex e-con-boxed e-con e-child\" data-id=\"e7a5e69\" data-element_type=\"container\" data-e-type=\"container\">\n\t\t\t\t\t<div class=\"e-con-inner\">\n\t\t\t\t<div class=\"elementor-element elementor-element-15c488a elementor-widget elementor-widget-text-editor\" data-id=\"15c488a\" data-element_type=\"widget\" data-e-type=\"widget\" data-widget_type=\"text-editor.default\">\n\t\t\t\t<div class=\"elementor-widget-container\">\n\t\t\t\t\t\t\t\t\t<p>Die zentrale Verwaltung von Ger\u00e4ten und Software umfasst die <strong>\u00dcberwachung mehrerer Ger\u00e4te und Softwareanwendungen sowie deren Steuerung<\/strong> von einem zentralen Ort aus.<\/p><p>Zusammenfassend bietet die zentrale Verwaltung von Ger\u00e4ten und Software eine <strong>Reihe von Vorteilen<\/strong>, die zu mehr Effizienz, Sicherheit und einer h\u00f6heren Gesamtleistung der Organisation beitragen. Sie erm\u00f6glicht einen proaktiveren und effizienteren Ansatz in der Systemadministration und unterst\u00fctzt Organisationen dabei, sich an ver\u00e4nderte Anforderungen und technologische Entwicklungen anzupassen. <\/p>\t\t\t\t\t\t\t\t<\/div>\n\t\t\t\t<\/div>\n\t\t\t\t\t<\/div>\n\t\t\t\t<\/div>\n\t\t\t\t\t<\/div>\n\t\t\t\t<\/div>\n\t\t\t\t\t<\/div>\n\t\t\t\t<\/div>\n\t\t<div class=\"elementor-element elementor-element-9e4b400 e-flex e-con-boxed e-con e-parent\" data-id=\"9e4b400\" data-element_type=\"container\" data-e-type=\"container\">\n\t\t\t\t\t<div class=\"e-con-inner\">\n\t\t<div class=\"elementor-element elementor-element-ee50f07 e-flex e-con-boxed e-con e-child\" data-id=\"ee50f07\" data-element_type=\"container\" data-e-type=\"container\">\n\t\t\t\t\t<div class=\"e-con-inner\">\n\t\t\t\t<div class=\"elementor-element elementor-element-d9aaed5 elementor-widget elementor-widget-heading\" data-id=\"d9aaed5\" data-element_type=\"widget\" data-e-type=\"widget\" data-widget_type=\"heading.default\">\n\t\t\t\t<div class=\"elementor-widget-container\">\n\t\t\t\t\t<h3 class=\"elementor-heading-title elementor-size-default\"><span style=\"font-size: 20.8px\">Effiziente Ressourcennutzung<\/span><\/h3>\t\t\t\t<\/div>\n\t\t\t\t<\/div>\n\t\t\t\t<div class=\"elementor-element elementor-element-2b43703 elementor-widget elementor-widget-text-editor\" data-id=\"2b43703\" data-element_type=\"widget\" data-e-type=\"widget\" data-widget_type=\"text-editor.default\">\n\t\t\t\t<div class=\"elementor-widget-container\">\n\t\t\t\t\t\t\t\t\t<p>Die zentralisierte Verwaltung erm\u00f6glicht eine <strong>effizientere Zuteilung und Nutzung von Ressourcen<\/strong> wie Hardware, Softwarelizenzen und Netzwerkbandbreite. Administratoren k\u00f6nnen diese Ressourcen basierend auf den tats\u00e4chlichen Bed\u00fcrfnissen der Organisation optimieren. <\/p>\t\t\t\t\t\t\t\t<\/div>\n\t\t\t\t<\/div>\n\t\t\t\t\t<\/div>\n\t\t\t\t<\/div>\n\t\t<div class=\"elementor-element elementor-element-102323e e-flex e-con-boxed e-con e-child\" data-id=\"102323e\" data-element_type=\"container\" data-e-type=\"container\">\n\t\t\t\t\t<div class=\"e-con-inner\">\n\t\t\t\t<div class=\"elementor-element elementor-element-76df54c elementor-widget elementor-widget-heading\" data-id=\"76df54c\" data-element_type=\"widget\" data-e-type=\"widget\" data-widget_type=\"heading.default\">\n\t\t\t\t<div class=\"elementor-widget-container\">\n\t\t\t\t\t<h3 class=\"elementor-heading-title elementor-size-default\">Vereinfachte Updates und Patch-Management<\/h3>\t\t\t\t<\/div>\n\t\t\t\t<\/div>\n\t\t\t\t<div class=\"elementor-element elementor-element-97412fe elementor-widget elementor-widget-text-editor\" data-id=\"97412fe\" data-element_type=\"widget\" data-e-type=\"widget\" data-widget_type=\"text-editor.default\">\n\t\t\t\t<div class=\"elementor-widget-container\">\n\t\t\t\t\t\t\t\t\t<p>Die zentralisierte Verwaltung <strong>erleichtert die Bereitstellung von Updates, Patches und Sicherheitskorrekturen<\/strong> auf allen Ger\u00e4ten und Softwareanwendungen. Dadurch wird sichergestellt, dass die Systeme stets aktuell sind und vor Sicherheitsl\u00fccken gesch\u00fctzt bleiben. <\/p>\t\t\t\t\t\t\t\t<\/div>\n\t\t\t\t<\/div>\n\t\t\t\t\t<\/div>\n\t\t\t\t<\/div>\n\t\t<div class=\"elementor-element elementor-element-62c6b2d e-flex e-con-boxed e-con e-child\" data-id=\"62c6b2d\" data-element_type=\"container\" data-e-type=\"container\">\n\t\t\t\t\t<div class=\"e-con-inner\">\n\t\t\t\t<div class=\"elementor-element elementor-element-f7ac3a1 elementor-widget elementor-widget-heading\" data-id=\"f7ac3a1\" data-element_type=\"widget\" data-e-type=\"widget\" data-widget_type=\"heading.default\">\n\t\t\t\t<div class=\"elementor-widget-container\">\n\t\t\t\t\t<h3 class=\"elementor-heading-title elementor-size-default\"><span style=\"font-size: 20.8px\">Reduzierte Ausfallzeiten<\/span><\/h3>\t\t\t\t<\/div>\n\t\t\t\t<\/div>\n\t\t\t\t<div class=\"elementor-element elementor-element-be53785 elementor-widget elementor-widget-text-editor\" data-id=\"be53785\" data-element_type=\"widget\" data-e-type=\"widget\" data-widget_type=\"text-editor.default\">\n\t\t\t\t<div class=\"elementor-widget-container\">\n\t\t\t\t\t\t\t\t\t<p>Dank zentraler \u00dcberwachung und Verwaltung von Ger\u00e4ten und Software k\u00f6nnen Administratoren <strong>Probleme schnell identifizieren und beheben<\/strong>, wodurch Ausfallzeiten minimiert werden. Dieser proaktive Ansatz tr\u00e4gt dazu bei, die Zuverl\u00e4ssigkeit und Verf\u00fcgbarkeit des Systems aufrechtzuerhalten. <\/p>\t\t\t\t\t\t\t\t<\/div>\n\t\t\t\t<\/div>\n\t\t\t\t\t<\/div>\n\t\t\t\t<\/div>\n\t\t<div class=\"elementor-element elementor-element-7bafbcf e-flex e-con-boxed e-con e-child\" data-id=\"7bafbcf\" data-element_type=\"container\" data-e-type=\"container\">\n\t\t\t\t\t<div class=\"e-con-inner\">\n\t\t\t\t<div class=\"elementor-element elementor-element-dd09cc3 elementor-widget elementor-widget-heading\" data-id=\"dd09cc3\" data-element_type=\"widget\" data-e-type=\"widget\" data-widget_type=\"heading.default\">\n\t\t\t\t<div class=\"elementor-widget-container\">\n\t\t\t\t\t<h3 class=\"elementor-heading-title elementor-size-default\">Erh\u00f6hte Sicherheit<\/h3>\t\t\t\t<\/div>\n\t\t\t\t<\/div>\n\t\t\t\t<div class=\"elementor-element elementor-element-bbf3a43 elementor-widget elementor-widget-text-editor\" data-id=\"bbf3a43\" data-element_type=\"widget\" data-e-type=\"widget\" data-widget_type=\"text-editor.default\">\n\t\t\t\t<div class=\"elementor-widget-container\">\n\t\t\t\t\t\t\t\t\t<p>Die zentralisierte Verwaltung erm\u00f6glicht die Durchsetzung von Sicherheitsrichtlinien und die Umsetzung <strong>einheitlicher Schutzma\u00dfnahmen<\/strong> auf allen Ger\u00e4ten und in s\u00e4mtlicher Software. Sie tr\u00e4gt dazu bei, die Einhaltung von Sicherheitsstandards sicherzustellen und vor potenziellen Bedrohungen zu sch\u00fctzen. <\/p>\t\t\t\t\t\t\t\t<\/div>\n\t\t\t\t<\/div>\n\t\t\t\t\t<\/div>\n\t\t\t\t<\/div>\n\t\t<div class=\"elementor-element elementor-element-b509697 e-flex e-con-boxed e-con e-child\" data-id=\"b509697\" data-element_type=\"container\" data-e-type=\"container\">\n\t\t\t\t\t<div class=\"e-con-inner\">\n\t\t\t\t<div class=\"elementor-element elementor-element-08555a1 elementor-widget elementor-widget-heading\" data-id=\"08555a1\" data-element_type=\"widget\" data-e-type=\"widget\" data-widget_type=\"heading.default\">\n\t\t\t\t<div class=\"elementor-widget-container\">\n\t\t\t\t\t<h3 class=\"elementor-heading-title elementor-size-default\">Vereinfachte Fehlerbehebung<\/h3>\t\t\t\t<\/div>\n\t\t\t\t<\/div>\n\t\t\t\t<div class=\"elementor-element elementor-element-39154d0 elementor-widget elementor-widget-text-editor\" data-id=\"39154d0\" data-element_type=\"widget\" data-e-type=\"widget\" data-widget_type=\"text-editor.default\">\n\t\t\t\t<div class=\"elementor-widget-container\">\n\t\t\t\t\t\t\t\t\t<p>Die Fehlerbehebung ist dank zentralisierter Verwaltung effizienter, da Administratoren <strong>Probleme aus der Ferne diagnostizieren und beheben<\/strong> k\u00f6nnen, ohne physischen Zugriff auf jedes einzelne Ger\u00e4t zu ben\u00f6tigen. Dies ist besonders wertvoll in gro\u00dfen oder geografisch verteilten Organisationen. <\/p>\t\t\t\t\t\t\t\t<\/div>\n\t\t\t\t<\/div>\n\t\t\t\t\t<\/div>\n\t\t\t\t<\/div>\n\t\t<div class=\"elementor-element elementor-element-3e9229c e-flex e-con-boxed e-con e-child\" data-id=\"3e9229c\" data-element_type=\"container\" data-e-type=\"container\">\n\t\t\t\t\t<div class=\"e-con-inner\">\n\t\t\t\t<div class=\"elementor-element elementor-element-4a64212 elementor-widget elementor-widget-heading\" data-id=\"4a64212\" data-element_type=\"widget\" data-e-type=\"widget\" data-widget_type=\"heading.default\">\n\t\t\t\t<div class=\"elementor-widget-container\">\n\t\t\t\t\t<h3 class=\"elementor-heading-title elementor-size-default\">Kosteneinsparungen<\/h3>\t\t\t\t<\/div>\n\t\t\t\t<\/div>\n\t\t\t\t<div class=\"elementor-element elementor-element-258efaa elementor-widget elementor-widget-text-editor\" data-id=\"258efaa\" data-element_type=\"widget\" data-e-type=\"widget\" data-widget_type=\"text-editor.default\">\n\t\t\t\t<div class=\"elementor-widget-container\">\n\t\t\t\t\t\t\t\t\t<p>Die zentralisierte Verwaltung kann zu Kosteneinsparungen f\u00fchren, indem der <strong>Bedarf an Vor-Ort-Support reduziert,<\/strong> Ausfallzeiten minimiert und die Ressourcennutzung optimiert wird. Sie erm\u00f6glicht zudem ein besseres Lizenzmanagement und hilft, unn\u00f6tige Softwarek\u00e4ufe zu vermeiden. <\/p>\t\t\t\t\t\t\t\t<\/div>\n\t\t\t\t<\/div>\n\t\t\t\t\t<\/div>\n\t\t\t\t<\/div>\n\t\t<div class=\"elementor-element elementor-element-ab64c90 e-flex e-con-boxed e-con e-child\" data-id=\"ab64c90\" data-element_type=\"container\" data-e-type=\"container\">\n\t\t\t\t\t<div class=\"e-con-inner\">\n\t\t\t\t<div class=\"elementor-element elementor-element-dbf93af elementor-widget elementor-widget-heading\" data-id=\"dbf93af\" data-element_type=\"widget\" data-e-type=\"widget\" data-widget_type=\"heading.default\">\n\t\t\t\t<div class=\"elementor-widget-container\">\n\t\t\t\t\t<h3 class=\"elementor-heading-title elementor-size-default\">Bessere Produktivit\u00e4t<\/h3>\t\t\t\t<\/div>\n\t\t\t\t<\/div>\n\t\t\t\t<div class=\"elementor-element elementor-element-04910ae elementor-widget elementor-widget-text-editor\" data-id=\"04910ae\" data-element_type=\"widget\" data-e-type=\"widget\" data-widget_type=\"text-editor.default\">\n\t\t\t\t<div class=\"elementor-widget-container\">\n\t\t\t\t\t\t\t\t\t<p>Benutzer profitieren von einem <strong>zuverl\u00e4ssigeren und dauerhaft leistungsf\u00e4higeren<\/strong> System, was die Produktivit\u00e4t steigert. Die zentralisierte Verwaltung tr\u00e4gt dazu bei, dass Mitarbeitende ohne Unterbrechung Zugriff auf die ben\u00f6tigten Tools und Ressourcen haben. <\/p>\t\t\t\t\t\t\t\t<\/div>\n\t\t\t\t<\/div>\n\t\t\t\t\t<\/div>\n\t\t\t\t<\/div>\n\t\t<div class=\"elementor-element elementor-element-ae2bfad e-flex e-con-boxed e-con e-child\" data-id=\"ae2bfad\" data-element_type=\"container\" data-e-type=\"container\">\n\t\t\t\t\t<div class=\"e-con-inner\">\n\t\t\t\t<div class=\"elementor-element elementor-element-005b6ad elementor-widget elementor-widget-heading\" data-id=\"005b6ad\" data-element_type=\"widget\" data-e-type=\"widget\" data-widget_type=\"heading.default\">\n\t\t\t\t<div class=\"elementor-widget-container\">\n\t\t\t\t\t<h3 class=\"elementor-heading-title elementor-size-default\">Umfassendes Monitoring und Reporting<\/h3>\t\t\t\t<\/div>\n\t\t\t\t<\/div>\n\t\t\t\t<div class=\"elementor-element elementor-element-1f0d536 elementor-widget elementor-widget-text-editor\" data-id=\"1f0d536\" data-element_type=\"widget\" data-e-type=\"widget\" data-widget_type=\"text-editor.default\">\n\t\t\t\t<div class=\"elementor-widget-container\">\n\t\t\t\t\t\t\t\t\t<p>Zentralisierte Managementsysteme bieten h\u00e4ufig <strong>robuste \u00dcberwachungs- und Berichterstattungsfunktionen<\/strong>. Administratoren k\u00f6nnen die Leistung, Nutzung und Compliance von Ger\u00e4ten und Software nachverfolgen, was datengest\u00fctzte Entscheidungen erm\u00f6glicht. <\/p>\t\t\t\t\t\t\t\t<\/div>\n\t\t\t\t<\/div>\n\t\t\t\t\t<\/div>\n\t\t\t\t<\/div>\n\t\t<div class=\"elementor-element elementor-element-43e8f91 e-flex e-con-boxed e-con e-child\" data-id=\"43e8f91\" data-element_type=\"container\" data-e-type=\"container\">\n\t\t\t\t\t<div class=\"e-con-inner\">\n\t\t\t\t<div class=\"elementor-element elementor-element-4d9141b elementor-widget elementor-widget-heading\" data-id=\"4d9141b\" data-element_type=\"widget\" data-e-type=\"widget\" data-widget_type=\"heading.default\">\n\t\t\t\t<div class=\"elementor-widget-container\">\n\t\t\t\t\t<h3 class=\"elementor-heading-title elementor-size-default\">Vereinfachtes Compliance-Management<\/h3>\t\t\t\t<\/div>\n\t\t\t\t<\/div>\n\t\t\t\t<div class=\"elementor-element elementor-element-c1d4099 elementor-widget elementor-widget-text-editor\" data-id=\"c1d4099\" data-element_type=\"widget\" data-e-type=\"widget\" data-widget_type=\"text-editor.default\">\n\t\t\t\t<div class=\"elementor-widget-container\">\n\t\t\t\t\t\t\t\t\t<p>Unternehmen in regulierten Branchen k\u00f6nnen die zentralisierte Verwaltung nutzen, um die <strong>Einhaltung branchenspezifischer Vorschriften und Standards durchzusetzen und zu \u00fcberwachen<\/strong>. Dadurch wird sichergestellt, dass alle Ger\u00e4te und Software die erforderlichen Compliance-Anforderungen erf\u00fcllen. <\/p>\t\t\t\t\t\t\t\t<\/div>\n\t\t\t\t<\/div>\n\t\t\t\t\t<\/div>\n\t\t\t\t<\/div>\n\t\t<div class=\"elementor-element elementor-element-13a13d2 e-flex e-con-boxed e-con e-child\" data-id=\"13a13d2\" data-element_type=\"container\" data-e-type=\"container\">\n\t\t\t\t\t<div class=\"e-con-inner\">\n\t\t\t\t<div class=\"elementor-element elementor-element-8297d5a elementor-widget elementor-widget-heading\" data-id=\"8297d5a\" data-element_type=\"widget\" data-e-type=\"widget\" data-widget_type=\"heading.default\">\n\t\t\t\t<div class=\"elementor-widget-container\">\n\t\t\t\t\t<h3 class=\"elementor-heading-title elementor-size-default\">Skalierbarkeit<\/h3>\t\t\t\t<\/div>\n\t\t\t\t<\/div>\n\t\t\t\t<div class=\"elementor-element elementor-element-f179a0c elementor-widget elementor-widget-text-editor\" data-id=\"f179a0c\" data-element_type=\"widget\" data-e-type=\"widget\" data-widget_type=\"text-editor.default\">\n\t\t\t\t<div class=\"elementor-widget-container\">\n\t\t\t\t\t\t\t\t\t<p>Zentralisierte Verwaltungssysteme sind so konzipiert, dass sie <strong>mit den wachsenden Anforderungen<\/strong> einer Organisation skalierbar sind. Mit der zunehmenden Anzahl von Ger\u00e4ten und Softwareanwendungen kann die Infrastruktur der zentralisierten Verwaltung erweitert werden, um dem Wachstum gerecht zu werden. <\/p>\t\t\t\t\t\t\t\t<\/div>\n\t\t\t\t<\/div>\n\t\t\t\t\t<\/div>\n\t\t\t\t<\/div>\n\t\t\t\t\t<\/div>\n\t\t\t\t<\/div>\n\t\t\t\t<\/div>\n\t\t","protected":false},"excerpt":{"rendered":"<p>Verwalten Vorteile Die zentrale Verwaltung von Ger\u00e4ten und Software umfasst die \u00dcberwachung mehrerer Ger\u00e4te und Softwareanwendungen sowie deren Steuerung von einem zentralen Ort aus. Zusammenfassend bietet die zentrale Verwaltung von Ger\u00e4ten und Software eine Reihe von Vorteilen, die zu mehr Effizienz, Sicherheit und einer h\u00f6heren Gesamtleistung der Organisation beitragen. Sie erm\u00f6glicht einen proaktiveren und effizienteren <a href=\"https:\/\/www.cuesystem.com\/de\/verwalten-sie\/vorteile\/\" class=\"more-link\">\u2026\u00a0<span class=\"screen-reader-text\">  Vorteile<\/span><\/a><\/p>\n","protected":false},"author":5,"featured_media":0,"parent":29766,"menu_order":512,"comment_status":"closed","ping_status":"closed","template":"","meta":{"_acf_changed":false,"inline_featured_image":false,"footnotes":""},"kategorie":[],"class_list":["post-29764","page","type-page","status-publish","hentry"],"acf":[],"_links":{"self":[{"href":"https:\/\/www.cuesystem.com\/de\/wp-json\/wp\/v2\/pages\/29764","targetHints":{"allow":["GET"]}}],"collection":[{"href":"https:\/\/www.cuesystem.com\/de\/wp-json\/wp\/v2\/pages"}],"about":[{"href":"https:\/\/www.cuesystem.com\/de\/wp-json\/wp\/v2\/types\/page"}],"author":[{"embeddable":true,"href":"https:\/\/www.cuesystem.com\/de\/wp-json\/wp\/v2\/users\/5"}],"replies":[{"embeddable":true,"href":"https:\/\/www.cuesystem.com\/de\/wp-json\/wp\/v2\/comments?post=29764"}],"version-history":[{"count":5,"href":"https:\/\/www.cuesystem.com\/de\/wp-json\/wp\/v2\/pages\/29764\/revisions"}],"predecessor-version":[{"id":30997,"href":"https:\/\/www.cuesystem.com\/de\/wp-json\/wp\/v2\/pages\/29764\/revisions\/30997"}],"up":[{"embeddable":true,"href":"https:\/\/www.cuesystem.com\/de\/wp-json\/wp\/v2\/pages\/29766"}],"wp:attachment":[{"href":"https:\/\/www.cuesystem.com\/de\/wp-json\/wp\/v2\/media?parent=29764"}],"wp:term":[{"taxonomy":"kategorie","embeddable":true,"href":"https:\/\/www.cuesystem.com\/de\/wp-json\/wp\/v2\/kategorie?post=29764"}],"curies":[{"name":"wp","href":"https:\/\/api.w.org\/{rel}","templated":true}]}}