{"id":30135,"date":"2025-04-25T13:02:46","date_gmt":"2025-04-25T11:02:46","guid":{"rendered":"https:\/\/www.cuesystem.com\/skoda-auto-laurin-klement-kampus\/"},"modified":"2025-08-01T14:29:38","modified_gmt":"2025-08-01T12:29:38","slug":"skoda-auto-laurin-klement-kampus","status":"publish","type":"page","link":"https:\/\/www.cuesystem.com\/de\/fallstudien-2\/skoda-auto-laurin-klement-kampus\/","title":{"rendered":"\u0160koda Auto: Laurin &amp; Klement Kampus"},"content":{"rendered":"\t\t<div data-elementor-type=\"wp-page\" data-elementor-id=\"30135\" class=\"elementor elementor-30135 elementor-29984\" data-elementor-post-type=\"page\">\n\t\t\t\t<div class=\"elementor-element elementor-element-ed27183 e-con-full e-flex e-con e-child\" data-id=\"ed27183\" data-element_type=\"container\" data-e-type=\"container\">\n\t\t\t\t<div class=\"elementor-element elementor-element-128a18a elementor-widget elementor-widget-heading\" data-id=\"128a18a\" data-element_type=\"widget\" data-e-type=\"widget\" data-widget_type=\"heading.default\">\n\t\t\t\t<div class=\"elementor-widget-container\">\n\t\t\t\t\t<h3 class=\"elementor-heading-title elementor-size-default\">Fallstudie<\/h3>\t\t\t\t<\/div>\n\t\t\t\t<\/div>\n\t\t\t\t<div class=\"elementor-element elementor-element-482c516 elementor-widget elementor-widget-heading\" data-id=\"482c516\" data-element_type=\"widget\" data-e-type=\"widget\" data-widget_type=\"heading.default\">\n\t\t\t\t<div class=\"elementor-widget-container\">\n\t\t\t\t\t<h1 class=\"elementor-heading-title elementor-size-default\">\u0160koda Auto: Laurin &amp; Klement Kampus<\/h1>\t\t\t\t<\/div>\n\t\t\t\t<\/div>\n\t\t\t\t<div class=\"elementor-element elementor-element-dbaa5f0 elementor-widget-divider--view-line elementor-widget elementor-widget-divider\" data-id=\"dbaa5f0\" data-element_type=\"widget\" data-e-type=\"widget\" data-widget_type=\"divider.default\">\n\t\t\t\t<div class=\"elementor-widget-container\">\n\t\t\t\t\t\t\t<div class=\"elementor-divider\">\n\t\t\t<span class=\"elementor-divider-separator\">\n\t\t\t\t\t\t<\/span>\n\t\t<\/div>\n\t\t\t\t\t\t<\/div>\n\t\t\t\t<\/div>\n\t\t<div class=\"elementor-element elementor-element-63427fe e-grid e-con-boxed e-con e-child\" data-id=\"63427fe\" data-element_type=\"container\" data-e-type=\"container\">\n\t\t\t\t\t<div class=\"e-con-inner\">\n\t\t<div class=\"elementor-element elementor-element-17dd935 e-con-full e-flex e-con e-child\" data-id=\"17dd935\" data-element_type=\"container\" data-e-type=\"container\">\n\t\t\t\t<div class=\"elementor-element elementor-element-50578e4 elementor-widget elementor-widget-heading\" data-id=\"50578e4\" data-element_type=\"widget\" data-e-type=\"widget\" data-widget_type=\"heading.default\">\n\t\t\t\t<div class=\"elementor-widget-container\">\n\t\t\t\t\t<h2 class=\"elementor-heading-title elementor-size-default\">Die Herausforderung<\/h2>\t\t\t\t<\/div>\n\t\t\t\t<\/div>\n\t\t\t\t<div class=\"elementor-element elementor-element-a8eb09d elementor-widget elementor-widget-text-editor\" data-id=\"a8eb09d\" data-element_type=\"widget\" data-e-type=\"widget\" data-widget_type=\"text-editor.default\">\n\t\t\t\t<div class=\"elementor-widget-container\">\n\t\t\t\t\t\t\t\t\t<p>Der neue Hauptsitz von <a href=\"https:\/\/www.skoda-auto.com\/\"><strong>\u0160koda Auto<\/strong><\/a> \u2013 der <a href=\"https:\/\/www.skoda-storyboard.com\/en\/press-releases\/laurin-klement-kampus-construction-of-skoda-autos-new-headquarters-completed\/\"><strong>Laurin &amp; Klement Kampus (LKK)<\/strong><\/a> in Mlad\u00e1 Boleslav \u2013 ben\u00f6tigte eine <strong>hochmoderne L\u00f6sung<\/strong> zur <strong>Verwaltung<\/strong> der <strong>Besprechungsraum-Reservierungen<\/strong> f\u00fcr seine rund <strong>2.000 Mitarbeitende<\/strong>.<\/p><p>Ziel war es, einen <strong>reibungslosen Ablauf <\/strong>\u00fcber <strong>mehrere Abteilungen<\/strong> hinweg innerhalb des neuen Komplexes zu gew\u00e4hrleisten. Das System sollte sich in die <strong>Microsoft-365-Kalender integrieren<\/strong>, eine \u00fcbersichtliche Anzeige der Raumverf\u00fcgbarkeit bieten und gleichzeitig eine <strong>einfache Bedienung<\/strong> sowie <strong>zentrale Verwaltung<\/strong> aller Ger\u00e4te erm\u00f6glichen. <\/p>\t\t\t\t\t\t\t\t<\/div>\n\t\t\t\t<\/div>\n\t\t\t\t<\/div>\n\t\t<div class=\"elementor-element elementor-element-2449cdb e-con-full e-flex e-con e-child\" data-id=\"2449cdb\" data-element_type=\"container\" data-e-type=\"container\">\n\t\t\t\t<div class=\"elementor-element elementor-element-068a751 elementor-widget elementor-widget-image\" data-id=\"068a751\" data-element_type=\"widget\" data-e-type=\"widget\" data-widget_type=\"image.default\">\n\t\t\t\t<div class=\"elementor-widget-container\">\n\t\t\t\t\t\t\t\t\t\t\t\t\t\t\t\t<a href=\"https:\/\/www.cuesystem.com\/wp-content\/uploads\/2025\/04\/Image.webp\" data-elementor-open-lightbox=\"yes\" data-e-action-hash=\"#elementor-action%3Aaction%3Dlightbox%26settings%3DeyJpZCI6MzAwMjEsInVybCI6Imh0dHBzOlwvXC93d3cuY3Vlc3lzdGVtLmNvbVwvd3AtY29udGVudFwvdXBsb2Fkc1wvMjAyNVwvMDRcL0ltYWdlLndlYnAifQ%3D%3D\">\n\t\t\t\t\t\t\t<img fetchpriority=\"high\" decoding=\"async\" width=\"684\" height=\"392\" src=\"https:\/\/www.cuesystem.com\/wp-content\/uploads\/2025\/04\/Image.webp\" class=\"attachment-large size-large wp-image-30021\" alt=\"\" srcset=\"https:\/\/www.cuesystem.com\/wp-content\/uploads\/2025\/04\/Image.webp 684w, https:\/\/www.cuesystem.com\/wp-content\/uploads\/2025\/04\/Image-300x172.webp 300w\" sizes=\"(max-width: 684px) 100vw, 684px\" \/>\t\t\t\t\t\t\t\t<\/a>\n\t\t\t\t\t\t\t\t\t\t\t\t\t\t\t<\/div>\n\t\t\t\t<\/div>\n\t\t\t\t<\/div>\n\t\t\t\t\t<\/div>\n\t\t\t\t<\/div>\n\t\t<div class=\"elementor-element elementor-element-e8dad8f e-grid e-con-boxed e-con e-child\" data-id=\"e8dad8f\" data-element_type=\"container\" data-e-type=\"container\">\n\t\t\t\t\t<div class=\"e-con-inner\">\n\t\t<div class=\"elementor-element elementor-element-230850b e-con-full e-flex e-con e-child\" data-id=\"230850b\" data-element_type=\"container\" data-e-type=\"container\">\n\t\t\t\t<div class=\"elementor-element elementor-element-0d1e5f8 elementor-widget elementor-widget-image\" data-id=\"0d1e5f8\" data-element_type=\"widget\" data-e-type=\"widget\" data-widget_type=\"image.default\">\n\t\t\t\t<div class=\"elementor-widget-container\">\n\t\t\t\t\t\t\t\t\t\t\t\t\t\t\t<img decoding=\"async\" width=\"1024\" height=\"576\" src=\"https:\/\/www.cuesystem.com\/wp-content\/uploads\/2025\/04\/01-skoda-logo-picturemark-1024x576.webp\" class=\"attachment-large size-large wp-image-30001\" alt=\"\" srcset=\"https:\/\/www.cuesystem.com\/wp-content\/uploads\/2025\/04\/01-skoda-logo-picturemark-1024x576.webp 1024w, https:\/\/www.cuesystem.com\/wp-content\/uploads\/2025\/04\/01-skoda-logo-picturemark-300x169.webp 300w, https:\/\/www.cuesystem.com\/wp-content\/uploads\/2025\/04\/01-skoda-logo-picturemark.webp 1200w\" sizes=\"(max-width: 1024px) 100vw, 1024px\" \/>\t\t\t\t\t\t\t\t\t\t\t\t\t\t\t<\/div>\n\t\t\t\t<\/div>\n\t\t\t\t<\/div>\n\t\t<div class=\"elementor-element elementor-element-2e738c0 e-con-full e-flex e-con e-child\" data-id=\"2e738c0\" data-element_type=\"container\" data-e-type=\"container\">\n\t\t\t\t<div class=\"elementor-element elementor-element-f07f59a elementor-widget elementor-widget-heading\" data-id=\"f07f59a\" data-element_type=\"widget\" data-e-type=\"widget\" data-widget_type=\"heading.default\">\n\t\t\t\t<div class=\"elementor-widget-container\">\n\t\t\t\t\t<h2 class=\"elementor-heading-title elementor-size-default\">\u00dcber \u0160koda Auto\n\n<\/h2>\t\t\t\t<\/div>\n\t\t\t\t<\/div>\n\t\t\t\t<div class=\"elementor-element elementor-element-49c6b92 elementor-widget elementor-widget-text-editor\" data-id=\"49c6b92\" data-element_type=\"widget\" data-e-type=\"widget\" data-widget_type=\"text-editor.default\">\n\t\t\t\t<div class=\"elementor-widget-container\">\n\t\t\t\t\t\t\t\t\t<p><a href=\"https:\/\/www.skoda-auto.com\/\"><strong>\u0160koda Auto<\/strong><\/a> ist einer der <strong>gr\u00f6\u00dften Automobilhersteller<\/strong> in Tschechien und legt gro\u00dfen Wert auf <strong>Innovation<\/strong>, <strong>Nachhaltigkeit<\/strong> und <strong>Zusammenarbeit der Mitarbeiter<\/strong>. Der <a href=\"https:\/\/www.skoda-storyboard.com\/en\/press-releases\/laurin-klement-kampus-construction-of-skoda-autos-new-headquarters-completed\/\"><strong>Laurin &amp; Klement Kampus<\/strong><\/a> wurde so konzipiert, dass er dieses Selbstverst\u00e4ndnis widerspiegelt \u2013 mit <strong>modernen<\/strong>, <strong>technologisch fortschrittlichen<\/strong> Arbeitsumgebungen. <\/p><p>Das Projekt wurde von <a href=\"https:\/\/mitel.cz\/en\/\"><strong>Mitel<\/strong><\/a> umgesetzt.<\/p>\t\t\t\t\t\t\t\t<\/div>\n\t\t\t\t<\/div>\n\t\t\t\t<\/div>\n\t\t\t\t\t<\/div>\n\t\t\t\t<\/div>\n\t\t<div class=\"elementor-element elementor-element-f981228 e-grid e-con-boxed e-con e-child\" data-id=\"f981228\" data-element_type=\"container\" data-e-type=\"container\">\n\t\t\t\t\t<div class=\"e-con-inner\">\n\t\t<div class=\"elementor-element elementor-element-b7cc560 e-con-full e-flex e-con e-child\" data-id=\"b7cc560\" data-element_type=\"container\" data-e-type=\"container\">\n\t\t\t\t<div class=\"elementor-element elementor-element-ede4a1b elementor-widget elementor-widget-heading\" data-id=\"ede4a1b\" data-element_type=\"widget\" data-e-type=\"widget\" data-widget_type=\"heading.default\">\n\t\t\t\t<div class=\"elementor-widget-container\">\n\t\t\t\t\t<h2 class=\"elementor-heading-title elementor-size-default\">Unser L\u00f6sungsansatz<\/h2>\t\t\t\t<\/div>\n\t\t\t\t<\/div>\n\t\t\t\t<div class=\"elementor-element elementor-element-e149530 elementor-widget elementor-widget-text-editor\" data-id=\"e149530\" data-element_type=\"widget\" data-e-type=\"widget\" data-widget_type=\"text-editor.default\">\n\t\t\t\t<div class=\"elementor-widget-container\">\n\t\t\t\t\t\t\t\t\t<p><a href=\"https:\/\/www.cuesystem.com\/de\/\"><strong>CUE<\/strong><\/a> lieferte <strong>250 <a href=\"https:\/\/docs.cuesystem.com\/space\/PRODUCTS\/604766221\">touchONE-10-W<\/a><\/strong> <strong>Reservierungspanels<\/strong> f\u00fcr den gesamten <a href=\"https:\/\/www.skoda-storyboard.com\/en\/press-releases\/laurin-klement-kampus-construction-of-skoda-autos-new-headquarters-completed\/\"><strong>LKK-Komplex<\/strong><\/a>. Die Panels sind <strong>mit Microsoft 365 Kalendern verkn\u00fcpft<\/strong> und <strong>werden zentral<\/strong> \u00fcber <a href=\"https:\/\/www.cuesystem.com\/de\/cue-loesung\/\"><strong>CUE-Solution<\/strong><\/a> verwaltet. Ausgestattet mit <strong>LED-Anzeigen<\/strong> bieten sie eine <strong>klare Sichtbarkeit des Raumstatus<\/strong> und erleichtern den Mitarbeitenden das <strong>Auffinden<\/strong> und <strong>Nutzen<\/strong> von Besprechungsr\u00e4umen.  <\/p><p>Dieses <strong>benutzerfreundliche<\/strong> und <strong>informative <\/strong>System <strong>verbessert das Raummanagement<\/strong> erheblich und <strong>steigert die betriebliche Effizienz<\/strong> \u2013 ganz ohne physische Interaktion \u2013 und sorgt so f\u00fcr ein <strong>nahtloses Nutzererlebnis<\/strong> f\u00fcr alle Mitarbeitenden.<\/p>\t\t\t\t\t\t\t\t<\/div>\n\t\t\t\t<\/div>\n\t\t\t\t<div class=\"elementor-element elementor-element-d634733 elementor-widget elementor-widget-heading\" data-id=\"d634733\" data-element_type=\"widget\" data-e-type=\"widget\" data-widget_type=\"heading.default\">\n\t\t\t\t<div class=\"elementor-widget-container\">\n\t\t\t\t\t<h2 class=\"elementor-heading-title elementor-size-default\"><a href=\"https:\/\/www.skoda-storyboard.com\/en\/press-releases\/laurin-klement-kampus-construction-of-skoda-autos-new-headquarters-completed\/\">Mehr \u00fcber dieses Projekt hier.<\/a><\/h2>\t\t\t\t<\/div>\n\t\t\t\t<\/div>\n\t\t\t\t<\/div>\n\t\t<div class=\"elementor-element elementor-element-16cb9a4 e-con-full e-flex e-con e-child\" data-id=\"16cb9a4\" data-element_type=\"container\" data-e-type=\"container\">\n\t\t\t\t<div class=\"elementor-element elementor-element-4dd2077 elementor-widget elementor-widget-image\" data-id=\"4dd2077\" data-element_type=\"widget\" data-e-type=\"widget\" data-widget_type=\"image.default\">\n\t\t\t\t<div class=\"elementor-widget-container\">\n\t\t\t\t\t\t\t\t\t\t\t\t\t\t\t\t<a href=\"https:\/\/www.cuesystem.com\/wp-content\/uploads\/2025\/04\/20240820_110651.webp\" data-elementor-open-lightbox=\"yes\" data-e-action-hash=\"#elementor-action%3Aaction%3Dlightbox%26settings%3DeyJpZCI6MzAwMDYsInVybCI6Imh0dHBzOlwvXC93d3cuY3Vlc3lzdGVtLmNvbVwvd3AtY29udGVudFwvdXBsb2Fkc1wvMjAyNVwvMDRcLzIwMjQwODIwXzExMDY1MS53ZWJwIn0%3D\">\n\t\t\t\t\t\t\t<img decoding=\"async\" width=\"1024\" height=\"768\" src=\"https:\/\/www.cuesystem.com\/wp-content\/uploads\/2025\/04\/20240820_110651-1024x768.webp\" class=\"attachment-large size-large wp-image-30006\" alt=\"\" srcset=\"https:\/\/www.cuesystem.com\/wp-content\/uploads\/2025\/04\/20240820_110651-1024x768.webp 1024w, https:\/\/www.cuesystem.com\/wp-content\/uploads\/2025\/04\/20240820_110651-300x225.webp 300w\" sizes=\"(max-width: 1024px) 100vw, 1024px\" \/>\t\t\t\t\t\t\t\t<\/a>\n\t\t\t\t\t\t\t\t\t\t\t\t\t\t\t<\/div>\n\t\t\t\t<\/div>\n\t\t\t\t<\/div>\n\t\t\t\t\t<\/div>\n\t\t\t\t<\/div>\n\t\t<div class=\"elementor-element elementor-element-1c637f5 e-flex e-con-boxed e-con e-child\" data-id=\"1c637f5\" data-element_type=\"container\" data-e-type=\"container\">\n\t\t\t\t\t<div class=\"e-con-inner\">\n\t\t\t\t<div class=\"elementor-element elementor-element-af66434 elementor-widget elementor-widget-gallery\" data-id=\"af66434\" data-element_type=\"widget\" data-e-type=\"widget\" data-settings=\"{&quot;lazyload&quot;:&quot;yes&quot;,&quot;gallery_layout&quot;:&quot;grid&quot;,&quot;columns&quot;:4,&quot;columns_tablet&quot;:2,&quot;columns_mobile&quot;:1,&quot;gap&quot;:{&quot;unit&quot;:&quot;px&quot;,&quot;size&quot;:10,&quot;sizes&quot;:[]},&quot;gap_laptop&quot;:{&quot;unit&quot;:&quot;px&quot;,&quot;size&quot;:10,&quot;sizes&quot;:[]},&quot;gap_tablet_extra&quot;:{&quot;unit&quot;:&quot;px&quot;,&quot;size&quot;:10,&quot;sizes&quot;:[]},&quot;gap_tablet&quot;:{&quot;unit&quot;:&quot;px&quot;,&quot;size&quot;:10,&quot;sizes&quot;:[]},&quot;gap_mobile_extra&quot;:{&quot;unit&quot;:&quot;px&quot;,&quot;size&quot;:10,&quot;sizes&quot;:[]},&quot;gap_mobile&quot;:{&quot;unit&quot;:&quot;px&quot;,&quot;size&quot;:10,&quot;sizes&quot;:[]},&quot;link_to&quot;:&quot;file&quot;,&quot;aspect_ratio&quot;:&quot;3:2&quot;,&quot;overlay_background&quot;:&quot;yes&quot;,&quot;content_hover_animation&quot;:&quot;fade-in&quot;}\" data-widget_type=\"gallery.default\">\n\t\t\t\t<div class=\"elementor-widget-container\">\n\t\t\t\t\t\t\t<div class=\"elementor-gallery__container\">\n\t\t\t\t\t\t\t<a class=\"e-gallery-item elementor-gallery-item elementor-animated-content\" href=\"https:\/\/www.cuesystem.com\/wp-content\/uploads\/2025\/04\/20240820_110739-1.webp\" data-elementor-open-lightbox=\"yes\" data-elementor-lightbox-slideshow=\"af66434\" data-e-action-hash=\"#elementor-action%3Aaction%3Dlightbox%26settings%3DeyJpZCI6MzAwNDEsInVybCI6Imh0dHBzOlwvXC93d3cuY3Vlc3lzdGVtLmNvbVwvd3AtY29udGVudFwvdXBsb2Fkc1wvMjAyNVwvMDRcLzIwMjQwODIwXzExMDczOS0xLndlYnAiLCJzbGlkZXNob3ciOiJhZjY2NDM0In0%3D\">\n\t\t\t\t\t<div class=\"e-gallery-image elementor-gallery-item__image\" data-thumbnail=\"https:\/\/www.cuesystem.com\/wp-content\/uploads\/2025\/04\/20240820_110739-1-300x225.webp\" data-width=\"300\" data-height=\"225\" aria-label=\"\" role=\"img\" ><\/div>\n\t\t\t\t\t\t\t\t\t\t\t<div class=\"elementor-gallery-item__overlay\"><\/div>\n\t\t\t\t\t\t\t\t\t\t\t\t\t\t<\/a>\n\t\t\t\t\t\t\t<a class=\"e-gallery-item elementor-gallery-item elementor-animated-content\" href=\"https:\/\/www.cuesystem.com\/wp-content\/uploads\/2025\/04\/IMG_5328-1.webp\" data-elementor-open-lightbox=\"yes\" data-elementor-lightbox-slideshow=\"af66434\" data-e-action-hash=\"#elementor-action%3Aaction%3Dlightbox%26settings%3DeyJpZCI6MzAwNTYsInVybCI6Imh0dHBzOlwvXC93d3cuY3Vlc3lzdGVtLmNvbVwvd3AtY29udGVudFwvdXBsb2Fkc1wvMjAyNVwvMDRcL0lNR181MzI4LTEud2VicCIsInNsaWRlc2hvdyI6ImFmNjY0MzQifQ%3D%3D\">\n\t\t\t\t\t<div class=\"e-gallery-image elementor-gallery-item__image\" data-thumbnail=\"https:\/\/www.cuesystem.com\/wp-content\/uploads\/2025\/04\/IMG_5328-1-300x225.webp\" data-width=\"300\" data-height=\"225\" aria-label=\"\" role=\"img\" ><\/div>\n\t\t\t\t\t\t\t\t\t\t\t<div class=\"elementor-gallery-item__overlay\"><\/div>\n\t\t\t\t\t\t\t\t\t\t\t\t\t\t<\/a>\n\t\t\t\t\t\t\t<a class=\"e-gallery-item elementor-gallery-item elementor-animated-content\" href=\"https:\/\/www.cuesystem.com\/wp-content\/uploads\/2025\/04\/20240820_110856-1-1.webp\" data-elementor-open-lightbox=\"yes\" data-elementor-lightbox-slideshow=\"af66434\" data-e-action-hash=\"#elementor-action%3Aaction%3Dlightbox%26settings%3DeyJpZCI6MzAwNDYsInVybCI6Imh0dHBzOlwvXC93d3cuY3Vlc3lzdGVtLmNvbVwvd3AtY29udGVudFwvdXBsb2Fkc1wvMjAyNVwvMDRcLzIwMjQwODIwXzExMDg1Ni0xLTEud2VicCIsInNsaWRlc2hvdyI6ImFmNjY0MzQifQ%3D%3D\">\n\t\t\t\t\t<div class=\"e-gallery-image elementor-gallery-item__image\" data-thumbnail=\"https:\/\/www.cuesystem.com\/wp-content\/uploads\/2025\/04\/20240820_110856-1-1-300x225.webp\" data-width=\"300\" data-height=\"225\" aria-label=\"\" role=\"img\" ><\/div>\n\t\t\t\t\t\t\t\t\t\t\t<div class=\"elementor-gallery-item__overlay\"><\/div>\n\t\t\t\t\t\t\t\t\t\t\t\t\t\t<\/a>\n\t\t\t\t\t\t\t<a class=\"e-gallery-item elementor-gallery-item elementor-animated-content\" href=\"https:\/\/www.cuesystem.com\/wp-content\/uploads\/2025\/04\/20240820_111127-1.webp\" data-elementor-open-lightbox=\"yes\" data-elementor-lightbox-slideshow=\"af66434\" data-e-action-hash=\"#elementor-action%3Aaction%3Dlightbox%26settings%3DeyJpZCI6MzAwNTEsInVybCI6Imh0dHBzOlwvXC93d3cuY3Vlc3lzdGVtLmNvbVwvd3AtY29udGVudFwvdXBsb2Fkc1wvMjAyNVwvMDRcLzIwMjQwODIwXzExMTEyNy0xLndlYnAiLCJzbGlkZXNob3ciOiJhZjY2NDM0In0%3D\">\n\t\t\t\t\t<div class=\"e-gallery-image elementor-gallery-item__image\" data-thumbnail=\"https:\/\/www.cuesystem.com\/wp-content\/uploads\/2025\/04\/20240820_111127-1-300x225.webp\" data-width=\"300\" data-height=\"225\" aria-label=\"\" role=\"img\" ><\/div>\n\t\t\t\t\t\t\t\t\t\t\t<div class=\"elementor-gallery-item__overlay\"><\/div>\n\t\t\t\t\t\t\t\t\t\t\t\t\t\t<\/a>\n\t\t\t\t\t<\/div>\n\t\t\t\t\t<\/div>\n\t\t\t\t<\/div>\n\t\t\t\t\t<\/div>\n\t\t\t\t<\/div>\n\t\t\t\t<\/div>\n\t\t\t\t<\/div>\n\t\t","protected":false},"excerpt":{"rendered":"<p>Fallstudie \u0160koda Auto: Laurin &amp; Klement Kampus Die Herausforderung Der neue Hauptsitz von \u0160koda Auto \u2013 der Laurin &amp; Klement Kampus (LKK) in Mlad\u00e1 Boleslav \u2013 ben\u00f6tigte eine hochmoderne L\u00f6sung zur Verwaltung der Besprechungsraum-Reservierungen f\u00fcr seine rund 2.000 Mitarbeitende. Ziel war es, einen reibungslosen Ablauf \u00fcber mehrere Abteilungen hinweg innerhalb des neuen Komplexes zu gew\u00e4hrleisten. <a href=\"https:\/\/www.cuesystem.com\/de\/fallstudien-2\/skoda-auto-laurin-klement-kampus\/\" class=\"more-link\">\u2026\u00a0<span class=\"screen-reader-text\">  \u0160koda Auto: Laurin &amp; Klement Kampus<\/span><\/a><\/p>\n","protected":false},"author":11,"featured_media":0,"parent":30185,"menu_order":212,"comment_status":"closed","ping_status":"closed","template":"","meta":{"_acf_changed":false,"inline_featured_image":false,"footnotes":""},"kategorie":[],"class_list":["post-30135","page","type-page","status-publish","hentry"],"acf":[],"_links":{"self":[{"href":"https:\/\/www.cuesystem.com\/de\/wp-json\/wp\/v2\/pages\/30135","targetHints":{"allow":["GET"]}}],"collection":[{"href":"https:\/\/www.cuesystem.com\/de\/wp-json\/wp\/v2\/pages"}],"about":[{"href":"https:\/\/www.cuesystem.com\/de\/wp-json\/wp\/v2\/types\/page"}],"author":[{"embeddable":true,"href":"https:\/\/www.cuesystem.com\/de\/wp-json\/wp\/v2\/users\/11"}],"replies":[{"embeddable":true,"href":"https:\/\/www.cuesystem.com\/de\/wp-json\/wp\/v2\/comments?post=30135"}],"version-history":[{"count":3,"href":"https:\/\/www.cuesystem.com\/de\/wp-json\/wp\/v2\/pages\/30135\/revisions"}],"predecessor-version":[{"id":32000,"href":"https:\/\/www.cuesystem.com\/de\/wp-json\/wp\/v2\/pages\/30135\/revisions\/32000"}],"up":[{"embeddable":true,"href":"https:\/\/www.cuesystem.com\/de\/wp-json\/wp\/v2\/pages\/30185"}],"wp:attachment":[{"href":"https:\/\/www.cuesystem.com\/de\/wp-json\/wp\/v2\/media?parent=30135"}],"wp:term":[{"taxonomy":"kategorie","embeddable":true,"href":"https:\/\/www.cuesystem.com\/de\/wp-json\/wp\/v2\/kategorie?post=30135"}],"curies":[{"name":"wp","href":"https:\/\/api.w.org\/{rel}","templated":true}]}}