{"id":30143,"date":"2025-03-16T22:05:58","date_gmt":"2025-03-16T21:05:58","guid":{"rendered":"https:\/\/www.cuesystem.com\/blauer-stil\/"},"modified":"2025-09-16T11:46:02","modified_gmt":"2025-09-16T09:46:02","slug":"blauer-stil","status":"publish","type":"page","link":"https:\/\/www.cuesystem.com\/de\/fallstudien-2\/blauer-stil\/","title":{"rendered":"Blue Style"},"content":{"rendered":"\t\t<div data-elementor-type=\"wp-page\" data-elementor-id=\"30143\" class=\"elementor elementor-30143 elementor-28943\" data-elementor-post-type=\"page\">\n\t\t\t\t<div class=\"elementor-element elementor-element-073907d e-con-full e-flex e-con e-child\" data-id=\"073907d\" data-element_type=\"container\" data-e-type=\"container\">\n\t\t\t\t<div class=\"elementor-element elementor-element-8726b4d elementor-widget elementor-widget-heading\" data-id=\"8726b4d\" data-element_type=\"widget\" data-e-type=\"widget\" data-widget_type=\"heading.default\">\n\t\t\t\t<div class=\"elementor-widget-container\">\n\t\t\t\t\t<h3 class=\"elementor-heading-title elementor-size-default\">Fallstudie<\/h3>\t\t\t\t<\/div>\n\t\t\t\t<\/div>\n\t\t\t\t<div class=\"elementor-element elementor-element-d9a498b elementor-widget elementor-widget-heading\" data-id=\"d9a498b\" data-element_type=\"widget\" data-e-type=\"widget\" data-widget_type=\"heading.default\">\n\t\t\t\t<div class=\"elementor-widget-container\">\n\t\t\t\t\t<h1 class=\"elementor-heading-title elementor-size-default\">Blue Style\n\n<\/h1>\t\t\t\t<\/div>\n\t\t\t\t<\/div>\n\t\t\t\t<div class=\"elementor-element elementor-element-fd69374 elementor-widget-divider--view-line elementor-widget elementor-widget-divider\" data-id=\"fd69374\" data-element_type=\"widget\" data-e-type=\"widget\" data-widget_type=\"divider.default\">\n\t\t\t\t<div class=\"elementor-widget-container\">\n\t\t\t\t\t\t\t<div class=\"elementor-divider\">\n\t\t\t<span class=\"elementor-divider-separator\">\n\t\t\t\t\t\t<\/span>\n\t\t<\/div>\n\t\t\t\t\t\t<\/div>\n\t\t\t\t<\/div>\n\t\t<div class=\"elementor-element elementor-element-c573afc e-grid e-con-boxed e-con e-child\" data-id=\"c573afc\" data-element_type=\"container\" data-e-type=\"container\">\n\t\t\t\t\t<div class=\"e-con-inner\">\n\t\t<div class=\"elementor-element elementor-element-97cab95 e-con-full e-flex e-con e-child\" data-id=\"97cab95\" data-element_type=\"container\" data-e-type=\"container\">\n\t\t\t\t<div class=\"elementor-element elementor-element-471dbe2 elementor-widget elementor-widget-heading\" data-id=\"471dbe2\" data-element_type=\"widget\" data-e-type=\"widget\" data-widget_type=\"heading.default\">\n\t\t\t\t<div class=\"elementor-widget-container\">\n\t\t\t\t\t<h2 class=\"elementor-heading-title elementor-size-default\">Die Herausforderung<\/h2>\t\t\t\t<\/div>\n\t\t\t\t<\/div>\n\t\t\t\t<div class=\"elementor-element elementor-element-72eb674 elementor-widget elementor-widget-text-editor\" data-id=\"72eb674\" data-element_type=\"widget\" data-e-type=\"widget\" data-widget_type=\"text-editor.default\">\n\t\t\t\t<div class=\"elementor-widget-container\">\n\t\t\t\t\t\t\t\t\t<p>Als f\u00fchrendes Reiseb\u00fcro verfolgte <a href=\"https:\/\/www.blue-style.cz\/\" target=\"_blank\" rel=\"noopener\">Blue Style<\/a> das Ziel, die Effizienz seiner B\u00fcror\u00e4ume durch ein nahtloses <strong>Besprechungsraummanagement-System<\/strong> zu steigern. Bei insgesamt <strong>16 Besprechungsr\u00e4umen<\/strong> ben\u00f6tigte das Unternehmen eine intuitive und zuverl\u00e4ssige L\u00f6sung, um: <\/p><ul><li><strong>Raumreservierungen zu vereinfachen<\/strong> und die Verf\u00fcgbarkeit leichter nachzuverfolgen.<\/li><li>eine <strong>einfache Steuerung der AV-Systeme<\/strong> in den Besprechungsr\u00e4umen zu erm\u00f6glichen.<\/li><li>ein <strong>reibungsloses Nutzungserlebnis<\/strong> f\u00fcr Mitarbeitende und F\u00fchrungskr\u00e4fte sicherzustellen.<\/li><\/ul><p>Durch die Integration eines modernen <strong>Steuerungs- und Reservierungssystems<\/strong> wollte <a href=\"https:\/\/www.blue-style.cz\/\" target=\"_blank\" rel=\"noopener\">Blue Style<\/a> eine <strong>zeitgem\u00e4\u00dfe<\/strong> und <strong>funktionale<\/strong> B\u00fcroumgebung schaffen, die Produktivit\u00e4t und Zusammenarbeit f\u00f6rdert.<\/p>\t\t\t\t\t\t\t\t<\/div>\n\t\t\t\t<\/div>\n\t\t\t\t<\/div>\n\t\t<div class=\"elementor-element elementor-element-5a8944d e-con-full e-flex e-con e-child\" data-id=\"5a8944d\" data-element_type=\"container\" data-e-type=\"container\">\n\t\t\t\t<div class=\"elementor-element elementor-element-92baff7 elementor-widget elementor-widget-image\" data-id=\"92baff7\" data-element_type=\"widget\" data-e-type=\"widget\" data-widget_type=\"image.default\">\n\t\t\t\t<div class=\"elementor-widget-container\">\n\t\t\t\t\t\t\t\t\t\t\t\t\t\t\t\t<a href=\"https:\/\/www.cuesystem.com\/wp-content\/uploads\/2025\/03\/Snimek-obrazovky-2025-03-10-140944.webp\" data-elementor-open-lightbox=\"yes\" data-e-action-hash=\"#elementor-action%3Aaction%3Dlightbox%26settings%3DeyJpZCI6Mjg5NjAsInVybCI6Imh0dHBzOlwvXC93d3cuY3Vlc3lzdGVtLmNvbVwvd3AtY29udGVudFwvdXBsb2Fkc1wvMjAyNVwvMDNcL1NuaW1lay1vYnJhem92a3ktMjAyNS0wMy0xMC0xNDA5NDQud2VicCJ9\">\n\t\t\t\t\t\t\t<img fetchpriority=\"high\" decoding=\"async\" width=\"1024\" height=\"576\" src=\"https:\/\/www.cuesystem.com\/wp-content\/uploads\/2025\/03\/Snimek-obrazovky-2025-03-10-140944-1024x576.webp\" class=\"attachment-large size-large wp-image-28960\" alt=\"\" srcset=\"https:\/\/www.cuesystem.com\/wp-content\/uploads\/2025\/03\/Snimek-obrazovky-2025-03-10-140944-1024x576.webp 1024w, https:\/\/www.cuesystem.com\/wp-content\/uploads\/2025\/03\/Snimek-obrazovky-2025-03-10-140944-300x169.webp 300w, https:\/\/www.cuesystem.com\/wp-content\/uploads\/2025\/03\/Snimek-obrazovky-2025-03-10-140944.webp 1919w\" sizes=\"(max-width: 1024px) 100vw, 1024px\" \/>\t\t\t\t\t\t\t\t<\/a>\n\t\t\t\t\t\t\t\t\t\t\t\t\t\t\t<\/div>\n\t\t\t\t<\/div>\n\t\t\t\t<div class=\"elementor-element elementor-element-fadf6a6 elementor-widget elementor-widget-image\" data-id=\"fadf6a6\" data-element_type=\"widget\" data-e-type=\"widget\" data-widget_type=\"image.default\">\n\t\t\t\t<div class=\"elementor-widget-container\">\n\t\t\t\t\t\t\t\t\t\t\t\t\t\t\t\t<a href=\"https:\/\/www.cuesystem.com\/wp-content\/uploads\/2025\/03\/Snimek-obrazovky-2025-03-10-141152.webp\" data-elementor-open-lightbox=\"yes\" data-e-action-hash=\"#elementor-action%3Aaction%3Dlightbox%26settings%3DeyJpZCI6Mjg5NjUsInVybCI6Imh0dHBzOlwvXC93d3cuY3Vlc3lzdGVtLmNvbVwvd3AtY29udGVudFwvdXBsb2Fkc1wvMjAyNVwvMDNcL1NuaW1lay1vYnJhem92a3ktMjAyNS0wMy0xMC0xNDExNTIud2VicCJ9\">\n\t\t\t\t\t\t\t<img decoding=\"async\" width=\"1024\" height=\"508\" src=\"https:\/\/www.cuesystem.com\/wp-content\/uploads\/2025\/03\/Snimek-obrazovky-2025-03-10-141152-1024x508.webp\" class=\"attachment-large size-large wp-image-28965\" alt=\"\" srcset=\"https:\/\/www.cuesystem.com\/wp-content\/uploads\/2025\/03\/Snimek-obrazovky-2025-03-10-141152-1024x508.webp 1024w, https:\/\/www.cuesystem.com\/wp-content\/uploads\/2025\/03\/Snimek-obrazovky-2025-03-10-141152-300x149.webp 300w, https:\/\/www.cuesystem.com\/wp-content\/uploads\/2025\/03\/Snimek-obrazovky-2025-03-10-141152.webp 1919w\" sizes=\"(max-width: 1024px) 100vw, 1024px\" \/>\t\t\t\t\t\t\t\t<\/a>\n\t\t\t\t\t\t\t\t\t\t\t\t\t\t\t<\/div>\n\t\t\t\t<\/div>\n\t\t\t\t<\/div>\n\t\t\t\t\t<\/div>\n\t\t\t\t<\/div>\n\t\t<div class=\"elementor-element elementor-element-5c66f66 e-grid e-con-boxed e-con e-child\" data-id=\"5c66f66\" data-element_type=\"container\" data-e-type=\"container\">\n\t\t\t\t\t<div class=\"e-con-inner\">\n\t\t<div class=\"elementor-element elementor-element-e4fde28 e-con-full e-flex e-con e-child\" data-id=\"e4fde28\" data-element_type=\"container\" data-e-type=\"container\">\n\t\t\t\t<div class=\"elementor-element elementor-element-8531687 elementor-widget elementor-widget-image\" data-id=\"8531687\" data-element_type=\"widget\" data-e-type=\"widget\" data-widget_type=\"image.default\">\n\t\t\t\t<div class=\"elementor-widget-container\">\n\t\t\t\t\t\t\t\t\t\t\t\t\t\t\t<img decoding=\"async\" width=\"1024\" height=\"288\" src=\"https:\/\/www.cuesystem.com\/wp-content\/uploads\/2025\/03\/DARK_BLUE-1024x288.webp\" class=\"attachment-large size-large wp-image-28970\" alt=\"\" srcset=\"https:\/\/www.cuesystem.com\/wp-content\/uploads\/2025\/03\/DARK_BLUE-1024x288.webp 1024w, https:\/\/www.cuesystem.com\/wp-content\/uploads\/2025\/03\/DARK_BLUE-300x84.webp 300w, https:\/\/www.cuesystem.com\/wp-content\/uploads\/2025\/03\/DARK_BLUE.webp 1600w\" sizes=\"(max-width: 1024px) 100vw, 1024px\" \/>\t\t\t\t\t\t\t\t\t\t\t\t\t\t\t<\/div>\n\t\t\t\t<\/div>\n\t\t\t\t<\/div>\n\t\t<div class=\"elementor-element elementor-element-39b74d9 e-con-full e-flex e-con e-child\" data-id=\"39b74d9\" data-element_type=\"container\" data-e-type=\"container\">\n\t\t\t\t<div class=\"elementor-element elementor-element-6c40024 elementor-widget elementor-widget-heading\" data-id=\"6c40024\" data-element_type=\"widget\" data-e-type=\"widget\" data-widget_type=\"heading.default\">\n\t\t\t\t<div class=\"elementor-widget-container\">\n\t\t\t\t\t<h2 class=\"elementor-heading-title elementor-size-default\">\u00dcber Blue Style\n\n<\/h2>\t\t\t\t<\/div>\n\t\t\t\t<\/div>\n\t\t\t\t<div class=\"elementor-element elementor-element-93c25d8 elementor-widget elementor-widget-text-editor\" data-id=\"93c25d8\" data-element_type=\"widget\" data-e-type=\"widget\" data-widget_type=\"text-editor.default\">\n\t\t\t\t<div class=\"elementor-widget-container\">\n\t\t\t\t\t\t\t\t\t<p><a href=\"https:\/\/www.blue-style.cz\/\" target=\"_blank\" rel=\"noopener\">Blue Style<\/a> wurde 1997 gegr\u00fcndet und ist eines der f\u00fchrenden tschechischen <strong>Reiseb\u00fcros<\/strong>, das Urlaubsreisen zu \u00fcber <strong>30 Reisezielen weltweit<\/strong> anbietet.<\/p>\n<p>Unser <strong>tschechischer Partner<\/strong> <a href=\"https:\/\/www.avmedia.cz\/en\/\" target=\"_blank\" rel=\"noopener\">AV MEDIA<\/a> k\u00fcmmerte sich um die Umsetzung des Projekts.<\/p>\t\t\t\t\t\t\t\t<\/div>\n\t\t\t\t<\/div>\n\t\t\t\t<\/div>\n\t\t\t\t\t<\/div>\n\t\t\t\t<\/div>\n\t\t<div class=\"elementor-element elementor-element-b07a7d8 e-grid e-con-boxed e-con e-child\" data-id=\"b07a7d8\" data-element_type=\"container\" data-e-type=\"container\">\n\t\t\t\t\t<div class=\"e-con-inner\">\n\t\t<div class=\"elementor-element elementor-element-589dde4 e-con-full e-flex e-con e-child\" data-id=\"589dde4\" data-element_type=\"container\" data-e-type=\"container\">\n\t\t\t\t<div class=\"elementor-element elementor-element-e36d1e1 elementor-widget elementor-widget-heading\" data-id=\"e36d1e1\" data-element_type=\"widget\" data-e-type=\"widget\" data-widget_type=\"heading.default\">\n\t\t\t\t<div class=\"elementor-widget-container\">\n\t\t\t\t\t<h2 class=\"elementor-heading-title elementor-size-default\">Unser L\u00f6sungsansatz<\/h2>\t\t\t\t<\/div>\n\t\t\t\t<\/div>\n\t\t\t\t<div class=\"elementor-element elementor-element-972e000 elementor-widget elementor-widget-text-editor\" data-id=\"972e000\" data-element_type=\"widget\" data-e-type=\"widget\" data-widget_type=\"text-editor.default\">\n\t\t\t\t<div class=\"elementor-widget-container\">\n\t\t\t\t\t\t\t\t\t<p>Um den Anforderungen von <a href=\"https:\/\/www.blue-style.cz\/\" target=\"_blank\" rel=\"noopener\">Blue Style<\/a> gerecht zu werden, implementierte <a href=\"https:\/\/www.avmedia.cz\/en\/\" target=\"_blank\" rel=\"noopener\">AV MEDIA<\/a> ein umfassendes <strong>Steuerungs- und Reservierungssystem von CUE:<\/strong><\/p>\n<ul>\n<li><strong>M\u00fchelose Raumreservierung<\/strong> \u2013 <a href=\"https:\/\/docs.cuesystem.com\/space\/PRODUCTS\/604766221\" target=\"_blank\" rel=\"noopener\">touchONE-10-W<\/a> Reservierungspanels bieten einen <strong>klaren \u00dcberblick \u00fcber die Verf\u00fcgbarkeit von Besprechungsr\u00e4umen<\/strong> und erm\u00f6glichen es Mitarbeitenden, Reservierungen einfach zu buchen, zu verl\u00e4ngern oder zu stornieren.<\/li>\n<li><strong>Intelligente Steuerung im Vorstandsb\u00fcro<\/strong> \u2013 mit dem <a href=\"https:\/\/docs.cuesystem.com\/space\/PRODUCTS\/482934790\/touchCUE-7\" target=\"_blank\" rel=\"noopener\">touchCUE-7-Panel<\/a> und der <a href=\"https:\/\/docs.cuesystem.com\/space\/PRODUCTS\/605388827\/controlCUE-three\" target=\"_blank\" rel=\"noopener\">controlCUE-three-Controller<\/a> lassen sich AV-Technik und Raumfunktionen komfortabel verwalten.<\/li>\n<li><strong>Benutzerfreundliche Bedienung im Raum<\/strong> \u2013 das intuitive Steuerungssystem <a href=\"https:\/\/docs.cuesystem.com\/space\/PRODUCTS\/484868189\/liteCUE-basic\" target=\"_blank\" rel=\"noopener\">liteCUE-basic <\/a>mit <strong>Tastenbedienung <\/strong>erm\u00f6glicht es Mitarbeitenden, die <strong>Einstellungen im Besprechungsraum<\/strong> mit minimalem Aufwand anzupassen.<\/li>\n<\/ul>\n<p>Diese <strong>intelligente, integrierte L\u00f6sung<\/strong> hat die B\u00fcror\u00e4ume von <a href=\"https:\/\/www.blue-style.cz\/\" target=\"_blank\" rel=\"noopener\">Blue Style<\/a> in eine <strong>moderne und effiziente Arbeitsumgebung<\/strong> verwandelt. Durch die nahtlose Verbindung von <strong>Technologie und Design<\/strong> konnte das Unternehmen nicht nur seine t\u00e4glichen Abl\u00e4ufe optimieren, sondern wurde auch als<strong> Finalist <\/strong>im Wettbewerb \u201a<a href=\"https:\/\/www.linkedin.com\/company\/kancelareroku\/\" target=\"_blank\" rel=\"noopener\">Office of the Year<\/a>\u2018 ausgezeichnet. <\/p>\t\t\t\t\t\t\t\t<\/div>\n\t\t\t\t<\/div>\n\t\t\t\t<\/div>\n\t\t<div class=\"elementor-element elementor-element-661f3ee e-con-full e-flex e-con e-child\" data-id=\"661f3ee\" data-element_type=\"container\" data-e-type=\"container\">\n\t\t\t\t<div class=\"elementor-element elementor-element-89ad45f elementor-widget elementor-widget-image\" data-id=\"89ad45f\" data-element_type=\"widget\" data-e-type=\"widget\" data-widget_type=\"image.default\">\n\t\t\t\t<div class=\"elementor-widget-container\">\n\t\t\t\t\t\t\t\t\t\t\t\t\t\t\t\t<a href=\"https:\/\/www.cuesystem.com\/wp-content\/uploads\/2025\/03\/Snimek-obrazovky-2025-03-10-141004.webp\" data-elementor-open-lightbox=\"yes\" data-e-action-hash=\"#elementor-action%3Aaction%3Dlightbox%26settings%3DeyJpZCI6Mjg5ODksInVybCI6Imh0dHBzOlwvXC93d3cuY3Vlc3lzdGVtLmNvbVwvd3AtY29udGVudFwvdXBsb2Fkc1wvMjAyNVwvMDNcL1NuaW1lay1vYnJhem92a3ktMjAyNS0wMy0xMC0xNDEwMDQud2VicCJ9\">\n\t\t\t\t\t\t\t<img loading=\"lazy\" decoding=\"async\" width=\"1024\" height=\"507\" src=\"https:\/\/www.cuesystem.com\/wp-content\/uploads\/2025\/03\/Snimek-obrazovky-2025-03-10-141004-1024x507.webp\" class=\"attachment-large size-large wp-image-28989\" alt=\"\" srcset=\"https:\/\/www.cuesystem.com\/wp-content\/uploads\/2025\/03\/Snimek-obrazovky-2025-03-10-141004-1024x507.webp 1024w, https:\/\/www.cuesystem.com\/wp-content\/uploads\/2025\/03\/Snimek-obrazovky-2025-03-10-141004-300x149.webp 300w, https:\/\/www.cuesystem.com\/wp-content\/uploads\/2025\/03\/Snimek-obrazovky-2025-03-10-141004.webp 1919w\" sizes=\"(max-width: 1024px) 100vw, 1024px\" \/>\t\t\t\t\t\t\t\t<\/a>\n\t\t\t\t\t\t\t\t\t\t\t\t\t\t\t<\/div>\n\t\t\t\t<\/div>\n\t\t\t\t<div class=\"elementor-element elementor-element-f080160 elementor-widget elementor-widget-image\" data-id=\"f080160\" data-element_type=\"widget\" data-e-type=\"widget\" data-widget_type=\"image.default\">\n\t\t\t\t<div class=\"elementor-widget-container\">\n\t\t\t\t\t\t\t\t\t\t\t\t\t\t\t\t<a href=\"https:\/\/www.cuesystem.com\/wp-content\/uploads\/2025\/03\/Snimek-obrazovky-2025-03-10-134743.webp\" data-elementor-open-lightbox=\"yes\" data-e-action-hash=\"#elementor-action%3Aaction%3Dlightbox%26settings%3DeyJpZCI6Mjg5NzksInVybCI6Imh0dHBzOlwvXC93d3cuY3Vlc3lzdGVtLmNvbVwvd3AtY29udGVudFwvdXBsb2Fkc1wvMjAyNVwvMDNcL1NuaW1lay1vYnJhem92a3ktMjAyNS0wMy0xMC0xMzQ3NDMud2VicCJ9\">\n\t\t\t\t\t\t\t<img loading=\"lazy\" decoding=\"async\" width=\"1024\" height=\"579\" src=\"https:\/\/www.cuesystem.com\/wp-content\/uploads\/2025\/03\/Snimek-obrazovky-2025-03-10-134743-1024x579.webp\" class=\"attachment-large size-large wp-image-28979\" alt=\"\" srcset=\"https:\/\/www.cuesystem.com\/wp-content\/uploads\/2025\/03\/Snimek-obrazovky-2025-03-10-134743-1024x579.webp 1024w, https:\/\/www.cuesystem.com\/wp-content\/uploads\/2025\/03\/Snimek-obrazovky-2025-03-10-134743-300x170.webp 300w, https:\/\/www.cuesystem.com\/wp-content\/uploads\/2025\/03\/Snimek-obrazovky-2025-03-10-134743.webp 1907w\" sizes=\"(max-width: 1024px) 100vw, 1024px\" \/>\t\t\t\t\t\t\t\t<\/a>\n\t\t\t\t\t\t\t\t\t\t\t\t\t\t\t<\/div>\n\t\t\t\t<\/div>\n\t\t\t\t<div class=\"elementor-element elementor-element-732583c elementor-widget elementor-widget-image\" data-id=\"732583c\" data-element_type=\"widget\" data-e-type=\"widget\" data-widget_type=\"image.default\">\n\t\t\t\t<div class=\"elementor-widget-container\">\n\t\t\t\t\t\t\t\t\t\t\t\t\t\t\t\t<a href=\"https:\/\/www.cuesystem.com\/wp-content\/uploads\/2025\/03\/Snimek-obrazovky-2025-03-10-141037.webp\" data-elementor-open-lightbox=\"yes\" data-e-action-hash=\"#elementor-action%3Aaction%3Dlightbox%26settings%3DeyJpZCI6Mjg5ODQsInVybCI6Imh0dHBzOlwvXC93d3cuY3Vlc3lzdGVtLmNvbVwvd3AtY29udGVudFwvdXBsb2Fkc1wvMjAyNVwvMDNcL1NuaW1lay1vYnJhem92a3ktMjAyNS0wMy0xMC0xNDEwMzcud2VicCJ9\">\n\t\t\t\t\t\t\t<img loading=\"lazy\" decoding=\"async\" width=\"1024\" height=\"716\" src=\"https:\/\/www.cuesystem.com\/wp-content\/uploads\/2025\/03\/Snimek-obrazovky-2025-03-10-141037-1024x716.webp\" class=\"attachment-large size-large wp-image-28984\" alt=\"\" srcset=\"https:\/\/www.cuesystem.com\/wp-content\/uploads\/2025\/03\/Snimek-obrazovky-2025-03-10-141037-1024x716.webp 1024w, https:\/\/www.cuesystem.com\/wp-content\/uploads\/2025\/03\/Snimek-obrazovky-2025-03-10-141037-300x210.webp 300w, https:\/\/www.cuesystem.com\/wp-content\/uploads\/2025\/03\/Snimek-obrazovky-2025-03-10-141037.webp 1359w\" sizes=\"(max-width: 1024px) 100vw, 1024px\" \/>\t\t\t\t\t\t\t\t<\/a>\n\t\t\t\t\t\t\t\t\t\t\t\t\t\t\t<\/div>\n\t\t\t\t<\/div>\n\t\t\t\t<\/div>\n\t\t\t\t\t<\/div>\n\t\t\t\t<\/div>\n\t\t\t\t<\/div>\n\t\t<div class=\"elementor-element elementor-element-38e7682 e-flex e-con-boxed e-con e-parent\" data-id=\"38e7682\" data-element_type=\"container\" data-e-type=\"container\">\n\t\t\t\t\t<div class=\"e-con-inner\">\n\t\t\t\t<div class=\"elementor-element elementor-element-080893a elementor-widget elementor-widget-heading\" data-id=\"080893a\" data-element_type=\"widget\" data-e-type=\"widget\" data-widget_type=\"heading.default\">\n\t\t\t\t<div class=\"elementor-widget-container\">\n\t\t\t\t\t<h2 class=\"elementor-heading-title elementor-size-default\">Mehr \u00fcber dieses Projekt<\/h2>\t\t\t\t<\/div>\n\t\t\t\t<\/div>\n\t\t\t\t<div class=\"elementor-element elementor-element-5d4b41f elementor-widget elementor-widget-video\" data-id=\"5d4b41f\" data-element_type=\"widget\" data-e-type=\"widget\" data-settings=\"{&quot;video_type&quot;:&quot;vimeo&quot;}\" data-widget_type=\"video.default\">\n\t\t\t\t<div class=\"elementor-widget-container\">\n\t\t\t\t\t\t\t<div class=\"elementor-wrapper elementor-open-inline\">\n\t\t\t<iframe class=\"elementor-video-iframe\" allowfullscreen allow=\"clipboard-write\" title=\"vimeo Video Player\" src=\"https:\/\/player.vimeo.com\/video\/1048178544?color&amp;autopause=0&amp;loop=0&amp;muted=0&amp;title=1&amp;portrait=1&amp;byline=1&amp;h=ac9f2e9ebe#t=\"><\/iframe>\t\t<\/div>\n\t\t\t\t\t\t<\/div>\n\t\t\t\t<\/div>\n\t\t\t\t\t<\/div>\n\t\t\t\t<\/div>\n\t\t\t\t<\/div>\n\t\t","protected":false},"excerpt":{"rendered":"<p>Fallstudie Blue Style Die Herausforderung Als f\u00fchrendes Reiseb\u00fcro verfolgte Blue Style das Ziel, die Effizienz seiner B\u00fcror\u00e4ume durch ein nahtloses Besprechungsraummanagement-System zu steigern. Bei insgesamt 16 Besprechungsr\u00e4umen ben\u00f6tigte das Unternehmen eine intuitive und zuverl\u00e4ssige L\u00f6sung, um: Raumreservierungen zu vereinfachen und die Verf\u00fcgbarkeit leichter nachzuverfolgen. eine einfache Steuerung der AV-Systeme in den Besprechungsr\u00e4umen zu erm\u00f6glichen. ein <a href=\"https:\/\/www.cuesystem.com\/de\/fallstudien-2\/blauer-stil\/\" class=\"more-link\">\u2026\u00a0<span class=\"screen-reader-text\">  Blue Style<\/span><\/a><\/p>\n","protected":false},"author":3,"featured_media":0,"parent":30185,"menu_order":226,"comment_status":"closed","ping_status":"closed","template":"","meta":{"_acf_changed":false,"inline_featured_image":false,"footnotes":""},"kategorie":[],"class_list":["post-30143","page","type-page","status-publish","hentry"],"acf":[],"_links":{"self":[{"href":"https:\/\/www.cuesystem.com\/de\/wp-json\/wp\/v2\/pages\/30143","targetHints":{"allow":["GET"]}}],"collection":[{"href":"https:\/\/www.cuesystem.com\/de\/wp-json\/wp\/v2\/pages"}],"about":[{"href":"https:\/\/www.cuesystem.com\/de\/wp-json\/wp\/v2\/types\/page"}],"author":[{"embeddable":true,"href":"https:\/\/www.cuesystem.com\/de\/wp-json\/wp\/v2\/users\/3"}],"replies":[{"embeddable":true,"href":"https:\/\/www.cuesystem.com\/de\/wp-json\/wp\/v2\/comments?post=30143"}],"version-history":[{"count":7,"href":"https:\/\/www.cuesystem.com\/de\/wp-json\/wp\/v2\/pages\/30143\/revisions"}],"predecessor-version":[{"id":32401,"href":"https:\/\/www.cuesystem.com\/de\/wp-json\/wp\/v2\/pages\/30143\/revisions\/32401"}],"up":[{"embeddable":true,"href":"https:\/\/www.cuesystem.com\/de\/wp-json\/wp\/v2\/pages\/30185"}],"wp:attachment":[{"href":"https:\/\/www.cuesystem.com\/de\/wp-json\/wp\/v2\/media?parent=30143"}],"wp:term":[{"taxonomy":"kategorie","embeddable":true,"href":"https:\/\/www.cuesystem.com\/de\/wp-json\/wp\/v2\/kategorie?post=30143"}],"curies":[{"name":"wp","href":"https:\/\/api.w.org\/{rel}","templated":true}]}}