{"id":30150,"date":"2025-03-05T20:45:58","date_gmt":"2025-03-05T19:45:58","guid":{"rendered":"https:\/\/www.cuesystem.com\/universitaet-rey-juan-carlos\/"},"modified":"2025-07-31T20:19:12","modified_gmt":"2025-07-31T18:19:12","slug":"universitaet-rey-juan-carlos","status":"publish","type":"page","link":"https:\/\/www.cuesystem.com\/de\/fallstudien-2\/universitaet-rey-juan-carlos\/","title":{"rendered":"Universit\u00e4t Rey Juan Carlos"},"content":{"rendered":"\t\t<div data-elementor-type=\"wp-page\" data-elementor-id=\"30150\" class=\"elementor elementor-30150 elementor-28877\" data-elementor-post-type=\"page\">\n\t\t\t\t<div class=\"elementor-element elementor-element-1948560 e-con-full e-flex e-con e-child\" data-id=\"1948560\" data-element_type=\"container\" data-e-type=\"container\">\n\t\t\t\t<div class=\"elementor-element elementor-element-633fc92 elementor-widget elementor-widget-heading\" data-id=\"633fc92\" data-element_type=\"widget\" data-e-type=\"widget\" data-widget_type=\"heading.default\">\n\t\t\t\t<div class=\"elementor-widget-container\">\n\t\t\t\t\t<h3 class=\"elementor-heading-title elementor-size-default\">Fallstudie<\/h3>\t\t\t\t<\/div>\n\t\t\t\t<\/div>\n\t\t\t\t<div class=\"elementor-element elementor-element-1b5860c elementor-widget elementor-widget-heading\" data-id=\"1b5860c\" data-element_type=\"widget\" data-e-type=\"widget\" data-widget_type=\"heading.default\">\n\t\t\t\t<div class=\"elementor-widget-container\">\n\t\t\t\t\t<h1 class=\"elementor-heading-title elementor-size-default\">Universit\u00e4t Rey Juan Carlos\n\n<\/h1>\t\t\t\t<\/div>\n\t\t\t\t<\/div>\n\t\t\t\t<div class=\"elementor-element elementor-element-9240b5d elementor-widget-divider--view-line elementor-widget elementor-widget-divider\" data-id=\"9240b5d\" data-element_type=\"widget\" data-e-type=\"widget\" data-widget_type=\"divider.default\">\n\t\t\t\t<div class=\"elementor-widget-container\">\n\t\t\t\t\t\t\t<div class=\"elementor-divider\">\n\t\t\t<span class=\"elementor-divider-separator\">\n\t\t\t\t\t\t<\/span>\n\t\t<\/div>\n\t\t\t\t\t\t<\/div>\n\t\t\t\t<\/div>\n\t\t<div class=\"elementor-element elementor-element-b6a48a7 e-grid e-con-boxed e-con e-child\" data-id=\"b6a48a7\" data-element_type=\"container\" data-e-type=\"container\">\n\t\t\t\t\t<div class=\"e-con-inner\">\n\t\t<div class=\"elementor-element elementor-element-0a013a5 e-con-full e-flex e-con e-child\" data-id=\"0a013a5\" data-element_type=\"container\" data-e-type=\"container\">\n\t\t\t\t<div class=\"elementor-element elementor-element-4ccf59e elementor-widget elementor-widget-heading\" data-id=\"4ccf59e\" data-element_type=\"widget\" data-e-type=\"widget\" data-widget_type=\"heading.default\">\n\t\t\t\t<div class=\"elementor-widget-container\">\n\t\t\t\t\t<h2 class=\"elementor-heading-title elementor-size-default\">Die Herausforderung<\/h2>\t\t\t\t<\/div>\n\t\t\t\t<\/div>\n\t\t\t\t<div class=\"elementor-element elementor-element-8072f98 elementor-widget elementor-widget-text-editor\" data-id=\"8072f98\" data-element_type=\"widget\" data-e-type=\"widget\" data-widget_type=\"text-editor.default\">\n\t\t\t\t<div class=\"elementor-widget-container\">\n\t\t\t\t\t\t\t\t\t<p>Die <a href=\"https:\/\/en.urjc.es\/\" target=\"_blank\" rel=\"noopener\">Universit\u00e4t Rey Juan Carlos<\/a> (URJC) startete ein <strong>ambitioniertes Projekt<\/strong> zur <strong>Modernisierung<\/strong> der<strong> audiovisuellen Systeme<\/strong> auf all ihren Campusstandorten. In <strong>400 Unterrichtsr\u00e4umen<\/strong> sollte eine <strong>nahtlose Steuerung verschiedenster AV-Technologien<\/strong> \u2013 Projektoren, Monitore, DSPs, Kameras, Mikrofone und Aufzeichnungssoftware \u2013 erm\u00f6glicht werden. Die Herausforderung war klar: eine <strong>zuverl\u00e4ssige<\/strong>, <strong>benutzerfreundliche L\u00f6sung<\/strong> zu integrieren, die den Lehrkr\u00e4ften <strong>die Bedienung erleichtert<\/strong> und gleichzeitig <strong>den Wartungsaufwand minimiert<\/strong>. <\/p>\t\t\t\t\t\t\t\t<\/div>\n\t\t\t\t<\/div>\n\t\t\t\t<\/div>\n\t\t<div class=\"elementor-element elementor-element-5c84132 e-con-full e-flex e-con e-child\" data-id=\"5c84132\" data-element_type=\"container\" data-e-type=\"container\">\n\t\t\t\t<div class=\"elementor-element elementor-element-98d81a8 elementor-widget elementor-widget-image\" data-id=\"98d81a8\" data-element_type=\"widget\" data-e-type=\"widget\" data-widget_type=\"image.default\">\n\t\t\t\t<div class=\"elementor-widget-container\">\n\t\t\t\t\t\t\t\t\t\t\t\t\t\t\t<img fetchpriority=\"high\" decoding=\"async\" width=\"1024\" height=\"427\" src=\"https:\/\/www.cuesystem.com\/wp-content\/uploads\/2025\/03\/cue-urjc-1024x427.jpg\" class=\"attachment-large size-large wp-image-28891\" alt=\"\" srcset=\"https:\/\/www.cuesystem.com\/wp-content\/uploads\/2025\/03\/cue-urjc-1024x427.jpg 1024w, https:\/\/www.cuesystem.com\/wp-content\/uploads\/2025\/03\/cue-urjc-300x125.jpg 300w, https:\/\/www.cuesystem.com\/wp-content\/uploads\/2025\/03\/cue-urjc.jpg 1200w\" sizes=\"(max-width: 1024px) 100vw, 1024px\" \/>\t\t\t\t\t\t\t\t\t\t\t\t\t\t\t<\/div>\n\t\t\t\t<\/div>\n\t\t\t\t<div class=\"elementor-element elementor-element-1bd681a elementor-widget elementor-widget-image\" data-id=\"1bd681a\" data-element_type=\"widget\" data-e-type=\"widget\" data-widget_type=\"image.default\">\n\t\t\t\t<div class=\"elementor-widget-container\">\n\t\t\t\t\t\t\t\t\t\t\t\t\t\t\t<img decoding=\"async\" src=\"https:\/\/www.cuesystem.com\/wp-content\/uploads\/2025\/03\/Snimek-obrazovky-2025-03-04-160944.png\" title=\"\" alt=\"\" loading=\"lazy\" \/>\t\t\t\t\t\t\t\t\t\t\t\t\t\t\t<\/div>\n\t\t\t\t<\/div>\n\t\t\t\t<\/div>\n\t\t\t\t\t<\/div>\n\t\t\t\t<\/div>\n\t\t<div class=\"elementor-element elementor-element-046d4b8 e-grid e-con-boxed e-con e-child\" data-id=\"046d4b8\" data-element_type=\"container\" data-e-type=\"container\">\n\t\t\t\t\t<div class=\"e-con-inner\">\n\t\t<div class=\"elementor-element elementor-element-ccabdca e-con-full e-flex e-con e-child\" data-id=\"ccabdca\" data-element_type=\"container\" data-e-type=\"container\">\n\t\t\t\t<div class=\"elementor-element elementor-element-52bef73 elementor-widget elementor-widget-image\" data-id=\"52bef73\" data-element_type=\"widget\" data-e-type=\"widget\" data-widget_type=\"image.default\">\n\t\t\t\t<div class=\"elementor-widget-container\">\n\t\t\t\t\t\t\t\t\t\t\t\t\t\t\t<img decoding=\"async\" width=\"350\" height=\"250\" src=\"https:\/\/www.cuesystem.com\/wp-content\/uploads\/2025\/03\/urjc-logo.png\" class=\"attachment-large size-large wp-image-28899\" alt=\"\" srcset=\"https:\/\/www.cuesystem.com\/wp-content\/uploads\/2025\/03\/urjc-logo.png 350w, https:\/\/www.cuesystem.com\/wp-content\/uploads\/2025\/03\/urjc-logo-300x214.png 300w\" sizes=\"(max-width: 350px) 100vw, 350px\" \/>\t\t\t\t\t\t\t\t\t\t\t\t\t\t\t<\/div>\n\t\t\t\t<\/div>\n\t\t\t\t<div class=\"elementor-element elementor-element-24ed44b elementor-widget elementor-widget-image\" data-id=\"24ed44b\" data-element_type=\"widget\" data-e-type=\"widget\" data-widget_type=\"image.default\">\n\t\t\t\t<div class=\"elementor-widget-container\">\n\t\t\t\t\t\t\t\t\t\t\t\t\t\t\t<img decoding=\"async\" width=\"1024\" height=\"479\" src=\"https:\/\/www.cuesystem.com\/wp-content\/uploads\/2025\/03\/Universidad-Rey-Juan-Carlos-picture-Erasmus-in-Barcelona-1024x479-1.jpg\" class=\"attachment-large size-large wp-image-28905\" alt=\"\" srcset=\"https:\/\/www.cuesystem.com\/wp-content\/uploads\/2025\/03\/Universidad-Rey-Juan-Carlos-picture-Erasmus-in-Barcelona-1024x479-1.jpg 1024w, https:\/\/www.cuesystem.com\/wp-content\/uploads\/2025\/03\/Universidad-Rey-Juan-Carlos-picture-Erasmus-in-Barcelona-1024x479-1-300x140.jpg 300w\" sizes=\"(max-width: 1024px) 100vw, 1024px\" \/>\t\t\t\t\t\t\t\t\t\t\t\t\t\t\t<\/div>\n\t\t\t\t<\/div>\n\t\t\t\t<\/div>\n\t\t<div class=\"elementor-element elementor-element-2989df6 e-con-full e-flex e-con e-child\" data-id=\"2989df6\" data-element_type=\"container\" data-e-type=\"container\">\n\t\t\t\t<div class=\"elementor-element elementor-element-fc63230 elementor-widget elementor-widget-heading\" data-id=\"fc63230\" data-element_type=\"widget\" data-e-type=\"widget\" data-widget_type=\"heading.default\">\n\t\t\t\t<div class=\"elementor-widget-container\">\n\t\t\t\t\t<h2 class=\"elementor-heading-title elementor-size-default\">\u00dcber die Universit\u00e4t<\/h2>\t\t\t\t<\/div>\n\t\t\t\t<\/div>\n\t\t\t\t<div class=\"elementor-element elementor-element-5801d51 elementor-widget elementor-widget-text-editor\" data-id=\"5801d51\" data-element_type=\"widget\" data-e-type=\"widget\" data-widget_type=\"text-editor.default\">\n\t\t\t\t<div class=\"elementor-widget-container\">\n\t\t\t\t\t\t\t\t\t<p><a href=\"https:\/\/en.urjc.es\/\" target=\"_blank\" rel=\"noopener\">Die URJC<\/a> ist eine der <strong>gr\u00f6\u00dften \u00f6ffentlichen Universit\u00e4ten Spaniens<\/strong> mit \u00fcber <strong>45.000 Studierenden<\/strong> an <strong>mehreren Campusstandorten<\/strong>. Als moderne Institution mit einem klaren Fokus auf technologische Weiterentwicklung suchte sie ein Steuerungssystem, das eine <strong>m\u00fchelose Verwaltung der AV-Technik<\/strong> erm\u00f6glicht und gleichzeitig <strong>langfristige Zuverl\u00e4ssigkeit<\/strong> bietet. <\/p>\n<p>Unser <strong>spanischer Partner<\/strong> <a href=\"https:\/\/avitvision.es\/en\/\" target=\"_blank\" rel=\"noopener\">AVIT VISION<\/a> \u00fcbernahm die Umsetzung des Projekts.<\/p>\t\t\t\t\t\t\t\t<\/div>\n\t\t\t\t<\/div>\n\t\t\t\t<\/div>\n\t\t\t\t\t<\/div>\n\t\t\t\t<\/div>\n\t\t<div class=\"elementor-element elementor-element-1317a76 e-grid e-con-boxed e-con e-child\" data-id=\"1317a76\" data-element_type=\"container\" data-e-type=\"container\">\n\t\t\t\t\t<div class=\"e-con-inner\">\n\t\t<div class=\"elementor-element elementor-element-ecaa5d4 e-con-full e-flex e-con e-child\" data-id=\"ecaa5d4\" data-element_type=\"container\" data-e-type=\"container\">\n\t\t\t\t<div class=\"elementor-element elementor-element-b28df69 elementor-widget elementor-widget-heading\" data-id=\"b28df69\" data-element_type=\"widget\" data-e-type=\"widget\" data-widget_type=\"heading.default\">\n\t\t\t\t<div class=\"elementor-widget-container\">\n\t\t\t\t\t<h2 class=\"elementor-heading-title elementor-size-default\">Der Weg<\/h2>\t\t\t\t<\/div>\n\t\t\t\t<\/div>\n\t\t\t\t<div class=\"elementor-element elementor-element-f85a394 elementor-widget elementor-widget-text-editor\" data-id=\"f85a394\" data-element_type=\"widget\" data-e-type=\"widget\" data-widget_type=\"text-editor.default\">\n\t\t\t\t<div class=\"elementor-widget-container\">\n\t\t\t\t\t\t\t\t\t<p>Das Projekt erstreckte sich \u00fcber mehrere Phasen <strong>von 2021 bis 2024<\/strong>. Jedes Jahr wurden rund 100 Unterrichtsr\u00e4ume modernisiert und mit dem <a href=\"https:\/\/docs.cuesystem.com\/space\/PRODUCTS\/482934790\" target=\"_blank\" rel=\"noopener\">touchCUE-7-Panel<\/a> von CUE ausgestattet \u2013 einer<strong>robusten All-in-One-L\u00f6sung<\/strong>, die eine <strong>Touchscreen-Oberfl\u00e4che mit einem integrierten IP-Controller<\/strong> vereint. Dadurch konnte die Anzahl der Ger\u00e4te pro Raum reduziert werden, was die Komplexit\u00e4t, den Energieverbrauch und m\u00f6gliche Fehlerquellen deutlich minimierte.  <\/p>\n<p>Neben der Hardware entwickelte <a href=\"https:\/\/avitvision.es\/en\/\" target=\"_blank\" rel=\"noopener\">AVIT VISION<\/a> eine ma\u00dfgeschneiderte Softwarel\u00f6sung mit dem <a href=\"https:\/\/docs.cuesystem.com\/space\/PRODUCTS\/491061541\" target=\"_blank\" rel=\"noopener\">CUE Visual Composer<\/a>. Dadurch konnten die <strong>Konfigurationen<\/strong> der Unterrichtsr\u00e4umen <strong>deutlich vereinfacht<\/strong> und die <strong>Fern\u00fcberwachung<\/strong> erm\u00f6glicht werden. Das System weist <strong>automatisch<\/strong> Steuerungs-IP-Adressen zu, l\u00e4dt Konfigurationen herunter und liefert Echtzeit-Analysen \u2013 so kann das Technikteam der <a href=\"https:\/\/en.urjc.es\/\" target=\"_blank\" rel=\"noopener\">URJC<\/a> potenzielle Probleme erkennen, noch bevor sie auftreten. <\/p>\t\t\t\t\t\t\t\t<\/div>\n\t\t\t\t<\/div>\n\t\t\t\t<\/div>\n\t\t\t\t\t<\/div>\n\t\t\t\t<\/div>\n\t\t<div class=\"elementor-element elementor-element-9fead1c e-grid e-con-boxed e-con e-child\" data-id=\"9fead1c\" data-element_type=\"container\" data-e-type=\"container\">\n\t\t\t\t\t<div class=\"e-con-inner\">\n\t\t<div class=\"elementor-element elementor-element-86f387c e-con-full e-flex e-con e-child\" data-id=\"86f387c\" data-element_type=\"container\" data-e-type=\"container\">\n\t\t\t\t<div class=\"elementor-element elementor-element-b9c1cfa elementor-widget elementor-widget-heading\" data-id=\"b9c1cfa\" data-element_type=\"widget\" data-e-type=\"widget\" data-widget_type=\"heading.default\">\n\t\t\t\t<div class=\"elementor-widget-container\">\n\t\t\t\t\t<h2 class=\"elementor-heading-title elementor-size-default\">Unser L\u00f6sungsansatz<\/h2>\t\t\t\t<\/div>\n\t\t\t\t<\/div>\n\t\t\t\t<div class=\"elementor-element elementor-element-432be3a elementor-widget elementor-widget-text-editor\" data-id=\"432be3a\" data-element_type=\"widget\" data-e-type=\"widget\" data-widget_type=\"text-editor.default\">\n\t\t\t\t<div class=\"elementor-widget-container\">\n\t\t\t\t\t\t\t\t\t<p>Durch die Implementierung der Steuerungsl\u00f6sung von <strong>CUE<\/strong> erreichte die <a href=\"https:\/\/en.urjc.es\/\" target=\"_blank\" rel=\"noopener\">URJC<\/a> folgende Ergebnisse:<\/p>\n<ul>\n<li><span style=\"text-align: var(--text-align); color: var( --e-global-color-primary ); font-family: var( --e-global-typography-primary-font-family ), Sans-serif; font-size: var( --e-global-typography-primary-font-size ); font-weight: var( --e-global-typography-primary-font-weight );\"><strong>Vereinfachte AV-Steuerung<\/strong> \u2013 intuitive Benutzeroberfl\u00e4che f\u00fcr Lehrkr\u00e4fte<\/span><\/li>\n<li><strong>Geringere Wartungskosten<\/strong> \u2013 zentrales Monitoring und automatische Updates<\/li>\n<li><strong>Skalierbarkeit und Zuverl\u00e4ssigkeit<\/strong> \u2013 400 Unterrichtsr\u00e4ume nahtlos ausgestattet<\/li>\n<li><strong>Keine Systemausf\u00e4lle<\/strong> \u2013 touchCUE-7 \u00fcberzeugt seit der Einf\u00fchrung mit <strong>100 % Zuverl\u00e4ssigkeit<\/strong>.<\/li>\n<\/ul>\n<p>Diese <strong>umfassende Transformation<\/strong> stellt sicher, dass die Unterrichtsr\u00e4ume der <a href=\"https:\/\/en.urjc.es\/\" target=\"_blank\" rel=\"noopener\">URJC<\/a> auch weiterhin an der <strong>Spitze der digitalen Bildung<\/strong> stehen \u2013 und sowohl Lehrende als auch Studierende von <em><strong>modernster, benutzerfreundlicher Technologie<\/strong><\/em> profitieren.<\/p>\t\t\t\t\t\t\t\t<\/div>\n\t\t\t\t<\/div>\n\t\t\t\t<\/div>\n\t\t<div class=\"elementor-element elementor-element-61bfa88 e-con-full e-flex e-con e-child\" data-id=\"61bfa88\" data-element_type=\"container\" data-e-type=\"container\">\n\t\t\t\t<div class=\"elementor-element elementor-element-a511e27 elementor-widget elementor-widget-image\" data-id=\"a511e27\" data-element_type=\"widget\" data-e-type=\"widget\" data-widget_type=\"image.default\">\n\t\t\t\t<div class=\"elementor-widget-container\">\n\t\t\t\t\t\t\t\t\t\t\t\t\t\t\t<img loading=\"lazy\" decoding=\"async\" width=\"1024\" height=\"573\" src=\"https:\/\/www.cuesystem.com\/wp-content\/uploads\/2025\/03\/Snimek-obrazovky-2025-03-04-161014-1024x573.png\" class=\"attachment-large size-large wp-image-28922\" alt=\"\" srcset=\"https:\/\/www.cuesystem.com\/wp-content\/uploads\/2025\/03\/Snimek-obrazovky-2025-03-04-161014-1024x573.png 1024w, https:\/\/www.cuesystem.com\/wp-content\/uploads\/2025\/03\/Snimek-obrazovky-2025-03-04-161014-300x168.png 300w, https:\/\/www.cuesystem.com\/wp-content\/uploads\/2025\/03\/Snimek-obrazovky-2025-03-04-161014.png 1496w\" sizes=\"(max-width: 1024px) 100vw, 1024px\" \/>\t\t\t\t\t\t\t\t\t\t\t\t\t\t\t<\/div>\n\t\t\t\t<\/div>\n\t\t\t\t<div class=\"elementor-element elementor-element-43f4030 elementor-widget elementor-widget-image\" data-id=\"43f4030\" data-element_type=\"widget\" data-e-type=\"widget\" data-widget_type=\"image.default\">\n\t\t\t\t<div class=\"elementor-widget-container\">\n\t\t\t\t\t\t\t\t\t\t\t\t\t\t\t<img loading=\"lazy\" decoding=\"async\" width=\"1024\" height=\"607\" src=\"https:\/\/www.cuesystem.com\/wp-content\/uploads\/2025\/03\/Snimek-obrazovky-2025-03-04-160915-1024x607.png\" class=\"attachment-large size-large wp-image-28917\" alt=\"\" srcset=\"https:\/\/www.cuesystem.com\/wp-content\/uploads\/2025\/03\/Snimek-obrazovky-2025-03-04-160915-1024x607.png 1024w, https:\/\/www.cuesystem.com\/wp-content\/uploads\/2025\/03\/Snimek-obrazovky-2025-03-04-160915-300x178.png 300w, https:\/\/www.cuesystem.com\/wp-content\/uploads\/2025\/03\/Snimek-obrazovky-2025-03-04-160915.png 1495w\" sizes=\"(max-width: 1024px) 100vw, 1024px\" \/>\t\t\t\t\t\t\t\t\t\t\t\t\t\t\t<\/div>\n\t\t\t\t<\/div>\n\t\t\t\t<\/div>\n\t\t\t\t\t<\/div>\n\t\t\t\t<\/div>\n\t\t\t\t<\/div>\n\t\t<div class=\"elementor-element elementor-element-787e4eb e-flex e-con-boxed e-con e-parent\" data-id=\"787e4eb\" data-element_type=\"container\" data-e-type=\"container\">\n\t\t\t\t\t<div class=\"e-con-inner\">\n\t\t\t\t<div class=\"elementor-element elementor-element-66bf7b1 elementor-widget elementor-widget-heading\" data-id=\"66bf7b1\" data-element_type=\"widget\" data-e-type=\"widget\" data-widget_type=\"heading.default\">\n\t\t\t\t<div class=\"elementor-widget-container\">\n\t\t\t\t\t<h2 class=\"elementor-heading-title elementor-size-default\">Mehr \u00fcber dieses Projekt - AVIT VISION<\/h2>\t\t\t\t<\/div>\n\t\t\t\t<\/div>\n\t\t<div class=\"elementor-element elementor-element-0062203 e-grid e-con-full e-con e-child\" data-id=\"0062203\" data-element_type=\"container\" data-e-type=\"container\">\n\t\t<div class=\"elementor-element elementor-element-3d0436b e-con-full e-flex e-con e-child\" data-id=\"3d0436b\" data-element_type=\"container\" data-e-type=\"container\">\n\t\t\t\t<\/div>\n\t\t<div class=\"elementor-element elementor-element-9546875 e-con-full e-flex e-con e-child\" data-id=\"9546875\" data-element_type=\"container\" data-e-type=\"container\">\n\t\t\t\t<div class=\"elementor-element elementor-element-9ddddc6 elementor-align-center elementor-widget elementor-widget-button\" data-id=\"9ddddc6\" data-element_type=\"widget\" data-e-type=\"widget\" data-widget_type=\"button.default\">\n\t\t\t\t<div class=\"elementor-widget-container\">\n\t\t\t\t\t\t\t\t\t<div class=\"elementor-button-wrapper\">\n\t\t\t\t\t<a class=\"elementor-button elementor-button-link elementor-size-sm\" href=\"https:\/\/blog.avitvision.es\/cue-urjc\/\" target=\"_blank\">\n\t\t\t\t\t\t<span class=\"elementor-button-content-wrapper\">\n\t\t\t\t\t\t<span class=\"elementor-button-icon\">\n\t\t\t\t<svg aria-hidden=\"true\" class=\"e-font-icon-svg e-fas-external-link-alt\" viewBox=\"0 0 512 512\" xmlns=\"http:\/\/www.w3.org\/2000\/svg\"><path d=\"M432,320H400a16,16,0,0,0-16,16V448H64V128H208a16,16,0,0,0,16-16V80a16,16,0,0,0-16-16H48A48,48,0,0,0,0,112V464a48,48,0,0,0,48,48H400a48,48,0,0,0,48-48V336A16,16,0,0,0,432,320ZM488,0h-128c-21.37,0-32.05,25.91-17,41l35.73,35.73L135,320.37a24,24,0,0,0,0,34L157.67,377a24,24,0,0,0,34,0L435.28,133.32,471,169c15,15,41,4.5,41-17V24A24,24,0,0,0,488,0Z\"><\/path><\/svg>\t\t\t<\/span>\n\t\t\t\t\t\t\t\t\t<span class=\"elementor-button-text\">Mehr erfahren<\/span>\n\t\t\t\t\t<\/span>\n\t\t\t\t\t<\/a>\n\t\t\t\t<\/div>\n\t\t\t\t\t\t\t\t<\/div>\n\t\t\t\t<\/div>\n\t\t\t\t<\/div>\n\t\t<div class=\"elementor-element elementor-element-2502065 e-con-full e-flex e-con e-child\" data-id=\"2502065\" data-element_type=\"container\" data-e-type=\"container\">\n\t\t\t\t<\/div>\n\t\t\t\t<\/div>\n\t\t\t\t\t<\/div>\n\t\t\t\t<\/div>\n\t\t\t\t<\/div>\n\t\t","protected":false},"excerpt":{"rendered":"<p>Fallstudie Universit\u00e4t Rey Juan Carlos Die Herausforderung Die Universit\u00e4t Rey Juan Carlos (URJC) startete ein ambitioniertes Projekt zur Modernisierung der audiovisuellen Systeme auf all ihren Campusstandorten. In 400 Unterrichtsr\u00e4umen sollte eine nahtlose Steuerung verschiedenster AV-Technologien \u2013 Projektoren, Monitore, DSPs, Kameras, Mikrofone und Aufzeichnungssoftware \u2013 erm\u00f6glicht werden. Die Herausforderung war klar: eine zuverl\u00e4ssige, benutzerfreundliche L\u00f6sung zu <a href=\"https:\/\/www.cuesystem.com\/de\/fallstudien-2\/universitaet-rey-juan-carlos\/\" class=\"more-link\">\u2026\u00a0<span class=\"screen-reader-text\">  Universit\u00e4t Rey Juan Carlos<\/span><\/a><\/p>\n","protected":false},"author":3,"featured_media":0,"parent":30185,"menu_order":228,"comment_status":"closed","ping_status":"closed","template":"","meta":{"_acf_changed":false,"inline_featured_image":false,"footnotes":""},"kategorie":[],"class_list":["post-30150","page","type-page","status-publish","hentry"],"acf":[],"_links":{"self":[{"href":"https:\/\/www.cuesystem.com\/de\/wp-json\/wp\/v2\/pages\/30150","targetHints":{"allow":["GET"]}}],"collection":[{"href":"https:\/\/www.cuesystem.com\/de\/wp-json\/wp\/v2\/pages"}],"about":[{"href":"https:\/\/www.cuesystem.com\/de\/wp-json\/wp\/v2\/types\/page"}],"author":[{"embeddable":true,"href":"https:\/\/www.cuesystem.com\/de\/wp-json\/wp\/v2\/users\/3"}],"replies":[{"embeddable":true,"href":"https:\/\/www.cuesystem.com\/de\/wp-json\/wp\/v2\/comments?post=30150"}],"version-history":[{"count":5,"href":"https:\/\/www.cuesystem.com\/de\/wp-json\/wp\/v2\/pages\/30150\/revisions"}],"predecessor-version":[{"id":31997,"href":"https:\/\/www.cuesystem.com\/de\/wp-json\/wp\/v2\/pages\/30150\/revisions\/31997"}],"up":[{"embeddable":true,"href":"https:\/\/www.cuesystem.com\/de\/wp-json\/wp\/v2\/pages\/30185"}],"wp:attachment":[{"href":"https:\/\/www.cuesystem.com\/de\/wp-json\/wp\/v2\/media?parent=30150"}],"wp:term":[{"taxonomy":"kategorie","embeddable":true,"href":"https:\/\/www.cuesystem.com\/de\/wp-json\/wp\/v2\/kategorie?post=30150"}],"curies":[{"name":"wp","href":"https:\/\/api.w.org\/{rel}","templated":true}]}}