{"id":30156,"date":"2025-01-29T20:11:20","date_gmt":"2025-01-29T19:11:20","guid":{"rendered":"https:\/\/www.cuesystem.com\/flexigate-fuer-avinor-flughafen\/"},"modified":"2025-08-21T21:43:40","modified_gmt":"2025-08-21T19:43:40","slug":"flexigate-fuer-avinor-flughafen","status":"publish","type":"page","link":"https:\/\/www.cuesystem.com\/de\/fallstudien-2\/flexigate-fuer-avinor-flughafen\/","title":{"rendered":"FlexiGate am Avinor-Flughafen"},"content":{"rendered":"\t\t<div data-elementor-type=\"wp-page\" data-elementor-id=\"30156\" class=\"elementor elementor-30156 elementor-28230\" data-elementor-post-type=\"page\">\n\t\t\t\t<div class=\"elementor-element elementor-element-a8e4b7f e-con-full e-flex e-con e-child\" data-id=\"a8e4b7f\" data-element_type=\"container\" data-e-type=\"container\">\n\t\t\t\t<div class=\"elementor-element elementor-element-ba86354 elementor-widget elementor-widget-heading\" data-id=\"ba86354\" data-element_type=\"widget\" data-e-type=\"widget\" data-widget_type=\"heading.default\">\n\t\t\t\t<div class=\"elementor-widget-container\">\n\t\t\t\t\t<h3 class=\"elementor-heading-title elementor-size-default\">Fallstudie<\/h3>\t\t\t\t<\/div>\n\t\t\t\t<\/div>\n\t\t\t\t<div class=\"elementor-element elementor-element-ee14c40 elementor-widget elementor-widget-heading\" data-id=\"ee14c40\" data-element_type=\"widget\" data-e-type=\"widget\" data-widget_type=\"heading.default\">\n\t\t\t\t<div class=\"elementor-widget-container\">\n\t\t\t\t\t<h1 class=\"elementor-heading-title elementor-size-default\">FlexiGate am Avinor-Flughafen<\/h1>\t\t\t\t<\/div>\n\t\t\t\t<\/div>\n\t\t\t\t<div class=\"elementor-element elementor-element-15ab148 elementor-widget-divider--view-line elementor-widget elementor-widget-divider\" data-id=\"15ab148\" data-element_type=\"widget\" data-e-type=\"widget\" data-widget_type=\"divider.default\">\n\t\t\t\t<div class=\"elementor-widget-container\">\n\t\t\t\t\t\t\t<div class=\"elementor-divider\">\n\t\t\t<span class=\"elementor-divider-separator\">\n\t\t\t\t\t\t<\/span>\n\t\t<\/div>\n\t\t\t\t\t\t<\/div>\n\t\t\t\t<\/div>\n\t\t<div class=\"elementor-element elementor-element-cebe6c6 e-grid e-con-boxed e-con e-child\" data-id=\"cebe6c6\" data-element_type=\"container\" data-e-type=\"container\">\n\t\t\t\t\t<div class=\"e-con-inner\">\n\t\t<div class=\"elementor-element elementor-element-d9b7420 e-con-full e-flex e-con e-child\" data-id=\"d9b7420\" data-element_type=\"container\" data-e-type=\"container\">\n\t\t\t\t<div class=\"elementor-element elementor-element-5d3bac9 elementor-widget elementor-widget-heading\" data-id=\"5d3bac9\" data-element_type=\"widget\" data-e-type=\"widget\" data-widget_type=\"heading.default\">\n\t\t\t\t<div class=\"elementor-widget-container\">\n\t\t\t\t\t<h2 class=\"elementor-heading-title elementor-size-default\">Die Herausforderung<\/h2>\t\t\t\t<\/div>\n\t\t\t\t<\/div>\n\t\t\t\t<div class=\"elementor-element elementor-element-2416f74 elementor-widget elementor-widget-text-editor\" data-id=\"2416f74\" data-element_type=\"widget\" data-e-type=\"widget\" data-widget_type=\"text-editor.default\">\n\t\t\t\t<div class=\"elementor-widget-container\">\n\t\t\t\t\t\t\t\t\t<p class=\"\" data-v-4d192987=\"\" data-v-4a7aac3a=\"\">Ziel war es, <span class=\"text_node\" data-v-816e464e=\"\" data-v-4d192987=\"\">Prozesse<\/span> am <span class=\"text_node\" data-v-816e464e=\"\" data-v-4d192987=\"\">Flughafen<\/span> <a class=\"link_node text_node rw_adf_text_strong\" tabindex=\"0\" href=\"https:\/\/avinor.no\/en\/airport\/oslo-airport\/\" target=\"_blank\" rel=\"noopener\" data-v-098e4e53=\"\" data-v-816e464e=\"\" data-v-4d192987=\"\" data-ui-id=\"text-link\" data-ui-content=\"Avinor \"><span class=\"inline_text_span\" data-v-098e4e53=\"\">Avinor<\/span><\/a> <span class=\"text_node rw_adf_text_strong\" data-v-816e464e=\"\" data-v-4d192987=\"\">zu<\/span> <span class=\"text_node rw_adf_text_strong\" data-v-816e464e=\"\" data-v-4d192987=\"\">automatisieren<\/span> <span class=\"text_node\" data-v-816e464e=\"\" data-v-4d192987=\"\">und eine<\/span> <span class=\"text_node rw_adf_text_strong\" data-v-816e464e=\"\" data-v-4d192987=\"\">intelligente<\/span> <span class=\"text_node\" data-v-816e464e=\"\" data-v-4d192987=\"\">sowie<\/span> <span class=\"text_node rw_adf_text_strong\" data-v-816e464e=\"\" data-v-4d192987=\"\">effiziente<\/span> <span class=\"text_node\" data-v-816e464e=\"\" data-v-4d192987=\"\">Raumnutzung<\/span> zu erm\u00f6glichen \u2013 bei <span class=\"text_node rw_adf_text_strong\" data-v-816e464e=\"\" data-v-4d192987=\"\">minimalem<\/span> <span class=\"text_node\" data-v-816e464e=\"\" data-v-4d192987=\"\">Bedarf<\/span> an <span class=\"text_node rw_adf_text_strong\" data-v-816e464e=\"\" data-v-4d192987=\"\">menschlichen Eingriffen<\/span><span class=\"text_node\" data-v-816e464e=\"\" data-v-4d192987=\"\">.<\/span><\/p>\t\t\t\t\t\t\t\t<\/div>\n\t\t\t\t<\/div>\n\t\t\t\t<\/div>\n\t\t<div class=\"elementor-element elementor-element-90d239d e-con-full e-flex e-con e-child\" data-id=\"90d239d\" data-element_type=\"container\" data-e-type=\"container\">\n\t\t\t\t<div class=\"elementor-element elementor-element-5936a3d elementor-widget elementor-widget-image\" data-id=\"5936a3d\" data-element_type=\"widget\" data-e-type=\"widget\" data-widget_type=\"image.default\">\n\t\t\t\t<div class=\"elementor-widget-container\">\n\t\t\t\t\t\t\t\t\t\t\t\t\t\t\t<img fetchpriority=\"high\" decoding=\"async\" width=\"1024\" height=\"683\" src=\"https:\/\/www.cuesystem.com\/wp-content\/uploads\/2025\/01\/img_no_oslo_airport_2-1024x683.jpg\" class=\"attachment-large size-large wp-image-28253\" alt=\"\" srcset=\"https:\/\/www.cuesystem.com\/wp-content\/uploads\/2025\/01\/img_no_oslo_airport_2-1024x683.jpg 1024w, https:\/\/www.cuesystem.com\/wp-content\/uploads\/2025\/01\/img_no_oslo_airport_2-300x200.jpg 300w, https:\/\/www.cuesystem.com\/wp-content\/uploads\/2025\/01\/img_no_oslo_airport_2.jpg 1200w\" sizes=\"(max-width: 1024px) 100vw, 1024px\" \/>\t\t\t\t\t\t\t\t\t\t\t\t\t\t\t<\/div>\n\t\t\t\t<\/div>\n\t\t\t\t<\/div>\n\t\t\t\t\t<\/div>\n\t\t\t\t<\/div>\n\t\t<div class=\"elementor-element elementor-element-cc6bf80 e-grid e-con-boxed e-con e-child\" data-id=\"cc6bf80\" data-element_type=\"container\" data-e-type=\"container\">\n\t\t\t\t\t<div class=\"e-con-inner\">\n\t\t<div class=\"elementor-element elementor-element-ea6cccf e-con-full e-flex e-con e-child\" data-id=\"ea6cccf\" data-element_type=\"container\" data-e-type=\"container\">\n\t\t\t\t<div class=\"elementor-element elementor-element-2b69161 elementor-widget elementor-widget-image\" data-id=\"2b69161\" data-element_type=\"widget\" data-e-type=\"widget\" data-widget_type=\"image.default\">\n\t\t\t\t<div class=\"elementor-widget-container\">\n\t\t\t\t\t\t\t\t\t\t\t\t\t\t\t<img decoding=\"async\" width=\"600\" height=\"400\" src=\"https:\/\/www.cuesystem.com\/wp-content\/uploads\/2025\/01\/tb8c9082.jpg\" class=\"attachment-large size-large wp-image-28258\" alt=\"\" srcset=\"https:\/\/www.cuesystem.com\/wp-content\/uploads\/2025\/01\/tb8c9082.jpg 600w, https:\/\/www.cuesystem.com\/wp-content\/uploads\/2025\/01\/tb8c9082-300x200.jpg 300w\" sizes=\"(max-width: 600px) 100vw, 600px\" \/>\t\t\t\t\t\t\t\t\t\t\t\t\t\t\t<\/div>\n\t\t\t\t<\/div>\n\t\t\t\t<\/div>\n\t\t<div class=\"elementor-element elementor-element-33302fe e-con-full e-flex e-con e-child\" data-id=\"33302fe\" data-element_type=\"container\" data-e-type=\"container\">\n\t\t\t\t<div class=\"elementor-element elementor-element-fa67a3c elementor-widget elementor-widget-heading\" data-id=\"fa67a3c\" data-element_type=\"widget\" data-e-type=\"widget\" data-widget_type=\"heading.default\">\n\t\t\t\t<div class=\"elementor-widget-container\">\n\t\t\t\t\t<h2 class=\"elementor-heading-title elementor-size-default\">\u00dcber Avinor<\/h2>\t\t\t\t<\/div>\n\t\t\t\t<\/div>\n\t\t\t\t<div class=\"elementor-element elementor-element-c9fcf20 elementor-widget elementor-widget-text-editor\" data-id=\"c9fcf20\" data-element_type=\"widget\" data-e-type=\"widget\" data-widget_type=\"text-editor.default\">\n\t\t\t\t<div class=\"elementor-widget-container\">\n\t\t\t\t\t\t\t\t\t<p>Avinor betreibt den Gro\u00dfteil der zivilen Flugh\u00e4fen in Norwegen und ist derzeit f\u00fcr 44 staatliche Flugh\u00e4fen verantwortlich. <\/p><p>Unser norwegischer Partner Caverion \u00fcbernahm die Umsetzung des Projekts.<\/p>\t\t\t\t\t\t\t\t<\/div>\n\t\t\t\t<\/div>\n\t\t\t\t<\/div>\n\t\t\t\t\t<\/div>\n\t\t\t\t<\/div>\n\t\t<div class=\"elementor-element elementor-element-07a9946 e-grid e-con-boxed e-con e-child\" data-id=\"07a9946\" data-element_type=\"container\" data-e-type=\"container\">\n\t\t\t\t\t<div class=\"e-con-inner\">\n\t\t<div class=\"elementor-element elementor-element-118ae5b e-con-full e-flex e-con e-child\" data-id=\"118ae5b\" data-element_type=\"container\" data-e-type=\"container\">\n\t\t\t\t<div class=\"elementor-element elementor-element-3bd6ee5 elementor-widget elementor-widget-heading\" data-id=\"3bd6ee5\" data-element_type=\"widget\" data-e-type=\"widget\" data-widget_type=\"heading.default\">\n\t\t\t\t<div class=\"elementor-widget-container\">\n\t\t\t\t\t<h2 class=\"elementor-heading-title elementor-size-default\">Unser L\u00f6sungsansatz<\/h2>\t\t\t\t<\/div>\n\t\t\t\t<\/div>\n\t\t\t\t<div class=\"elementor-element elementor-element-0a76824 elementor-widget elementor-widget-text-editor\" data-id=\"0a76824\" data-element_type=\"widget\" data-e-type=\"widget\" data-widget_type=\"text-editor.default\">\n\t\t\t\t<div class=\"elementor-widget-container\">\n\t\t\t\t\t\t\t\t\t<p>Intelligente Technologien, die Effizienz, Sicherheit und optimale Raumnutzung gew\u00e4hrleisten, sind entscheidend, um den Herausforderungen der st\u00e4ndig wachsenden und sich weiterentwickelnden Luftfahrtbranche zu begegnen. Genau aus diesem Grund wurde die automatisierte L\u00f6sung Flexigate entwickelt. <\/p><p>Mit Hilfe unserer Touchpanels hat <a href=\"https:\/\/www.caverion.com\/\" target=\"_blank\" rel=\"noopener\">Caverion<\/a> eine sichere und \u00e4u\u00dferst logische L\u00f6sung entwickelt, die Prozesse vereinfacht und viel wertvolle Zeit spart.<\/p><p>Flexigate erm\u00f6glicht die Nutzung derselben Gates f\u00fcr sowohl nationale als auch internationale Flugverbindungen \u2013 mit minimalem Personaleinsatz und maximalem Komfort f\u00fcr die Reisenden. Flexigate ist die zukunftsweisende L\u00f6sung f\u00fcr alle Flugh\u00e4fen, bei denen Zeit, Kosten und eine clevere Raumnutzung entscheidend sind.  <\/p>\t\t\t\t\t\t\t\t<\/div>\n\t\t\t\t<\/div>\n\t\t\t\t<\/div>\n\t\t<div class=\"elementor-element elementor-element-5c999ed e-con-full e-flex e-con e-child\" data-id=\"5c999ed\" data-element_type=\"container\" data-e-type=\"container\">\n\t\t\t\t<div class=\"elementor-element elementor-element-5ea3cc1 elementor-widget elementor-widget-image\" data-id=\"5ea3cc1\" data-element_type=\"widget\" data-e-type=\"widget\" data-widget_type=\"image.default\">\n\t\t\t\t<div class=\"elementor-widget-container\">\n\t\t\t\t\t\t\t\t\t\t\t\t\t\t\t<img decoding=\"async\" width=\"1024\" height=\"683\" src=\"https:\/\/www.cuesystem.com\/wp-content\/uploads\/2025\/01\/img_no_oslo_airport_23-1024x683.jpg\" class=\"attachment-large size-large wp-image-28263\" alt=\"\" srcset=\"https:\/\/www.cuesystem.com\/wp-content\/uploads\/2025\/01\/img_no_oslo_airport_23-1024x683.jpg 1024w, https:\/\/www.cuesystem.com\/wp-content\/uploads\/2025\/01\/img_no_oslo_airport_23-300x200.jpg 300w, https:\/\/www.cuesystem.com\/wp-content\/uploads\/2025\/01\/img_no_oslo_airport_23.jpg 1200w\" sizes=\"(max-width: 1024px) 100vw, 1024px\" \/>\t\t\t\t\t\t\t\t\t\t\t\t\t\t\t<\/div>\n\t\t\t\t<\/div>\n\t\t\t\t<\/div>\n\t\t\t\t\t<\/div>\n\t\t\t\t<\/div>\n\t\t<div class=\"elementor-element elementor-element-d2d40ba e-grid e-con-boxed e-con e-child\" data-id=\"d2d40ba\" data-element_type=\"container\" data-e-type=\"container\">\n\t\t\t\t\t<div class=\"e-con-inner\">\n\t\t<div class=\"elementor-element elementor-element-eabbccc e-con-full e-flex e-con e-child\" data-id=\"eabbccc\" data-element_type=\"container\" data-e-type=\"container\">\n\t\t\t\t<div class=\"elementor-element elementor-element-edd72fa elementor-widget elementor-widget-video\" data-id=\"edd72fa\" data-element_type=\"widget\" data-e-type=\"widget\" data-settings=\"{&quot;video_type&quot;:&quot;vimeo&quot;}\" data-widget_type=\"video.default\">\n\t\t\t\t<div class=\"elementor-widget-container\">\n\t\t\t\t\t\t\t<div class=\"elementor-wrapper elementor-open-inline\">\n\t\t\t<iframe class=\"elementor-video-iframe\" allowfullscreen allow=\"clipboard-write\" title=\"youtube Video Player\" src=\"https:\/\/www.youtube.com\/embed\/rh980ScAa2c?feature=oembed&amp;color&amp;autopause=0&amp;loop=0&amp;muted=0&amp;title=1&amp;portrait=1&amp;byline=1\"><\/iframe>\t\t<\/div>\n\t\t\t\t\t\t<\/div>\n\t\t\t\t<\/div>\n\t\t\t\t<\/div>\n\t\t<div class=\"elementor-element elementor-element-17d2fb2 e-con-full e-flex e-con e-child\" data-id=\"17d2fb2\" data-element_type=\"container\" data-e-type=\"container\">\n\t\t\t\t<div class=\"elementor-element elementor-element-dc7bfb9 elementor-widget elementor-widget-heading\" data-id=\"dc7bfb9\" data-element_type=\"widget\" data-e-type=\"widget\" data-widget_type=\"heading.default\">\n\t\t\t\t<div class=\"elementor-widget-container\">\n\t\t\t\t\t<h2 class=\"elementor-heading-title elementor-size-default\">Mehr \u00fcber dieses Projekt<\/h2>\t\t\t\t<\/div>\n\t\t\t\t<\/div>\n\t\t\t\t<\/div>\n\t\t\t\t\t<\/div>\n\t\t\t\t<\/div>\n\t\t\t\t<\/div>\n\t\t\t\t<\/div>\n\t\t","protected":false},"excerpt":{"rendered":"<p>Fallstudie FlexiGate am Avinor-Flughafen Die Herausforderung Ziel war es, Prozesse am Flughafen Avinor zu automatisieren und eine intelligente sowie effiziente Raumnutzung zu erm\u00f6glichen \u2013 bei minimalem Bedarf an menschlichen Eingriffen. \u00dcber Avinor Avinor betreibt den Gro\u00dfteil der zivilen Flugh\u00e4fen in Norwegen und ist derzeit f\u00fcr 44 staatliche Flugh\u00e4fen verantwortlich. Unser norwegischer Partner Caverion \u00fcbernahm die <a href=\"https:\/\/www.cuesystem.com\/de\/fallstudien-2\/flexigate-fuer-avinor-flughafen\/\" class=\"more-link\">\u2026\u00a0<span class=\"screen-reader-text\">  FlexiGate am Avinor-Flughafen<\/span><\/a><\/p>\n","protected":false},"author":3,"featured_media":0,"parent":30185,"menu_order":248,"comment_status":"closed","ping_status":"closed","template":"","meta":{"_acf_changed":false,"inline_featured_image":false,"footnotes":""},"kategorie":[],"class_list":["post-30156","page","type-page","status-publish","hentry"],"acf":[],"_links":{"self":[{"href":"https:\/\/www.cuesystem.com\/de\/wp-json\/wp\/v2\/pages\/30156","targetHints":{"allow":["GET"]}}],"collection":[{"href":"https:\/\/www.cuesystem.com\/de\/wp-json\/wp\/v2\/pages"}],"about":[{"href":"https:\/\/www.cuesystem.com\/de\/wp-json\/wp\/v2\/types\/page"}],"author":[{"embeddable":true,"href":"https:\/\/www.cuesystem.com\/de\/wp-json\/wp\/v2\/users\/3"}],"replies":[{"embeddable":true,"href":"https:\/\/www.cuesystem.com\/de\/wp-json\/wp\/v2\/comments?post=30156"}],"version-history":[{"count":6,"href":"https:\/\/www.cuesystem.com\/de\/wp-json\/wp\/v2\/pages\/30156\/revisions"}],"predecessor-version":[{"id":32240,"href":"https:\/\/www.cuesystem.com\/de\/wp-json\/wp\/v2\/pages\/30156\/revisions\/32240"}],"up":[{"embeddable":true,"href":"https:\/\/www.cuesystem.com\/de\/wp-json\/wp\/v2\/pages\/30185"}],"wp:attachment":[{"href":"https:\/\/www.cuesystem.com\/de\/wp-json\/wp\/v2\/media?parent=30156"}],"wp:term":[{"taxonomy":"kategorie","embeddable":true,"href":"https:\/\/www.cuesystem.com\/de\/wp-json\/wp\/v2\/kategorie?post=30156"}],"curies":[{"name":"wp","href":"https:\/\/api.w.org\/{rel}","templated":true}]}}