{"id":30163,"date":"2025-01-29T17:11:28","date_gmt":"2025-01-29T16:11:28","guid":{"rendered":"https:\/\/www.cuesystem.com\/andaz-prag\/"},"modified":"2026-03-25T21:26:54","modified_gmt":"2026-03-25T20:26:54","slug":"andaz-prag","status":"publish","type":"page","link":"https:\/\/www.cuesystem.com\/de\/fallstudien-2\/andaz-prag\/","title":{"rendered":"Hotel Andaz Prag"},"content":{"rendered":"\t\t<div data-elementor-type=\"wp-page\" data-elementor-id=\"30163\" class=\"elementor elementor-30163 elementor-28101\" data-elementor-post-type=\"page\">\n\t\t\t\t<div class=\"elementor-element elementor-element-275e974 e-con-full e-flex e-con e-child\" data-id=\"275e974\" data-element_type=\"container\" data-e-type=\"container\">\n\t\t\t\t<div class=\"elementor-element elementor-element-94521c0 elementor-widget elementor-widget-heading\" data-id=\"94521c0\" data-element_type=\"widget\" data-e-type=\"widget\" data-widget_type=\"heading.default\">\n\t\t\t\t<div class=\"elementor-widget-container\">\n\t\t\t\t\t<h3 class=\"elementor-heading-title elementor-size-default\">Fallstudie<\/h3>\t\t\t\t<\/div>\n\t\t\t\t<\/div>\n\t\t\t\t<div class=\"elementor-element elementor-element-2ff11f3 elementor-widget elementor-widget-heading\" data-id=\"2ff11f3\" data-element_type=\"widget\" data-e-type=\"widget\" data-widget_type=\"heading.default\">\n\t\t\t\t<div class=\"elementor-widget-container\">\n\t\t\t\t\t<h1 class=\"elementor-heading-title elementor-size-default\">Hotel Andaz Prag<\/h1>\t\t\t\t<\/div>\n\t\t\t\t<\/div>\n\t\t\t\t<div class=\"elementor-element elementor-element-4d485de elementor-widget-divider--view-line elementor-widget elementor-widget-divider\" data-id=\"4d485de\" data-element_type=\"widget\" data-e-type=\"widget\" data-widget_type=\"divider.default\">\n\t\t\t\t<div class=\"elementor-widget-container\">\n\t\t\t\t\t\t\t<div class=\"elementor-divider\">\n\t\t\t<span class=\"elementor-divider-separator\">\n\t\t\t\t\t\t<\/span>\n\t\t<\/div>\n\t\t\t\t\t\t<\/div>\n\t\t\t\t<\/div>\n\t\t<div class=\"elementor-element elementor-element-64fdd00 e-grid e-con-boxed e-con e-child\" data-id=\"64fdd00\" data-element_type=\"container\" data-e-type=\"container\">\n\t\t\t\t\t<div class=\"e-con-inner\">\n\t\t<div class=\"elementor-element elementor-element-a0874b1 e-con-full e-flex e-con e-child\" data-id=\"a0874b1\" data-element_type=\"container\" data-e-type=\"container\">\n\t\t\t\t<div class=\"elementor-element elementor-element-5571e32 elementor-widget elementor-widget-heading\" data-id=\"5571e32\" data-element_type=\"widget\" data-e-type=\"widget\" data-widget_type=\"heading.default\">\n\t\t\t\t<div class=\"elementor-widget-container\">\n\t\t\t\t\t<h2 class=\"elementor-heading-title elementor-size-default\">Die Herausforderung<\/h2>\t\t\t\t<\/div>\n\t\t\t\t<\/div>\n\t\t\t\t<div class=\"elementor-element elementor-element-6c93513 elementor-widget elementor-widget-text-editor\" data-id=\"6c93513\" data-element_type=\"widget\" data-e-type=\"widget\" data-widget_type=\"text-editor.default\">\n\t\t\t\t<div class=\"elementor-widget-container\">\n\t\t\t\t\t\t\t\t\t<p><span class=\"text_node\" style=\"display: inline; line-height: 1.375rem; color: #111111; font-family: Arial, sans-serif; background-color: #ffffff;\" data-v-816e464e=\"\" data-v-4d192987=\"\">Eine <\/span><span class=\"text_node rw_adf_text_strong\" style=\"display: inline; line-height: 1.375rem; font-weight: bold; color: #111111; font-family: Arial, sans-serif; background-color: #ffffff;\" data-v-816e464e=\"\" data-v-4d192987=\"\">komfortable <\/span><span class=\"text_node\" style=\"display: inline; line-height: 1.375rem; color: #111111; font-family: Arial, sans-serif; background-color: #ffffff;\" data-v-816e464e=\"\" data-v-4d192987=\"\">und <\/span><span class=\"text_node rw_adf_text_strong\" style=\"display: inline; line-height: 1.375rem; font-weight: bold; color: #111111; font-family: Arial, sans-serif; background-color: #ffffff;\" data-v-816e464e=\"\" data-v-4d192987=\"\">intuitive Steuerung <\/span><span class=\"text_node\" style=\"display: inline; line-height: 1.375rem; color: #111111; font-family: Arial, sans-serif; background-color: #ffffff;\" data-v-816e464e=\"\" data-v-4d192987=\"\">der <\/span><span class=\"text_node rw_adf_text_strong\" style=\"display: inline; line-height: 1.375rem; font-weight: bold; color: #111111; font-family: Arial, sans-serif; background-color: #ffffff;\" data-v-816e464e=\"\" data-v-4d192987=\"\">Konferenzr\u00e4ume<\/span><span class=\"text_node\" style=\"display: inline; line-height: 1.375rem; color: #111111; font-family: Arial, sans-serif; background-color: #ffffff;\" data-v-816e464e=\"\" data-v-4d192987=\"\"> in den Andaz Studios 1, 2 und 3 des Hotels <\/span><a class=\"link_node text_node rw_adf_text_strong\" style=\"color: #394fce; text-decoration-thickness: unset; text-decoration-style: unset; text-decoration-color: unset; font-weight: bold; font-size: 16px; line-height: 1.25rem; padding: 0.0625rem 0px; font-family: Arial, sans-serif; background-color: #ffffff;\" tabindex=\"0\" href=\"https:\/\/www.hyatt.com\/andaz\/prgaz-andaz-prague\" target=\"_blank\" rel=\"noopener\" data-v-098e4e53=\"\" data-v-816e464e=\"\" data-v-4d192987=\"\" data-ui-id=\"text-link\" data-ui-content=\"Andaz Prague\"><span class=\"inline_text_span\" style=\"display: inline; word-break: break-word;\" data-v-098e4e53=\"\">Andaz Prag<\/span><\/a><span class=\"text_node\" style=\"display: inline; line-height: 1.375rem; color: #111111; font-family: Arial, sans-serif; background-color: #ffffff;\" data-v-816e464e=\"\" data-v-4d192987=\"\"> zu gew\u00e4hrleisten.<\/span><\/p>\t\t\t\t\t\t\t\t<\/div>\n\t\t\t\t<\/div>\n\t\t\t\t<\/div>\n\t\t<div class=\"elementor-element elementor-element-e0df23b e-con-full e-flex e-con e-child\" data-id=\"e0df23b\" data-element_type=\"container\" data-e-type=\"container\">\n\t\t\t\t<div class=\"elementor-element elementor-element-79ba39e elementor-widget elementor-widget-image\" data-id=\"79ba39e\" data-element_type=\"widget\" data-e-type=\"widget\" data-widget_type=\"image.default\">\n\t\t\t\t<div class=\"elementor-widget-container\">\n\t\t\t\t\t\t\t\t\t\t\t\t\t\t\t<img fetchpriority=\"high\" decoding=\"async\" width=\"1024\" height=\"683\" src=\"https:\/\/www.cuesystem.com\/wp-content\/uploads\/2025\/01\/hotel-andaz_2-1024x683.jpeg\" class=\"attachment-large size-large wp-image-28115\" alt=\"\" srcset=\"https:\/\/www.cuesystem.com\/wp-content\/uploads\/2025\/01\/hotel-andaz_2-1024x683.jpeg 1024w, https:\/\/www.cuesystem.com\/wp-content\/uploads\/2025\/01\/hotel-andaz_2-300x200.jpeg 300w, https:\/\/www.cuesystem.com\/wp-content\/uploads\/2025\/01\/hotel-andaz_2.jpeg 1200w\" sizes=\"(max-width: 1024px) 100vw, 1024px\" \/>\t\t\t\t\t\t\t\t\t\t\t\t\t\t\t<\/div>\n\t\t\t\t<\/div>\n\t\t\t\t<\/div>\n\t\t\t\t\t<\/div>\n\t\t\t\t<\/div>\n\t\t<div class=\"elementor-element elementor-element-c9fe6ca e-grid e-con-boxed e-con e-child\" data-id=\"c9fe6ca\" data-element_type=\"container\" data-e-type=\"container\">\n\t\t\t\t\t<div class=\"e-con-inner\">\n\t\t<div class=\"elementor-element elementor-element-13e7614 e-con-full e-flex e-con e-child\" data-id=\"13e7614\" data-element_type=\"container\" data-e-type=\"container\">\n\t\t\t\t<div class=\"elementor-element elementor-element-5a91610 elementor-widget elementor-widget-image\" data-id=\"5a91610\" data-element_type=\"widget\" data-e-type=\"widget\" data-widget_type=\"image.default\">\n\t\t\t\t<div class=\"elementor-widget-container\">\n\t\t\t\t\t\t\t\t\t\t\t\t\t\t\t<img decoding=\"async\" width=\"1024\" height=\"683\" src=\"https:\/\/www.cuesystem.com\/wp-content\/uploads\/2025\/01\/hotel-andaz_12-1024x683.jpeg\" class=\"attachment-large size-large wp-image-28120\" alt=\"\" srcset=\"https:\/\/www.cuesystem.com\/wp-content\/uploads\/2025\/01\/hotel-andaz_12-1024x683.jpeg 1024w, https:\/\/www.cuesystem.com\/wp-content\/uploads\/2025\/01\/hotel-andaz_12-300x200.jpeg 300w, https:\/\/www.cuesystem.com\/wp-content\/uploads\/2025\/01\/hotel-andaz_12.jpeg 1200w\" sizes=\"(max-width: 1024px) 100vw, 1024px\" \/>\t\t\t\t\t\t\t\t\t\t\t\t\t\t\t<\/div>\n\t\t\t\t<\/div>\n\t\t\t\t<\/div>\n\t\t<div class=\"elementor-element elementor-element-a9efdfc e-con-full e-flex e-con e-child\" data-id=\"a9efdfc\" data-element_type=\"container\" data-e-type=\"container\">\n\t\t\t\t<div class=\"elementor-element elementor-element-6078132 elementor-widget elementor-widget-heading\" data-id=\"6078132\" data-element_type=\"widget\" data-e-type=\"widget\" data-widget_type=\"heading.default\">\n\t\t\t\t<div class=\"elementor-widget-container\">\n\t\t\t\t\t<h2 class=\"elementor-heading-title elementor-size-default\">\u00dcber Andaz Prag<\/h2>\t\t\t\t<\/div>\n\t\t\t\t<\/div>\n\t\t\t\t<div class=\"elementor-element elementor-element-d3f7c83 elementor-widget elementor-widget-text-editor\" data-id=\"d3f7c83\" data-element_type=\"widget\" data-e-type=\"widget\" data-widget_type=\"text-editor.default\">\n\t\t\t\t<div class=\"elementor-widget-container\">\n\t\t\t\t\t\t\t\t\t<p class=\"\" data-v-4d192987=\"\" data-v-4a7aac3a=\"\"><a class=\"link_node text_node rw_adf_text_strong\" tabindex=\"0\" href=\"https:\/\/www.hyatt.com\/andaz\/prgaz-andaz-prague\" target=\"_blank\" rel=\"noopener\" data-v-098e4e53=\"\" data-v-816e464e=\"\" data-v-4d192987=\"\" data-ui-id=\"text-link\" data-ui-content=\"Andaz Prague\"><span class=\"inline_text_span\" data-v-098e4e53=\"\">Das Andaz Prag<\/span><\/a><span class=\"text_node\" data-v-816e464e=\"\" data-v-4d192987=\"\"> ist ein prestigetr\u00e4chtiges F\u00fcnf-Sterne-Hotel im Herzen der Prager Altstadt. Untergebracht im ikonischen \u201aSugar Palace\u2018 (Curkovarnick\u00fd Pal\u00e1c) vereint dieses luxuri\u00f6se Lifestyle-Hotel moderne Eleganz mit historischem Charme. Den G\u00e4sten stehen nicht nur sorgf\u00e4ltig gestaltete Unterk\u00fcnfte zur Verf\u00fcgung, sondern auch direkter Zugang zu den bedeutendsten Sehensw\u00fcrdigkeiten der Stadt \u2013 f\u00fcr einen unvergesslichen Aufenthalt.  <\/span><\/p><p class=\"\" data-v-4d192987=\"\" data-v-4a7aac3a=\"\"><span class=\"text_node\" data-v-816e464e=\"\" data-v-4d192987=\"\">Unser <\/span><span class=\"text_node rw_adf_text_strong\" data-v-816e464e=\"\" data-v-4d192987=\"\">tschechischer Vertriebspartner, <\/span><a class=\"link_node text_node rw_adf_text_strong\" tabindex=\"0\" href=\"https:\/\/www.avmedia.cz\/en\/solutions\" target=\"_blank\" rel=\"noopener\" data-v-098e4e53=\"\" data-v-816e464e=\"\" data-v-4d192987=\"\" data-ui-id=\"text-link\" data-ui-content=\"AV MEDIA\"><span class=\"inline_text_span\" data-v-098e4e53=\"\">AV MEDIA<\/span><\/a><span class=\"text_node rw_adf_text_strong\" data-v-816e464e=\"\" data-v-4d192987=\"\">,<\/span><span class=\"text_node\" data-v-816e464e=\"\" data-v-4d192987=\"\"> \u00fcbernahm die Umsetzung des Projekts.<\/span><\/p>\t\t\t\t\t\t\t\t<\/div>\n\t\t\t\t<\/div>\n\t\t\t\t<\/div>\n\t\t\t\t\t<\/div>\n\t\t\t\t<\/div>\n\t\t<div class=\"elementor-element elementor-element-478777e e-grid e-con-boxed e-con e-child\" data-id=\"478777e\" data-element_type=\"container\" data-e-type=\"container\">\n\t\t\t\t\t<div class=\"e-con-inner\">\n\t\t<div class=\"elementor-element elementor-element-3dff335 e-con-full e-flex e-con e-child\" data-id=\"3dff335\" data-element_type=\"container\" data-e-type=\"container\">\n\t\t\t\t<div class=\"elementor-element elementor-element-55180e5 elementor-widget elementor-widget-heading\" data-id=\"55180e5\" data-element_type=\"widget\" data-e-type=\"widget\" data-widget_type=\"heading.default\">\n\t\t\t\t<div class=\"elementor-widget-container\">\n\t\t\t\t\t<h2 class=\"elementor-heading-title elementor-size-default\">Unser L\u00f6sungsansatz<\/h2>\t\t\t\t<\/div>\n\t\t\t\t<\/div>\n\t\t\t\t<div class=\"elementor-element elementor-element-e353631 elementor-widget elementor-widget-text-editor\" data-id=\"e353631\" data-element_type=\"widget\" data-e-type=\"widget\" data-widget_type=\"text-editor.default\">\n\t\t\t\t<div class=\"elementor-widget-container\">\n\t\t\t\t\t\t\t\t\t<p class=\"\" data-v-4d192987=\"\" data-v-4a7aac3a=\"\"><span class=\"text_node\" data-v-816e464e=\"\" data-v-4d192987=\"\">Durch <\/span><span class=\"text_node rw_adf_text_strong\" data-v-816e464e=\"\" data-v-4d192987=\"\">die Integration von <\/span><span class=\"text_node\" data-v-816e464e=\"\" data-v-4d192987=\"\">der Andaz Studios 1, 2 und 3 in das CUE-<\/span><span class=\"text_node rw_adf_text_strong\" data-v-816e464e=\"\" data-v-4d192987=\"\">Steuerungssystem <\/span><span class=\"text_node\" data-v-816e464e=\"\" data-v-4d192987=\"\">haben wir eine <\/span><span class=\"text_node rw_adf_text_strong\" data-v-816e464e=\"\" data-v-4d192987=\"\">nahtlose Kontrolle<\/span><span class=\"text_node\" data-v-816e464e=\"\" data-v-4d192987=\"\"> \u00fcber <\/span><span class=\"text_node rw_adf_text_strong\" data-v-816e464e=\"\" data-v-4d192987=\"\">audiovisuelle Technik<\/span><span class=\"text_node\" data-v-816e464e=\"\" data-v-4d192987=\"\">, <\/span><span class=\"text_node rw_adf_text_strong\" data-v-816e464e=\"\" data-v-4d192987=\"\">Beleuchtung<\/span><span class=\"text_node\" data-v-816e464e=\"\" data-v-4d192987=\"\">und <\/span><span class=\"text_node rw_adf_text_strong\" data-v-816e464e=\"\" data-v-4d192987=\"\">HLK-Systeme erm\u00f6glicht<\/span><span class=\"text_node\" data-v-816e464e=\"\" data-v-4d192987=\"\">.<\/span><\/p><p class=\"\" data-v-4d192987=\"\" data-v-4a7aac3a=\"\"><span class=\"text_node\" data-v-816e464e=\"\" data-v-4d192987=\"\">Diese Studios mit einer Fl\u00e4che von bis zu <\/span><span class=\"text_node rw_adf_text_strong\" data-v-816e464e=\"\" data-v-4d192987=\"\">150 Quadratmetern <\/span><span class=\"text_node\" data-v-816e464e=\"\" data-v-4d192987=\"\">sind nun bereit, Meetings mit bis zu <\/span><span class=\"text_node rw_adf_text_strong\" data-v-816e464e=\"\" data-v-4d192987=\"\">140 Personen zu beherbergen<\/span><span class=\"text_node\" data-v-816e464e=\"\" data-v-4d192987=\"\">.<\/span><\/p><p class=\"\" data-v-4d192987=\"\" data-v-4a7aac3a=\"\"><span class=\"text_node\" data-v-816e464e=\"\" data-v-4d192987=\"\">Unsere <\/span><span class=\"text_node rw_adf_text_strong\" data-v-816e464e=\"\" data-v-4d192987=\"\">Steuerungs<\/span><span class=\"text_node\" data-v-816e464e=\"\" data-v-4d192987=\"\">l\u00f6sung <\/span><span class=\"text_node rw_adf_text_strong\" data-v-816e464e=\"\" data-v-4d192987=\"\">erf\u00fcllt <\/span><span class=\"text_node\" data-v-816e464e=\"\" data-v-4d192987=\"\">vielf\u00e4ltige <\/span><span class=\"text_node rw_adf_text_strong\" data-v-816e464e=\"\" data-v-4d192987=\"\">Meeting-<\/span><span class=\"text_node\" data-v-816e464e=\"\" data-v-4d192987=\"\">Anforderungen <\/span><span class=\"text_node rw_adf_text_strong\" data-v-816e464e=\"\" data-v-4d192987=\"\">und <\/span><span class=\"text_node\" data-v-816e464e=\"\" data-v-4d192987=\"\">sorgt f\u00fcr ein <\/span><span class=\"text_node rw_adf_text_strong\" data-v-816e464e=\"\" data-v-4d192987=\"\">reibungsloses <\/span><span class=\"text_node\" data-v-816e464e=\"\" data-v-4d192987=\"\">und <\/span><span class=\"text_node rw_adf_text_strong\" data-v-816e464e=\"\" data-v-4d192987=\"\"> effizientes G\u00e4steerlebnis<\/span><span class=\"text_node\" data-v-816e464e=\"\" data-v-4d192987=\"\">.<\/span><\/p>\t\t\t\t\t\t\t\t<\/div>\n\t\t\t\t<\/div>\n\t\t\t\t<\/div>\n\t\t<div class=\"elementor-element elementor-element-e4cb12a e-con-full e-flex e-con e-child\" data-id=\"e4cb12a\" data-element_type=\"container\" data-e-type=\"container\">\n\t\t\t\t<div class=\"elementor-element elementor-element-a4dfcf4 elementor-widget elementor-widget-image\" data-id=\"a4dfcf4\" data-element_type=\"widget\" data-e-type=\"widget\" data-widget_type=\"image.default\">\n\t\t\t\t<div class=\"elementor-widget-container\">\n\t\t\t\t\t\t\t\t\t\t\t\t\t\t\t<img decoding=\"async\" width=\"1024\" height=\"683\" src=\"https:\/\/www.cuesystem.com\/wp-content\/uploads\/2025\/01\/hotel-andaz_10-1024x683.jpeg\" class=\"attachment-large size-large wp-image-28125\" alt=\"\" srcset=\"https:\/\/www.cuesystem.com\/wp-content\/uploads\/2025\/01\/hotel-andaz_10-1024x683.jpeg 1024w, https:\/\/www.cuesystem.com\/wp-content\/uploads\/2025\/01\/hotel-andaz_10-300x200.jpeg 300w, https:\/\/www.cuesystem.com\/wp-content\/uploads\/2025\/01\/hotel-andaz_10.jpeg 1200w\" sizes=\"(max-width: 1024px) 100vw, 1024px\" \/>\t\t\t\t\t\t\t\t\t\t\t\t\t\t\t<\/div>\n\t\t\t\t<\/div>\n\t\t\t\t<\/div>\n\t\t\t\t\t<\/div>\n\t\t\t\t<\/div>\n\t\t\t\t<div class=\"elementor-element elementor-element-43dc749 elementor-align-center elementor-widget elementor-widget-button\" data-id=\"43dc749\" data-element_type=\"widget\" data-e-type=\"widget\" data-widget_type=\"button.default\">\n\t\t\t\t<div class=\"elementor-widget-container\">\n\t\t\t\t\t\t\t\t\t<div class=\"elementor-button-wrapper\">\n\t\t\t\t\t<a class=\"elementor-button elementor-button-link elementor-size-sm\" href=\"https:\/\/www.youtube.com\/watch?v=7k_PvRa9tmA\" target=\"_blank\">\n\t\t\t\t\t\t<span class=\"elementor-button-content-wrapper\">\n\t\t\t\t\t\t\t\t\t<span class=\"elementor-button-text\">Video ansehen<\/span>\n\t\t\t\t\t<\/span>\n\t\t\t\t\t<\/a>\n\t\t\t\t<\/div>\n\t\t\t\t\t\t\t\t<\/div>\n\t\t\t\t<\/div>\n\t\t\t\t<\/div>\n\t\t\t\t<\/div>\n\t\t","protected":false},"excerpt":{"rendered":"<p>Fallstudie Hotel Andaz Prag Die Herausforderung Eine komfortable und intuitive Steuerung der Konferenzr\u00e4ume in den Andaz Studios 1, 2 und 3 des Hotels Andaz Prag zu gew\u00e4hrleisten. \u00dcber Andaz Prag Das Andaz Prag ist ein prestigetr\u00e4chtiges F\u00fcnf-Sterne-Hotel im Herzen der Prager Altstadt. Untergebracht im ikonischen \u201aSugar Palace\u2018 (Curkovarnick\u00fd Pal\u00e1c) vereint dieses luxuri\u00f6se Lifestyle-Hotel moderne Eleganz <a href=\"https:\/\/www.cuesystem.com\/de\/fallstudien-2\/andaz-prag\/\" class=\"more-link\">\u2026\u00a0<span class=\"screen-reader-text\">  Hotel Andaz Prag<\/span><\/a><\/p>\n","protected":false},"author":3,"featured_media":0,"parent":30185,"menu_order":270,"comment_status":"closed","ping_status":"closed","template":"","meta":{"_acf_changed":false,"inline_featured_image":false,"footnotes":""},"kategorie":[],"class_list":["post-30163","page","type-page","status-publish","hentry"],"acf":[],"_links":{"self":[{"href":"https:\/\/www.cuesystem.com\/de\/wp-json\/wp\/v2\/pages\/30163","targetHints":{"allow":["GET"]}}],"collection":[{"href":"https:\/\/www.cuesystem.com\/de\/wp-json\/wp\/v2\/pages"}],"about":[{"href":"https:\/\/www.cuesystem.com\/de\/wp-json\/wp\/v2\/types\/page"}],"author":[{"embeddable":true,"href":"https:\/\/www.cuesystem.com\/de\/wp-json\/wp\/v2\/users\/3"}],"replies":[{"embeddable":true,"href":"https:\/\/www.cuesystem.com\/de\/wp-json\/wp\/v2\/comments?post=30163"}],"version-history":[{"count":5,"href":"https:\/\/www.cuesystem.com\/de\/wp-json\/wp\/v2\/pages\/30163\/revisions"}],"predecessor-version":[{"id":36990,"href":"https:\/\/www.cuesystem.com\/de\/wp-json\/wp\/v2\/pages\/30163\/revisions\/36990"}],"up":[{"embeddable":true,"href":"https:\/\/www.cuesystem.com\/de\/wp-json\/wp\/v2\/pages\/30185"}],"wp:attachment":[{"href":"https:\/\/www.cuesystem.com\/de\/wp-json\/wp\/v2\/media?parent=30163"}],"wp:term":[{"taxonomy":"kategorie","embeddable":true,"href":"https:\/\/www.cuesystem.com\/de\/wp-json\/wp\/v2\/kategorie?post=30163"}],"curies":[{"name":"wp","href":"https:\/\/api.w.org\/{rel}","templated":true}]}}